{"id":247,"date":"2022-03-07T14:42:32","date_gmt":"2022-03-07T13:42:32","guid":{"rendered":"http:\/\/www.sestogrado.it\/?post_type=product&#038;p=247"},"modified":"2026-04-06T01:40:53","modified_gmt":"2026-04-05T23:40:53","slug":"camp-orbit-express-rinvio-rinvii-arrampicata","status":"publish","type":"product","link":"https:\/\/www.sestogrado.it\/it\/prodotto\/camp-orbit-express-rinvio-rinvii-arrampicata\/","title":{"rendered":"Camp Orbit Express rinvio rinvii arrampicata"},"content":{"rendered":"<p>Il Camp Orbit Express \u00e8 un assoluto best seller. Due moschettoni compatti e leggeri Orbit, collegati tra loro da una fettuccia in poliestere da 16mm di spessore, costituiscono un rinvio solido ed affidabile, idoneo a qualsiasi impiego.<\/p>\n<p>I moschettoni Orbit che compongono l&#8217;Orbit Express sono massicci e ben raggiati per non usurare la corda, e farla scorrere facilmente, sono fatti per durare e garantiscono un&#8217;ottima maneggevolezza durante la rinviata. Il naso del moschettone \u00e8 stato assottigliato, per consentire un pi\u00f9 facile inserimento in qualsiasi tipo di occhiello o protezione.<\/p>\n<p>Il rinvio \u00e8 disponibile in due lunghezze: 11cm (peso 97g) e 18cm (peso 102g), ideale se si vuole aggiungere al proprio corredo qualche rinvio di diverse lunghezze.<\/p>\n<p>Aggiornato nel 2020 con nuove colorazioni, il Camp Orbit Express ha fatto della solidit\u00e0 il suo marchio di fabbrica: per tenere fermo il moschettone lato corda \u00e8 la fettuccia stessa, pi\u00f9 stretta, ad impedirne la rotazione. Il vantaggio \u00e8 che non c\u2019\u00e8 un ferma fettuccia che si pu\u00f2 rompere, in questo modo il rinvio \u00e8 particolarmente durevole.<\/p>\n<p>La moschettonata \u00e8 stata resa ancora pi\u00f9 semplice, aumentando l&#8217;apertura della leva lato corda che \u00e8 di 25mm.<\/p>\n<ul>\n<li>Ampia apertura leva ampia per un facile moschettonaggio (25mm)<\/li>\n<li>Moschettoni Orbit con leva diritta per gli ancoraggi e leva curva per la corda con design rinnovato per favorire inserimento negli spit<\/li>\n<li>Robusta fettuccia in poliestere larga 16mm<\/li>\n<\/ul>\n<p>&nbsp;<\/p>\n<p>I rinvii Orbit Express sono un cavallo di battaglia per le arrampicate di ogni giorno, con grande durabilit\u00e0 e facilit\u00e0 di moschettonaggio, sono un\u00a0preparato\u00a0solido ed affidabile che ha alle spalle anni di progettazione ed utilizzo, ideale per lavorare le vie.<\/p>\n<p>&nbsp;<\/p>\n<p>Passione, lavoro e semplicit\u00e0 sono alcune delle parole chiave che da sempre hanno contraddistinto il modo di essere di C.A.M.P.<br \/>\nLa passione \u00e8 quella per la montagna e per i prodotti che aiutano a realizzare i sogni ed i progetti di tutti coloro che la frequentano; il lavoro \u00e8 quello tramandato da oltre 115 anni in quattro distinte generazioni succedutesi alla guida dell\u2019azienda e la semplicit\u00e0 \u00e8 quella che contraddistingue un modo di essere e relazionarsi basato sulla seriet\u00e0 e lealt\u00e0.<\/p>\n","protected":false},"excerpt":{"rendered":"<p>Il Camp Orbit Express \u00e8 un assoluto best seller. Due moschettoni compatti e leggeri Orbit, collegati tra loro da una [&hellip;]<\/p>\n","protected":false},"featured_media":30755,"comment_status":"open","ping_status":"closed","template":"","meta":{"_acf_changed":false},"product_brand":[31],"product_cat":[17,133],"product_tag":[405,440],"class_list":{"0":"post-247","1":"product","2":"type-product","3":"status-publish","4":"has-post-thumbnail","6":"product_brand-camp","7":"product_cat-ferramenta","8":"product_cat-rinvii","9":"product_tag-rinvii-arrampicata","10":"product_tag-rinvii-camp","12":"first","13":"instock","14":"sale","15":"taxable","16":"shipping-taxable","17":"purchasable","18":"product-type-variable"},"acf":[],"yoast_head":"<!-- This site is optimized with the Yoast SEO plugin v26.4 - https:\/\/yoast.com\/wordpress\/plugins\/seo\/ -->\n<title>Camp Orbit Express rinvio rinvii arrampicata - Sestogrado<\/title>\n<meta name=\"description\" content=\"Il Camp Orbit Express \u00e8 il rinvio best seller mondiale di Camp. Rinvio solido e robusto \u00e8 disponibile in due diverse lunghezze, 11 e 18 centimetri. I moschettoni Orbit che compongono il rinvio sono massicci, ben raggiati per non usurare la corda, fatti per durare e garantiscono un&#039;ottima maneggevolezza.\" \/>\n<meta name=\"robots\" content=\"index, follow, max-snippet:-1, max-image-preview:large, max-video-preview:-1\" \/>\n<link rel=\"canonical\" href=\"https:\/\/www.sestogrado.it\/it\/prodotto\/camp-orbit-express-rinvio-rinvii-arrampicata\/\" \/>\n<meta property=\"og:locale\" content=\"it_IT\" \/>\n<meta property=\"og:type\" content=\"article\" \/>\n<meta property=\"og:title\" content=\"Camp Orbit Express rinvio rinvii arrampicata - Sestogrado\" \/>\n<meta property=\"og:description\" content=\"Il Camp Orbit Express \u00e8 il rinvio best seller mondiale di Camp. Rinvio solido e robusto \u00e8 disponibile in due diverse lunghezze, 11 e 18 centimetri. I moschettoni Orbit che compongono il rinvio sono massicci, ben raggiati per non usurare la corda, fatti per durare e garantiscono un&#039;ottima maneggevolezza.\" \/>\n<meta property=\"og:url\" content=\"https:\/\/www.sestogrado.it\/it\/prodotto\/camp-orbit-express-rinvio-rinvii-arrampicata\/\" \/>\n<meta property=\"og:site_name\" content=\"Sestogrado\" \/>\n<meta property=\"article:publisher\" content=\"https:\/\/www.facebook.com\/pages\/Sestogrado\/1542635979353017?ref=bookmarks\" \/>\n<meta property=\"article:modified_time\" content=\"2026-04-05T23:40:53+00:00\" \/>\n<meta property=\"og:image\" content=\"https:\/\/www.sestogrado.it\/wp-content\/uploads\/2015\/03\/01-9.jpg\" \/>\n\t<meta property=\"og:image:width\" content=\"1200\" \/>\n\t<meta property=\"og:image:height\" content=\"1200\" \/>\n\t<meta property=\"og:image:type\" content=\"image\/jpeg\" \/>\n<meta name=\"twitter:label1\" content=\"Disponibilit\u00e0\" \/>\n\t<meta name=\"twitter:data1\" content=\"In stock\" \/>\n<script type=\"application\/ld+json\" class=\"yoast-schema-graph\">{\"@context\":\"https:\/\/schema.org\",\"@graph\":[{\"@type\":\"WebPage\",\"@id\":\"https:\/\/www.sestogrado.it\/it\/prodotto\/camp-orbit-express-rinvio-rinvii-arrampicata\/\",\"url\":\"https:\/\/www.sestogrado.it\/it\/prodotto\/camp-orbit-express-rinvio-rinvii-arrampicata\/\",\"name\":\"Camp Orbit Express rinvio rinvii arrampicata - Sestogrado\",\"isPartOf\":{\"@id\":\"https:\/\/www.sestogrado.it\/it\/#website\"},\"primaryImageOfPage\":{\"@id\":\"https:\/\/www.sestogrado.it\/it\/prodotto\/camp-orbit-express-rinvio-rinvii-arrampicata\/#primaryimage\"},\"image\":{\"@id\":\"https:\/\/www.sestogrado.it\/prodotto\/camp-orbit-express-rinvio-rinvii-arrampicata\/#primaryimage\"},\"thumbnailUrl\":\"https:\/\/www.sestogrado.it\/wp-content\/uploads\/2015\/03\/01-9.jpg\",\"datePublished\":\"2022-03-07T13:42:32+00:00\",\"dateModified\":\"2026-04-05T23:40:53+00:00\",\"description\":\"Il Camp Orbit Express \u00e8 il rinvio best seller mondiale di Camp. Rinvio solido e robusto \u00e8 disponibile in due diverse lunghezze, 11 e 18 centimetri. I moschettoni Orbit che compongono il rinvio sono massicci, ben raggiati per non usurare la corda, fatti per durare e garantiscono un'ottima maneggevolezza.\",\"breadcrumb\":{\"@id\":\"https:\/\/www.sestogrado.it\/it\/prodotto\/camp-orbit-express-rinvio-rinvii-arrampicata\/#breadcrumb\"},\"inLanguage\":\"it-IT\",\"potentialAction\":[{\"@type\":\"ReadAction\",\"target\":[[\"https:\/\/www.sestogrado.it\/it\/prodotto\/camp-orbit-express-rinvio-rinvii-arrampicata\/\"]]}]},{\"@type\":\"ImageObject\",\"inLanguage\":\"it-IT\",\"@id\":\"https:\/\/www.sestogrado.it\/it\/prodotto\/camp-orbit-express-rinvio-rinvii-arrampicata\/#primaryimage\",\"url\":\"https:\/\/www.sestogrado.it\/wp-content\/uploads\/2015\/03\/01-9.jpg\",\"contentUrl\":\"https:\/\/www.sestogrado.it\/wp-content\/uploads\/2015\/03\/01-9.jpg\",\"width\":1200,\"height\":1200,\"caption\":\"camp orbit express ciano\"},{\"@type\":\"BreadcrumbList\",\"@id\":\"https:\/\/www.sestogrado.it\/it\/prodotto\/camp-orbit-express-rinvio-rinvii-arrampicata\/#breadcrumb\",\"itemListElement\":[{\"@type\":\"ListItem\",\"position\":1,\"name\":\"Home\",\"item\":\"https:\/\/www.sestogrado.it\/it\/\"},{\"@type\":\"ListItem\",\"position\":2,\"name\":\"Shop\",\"item\":\"https:\/\/www.sestogrado.it\/it\/shop\/\"},{\"@type\":\"ListItem\",\"position\":3,\"name\":\"Camp Orbit Express rinvio rinvii arrampicata\"}]},{\"@type\":\"WebSite\",\"@id\":\"https:\/\/www.sestogrado.it\/it\/#website\",\"url\":\"https:\/\/www.sestogrado.it\/it\/\",\"name\":\"Sestogrado\",\"description\":\"yes we climb\",\"publisher\":{\"@id\":\"https:\/\/www.sestogrado.it\/it\/#organization\"},\"potentialAction\":[{\"@type\":\"SearchAction\",\"target\":{\"@type\":\"EntryPoint\",\"urlTemplate\":\"https:\/\/www.sestogrado.it\/it\/?s={search_term_string}\"},\"query-input\":{\"@type\":\"PropertyValueSpecification\",\"valueRequired\":true,\"valueName\":\"search_term_string\"}}],\"inLanguage\":\"it-IT\"},{\"@type\":\"Organization\",\"@id\":\"https:\/\/www.sestogrado.it\/it\/#organization\",\"name\":\"Sestogrado\",\"url\":\"https:\/\/www.sestogrado.it\/it\/\",\"logo\":{\"@type\":\"ImageObject\",\"inLanguage\":\"it-IT\",\"@id\":\"https:\/\/www.sestogrado.it\/it\/#\/schema\/logo\/image\/\",\"url\":\"https:\/\/www.sestogrado.it\/wp-content\/uploads\/2015\/03\/sestogrado-favicon.png\",\"contentUrl\":\"https:\/\/www.sestogrado.it\/wp-content\/uploads\/2015\/03\/sestogrado-favicon.png\",\"width\":260,\"height\":260,\"caption\":\"Sestogrado\"},\"image\":{\"@id\":\"https:\/\/www.sestogrado.it\/it\/#\/schema\/logo\/image\/\"},\"sameAs\":[\"https:\/\/www.facebook.com\/pages\/Sestogrado\/1542635979353017?ref=bookmarks\",\"https:\/\/www.youtube.com\/channel\/UC847kAfTkaJsWpc1jtQwr3Q\"],\"hasMerchantReturnPolicy\":{\"@type\":\"MerchantReturnPolicy\",\"merchantReturnLink\":\"https:\/\/www.sestogrado.it\/it\/termini-e-condizioni\/\"}}]}<\/script>\n<meta property=\"product:brand\" content=\"Camp\" \/>\n<meta property=\"og:availability\" content=\"instock\" \/>\n<meta property=\"product:availability\" content=\"instock\" \/>\n<meta property=\"product:retailer_item_id\" content=\"125403\" \/>\n<meta property=\"product:condition\" content=\"new\" \/>\n<!-- \/ Yoast SEO plugin. -->","yoast_head_json":{"title":"Camp Orbit Express rinvio rinvii arrampicata - Sestogrado","description":"Il Camp Orbit Express \u00e8 il rinvio best seller mondiale di Camp. Rinvio solido e robusto \u00e8 disponibile in due diverse lunghezze, 11 e 18 centimetri. I moschettoni Orbit che compongono il rinvio sono massicci, ben raggiati per non usurare la corda, fatti per durare e garantiscono un'ottima maneggevolezza.","robots":{"index":"index","follow":"follow","max-snippet":"max-snippet:-1","max-image-preview":"max-image-preview:large","max-video-preview":"max-video-preview:-1"},"canonical":"https:\/\/www.sestogrado.it\/it\/prodotto\/camp-orbit-express-rinvio-rinvii-arrampicata\/","og_locale":"it_IT","og_type":"article","og_title":"Camp Orbit Express rinvio rinvii arrampicata - Sestogrado","og_description":"Il Camp Orbit Express \u00e8 il rinvio best seller mondiale di Camp. Rinvio solido e robusto \u00e8 disponibile in due diverse lunghezze, 11 e 18 centimetri. I moschettoni Orbit che compongono il rinvio sono massicci, ben raggiati per non usurare la corda, fatti per durare e garantiscono un'ottima maneggevolezza.","og_url":"https:\/\/www.sestogrado.it\/it\/prodotto\/camp-orbit-express-rinvio-rinvii-arrampicata\/","og_site_name":"Sestogrado","article_publisher":"https:\/\/www.facebook.com\/pages\/Sestogrado\/1542635979353017?ref=bookmarks","article_modified_time":"2026-04-05T23:40:53+00:00","og_image":[{"width":1200,"height":1200,"url":"https:\/\/www.sestogrado.it\/wp-content\/uploads\/2015\/03\/01-9.jpg","type":"image\/jpeg"}],"twitter_misc":{"Disponibilit\u00e0":"In stock"},"schema":{"@context":"https:\/\/schema.org","@graph":[{"@type":"WebPage","@id":"https:\/\/www.sestogrado.it\/it\/prodotto\/camp-orbit-express-rinvio-rinvii-arrampicata\/","url":"https:\/\/www.sestogrado.it\/it\/prodotto\/camp-orbit-express-rinvio-rinvii-arrampicata\/","name":"Camp Orbit Express rinvio rinvii arrampicata - Sestogrado","isPartOf":{"@id":"https:\/\/www.sestogrado.it\/it\/#website"},"primaryImageOfPage":{"@id":"https:\/\/www.sestogrado.it\/it\/prodotto\/camp-orbit-express-rinvio-rinvii-arrampicata\/#primaryimage"},"image":{"@id":"https:\/\/www.sestogrado.it\/prodotto\/camp-orbit-express-rinvio-rinvii-arrampicata\/#primaryimage"},"thumbnailUrl":"https:\/\/www.sestogrado.it\/wp-content\/uploads\/2015\/03\/01-9.jpg","datePublished":"2022-03-07T13:42:32+00:00","dateModified":"2026-04-05T23:40:53+00:00","description":"Il Camp Orbit Express \u00e8 il rinvio best seller mondiale di Camp. Rinvio solido e robusto \u00e8 disponibile in due diverse lunghezze, 11 e 18 centimetri. I moschettoni Orbit che compongono il rinvio sono massicci, ben raggiati per non usurare la corda, fatti per durare e garantiscono un'ottima maneggevolezza.","breadcrumb":{"@id":"https:\/\/www.sestogrado.it\/it\/prodotto\/camp-orbit-express-rinvio-rinvii-arrampicata\/#breadcrumb"},"inLanguage":"it-IT","potentialAction":[{"@type":"ReadAction","target":[["https:\/\/www.sestogrado.it\/it\/prodotto\/camp-orbit-express-rinvio-rinvii-arrampicata\/"]]}]},{"@type":"ImageObject","inLanguage":"it-IT","@id":"https:\/\/www.sestogrado.it\/it\/prodotto\/camp-orbit-express-rinvio-rinvii-arrampicata\/#primaryimage","url":"https:\/\/www.sestogrado.it\/wp-content\/uploads\/2015\/03\/01-9.jpg","contentUrl":"https:\/\/www.sestogrado.it\/wp-content\/uploads\/2015\/03\/01-9.jpg","width":1200,"height":1200,"caption":"camp orbit express ciano"},{"@type":"BreadcrumbList","@id":"https:\/\/www.sestogrado.it\/it\/prodotto\/camp-orbit-express-rinvio-rinvii-arrampicata\/#breadcrumb","itemListElement":[{"@type":"ListItem","position":1,"name":"Home","item":"https:\/\/www.sestogrado.it\/it\/"},{"@type":"ListItem","position":2,"name":"Shop","item":"https:\/\/www.sestogrado.it\/it\/shop\/"},{"@type":"ListItem","position":3,"name":"Camp Orbit Express rinvio rinvii arrampicata"}]},{"@type":"WebSite","@id":"https:\/\/www.sestogrado.it\/it\/#website","url":"https:\/\/www.sestogrado.it\/it\/","name":"Sestogrado","description":"yes we climb","publisher":{"@id":"https:\/\/www.sestogrado.it\/it\/#organization"},"potentialAction":[{"@type":"SearchAction","target":{"@type":"EntryPoint","urlTemplate":"https:\/\/www.sestogrado.it\/it\/?s={search_term_string}"},"query-input":{"@type":"PropertyValueSpecification","valueRequired":true,"valueName":"search_term_string"}}],"inLanguage":"it-IT"},{"@type":"Organization","@id":"https:\/\/www.sestogrado.it\/it\/#organization","name":"Sestogrado","url":"https:\/\/www.sestogrado.it\/it\/","logo":{"@type":"ImageObject","inLanguage":"it-IT","@id":"https:\/\/www.sestogrado.it\/it\/#\/schema\/logo\/image\/","url":"https:\/\/www.sestogrado.it\/wp-content\/uploads\/2015\/03\/sestogrado-favicon.png","contentUrl":"https:\/\/www.sestogrado.it\/wp-content\/uploads\/2015\/03\/sestogrado-favicon.png","width":260,"height":260,"caption":"Sestogrado"},"image":{"@id":"https:\/\/www.sestogrado.it\/it\/#\/schema\/logo\/image\/"},"sameAs":["https:\/\/www.facebook.com\/pages\/Sestogrado\/1542635979353017?ref=bookmarks","https:\/\/www.youtube.com\/channel\/UC847kAfTkaJsWpc1jtQwr3Q"],"hasMerchantReturnPolicy":{"@type":"MerchantReturnPolicy","merchantReturnLink":"https:\/\/www.sestogrado.it\/it\/termini-e-condizioni\/"}}]},"product_brand":"Camp","og_availability":"instock","product_availability":"instock","product_retailer_item_id":"125403","product_condition":"new"},"_links":{"self":[{"href":"https:\/\/www.sestogrado.it\/it\/wp-json\/wp\/v2\/product\/247","targetHints":{"allow":["GET"]}}],"collection":[{"href":"https:\/\/www.sestogrado.it\/it\/wp-json\/wp\/v2\/product"}],"about":[{"href":"https:\/\/www.sestogrado.it\/it\/wp-json\/wp\/v2\/types\/product"}],"replies":[{"embeddable":true,"href":"https:\/\/www.sestogrado.it\/it\/wp-json\/wp\/v2\/comments?post=247"}],"wp:featuredmedia":[{"embeddable":true,"href":"https:\/\/www.sestogrado.it\/it\/wp-json\/wp\/v2\/media\/30755"}],"wp:attachment":[{"href":"https:\/\/www.sestogrado.it\/it\/wp-json\/wp\/v2\/media?parent=247"}],"wp:term":[{"taxonomy":"product_brand","embeddable":true,"href":"https:\/\/www.sestogrado.it\/it\/wp-json\/wp\/v2\/product_brand?post=247"},{"taxonomy":"product_cat","embeddable":true,"href":"https:\/\/www.sestogrado.it\/it\/wp-json\/wp\/v2\/product_cat?post=247"},{"taxonomy":"product_tag","embeddable":true,"href":"https:\/\/www.sestogrado.it\/it\/wp-json\/wp\/v2\/product_tag?post=247"}],"curies":[{"name":"wp","href":"https:\/\/api.w.org\/{rel}","templated":true}]}}