{"id":24019,"date":"2025-11-15T08:00:48","date_gmt":"2025-11-15T07:00:48","guid":{"rendered":"https:\/\/www.sestogrado.it\/?post_type=product&#038;p=24019"},"modified":"2025-11-18T08:42:49","modified_gmt":"2025-11-18T07:42:49","slug":"black-diamond-hydra-piccozza-da-ghiaccio","status":"publish","type":"product","link":"https:\/\/www.sestogrado.it\/it\/prodotto\/black-diamond-hydra-piccozza-da-ghiaccio\/","title":{"rendered":"Black Diamond Hydra Ice Tool piccozza da ghiaccio"},"content":{"rendered":"<p>La Black Diamond Hydra \u00e8 una rivoluzione in termini di versatilit\u00e0, \u00e8 un vero e proprio sistema modulare che pu\u00f2 essere configurato per adattarsi a qualsiasi missione, dal ghiaccio puro all&#8217;alpinismo tecnico, all&#8217;arrampicata mista.<\/p>\n<p>Dalle acque ghiacciate delle Alpi, alle nuove linee nella Catena dell&#8217;Alaska o all&#8217;arrampicata tecnica mista, la Hydra accetta una gamma completa di accessori I.C.E., tra cui piccozze, martelli, paletta, pesi per la testa, punte e distanziali per l&#8217;impugnatura, consentendo di personalizzare lo strumento per adattarsi a qualsiasi missione. Il manico in idrofoam dello strumento \u00e8 progettato ergonomicamente per l&#8217;arrampicata tecnica ripida, dal ghiaccio a strapiombo delle cascate all&#8217;aggancio su terreni misti. Inoltre, l&#8217;impugnatura pu\u00f2 essere regolata con precisione per adattarsi alla mano e offre opzioni per una punta o un pomolo pi\u00f9 bassi. Include un set di pesi per la testa leggeri e pesanti, chiavi da 4 mm e 5 mm e distanziali per l&#8217;impugnatura.<\/p>\n<ul>\n<li>Una piccozza da ghiaccio modulare personalizzabile per obiettivi specifici<\/li>\n<li>La geometria del manico \u00e8 ottimizzata per l&#8217;arrampicata su ghiaccio e roccia ripidi<\/li>\n<li>Tutte le piccozze I.C.E. sono state sottoposte a un esclusivo trattamento termico brevettato per massimizzarne la durata<\/li>\n<li>Progettata per agganciare facilmente le piccozze da ghiaccio<\/li>\n<li>Geometria dell&#8217;impugnatura ottimizzata per la massima stabilit\u00e0 in prima e seconda posizione su terreni ripidi<\/li>\n<li>Manico idroformato ultra rigido con impugnatura regolabile sovrastampata<\/li>\n<li>Include la piccozza I.C.E. e una gamma completa di accessori per la testa adatti alla tua missione<\/li>\n<li>I pesi modulari della testa consentono di regolare la penetrazione dell&#8217;attrezzo senza alterare il baricentro<\/li>\n<li>Compatibile con le piccozze del sistema I.C.E. (alpino, misto, ghiaccio o asciutto)<\/li>\n<li>Peso: 610g<\/li>\n<\/ul>\n<p>&nbsp;<\/p>\n<p>Black Diamond dal 1957 rappresenta un punto di riferimento mondiale per l\u2019attrezzatura da arrampicata. Ci\u00f2 che all\u2019inizio era una attivit\u00e0 artigianale con incudine e martello oggi si \u00e8 trasformata in una societ\u00e0 globale con uffici in tre continenti. Il segreto di Black Diamond \u00e8 sempre lo stesso: essere una societ\u00e0 formata da appassionati climber. In Black Diamond si continua a sognare su ci\u00f2 che potrebbe essere e si continua ad essere critici su ci\u00f2 che esiste. E\u2019 cos\u00ec che il processo creativo per la realizzazione della migliore attrezzatura da arrampicata non avr\u00e0 mai fine.<\/p>","protected":false},"excerpt":{"rendered":"<p>La Black Diamond Hydra \u00e8 una rivoluzione in termini di versatilit\u00e0, \u00e8 un vero e proprio sistema modulare che pu\u00f2 [&hellip;]<\/p>\n","protected":false},"featured_media":203447,"comment_status":"open","ping_status":"closed","template":"","meta":{"_acf_changed":false},"product_brand":[121],"product_cat":[152],"product_tag":[414],"class_list":{"0":"post-24019","1":"product","2":"type-product","3":"status-publish","4":"has-post-thumbnail","6":"product_brand-black-diamond","7":"product_cat-piccozze","8":"product_tag-piccozza-da-ghiaccio","10":"first","11":"instock","12":"sale","13":"taxable","14":"shipping-taxable","15":"purchasable","16":"product-type-simple"},"acf":[],"yoast_head":"<!-- This site is optimized with the Yoast SEO plugin v26.4 - https:\/\/yoast.com\/wordpress\/plugins\/seo\/ -->\n<title>Black Diamond Hydra Ice Tool piccozza da ghiaccio - Sestogrado<\/title>\n<meta name=\"description\" content=\"La Black Diamond Hydra \u00e8 una rivoluzione in termini di versatilit\u00e0, \u00e8 un vero e proprio sistema modulare che pu\u00f2 essere configurato per adattarsi a qualsiasi missione, dal ghiaccio puro all&#039;alpinismo tecnico, all&#039;arrampicata mista.Dalle acque ghiacciate delle Alpi, alle nuove linee nella Catena dell&#039;Alaska o all&#039;arrampicata tecnica mista, la Hydra accetta una gamma completa di accessori I.C.E., tra cui piccozze, martelli, paletta, pesi per la testa, punte e distanziali per l&#039;impugnatura, consentendo di personalizzare lo strumento per adattarsi a qualsiasi missione. Il manico in idrofoam dello strumento \u00e8 progettato ergonomicamente per l&#039;arrampicata tecnica ripida, dal ghiaccio a strapiombo delle cascate all&#039;aggancio su terreni misti. Inoltre, l&#039;impugnatura pu\u00f2 essere regolata con precisione per adattarsi alla mano e offre opzioni per una punta o un pomolo pi\u00f9 bassi. Include un set di pesi per la testa leggeri e pesanti, chiavi da 4 mm e 5 mm e distanziali per l&#039;impugnatura.\" \/>\n<meta name=\"robots\" content=\"index, follow, max-snippet:-1, max-image-preview:large, max-video-preview:-1\" \/>\n<link rel=\"canonical\" href=\"https:\/\/www.sestogrado.it\/it\/prodotto\/black-diamond-hydra-piccozza-da-ghiaccio\/\" \/>\n<meta property=\"og:locale\" content=\"it_IT\" \/>\n<meta property=\"og:type\" content=\"article\" \/>\n<meta property=\"og:title\" content=\"Black Diamond Hydra Ice Tool piccozza da ghiaccio - Sestogrado\" \/>\n<meta property=\"og:description\" content=\"La Black Diamond Hydra \u00e8 una rivoluzione in termini di versatilit\u00e0, \u00e8 un vero e proprio sistema modulare che pu\u00f2 essere configurato per adattarsi a qualsiasi missione, dal ghiaccio puro all&#039;alpinismo tecnico, all&#039;arrampicata mista.Dalle acque ghiacciate delle Alpi, alle nuove linee nella Catena dell&#039;Alaska o all&#039;arrampicata tecnica mista, la Hydra accetta una gamma completa di accessori I.C.E., tra cui piccozze, martelli, paletta, pesi per la testa, punte e distanziali per l&#039;impugnatura, consentendo di personalizzare lo strumento per adattarsi a qualsiasi missione. Il manico in idrofoam dello strumento \u00e8 progettato ergonomicamente per l&#039;arrampicata tecnica ripida, dal ghiaccio a strapiombo delle cascate all&#039;aggancio su terreni misti. Inoltre, l&#039;impugnatura pu\u00f2 essere regolata con precisione per adattarsi alla mano e offre opzioni per una punta o un pomolo pi\u00f9 bassi. Include un set di pesi per la testa leggeri e pesanti, chiavi da 4 mm e 5 mm e distanziali per l&#039;impugnatura.\" \/>\n<meta property=\"og:url\" content=\"https:\/\/www.sestogrado.it\/it\/prodotto\/black-diamond-hydra-piccozza-da-ghiaccio\/\" \/>\n<meta property=\"og:site_name\" content=\"Sestogrado\" \/>\n<meta property=\"article:publisher\" content=\"https:\/\/www.facebook.com\/pages\/Sestogrado\/1542635979353017?ref=bookmarks\" \/>\n<meta property=\"article:modified_time\" content=\"2025-11-18T07:42:49+00:00\" \/>\n<meta property=\"og:image\" content=\"https:\/\/www.sestogrado.it\/wp-content\/uploads\/2025\/11\/hydra.jpg\" \/>\n\t<meta property=\"og:image:width\" content=\"2560\" \/>\n\t<meta property=\"og:image:height\" content=\"2560\" \/>\n\t<meta property=\"og:image:type\" content=\"image\/jpeg\" \/>\n<meta name=\"twitter:label1\" content=\"Prezzo\" \/>\n\t<meta name=\"twitter:data1\" content=\"&euro;&nbsp;279,00\" \/>\n\t<meta name=\"twitter:label2\" content=\"Disponibilit\u00e0\" \/>\n\t<meta name=\"twitter:data2\" content=\"In stock\" \/>\n<script type=\"application\/ld+json\" class=\"yoast-schema-graph\">{\"@context\":\"https:\/\/schema.org\",\"@graph\":[{\"@type\":\"WebPage\",\"@id\":\"https:\/\/www.sestogrado.it\/it\/prodotto\/black-diamond-hydra-piccozza-da-ghiaccio\/\",\"url\":\"https:\/\/www.sestogrado.it\/it\/prodotto\/black-diamond-hydra-piccozza-da-ghiaccio\/\",\"name\":\"Black Diamond Hydra Ice Tool piccozza da ghiaccio - Sestogrado\",\"isPartOf\":{\"@id\":\"https:\/\/www.sestogrado.it\/it\/#website\"},\"primaryImageOfPage\":{\"@id\":\"https:\/\/www.sestogrado.it\/it\/prodotto\/black-diamond-hydra-piccozza-da-ghiaccio\/#primaryimage\"},\"image\":{\"@id\":\"https:\/\/www.sestogrado.it\/prodotto\/black-diamond-hydra-piccozza-da-ghiaccio\/#primaryimage\"},\"thumbnailUrl\":\"https:\/\/www.sestogrado.it\/wp-content\/uploads\/2025\/11\/hydra.jpg\",\"datePublished\":\"2025-11-15T07:00:48+00:00\",\"dateModified\":\"2025-11-18T07:42:49+00:00\",\"description\":\"La Black Diamond Hydra \u00e8 una rivoluzione in termini di versatilit\u00e0, \u00e8 un vero e proprio sistema modulare che pu\u00f2 essere configurato per adattarsi a qualsiasi missione, dal ghiaccio puro all'alpinismo tecnico, all'arrampicata mista.Dalle acque ghiacciate delle Alpi, alle nuove linee nella Catena dell'Alaska o all'arrampicata tecnica mista, la Hydra accetta una gamma completa di accessori I.C.E., tra cui piccozze, martelli, paletta, pesi per la testa, punte e distanziali per l'impugnatura, consentendo di personalizzare lo strumento per adattarsi a qualsiasi missione. Il manico in idrofoam dello strumento \u00e8 progettato ergonomicamente per l'arrampicata tecnica ripida, dal ghiaccio a strapiombo delle cascate all'aggancio su terreni misti. Inoltre, l'impugnatura pu\u00f2 essere regolata con precisione per adattarsi alla mano e offre opzioni per una punta o un pomolo pi\u00f9 bassi. Include un set di pesi per la testa leggeri e pesanti, chiavi da 4 mm e 5 mm e distanziali per l'impugnatura.\",\"breadcrumb\":{\"@id\":\"https:\/\/www.sestogrado.it\/it\/prodotto\/black-diamond-hydra-piccozza-da-ghiaccio\/#breadcrumb\"},\"inLanguage\":\"it-IT\",\"potentialAction\":[{\"@type\":\"ReadAction\",\"target\":[[\"https:\/\/www.sestogrado.it\/it\/prodotto\/black-diamond-hydra-piccozza-da-ghiaccio\/\"]]}]},{\"@type\":\"ImageObject\",\"inLanguage\":\"it-IT\",\"@id\":\"https:\/\/www.sestogrado.it\/it\/prodotto\/black-diamond-hydra-piccozza-da-ghiaccio\/#primaryimage\",\"url\":\"https:\/\/www.sestogrado.it\/wp-content\/uploads\/2025\/11\/hydra.jpg\",\"contentUrl\":\"https:\/\/www.sestogrado.it\/wp-content\/uploads\/2025\/11\/hydra.jpg\",\"width\":2560,\"height\":2560,\"caption\":\"hydra\"},{\"@type\":\"BreadcrumbList\",\"@id\":\"https:\/\/www.sestogrado.it\/it\/prodotto\/black-diamond-hydra-piccozza-da-ghiaccio\/#breadcrumb\",\"itemListElement\":[{\"@type\":\"ListItem\",\"position\":1,\"name\":\"Home\",\"item\":\"https:\/\/www.sestogrado.it\/it\/\"},{\"@type\":\"ListItem\",\"position\":2,\"name\":\"Shop\",\"item\":\"https:\/\/www.sestogrado.it\/it\/shop\/\"},{\"@type\":\"ListItem\",\"position\":3,\"name\":\"Black Diamond Hydra Ice Tool piccozza da ghiaccio\"}]},{\"@type\":\"WebSite\",\"@id\":\"https:\/\/www.sestogrado.it\/it\/#website\",\"url\":\"https:\/\/www.sestogrado.it\/it\/\",\"name\":\"Sestogrado\",\"description\":\"yes we climb\",\"publisher\":{\"@id\":\"https:\/\/www.sestogrado.it\/it\/#organization\"},\"potentialAction\":[{\"@type\":\"SearchAction\",\"target\":{\"@type\":\"EntryPoint\",\"urlTemplate\":\"https:\/\/www.sestogrado.it\/it\/?s={search_term_string}\"},\"query-input\":{\"@type\":\"PropertyValueSpecification\",\"valueRequired\":true,\"valueName\":\"search_term_string\"}}],\"inLanguage\":\"it-IT\"},{\"@type\":\"Organization\",\"@id\":\"https:\/\/www.sestogrado.it\/it\/#organization\",\"name\":\"Sestogrado\",\"url\":\"https:\/\/www.sestogrado.it\/it\/\",\"logo\":{\"@type\":\"ImageObject\",\"inLanguage\":\"it-IT\",\"@id\":\"https:\/\/www.sestogrado.it\/it\/#\/schema\/logo\/image\/\",\"url\":\"https:\/\/www.sestogrado.it\/wp-content\/uploads\/2015\/03\/sestogrado-favicon.png\",\"contentUrl\":\"https:\/\/www.sestogrado.it\/wp-content\/uploads\/2015\/03\/sestogrado-favicon.png\",\"width\":260,\"height\":260,\"caption\":\"Sestogrado\"},\"image\":{\"@id\":\"https:\/\/www.sestogrado.it\/it\/#\/schema\/logo\/image\/\"},\"sameAs\":[\"https:\/\/www.facebook.com\/pages\/Sestogrado\/1542635979353017?ref=bookmarks\",\"https:\/\/www.youtube.com\/channel\/UC847kAfTkaJsWpc1jtQwr3Q\"],\"hasMerchantReturnPolicy\":{\"@type\":\"MerchantReturnPolicy\",\"merchantReturnLink\":\"https:\/\/www.sestogrado.it\/it\/termini-e-condizioni\/\"}}]}<\/script>\n<meta property=\"product:brand\" content=\"Black Diamond\" \/>\n<meta property=\"product:price:amount\" content=\"279.00\" \/>\n<meta property=\"product:price:currency\" content=\"EUR\" \/>\n<meta property=\"og:availability\" content=\"instock\" \/>\n<meta property=\"product:availability\" content=\"instock\" \/>\n<meta property=\"product:condition\" content=\"new\" \/>\n<!-- \/ Yoast SEO plugin. -->","yoast_head_json":{"title":"Black Diamond Hydra Ice Tool piccozza da ghiaccio - Sestogrado","description":"La Black Diamond Hydra \u00e8 una rivoluzione in termini di versatilit\u00e0, \u00e8 un vero e proprio sistema modulare che pu\u00f2 essere configurato per adattarsi a qualsiasi missione, dal ghiaccio puro all'alpinismo tecnico, all'arrampicata mista.Dalle acque ghiacciate delle Alpi, alle nuove linee nella Catena dell'Alaska o all'arrampicata tecnica mista, la Hydra accetta una gamma completa di accessori I.C.E., tra cui piccozze, martelli, paletta, pesi per la testa, punte e distanziali per l'impugnatura, consentendo di personalizzare lo strumento per adattarsi a qualsiasi missione. Il manico in idrofoam dello strumento \u00e8 progettato ergonomicamente per l'arrampicata tecnica ripida, dal ghiaccio a strapiombo delle cascate all'aggancio su terreni misti. Inoltre, l'impugnatura pu\u00f2 essere regolata con precisione per adattarsi alla mano e offre opzioni per una punta o un pomolo pi\u00f9 bassi. Include un set di pesi per la testa leggeri e pesanti, chiavi da 4 mm e 5 mm e distanziali per l'impugnatura.","robots":{"index":"index","follow":"follow","max-snippet":"max-snippet:-1","max-image-preview":"max-image-preview:large","max-video-preview":"max-video-preview:-1"},"canonical":"https:\/\/www.sestogrado.it\/it\/prodotto\/black-diamond-hydra-piccozza-da-ghiaccio\/","og_locale":"it_IT","og_type":"article","og_title":"Black Diamond Hydra Ice Tool piccozza da ghiaccio - Sestogrado","og_description":"La Black Diamond Hydra \u00e8 una rivoluzione in termini di versatilit\u00e0, \u00e8 un vero e proprio sistema modulare che pu\u00f2 essere configurato per adattarsi a qualsiasi missione, dal ghiaccio puro all'alpinismo tecnico, all'arrampicata mista.Dalle acque ghiacciate delle Alpi, alle nuove linee nella Catena dell'Alaska o all'arrampicata tecnica mista, la Hydra accetta una gamma completa di accessori I.C.E., tra cui piccozze, martelli, paletta, pesi per la testa, punte e distanziali per l'impugnatura, consentendo di personalizzare lo strumento per adattarsi a qualsiasi missione. Il manico in idrofoam dello strumento \u00e8 progettato ergonomicamente per l'arrampicata tecnica ripida, dal ghiaccio a strapiombo delle cascate all'aggancio su terreni misti. Inoltre, l'impugnatura pu\u00f2 essere regolata con precisione per adattarsi alla mano e offre opzioni per una punta o un pomolo pi\u00f9 bassi. Include un set di pesi per la testa leggeri e pesanti, chiavi da 4 mm e 5 mm e distanziali per l'impugnatura.","og_url":"https:\/\/www.sestogrado.it\/it\/prodotto\/black-diamond-hydra-piccozza-da-ghiaccio\/","og_site_name":"Sestogrado","article_publisher":"https:\/\/www.facebook.com\/pages\/Sestogrado\/1542635979353017?ref=bookmarks","article_modified_time":"2025-11-18T07:42:49+00:00","og_image":[{"width":2560,"height":2560,"url":"https:\/\/www.sestogrado.it\/wp-content\/uploads\/2025\/11\/hydra.jpg","type":"image\/jpeg"}],"twitter_misc":{"Prezzo":"&euro;&nbsp;279,00","Disponibilit\u00e0":"In stock"},"schema":{"@context":"https:\/\/schema.org","@graph":[{"@type":"WebPage","@id":"https:\/\/www.sestogrado.it\/it\/prodotto\/black-diamond-hydra-piccozza-da-ghiaccio\/","url":"https:\/\/www.sestogrado.it\/it\/prodotto\/black-diamond-hydra-piccozza-da-ghiaccio\/","name":"Black Diamond Hydra Ice Tool piccozza da ghiaccio - Sestogrado","isPartOf":{"@id":"https:\/\/www.sestogrado.it\/it\/#website"},"primaryImageOfPage":{"@id":"https:\/\/www.sestogrado.it\/it\/prodotto\/black-diamond-hydra-piccozza-da-ghiaccio\/#primaryimage"},"image":{"@id":"https:\/\/www.sestogrado.it\/prodotto\/black-diamond-hydra-piccozza-da-ghiaccio\/#primaryimage"},"thumbnailUrl":"https:\/\/www.sestogrado.it\/wp-content\/uploads\/2025\/11\/hydra.jpg","datePublished":"2025-11-15T07:00:48+00:00","dateModified":"2025-11-18T07:42:49+00:00","description":"La Black Diamond Hydra \u00e8 una rivoluzione in termini di versatilit\u00e0, \u00e8 un vero e proprio sistema modulare che pu\u00f2 essere configurato per adattarsi a qualsiasi missione, dal ghiaccio puro all'alpinismo tecnico, all'arrampicata mista.Dalle acque ghiacciate delle Alpi, alle nuove linee nella Catena dell'Alaska o all'arrampicata tecnica mista, la Hydra accetta una gamma completa di accessori I.C.E., tra cui piccozze, martelli, paletta, pesi per la testa, punte e distanziali per l'impugnatura, consentendo di personalizzare lo strumento per adattarsi a qualsiasi missione. Il manico in idrofoam dello strumento \u00e8 progettato ergonomicamente per l'arrampicata tecnica ripida, dal ghiaccio a strapiombo delle cascate all'aggancio su terreni misti. Inoltre, l'impugnatura pu\u00f2 essere regolata con precisione per adattarsi alla mano e offre opzioni per una punta o un pomolo pi\u00f9 bassi. Include un set di pesi per la testa leggeri e pesanti, chiavi da 4 mm e 5 mm e distanziali per l'impugnatura.","breadcrumb":{"@id":"https:\/\/www.sestogrado.it\/it\/prodotto\/black-diamond-hydra-piccozza-da-ghiaccio\/#breadcrumb"},"inLanguage":"it-IT","potentialAction":[{"@type":"ReadAction","target":[["https:\/\/www.sestogrado.it\/it\/prodotto\/black-diamond-hydra-piccozza-da-ghiaccio\/"]]}]},{"@type":"ImageObject","inLanguage":"it-IT","@id":"https:\/\/www.sestogrado.it\/it\/prodotto\/black-diamond-hydra-piccozza-da-ghiaccio\/#primaryimage","url":"https:\/\/www.sestogrado.it\/wp-content\/uploads\/2025\/11\/hydra.jpg","contentUrl":"https:\/\/www.sestogrado.it\/wp-content\/uploads\/2025\/11\/hydra.jpg","width":2560,"height":2560,"caption":"hydra"},{"@type":"BreadcrumbList","@id":"https:\/\/www.sestogrado.it\/it\/prodotto\/black-diamond-hydra-piccozza-da-ghiaccio\/#breadcrumb","itemListElement":[{"@type":"ListItem","position":1,"name":"Home","item":"https:\/\/www.sestogrado.it\/it\/"},{"@type":"ListItem","position":2,"name":"Shop","item":"https:\/\/www.sestogrado.it\/it\/shop\/"},{"@type":"ListItem","position":3,"name":"Black Diamond Hydra Ice Tool piccozza da ghiaccio"}]},{"@type":"WebSite","@id":"https:\/\/www.sestogrado.it\/it\/#website","url":"https:\/\/www.sestogrado.it\/it\/","name":"Sestogrado","description":"yes we climb","publisher":{"@id":"https:\/\/www.sestogrado.it\/it\/#organization"},"potentialAction":[{"@type":"SearchAction","target":{"@type":"EntryPoint","urlTemplate":"https:\/\/www.sestogrado.it\/it\/?s={search_term_string}"},"query-input":{"@type":"PropertyValueSpecification","valueRequired":true,"valueName":"search_term_string"}}],"inLanguage":"it-IT"},{"@type":"Organization","@id":"https:\/\/www.sestogrado.it\/it\/#organization","name":"Sestogrado","url":"https:\/\/www.sestogrado.it\/it\/","logo":{"@type":"ImageObject","inLanguage":"it-IT","@id":"https:\/\/www.sestogrado.it\/it\/#\/schema\/logo\/image\/","url":"https:\/\/www.sestogrado.it\/wp-content\/uploads\/2015\/03\/sestogrado-favicon.png","contentUrl":"https:\/\/www.sestogrado.it\/wp-content\/uploads\/2015\/03\/sestogrado-favicon.png","width":260,"height":260,"caption":"Sestogrado"},"image":{"@id":"https:\/\/www.sestogrado.it\/it\/#\/schema\/logo\/image\/"},"sameAs":["https:\/\/www.facebook.com\/pages\/Sestogrado\/1542635979353017?ref=bookmarks","https:\/\/www.youtube.com\/channel\/UC847kAfTkaJsWpc1jtQwr3Q"],"hasMerchantReturnPolicy":{"@type":"MerchantReturnPolicy","merchantReturnLink":"https:\/\/www.sestogrado.it\/it\/termini-e-condizioni\/"}}]},"product_brand":"Black Diamond","product_price_amount":"279.00","product_price_currency":"EUR","og_availability":"instock","product_availability":"instock","product_condition":"new"},"_links":{"self":[{"href":"https:\/\/www.sestogrado.it\/it\/wp-json\/wp\/v2\/product\/24019","targetHints":{"allow":["GET"]}}],"collection":[{"href":"https:\/\/www.sestogrado.it\/it\/wp-json\/wp\/v2\/product"}],"about":[{"href":"https:\/\/www.sestogrado.it\/it\/wp-json\/wp\/v2\/types\/product"}],"replies":[{"embeddable":true,"href":"https:\/\/www.sestogrado.it\/it\/wp-json\/wp\/v2\/comments?post=24019"}],"wp:featuredmedia":[{"embeddable":true,"href":"https:\/\/www.sestogrado.it\/it\/wp-json\/wp\/v2\/media\/203447"}],"wp:attachment":[{"href":"https:\/\/www.sestogrado.it\/it\/wp-json\/wp\/v2\/media?parent=24019"}],"wp:term":[{"taxonomy":"product_brand","embeddable":true,"href":"https:\/\/www.sestogrado.it\/it\/wp-json\/wp\/v2\/product_brand?post=24019"},{"taxonomy":"product_cat","embeddable":true,"href":"https:\/\/www.sestogrado.it\/it\/wp-json\/wp\/v2\/product_cat?post=24019"},{"taxonomy":"product_tag","embeddable":true,"href":"https:\/\/www.sestogrado.it\/it\/wp-json\/wp\/v2\/product_tag?post=24019"}],"curies":[{"name":"wp","href":"https:\/\/api.w.org\/{rel}","templated":true}]}}