{"id":2394,"date":"2015-08-31T16:52:10","date_gmt":"2015-08-31T14:52:10","guid":{"rendered":"http:\/\/www.sestogrado.it\/?post_type=product&#038;p=2394"},"modified":"2018-01-08T16:20:47","modified_gmt":"2018-01-08T15:20:47","slug":"dmm-sentinel-moschettone-hms-arrampicata","status":"publish","type":"product","link":"https:\/\/www.sestogrado.it\/it\/prodotto\/dmm-sentinel-moschettone-hms-arrampicata\/","title":{"rendered":"DMM Sentinel moschettone HMS arrampicata"},"content":{"rendered":"<p>Il DMM Sentinel \u00e8 un moschettone HMS con un design elegante e compatto che lo fa distinguere dalla folla.<\/p>\n<p>Ma c&#8217;\u00e8 qualcosa di pi\u00f9 di un mero aspetto estetico. Non si tratta solo di un moschettone da arrampicata compatto e leggero ma \u00e8 anche un moschettone con caratteristiche progettuali interessanti.<\/p>\n<p>La curvatura sul dorso ha reali vantaggi funzionali, consente\u00a0una maggiore apertura della leva e lo rende pi\u00f9 facile da maneggiare. La forma incoraggia inoltre il moschettone a\u00a0restare allineato sull&#8217;anello di sicurezza dell&#8217;imbrago.<\/p>\n<p>Il DMM Sentinel \u00e8 versatile e pu\u00f2 essere impiegato per molteplici usi, grazie alla sua particolare forma ha un valore di resistenza elevato (10kN) anche per trazioni sull&#8217;asse minore.<\/p>\n<p>Caratteristiche:<\/p>\n<ul>\n<li>leggero moschettone HMS<\/li>\n<li>ampia apertura della leva<\/li>\n<li>la forma favorisce il corretto allineamento sull&#8217;anello dell&#8217;imbrago<\/li>\n<li>forte costruzione I-Beam<\/li>\n<\/ul>\n<p>&nbsp;<\/p>\n<p>La DMM \u00e8 un\u2019azienda gallese nata nel 1981 da un gruppo di appassionati il cui obiettivo era quello di rendere il miglior equipaggiamento possibile al miglior prezzo. L\u2019innovazione \u00e8 la chiave dello sviluppo della DMM che oggi realizza prodotti di eccellenza e che \u00e8 l\u2019unico fornitore di prodotti hardware della Gran Bretagna nonch\u00e9 azienda leader a livello mondiale.<\/p>\n","protected":false},"excerpt":{"rendered":"<p>Peso: 54g<\/p>\n<p>Chiusura a vite<\/p>\n","protected":false},"featured_media":2395,"comment_status":"open","ping_status":"closed","template":"","meta":{"_acf_changed":false},"product_brand":[86],"product_cat":[17,132],"product_tag":[],"class_list":{"0":"post-2394","1":"product","2":"type-product","3":"status-publish","4":"has-post-thumbnail","6":"product_brand-dmm","7":"product_cat-ferramenta","8":"product_cat-moschettoni","10":"first","11":"outofstock","12":"sale","13":"taxable","14":"shipping-taxable","15":"purchasable","16":"product-type-simple"},"acf":[],"yoast_head":"<!-- This site is optimized with the Yoast SEO plugin v26.4 - https:\/\/yoast.com\/wordpress\/plugins\/seo\/ -->\n<title>DMM Sentinel moschettone HMS arrampicata - Sestogrado<\/title>\n<meta name=\"description\" content=\"Moschettone DMM. Il Sentinel \u00e8 un moschettone HMS per arrampicata. La DMM \u00e8 un\u2019azienda gallese nata nel 1981 che realizza prodotti di eccellenza.\" \/>\n<meta name=\"robots\" content=\"index, follow, max-snippet:-1, max-image-preview:large, max-video-preview:-1\" \/>\n<link rel=\"canonical\" href=\"https:\/\/www.sestogrado.it\/it\/prodotto\/dmm-sentinel-moschettone-hms-arrampicata\/\" \/>\n<meta property=\"og:locale\" content=\"it_IT\" \/>\n<meta property=\"og:type\" content=\"article\" \/>\n<meta property=\"og:title\" content=\"DMM Sentinel moschettone HMS arrampicata - Sestogrado\" \/>\n<meta property=\"og:description\" content=\"Moschettone DMM. Il Sentinel \u00e8 un moschettone HMS per arrampicata. La DMM \u00e8 un\u2019azienda gallese nata nel 1981 che realizza prodotti di eccellenza.\" \/>\n<meta property=\"og:url\" content=\"https:\/\/www.sestogrado.it\/it\/prodotto\/dmm-sentinel-moschettone-hms-arrampicata\/\" \/>\n<meta property=\"og:site_name\" content=\"Sestogrado\" \/>\n<meta property=\"article:publisher\" content=\"https:\/\/www.facebook.com\/pages\/Sestogrado\/1542635979353017?ref=bookmarks\" \/>\n<meta property=\"article:modified_time\" content=\"2018-01-08T15:20:47+00:00\" \/>\n<meta property=\"og:image\" content=\"https:\/\/www.sestogrado.it\/wp-content\/uploads\/2015\/08\/dmm-sentinel-hms.jpg\" \/>\n\t<meta property=\"og:image:width\" content=\"720\" \/>\n\t<meta property=\"og:image:height\" content=\"960\" \/>\n\t<meta property=\"og:image:type\" content=\"image\/jpeg\" \/>\n<meta name=\"twitter:label1\" content=\"Prezzo\" \/>\n\t<meta name=\"twitter:data1\" content=\"&euro;&nbsp;13,80\" \/>\n\t<meta name=\"twitter:label2\" content=\"Disponibilit\u00e0\" \/>\n\t<meta name=\"twitter:data2\" content=\"Esaurito\" \/>\n<script type=\"application\/ld+json\" class=\"yoast-schema-graph\">{\"@context\":\"https:\/\/schema.org\",\"@graph\":[{\"@type\":\"WebPage\",\"@id\":\"https:\/\/www.sestogrado.it\/it\/prodotto\/dmm-sentinel-moschettone-hms-arrampicata\/\",\"url\":\"https:\/\/www.sestogrado.it\/it\/prodotto\/dmm-sentinel-moschettone-hms-arrampicata\/\",\"name\":\"DMM Sentinel moschettone HMS arrampicata - Sestogrado\",\"isPartOf\":{\"@id\":\"https:\/\/www.sestogrado.it\/it\/#website\"},\"primaryImageOfPage\":{\"@id\":\"https:\/\/www.sestogrado.it\/it\/prodotto\/dmm-sentinel-moschettone-hms-arrampicata\/#primaryimage\"},\"image\":{\"@id\":\"https:\/\/www.sestogrado.it\/prodotto\/dmm-sentinel-moschettone-hms-arrampicata\/#primaryimage\"},\"thumbnailUrl\":\"https:\/\/www.sestogrado.it\/wp-content\/uploads\/2015\/08\/dmm-sentinel-hms.jpg\",\"datePublished\":\"2015-08-31T14:52:10+00:00\",\"dateModified\":\"2018-01-08T15:20:47+00:00\",\"description\":\"Moschettone DMM. Il Sentinel \u00e8 un moschettone HMS per arrampicata. La DMM \u00e8 un\u2019azienda gallese nata nel 1981 che realizza prodotti di eccellenza.\",\"breadcrumb\":{\"@id\":\"https:\/\/www.sestogrado.it\/it\/prodotto\/dmm-sentinel-moschettone-hms-arrampicata\/#breadcrumb\"},\"inLanguage\":\"it-IT\",\"potentialAction\":[{\"@type\":\"ReadAction\",\"target\":[[\"https:\/\/www.sestogrado.it\/it\/prodotto\/dmm-sentinel-moschettone-hms-arrampicata\/\"]]}]},{\"@type\":\"ImageObject\",\"inLanguage\":\"it-IT\",\"@id\":\"https:\/\/www.sestogrado.it\/it\/prodotto\/dmm-sentinel-moschettone-hms-arrampicata\/#primaryimage\",\"url\":\"https:\/\/www.sestogrado.it\/wp-content\/uploads\/2015\/08\/dmm-sentinel-hms.jpg\",\"contentUrl\":\"https:\/\/www.sestogrado.it\/wp-content\/uploads\/2015\/08\/dmm-sentinel-hms.jpg\",\"width\":720,\"height\":960,\"caption\":\"dmm sentinel hms\"},{\"@type\":\"BreadcrumbList\",\"@id\":\"https:\/\/www.sestogrado.it\/it\/prodotto\/dmm-sentinel-moschettone-hms-arrampicata\/#breadcrumb\",\"itemListElement\":[{\"@type\":\"ListItem\",\"position\":1,\"name\":\"Home\",\"item\":\"https:\/\/www.sestogrado.it\/it\/\"},{\"@type\":\"ListItem\",\"position\":2,\"name\":\"Shop\",\"item\":\"https:\/\/www.sestogrado.it\/it\/shop\/\"},{\"@type\":\"ListItem\",\"position\":3,\"name\":\"DMM Sentinel moschettone HMS arrampicata\"}]},{\"@type\":\"WebSite\",\"@id\":\"https:\/\/www.sestogrado.it\/it\/#website\",\"url\":\"https:\/\/www.sestogrado.it\/it\/\",\"name\":\"Sestogrado\",\"description\":\"yes we climb\",\"publisher\":{\"@id\":\"https:\/\/www.sestogrado.it\/it\/#organization\"},\"potentialAction\":[{\"@type\":\"SearchAction\",\"target\":{\"@type\":\"EntryPoint\",\"urlTemplate\":\"https:\/\/www.sestogrado.it\/it\/?s={search_term_string}\"},\"query-input\":{\"@type\":\"PropertyValueSpecification\",\"valueRequired\":true,\"valueName\":\"search_term_string\"}}],\"inLanguage\":\"it-IT\"},{\"@type\":\"Organization\",\"@id\":\"https:\/\/www.sestogrado.it\/it\/#organization\",\"name\":\"Sestogrado\",\"url\":\"https:\/\/www.sestogrado.it\/it\/\",\"logo\":{\"@type\":\"ImageObject\",\"inLanguage\":\"it-IT\",\"@id\":\"https:\/\/www.sestogrado.it\/it\/#\/schema\/logo\/image\/\",\"url\":\"https:\/\/www.sestogrado.it\/wp-content\/uploads\/2015\/03\/sestogrado-favicon.png\",\"contentUrl\":\"https:\/\/www.sestogrado.it\/wp-content\/uploads\/2015\/03\/sestogrado-favicon.png\",\"width\":260,\"height\":260,\"caption\":\"Sestogrado\"},\"image\":{\"@id\":\"https:\/\/www.sestogrado.it\/it\/#\/schema\/logo\/image\/\"},\"sameAs\":[\"https:\/\/www.facebook.com\/pages\/Sestogrado\/1542635979353017?ref=bookmarks\",\"https:\/\/www.youtube.com\/channel\/UC847kAfTkaJsWpc1jtQwr3Q\"],\"hasMerchantReturnPolicy\":{\"@type\":\"MerchantReturnPolicy\",\"merchantReturnLink\":\"https:\/\/www.sestogrado.it\/it\/termini-e-condizioni\/\"}}]}<\/script>\n<meta property=\"product:brand\" content=\"DMM\" \/>\n<meta property=\"product:price:amount\" content=\"13.80\" \/>\n<meta property=\"product:price:currency\" content=\"EUR\" \/>\n<meta property=\"og:availability\" content=\"out of stock\" \/>\n<meta property=\"product:availability\" content=\"out of stock\" \/>\n<meta property=\"product:condition\" content=\"new\" \/>\n<!-- \/ Yoast SEO plugin. -->","yoast_head_json":{"title":"DMM Sentinel moschettone HMS arrampicata - Sestogrado","description":"Moschettone DMM. Il Sentinel \u00e8 un moschettone HMS per arrampicata. La DMM \u00e8 un\u2019azienda gallese nata nel 1981 che realizza prodotti di eccellenza.","robots":{"index":"index","follow":"follow","max-snippet":"max-snippet:-1","max-image-preview":"max-image-preview:large","max-video-preview":"max-video-preview:-1"},"canonical":"https:\/\/www.sestogrado.it\/it\/prodotto\/dmm-sentinel-moschettone-hms-arrampicata\/","og_locale":"it_IT","og_type":"article","og_title":"DMM Sentinel moschettone HMS arrampicata - Sestogrado","og_description":"Moschettone DMM. Il Sentinel \u00e8 un moschettone HMS per arrampicata. La DMM \u00e8 un\u2019azienda gallese nata nel 1981 che realizza prodotti di eccellenza.","og_url":"https:\/\/www.sestogrado.it\/it\/prodotto\/dmm-sentinel-moschettone-hms-arrampicata\/","og_site_name":"Sestogrado","article_publisher":"https:\/\/www.facebook.com\/pages\/Sestogrado\/1542635979353017?ref=bookmarks","article_modified_time":"2018-01-08T15:20:47+00:00","og_image":[{"width":720,"height":960,"url":"https:\/\/www.sestogrado.it\/wp-content\/uploads\/2015\/08\/dmm-sentinel-hms.jpg","type":"image\/jpeg"}],"twitter_misc":{"Prezzo":"&euro;&nbsp;13,80","Disponibilit\u00e0":"Esaurito"},"schema":{"@context":"https:\/\/schema.org","@graph":[{"@type":"WebPage","@id":"https:\/\/www.sestogrado.it\/it\/prodotto\/dmm-sentinel-moschettone-hms-arrampicata\/","url":"https:\/\/www.sestogrado.it\/it\/prodotto\/dmm-sentinel-moschettone-hms-arrampicata\/","name":"DMM Sentinel moschettone HMS arrampicata - Sestogrado","isPartOf":{"@id":"https:\/\/www.sestogrado.it\/it\/#website"},"primaryImageOfPage":{"@id":"https:\/\/www.sestogrado.it\/it\/prodotto\/dmm-sentinel-moschettone-hms-arrampicata\/#primaryimage"},"image":{"@id":"https:\/\/www.sestogrado.it\/prodotto\/dmm-sentinel-moschettone-hms-arrampicata\/#primaryimage"},"thumbnailUrl":"https:\/\/www.sestogrado.it\/wp-content\/uploads\/2015\/08\/dmm-sentinel-hms.jpg","datePublished":"2015-08-31T14:52:10+00:00","dateModified":"2018-01-08T15:20:47+00:00","description":"Moschettone DMM. Il Sentinel \u00e8 un moschettone HMS per arrampicata. La DMM \u00e8 un\u2019azienda gallese nata nel 1981 che realizza prodotti di eccellenza.","breadcrumb":{"@id":"https:\/\/www.sestogrado.it\/it\/prodotto\/dmm-sentinel-moschettone-hms-arrampicata\/#breadcrumb"},"inLanguage":"it-IT","potentialAction":[{"@type":"ReadAction","target":[["https:\/\/www.sestogrado.it\/it\/prodotto\/dmm-sentinel-moschettone-hms-arrampicata\/"]]}]},{"@type":"ImageObject","inLanguage":"it-IT","@id":"https:\/\/www.sestogrado.it\/it\/prodotto\/dmm-sentinel-moschettone-hms-arrampicata\/#primaryimage","url":"https:\/\/www.sestogrado.it\/wp-content\/uploads\/2015\/08\/dmm-sentinel-hms.jpg","contentUrl":"https:\/\/www.sestogrado.it\/wp-content\/uploads\/2015\/08\/dmm-sentinel-hms.jpg","width":720,"height":960,"caption":"dmm sentinel hms"},{"@type":"BreadcrumbList","@id":"https:\/\/www.sestogrado.it\/it\/prodotto\/dmm-sentinel-moschettone-hms-arrampicata\/#breadcrumb","itemListElement":[{"@type":"ListItem","position":1,"name":"Home","item":"https:\/\/www.sestogrado.it\/it\/"},{"@type":"ListItem","position":2,"name":"Shop","item":"https:\/\/www.sestogrado.it\/it\/shop\/"},{"@type":"ListItem","position":3,"name":"DMM Sentinel moschettone HMS arrampicata"}]},{"@type":"WebSite","@id":"https:\/\/www.sestogrado.it\/it\/#website","url":"https:\/\/www.sestogrado.it\/it\/","name":"Sestogrado","description":"yes we climb","publisher":{"@id":"https:\/\/www.sestogrado.it\/it\/#organization"},"potentialAction":[{"@type":"SearchAction","target":{"@type":"EntryPoint","urlTemplate":"https:\/\/www.sestogrado.it\/it\/?s={search_term_string}"},"query-input":{"@type":"PropertyValueSpecification","valueRequired":true,"valueName":"search_term_string"}}],"inLanguage":"it-IT"},{"@type":"Organization","@id":"https:\/\/www.sestogrado.it\/it\/#organization","name":"Sestogrado","url":"https:\/\/www.sestogrado.it\/it\/","logo":{"@type":"ImageObject","inLanguage":"it-IT","@id":"https:\/\/www.sestogrado.it\/it\/#\/schema\/logo\/image\/","url":"https:\/\/www.sestogrado.it\/wp-content\/uploads\/2015\/03\/sestogrado-favicon.png","contentUrl":"https:\/\/www.sestogrado.it\/wp-content\/uploads\/2015\/03\/sestogrado-favicon.png","width":260,"height":260,"caption":"Sestogrado"},"image":{"@id":"https:\/\/www.sestogrado.it\/it\/#\/schema\/logo\/image\/"},"sameAs":["https:\/\/www.facebook.com\/pages\/Sestogrado\/1542635979353017?ref=bookmarks","https:\/\/www.youtube.com\/channel\/UC847kAfTkaJsWpc1jtQwr3Q"],"hasMerchantReturnPolicy":{"@type":"MerchantReturnPolicy","merchantReturnLink":"https:\/\/www.sestogrado.it\/it\/termini-e-condizioni\/"}}]},"product_brand":"DMM","product_price_amount":"13.80","product_price_currency":"EUR","og_availability":"out of stock","product_availability":"out of stock","product_condition":"new"},"_links":{"self":[{"href":"https:\/\/www.sestogrado.it\/it\/wp-json\/wp\/v2\/product\/2394","targetHints":{"allow":["GET"]}}],"collection":[{"href":"https:\/\/www.sestogrado.it\/it\/wp-json\/wp\/v2\/product"}],"about":[{"href":"https:\/\/www.sestogrado.it\/it\/wp-json\/wp\/v2\/types\/product"}],"replies":[{"embeddable":true,"href":"https:\/\/www.sestogrado.it\/it\/wp-json\/wp\/v2\/comments?post=2394"}],"wp:featuredmedia":[{"embeddable":true,"href":"https:\/\/www.sestogrado.it\/it\/wp-json\/wp\/v2\/media\/2395"}],"wp:attachment":[{"href":"https:\/\/www.sestogrado.it\/it\/wp-json\/wp\/v2\/media?parent=2394"}],"wp:term":[{"taxonomy":"product_brand","embeddable":true,"href":"https:\/\/www.sestogrado.it\/it\/wp-json\/wp\/v2\/product_brand?post=2394"},{"taxonomy":"product_cat","embeddable":true,"href":"https:\/\/www.sestogrado.it\/it\/wp-json\/wp\/v2\/product_cat?post=2394"},{"taxonomy":"product_tag","embeddable":true,"href":"https:\/\/www.sestogrado.it\/it\/wp-json\/wp\/v2\/product_tag?post=2394"}],"curies":[{"name":"wp","href":"https:\/\/api.w.org\/{rel}","templated":true}]}}