{"id":23922,"date":"2019-11-06T14:01:40","date_gmt":"2019-11-06T13:01:40","guid":{"rendered":"https:\/\/www.sestogrado.it\/?post_type=product&#038;p=23922"},"modified":"2025-10-24T18:49:16","modified_gmt":"2025-10-24T16:49:16","slug":"graniteboard-trave-allenamento-in-granito-pietra-naturale","status":"publish","type":"product","link":"https:\/\/www.sestogrado.it\/it\/prodotto\/graniteboard-trave-allenamento-in-granito-pietra-naturale\/","title":{"rendered":"Graniteboard trave allenamento in granito pietra naturale"},"content":{"rendered":"<p>Graniteboard \u00e8 un trave da allenamento realizzato in roccia vera, in granito. E&#8217; un prodotto unico per tipologia e qualit\u00e0 costruttiva, che ti da la possibilit\u00e0 di allenarti sulla roccia vera, quella che toccherai in falesia o in montagna.<\/p>\n<p>Completamente realizzata a mano, la Graniteboard \u00e8 prodotta in\u00a0materiale naturale, niente legno o materiale composito. Questo attribuisce al materiale realismo, resistenza, adesione estrema, reazione ottimale alla magnesite, eco-compatibilita\u0300, design e molteplici possibilit\u00e0 di lavorazione.<\/p>\n<p>Il Graniteboard \u00e8 interamente realizzato in granito, una<b>\u00a0<\/b>pietra naturale dura e senza stratificazioni;<b>\u00a0<\/b>una delle rocce maggiormente apprezzate dagli arrampicatori che, grazie alla sua conformazione, offre grande resistenza, aderenza e compattezza. Il granito \u00e8 resistentissimo, non si consuma come i travi in legno o resina, potenzialmente \u00e8 in grado di durare una eternit\u00e0 senza consumarsi. Fai prima tu a stancarti di arrampicare!<\/p>\n<p>Con Graniteboard \u00e8 come arrampicare su vera roccia: \u00e8 realizzato in materiale naturale e reale per ottenere la stessa percezione tattile dell\u2019arrampicata su roccia naturale, la stessa reazione alla magnesite e la compattezza di una falesia in granito.<\/p>\n<p>Se il Graniteboard \u00e8 nato per dare sensazioni uniche a chi si allena per l&#8217;arrampicata, \u00e8 anche vero che l&#8217;occhio vuole la sua parte, ed il Graniteboard \u00e8 curato nei minimi dettagli per essere un elemento di design che si integra perfettamente con qualsiasi tipo di arredamento.<\/p>\n<ul>\n<li>interamente realizzato in granito, una<b>\u00a0<\/b>pietra naturale dura e senza stratificazioni<\/li>\n<li>come arrampicare su roccia naturale<\/li>\n<li>la forma semplice e lineare si sposa perfettamente con qualsiasi tipo di arredamento<\/li>\n<li>artigianale al 100%<\/li>\n<li>made in Trentino: un processo produttivo realizzato tra le montagne per condividere un\u2019esperienza autentica<\/li>\n<li>pu\u00f2 essere utilizzata intensamente, il granito si mantiene inalterato molto pi\u00f9 del legno e dei materiali compositi<\/li>\n<li>plastic free: il processo produttivo non prevede l\u2019utilizzo di plastiche, gli imballaggi sono eco-compatibili ed eco-sostenibili<\/li>\n<li>montaggio semplice e veloce su qualsiasi superficie<\/li>\n<li>rispetta la direttiva 2001\/95\/CE<\/li>\n<\/ul>\n<p>&nbsp;<\/p>\n<p>Il trave viene fornito con un pack in legno ed imballaggio di carta riciclata e con un set di viti per il montaggio. E&#8217; idoneo all&#8217;allenamento per tutti i livelli, con prese svasate nella parte alta e buchi a profondit\u00e0 progressiva:<\/p>\n<ul>\n<li>Raggiatura superiore 15 mm<\/li>\n<li>Prima cava 26 mm<\/li>\n<li>Seconda cava 21 mm<\/li>\n<li>3 serie di cave\u00a0 15 mm<\/li>\n<\/ul>\n<p>&nbsp;<\/p>\n<p>Il Graniteboard riproduce le vere sensazioni e l&#8217;aderenza della roccia, un prodotto definitivo per chi vuole allenarsi con un prodotto unico e durevole.<\/p>\n<p>&nbsp;<\/p>\n<p><img decoding=\"async\" class=\"size-full wp-image-23936 img-fluid alignnone\" src=\"https:\/\/www.sestogrado.it\/wp-content\/uploads\/2019\/11\/slider_fallback.jpg\" alt=\"graniteboard\" width=\"1920\" height=\"937\" srcset=\"https:\/\/www.sestogrado.it\/wp-content\/uploads\/2019\/11\/slider_fallback.jpg 1920w, https:\/\/www.sestogrado.it\/wp-content\/uploads\/2019\/11\/slider_fallback-750x366.jpg 750w, https:\/\/www.sestogrado.it\/wp-content\/uploads\/2019\/11\/slider_fallback-300x146.jpg 300w, https:\/\/www.sestogrado.it\/wp-content\/uploads\/2019\/11\/slider_fallback-768x375.jpg 768w, https:\/\/www.sestogrado.it\/wp-content\/uploads\/2019\/11\/slider_fallback-1024x500.jpg 1024w, https:\/\/www.sestogrado.it\/wp-content\/uploads\/2019\/11\/slider_fallback-635x310.jpg 635w, https:\/\/www.sestogrado.it\/wp-content\/uploads\/2019\/11\/slider_fallback-64x31.jpg 64w, https:\/\/www.sestogrado.it\/wp-content\/uploads\/2019\/11\/slider_fallback-160x78.jpg 160w\" sizes=\"(max-width: 1920px) 100vw, 1920px\" \/><\/p>\n<p>Mattivi Marmi \u00e8 un&#8217;azienda che da quattro generazioni produce e lavora marmo, oltre 100 anni di esperienza nella lavorazione delle pietre naturali. Il\u00a0Graniteboard nasce dal connubio tra la competenza nel nostro lavoro e la nostra passione per l\u2019arrampicata sportiva.<\/p>","protected":false},"excerpt":{"rendered":"<p>Graniteboard \u00e8 un trave da allenamento realizzato in roccia vera, in granito. E&#8217; un prodotto unico per tipologia e qualit\u00e0 [&hellip;]<\/p>\n","protected":false},"featured_media":23946,"comment_status":"open","ping_status":"closed","template":"","meta":{"_acf_changed":false},"product_brand":[629],"product_cat":[303],"product_tag":[],"class_list":{"0":"post-23922","1":"product","2":"type-product","3":"status-publish","4":"has-post-thumbnail","6":"product_brand-graniteboard","7":"product_cat-allenamento","9":"first","10":"instock","11":"sale","12":"taxable","13":"shipping-taxable","14":"purchasable","15":"product-type-simple"},"acf":[],"yoast_head":"<!-- This site is optimized with the Yoast SEO plugin v26.4 - https:\/\/yoast.com\/wordpress\/plugins\/seo\/ -->\n<title>Graniteboard trave allenamento in granito pietra naturale - Sestogrado<\/title>\n<meta name=\"description\" content=\"Graniteboard \u00e8 un trave da allenamento realizzato in roccia vera, in granito. E&#039; un prodotto unico per tipologia e qualit\u00e0 costruttiva, che ti da la possibilit\u00e0 di allenarti sulla roccia vera, quella che toccherai in falesia o in montagna.Completamente realizzata a mano, la Graniteboard \u00e8 prodotta in\u00a0materiale naturale, niente legno o materiale composito. Questo attribuisce al materiale realismo, resistenza, adesione estrema, reazione ottimale alla magnesite, eco-compatibilita\u0300, design e molteplici possibilit\u00e0 di lavorazione.Il Graniteboard \u00e8 interamente realizzato in granito, una\u00a0pietra naturale dura e senza stratificazioni;\u00a0una delle rocce maggiormente apprezzate dagli arrampicatori che, grazie alla sua conformazione, offre grande resistenza, aderenza e compattezza. Il granito \u00e8 resistentissimo, non si consuma come i travi in legno o resina, potenzialmente \u00e8 in grado di durare una eternit\u00e0 senza consumarsi. Fai prima tu a stancarti di arrampicare! Con Graniteboard \u00e8 come arrampicare su vera roccia: \u00e8 realizzato in materiale naturale e reale per ottenere la stessa percezione tattile dell\u2019arrampicata su roccia naturale, la stessa reazione alla magnesite e la compattezza di una falesia in granito. Trave in roccia.\" \/>\n<meta name=\"robots\" content=\"index, follow, max-snippet:-1, max-image-preview:large, max-video-preview:-1\" \/>\n<link rel=\"canonical\" href=\"https:\/\/www.sestogrado.it\/it\/prodotto\/graniteboard-trave-allenamento-in-granito-pietra-naturale\/\" \/>\n<meta property=\"og:locale\" content=\"it_IT\" \/>\n<meta property=\"og:type\" content=\"article\" \/>\n<meta property=\"og:title\" content=\"Graniteboard trave allenamento in granito pietra naturale - Sestogrado\" \/>\n<meta property=\"og:description\" content=\"Graniteboard \u00e8 un trave da allenamento realizzato in roccia vera, in granito. E&#039; un prodotto unico per tipologia e qualit\u00e0 costruttiva, che ti da la possibilit\u00e0 di allenarti sulla roccia vera, quella che toccherai in falesia o in montagna.Completamente realizzata a mano, la Graniteboard \u00e8 prodotta in\u00a0materiale naturale, niente legno o materiale composito. Questo attribuisce al materiale realismo, resistenza, adesione estrema, reazione ottimale alla magnesite, eco-compatibilita\u0300, design e molteplici possibilit\u00e0 di lavorazione.Il Graniteboard \u00e8 interamente realizzato in granito, una\u00a0pietra naturale dura e senza stratificazioni;\u00a0una delle rocce maggiormente apprezzate dagli arrampicatori che, grazie alla sua conformazione, offre grande resistenza, aderenza e compattezza. Il granito \u00e8 resistentissimo, non si consuma come i travi in legno o resina, potenzialmente \u00e8 in grado di durare una eternit\u00e0 senza consumarsi. Fai prima tu a stancarti di arrampicare! Con Graniteboard \u00e8 come arrampicare su vera roccia: \u00e8 realizzato in materiale naturale e reale per ottenere la stessa percezione tattile dell\u2019arrampicata su roccia naturale, la stessa reazione alla magnesite e la compattezza di una falesia in granito. Trave in roccia.\" \/>\n<meta property=\"og:url\" content=\"https:\/\/www.sestogrado.it\/it\/prodotto\/graniteboard-trave-allenamento-in-granito-pietra-naturale\/\" \/>\n<meta property=\"og:site_name\" content=\"Sestogrado\" \/>\n<meta property=\"article:publisher\" content=\"https:\/\/www.facebook.com\/pages\/Sestogrado\/1542635979353017?ref=bookmarks\" \/>\n<meta property=\"article:modified_time\" content=\"2025-10-24T16:49:16+00:00\" \/>\n<meta property=\"og:image\" content=\"https:\/\/www.sestogrado.it\/wp-content\/uploads\/2019\/11\/01-1.jpg\" \/>\n\t<meta property=\"og:image:width\" content=\"1100\" \/>\n\t<meta property=\"og:image:height\" content=\"1100\" \/>\n\t<meta property=\"og:image:type\" content=\"image\/jpeg\" \/>\n<meta name=\"twitter:label1\" content=\"Prezzo\" \/>\n\t<meta name=\"twitter:data1\" content=\"&euro;&nbsp;269,00\" \/>\n\t<meta name=\"twitter:label2\" content=\"Disponibilit\u00e0\" \/>\n\t<meta name=\"twitter:data2\" content=\"In stock\" \/>\n<script type=\"application\/ld+json\" class=\"yoast-schema-graph\">{\"@context\":\"https:\/\/schema.org\",\"@graph\":[{\"@type\":\"WebPage\",\"@id\":\"https:\/\/www.sestogrado.it\/it\/prodotto\/graniteboard-trave-allenamento-in-granito-pietra-naturale\/\",\"url\":\"https:\/\/www.sestogrado.it\/it\/prodotto\/graniteboard-trave-allenamento-in-granito-pietra-naturale\/\",\"name\":\"Graniteboard trave allenamento in granito pietra naturale - Sestogrado\",\"isPartOf\":{\"@id\":\"https:\/\/www.sestogrado.it\/it\/#website\"},\"primaryImageOfPage\":{\"@id\":\"https:\/\/www.sestogrado.it\/it\/prodotto\/graniteboard-trave-allenamento-in-granito-pietra-naturale\/#primaryimage\"},\"image\":{\"@id\":\"https:\/\/www.sestogrado.it\/prodotto\/graniteboard-trave-allenamento-in-granito-pietra-naturale\/#primaryimage\"},\"thumbnailUrl\":\"https:\/\/www.sestogrado.it\/wp-content\/uploads\/2019\/11\/01-1.jpg\",\"datePublished\":\"2019-11-06T13:01:40+00:00\",\"dateModified\":\"2025-10-24T16:49:16+00:00\",\"description\":\"Graniteboard \u00e8 un trave da allenamento realizzato in roccia vera, in granito. E' un prodotto unico per tipologia e qualit\u00e0 costruttiva, che ti da la possibilit\u00e0 di allenarti sulla roccia vera, quella che toccherai in falesia o in montagna.Completamente realizzata a mano, la Graniteboard \u00e8 prodotta in\u00a0materiale naturale, niente legno o materiale composito. Questo attribuisce al materiale realismo, resistenza, adesione estrema, reazione ottimale alla magnesite, eco-compatibilita\u0300, design e molteplici possibilit\u00e0 di lavorazione.Il Graniteboard \u00e8 interamente realizzato in granito, una\u00a0pietra naturale dura e senza stratificazioni;\u00a0una delle rocce maggiormente apprezzate dagli arrampicatori che, grazie alla sua conformazione, offre grande resistenza, aderenza e compattezza. Il granito \u00e8 resistentissimo, non si consuma come i travi in legno o resina, potenzialmente \u00e8 in grado di durare una eternit\u00e0 senza consumarsi. Fai prima tu a stancarti di arrampicare! Con Graniteboard \u00e8 come arrampicare su vera roccia: \u00e8 realizzato in materiale naturale e reale per ottenere la stessa percezione tattile dell\u2019arrampicata su roccia naturale, la stessa reazione alla magnesite e la compattezza di una falesia in granito. Trave in roccia.\",\"breadcrumb\":{\"@id\":\"https:\/\/www.sestogrado.it\/it\/prodotto\/graniteboard-trave-allenamento-in-granito-pietra-naturale\/#breadcrumb\"},\"inLanguage\":\"it-IT\",\"potentialAction\":[{\"@type\":\"ReadAction\",\"target\":[[\"https:\/\/www.sestogrado.it\/it\/prodotto\/graniteboard-trave-allenamento-in-granito-pietra-naturale\/\"]]}]},{\"@type\":\"ImageObject\",\"inLanguage\":\"it-IT\",\"@id\":\"https:\/\/www.sestogrado.it\/it\/prodotto\/graniteboard-trave-allenamento-in-granito-pietra-naturale\/#primaryimage\",\"url\":\"https:\/\/www.sestogrado.it\/wp-content\/uploads\/2019\/11\/01-1.jpg\",\"contentUrl\":\"https:\/\/www.sestogrado.it\/wp-content\/uploads\/2019\/11\/01-1.jpg\",\"width\":1100,\"height\":1100,\"caption\":\"graniteboard\"},{\"@type\":\"BreadcrumbList\",\"@id\":\"https:\/\/www.sestogrado.it\/it\/prodotto\/graniteboard-trave-allenamento-in-granito-pietra-naturale\/#breadcrumb\",\"itemListElement\":[{\"@type\":\"ListItem\",\"position\":1,\"name\":\"Home\",\"item\":\"https:\/\/www.sestogrado.it\/it\/\"},{\"@type\":\"ListItem\",\"position\":2,\"name\":\"Shop\",\"item\":\"https:\/\/www.sestogrado.it\/it\/shop\/\"},{\"@type\":\"ListItem\",\"position\":3,\"name\":\"Graniteboard trave allenamento in granito pietra naturale\"}]},{\"@type\":\"WebSite\",\"@id\":\"https:\/\/www.sestogrado.it\/it\/#website\",\"url\":\"https:\/\/www.sestogrado.it\/it\/\",\"name\":\"Sestogrado\",\"description\":\"yes we climb\",\"publisher\":{\"@id\":\"https:\/\/www.sestogrado.it\/it\/#organization\"},\"potentialAction\":[{\"@type\":\"SearchAction\",\"target\":{\"@type\":\"EntryPoint\",\"urlTemplate\":\"https:\/\/www.sestogrado.it\/it\/?s={search_term_string}\"},\"query-input\":{\"@type\":\"PropertyValueSpecification\",\"valueRequired\":true,\"valueName\":\"search_term_string\"}}],\"inLanguage\":\"it-IT\"},{\"@type\":\"Organization\",\"@id\":\"https:\/\/www.sestogrado.it\/it\/#organization\",\"name\":\"Sestogrado\",\"url\":\"https:\/\/www.sestogrado.it\/it\/\",\"logo\":{\"@type\":\"ImageObject\",\"inLanguage\":\"it-IT\",\"@id\":\"https:\/\/www.sestogrado.it\/it\/#\/schema\/logo\/image\/\",\"url\":\"https:\/\/www.sestogrado.it\/wp-content\/uploads\/2015\/03\/sestogrado-favicon.png\",\"contentUrl\":\"https:\/\/www.sestogrado.it\/wp-content\/uploads\/2015\/03\/sestogrado-favicon.png\",\"width\":260,\"height\":260,\"caption\":\"Sestogrado\"},\"image\":{\"@id\":\"https:\/\/www.sestogrado.it\/it\/#\/schema\/logo\/image\/\"},\"sameAs\":[\"https:\/\/www.facebook.com\/pages\/Sestogrado\/1542635979353017?ref=bookmarks\",\"https:\/\/www.youtube.com\/channel\/UC847kAfTkaJsWpc1jtQwr3Q\"],\"hasMerchantReturnPolicy\":{\"@type\":\"MerchantReturnPolicy\",\"merchantReturnLink\":\"https:\/\/www.sestogrado.it\/it\/termini-e-condizioni\/\"}}]}<\/script>\n<meta property=\"product:brand\" content=\"Graniteboard\" \/>\n<meta property=\"product:price:amount\" content=\"269.00\" \/>\n<meta property=\"product:price:currency\" content=\"EUR\" \/>\n<meta property=\"og:availability\" content=\"instock\" \/>\n<meta property=\"product:availability\" content=\"instock\" \/>\n<meta property=\"product:condition\" content=\"new\" \/>\n<!-- \/ Yoast SEO plugin. -->","yoast_head_json":{"title":"Graniteboard trave allenamento in granito pietra naturale - Sestogrado","description":"Graniteboard \u00e8 un trave da allenamento realizzato in roccia vera, in granito. E' un prodotto unico per tipologia e qualit\u00e0 costruttiva, che ti da la possibilit\u00e0 di allenarti sulla roccia vera, quella che toccherai in falesia o in montagna.Completamente realizzata a mano, la Graniteboard \u00e8 prodotta in\u00a0materiale naturale, niente legno o materiale composito. Questo attribuisce al materiale realismo, resistenza, adesione estrema, reazione ottimale alla magnesite, eco-compatibilita\u0300, design e molteplici possibilit\u00e0 di lavorazione.Il Graniteboard \u00e8 interamente realizzato in granito, una\u00a0pietra naturale dura e senza stratificazioni;\u00a0una delle rocce maggiormente apprezzate dagli arrampicatori che, grazie alla sua conformazione, offre grande resistenza, aderenza e compattezza. Il granito \u00e8 resistentissimo, non si consuma come i travi in legno o resina, potenzialmente \u00e8 in grado di durare una eternit\u00e0 senza consumarsi. Fai prima tu a stancarti di arrampicare! Con Graniteboard \u00e8 come arrampicare su vera roccia: \u00e8 realizzato in materiale naturale e reale per ottenere la stessa percezione tattile dell\u2019arrampicata su roccia naturale, la stessa reazione alla magnesite e la compattezza di una falesia in granito. Trave in roccia.","robots":{"index":"index","follow":"follow","max-snippet":"max-snippet:-1","max-image-preview":"max-image-preview:large","max-video-preview":"max-video-preview:-1"},"canonical":"https:\/\/www.sestogrado.it\/it\/prodotto\/graniteboard-trave-allenamento-in-granito-pietra-naturale\/","og_locale":"it_IT","og_type":"article","og_title":"Graniteboard trave allenamento in granito pietra naturale - Sestogrado","og_description":"Graniteboard \u00e8 un trave da allenamento realizzato in roccia vera, in granito. E' un prodotto unico per tipologia e qualit\u00e0 costruttiva, che ti da la possibilit\u00e0 di allenarti sulla roccia vera, quella che toccherai in falesia o in montagna.Completamente realizzata a mano, la Graniteboard \u00e8 prodotta in\u00a0materiale naturale, niente legno o materiale composito. Questo attribuisce al materiale realismo, resistenza, adesione estrema, reazione ottimale alla magnesite, eco-compatibilita\u0300, design e molteplici possibilit\u00e0 di lavorazione.Il Graniteboard \u00e8 interamente realizzato in granito, una\u00a0pietra naturale dura e senza stratificazioni;\u00a0una delle rocce maggiormente apprezzate dagli arrampicatori che, grazie alla sua conformazione, offre grande resistenza, aderenza e compattezza. Il granito \u00e8 resistentissimo, non si consuma come i travi in legno o resina, potenzialmente \u00e8 in grado di durare una eternit\u00e0 senza consumarsi. Fai prima tu a stancarti di arrampicare! Con Graniteboard \u00e8 come arrampicare su vera roccia: \u00e8 realizzato in materiale naturale e reale per ottenere la stessa percezione tattile dell\u2019arrampicata su roccia naturale, la stessa reazione alla magnesite e la compattezza di una falesia in granito. Trave in roccia.","og_url":"https:\/\/www.sestogrado.it\/it\/prodotto\/graniteboard-trave-allenamento-in-granito-pietra-naturale\/","og_site_name":"Sestogrado","article_publisher":"https:\/\/www.facebook.com\/pages\/Sestogrado\/1542635979353017?ref=bookmarks","article_modified_time":"2025-10-24T16:49:16+00:00","og_image":[{"width":1100,"height":1100,"url":"https:\/\/www.sestogrado.it\/wp-content\/uploads\/2019\/11\/01-1.jpg","type":"image\/jpeg"}],"twitter_misc":{"Prezzo":"&euro;&nbsp;269,00","Disponibilit\u00e0":"In stock"},"schema":{"@context":"https:\/\/schema.org","@graph":[{"@type":"WebPage","@id":"https:\/\/www.sestogrado.it\/it\/prodotto\/graniteboard-trave-allenamento-in-granito-pietra-naturale\/","url":"https:\/\/www.sestogrado.it\/it\/prodotto\/graniteboard-trave-allenamento-in-granito-pietra-naturale\/","name":"Graniteboard trave allenamento in granito pietra naturale - Sestogrado","isPartOf":{"@id":"https:\/\/www.sestogrado.it\/it\/#website"},"primaryImageOfPage":{"@id":"https:\/\/www.sestogrado.it\/it\/prodotto\/graniteboard-trave-allenamento-in-granito-pietra-naturale\/#primaryimage"},"image":{"@id":"https:\/\/www.sestogrado.it\/prodotto\/graniteboard-trave-allenamento-in-granito-pietra-naturale\/#primaryimage"},"thumbnailUrl":"https:\/\/www.sestogrado.it\/wp-content\/uploads\/2019\/11\/01-1.jpg","datePublished":"2019-11-06T13:01:40+00:00","dateModified":"2025-10-24T16:49:16+00:00","description":"Graniteboard \u00e8 un trave da allenamento realizzato in roccia vera, in granito. E' un prodotto unico per tipologia e qualit\u00e0 costruttiva, che ti da la possibilit\u00e0 di allenarti sulla roccia vera, quella che toccherai in falesia o in montagna.Completamente realizzata a mano, la Graniteboard \u00e8 prodotta in\u00a0materiale naturale, niente legno o materiale composito. Questo attribuisce al materiale realismo, resistenza, adesione estrema, reazione ottimale alla magnesite, eco-compatibilita\u0300, design e molteplici possibilit\u00e0 di lavorazione.Il Graniteboard \u00e8 interamente realizzato in granito, una\u00a0pietra naturale dura e senza stratificazioni;\u00a0una delle rocce maggiormente apprezzate dagli arrampicatori che, grazie alla sua conformazione, offre grande resistenza, aderenza e compattezza. Il granito \u00e8 resistentissimo, non si consuma come i travi in legno o resina, potenzialmente \u00e8 in grado di durare una eternit\u00e0 senza consumarsi. Fai prima tu a stancarti di arrampicare! Con Graniteboard \u00e8 come arrampicare su vera roccia: \u00e8 realizzato in materiale naturale e reale per ottenere la stessa percezione tattile dell\u2019arrampicata su roccia naturale, la stessa reazione alla magnesite e la compattezza di una falesia in granito. Trave in roccia.","breadcrumb":{"@id":"https:\/\/www.sestogrado.it\/it\/prodotto\/graniteboard-trave-allenamento-in-granito-pietra-naturale\/#breadcrumb"},"inLanguage":"it-IT","potentialAction":[{"@type":"ReadAction","target":[["https:\/\/www.sestogrado.it\/it\/prodotto\/graniteboard-trave-allenamento-in-granito-pietra-naturale\/"]]}]},{"@type":"ImageObject","inLanguage":"it-IT","@id":"https:\/\/www.sestogrado.it\/it\/prodotto\/graniteboard-trave-allenamento-in-granito-pietra-naturale\/#primaryimage","url":"https:\/\/www.sestogrado.it\/wp-content\/uploads\/2019\/11\/01-1.jpg","contentUrl":"https:\/\/www.sestogrado.it\/wp-content\/uploads\/2019\/11\/01-1.jpg","width":1100,"height":1100,"caption":"graniteboard"},{"@type":"BreadcrumbList","@id":"https:\/\/www.sestogrado.it\/it\/prodotto\/graniteboard-trave-allenamento-in-granito-pietra-naturale\/#breadcrumb","itemListElement":[{"@type":"ListItem","position":1,"name":"Home","item":"https:\/\/www.sestogrado.it\/it\/"},{"@type":"ListItem","position":2,"name":"Shop","item":"https:\/\/www.sestogrado.it\/it\/shop\/"},{"@type":"ListItem","position":3,"name":"Graniteboard trave allenamento in granito pietra naturale"}]},{"@type":"WebSite","@id":"https:\/\/www.sestogrado.it\/it\/#website","url":"https:\/\/www.sestogrado.it\/it\/","name":"Sestogrado","description":"yes we climb","publisher":{"@id":"https:\/\/www.sestogrado.it\/it\/#organization"},"potentialAction":[{"@type":"SearchAction","target":{"@type":"EntryPoint","urlTemplate":"https:\/\/www.sestogrado.it\/it\/?s={search_term_string}"},"query-input":{"@type":"PropertyValueSpecification","valueRequired":true,"valueName":"search_term_string"}}],"inLanguage":"it-IT"},{"@type":"Organization","@id":"https:\/\/www.sestogrado.it\/it\/#organization","name":"Sestogrado","url":"https:\/\/www.sestogrado.it\/it\/","logo":{"@type":"ImageObject","inLanguage":"it-IT","@id":"https:\/\/www.sestogrado.it\/it\/#\/schema\/logo\/image\/","url":"https:\/\/www.sestogrado.it\/wp-content\/uploads\/2015\/03\/sestogrado-favicon.png","contentUrl":"https:\/\/www.sestogrado.it\/wp-content\/uploads\/2015\/03\/sestogrado-favicon.png","width":260,"height":260,"caption":"Sestogrado"},"image":{"@id":"https:\/\/www.sestogrado.it\/it\/#\/schema\/logo\/image\/"},"sameAs":["https:\/\/www.facebook.com\/pages\/Sestogrado\/1542635979353017?ref=bookmarks","https:\/\/www.youtube.com\/channel\/UC847kAfTkaJsWpc1jtQwr3Q"],"hasMerchantReturnPolicy":{"@type":"MerchantReturnPolicy","merchantReturnLink":"https:\/\/www.sestogrado.it\/it\/termini-e-condizioni\/"}}]},"product_brand":"Graniteboard","product_price_amount":"269.00","product_price_currency":"EUR","og_availability":"instock","product_availability":"instock","product_condition":"new"},"_links":{"self":[{"href":"https:\/\/www.sestogrado.it\/it\/wp-json\/wp\/v2\/product\/23922","targetHints":{"allow":["GET"]}}],"collection":[{"href":"https:\/\/www.sestogrado.it\/it\/wp-json\/wp\/v2\/product"}],"about":[{"href":"https:\/\/www.sestogrado.it\/it\/wp-json\/wp\/v2\/types\/product"}],"replies":[{"embeddable":true,"href":"https:\/\/www.sestogrado.it\/it\/wp-json\/wp\/v2\/comments?post=23922"}],"wp:featuredmedia":[{"embeddable":true,"href":"https:\/\/www.sestogrado.it\/it\/wp-json\/wp\/v2\/media\/23946"}],"wp:attachment":[{"href":"https:\/\/www.sestogrado.it\/it\/wp-json\/wp\/v2\/media?parent=23922"}],"wp:term":[{"taxonomy":"product_brand","embeddable":true,"href":"https:\/\/www.sestogrado.it\/it\/wp-json\/wp\/v2\/product_brand?post=23922"},{"taxonomy":"product_cat","embeddable":true,"href":"https:\/\/www.sestogrado.it\/it\/wp-json\/wp\/v2\/product_cat?post=23922"},{"taxonomy":"product_tag","embeddable":true,"href":"https:\/\/www.sestogrado.it\/it\/wp-json\/wp\/v2\/product_tag?post=23922"}],"curies":[{"name":"wp","href":"https:\/\/api.w.org\/{rel}","templated":true}]}}