{"id":23898,"date":"2019-11-07T11:51:45","date_gmt":"2019-11-07T10:51:45","guid":{"rendered":"https:\/\/www.sestogrado.it\/?post_type=product&#038;p=23898"},"modified":"2026-05-04T13:09:48","modified_gmt":"2026-05-04T11:09:48","slug":"beal-ice-line-8-1-unicore-golden-dry-mezza-corda-arrampicata","status":"publish","type":"product","link":"https:\/\/www.sestogrado.it\/it\/prodotto\/beal-ice-line-8-1-unicore-golden-dry-mezza-corda-arrampicata\/","title":{"rendered":"Beal Ice Line 8.1 Unicore Golden Dry mezza corda arrampicata"},"content":{"rendered":"<p>La Beal Ice Line 8.1 Unicore Golden Dry \u00e8 la corda di riferimento per gli arrampicatori su ghiaccio ed alpinisti esperti per la sua estrema scorrevolezza e bassa forza d&#8217;arresto. Con un peso al metro di soli 39g, costruzione Unicore, impermeabilit\u00e0 totale Golden Dry, la Beal Ice Line 8.1 \u00e8 dedicata ad alpinismo su ghiaccio di alto livello.<\/p>\n<ul>\n<li>scorrevolezza e leggerezza, soli 39g al metro<\/li>\n<li>costruzione Unicore per massima sicurezza<\/li>\n<li>forza d&#8217;arresto particolarmente bassa, 4,9kN<\/li>\n<li>totale impermeabilit\u00e0 Golden Dry<\/li>\n<li>la corda rimane morbida e flessibile a lungo<\/li>\n<\/ul>\n<p><img decoding=\"async\" class=\" wp-image-12333 aligncenter\" src=\"https:\/\/www.sestogrado.it\/wp-content\/uploads\/2017\/07\/GD.jpg\" alt=\"golden dry\" width=\"99\" height=\"116\" srcset=\"https:\/\/www.sestogrado.it\/wp-content\/uploads\/2017\/07\/GD.jpg 238w, https:\/\/www.sestogrado.it\/wp-content\/uploads\/2017\/07\/GD-54x64.jpg 54w\" sizes=\"(max-width: 99px) 100vw, 99px\" \/><\/p>\n<p><strong>Trattamento Golden Dry<\/strong>: Ogni filo della calza \u00e8 trattato con un componente chimico idrofobo prima della fabbricazione della calza. Questo componente si polimerizza alle alte temperature. Secondo i parametri UIAA le corde Beal Golden Dry assorbono meno del 3% di acqua.<\/p>\n<p><img decoding=\"async\" class=\"size-full wp-image-4190 aligncenter\" src=\"https:\/\/www.sestogrado.it\/wp-content\/uploads\/2016\/02\/logoUnicore.png\" alt=\"logoUnicore\" width=\"100\" height=\"101\" srcset=\"https:\/\/www.sestogrado.it\/wp-content\/uploads\/2016\/02\/logoUnicore.png 100w, https:\/\/www.sestogrado.it\/wp-content\/uploads\/2016\/02\/logoUnicore-150x150.png 150w, https:\/\/www.sestogrado.it\/wp-content\/uploads\/2016\/02\/logoUnicore-350x350.png 350w, https:\/\/www.sestogrado.it\/wp-content\/uploads\/2016\/02\/logoUnicore-45x45.png 45w, https:\/\/www.sestogrado.it\/wp-content\/uploads\/2016\/02\/logoUnicore-63x64.png 63w\" sizes=\"(max-width: 100px) 100vw, 100px\" \/><\/p>\n<p><strong>Trattamento Unicore<\/strong>: Processo straordinario che unisce l&#8217;anima e la calza della corda senza modificarne le caratteristiche di morbidezza. Se la calza \u00e8 tagliata o lacerata, l&#8217;anima e la calza restano solidali. Su una corda classica, se la calza si taglia per abrasione su spigolo, fenomeno frequente nei lavori in quota, la calza scorre sull&#8217;anima e si ammassa per diversi metri.<\/p>\n<p>&nbsp;<\/p>\n<p>La Beal Ice Line 8.1 Unicore Golden Dry \u00e8 una mezza corda di alto livello dedicata all&#8217;arrampicata su ghiaccio.<\/p>\n<p>&nbsp;<\/p>\n<p>Beal \u00e8 leader mondiale nella produzione di corde da montagna grazie ad un avanzato sviluppo tecnologico nel processo \u00a0di fabbricazione che gli \u00e8 valso il certificato Iso 9001. Sempre attento alle esigenze degli arrampicatori, \u00e8 stato in grado di apportare dinamicit\u00e0 alla pratica dell&#8217;arrampicata grazie ad un&#8217;intensa attivit\u00e0 di ricerca. In particolare, Black Limit, Program System, trattamento Dry Cover, imbragature Aero, tecnologia Unicore.<\/p>","protected":false},"excerpt":{"rendered":"<p>La Beal Ice Line 8.1 Unicore Golden Dry \u00e8 la corda di riferimento per gli arrampicatori su ghiaccio ed alpinisti [&hellip;]<\/p>\n","protected":false},"featured_media":24011,"comment_status":"open","ping_status":"closed","template":"","meta":{"_acf_changed":false},"product_brand":[84],"product_cat":[1357],"product_tag":[448],"class_list":{"0":"post-23898","1":"product","2":"type-product","3":"status-publish","4":"has-post-thumbnail","6":"product_brand-beal","7":"product_cat-mezze-corde","8":"product_tag-mezza-corda","10":"first","11":"instock","12":"sale","13":"taxable","14":"shipping-taxable","15":"purchasable","16":"product-type-variable"},"acf":[],"yoast_head":"<!-- This site is optimized with the Yoast SEO plugin v26.4 - https:\/\/yoast.com\/wordpress\/plugins\/seo\/ -->\n<title>Beal Ice Line 8.1 Unicore Golden Dry mezza corda arrampicata - Sestogrado<\/title>\n<meta name=\"description\" content=\"La Beal Ice Line 8.1 Unicore Golden Dry \u00e8 la corda di riferimento per gli arrampicatori su ghiaccio ed alpinisti esperti per la sua estrema scorrevolezza e bassa forza d&#039;arresto. Con un peso al metro di soli 39g, costruzione Unicore, impermeabilit\u00e0 totale Golden Dry, la Beal Ice Line 8.1 \u00e8 dedicata ad alpinismo su ghiaccio di alto livello. Trattamento Unicore: Processo straordinario che unisce l&#039;anima e la calza della corda senza modificarne le caratteristiche di morbidezza. Se la calza \u00e8 tagliata o lacerata, l&#039;anima e la calza restano solidali. Su una corda classica, se la calza si taglia per abrasione su spigolo, fenomeno frequente nei lavori in quota, la calza scorre sull&#039;anima e si ammassa per diversi metri.La Beal Ice Line 8.1 Unicore Golden Dry \u00e8 una mezza corda di alto livello dedicata all&#039;arrampicata su ghiaccio.\" \/>\n<meta name=\"robots\" content=\"index, follow, max-snippet:-1, max-image-preview:large, max-video-preview:-1\" \/>\n<link rel=\"canonical\" href=\"https:\/\/www.sestogrado.it\/it\/prodotto\/beal-ice-line-8-1-unicore-golden-dry-mezza-corda-arrampicata\/\" \/>\n<meta property=\"og:locale\" content=\"it_IT\" \/>\n<meta property=\"og:type\" content=\"article\" \/>\n<meta property=\"og:title\" content=\"Beal Ice Line 8.1 Unicore Golden Dry mezza corda arrampicata - Sestogrado\" \/>\n<meta property=\"og:description\" content=\"La Beal Ice Line 8.1 Unicore Golden Dry \u00e8 la corda di riferimento per gli arrampicatori su ghiaccio ed alpinisti esperti per la sua estrema scorrevolezza e bassa forza d&#039;arresto. Con un peso al metro di soli 39g, costruzione Unicore, impermeabilit\u00e0 totale Golden Dry, la Beal Ice Line 8.1 \u00e8 dedicata ad alpinismo su ghiaccio di alto livello. Trattamento Unicore: Processo straordinario che unisce l&#039;anima e la calza della corda senza modificarne le caratteristiche di morbidezza. Se la calza \u00e8 tagliata o lacerata, l&#039;anima e la calza restano solidali. Su una corda classica, se la calza si taglia per abrasione su spigolo, fenomeno frequente nei lavori in quota, la calza scorre sull&#039;anima e si ammassa per diversi metri.La Beal Ice Line 8.1 Unicore Golden Dry \u00e8 una mezza corda di alto livello dedicata all&#039;arrampicata su ghiaccio.\" \/>\n<meta property=\"og:url\" content=\"https:\/\/www.sestogrado.it\/it\/prodotto\/beal-ice-line-8-1-unicore-golden-dry-mezza-corda-arrampicata\/\" \/>\n<meta property=\"og:site_name\" content=\"Sestogrado\" \/>\n<meta property=\"article:publisher\" content=\"https:\/\/www.facebook.com\/pages\/Sestogrado\/1542635979353017?ref=bookmarks\" \/>\n<meta property=\"article:modified_time\" content=\"2026-05-04T11:09:48+00:00\" \/>\n<meta property=\"og:image\" content=\"https:\/\/www.sestogrado.it\/wp-content\/uploads\/2019\/11\/ice-line-golden-dry.jpg\" \/>\n\t<meta property=\"og:image:width\" content=\"833\" \/>\n\t<meta property=\"og:image:height\" content=\"832\" \/>\n\t<meta property=\"og:image:type\" content=\"image\/jpeg\" \/>\n<meta name=\"twitter:label1\" content=\"Disponibilit\u00e0\" \/>\n\t<meta name=\"twitter:data1\" content=\"In stock\" \/>\n<script type=\"application\/ld+json\" class=\"yoast-schema-graph\">{\"@context\":\"https:\/\/schema.org\",\"@graph\":[{\"@type\":\"WebPage\",\"@id\":\"https:\/\/www.sestogrado.it\/it\/prodotto\/beal-ice-line-8-1-unicore-golden-dry-mezza-corda-arrampicata\/\",\"url\":\"https:\/\/www.sestogrado.it\/it\/prodotto\/beal-ice-line-8-1-unicore-golden-dry-mezza-corda-arrampicata\/\",\"name\":\"Beal Ice Line 8.1 Unicore Golden Dry mezza corda arrampicata - Sestogrado\",\"isPartOf\":{\"@id\":\"https:\/\/www.sestogrado.it\/it\/#website\"},\"primaryImageOfPage\":{\"@id\":\"https:\/\/www.sestogrado.it\/it\/prodotto\/beal-ice-line-8-1-unicore-golden-dry-mezza-corda-arrampicata\/#primaryimage\"},\"image\":{\"@id\":\"https:\/\/www.sestogrado.it\/prodotto\/beal-ice-line-8-1-unicore-golden-dry-mezza-corda-arrampicata\/#primaryimage\"},\"thumbnailUrl\":\"https:\/\/www.sestogrado.it\/wp-content\/uploads\/2019\/11\/ice-line-golden-dry.jpg\",\"datePublished\":\"2019-11-07T10:51:45+00:00\",\"dateModified\":\"2026-05-04T11:09:48+00:00\",\"description\":\"La Beal Ice Line 8.1 Unicore Golden Dry \u00e8 la corda di riferimento per gli arrampicatori su ghiaccio ed alpinisti esperti per la sua estrema scorrevolezza e bassa forza d'arresto. Con un peso al metro di soli 39g, costruzione Unicore, impermeabilit\u00e0 totale Golden Dry, la Beal Ice Line 8.1 \u00e8 dedicata ad alpinismo su ghiaccio di alto livello. Trattamento Unicore: Processo straordinario che unisce l'anima e la calza della corda senza modificarne le caratteristiche di morbidezza. Se la calza \u00e8 tagliata o lacerata, l'anima e la calza restano solidali. Su una corda classica, se la calza si taglia per abrasione su spigolo, fenomeno frequente nei lavori in quota, la calza scorre sull'anima e si ammassa per diversi metri.La Beal Ice Line 8.1 Unicore Golden Dry \u00e8 una mezza corda di alto livello dedicata all'arrampicata su ghiaccio.\",\"breadcrumb\":{\"@id\":\"https:\/\/www.sestogrado.it\/it\/prodotto\/beal-ice-line-8-1-unicore-golden-dry-mezza-corda-arrampicata\/#breadcrumb\"},\"inLanguage\":\"it-IT\",\"potentialAction\":[{\"@type\":\"ReadAction\",\"target\":[[\"https:\/\/www.sestogrado.it\/it\/prodotto\/beal-ice-line-8-1-unicore-golden-dry-mezza-corda-arrampicata\/\"]]}]},{\"@type\":\"ImageObject\",\"inLanguage\":\"it-IT\",\"@id\":\"https:\/\/www.sestogrado.it\/it\/prodotto\/beal-ice-line-8-1-unicore-golden-dry-mezza-corda-arrampicata\/#primaryimage\",\"url\":\"https:\/\/www.sestogrado.it\/wp-content\/uploads\/2019\/11\/ice-line-golden-dry.jpg\",\"contentUrl\":\"https:\/\/www.sestogrado.it\/wp-content\/uploads\/2019\/11\/ice-line-golden-dry.jpg\",\"width\":833,\"height\":832,\"caption\":\"ice line golden dry\"},{\"@type\":\"BreadcrumbList\",\"@id\":\"https:\/\/www.sestogrado.it\/it\/prodotto\/beal-ice-line-8-1-unicore-golden-dry-mezza-corda-arrampicata\/#breadcrumb\",\"itemListElement\":[{\"@type\":\"ListItem\",\"position\":1,\"name\":\"Home\",\"item\":\"https:\/\/www.sestogrado.it\/it\/\"},{\"@type\":\"ListItem\",\"position\":2,\"name\":\"Shop\",\"item\":\"https:\/\/www.sestogrado.it\/it\/shop\/\"},{\"@type\":\"ListItem\",\"position\":3,\"name\":\"Beal Ice Line 8.1 Unicore Golden Dry mezza corda arrampicata\"}]},{\"@type\":\"WebSite\",\"@id\":\"https:\/\/www.sestogrado.it\/it\/#website\",\"url\":\"https:\/\/www.sestogrado.it\/it\/\",\"name\":\"Sestogrado\",\"description\":\"yes we climb\",\"publisher\":{\"@id\":\"https:\/\/www.sestogrado.it\/it\/#organization\"},\"potentialAction\":[{\"@type\":\"SearchAction\",\"target\":{\"@type\":\"EntryPoint\",\"urlTemplate\":\"https:\/\/www.sestogrado.it\/it\/?s={search_term_string}\"},\"query-input\":{\"@type\":\"PropertyValueSpecification\",\"valueRequired\":true,\"valueName\":\"search_term_string\"}}],\"inLanguage\":\"it-IT\"},{\"@type\":\"Organization\",\"@id\":\"https:\/\/www.sestogrado.it\/it\/#organization\",\"name\":\"Sestogrado\",\"url\":\"https:\/\/www.sestogrado.it\/it\/\",\"logo\":{\"@type\":\"ImageObject\",\"inLanguage\":\"it-IT\",\"@id\":\"https:\/\/www.sestogrado.it\/it\/#\/schema\/logo\/image\/\",\"url\":\"https:\/\/www.sestogrado.it\/wp-content\/uploads\/2015\/03\/sestogrado-favicon.png\",\"contentUrl\":\"https:\/\/www.sestogrado.it\/wp-content\/uploads\/2015\/03\/sestogrado-favicon.png\",\"width\":260,\"height\":260,\"caption\":\"Sestogrado\"},\"image\":{\"@id\":\"https:\/\/www.sestogrado.it\/it\/#\/schema\/logo\/image\/\"},\"sameAs\":[\"https:\/\/www.facebook.com\/pages\/Sestogrado\/1542635979353017?ref=bookmarks\",\"https:\/\/www.youtube.com\/channel\/UC847kAfTkaJsWpc1jtQwr3Q\"],\"hasMerchantReturnPolicy\":{\"@type\":\"MerchantReturnPolicy\",\"merchantReturnLink\":\"https:\/\/www.sestogrado.it\/it\/termini-e-condizioni\/\"}}]}<\/script>\n<meta property=\"product:brand\" content=\"Beal\" \/>\n<meta property=\"og:availability\" content=\"instock\" \/>\n<meta property=\"product:availability\" content=\"instock\" \/>\n<meta property=\"product:condition\" content=\"new\" \/>\n<!-- \/ Yoast SEO plugin. -->","yoast_head_json":{"title":"Beal Ice Line 8.1 Unicore Golden Dry mezza corda arrampicata - Sestogrado","description":"La Beal Ice Line 8.1 Unicore Golden Dry \u00e8 la corda di riferimento per gli arrampicatori su ghiaccio ed alpinisti esperti per la sua estrema scorrevolezza e bassa forza d'arresto. Con un peso al metro di soli 39g, costruzione Unicore, impermeabilit\u00e0 totale Golden Dry, la Beal Ice Line 8.1 \u00e8 dedicata ad alpinismo su ghiaccio di alto livello. Trattamento Unicore: Processo straordinario che unisce l'anima e la calza della corda senza modificarne le caratteristiche di morbidezza. Se la calza \u00e8 tagliata o lacerata, l'anima e la calza restano solidali. Su una corda classica, se la calza si taglia per abrasione su spigolo, fenomeno frequente nei lavori in quota, la calza scorre sull'anima e si ammassa per diversi metri.La Beal Ice Line 8.1 Unicore Golden Dry \u00e8 una mezza corda di alto livello dedicata all'arrampicata su ghiaccio.","robots":{"index":"index","follow":"follow","max-snippet":"max-snippet:-1","max-image-preview":"max-image-preview:large","max-video-preview":"max-video-preview:-1"},"canonical":"https:\/\/www.sestogrado.it\/it\/prodotto\/beal-ice-line-8-1-unicore-golden-dry-mezza-corda-arrampicata\/","og_locale":"it_IT","og_type":"article","og_title":"Beal Ice Line 8.1 Unicore Golden Dry mezza corda arrampicata - Sestogrado","og_description":"La Beal Ice Line 8.1 Unicore Golden Dry \u00e8 la corda di riferimento per gli arrampicatori su ghiaccio ed alpinisti esperti per la sua estrema scorrevolezza e bassa forza d'arresto. Con un peso al metro di soli 39g, costruzione Unicore, impermeabilit\u00e0 totale Golden Dry, la Beal Ice Line 8.1 \u00e8 dedicata ad alpinismo su ghiaccio di alto livello. Trattamento Unicore: Processo straordinario che unisce l'anima e la calza della corda senza modificarne le caratteristiche di morbidezza. Se la calza \u00e8 tagliata o lacerata, l'anima e la calza restano solidali. Su una corda classica, se la calza si taglia per abrasione su spigolo, fenomeno frequente nei lavori in quota, la calza scorre sull'anima e si ammassa per diversi metri.La Beal Ice Line 8.1 Unicore Golden Dry \u00e8 una mezza corda di alto livello dedicata all'arrampicata su ghiaccio.","og_url":"https:\/\/www.sestogrado.it\/it\/prodotto\/beal-ice-line-8-1-unicore-golden-dry-mezza-corda-arrampicata\/","og_site_name":"Sestogrado","article_publisher":"https:\/\/www.facebook.com\/pages\/Sestogrado\/1542635979353017?ref=bookmarks","article_modified_time":"2026-05-04T11:09:48+00:00","og_image":[{"width":833,"height":832,"url":"https:\/\/www.sestogrado.it\/wp-content\/uploads\/2019\/11\/ice-line-golden-dry.jpg","type":"image\/jpeg"}],"twitter_misc":{"Disponibilit\u00e0":"In stock"},"schema":{"@context":"https:\/\/schema.org","@graph":[{"@type":"WebPage","@id":"https:\/\/www.sestogrado.it\/it\/prodotto\/beal-ice-line-8-1-unicore-golden-dry-mezza-corda-arrampicata\/","url":"https:\/\/www.sestogrado.it\/it\/prodotto\/beal-ice-line-8-1-unicore-golden-dry-mezza-corda-arrampicata\/","name":"Beal Ice Line 8.1 Unicore Golden Dry mezza corda arrampicata - Sestogrado","isPartOf":{"@id":"https:\/\/www.sestogrado.it\/it\/#website"},"primaryImageOfPage":{"@id":"https:\/\/www.sestogrado.it\/it\/prodotto\/beal-ice-line-8-1-unicore-golden-dry-mezza-corda-arrampicata\/#primaryimage"},"image":{"@id":"https:\/\/www.sestogrado.it\/prodotto\/beal-ice-line-8-1-unicore-golden-dry-mezza-corda-arrampicata\/#primaryimage"},"thumbnailUrl":"https:\/\/www.sestogrado.it\/wp-content\/uploads\/2019\/11\/ice-line-golden-dry.jpg","datePublished":"2019-11-07T10:51:45+00:00","dateModified":"2026-05-04T11:09:48+00:00","description":"La Beal Ice Line 8.1 Unicore Golden Dry \u00e8 la corda di riferimento per gli arrampicatori su ghiaccio ed alpinisti esperti per la sua estrema scorrevolezza e bassa forza d'arresto. Con un peso al metro di soli 39g, costruzione Unicore, impermeabilit\u00e0 totale Golden Dry, la Beal Ice Line 8.1 \u00e8 dedicata ad alpinismo su ghiaccio di alto livello. Trattamento Unicore: Processo straordinario che unisce l'anima e la calza della corda senza modificarne le caratteristiche di morbidezza. Se la calza \u00e8 tagliata o lacerata, l'anima e la calza restano solidali. Su una corda classica, se la calza si taglia per abrasione su spigolo, fenomeno frequente nei lavori in quota, la calza scorre sull'anima e si ammassa per diversi metri.La Beal Ice Line 8.1 Unicore Golden Dry \u00e8 una mezza corda di alto livello dedicata all'arrampicata su ghiaccio.","breadcrumb":{"@id":"https:\/\/www.sestogrado.it\/it\/prodotto\/beal-ice-line-8-1-unicore-golden-dry-mezza-corda-arrampicata\/#breadcrumb"},"inLanguage":"it-IT","potentialAction":[{"@type":"ReadAction","target":[["https:\/\/www.sestogrado.it\/it\/prodotto\/beal-ice-line-8-1-unicore-golden-dry-mezza-corda-arrampicata\/"]]}]},{"@type":"ImageObject","inLanguage":"it-IT","@id":"https:\/\/www.sestogrado.it\/it\/prodotto\/beal-ice-line-8-1-unicore-golden-dry-mezza-corda-arrampicata\/#primaryimage","url":"https:\/\/www.sestogrado.it\/wp-content\/uploads\/2019\/11\/ice-line-golden-dry.jpg","contentUrl":"https:\/\/www.sestogrado.it\/wp-content\/uploads\/2019\/11\/ice-line-golden-dry.jpg","width":833,"height":832,"caption":"ice line golden dry"},{"@type":"BreadcrumbList","@id":"https:\/\/www.sestogrado.it\/it\/prodotto\/beal-ice-line-8-1-unicore-golden-dry-mezza-corda-arrampicata\/#breadcrumb","itemListElement":[{"@type":"ListItem","position":1,"name":"Home","item":"https:\/\/www.sestogrado.it\/it\/"},{"@type":"ListItem","position":2,"name":"Shop","item":"https:\/\/www.sestogrado.it\/it\/shop\/"},{"@type":"ListItem","position":3,"name":"Beal Ice Line 8.1 Unicore Golden Dry mezza corda arrampicata"}]},{"@type":"WebSite","@id":"https:\/\/www.sestogrado.it\/it\/#website","url":"https:\/\/www.sestogrado.it\/it\/","name":"Sestogrado","description":"yes we climb","publisher":{"@id":"https:\/\/www.sestogrado.it\/it\/#organization"},"potentialAction":[{"@type":"SearchAction","target":{"@type":"EntryPoint","urlTemplate":"https:\/\/www.sestogrado.it\/it\/?s={search_term_string}"},"query-input":{"@type":"PropertyValueSpecification","valueRequired":true,"valueName":"search_term_string"}}],"inLanguage":"it-IT"},{"@type":"Organization","@id":"https:\/\/www.sestogrado.it\/it\/#organization","name":"Sestogrado","url":"https:\/\/www.sestogrado.it\/it\/","logo":{"@type":"ImageObject","inLanguage":"it-IT","@id":"https:\/\/www.sestogrado.it\/it\/#\/schema\/logo\/image\/","url":"https:\/\/www.sestogrado.it\/wp-content\/uploads\/2015\/03\/sestogrado-favicon.png","contentUrl":"https:\/\/www.sestogrado.it\/wp-content\/uploads\/2015\/03\/sestogrado-favicon.png","width":260,"height":260,"caption":"Sestogrado"},"image":{"@id":"https:\/\/www.sestogrado.it\/it\/#\/schema\/logo\/image\/"},"sameAs":["https:\/\/www.facebook.com\/pages\/Sestogrado\/1542635979353017?ref=bookmarks","https:\/\/www.youtube.com\/channel\/UC847kAfTkaJsWpc1jtQwr3Q"],"hasMerchantReturnPolicy":{"@type":"MerchantReturnPolicy","merchantReturnLink":"https:\/\/www.sestogrado.it\/it\/termini-e-condizioni\/"}}]},"product_brand":"Beal","og_availability":"instock","product_availability":"instock","product_condition":"new"},"_links":{"self":[{"href":"https:\/\/www.sestogrado.it\/it\/wp-json\/wp\/v2\/product\/23898","targetHints":{"allow":["GET"]}}],"collection":[{"href":"https:\/\/www.sestogrado.it\/it\/wp-json\/wp\/v2\/product"}],"about":[{"href":"https:\/\/www.sestogrado.it\/it\/wp-json\/wp\/v2\/types\/product"}],"replies":[{"embeddable":true,"href":"https:\/\/www.sestogrado.it\/it\/wp-json\/wp\/v2\/comments?post=23898"}],"wp:featuredmedia":[{"embeddable":true,"href":"https:\/\/www.sestogrado.it\/it\/wp-json\/wp\/v2\/media\/24011"}],"wp:attachment":[{"href":"https:\/\/www.sestogrado.it\/it\/wp-json\/wp\/v2\/media?parent=23898"}],"wp:term":[{"taxonomy":"product_brand","embeddable":true,"href":"https:\/\/www.sestogrado.it\/it\/wp-json\/wp\/v2\/product_brand?post=23898"},{"taxonomy":"product_cat","embeddable":true,"href":"https:\/\/www.sestogrado.it\/it\/wp-json\/wp\/v2\/product_cat?post=23898"},{"taxonomy":"product_tag","embeddable":true,"href":"https:\/\/www.sestogrado.it\/it\/wp-json\/wp\/v2\/product_tag?post=23898"}],"curies":[{"name":"wp","href":"https:\/\/api.w.org\/{rel}","templated":true}]}}