{"id":23891,"date":"2019-11-07T11:52:09","date_gmt":"2019-11-07T10:52:09","guid":{"rendered":"https:\/\/www.sestogrado.it\/?post_type=product&#038;p=23891"},"modified":"2026-02-20T08:37:48","modified_gmt":"2026-02-20T07:37:48","slug":"beal-gully-7-3-unicore-golden-dry-mezza-corda-arrampicata","status":"publish","type":"product","link":"https:\/\/www.sestogrado.it\/it\/prodotto\/beal-gully-7-3-unicore-golden-dry-mezza-corda-arrampicata\/","title":{"rendered":"Beal Gully 7.3 Unicore Golden Dry mezza corda arrampicata"},"content":{"rendered":"<p>La Beal Gully 7.3 Unicore Goden Dry \u00e8 il massimo della tecnologia Beal applicata ad una mezza corda. Le Beal Gully 7.3 sono dedicate all&#8217;alpinismo tecnico ed al ghiaccio in virt\u00f9 della totale impermeabilit\u00e0.<\/p>\n<p>Con un peso di soli 36g al metro, la Gully \u00e8 la pi\u00f9 leggera mezza corda sul mercato, ed ha una forza d&#8217;arresto estremamente bassa, di soli 5.2kN.<\/p>\n<p>Omologata sia come mezza corda, sia come corda gemella, la Beal Gully \u00e8 la corda ideale per cascate di ghiaccio, alpinismo tecnico sui terreni pi\u00f9 severi. La costruzione Unicore fornisce garanzia extra di solidit\u00e0 e sicurezza.<\/p>\n<ul>\n<li>leggerissima, solo 36gm<\/li>\n<li>scorrevolezza<\/li>\n<li>trattamento Golden Dry, calza ed anima completamente impermeabili<\/li>\n<li>costruzione Unicore<\/li>\n<\/ul>\n<p><img decoding=\"async\" class=\" wp-image-12333 aligncenter\" src=\"https:\/\/www.sestogrado.it\/wp-content\/uploads\/2017\/07\/GD.jpg\" alt=\"golden dry\" width=\"99\" height=\"116\" srcset=\"https:\/\/www.sestogrado.it\/wp-content\/uploads\/2017\/07\/GD.jpg 238w, https:\/\/www.sestogrado.it\/wp-content\/uploads\/2017\/07\/GD-54x64.jpg 54w\" sizes=\"(max-width: 99px) 100vw, 99px\" \/><\/p>\n<p><strong>Trattamento Golden Dry<\/strong>: Ogni filo della calza \u00e8 trattato con un componente chimico idrofobo prima della fabbricazione della calza. Questo componente si polimerizza alle alte temperature. Secondo i parametri UIAA le corde Beal Golden Dry assorbono meno del 3% di acqua.<\/p>\n<p><img decoding=\"async\" class=\"size-full wp-image-4190 aligncenter\" src=\"https:\/\/www.sestogrado.it\/wp-content\/uploads\/2016\/02\/logoUnicore.png\" alt=\"logoUnicore\" width=\"100\" height=\"101\" srcset=\"https:\/\/www.sestogrado.it\/wp-content\/uploads\/2016\/02\/logoUnicore.png 100w, https:\/\/www.sestogrado.it\/wp-content\/uploads\/2016\/02\/logoUnicore-150x150.png 150w, https:\/\/www.sestogrado.it\/wp-content\/uploads\/2016\/02\/logoUnicore-350x350.png 350w, https:\/\/www.sestogrado.it\/wp-content\/uploads\/2016\/02\/logoUnicore-45x45.png 45w, https:\/\/www.sestogrado.it\/wp-content\/uploads\/2016\/02\/logoUnicore-63x64.png 63w\" sizes=\"(max-width: 100px) 100vw, 100px\" \/><\/p>\n<p><strong>Trattamento Unicore<\/strong>: Processo straordinario che unisce l&#8217;anima e la calza della corda senza modificarne le caratteristiche di morbidezza. Se la calza \u00e8 tagliata o lacerata, l&#8217;anima e la calza restano solidali. Su una corda classica, se la calza si taglia per abrasione su spigolo, fenomeno frequente nei lavori in quota, la calza scorre sull&#8217;anima e si ammassa per diversi metri.<\/p>\n<p>&nbsp;<\/p>\n<p>La Beal Gully 7.3 \u00e8 una mezza corda destinata agli alpinisti pi\u00f9 esperti ed esigenti, ideale per cascate di ghiaccio ed alpinismo tecnico.<\/p>\n<p>&nbsp;<\/p>\n<p>Beal \u00e8 leader mondiale nella produzione di corde da montagna grazie ad un avanzato sviluppo tecnologico nel processo \u00a0di fabbricazione che gli \u00e8 valso il certificato Iso 9001. Sempre attento alle esigenze degli arrampicatori, \u00e8 stato in grado di apportare dinamicit\u00e0 alla pratica dell&#8217;arrampicata grazie ad un&#8217;intensa attivit\u00e0 di ricerca. In particolare, Black Limit, Program System, trattamento Dry Cover, imbragature Aero, tecnologia Unicore.<\/p>","protected":false},"excerpt":{"rendered":"<p>La Beal Gully 7.3 Unicore Goden Dry \u00e8 il massimo della tecnologia Beal applicata ad una mezza corda. Le Beal [&hellip;]<\/p>\n","protected":false},"featured_media":38970,"comment_status":"open","ping_status":"closed","template":"","meta":{"_acf_changed":false},"product_brand":[84],"product_cat":[1357],"product_tag":[628,449],"class_list":{"0":"post-23891","1":"product","2":"type-product","3":"status-publish","4":"has-post-thumbnail","6":"product_brand-beal","7":"product_cat-mezze-corde","8":"product_tag-corde-cascata-di-ghiaccio","9":"product_tag-mezze-corde","11":"first","12":"instock","13":"sale","14":"taxable","15":"shipping-taxable","16":"purchasable","17":"product-type-variable"},"acf":[],"yoast_head":"<!-- This site is optimized with the Yoast SEO plugin v26.4 - https:\/\/yoast.com\/wordpress\/plugins\/seo\/ -->\n<title>Beal Gully 7.3 Unicore Golden Dry mezza corda arrampicata - Sestogrado<\/title>\n<meta name=\"description\" content=\"La Beal Gully 7.3 Unicore Goden Dry \u00e8 il massimo della tecnologia Beal applicata ad una mezza corda. Le Beal Gully 7.3 sono dedicate all&#039;alpinismo tecnico ed al ghiaccio in virt\u00f9 della totale impermeabilit\u00e0.Con un peso di soli 36g al metro, la Gully \u00e8 la pi\u00f9 leggera mezza corda sul mercato, ed ha una forza d&#039;arresto estremamente bassa, di soli 5.2kN.Omologata sia come mezza corda, sia come corda gemella, la Beal Gully \u00e8 la corda ideale per cascate di ghiaccio, alpinismo tecnico sui terreni pi\u00f9 severi. La costruzione Unicore fornisce garanzia extra di solidit\u00e0 e sicurezza.\" \/>\n<meta name=\"robots\" content=\"index, follow, max-snippet:-1, max-image-preview:large, max-video-preview:-1\" \/>\n<link rel=\"canonical\" href=\"https:\/\/www.sestogrado.it\/it\/prodotto\/beal-gully-7-3-unicore-golden-dry-mezza-corda-arrampicata\/\" \/>\n<meta property=\"og:locale\" content=\"it_IT\" \/>\n<meta property=\"og:type\" content=\"article\" \/>\n<meta property=\"og:title\" content=\"Beal Gully 7.3 Unicore Golden Dry mezza corda arrampicata - Sestogrado\" \/>\n<meta property=\"og:description\" content=\"La Beal Gully 7.3 Unicore Goden Dry \u00e8 il massimo della tecnologia Beal applicata ad una mezza corda. Le Beal Gully 7.3 sono dedicate all&#039;alpinismo tecnico ed al ghiaccio in virt\u00f9 della totale impermeabilit\u00e0.Con un peso di soli 36g al metro, la Gully \u00e8 la pi\u00f9 leggera mezza corda sul mercato, ed ha una forza d&#039;arresto estremamente bassa, di soli 5.2kN.Omologata sia come mezza corda, sia come corda gemella, la Beal Gully \u00e8 la corda ideale per cascate di ghiaccio, alpinismo tecnico sui terreni pi\u00f9 severi. La costruzione Unicore fornisce garanzia extra di solidit\u00e0 e sicurezza.\" \/>\n<meta property=\"og:url\" content=\"https:\/\/www.sestogrado.it\/it\/prodotto\/beal-gully-7-3-unicore-golden-dry-mezza-corda-arrampicata\/\" \/>\n<meta property=\"og:site_name\" content=\"Sestogrado\" \/>\n<meta property=\"article:publisher\" content=\"https:\/\/www.facebook.com\/pages\/Sestogrado\/1542635979353017?ref=bookmarks\" \/>\n<meta property=\"article:modified_time\" content=\"2026-02-20T07:37:48+00:00\" \/>\n<meta property=\"og:image\" content=\"https:\/\/www.sestogrado.it\/wp-content\/uploads\/2019\/11\/beal-gully.jpg\" \/>\n\t<meta property=\"og:image:width\" content=\"1200\" \/>\n\t<meta property=\"og:image:height\" content=\"1200\" \/>\n\t<meta property=\"og:image:type\" content=\"image\/jpeg\" \/>\n<meta name=\"twitter:label1\" content=\"Disponibilit\u00e0\" \/>\n\t<meta name=\"twitter:data1\" content=\"In stock\" \/>\n<script type=\"application\/ld+json\" class=\"yoast-schema-graph\">{\"@context\":\"https:\/\/schema.org\",\"@graph\":[{\"@type\":\"WebPage\",\"@id\":\"https:\/\/www.sestogrado.it\/it\/prodotto\/beal-gully-7-3-unicore-golden-dry-mezza-corda-arrampicata\/\",\"url\":\"https:\/\/www.sestogrado.it\/it\/prodotto\/beal-gully-7-3-unicore-golden-dry-mezza-corda-arrampicata\/\",\"name\":\"Beal Gully 7.3 Unicore Golden Dry mezza corda arrampicata - Sestogrado\",\"isPartOf\":{\"@id\":\"https:\/\/www.sestogrado.it\/it\/#website\"},\"primaryImageOfPage\":{\"@id\":\"https:\/\/www.sestogrado.it\/it\/prodotto\/beal-gully-7-3-unicore-golden-dry-mezza-corda-arrampicata\/#primaryimage\"},\"image\":{\"@id\":\"https:\/\/www.sestogrado.it\/prodotto\/beal-gully-7-3-unicore-golden-dry-mezza-corda-arrampicata\/#primaryimage\"},\"thumbnailUrl\":\"https:\/\/www.sestogrado.it\/wp-content\/uploads\/2019\/11\/beal-gully.jpg\",\"datePublished\":\"2019-11-07T10:52:09+00:00\",\"dateModified\":\"2026-02-20T07:37:48+00:00\",\"description\":\"La Beal Gully 7.3 Unicore Goden Dry \u00e8 il massimo della tecnologia Beal applicata ad una mezza corda. Le Beal Gully 7.3 sono dedicate all'alpinismo tecnico ed al ghiaccio in virt\u00f9 della totale impermeabilit\u00e0.Con un peso di soli 36g al metro, la Gully \u00e8 la pi\u00f9 leggera mezza corda sul mercato, ed ha una forza d'arresto estremamente bassa, di soli 5.2kN.Omologata sia come mezza corda, sia come corda gemella, la Beal Gully \u00e8 la corda ideale per cascate di ghiaccio, alpinismo tecnico sui terreni pi\u00f9 severi. La costruzione Unicore fornisce garanzia extra di solidit\u00e0 e sicurezza.\",\"breadcrumb\":{\"@id\":\"https:\/\/www.sestogrado.it\/it\/prodotto\/beal-gully-7-3-unicore-golden-dry-mezza-corda-arrampicata\/#breadcrumb\"},\"inLanguage\":\"it-IT\",\"potentialAction\":[{\"@type\":\"ReadAction\",\"target\":[[\"https:\/\/www.sestogrado.it\/it\/prodotto\/beal-gully-7-3-unicore-golden-dry-mezza-corda-arrampicata\/\"]]}]},{\"@type\":\"ImageObject\",\"inLanguage\":\"it-IT\",\"@id\":\"https:\/\/www.sestogrado.it\/it\/prodotto\/beal-gully-7-3-unicore-golden-dry-mezza-corda-arrampicata\/#primaryimage\",\"url\":\"https:\/\/www.sestogrado.it\/wp-content\/uploads\/2019\/11\/beal-gully.jpg\",\"contentUrl\":\"https:\/\/www.sestogrado.it\/wp-content\/uploads\/2019\/11\/beal-gully.jpg\",\"width\":1200,\"height\":1200,\"caption\":\"beal gully 7.3\"},{\"@type\":\"BreadcrumbList\",\"@id\":\"https:\/\/www.sestogrado.it\/it\/prodotto\/beal-gully-7-3-unicore-golden-dry-mezza-corda-arrampicata\/#breadcrumb\",\"itemListElement\":[{\"@type\":\"ListItem\",\"position\":1,\"name\":\"Home\",\"item\":\"https:\/\/www.sestogrado.it\/it\/\"},{\"@type\":\"ListItem\",\"position\":2,\"name\":\"Shop\",\"item\":\"https:\/\/www.sestogrado.it\/it\/shop\/\"},{\"@type\":\"ListItem\",\"position\":3,\"name\":\"Beal Gully 7.3 Unicore Golden Dry mezza corda arrampicata\"}]},{\"@type\":\"WebSite\",\"@id\":\"https:\/\/www.sestogrado.it\/it\/#website\",\"url\":\"https:\/\/www.sestogrado.it\/it\/\",\"name\":\"Sestogrado\",\"description\":\"yes we climb\",\"publisher\":{\"@id\":\"https:\/\/www.sestogrado.it\/it\/#organization\"},\"potentialAction\":[{\"@type\":\"SearchAction\",\"target\":{\"@type\":\"EntryPoint\",\"urlTemplate\":\"https:\/\/www.sestogrado.it\/it\/?s={search_term_string}\"},\"query-input\":{\"@type\":\"PropertyValueSpecification\",\"valueRequired\":true,\"valueName\":\"search_term_string\"}}],\"inLanguage\":\"it-IT\"},{\"@type\":\"Organization\",\"@id\":\"https:\/\/www.sestogrado.it\/it\/#organization\",\"name\":\"Sestogrado\",\"url\":\"https:\/\/www.sestogrado.it\/it\/\",\"logo\":{\"@type\":\"ImageObject\",\"inLanguage\":\"it-IT\",\"@id\":\"https:\/\/www.sestogrado.it\/it\/#\/schema\/logo\/image\/\",\"url\":\"https:\/\/www.sestogrado.it\/wp-content\/uploads\/2015\/03\/sestogrado-favicon.png\",\"contentUrl\":\"https:\/\/www.sestogrado.it\/wp-content\/uploads\/2015\/03\/sestogrado-favicon.png\",\"width\":260,\"height\":260,\"caption\":\"Sestogrado\"},\"image\":{\"@id\":\"https:\/\/www.sestogrado.it\/it\/#\/schema\/logo\/image\/\"},\"sameAs\":[\"https:\/\/www.facebook.com\/pages\/Sestogrado\/1542635979353017?ref=bookmarks\",\"https:\/\/www.youtube.com\/channel\/UC847kAfTkaJsWpc1jtQwr3Q\"],\"hasMerchantReturnPolicy\":{\"@type\":\"MerchantReturnPolicy\",\"merchantReturnLink\":\"https:\/\/www.sestogrado.it\/it\/termini-e-condizioni\/\"}}]}<\/script>\n<meta property=\"product:brand\" content=\"Beal\" \/>\n<meta property=\"og:availability\" content=\"instock\" \/>\n<meta property=\"product:availability\" content=\"instock\" \/>\n<meta property=\"product:condition\" content=\"new\" \/>\n<!-- \/ Yoast SEO plugin. -->","yoast_head_json":{"title":"Beal Gully 7.3 Unicore Golden Dry mezza corda arrampicata - Sestogrado","description":"La Beal Gully 7.3 Unicore Goden Dry \u00e8 il massimo della tecnologia Beal applicata ad una mezza corda. Le Beal Gully 7.3 sono dedicate all'alpinismo tecnico ed al ghiaccio in virt\u00f9 della totale impermeabilit\u00e0.Con un peso di soli 36g al metro, la Gully \u00e8 la pi\u00f9 leggera mezza corda sul mercato, ed ha una forza d'arresto estremamente bassa, di soli 5.2kN.Omologata sia come mezza corda, sia come corda gemella, la Beal Gully \u00e8 la corda ideale per cascate di ghiaccio, alpinismo tecnico sui terreni pi\u00f9 severi. La costruzione Unicore fornisce garanzia extra di solidit\u00e0 e sicurezza.","robots":{"index":"index","follow":"follow","max-snippet":"max-snippet:-1","max-image-preview":"max-image-preview:large","max-video-preview":"max-video-preview:-1"},"canonical":"https:\/\/www.sestogrado.it\/it\/prodotto\/beal-gully-7-3-unicore-golden-dry-mezza-corda-arrampicata\/","og_locale":"it_IT","og_type":"article","og_title":"Beal Gully 7.3 Unicore Golden Dry mezza corda arrampicata - Sestogrado","og_description":"La Beal Gully 7.3 Unicore Goden Dry \u00e8 il massimo della tecnologia Beal applicata ad una mezza corda. Le Beal Gully 7.3 sono dedicate all'alpinismo tecnico ed al ghiaccio in virt\u00f9 della totale impermeabilit\u00e0.Con un peso di soli 36g al metro, la Gully \u00e8 la pi\u00f9 leggera mezza corda sul mercato, ed ha una forza d'arresto estremamente bassa, di soli 5.2kN.Omologata sia come mezza corda, sia come corda gemella, la Beal Gully \u00e8 la corda ideale per cascate di ghiaccio, alpinismo tecnico sui terreni pi\u00f9 severi. La costruzione Unicore fornisce garanzia extra di solidit\u00e0 e sicurezza.","og_url":"https:\/\/www.sestogrado.it\/it\/prodotto\/beal-gully-7-3-unicore-golden-dry-mezza-corda-arrampicata\/","og_site_name":"Sestogrado","article_publisher":"https:\/\/www.facebook.com\/pages\/Sestogrado\/1542635979353017?ref=bookmarks","article_modified_time":"2026-02-20T07:37:48+00:00","og_image":[{"width":1200,"height":1200,"url":"https:\/\/www.sestogrado.it\/wp-content\/uploads\/2019\/11\/beal-gully.jpg","type":"image\/jpeg"}],"twitter_misc":{"Disponibilit\u00e0":"In stock"},"schema":{"@context":"https:\/\/schema.org","@graph":[{"@type":"WebPage","@id":"https:\/\/www.sestogrado.it\/it\/prodotto\/beal-gully-7-3-unicore-golden-dry-mezza-corda-arrampicata\/","url":"https:\/\/www.sestogrado.it\/it\/prodotto\/beal-gully-7-3-unicore-golden-dry-mezza-corda-arrampicata\/","name":"Beal Gully 7.3 Unicore Golden Dry mezza corda arrampicata - Sestogrado","isPartOf":{"@id":"https:\/\/www.sestogrado.it\/it\/#website"},"primaryImageOfPage":{"@id":"https:\/\/www.sestogrado.it\/it\/prodotto\/beal-gully-7-3-unicore-golden-dry-mezza-corda-arrampicata\/#primaryimage"},"image":{"@id":"https:\/\/www.sestogrado.it\/prodotto\/beal-gully-7-3-unicore-golden-dry-mezza-corda-arrampicata\/#primaryimage"},"thumbnailUrl":"https:\/\/www.sestogrado.it\/wp-content\/uploads\/2019\/11\/beal-gully.jpg","datePublished":"2019-11-07T10:52:09+00:00","dateModified":"2026-02-20T07:37:48+00:00","description":"La Beal Gully 7.3 Unicore Goden Dry \u00e8 il massimo della tecnologia Beal applicata ad una mezza corda. Le Beal Gully 7.3 sono dedicate all'alpinismo tecnico ed al ghiaccio in virt\u00f9 della totale impermeabilit\u00e0.Con un peso di soli 36g al metro, la Gully \u00e8 la pi\u00f9 leggera mezza corda sul mercato, ed ha una forza d'arresto estremamente bassa, di soli 5.2kN.Omologata sia come mezza corda, sia come corda gemella, la Beal Gully \u00e8 la corda ideale per cascate di ghiaccio, alpinismo tecnico sui terreni pi\u00f9 severi. La costruzione Unicore fornisce garanzia extra di solidit\u00e0 e sicurezza.","breadcrumb":{"@id":"https:\/\/www.sestogrado.it\/it\/prodotto\/beal-gully-7-3-unicore-golden-dry-mezza-corda-arrampicata\/#breadcrumb"},"inLanguage":"it-IT","potentialAction":[{"@type":"ReadAction","target":[["https:\/\/www.sestogrado.it\/it\/prodotto\/beal-gully-7-3-unicore-golden-dry-mezza-corda-arrampicata\/"]]}]},{"@type":"ImageObject","inLanguage":"it-IT","@id":"https:\/\/www.sestogrado.it\/it\/prodotto\/beal-gully-7-3-unicore-golden-dry-mezza-corda-arrampicata\/#primaryimage","url":"https:\/\/www.sestogrado.it\/wp-content\/uploads\/2019\/11\/beal-gully.jpg","contentUrl":"https:\/\/www.sestogrado.it\/wp-content\/uploads\/2019\/11\/beal-gully.jpg","width":1200,"height":1200,"caption":"beal gully 7.3"},{"@type":"BreadcrumbList","@id":"https:\/\/www.sestogrado.it\/it\/prodotto\/beal-gully-7-3-unicore-golden-dry-mezza-corda-arrampicata\/#breadcrumb","itemListElement":[{"@type":"ListItem","position":1,"name":"Home","item":"https:\/\/www.sestogrado.it\/it\/"},{"@type":"ListItem","position":2,"name":"Shop","item":"https:\/\/www.sestogrado.it\/it\/shop\/"},{"@type":"ListItem","position":3,"name":"Beal Gully 7.3 Unicore Golden Dry mezza corda arrampicata"}]},{"@type":"WebSite","@id":"https:\/\/www.sestogrado.it\/it\/#website","url":"https:\/\/www.sestogrado.it\/it\/","name":"Sestogrado","description":"yes we climb","publisher":{"@id":"https:\/\/www.sestogrado.it\/it\/#organization"},"potentialAction":[{"@type":"SearchAction","target":{"@type":"EntryPoint","urlTemplate":"https:\/\/www.sestogrado.it\/it\/?s={search_term_string}"},"query-input":{"@type":"PropertyValueSpecification","valueRequired":true,"valueName":"search_term_string"}}],"inLanguage":"it-IT"},{"@type":"Organization","@id":"https:\/\/www.sestogrado.it\/it\/#organization","name":"Sestogrado","url":"https:\/\/www.sestogrado.it\/it\/","logo":{"@type":"ImageObject","inLanguage":"it-IT","@id":"https:\/\/www.sestogrado.it\/it\/#\/schema\/logo\/image\/","url":"https:\/\/www.sestogrado.it\/wp-content\/uploads\/2015\/03\/sestogrado-favicon.png","contentUrl":"https:\/\/www.sestogrado.it\/wp-content\/uploads\/2015\/03\/sestogrado-favicon.png","width":260,"height":260,"caption":"Sestogrado"},"image":{"@id":"https:\/\/www.sestogrado.it\/it\/#\/schema\/logo\/image\/"},"sameAs":["https:\/\/www.facebook.com\/pages\/Sestogrado\/1542635979353017?ref=bookmarks","https:\/\/www.youtube.com\/channel\/UC847kAfTkaJsWpc1jtQwr3Q"],"hasMerchantReturnPolicy":{"@type":"MerchantReturnPolicy","merchantReturnLink":"https:\/\/www.sestogrado.it\/it\/termini-e-condizioni\/"}}]},"product_brand":"Beal","og_availability":"instock","product_availability":"instock","product_condition":"new"},"_links":{"self":[{"href":"https:\/\/www.sestogrado.it\/it\/wp-json\/wp\/v2\/product\/23891","targetHints":{"allow":["GET"]}}],"collection":[{"href":"https:\/\/www.sestogrado.it\/it\/wp-json\/wp\/v2\/product"}],"about":[{"href":"https:\/\/www.sestogrado.it\/it\/wp-json\/wp\/v2\/types\/product"}],"replies":[{"embeddable":true,"href":"https:\/\/www.sestogrado.it\/it\/wp-json\/wp\/v2\/comments?post=23891"}],"wp:featuredmedia":[{"embeddable":true,"href":"https:\/\/www.sestogrado.it\/it\/wp-json\/wp\/v2\/media\/38970"}],"wp:attachment":[{"href":"https:\/\/www.sestogrado.it\/it\/wp-json\/wp\/v2\/media?parent=23891"}],"wp:term":[{"taxonomy":"product_brand","embeddable":true,"href":"https:\/\/www.sestogrado.it\/it\/wp-json\/wp\/v2\/product_brand?post=23891"},{"taxonomy":"product_cat","embeddable":true,"href":"https:\/\/www.sestogrado.it\/it\/wp-json\/wp\/v2\/product_cat?post=23891"},{"taxonomy":"product_tag","embeddable":true,"href":"https:\/\/www.sestogrado.it\/it\/wp-json\/wp\/v2\/product_tag?post=23891"}],"curies":[{"name":"wp","href":"https:\/\/api.w.org\/{rel}","templated":true}]}}