{"id":23610,"date":"2021-11-10T16:32:46","date_gmt":"2021-11-10T15:32:46","guid":{"rendered":"https:\/\/www.sestogrado.it\/?post_type=product&#038;p=23610"},"modified":"2026-02-24T08:59:23","modified_gmt":"2026-02-24T07:59:23","slug":"camp-geko-ice-pro-guanti-per-cascate-di-ghiaccio-alpinismo-tecnico","status":"publish","type":"product","link":"https:\/\/www.sestogrado.it\/it\/prodotto\/camp-geko-ice-pro-guanti-per-cascate-di-ghiaccio-alpinismo-tecnico\/","title":{"rendered":"Camp Geko Ice Pro guanti per cascate di ghiaccio e dry-tooling"},"content":{"rendered":"<p>Il Geko Ice Pro \u00e8 un guanto innovativo che garantisce un grip eccezionale sulle piccozze. \u00c8 quindi perfetto per le cascate di ghiaccio, il dry-tooling e l\u2019alpinismo tecnico. L\u2019eccellente presa sugli attrezzi \u00e8 assicurata dalla pelle\u00a0Pro Grip sul palmo e sulle dita. Questa pelle speciale, resistente e impermeabile, \u00e8 caratterizzata da un trattamento che le conferisce un\u2019aderenza superiore in ogni condizione ambientale. Le prestazioni del Geko Ice Pro sono incrementate dalle dita preformate e dalla costruzione anatomica e aderente alla mano, a vantaggio della sensibilit\u00e0 e della precisione. Lo strap del polsino \u00e8 posto esternamente (lato dorso) per non intralciare quando ci si deterge il sudore. La protezione dal freddo e dall\u2019umidit\u00e0 \u00e8 garantita dall\u2019imbottitura in PrimaLoft\u00ae Gold 60 g\/m2 sul dorso e dalla membrana impermeabile DRYZONE\u00ae.<\/p>\n<ul>\n<li>Palmo con tecnologia &#8220;No Slip&#8221; (antiscivolo) per garantire la miglior presa sugli attrezzi<\/li>\n<li>Membrana DRYZONE\u00ae impermeabile e traspirante<\/li>\n<li>Dorso con imbottitura in PrimaLoft\u00ae Gold 60 g\/m2<\/li>\n<li>Palmo e dita in robusta pelle di capra Pro Grip con rinforzi nei punti di maggiore usura per durata e grip eccezionali<\/li>\n<li>Dita preformate con costruzione \u201cDart Finger\u201d, priva di fourchette tra le dita che riduce al minimo il numero di punti di cucitura offrendo quindi un eccellente comfort<\/li>\n<li>Costruzione anatomica e aderente alla mano per incrementare sensibilit\u00e0 e precisione<\/li>\n<li>Inserto tergisudore sul pollice<\/li>\n<li>Polso con strap sulla parte esterna (lato dorso), con lacciolo\u00a0elastico per evitare di perdere il guanto quando non indossato<\/li>\n<li>Tiretto\u00a0sul polso\u00a0per calzare il guanto<\/li>\n<li>Asola sul dito medio\u00a0per appendere il guanto quando non in uso<\/li>\n<li>Fibbie per accoppiare\u00a0i guanti<\/li>\n<\/ul>\n<p>&nbsp;<\/p>\n<p>Per un grip ed una sensibilit\u00e0 senza paragoni, i guanti CAMP Geko Ice Pro sono tra i <strong>top di gamma per le cascate di ghiaccio<\/strong> e <strong>dry-tooling<\/strong>.<\/p>\n<p><img decoding=\"async\" class=\"size-full wp-image-23611 img-fluid alignnone\" src=\"https:\/\/www.sestogrado.it\/wp-content\/uploads\/2019\/10\/cascata.jpg\" alt=\"cascata ghiaccio\" width=\"382\" height=\"180\" srcset=\"https:\/\/www.sestogrado.it\/wp-content\/uploads\/2019\/10\/cascata.jpg 382w, https:\/\/www.sestogrado.it\/wp-content\/uploads\/2019\/10\/cascata-300x141.jpg 300w, https:\/\/www.sestogrado.it\/wp-content\/uploads\/2019\/10\/cascata-64x30.jpg 64w, https:\/\/www.sestogrado.it\/wp-content\/uploads\/2019\/10\/cascata-160x75.jpg 160w\" sizes=\"(max-width: 382px) 100vw, 382px\" \/><\/p>\n<p><iframe src=\"\/\/www.youtube.com\/embed\/xFImG-g49D4\" width=\"560\" height=\"314\" allowfullscreen=\"allowfullscreen\"><\/iframe><\/p>\n<p>Come scegliere la taglia:<\/p>\n<p><img decoding=\"async\" class=\"size-full wp-image-23609 img-fluid alignnone\" src=\"https:\/\/www.sestogrado.it\/wp-content\/uploads\/2019\/10\/mano.png\" alt=\"mano\" width=\"300\" height=\"300\" srcset=\"https:\/\/www.sestogrado.it\/wp-content\/uploads\/2019\/10\/mano.png 300w, https:\/\/www.sestogrado.it\/wp-content\/uploads\/2019\/10\/mano-100x100.png 100w, https:\/\/www.sestogrado.it\/wp-content\/uploads\/2019\/10\/mano-220x220.png 220w, https:\/\/www.sestogrado.it\/wp-content\/uploads\/2019\/10\/mano-150x150.png 150w, https:\/\/www.sestogrado.it\/wp-content\/uploads\/2019\/10\/mano-45x45.png 45w, https:\/\/www.sestogrado.it\/wp-content\/uploads\/2019\/10\/mano-64x64.png 64w, https:\/\/www.sestogrado.it\/wp-content\/uploads\/2019\/10\/mano-80x80.png 80w\" sizes=\"(max-width: 300px) 100vw, 300px\" \/><\/p>\n<p>&nbsp;<\/p>\n<p>XS 12.7cm<\/p>\n<p>S 15.24cm<\/p>\n<p>M 17.78cm<\/p>\n<p>L 20.32cm<\/p>\n<p>XL 22.86cm<\/p>\n<p>XXL 25.40cm<\/p>\n<p>XXXL 27.94cm<\/p>\n<p>&nbsp;<\/p>\n<p>&nbsp;<\/p>\n<p>Passione, lavoro e semplicit\u00e0 sono alcune delle parole chiave che da sempre hanno contraddistinto il modo di essere di C.A.M.P. Fondata nel 1889 a Premana, paese dell\u2019alta Valsassina dove tutt\u2019oggi ha la sua sede, C.A.M.P. realizza prodotti che aiutano a realizzare i sogni ed i progetti di tutti coloro che frequentano la montagna.<\/p>\n<p>&nbsp;<\/p>","protected":false},"excerpt":{"rendered":"<p>Il Geko Ice Pro \u00e8 un guanto innovativo che garantisce un grip eccezionale sulle piccozze. \u00c8 quindi perfetto per le [&hellip;]<\/p>\n","protected":false},"featured_media":210784,"comment_status":"open","ping_status":"closed","template":"","meta":{"_acf_changed":false},"product_brand":[31],"product_cat":[1428],"product_tag":[918,896,467,897,617,616,919,894],"class_list":{"0":"post-23610","1":"product","2":"type-product","3":"status-publish","4":"has-post-thumbnail","6":"product_brand-camp","7":"product_cat-guanti-da-alpinismo","8":"product_tag-guanti","9":"product_tag-guanti-alta-quota","10":"product_tag-guanti-arrampicata","11":"product_tag-guanti-camp","12":"product_tag-guanti-da-alpinismo","13":"product_tag-guanti-da-ghiaccio","14":"product_tag-guanti-geko-ice-pro","15":"product_tag-guanti-montagna","17":"first","18":"instock","19":"sale","20":"taxable","21":"shipping-taxable","22":"purchasable","23":"product-type-variable"},"acf":[],"yoast_head":"<!-- This site is optimized with the Yoast SEO plugin v26.4 - https:\/\/yoast.com\/wordpress\/plugins\/seo\/ -->\n<title>Camp Geko Ice Pro guanti per cascate di ghiaccio e dry-tooling - Sestogrado<\/title>\n<meta name=\"description\" content=\"Il nuovo modello di Geko Ice Pro \u00e8 un guanto innovativo che garantisce un grip eccezionale sulle piccozze. \u00c8 quindi perfetto per le cascate di ghiaccio, il dry-tooling e l\u2019alpinismo tecnico. L\u2019eccellente presa sugli attrezzi \u00e8 assicurata dagli inserti in Pittards Pearl Atomic Oiltac\u00ae sul palmo e sulle dita. Questa pelle speciale, resistente e impermeabile, \u00e8 caratterizzata da un trattamento che le conferisce un\u2019aderenza superiore in ogni condizione ambientale. Le prestazioni del Geko Ice Pro sono incrementate dalle dita preformate e dalla nuova costruzione ancora pi\u00f9 anatomica e aderente alla mano, a vantaggio della sensibilit\u00e0 e della precisione. Lo strap del polsino \u00e8 stato spostato esternamente (lato dorso) per non intralciare quando ci si deterge il sudore. La protezione dal freddo e dall\u2019umidit\u00e0 \u00e8 garantita dall\u2019imbottitura in PrimaLoft\u00ae Gold 60 g\/m2\u00a0sul dorso e dalla membrana impermeabile DRYZONE\u00ae.\" \/>\n<meta name=\"robots\" content=\"index, follow, max-snippet:-1, max-image-preview:large, max-video-preview:-1\" \/>\n<link rel=\"canonical\" href=\"https:\/\/www.sestogrado.it\/it\/prodotto\/camp-geko-ice-pro-guanti-per-cascate-di-ghiaccio-alpinismo-tecnico\/\" \/>\n<meta property=\"og:locale\" content=\"it_IT\" \/>\n<meta property=\"og:type\" content=\"article\" \/>\n<meta property=\"og:title\" content=\"Camp Geko Ice Pro guanti per cascate di ghiaccio e dry-tooling - Sestogrado\" \/>\n<meta property=\"og:description\" content=\"Il nuovo modello di Geko Ice Pro \u00e8 un guanto innovativo che garantisce un grip eccezionale sulle piccozze. \u00c8 quindi perfetto per le cascate di ghiaccio, il dry-tooling e l\u2019alpinismo tecnico. L\u2019eccellente presa sugli attrezzi \u00e8 assicurata dagli inserti in Pittards Pearl Atomic Oiltac\u00ae sul palmo e sulle dita. Questa pelle speciale, resistente e impermeabile, \u00e8 caratterizzata da un trattamento che le conferisce un\u2019aderenza superiore in ogni condizione ambientale. Le prestazioni del Geko Ice Pro sono incrementate dalle dita preformate e dalla nuova costruzione ancora pi\u00f9 anatomica e aderente alla mano, a vantaggio della sensibilit\u00e0 e della precisione. Lo strap del polsino \u00e8 stato spostato esternamente (lato dorso) per non intralciare quando ci si deterge il sudore. La protezione dal freddo e dall\u2019umidit\u00e0 \u00e8 garantita dall\u2019imbottitura in PrimaLoft\u00ae Gold 60 g\/m2\u00a0sul dorso e dalla membrana impermeabile DRYZONE\u00ae.\" \/>\n<meta property=\"og:url\" content=\"https:\/\/www.sestogrado.it\/it\/prodotto\/camp-geko-ice-pro-guanti-per-cascate-di-ghiaccio-alpinismo-tecnico\/\" \/>\n<meta property=\"og:site_name\" content=\"Sestogrado\" \/>\n<meta property=\"article:publisher\" content=\"https:\/\/www.facebook.com\/pages\/Sestogrado\/1542635979353017?ref=bookmarks\" \/>\n<meta property=\"article:modified_time\" content=\"2026-02-24T07:59:23+00:00\" \/>\n<meta property=\"og:image\" content=\"https:\/\/www.sestogrado.it\/wp-content\/uploads\/2021\/11\/01-15.jpg\" \/>\n\t<meta property=\"og:image:width\" content=\"1000\" \/>\n\t<meta property=\"og:image:height\" content=\"1000\" \/>\n\t<meta property=\"og:image:type\" content=\"image\/jpeg\" \/>\n<meta name=\"twitter:label1\" content=\"Disponibilit\u00e0\" \/>\n\t<meta name=\"twitter:data1\" content=\"In stock\" \/>\n<script type=\"application\/ld+json\" class=\"yoast-schema-graph\">{\"@context\":\"https:\/\/schema.org\",\"@graph\":[{\"@type\":\"WebPage\",\"@id\":\"https:\/\/www.sestogrado.it\/it\/prodotto\/camp-geko-ice-pro-guanti-per-cascate-di-ghiaccio-alpinismo-tecnico\/\",\"url\":\"https:\/\/www.sestogrado.it\/it\/prodotto\/camp-geko-ice-pro-guanti-per-cascate-di-ghiaccio-alpinismo-tecnico\/\",\"name\":\"Camp Geko Ice Pro guanti per cascate di ghiaccio e dry-tooling - Sestogrado\",\"isPartOf\":{\"@id\":\"https:\/\/www.sestogrado.it\/it\/#website\"},\"primaryImageOfPage\":{\"@id\":\"https:\/\/www.sestogrado.it\/it\/prodotto\/camp-geko-ice-pro-guanti-per-cascate-di-ghiaccio-alpinismo-tecnico\/#primaryimage\"},\"image\":{\"@id\":\"https:\/\/www.sestogrado.it\/prodotto\/camp-geko-ice-pro-guanti-per-cascate-di-ghiaccio-alpinismo-tecnico\/#primaryimage\"},\"thumbnailUrl\":\"https:\/\/www.sestogrado.it\/wp-content\/uploads\/2021\/11\/01-15.jpg\",\"datePublished\":\"2021-11-10T15:32:46+00:00\",\"dateModified\":\"2026-02-24T07:59:23+00:00\",\"description\":\"Il nuovo modello di Geko Ice Pro \u00e8 un guanto innovativo che garantisce un grip eccezionale sulle piccozze. \u00c8 quindi perfetto per le cascate di ghiaccio, il dry-tooling e l\u2019alpinismo tecnico. L\u2019eccellente presa sugli attrezzi \u00e8 assicurata dagli inserti in Pittards Pearl Atomic Oiltac\u00ae sul palmo e sulle dita. Questa pelle speciale, resistente e impermeabile, \u00e8 caratterizzata da un trattamento che le conferisce un\u2019aderenza superiore in ogni condizione ambientale. Le prestazioni del Geko Ice Pro sono incrementate dalle dita preformate e dalla nuova costruzione ancora pi\u00f9 anatomica e aderente alla mano, a vantaggio della sensibilit\u00e0 e della precisione. Lo strap del polsino \u00e8 stato spostato esternamente (lato dorso) per non intralciare quando ci si deterge il sudore. La protezione dal freddo e dall\u2019umidit\u00e0 \u00e8 garantita dall\u2019imbottitura in PrimaLoft\u00ae Gold 60 g\/m2\u00a0sul dorso e dalla membrana impermeabile DRYZONE\u00ae.\",\"breadcrumb\":{\"@id\":\"https:\/\/www.sestogrado.it\/it\/prodotto\/camp-geko-ice-pro-guanti-per-cascate-di-ghiaccio-alpinismo-tecnico\/#breadcrumb\"},\"inLanguage\":\"it-IT\",\"potentialAction\":[{\"@type\":\"ReadAction\",\"target\":[[\"https:\/\/www.sestogrado.it\/it\/prodotto\/camp-geko-ice-pro-guanti-per-cascate-di-ghiaccio-alpinismo-tecnico\/\"]]}]},{\"@type\":\"ImageObject\",\"inLanguage\":\"it-IT\",\"@id\":\"https:\/\/www.sestogrado.it\/it\/prodotto\/camp-geko-ice-pro-guanti-per-cascate-di-ghiaccio-alpinismo-tecnico\/#primaryimage\",\"url\":\"https:\/\/www.sestogrado.it\/wp-content\/uploads\/2021\/11\/01-15.jpg\",\"contentUrl\":\"https:\/\/www.sestogrado.it\/wp-content\/uploads\/2021\/11\/01-15.jpg\",\"width\":1000,\"height\":1000,\"caption\":\"geko ice pro\"},{\"@type\":\"BreadcrumbList\",\"@id\":\"https:\/\/www.sestogrado.it\/it\/prodotto\/camp-geko-ice-pro-guanti-per-cascate-di-ghiaccio-alpinismo-tecnico\/#breadcrumb\",\"itemListElement\":[{\"@type\":\"ListItem\",\"position\":1,\"name\":\"Home\",\"item\":\"https:\/\/www.sestogrado.it\/it\/\"},{\"@type\":\"ListItem\",\"position\":2,\"name\":\"Shop\",\"item\":\"https:\/\/www.sestogrado.it\/it\/shop\/\"},{\"@type\":\"ListItem\",\"position\":3,\"name\":\"Camp Geko Ice Pro guanti per cascate di ghiaccio e dry-tooling\"}]},{\"@type\":\"WebSite\",\"@id\":\"https:\/\/www.sestogrado.it\/it\/#website\",\"url\":\"https:\/\/www.sestogrado.it\/it\/\",\"name\":\"Sestogrado\",\"description\":\"yes we climb\",\"publisher\":{\"@id\":\"https:\/\/www.sestogrado.it\/it\/#organization\"},\"potentialAction\":[{\"@type\":\"SearchAction\",\"target\":{\"@type\":\"EntryPoint\",\"urlTemplate\":\"https:\/\/www.sestogrado.it\/it\/?s={search_term_string}\"},\"query-input\":{\"@type\":\"PropertyValueSpecification\",\"valueRequired\":true,\"valueName\":\"search_term_string\"}}],\"inLanguage\":\"it-IT\"},{\"@type\":\"Organization\",\"@id\":\"https:\/\/www.sestogrado.it\/it\/#organization\",\"name\":\"Sestogrado\",\"url\":\"https:\/\/www.sestogrado.it\/it\/\",\"logo\":{\"@type\":\"ImageObject\",\"inLanguage\":\"it-IT\",\"@id\":\"https:\/\/www.sestogrado.it\/it\/#\/schema\/logo\/image\/\",\"url\":\"https:\/\/www.sestogrado.it\/wp-content\/uploads\/2015\/03\/sestogrado-favicon.png\",\"contentUrl\":\"https:\/\/www.sestogrado.it\/wp-content\/uploads\/2015\/03\/sestogrado-favicon.png\",\"width\":260,\"height\":260,\"caption\":\"Sestogrado\"},\"image\":{\"@id\":\"https:\/\/www.sestogrado.it\/it\/#\/schema\/logo\/image\/\"},\"sameAs\":[\"https:\/\/www.facebook.com\/pages\/Sestogrado\/1542635979353017?ref=bookmarks\",\"https:\/\/www.youtube.com\/channel\/UC847kAfTkaJsWpc1jtQwr3Q\"],\"hasMerchantReturnPolicy\":{\"@type\":\"MerchantReturnPolicy\",\"merchantReturnLink\":\"https:\/\/www.sestogrado.it\/it\/termini-e-condizioni\/\"}}]}<\/script>\n<meta property=\"product:brand\" content=\"Camp\" \/>\n<meta property=\"og:availability\" content=\"instock\" \/>\n<meta property=\"product:availability\" content=\"instock\" \/>\n<meta property=\"product:condition\" content=\"new\" \/>\n<!-- \/ Yoast SEO plugin. -->","yoast_head_json":{"title":"Camp Geko Ice Pro guanti per cascate di ghiaccio e dry-tooling - Sestogrado","description":"Il nuovo modello di Geko Ice Pro \u00e8 un guanto innovativo che garantisce un grip eccezionale sulle piccozze. \u00c8 quindi perfetto per le cascate di ghiaccio, il dry-tooling e l\u2019alpinismo tecnico. L\u2019eccellente presa sugli attrezzi \u00e8 assicurata dagli inserti in Pittards Pearl Atomic Oiltac\u00ae sul palmo e sulle dita. Questa pelle speciale, resistente e impermeabile, \u00e8 caratterizzata da un trattamento che le conferisce un\u2019aderenza superiore in ogni condizione ambientale. Le prestazioni del Geko Ice Pro sono incrementate dalle dita preformate e dalla nuova costruzione ancora pi\u00f9 anatomica e aderente alla mano, a vantaggio della sensibilit\u00e0 e della precisione. Lo strap del polsino \u00e8 stato spostato esternamente (lato dorso) per non intralciare quando ci si deterge il sudore. La protezione dal freddo e dall\u2019umidit\u00e0 \u00e8 garantita dall\u2019imbottitura in PrimaLoft\u00ae Gold 60 g\/m2\u00a0sul dorso e dalla membrana impermeabile DRYZONE\u00ae.","robots":{"index":"index","follow":"follow","max-snippet":"max-snippet:-1","max-image-preview":"max-image-preview:large","max-video-preview":"max-video-preview:-1"},"canonical":"https:\/\/www.sestogrado.it\/it\/prodotto\/camp-geko-ice-pro-guanti-per-cascate-di-ghiaccio-alpinismo-tecnico\/","og_locale":"it_IT","og_type":"article","og_title":"Camp Geko Ice Pro guanti per cascate di ghiaccio e dry-tooling - Sestogrado","og_description":"Il nuovo modello di Geko Ice Pro \u00e8 un guanto innovativo che garantisce un grip eccezionale sulle piccozze. \u00c8 quindi perfetto per le cascate di ghiaccio, il dry-tooling e l\u2019alpinismo tecnico. L\u2019eccellente presa sugli attrezzi \u00e8 assicurata dagli inserti in Pittards Pearl Atomic Oiltac\u00ae sul palmo e sulle dita. Questa pelle speciale, resistente e impermeabile, \u00e8 caratterizzata da un trattamento che le conferisce un\u2019aderenza superiore in ogni condizione ambientale. Le prestazioni del Geko Ice Pro sono incrementate dalle dita preformate e dalla nuova costruzione ancora pi\u00f9 anatomica e aderente alla mano, a vantaggio della sensibilit\u00e0 e della precisione. Lo strap del polsino \u00e8 stato spostato esternamente (lato dorso) per non intralciare quando ci si deterge il sudore. La protezione dal freddo e dall\u2019umidit\u00e0 \u00e8 garantita dall\u2019imbottitura in PrimaLoft\u00ae Gold 60 g\/m2\u00a0sul dorso e dalla membrana impermeabile DRYZONE\u00ae.","og_url":"https:\/\/www.sestogrado.it\/it\/prodotto\/camp-geko-ice-pro-guanti-per-cascate-di-ghiaccio-alpinismo-tecnico\/","og_site_name":"Sestogrado","article_publisher":"https:\/\/www.facebook.com\/pages\/Sestogrado\/1542635979353017?ref=bookmarks","article_modified_time":"2026-02-24T07:59:23+00:00","og_image":[{"width":1000,"height":1000,"url":"https:\/\/www.sestogrado.it\/wp-content\/uploads\/2021\/11\/01-15.jpg","type":"image\/jpeg"}],"twitter_misc":{"Disponibilit\u00e0":"In stock"},"schema":{"@context":"https:\/\/schema.org","@graph":[{"@type":"WebPage","@id":"https:\/\/www.sestogrado.it\/it\/prodotto\/camp-geko-ice-pro-guanti-per-cascate-di-ghiaccio-alpinismo-tecnico\/","url":"https:\/\/www.sestogrado.it\/it\/prodotto\/camp-geko-ice-pro-guanti-per-cascate-di-ghiaccio-alpinismo-tecnico\/","name":"Camp Geko Ice Pro guanti per cascate di ghiaccio e dry-tooling - Sestogrado","isPartOf":{"@id":"https:\/\/www.sestogrado.it\/it\/#website"},"primaryImageOfPage":{"@id":"https:\/\/www.sestogrado.it\/it\/prodotto\/camp-geko-ice-pro-guanti-per-cascate-di-ghiaccio-alpinismo-tecnico\/#primaryimage"},"image":{"@id":"https:\/\/www.sestogrado.it\/prodotto\/camp-geko-ice-pro-guanti-per-cascate-di-ghiaccio-alpinismo-tecnico\/#primaryimage"},"thumbnailUrl":"https:\/\/www.sestogrado.it\/wp-content\/uploads\/2021\/11\/01-15.jpg","datePublished":"2021-11-10T15:32:46+00:00","dateModified":"2026-02-24T07:59:23+00:00","description":"Il nuovo modello di Geko Ice Pro \u00e8 un guanto innovativo che garantisce un grip eccezionale sulle piccozze. \u00c8 quindi perfetto per le cascate di ghiaccio, il dry-tooling e l\u2019alpinismo tecnico. L\u2019eccellente presa sugli attrezzi \u00e8 assicurata dagli inserti in Pittards Pearl Atomic Oiltac\u00ae sul palmo e sulle dita. Questa pelle speciale, resistente e impermeabile, \u00e8 caratterizzata da un trattamento che le conferisce un\u2019aderenza superiore in ogni condizione ambientale. Le prestazioni del Geko Ice Pro sono incrementate dalle dita preformate e dalla nuova costruzione ancora pi\u00f9 anatomica e aderente alla mano, a vantaggio della sensibilit\u00e0 e della precisione. Lo strap del polsino \u00e8 stato spostato esternamente (lato dorso) per non intralciare quando ci si deterge il sudore. La protezione dal freddo e dall\u2019umidit\u00e0 \u00e8 garantita dall\u2019imbottitura in PrimaLoft\u00ae Gold 60 g\/m2\u00a0sul dorso e dalla membrana impermeabile DRYZONE\u00ae.","breadcrumb":{"@id":"https:\/\/www.sestogrado.it\/it\/prodotto\/camp-geko-ice-pro-guanti-per-cascate-di-ghiaccio-alpinismo-tecnico\/#breadcrumb"},"inLanguage":"it-IT","potentialAction":[{"@type":"ReadAction","target":[["https:\/\/www.sestogrado.it\/it\/prodotto\/camp-geko-ice-pro-guanti-per-cascate-di-ghiaccio-alpinismo-tecnico\/"]]}]},{"@type":"ImageObject","inLanguage":"it-IT","@id":"https:\/\/www.sestogrado.it\/it\/prodotto\/camp-geko-ice-pro-guanti-per-cascate-di-ghiaccio-alpinismo-tecnico\/#primaryimage","url":"https:\/\/www.sestogrado.it\/wp-content\/uploads\/2021\/11\/01-15.jpg","contentUrl":"https:\/\/www.sestogrado.it\/wp-content\/uploads\/2021\/11\/01-15.jpg","width":1000,"height":1000,"caption":"geko ice pro"},{"@type":"BreadcrumbList","@id":"https:\/\/www.sestogrado.it\/it\/prodotto\/camp-geko-ice-pro-guanti-per-cascate-di-ghiaccio-alpinismo-tecnico\/#breadcrumb","itemListElement":[{"@type":"ListItem","position":1,"name":"Home","item":"https:\/\/www.sestogrado.it\/it\/"},{"@type":"ListItem","position":2,"name":"Shop","item":"https:\/\/www.sestogrado.it\/it\/shop\/"},{"@type":"ListItem","position":3,"name":"Camp Geko Ice Pro guanti per cascate di ghiaccio e dry-tooling"}]},{"@type":"WebSite","@id":"https:\/\/www.sestogrado.it\/it\/#website","url":"https:\/\/www.sestogrado.it\/it\/","name":"Sestogrado","description":"yes we climb","publisher":{"@id":"https:\/\/www.sestogrado.it\/it\/#organization"},"potentialAction":[{"@type":"SearchAction","target":{"@type":"EntryPoint","urlTemplate":"https:\/\/www.sestogrado.it\/it\/?s={search_term_string}"},"query-input":{"@type":"PropertyValueSpecification","valueRequired":true,"valueName":"search_term_string"}}],"inLanguage":"it-IT"},{"@type":"Organization","@id":"https:\/\/www.sestogrado.it\/it\/#organization","name":"Sestogrado","url":"https:\/\/www.sestogrado.it\/it\/","logo":{"@type":"ImageObject","inLanguage":"it-IT","@id":"https:\/\/www.sestogrado.it\/it\/#\/schema\/logo\/image\/","url":"https:\/\/www.sestogrado.it\/wp-content\/uploads\/2015\/03\/sestogrado-favicon.png","contentUrl":"https:\/\/www.sestogrado.it\/wp-content\/uploads\/2015\/03\/sestogrado-favicon.png","width":260,"height":260,"caption":"Sestogrado"},"image":{"@id":"https:\/\/www.sestogrado.it\/it\/#\/schema\/logo\/image\/"},"sameAs":["https:\/\/www.facebook.com\/pages\/Sestogrado\/1542635979353017?ref=bookmarks","https:\/\/www.youtube.com\/channel\/UC847kAfTkaJsWpc1jtQwr3Q"],"hasMerchantReturnPolicy":{"@type":"MerchantReturnPolicy","merchantReturnLink":"https:\/\/www.sestogrado.it\/it\/termini-e-condizioni\/"}}]},"product_brand":"Camp","og_availability":"instock","product_availability":"instock","product_condition":"new"},"_links":{"self":[{"href":"https:\/\/www.sestogrado.it\/it\/wp-json\/wp\/v2\/product\/23610","targetHints":{"allow":["GET"]}}],"collection":[{"href":"https:\/\/www.sestogrado.it\/it\/wp-json\/wp\/v2\/product"}],"about":[{"href":"https:\/\/www.sestogrado.it\/it\/wp-json\/wp\/v2\/types\/product"}],"replies":[{"embeddable":true,"href":"https:\/\/www.sestogrado.it\/it\/wp-json\/wp\/v2\/comments?post=23610"}],"wp:featuredmedia":[{"embeddable":true,"href":"https:\/\/www.sestogrado.it\/it\/wp-json\/wp\/v2\/media\/210784"}],"wp:attachment":[{"href":"https:\/\/www.sestogrado.it\/it\/wp-json\/wp\/v2\/media?parent=23610"}],"wp:term":[{"taxonomy":"product_brand","embeddable":true,"href":"https:\/\/www.sestogrado.it\/it\/wp-json\/wp\/v2\/product_brand?post=23610"},{"taxonomy":"product_cat","embeddable":true,"href":"https:\/\/www.sestogrado.it\/it\/wp-json\/wp\/v2\/product_cat?post=23610"},{"taxonomy":"product_tag","embeddable":true,"href":"https:\/\/www.sestogrado.it\/it\/wp-json\/wp\/v2\/product_tag?post=23610"}],"curies":[{"name":"wp","href":"https:\/\/api.w.org\/{rel}","templated":true}]}}