{"id":23582,"date":"2019-10-21T14:57:19","date_gmt":"2019-10-21T12:57:19","guid":{"rendered":"https:\/\/www.sestogrado.it\/?post_type=product&#038;p=23582"},"modified":"2024-12-10T14:43:25","modified_gmt":"2024-12-10T13:43:25","slug":"black-diamond-distance-gaiters-ghette-neve-ghiaccio-alpinismo","status":"publish","type":"product","link":"https:\/\/www.sestogrado.it\/it\/prodotto\/black-diamond-distance-gaiters-ghette-neve-ghiaccio-alpinismo\/","title":{"rendered":"Black Diamond Distance Gaiters ghette neve ghiaccio alpinismo"},"content":{"rendered":"<p>Le Black Diamond Distance Gaiter sono delle ghette ultraleggere progettate per integrarsi con scarpe da running. Realizzate per mantenerti asciutto nei lunghi trail in montagna.<\/p>\n<p>Ideali per trail running, le Distance Gaiters sono delle ghette che forniscono protezione ultraleggera nelle corse in montagna, con un design in grado di integrarsi perfettamente con la scarpa da corsa. Combinando ottima traspirabilit\u00e0 con protezione dall&#8217;acqua, le Distance Gaiters ti consentono di muoverti in terreni innevati durante il tuo trail.<\/p>\n<ul>\n<li>si integrano con scarpe da trail running<\/li>\n<li>costruzione ottimizzata per protezione e traspirabilit\u00e0<\/li>\n<\/ul>\n<p>Disponibili in due taglie, S-M per corporatura piccola, piede fino a 40\/41 circa, taglia L-XL, corporatura alta, piede da 41\/42 circa in su.<\/p>\n<p>&nbsp;<\/p>\n<p>&nbsp;<\/p>\n<p>Black Diamond dal 1957 rappresenta un punto di riferimento mondiale per l\u2019attrezzatura da arrampicata. Ci\u00f2 che all\u2019inizio era una attivit\u00e0 artigianale con incudine e martello oggi si \u00e8 trasformata in una societ\u00e0 globale con uffici in tre continenti. Il segreto di Black Diamond \u00e8 sempre lo stesso: essere una societ\u00e0 formata da appassionati climber. In Black Diamond si continua a sognare su ci\u00f2 che potrebbe essere e si continua ad essere critici su ci\u00f2 che esiste. E\u2019 cos\u00ec che il processo creativo per la realizzazione della migliore attrezzatura da arrampicata non avr\u00e0 mai fine.<\/p>","protected":false},"excerpt":{"rendered":"<p>Le Black Diamond Distance Gaiter sono delle ghette ultraleggere progettate per integrarsi con scarpe da running. Realizzate per mantenerti asciutto [&hellip;]<\/p>\n","protected":false},"featured_media":23585,"comment_status":"open","ping_status":"closed","template":"","meta":{"_acf_changed":false},"product_brand":[121],"product_cat":[711],"product_tag":[619],"class_list":{"0":"post-23582","1":"product","2":"type-product","3":"status-publish","4":"has-post-thumbnail","6":"product_brand-black-diamond","7":"product_cat-ciaspole-e-ghette","8":"product_tag-ghette","10":"first","11":"instock","12":"sale","13":"taxable","14":"shipping-taxable","15":"purchasable","16":"product-type-variable"},"acf":[],"yoast_head":"<!-- This site is optimized with the Yoast SEO plugin v26.4 - https:\/\/yoast.com\/wordpress\/plugins\/seo\/ -->\n<title>Black Diamond Distance Gaiters ghette neve ghiaccio alpinismo - Sestogrado<\/title>\n<meta name=\"description\" content=\"Le Black Diamond Distance Gaiter sono delle ghette ultraleggere progettate per integrarsi con scarpe da running. Realizzate per mantenerti asciutto nei lunghi trail in montagna.Ideali per trail running, le Distance Gaiters sono delle ghette che forniscono protezione ultraleggera nelle corse in montagna, con un design in grado di integrarsi perfettamente con la scarpa da corsa. Combinando ottima traspirabilit\u00e0 con protezione dall&#039;acqua, le Distance Gaiters ti consentono di muoverti in terreni innevati durante il tuo trail. Si integrano con scarpe da trail running, costruzione ottimizzata per protezione e traspirabilit\u00e0.\" \/>\n<meta name=\"robots\" content=\"index, follow, max-snippet:-1, max-image-preview:large, max-video-preview:-1\" \/>\n<link rel=\"canonical\" href=\"https:\/\/www.sestogrado.it\/it\/prodotto\/black-diamond-distance-gaiters-ghette-neve-ghiaccio-alpinismo\/\" \/>\n<meta property=\"og:locale\" content=\"it_IT\" \/>\n<meta property=\"og:type\" content=\"article\" \/>\n<meta property=\"og:title\" content=\"Black Diamond Distance Gaiters ghette neve ghiaccio alpinismo - Sestogrado\" \/>\n<meta property=\"og:description\" content=\"Le Black Diamond Distance Gaiter sono delle ghette ultraleggere progettate per integrarsi con scarpe da running. Realizzate per mantenerti asciutto nei lunghi trail in montagna.Ideali per trail running, le Distance Gaiters sono delle ghette che forniscono protezione ultraleggera nelle corse in montagna, con un design in grado di integrarsi perfettamente con la scarpa da corsa. Combinando ottima traspirabilit\u00e0 con protezione dall&#039;acqua, le Distance Gaiters ti consentono di muoverti in terreni innevati durante il tuo trail. Si integrano con scarpe da trail running, costruzione ottimizzata per protezione e traspirabilit\u00e0.\" \/>\n<meta property=\"og:url\" content=\"https:\/\/www.sestogrado.it\/it\/prodotto\/black-diamond-distance-gaiters-ghette-neve-ghiaccio-alpinismo\/\" \/>\n<meta property=\"og:site_name\" content=\"Sestogrado\" \/>\n<meta property=\"article:publisher\" content=\"https:\/\/www.facebook.com\/pages\/Sestogrado\/1542635979353017?ref=bookmarks\" \/>\n<meta property=\"article:modified_time\" content=\"2024-12-10T13:43:25+00:00\" \/>\n<meta property=\"og:image\" content=\"https:\/\/www.sestogrado.it\/wp-content\/uploads\/2019\/10\/01-18.jpg\" \/>\n\t<meta property=\"og:image:width\" content=\"1800\" \/>\n\t<meta property=\"og:image:height\" content=\"1800\" \/>\n\t<meta property=\"og:image:type\" content=\"image\/jpeg\" \/>\n<meta name=\"twitter:label1\" content=\"Disponibilit\u00e0\" \/>\n\t<meta name=\"twitter:data1\" content=\"In stock\" \/>\n<script type=\"application\/ld+json\" class=\"yoast-schema-graph\">{\"@context\":\"https:\/\/schema.org\",\"@graph\":[{\"@type\":\"WebPage\",\"@id\":\"https:\/\/www.sestogrado.it\/it\/prodotto\/black-diamond-distance-gaiters-ghette-neve-ghiaccio-alpinismo\/\",\"url\":\"https:\/\/www.sestogrado.it\/it\/prodotto\/black-diamond-distance-gaiters-ghette-neve-ghiaccio-alpinismo\/\",\"name\":\"Black Diamond Distance Gaiters ghette neve ghiaccio alpinismo - Sestogrado\",\"isPartOf\":{\"@id\":\"https:\/\/www.sestogrado.it\/it\/#website\"},\"primaryImageOfPage\":{\"@id\":\"https:\/\/www.sestogrado.it\/it\/prodotto\/black-diamond-distance-gaiters-ghette-neve-ghiaccio-alpinismo\/#primaryimage\"},\"image\":{\"@id\":\"https:\/\/www.sestogrado.it\/prodotto\/black-diamond-distance-gaiters-ghette-neve-ghiaccio-alpinismo\/#primaryimage\"},\"thumbnailUrl\":\"https:\/\/www.sestogrado.it\/wp-content\/uploads\/2019\/10\/01-18.jpg\",\"datePublished\":\"2019-10-21T12:57:19+00:00\",\"dateModified\":\"2024-12-10T13:43:25+00:00\",\"description\":\"Le Black Diamond Distance Gaiter sono delle ghette ultraleggere progettate per integrarsi con scarpe da running. Realizzate per mantenerti asciutto nei lunghi trail in montagna.Ideali per trail running, le Distance Gaiters sono delle ghette che forniscono protezione ultraleggera nelle corse in montagna, con un design in grado di integrarsi perfettamente con la scarpa da corsa. Combinando ottima traspirabilit\u00e0 con protezione dall'acqua, le Distance Gaiters ti consentono di muoverti in terreni innevati durante il tuo trail. Si integrano con scarpe da trail running, costruzione ottimizzata per protezione e traspirabilit\u00e0.\",\"breadcrumb\":{\"@id\":\"https:\/\/www.sestogrado.it\/it\/prodotto\/black-diamond-distance-gaiters-ghette-neve-ghiaccio-alpinismo\/#breadcrumb\"},\"inLanguage\":\"it-IT\",\"potentialAction\":[{\"@type\":\"ReadAction\",\"target\":[[\"https:\/\/www.sestogrado.it\/it\/prodotto\/black-diamond-distance-gaiters-ghette-neve-ghiaccio-alpinismo\/\"]]}]},{\"@type\":\"ImageObject\",\"inLanguage\":\"it-IT\",\"@id\":\"https:\/\/www.sestogrado.it\/it\/prodotto\/black-diamond-distance-gaiters-ghette-neve-ghiaccio-alpinismo\/#primaryimage\",\"url\":\"https:\/\/www.sestogrado.it\/wp-content\/uploads\/2019\/10\/01-18.jpg\",\"contentUrl\":\"https:\/\/www.sestogrado.it\/wp-content\/uploads\/2019\/10\/01-18.jpg\",\"width\":1800,\"height\":1800,\"caption\":\"black diamond distance gaiters\"},{\"@type\":\"BreadcrumbList\",\"@id\":\"https:\/\/www.sestogrado.it\/it\/prodotto\/black-diamond-distance-gaiters-ghette-neve-ghiaccio-alpinismo\/#breadcrumb\",\"itemListElement\":[{\"@type\":\"ListItem\",\"position\":1,\"name\":\"Home\",\"item\":\"https:\/\/www.sestogrado.it\/it\/\"},{\"@type\":\"ListItem\",\"position\":2,\"name\":\"Shop\",\"item\":\"https:\/\/www.sestogrado.it\/it\/shop\/\"},{\"@type\":\"ListItem\",\"position\":3,\"name\":\"Black Diamond Distance Gaiters ghette neve ghiaccio alpinismo\"}]},{\"@type\":\"WebSite\",\"@id\":\"https:\/\/www.sestogrado.it\/it\/#website\",\"url\":\"https:\/\/www.sestogrado.it\/it\/\",\"name\":\"Sestogrado\",\"description\":\"yes we climb\",\"publisher\":{\"@id\":\"https:\/\/www.sestogrado.it\/it\/#organization\"},\"potentialAction\":[{\"@type\":\"SearchAction\",\"target\":{\"@type\":\"EntryPoint\",\"urlTemplate\":\"https:\/\/www.sestogrado.it\/it\/?s={search_term_string}\"},\"query-input\":{\"@type\":\"PropertyValueSpecification\",\"valueRequired\":true,\"valueName\":\"search_term_string\"}}],\"inLanguage\":\"it-IT\"},{\"@type\":\"Organization\",\"@id\":\"https:\/\/www.sestogrado.it\/it\/#organization\",\"name\":\"Sestogrado\",\"url\":\"https:\/\/www.sestogrado.it\/it\/\",\"logo\":{\"@type\":\"ImageObject\",\"inLanguage\":\"it-IT\",\"@id\":\"https:\/\/www.sestogrado.it\/it\/#\/schema\/logo\/image\/\",\"url\":\"https:\/\/www.sestogrado.it\/wp-content\/uploads\/2015\/03\/sestogrado-favicon.png\",\"contentUrl\":\"https:\/\/www.sestogrado.it\/wp-content\/uploads\/2015\/03\/sestogrado-favicon.png\",\"width\":260,\"height\":260,\"caption\":\"Sestogrado\"},\"image\":{\"@id\":\"https:\/\/www.sestogrado.it\/it\/#\/schema\/logo\/image\/\"},\"sameAs\":[\"https:\/\/www.facebook.com\/pages\/Sestogrado\/1542635979353017?ref=bookmarks\",\"https:\/\/www.youtube.com\/channel\/UC847kAfTkaJsWpc1jtQwr3Q\"],\"hasMerchantReturnPolicy\":{\"@type\":\"MerchantReturnPolicy\",\"merchantReturnLink\":\"https:\/\/www.sestogrado.it\/it\/termini-e-condizioni\/\"}}]}<\/script>\n<meta property=\"product:brand\" content=\"Black Diamond\" \/>\n<meta property=\"og:availability\" content=\"instock\" \/>\n<meta property=\"product:availability\" content=\"instock\" \/>\n<meta property=\"product:condition\" content=\"new\" \/>\n<!-- \/ Yoast SEO plugin. -->","yoast_head_json":{"title":"Black Diamond Distance Gaiters ghette neve ghiaccio alpinismo - Sestogrado","description":"Le Black Diamond Distance Gaiter sono delle ghette ultraleggere progettate per integrarsi con scarpe da running. Realizzate per mantenerti asciutto nei lunghi trail in montagna.Ideali per trail running, le Distance Gaiters sono delle ghette che forniscono protezione ultraleggera nelle corse in montagna, con un design in grado di integrarsi perfettamente con la scarpa da corsa. Combinando ottima traspirabilit\u00e0 con protezione dall'acqua, le Distance Gaiters ti consentono di muoverti in terreni innevati durante il tuo trail. Si integrano con scarpe da trail running, costruzione ottimizzata per protezione e traspirabilit\u00e0.","robots":{"index":"index","follow":"follow","max-snippet":"max-snippet:-1","max-image-preview":"max-image-preview:large","max-video-preview":"max-video-preview:-1"},"canonical":"https:\/\/www.sestogrado.it\/it\/prodotto\/black-diamond-distance-gaiters-ghette-neve-ghiaccio-alpinismo\/","og_locale":"it_IT","og_type":"article","og_title":"Black Diamond Distance Gaiters ghette neve ghiaccio alpinismo - Sestogrado","og_description":"Le Black Diamond Distance Gaiter sono delle ghette ultraleggere progettate per integrarsi con scarpe da running. Realizzate per mantenerti asciutto nei lunghi trail in montagna.Ideali per trail running, le Distance Gaiters sono delle ghette che forniscono protezione ultraleggera nelle corse in montagna, con un design in grado di integrarsi perfettamente con la scarpa da corsa. Combinando ottima traspirabilit\u00e0 con protezione dall'acqua, le Distance Gaiters ti consentono di muoverti in terreni innevati durante il tuo trail. Si integrano con scarpe da trail running, costruzione ottimizzata per protezione e traspirabilit\u00e0.","og_url":"https:\/\/www.sestogrado.it\/it\/prodotto\/black-diamond-distance-gaiters-ghette-neve-ghiaccio-alpinismo\/","og_site_name":"Sestogrado","article_publisher":"https:\/\/www.facebook.com\/pages\/Sestogrado\/1542635979353017?ref=bookmarks","article_modified_time":"2024-12-10T13:43:25+00:00","og_image":[{"width":1800,"height":1800,"url":"https:\/\/www.sestogrado.it\/wp-content\/uploads\/2019\/10\/01-18.jpg","type":"image\/jpeg"}],"twitter_misc":{"Disponibilit\u00e0":"In stock"},"schema":{"@context":"https:\/\/schema.org","@graph":[{"@type":"WebPage","@id":"https:\/\/www.sestogrado.it\/it\/prodotto\/black-diamond-distance-gaiters-ghette-neve-ghiaccio-alpinismo\/","url":"https:\/\/www.sestogrado.it\/it\/prodotto\/black-diamond-distance-gaiters-ghette-neve-ghiaccio-alpinismo\/","name":"Black Diamond Distance Gaiters ghette neve ghiaccio alpinismo - Sestogrado","isPartOf":{"@id":"https:\/\/www.sestogrado.it\/it\/#website"},"primaryImageOfPage":{"@id":"https:\/\/www.sestogrado.it\/it\/prodotto\/black-diamond-distance-gaiters-ghette-neve-ghiaccio-alpinismo\/#primaryimage"},"image":{"@id":"https:\/\/www.sestogrado.it\/prodotto\/black-diamond-distance-gaiters-ghette-neve-ghiaccio-alpinismo\/#primaryimage"},"thumbnailUrl":"https:\/\/www.sestogrado.it\/wp-content\/uploads\/2019\/10\/01-18.jpg","datePublished":"2019-10-21T12:57:19+00:00","dateModified":"2024-12-10T13:43:25+00:00","description":"Le Black Diamond Distance Gaiter sono delle ghette ultraleggere progettate per integrarsi con scarpe da running. Realizzate per mantenerti asciutto nei lunghi trail in montagna.Ideali per trail running, le Distance Gaiters sono delle ghette che forniscono protezione ultraleggera nelle corse in montagna, con un design in grado di integrarsi perfettamente con la scarpa da corsa. Combinando ottima traspirabilit\u00e0 con protezione dall'acqua, le Distance Gaiters ti consentono di muoverti in terreni innevati durante il tuo trail. Si integrano con scarpe da trail running, costruzione ottimizzata per protezione e traspirabilit\u00e0.","breadcrumb":{"@id":"https:\/\/www.sestogrado.it\/it\/prodotto\/black-diamond-distance-gaiters-ghette-neve-ghiaccio-alpinismo\/#breadcrumb"},"inLanguage":"it-IT","potentialAction":[{"@type":"ReadAction","target":[["https:\/\/www.sestogrado.it\/it\/prodotto\/black-diamond-distance-gaiters-ghette-neve-ghiaccio-alpinismo\/"]]}]},{"@type":"ImageObject","inLanguage":"it-IT","@id":"https:\/\/www.sestogrado.it\/it\/prodotto\/black-diamond-distance-gaiters-ghette-neve-ghiaccio-alpinismo\/#primaryimage","url":"https:\/\/www.sestogrado.it\/wp-content\/uploads\/2019\/10\/01-18.jpg","contentUrl":"https:\/\/www.sestogrado.it\/wp-content\/uploads\/2019\/10\/01-18.jpg","width":1800,"height":1800,"caption":"black diamond distance gaiters"},{"@type":"BreadcrumbList","@id":"https:\/\/www.sestogrado.it\/it\/prodotto\/black-diamond-distance-gaiters-ghette-neve-ghiaccio-alpinismo\/#breadcrumb","itemListElement":[{"@type":"ListItem","position":1,"name":"Home","item":"https:\/\/www.sestogrado.it\/it\/"},{"@type":"ListItem","position":2,"name":"Shop","item":"https:\/\/www.sestogrado.it\/it\/shop\/"},{"@type":"ListItem","position":3,"name":"Black Diamond Distance Gaiters ghette neve ghiaccio alpinismo"}]},{"@type":"WebSite","@id":"https:\/\/www.sestogrado.it\/it\/#website","url":"https:\/\/www.sestogrado.it\/it\/","name":"Sestogrado","description":"yes we climb","publisher":{"@id":"https:\/\/www.sestogrado.it\/it\/#organization"},"potentialAction":[{"@type":"SearchAction","target":{"@type":"EntryPoint","urlTemplate":"https:\/\/www.sestogrado.it\/it\/?s={search_term_string}"},"query-input":{"@type":"PropertyValueSpecification","valueRequired":true,"valueName":"search_term_string"}}],"inLanguage":"it-IT"},{"@type":"Organization","@id":"https:\/\/www.sestogrado.it\/it\/#organization","name":"Sestogrado","url":"https:\/\/www.sestogrado.it\/it\/","logo":{"@type":"ImageObject","inLanguage":"it-IT","@id":"https:\/\/www.sestogrado.it\/it\/#\/schema\/logo\/image\/","url":"https:\/\/www.sestogrado.it\/wp-content\/uploads\/2015\/03\/sestogrado-favicon.png","contentUrl":"https:\/\/www.sestogrado.it\/wp-content\/uploads\/2015\/03\/sestogrado-favicon.png","width":260,"height":260,"caption":"Sestogrado"},"image":{"@id":"https:\/\/www.sestogrado.it\/it\/#\/schema\/logo\/image\/"},"sameAs":["https:\/\/www.facebook.com\/pages\/Sestogrado\/1542635979353017?ref=bookmarks","https:\/\/www.youtube.com\/channel\/UC847kAfTkaJsWpc1jtQwr3Q"],"hasMerchantReturnPolicy":{"@type":"MerchantReturnPolicy","merchantReturnLink":"https:\/\/www.sestogrado.it\/it\/termini-e-condizioni\/"}}]},"product_brand":"Black Diamond","og_availability":"instock","product_availability":"instock","product_condition":"new"},"_links":{"self":[{"href":"https:\/\/www.sestogrado.it\/it\/wp-json\/wp\/v2\/product\/23582","targetHints":{"allow":["GET"]}}],"collection":[{"href":"https:\/\/www.sestogrado.it\/it\/wp-json\/wp\/v2\/product"}],"about":[{"href":"https:\/\/www.sestogrado.it\/it\/wp-json\/wp\/v2\/types\/product"}],"replies":[{"embeddable":true,"href":"https:\/\/www.sestogrado.it\/it\/wp-json\/wp\/v2\/comments?post=23582"}],"wp:featuredmedia":[{"embeddable":true,"href":"https:\/\/www.sestogrado.it\/it\/wp-json\/wp\/v2\/media\/23585"}],"wp:attachment":[{"href":"https:\/\/www.sestogrado.it\/it\/wp-json\/wp\/v2\/media?parent=23582"}],"wp:term":[{"taxonomy":"product_brand","embeddable":true,"href":"https:\/\/www.sestogrado.it\/it\/wp-json\/wp\/v2\/product_brand?post=23582"},{"taxonomy":"product_cat","embeddable":true,"href":"https:\/\/www.sestogrado.it\/it\/wp-json\/wp\/v2\/product_cat?post=23582"},{"taxonomy":"product_tag","embeddable":true,"href":"https:\/\/www.sestogrado.it\/it\/wp-json\/wp\/v2\/product_tag?post=23582"}],"curies":[{"name":"wp","href":"https:\/\/api.w.org\/{rel}","templated":true}]}}