{"id":23372,"date":"2021-03-16T08:35:06","date_gmt":"2021-03-16T07:35:06","guid":{"rendered":"https:\/\/www.sestogrado.it\/?post_type=product&#038;p=23372"},"modified":"2026-03-18T11:53:09","modified_gmt":"2026-03-18T10:53:09","slug":"camp-rox-zaino-porta-corda-arrampicata","status":"publish","type":"product","link":"https:\/\/www.sestogrado.it\/it\/prodotto\/camp-rox-zaino-porta-corda-arrampicata\/","title":{"rendered":"Camp Rox zaino porta corda arrampicata"},"content":{"rendered":"<p>Il Camp Rox \u00e8 uno zaino porta corda da 40L semplice e funzionale. Il Rox ha un&#8217;ampia apertura a zip su tutta la parte posteriore dello zaino, per cui una volta arrivati ai piedi della parete o in palestra, non dovrete fare altro che aprire la robusta zip centrale e trovare ogni cosa a vostra disposizione. Pu\u00f2 essere portato ed impugnato a mano, grazie alle due robuste maniglie, o portato come zaino, usando gli spallacci sul dorso.<\/p>\n<p>Il Rox \u00e8 uno zaino da arrampicata sportiva pratico ed essenziale, ideale sia per la falesia sia per l\u2019attivit\u00e0 indoor. \u00c8 dotato di un ampio vano che, grazie alla lunga zip centrale, accoglie e mette immediatamente a disposizione tutto il necessario per una giornata all\u2019aperto o in palestra: corda, 2 paia di scarpette, imbracatura, rinvii e altri accessori. La tasca interna \u00e8 pensata per gli oggetti pi\u00f9 piccoli e\/o di valore mentre quella esterna in rete elastica \u00e8 perfetta per oggetti come la borraccia o il sacchetto porta magnesite. Leggero e poco ingombrante, pu\u00f2 essere spostato velocemente da un settore all\u2019altro della falesia o della palestra.<\/p>\n<p>Il Camp Rox pu\u00f2 essere usato come telo porta corda, una volta arrivati ai piedi della falesia e svuotato da altra attrezzatura, riponendo la corda al suo interno, o pu\u00f2 contenere un telo aggiuntivo (non in dotazione) come il <a href=\"https:\/\/www.sestogrado.it\/it\/prodotto\/camp-rocky-carpet-telo-portacorda\/\" target=\"_blank\" rel=\"noopener noreferrer\">Rocky Carpet<\/a>.<\/p>\n<ul>\n<li>Zaino da arrampicata sportiva, ideale per l\u2019indoor e la falesia<\/li>\n<li>Leggero e pratico per essere spostato velocemente da un settore all\u2019altro della falesia<\/li>\n<li>Schienale imbottito per garantire un buon comfort anche a pieno carico<\/li>\n<li>Spallacci ergonomici per un comfort superiore<\/li>\n<li>Comode maniglie in fettuccia per il trasporto<\/li>\n<li>Tasca esterna laterale in rete elastica<\/li>\n<li>Ampia tasca interna<\/li>\n<li>2 anelli porta materiale<\/li>\n<li>Misure: cm 51x29x20<\/li>\n<\/ul>\n<p>&nbsp;<\/p>\n<p>Il Camp Rox \u00e8 uno zaino porta corda semplice, funzionale ed essenziale, per una praticit\u00e0 senza fronzoli in palestra o in falesia.<\/p>\n<p>&nbsp;<\/p>\n<p>Passione, lavoro e semplicit\u00e0 sono alcune delle parole chiave che da sempre hanno contraddistinto il modo di essere di C.A.M.P. La passione \u00e8 quella per la montagna e per i prodotti che aiutano a realizzare i sogni ed i progetti di tutti coloro che la frequentano; il lavoro \u00e8 quello tramandato da oltre 115 anni in quattro distinte generazioni succedutesi alla guida dell\u2019azienda e la semplicit\u00e0 \u00e8 quella che contraddistingue un modo di essere e relazionarsi basato sulla seriet\u00e0 e lealt\u00e0.<\/p>","protected":false},"excerpt":{"rendered":"<p>Il Camp Rox \u00e8 uno zaino porta corda da 40L semplice e funzionale. Il Rox ha un&#8217;ampia apertura a zip [&hellip;]<\/p>\n","protected":false},"featured_media":54096,"comment_status":"open","ping_status":"closed","template":"","meta":{"_acf_changed":false},"product_brand":[31],"product_cat":[390,392],"product_tag":[425],"class_list":{"0":"post-23372","1":"product","2":"type-product","3":"status-publish","4":"has-post-thumbnail","6":"product_brand-camp","7":"product_cat-zaini-e-borse-portacorda","8":"product_cat-borse-portacorda","9":"product_tag-zaino-portacorda","11":"first","12":"instock","13":"sale","14":"taxable","15":"shipping-taxable","16":"purchasable","17":"product-type-variable"},"acf":[],"yoast_head":"<!-- This site is optimized with the Yoast SEO plugin v26.4 - https:\/\/yoast.com\/wordpress\/plugins\/seo\/ -->\n<title>Camp Rox zaino porta corda arrampicata - Sestogrado<\/title>\n<meta name=\"description\" content=\"Il Camp Rox \u00e8 uno zaino porta corda da 40L semplice e funzionale. Il Rox ha un&#039;ampia apertura a zip su tutta la parte posteriore dello zaino, per cui una volta arrivati ai piedi della parete o in palestra, non dovrete fare altro che aprire la robusta zip centrale e trovare ogni cosa a vostra disposizione. Pu\u00f2 essere portato ed impugnato a mano, grazie alle due robuste maniglie, o portato come zaino, usando gli spallacci sul dorso.Il Rox \u00e8 uno zaino da arrampicata sportiva pratico ed essenziale, ideale sia per la falesia sia per l\u2019attivit\u00e0 indoor. \u00c8 dotato di un ampio vano che, grazie alla lunga zip centrale, accoglie e mette immediatamente a disposizione tutto il necessario per una giornata all\u2019aperto o in palestra: corda, 2 paia di scarpette, imbracatura, rinvii e altri accessori. La tasca interna \u00e8 pensata per gli oggetti pi\u00f9 piccoli e\/o di valore mentre quella esterna in rete elastica \u00e8 perfetta per oggetti come la borraccia o il sacchetto porta magnesite. Leggero e poco ingombrante, pu\u00f2 essere spostato velocemente da un settore all\u2019altro della falesia o della palestra.Il Camp Rox pu\u00f2 essere usato come telo porta corda, una volta arrivati ai piedi della falesia e svuotato da altra attrezzatura, riponendo la corda al suo interno, o pu\u00f2 contenere un telo aggiuntivo (non in dotazione) come il Rocky Carpet.\" \/>\n<meta name=\"robots\" content=\"index, follow, max-snippet:-1, max-image-preview:large, max-video-preview:-1\" \/>\n<link rel=\"canonical\" href=\"https:\/\/www.sestogrado.it\/it\/prodotto\/camp-rox-zaino-porta-corda-arrampicata\/\" \/>\n<meta property=\"og:locale\" content=\"it_IT\" \/>\n<meta property=\"og:type\" content=\"article\" \/>\n<meta property=\"og:title\" content=\"Camp Rox zaino porta corda arrampicata - Sestogrado\" \/>\n<meta property=\"og:description\" content=\"Il Camp Rox \u00e8 uno zaino porta corda da 40L semplice e funzionale. Il Rox ha un&#039;ampia apertura a zip su tutta la parte posteriore dello zaino, per cui una volta arrivati ai piedi della parete o in palestra, non dovrete fare altro che aprire la robusta zip centrale e trovare ogni cosa a vostra disposizione. Pu\u00f2 essere portato ed impugnato a mano, grazie alle due robuste maniglie, o portato come zaino, usando gli spallacci sul dorso.Il Rox \u00e8 uno zaino da arrampicata sportiva pratico ed essenziale, ideale sia per la falesia sia per l\u2019attivit\u00e0 indoor. \u00c8 dotato di un ampio vano che, grazie alla lunga zip centrale, accoglie e mette immediatamente a disposizione tutto il necessario per una giornata all\u2019aperto o in palestra: corda, 2 paia di scarpette, imbracatura, rinvii e altri accessori. La tasca interna \u00e8 pensata per gli oggetti pi\u00f9 piccoli e\/o di valore mentre quella esterna in rete elastica \u00e8 perfetta per oggetti come la borraccia o il sacchetto porta magnesite. Leggero e poco ingombrante, pu\u00f2 essere spostato velocemente da un settore all\u2019altro della falesia o della palestra.Il Camp Rox pu\u00f2 essere usato come telo porta corda, una volta arrivati ai piedi della falesia e svuotato da altra attrezzatura, riponendo la corda al suo interno, o pu\u00f2 contenere un telo aggiuntivo (non in dotazione) come il Rocky Carpet.\" \/>\n<meta property=\"og:url\" content=\"https:\/\/www.sestogrado.it\/it\/prodotto\/camp-rox-zaino-porta-corda-arrampicata\/\" \/>\n<meta property=\"og:site_name\" content=\"Sestogrado\" \/>\n<meta property=\"article:publisher\" content=\"https:\/\/www.facebook.com\/pages\/Sestogrado\/1542635979353017?ref=bookmarks\" \/>\n<meta property=\"article:modified_time\" content=\"2026-03-18T10:53:09+00:00\" \/>\n<meta property=\"og:image\" content=\"https:\/\/www.sestogrado.it\/wp-content\/uploads\/2021\/03\/03-9.jpg\" \/>\n\t<meta property=\"og:image:width\" content=\"1000\" \/>\n\t<meta property=\"og:image:height\" content=\"1000\" \/>\n\t<meta property=\"og:image:type\" content=\"image\/jpeg\" \/>\n<meta name=\"twitter:label1\" content=\"Disponibilit\u00e0\" \/>\n\t<meta name=\"twitter:data1\" content=\"In stock\" \/>\n<script type=\"application\/ld+json\" class=\"yoast-schema-graph\">{\"@context\":\"https:\/\/schema.org\",\"@graph\":[{\"@type\":\"WebPage\",\"@id\":\"https:\/\/www.sestogrado.it\/it\/prodotto\/camp-rox-zaino-porta-corda-arrampicata\/\",\"url\":\"https:\/\/www.sestogrado.it\/it\/prodotto\/camp-rox-zaino-porta-corda-arrampicata\/\",\"name\":\"Camp Rox zaino porta corda arrampicata - Sestogrado\",\"isPartOf\":{\"@id\":\"https:\/\/www.sestogrado.it\/it\/#website\"},\"primaryImageOfPage\":{\"@id\":\"https:\/\/www.sestogrado.it\/it\/prodotto\/camp-rox-zaino-porta-corda-arrampicata\/#primaryimage\"},\"image\":{\"@id\":\"https:\/\/www.sestogrado.it\/prodotto\/camp-rox-zaino-porta-corda-arrampicata\/#primaryimage\"},\"thumbnailUrl\":\"https:\/\/www.sestogrado.it\/wp-content\/uploads\/2021\/03\/03-9.jpg\",\"datePublished\":\"2021-03-16T07:35:06+00:00\",\"dateModified\":\"2026-03-18T10:53:09+00:00\",\"description\":\"Il Camp Rox \u00e8 uno zaino porta corda da 40L semplice e funzionale. Il Rox ha un'ampia apertura a zip su tutta la parte posteriore dello zaino, per cui una volta arrivati ai piedi della parete o in palestra, non dovrete fare altro che aprire la robusta zip centrale e trovare ogni cosa a vostra disposizione. Pu\u00f2 essere portato ed impugnato a mano, grazie alle due robuste maniglie, o portato come zaino, usando gli spallacci sul dorso.Il Rox \u00e8 uno zaino da arrampicata sportiva pratico ed essenziale, ideale sia per la falesia sia per l\u2019attivit\u00e0 indoor. \u00c8 dotato di un ampio vano che, grazie alla lunga zip centrale, accoglie e mette immediatamente a disposizione tutto il necessario per una giornata all\u2019aperto o in palestra: corda, 2 paia di scarpette, imbracatura, rinvii e altri accessori. La tasca interna \u00e8 pensata per gli oggetti pi\u00f9 piccoli e\/o di valore mentre quella esterna in rete elastica \u00e8 perfetta per oggetti come la borraccia o il sacchetto porta magnesite. Leggero e poco ingombrante, pu\u00f2 essere spostato velocemente da un settore all\u2019altro della falesia o della palestra.Il Camp Rox pu\u00f2 essere usato come telo porta corda, una volta arrivati ai piedi della falesia e svuotato da altra attrezzatura, riponendo la corda al suo interno, o pu\u00f2 contenere un telo aggiuntivo (non in dotazione) come il Rocky Carpet.\",\"breadcrumb\":{\"@id\":\"https:\/\/www.sestogrado.it\/it\/prodotto\/camp-rox-zaino-porta-corda-arrampicata\/#breadcrumb\"},\"inLanguage\":\"it-IT\",\"potentialAction\":[{\"@type\":\"ReadAction\",\"target\":[[\"https:\/\/www.sestogrado.it\/it\/prodotto\/camp-rox-zaino-porta-corda-arrampicata\/\"]]}]},{\"@type\":\"ImageObject\",\"inLanguage\":\"it-IT\",\"@id\":\"https:\/\/www.sestogrado.it\/it\/prodotto\/camp-rox-zaino-porta-corda-arrampicata\/#primaryimage\",\"url\":\"https:\/\/www.sestogrado.it\/wp-content\/uploads\/2021\/03\/03-9.jpg\",\"contentUrl\":\"https:\/\/www.sestogrado.it\/wp-content\/uploads\/2021\/03\/03-9.jpg\",\"width\":1000,\"height\":1000,\"caption\":\"camp rox lime\"},{\"@type\":\"BreadcrumbList\",\"@id\":\"https:\/\/www.sestogrado.it\/it\/prodotto\/camp-rox-zaino-porta-corda-arrampicata\/#breadcrumb\",\"itemListElement\":[{\"@type\":\"ListItem\",\"position\":1,\"name\":\"Home\",\"item\":\"https:\/\/www.sestogrado.it\/it\/\"},{\"@type\":\"ListItem\",\"position\":2,\"name\":\"Shop\",\"item\":\"https:\/\/www.sestogrado.it\/it\/shop\/\"},{\"@type\":\"ListItem\",\"position\":3,\"name\":\"Camp Rox zaino porta corda arrampicata\"}]},{\"@type\":\"WebSite\",\"@id\":\"https:\/\/www.sestogrado.it\/it\/#website\",\"url\":\"https:\/\/www.sestogrado.it\/it\/\",\"name\":\"Sestogrado\",\"description\":\"yes we climb\",\"publisher\":{\"@id\":\"https:\/\/www.sestogrado.it\/it\/#organization\"},\"potentialAction\":[{\"@type\":\"SearchAction\",\"target\":{\"@type\":\"EntryPoint\",\"urlTemplate\":\"https:\/\/www.sestogrado.it\/it\/?s={search_term_string}\"},\"query-input\":{\"@type\":\"PropertyValueSpecification\",\"valueRequired\":true,\"valueName\":\"search_term_string\"}}],\"inLanguage\":\"it-IT\"},{\"@type\":\"Organization\",\"@id\":\"https:\/\/www.sestogrado.it\/it\/#organization\",\"name\":\"Sestogrado\",\"url\":\"https:\/\/www.sestogrado.it\/it\/\",\"logo\":{\"@type\":\"ImageObject\",\"inLanguage\":\"it-IT\",\"@id\":\"https:\/\/www.sestogrado.it\/it\/#\/schema\/logo\/image\/\",\"url\":\"https:\/\/www.sestogrado.it\/wp-content\/uploads\/2015\/03\/sestogrado-favicon.png\",\"contentUrl\":\"https:\/\/www.sestogrado.it\/wp-content\/uploads\/2015\/03\/sestogrado-favicon.png\",\"width\":260,\"height\":260,\"caption\":\"Sestogrado\"},\"image\":{\"@id\":\"https:\/\/www.sestogrado.it\/it\/#\/schema\/logo\/image\/\"},\"sameAs\":[\"https:\/\/www.facebook.com\/pages\/Sestogrado\/1542635979353017?ref=bookmarks\",\"https:\/\/www.youtube.com\/channel\/UC847kAfTkaJsWpc1jtQwr3Q\"],\"hasMerchantReturnPolicy\":{\"@type\":\"MerchantReturnPolicy\",\"merchantReturnLink\":\"https:\/\/www.sestogrado.it\/it\/termini-e-condizioni\/\"}}]}<\/script>\n<meta property=\"product:brand\" content=\"Camp\" \/>\n<meta property=\"og:availability\" content=\"instock\" \/>\n<meta property=\"product:availability\" content=\"instock\" \/>\n<meta property=\"product:condition\" content=\"new\" \/>\n<!-- \/ Yoast SEO plugin. -->","yoast_head_json":{"title":"Camp Rox zaino porta corda arrampicata - Sestogrado","description":"Il Camp Rox \u00e8 uno zaino porta corda da 40L semplice e funzionale. Il Rox ha un'ampia apertura a zip su tutta la parte posteriore dello zaino, per cui una volta arrivati ai piedi della parete o in palestra, non dovrete fare altro che aprire la robusta zip centrale e trovare ogni cosa a vostra disposizione. Pu\u00f2 essere portato ed impugnato a mano, grazie alle due robuste maniglie, o portato come zaino, usando gli spallacci sul dorso.Il Rox \u00e8 uno zaino da arrampicata sportiva pratico ed essenziale, ideale sia per la falesia sia per l\u2019attivit\u00e0 indoor. \u00c8 dotato di un ampio vano che, grazie alla lunga zip centrale, accoglie e mette immediatamente a disposizione tutto il necessario per una giornata all\u2019aperto o in palestra: corda, 2 paia di scarpette, imbracatura, rinvii e altri accessori. La tasca interna \u00e8 pensata per gli oggetti pi\u00f9 piccoli e\/o di valore mentre quella esterna in rete elastica \u00e8 perfetta per oggetti come la borraccia o il sacchetto porta magnesite. Leggero e poco ingombrante, pu\u00f2 essere spostato velocemente da un settore all\u2019altro della falesia o della palestra.Il Camp Rox pu\u00f2 essere usato come telo porta corda, una volta arrivati ai piedi della falesia e svuotato da altra attrezzatura, riponendo la corda al suo interno, o pu\u00f2 contenere un telo aggiuntivo (non in dotazione) come il Rocky Carpet.","robots":{"index":"index","follow":"follow","max-snippet":"max-snippet:-1","max-image-preview":"max-image-preview:large","max-video-preview":"max-video-preview:-1"},"canonical":"https:\/\/www.sestogrado.it\/it\/prodotto\/camp-rox-zaino-porta-corda-arrampicata\/","og_locale":"it_IT","og_type":"article","og_title":"Camp Rox zaino porta corda arrampicata - Sestogrado","og_description":"Il Camp Rox \u00e8 uno zaino porta corda da 40L semplice e funzionale. Il Rox ha un'ampia apertura a zip su tutta la parte posteriore dello zaino, per cui una volta arrivati ai piedi della parete o in palestra, non dovrete fare altro che aprire la robusta zip centrale e trovare ogni cosa a vostra disposizione. Pu\u00f2 essere portato ed impugnato a mano, grazie alle due robuste maniglie, o portato come zaino, usando gli spallacci sul dorso.Il Rox \u00e8 uno zaino da arrampicata sportiva pratico ed essenziale, ideale sia per la falesia sia per l\u2019attivit\u00e0 indoor. \u00c8 dotato di un ampio vano che, grazie alla lunga zip centrale, accoglie e mette immediatamente a disposizione tutto il necessario per una giornata all\u2019aperto o in palestra: corda, 2 paia di scarpette, imbracatura, rinvii e altri accessori. La tasca interna \u00e8 pensata per gli oggetti pi\u00f9 piccoli e\/o di valore mentre quella esterna in rete elastica \u00e8 perfetta per oggetti come la borraccia o il sacchetto porta magnesite. Leggero e poco ingombrante, pu\u00f2 essere spostato velocemente da un settore all\u2019altro della falesia o della palestra.Il Camp Rox pu\u00f2 essere usato come telo porta corda, una volta arrivati ai piedi della falesia e svuotato da altra attrezzatura, riponendo la corda al suo interno, o pu\u00f2 contenere un telo aggiuntivo (non in dotazione) come il Rocky Carpet.","og_url":"https:\/\/www.sestogrado.it\/it\/prodotto\/camp-rox-zaino-porta-corda-arrampicata\/","og_site_name":"Sestogrado","article_publisher":"https:\/\/www.facebook.com\/pages\/Sestogrado\/1542635979353017?ref=bookmarks","article_modified_time":"2026-03-18T10:53:09+00:00","og_image":[{"width":1000,"height":1000,"url":"https:\/\/www.sestogrado.it\/wp-content\/uploads\/2021\/03\/03-9.jpg","type":"image\/jpeg"}],"twitter_misc":{"Disponibilit\u00e0":"In stock"},"schema":{"@context":"https:\/\/schema.org","@graph":[{"@type":"WebPage","@id":"https:\/\/www.sestogrado.it\/it\/prodotto\/camp-rox-zaino-porta-corda-arrampicata\/","url":"https:\/\/www.sestogrado.it\/it\/prodotto\/camp-rox-zaino-porta-corda-arrampicata\/","name":"Camp Rox zaino porta corda arrampicata - Sestogrado","isPartOf":{"@id":"https:\/\/www.sestogrado.it\/it\/#website"},"primaryImageOfPage":{"@id":"https:\/\/www.sestogrado.it\/it\/prodotto\/camp-rox-zaino-porta-corda-arrampicata\/#primaryimage"},"image":{"@id":"https:\/\/www.sestogrado.it\/prodotto\/camp-rox-zaino-porta-corda-arrampicata\/#primaryimage"},"thumbnailUrl":"https:\/\/www.sestogrado.it\/wp-content\/uploads\/2021\/03\/03-9.jpg","datePublished":"2021-03-16T07:35:06+00:00","dateModified":"2026-03-18T10:53:09+00:00","description":"Il Camp Rox \u00e8 uno zaino porta corda da 40L semplice e funzionale. Il Rox ha un'ampia apertura a zip su tutta la parte posteriore dello zaino, per cui una volta arrivati ai piedi della parete o in palestra, non dovrete fare altro che aprire la robusta zip centrale e trovare ogni cosa a vostra disposizione. Pu\u00f2 essere portato ed impugnato a mano, grazie alle due robuste maniglie, o portato come zaino, usando gli spallacci sul dorso.Il Rox \u00e8 uno zaino da arrampicata sportiva pratico ed essenziale, ideale sia per la falesia sia per l\u2019attivit\u00e0 indoor. \u00c8 dotato di un ampio vano che, grazie alla lunga zip centrale, accoglie e mette immediatamente a disposizione tutto il necessario per una giornata all\u2019aperto o in palestra: corda, 2 paia di scarpette, imbracatura, rinvii e altri accessori. La tasca interna \u00e8 pensata per gli oggetti pi\u00f9 piccoli e\/o di valore mentre quella esterna in rete elastica \u00e8 perfetta per oggetti come la borraccia o il sacchetto porta magnesite. Leggero e poco ingombrante, pu\u00f2 essere spostato velocemente da un settore all\u2019altro della falesia o della palestra.Il Camp Rox pu\u00f2 essere usato come telo porta corda, una volta arrivati ai piedi della falesia e svuotato da altra attrezzatura, riponendo la corda al suo interno, o pu\u00f2 contenere un telo aggiuntivo (non in dotazione) come il Rocky Carpet.","breadcrumb":{"@id":"https:\/\/www.sestogrado.it\/it\/prodotto\/camp-rox-zaino-porta-corda-arrampicata\/#breadcrumb"},"inLanguage":"it-IT","potentialAction":[{"@type":"ReadAction","target":[["https:\/\/www.sestogrado.it\/it\/prodotto\/camp-rox-zaino-porta-corda-arrampicata\/"]]}]},{"@type":"ImageObject","inLanguage":"it-IT","@id":"https:\/\/www.sestogrado.it\/it\/prodotto\/camp-rox-zaino-porta-corda-arrampicata\/#primaryimage","url":"https:\/\/www.sestogrado.it\/wp-content\/uploads\/2021\/03\/03-9.jpg","contentUrl":"https:\/\/www.sestogrado.it\/wp-content\/uploads\/2021\/03\/03-9.jpg","width":1000,"height":1000,"caption":"camp rox lime"},{"@type":"BreadcrumbList","@id":"https:\/\/www.sestogrado.it\/it\/prodotto\/camp-rox-zaino-porta-corda-arrampicata\/#breadcrumb","itemListElement":[{"@type":"ListItem","position":1,"name":"Home","item":"https:\/\/www.sestogrado.it\/it\/"},{"@type":"ListItem","position":2,"name":"Shop","item":"https:\/\/www.sestogrado.it\/it\/shop\/"},{"@type":"ListItem","position":3,"name":"Camp Rox zaino porta corda arrampicata"}]},{"@type":"WebSite","@id":"https:\/\/www.sestogrado.it\/it\/#website","url":"https:\/\/www.sestogrado.it\/it\/","name":"Sestogrado","description":"yes we climb","publisher":{"@id":"https:\/\/www.sestogrado.it\/it\/#organization"},"potentialAction":[{"@type":"SearchAction","target":{"@type":"EntryPoint","urlTemplate":"https:\/\/www.sestogrado.it\/it\/?s={search_term_string}"},"query-input":{"@type":"PropertyValueSpecification","valueRequired":true,"valueName":"search_term_string"}}],"inLanguage":"it-IT"},{"@type":"Organization","@id":"https:\/\/www.sestogrado.it\/it\/#organization","name":"Sestogrado","url":"https:\/\/www.sestogrado.it\/it\/","logo":{"@type":"ImageObject","inLanguage":"it-IT","@id":"https:\/\/www.sestogrado.it\/it\/#\/schema\/logo\/image\/","url":"https:\/\/www.sestogrado.it\/wp-content\/uploads\/2015\/03\/sestogrado-favicon.png","contentUrl":"https:\/\/www.sestogrado.it\/wp-content\/uploads\/2015\/03\/sestogrado-favicon.png","width":260,"height":260,"caption":"Sestogrado"},"image":{"@id":"https:\/\/www.sestogrado.it\/it\/#\/schema\/logo\/image\/"},"sameAs":["https:\/\/www.facebook.com\/pages\/Sestogrado\/1542635979353017?ref=bookmarks","https:\/\/www.youtube.com\/channel\/UC847kAfTkaJsWpc1jtQwr3Q"],"hasMerchantReturnPolicy":{"@type":"MerchantReturnPolicy","merchantReturnLink":"https:\/\/www.sestogrado.it\/it\/termini-e-condizioni\/"}}]},"product_brand":"Camp","og_availability":"instock","product_availability":"instock","product_condition":"new"},"_links":{"self":[{"href":"https:\/\/www.sestogrado.it\/it\/wp-json\/wp\/v2\/product\/23372","targetHints":{"allow":["GET"]}}],"collection":[{"href":"https:\/\/www.sestogrado.it\/it\/wp-json\/wp\/v2\/product"}],"about":[{"href":"https:\/\/www.sestogrado.it\/it\/wp-json\/wp\/v2\/types\/product"}],"replies":[{"embeddable":true,"href":"https:\/\/www.sestogrado.it\/it\/wp-json\/wp\/v2\/comments?post=23372"}],"wp:featuredmedia":[{"embeddable":true,"href":"https:\/\/www.sestogrado.it\/it\/wp-json\/wp\/v2\/media\/54096"}],"wp:attachment":[{"href":"https:\/\/www.sestogrado.it\/it\/wp-json\/wp\/v2\/media?parent=23372"}],"wp:term":[{"taxonomy":"product_brand","embeddable":true,"href":"https:\/\/www.sestogrado.it\/it\/wp-json\/wp\/v2\/product_brand?post=23372"},{"taxonomy":"product_cat","embeddable":true,"href":"https:\/\/www.sestogrado.it\/it\/wp-json\/wp\/v2\/product_cat?post=23372"},{"taxonomy":"product_tag","embeddable":true,"href":"https:\/\/www.sestogrado.it\/it\/wp-json\/wp\/v2\/product_tag?post=23372"}],"curies":[{"name":"wp","href":"https:\/\/api.w.org\/{rel}","templated":true}]}}