{"id":23262,"date":"2019-10-01T15:16:03","date_gmt":"2019-10-01T13:16:03","guid":{"rendered":"https:\/\/www.sestogrado.it\/?post_type=product&#038;p=23262"},"modified":"2025-11-12T22:17:08","modified_gmt":"2025-11-12T21:17:08","slug":"camp-cassin-alpinist-tech-ramponi","status":"publish","type":"product","link":"https:\/\/www.sestogrado.it\/it\/prodotto\/camp-cassin-alpinist-tech-ramponi\/","title":{"rendered":"Camp Cassin Alpinist Tech ramponi"},"content":{"rendered":"<p>I Camp Cassin Alpinist Tech sono dei ramponi da ghiaccio estremamente tecnici, il rampone pi\u00f9 leggero della gamma Cassin, evoluzione monopunta del modello <a href=\"https:\/\/www.sestogrado.it\/it\/prodotto\/cassin-alpinist-pro-auto-semi-auto-ramponi\/\" target=\"_blank\" rel=\"noopener noreferrer\">Alpinist Pro<\/a>.<\/p>\n<p>L&#8217;Alpinist Tech \u00e8 un rampone ideale per cascate di ghiaccio e misto, grazie a leggerezza, essenzialit\u00e0 e precisione. La punta frontale a T garantisce ottima penetrazione nel ghiaccio pi\u00f9 compatto e sostegno in quello meno solido, mentre la punta secondaria dalla forma classica offre supporto su neve dura e stabilit\u00e0 su ghiaccio lavorato, senza interferire nell&#8217;arrampicata su roccia. Tre piccole punte verticali ausiliarie (una sul tacco e due sulla piattaforma anteriore) assicurano la massima stabilit\u00e0 anche su petali e cavolfiori di ghiaccio.<\/p>\n<p>Il Cassin Alpinist Tech, grazie alla rigidit\u00e0 laterale e assiale senza pari e grazie alla forma asimmetrica, si adatta alla calzatura in modo eccellente, diventandone parte integrante. L&#8217;asta di collegamento \u00e8 dotata di una doppia fila di foriche , insieme alla leva posteriore a tre posizioni, permette una regolazione estremamente precisa, stabile e sicura del rampone. Il robusto antibott in dotazione, grazie al design ed al ritorno elastico del materiale, assicura una efficace evacuazione della neve.<\/p>\n<ul>\n<li>monopunta frontale a T<\/li>\n<li>punta frontale secondaria per maggior sostegno e stabilit\u00e0<\/li>\n<li>con 810g \u00e8 il rampone pi\u00f9 leggero della gamma Cassin<\/li>\n<li>design asimmetrico che segue fedelmente la forma della calzatura<\/li>\n<li>asta di regolazione integrata col tacco che assicura rigidit\u00e0 del rampone<\/li>\n<li>sistema di regolazione a doppia fila di fori e innovativa leva posteriore a tre posizioni<\/li>\n<li>antibott ad azione attiva incluso<\/li>\n<li>custodia regolabile in dotazione, con fettucce per fissarla esternamente allo zaino e tasca per accessori<\/li>\n<li>monotaglia misura 36 &#8211; 48<\/li>\n<\/ul>\n<p>&nbsp;<\/p>\n<p>Il Cassin Alpinist Tech \u00e8 un rampone altamente tecnico, ideale per ghiaccio, alpinismo e misto, dove \u00e8 richiesta massima precisione.<\/p>\n<p>&nbsp;<\/p>\n<p>CASSIN \u00e8 pi\u00f9 di una storia. CASSIN \u00e8 una leggenda che ha due grandi protagonisti: la montagna e l&#8217;uomo. Riccardo Cassin ha stabilito alcuni dei percorsi alpini pi\u00f9 iconici di oggi con gli strumenti che ha costruito da s\u00e9. CASSIN \u00e8 &#8220;alpinismo in evoluzione&#8221; che sta per l&#8217;esplorazione nel suo senso pi\u00f9 estremo, in luoghi che esistono solo oltre i confini conosciuti. Cassin \u00e8 concentrata sullo studio dei materiali e del design pi\u00f9 avanzato per aiutare a spingere oltre quest&#8217;entusiasmante ricerca.<\/p>","protected":false},"excerpt":{"rendered":"<p>I Camp Cassin Alpinist Tech sono dei ramponi da ghiaccio estremamente tecnici, il rampone pi\u00f9 leggero della gamma Cassin, evoluzione [&hellip;]<\/p>\n","protected":false},"featured_media":23263,"comment_status":"open","ping_status":"closed","template":"","meta":{"_acf_changed":false},"product_brand":[31],"product_cat":[153],"product_tag":[442,443],"class_list":{"0":"post-23262","1":"product","2":"type-product","3":"status-publish","4":"has-post-thumbnail","6":"product_brand-camp","7":"product_cat-ramponi","8":"product_tag-ramponi","9":"product_tag-ramponi-da-ghiaccio","11":"first","12":"outofstock","13":"sale","14":"taxable","15":"shipping-taxable","16":"purchasable","17":"product-type-simple"},"acf":[],"yoast_head":"<!-- This site is optimized with the Yoast SEO plugin v26.4 - https:\/\/yoast.com\/wordpress\/plugins\/seo\/ -->\n<title>Camp Cassin Alpinist Tech ramponi - Sestogrado<\/title>\n<meta name=\"description\" content=\"I Cassin Alpinist Tech sono dei ramponi da ghiaccio estremamente tecnici, il rampone pi\u00f9 leggero della gamma Cassin, evoluzione monopunta del modello Alpinist Pro.L&#039;Alpinist Tech \u00e8 un rampone ideale per cascate di ghiaccio e misto, grazie a leggerezza, essenzialit\u00e0 e precisione. La punta frontale a T garantisce ottima penetrazione nel ghiaccio pi\u00f9 compatto e sostegno in quello meno solido, mentre la punta secondaria dalla forma classica offre supporto su neve dura e stabilit\u00e0 su ghiaccio lavorato, senza interferire nell&#039;arrampicata su roccia. Tre piccole punte verticali ausiliarie (una sul tacco e due sulla piattaforma anteriore) assicurano la massima stabilit\u00e0 anche su petali e cavolfiori di ghiaccio.\" \/>\n<meta name=\"robots\" content=\"index, follow, max-snippet:-1, max-image-preview:large, max-video-preview:-1\" \/>\n<link rel=\"canonical\" href=\"https:\/\/www.sestogrado.it\/it\/prodotto\/camp-cassin-alpinist-tech-ramponi\/\" \/>\n<meta property=\"og:locale\" content=\"it_IT\" \/>\n<meta property=\"og:type\" content=\"article\" \/>\n<meta property=\"og:title\" content=\"Camp Cassin Alpinist Tech ramponi - Sestogrado\" \/>\n<meta property=\"og:description\" content=\"I Cassin Alpinist Tech sono dei ramponi da ghiaccio estremamente tecnici, il rampone pi\u00f9 leggero della gamma Cassin, evoluzione monopunta del modello Alpinist Pro.L&#039;Alpinist Tech \u00e8 un rampone ideale per cascate di ghiaccio e misto, grazie a leggerezza, essenzialit\u00e0 e precisione. La punta frontale a T garantisce ottima penetrazione nel ghiaccio pi\u00f9 compatto e sostegno in quello meno solido, mentre la punta secondaria dalla forma classica offre supporto su neve dura e stabilit\u00e0 su ghiaccio lavorato, senza interferire nell&#039;arrampicata su roccia. Tre piccole punte verticali ausiliarie (una sul tacco e due sulla piattaforma anteriore) assicurano la massima stabilit\u00e0 anche su petali e cavolfiori di ghiaccio.\" \/>\n<meta property=\"og:url\" content=\"https:\/\/www.sestogrado.it\/it\/prodotto\/camp-cassin-alpinist-tech-ramponi\/\" \/>\n<meta property=\"og:site_name\" content=\"Sestogrado\" \/>\n<meta property=\"article:publisher\" content=\"https:\/\/www.facebook.com\/pages\/Sestogrado\/1542635979353017?ref=bookmarks\" \/>\n<meta property=\"article:modified_time\" content=\"2025-11-12T21:17:08+00:00\" \/>\n<meta property=\"og:image\" content=\"https:\/\/www.sestogrado.it\/wp-content\/uploads\/2019\/10\/2680-ALPINIST-TECH-19.jpg\" \/>\n\t<meta property=\"og:image:width\" content=\"1024\" \/>\n\t<meta property=\"og:image:height\" content=\"1024\" \/>\n\t<meta property=\"og:image:type\" content=\"image\/jpeg\" \/>\n<meta name=\"twitter:label1\" content=\"Prezzo\" \/>\n\t<meta name=\"twitter:data1\" content=\"&euro;&nbsp;169,00\" \/>\n\t<meta name=\"twitter:label2\" content=\"Disponibilit\u00e0\" \/>\n\t<meta name=\"twitter:data2\" content=\"Esaurito\" \/>\n<script type=\"application\/ld+json\" class=\"yoast-schema-graph\">{\"@context\":\"https:\/\/schema.org\",\"@graph\":[{\"@type\":\"WebPage\",\"@id\":\"https:\/\/www.sestogrado.it\/it\/prodotto\/camp-cassin-alpinist-tech-ramponi\/\",\"url\":\"https:\/\/www.sestogrado.it\/it\/prodotto\/camp-cassin-alpinist-tech-ramponi\/\",\"name\":\"Camp Cassin Alpinist Tech ramponi - Sestogrado\",\"isPartOf\":{\"@id\":\"https:\/\/www.sestogrado.it\/it\/#website\"},\"primaryImageOfPage\":{\"@id\":\"https:\/\/www.sestogrado.it\/it\/prodotto\/camp-cassin-alpinist-tech-ramponi\/#primaryimage\"},\"image\":{\"@id\":\"https:\/\/www.sestogrado.it\/prodotto\/camp-cassin-alpinist-tech-ramponi\/#primaryimage\"},\"thumbnailUrl\":\"https:\/\/www.sestogrado.it\/wp-content\/uploads\/2019\/10\/2680-ALPINIST-TECH-19.jpg\",\"datePublished\":\"2019-10-01T13:16:03+00:00\",\"dateModified\":\"2025-11-12T21:17:08+00:00\",\"description\":\"I Cassin Alpinist Tech sono dei ramponi da ghiaccio estremamente tecnici, il rampone pi\u00f9 leggero della gamma Cassin, evoluzione monopunta del modello Alpinist Pro.L'Alpinist Tech \u00e8 un rampone ideale per cascate di ghiaccio e misto, grazie a leggerezza, essenzialit\u00e0 e precisione. La punta frontale a T garantisce ottima penetrazione nel ghiaccio pi\u00f9 compatto e sostegno in quello meno solido, mentre la punta secondaria dalla forma classica offre supporto su neve dura e stabilit\u00e0 su ghiaccio lavorato, senza interferire nell'arrampicata su roccia. Tre piccole punte verticali ausiliarie (una sul tacco e due sulla piattaforma anteriore) assicurano la massima stabilit\u00e0 anche su petali e cavolfiori di ghiaccio.\",\"breadcrumb\":{\"@id\":\"https:\/\/www.sestogrado.it\/it\/prodotto\/camp-cassin-alpinist-tech-ramponi\/#breadcrumb\"},\"inLanguage\":\"it-IT\",\"potentialAction\":[{\"@type\":\"ReadAction\",\"target\":[[\"https:\/\/www.sestogrado.it\/it\/prodotto\/camp-cassin-alpinist-tech-ramponi\/\"]]}]},{\"@type\":\"ImageObject\",\"inLanguage\":\"it-IT\",\"@id\":\"https:\/\/www.sestogrado.it\/it\/prodotto\/camp-cassin-alpinist-tech-ramponi\/#primaryimage\",\"url\":\"https:\/\/www.sestogrado.it\/wp-content\/uploads\/2019\/10\/2680-ALPINIST-TECH-19.jpg\",\"contentUrl\":\"https:\/\/www.sestogrado.it\/wp-content\/uploads\/2019\/10\/2680-ALPINIST-TECH-19.jpg\",\"width\":1024,\"height\":1024,\"caption\":\"cassin alpinist tech\"},{\"@type\":\"BreadcrumbList\",\"@id\":\"https:\/\/www.sestogrado.it\/it\/prodotto\/camp-cassin-alpinist-tech-ramponi\/#breadcrumb\",\"itemListElement\":[{\"@type\":\"ListItem\",\"position\":1,\"name\":\"Home\",\"item\":\"https:\/\/www.sestogrado.it\/it\/\"},{\"@type\":\"ListItem\",\"position\":2,\"name\":\"Shop\",\"item\":\"https:\/\/www.sestogrado.it\/it\/shop\/\"},{\"@type\":\"ListItem\",\"position\":3,\"name\":\"Camp Cassin Alpinist Tech ramponi\"}]},{\"@type\":\"WebSite\",\"@id\":\"https:\/\/www.sestogrado.it\/it\/#website\",\"url\":\"https:\/\/www.sestogrado.it\/it\/\",\"name\":\"Sestogrado\",\"description\":\"yes we climb\",\"publisher\":{\"@id\":\"https:\/\/www.sestogrado.it\/it\/#organization\"},\"potentialAction\":[{\"@type\":\"SearchAction\",\"target\":{\"@type\":\"EntryPoint\",\"urlTemplate\":\"https:\/\/www.sestogrado.it\/it\/?s={search_term_string}\"},\"query-input\":{\"@type\":\"PropertyValueSpecification\",\"valueRequired\":true,\"valueName\":\"search_term_string\"}}],\"inLanguage\":\"it-IT\"},{\"@type\":\"Organization\",\"@id\":\"https:\/\/www.sestogrado.it\/it\/#organization\",\"name\":\"Sestogrado\",\"url\":\"https:\/\/www.sestogrado.it\/it\/\",\"logo\":{\"@type\":\"ImageObject\",\"inLanguage\":\"it-IT\",\"@id\":\"https:\/\/www.sestogrado.it\/it\/#\/schema\/logo\/image\/\",\"url\":\"https:\/\/www.sestogrado.it\/wp-content\/uploads\/2015\/03\/sestogrado-favicon.png\",\"contentUrl\":\"https:\/\/www.sestogrado.it\/wp-content\/uploads\/2015\/03\/sestogrado-favicon.png\",\"width\":260,\"height\":260,\"caption\":\"Sestogrado\"},\"image\":{\"@id\":\"https:\/\/www.sestogrado.it\/it\/#\/schema\/logo\/image\/\"},\"sameAs\":[\"https:\/\/www.facebook.com\/pages\/Sestogrado\/1542635979353017?ref=bookmarks\",\"https:\/\/www.youtube.com\/channel\/UC847kAfTkaJsWpc1jtQwr3Q\"],\"hasMerchantReturnPolicy\":{\"@type\":\"MerchantReturnPolicy\",\"merchantReturnLink\":\"https:\/\/www.sestogrado.it\/it\/termini-e-condizioni\/\"}}]}<\/script>\n<meta property=\"product:brand\" content=\"Camp\" \/>\n<meta property=\"product:price:amount\" content=\"169.00\" \/>\n<meta property=\"product:price:currency\" content=\"EUR\" \/>\n<meta property=\"og:availability\" content=\"out of stock\" \/>\n<meta property=\"product:availability\" content=\"out of stock\" \/>\n<meta property=\"product:condition\" content=\"new\" \/>\n<!-- \/ Yoast SEO plugin. -->","yoast_head_json":{"title":"Camp Cassin Alpinist Tech ramponi - Sestogrado","description":"I Cassin Alpinist Tech sono dei ramponi da ghiaccio estremamente tecnici, il rampone pi\u00f9 leggero della gamma Cassin, evoluzione monopunta del modello Alpinist Pro.L'Alpinist Tech \u00e8 un rampone ideale per cascate di ghiaccio e misto, grazie a leggerezza, essenzialit\u00e0 e precisione. La punta frontale a T garantisce ottima penetrazione nel ghiaccio pi\u00f9 compatto e sostegno in quello meno solido, mentre la punta secondaria dalla forma classica offre supporto su neve dura e stabilit\u00e0 su ghiaccio lavorato, senza interferire nell'arrampicata su roccia. Tre piccole punte verticali ausiliarie (una sul tacco e due sulla piattaforma anteriore) assicurano la massima stabilit\u00e0 anche su petali e cavolfiori di ghiaccio.","robots":{"index":"index","follow":"follow","max-snippet":"max-snippet:-1","max-image-preview":"max-image-preview:large","max-video-preview":"max-video-preview:-1"},"canonical":"https:\/\/www.sestogrado.it\/it\/prodotto\/camp-cassin-alpinist-tech-ramponi\/","og_locale":"it_IT","og_type":"article","og_title":"Camp Cassin Alpinist Tech ramponi - Sestogrado","og_description":"I Cassin Alpinist Tech sono dei ramponi da ghiaccio estremamente tecnici, il rampone pi\u00f9 leggero della gamma Cassin, evoluzione monopunta del modello Alpinist Pro.L'Alpinist Tech \u00e8 un rampone ideale per cascate di ghiaccio e misto, grazie a leggerezza, essenzialit\u00e0 e precisione. La punta frontale a T garantisce ottima penetrazione nel ghiaccio pi\u00f9 compatto e sostegno in quello meno solido, mentre la punta secondaria dalla forma classica offre supporto su neve dura e stabilit\u00e0 su ghiaccio lavorato, senza interferire nell'arrampicata su roccia. Tre piccole punte verticali ausiliarie (una sul tacco e due sulla piattaforma anteriore) assicurano la massima stabilit\u00e0 anche su petali e cavolfiori di ghiaccio.","og_url":"https:\/\/www.sestogrado.it\/it\/prodotto\/camp-cassin-alpinist-tech-ramponi\/","og_site_name":"Sestogrado","article_publisher":"https:\/\/www.facebook.com\/pages\/Sestogrado\/1542635979353017?ref=bookmarks","article_modified_time":"2025-11-12T21:17:08+00:00","og_image":[{"width":1024,"height":1024,"url":"https:\/\/www.sestogrado.it\/wp-content\/uploads\/2019\/10\/2680-ALPINIST-TECH-19.jpg","type":"image\/jpeg"}],"twitter_misc":{"Prezzo":"&euro;&nbsp;169,00","Disponibilit\u00e0":"Esaurito"},"schema":{"@context":"https:\/\/schema.org","@graph":[{"@type":"WebPage","@id":"https:\/\/www.sestogrado.it\/it\/prodotto\/camp-cassin-alpinist-tech-ramponi\/","url":"https:\/\/www.sestogrado.it\/it\/prodotto\/camp-cassin-alpinist-tech-ramponi\/","name":"Camp Cassin Alpinist Tech ramponi - Sestogrado","isPartOf":{"@id":"https:\/\/www.sestogrado.it\/it\/#website"},"primaryImageOfPage":{"@id":"https:\/\/www.sestogrado.it\/it\/prodotto\/camp-cassin-alpinist-tech-ramponi\/#primaryimage"},"image":{"@id":"https:\/\/www.sestogrado.it\/prodotto\/camp-cassin-alpinist-tech-ramponi\/#primaryimage"},"thumbnailUrl":"https:\/\/www.sestogrado.it\/wp-content\/uploads\/2019\/10\/2680-ALPINIST-TECH-19.jpg","datePublished":"2019-10-01T13:16:03+00:00","dateModified":"2025-11-12T21:17:08+00:00","description":"I Cassin Alpinist Tech sono dei ramponi da ghiaccio estremamente tecnici, il rampone pi\u00f9 leggero della gamma Cassin, evoluzione monopunta del modello Alpinist Pro.L'Alpinist Tech \u00e8 un rampone ideale per cascate di ghiaccio e misto, grazie a leggerezza, essenzialit\u00e0 e precisione. La punta frontale a T garantisce ottima penetrazione nel ghiaccio pi\u00f9 compatto e sostegno in quello meno solido, mentre la punta secondaria dalla forma classica offre supporto su neve dura e stabilit\u00e0 su ghiaccio lavorato, senza interferire nell'arrampicata su roccia. Tre piccole punte verticali ausiliarie (una sul tacco e due sulla piattaforma anteriore) assicurano la massima stabilit\u00e0 anche su petali e cavolfiori di ghiaccio.","breadcrumb":{"@id":"https:\/\/www.sestogrado.it\/it\/prodotto\/camp-cassin-alpinist-tech-ramponi\/#breadcrumb"},"inLanguage":"it-IT","potentialAction":[{"@type":"ReadAction","target":[["https:\/\/www.sestogrado.it\/it\/prodotto\/camp-cassin-alpinist-tech-ramponi\/"]]}]},{"@type":"ImageObject","inLanguage":"it-IT","@id":"https:\/\/www.sestogrado.it\/it\/prodotto\/camp-cassin-alpinist-tech-ramponi\/#primaryimage","url":"https:\/\/www.sestogrado.it\/wp-content\/uploads\/2019\/10\/2680-ALPINIST-TECH-19.jpg","contentUrl":"https:\/\/www.sestogrado.it\/wp-content\/uploads\/2019\/10\/2680-ALPINIST-TECH-19.jpg","width":1024,"height":1024,"caption":"cassin alpinist tech"},{"@type":"BreadcrumbList","@id":"https:\/\/www.sestogrado.it\/it\/prodotto\/camp-cassin-alpinist-tech-ramponi\/#breadcrumb","itemListElement":[{"@type":"ListItem","position":1,"name":"Home","item":"https:\/\/www.sestogrado.it\/it\/"},{"@type":"ListItem","position":2,"name":"Shop","item":"https:\/\/www.sestogrado.it\/it\/shop\/"},{"@type":"ListItem","position":3,"name":"Camp Cassin Alpinist Tech ramponi"}]},{"@type":"WebSite","@id":"https:\/\/www.sestogrado.it\/it\/#website","url":"https:\/\/www.sestogrado.it\/it\/","name":"Sestogrado","description":"yes we climb","publisher":{"@id":"https:\/\/www.sestogrado.it\/it\/#organization"},"potentialAction":[{"@type":"SearchAction","target":{"@type":"EntryPoint","urlTemplate":"https:\/\/www.sestogrado.it\/it\/?s={search_term_string}"},"query-input":{"@type":"PropertyValueSpecification","valueRequired":true,"valueName":"search_term_string"}}],"inLanguage":"it-IT"},{"@type":"Organization","@id":"https:\/\/www.sestogrado.it\/it\/#organization","name":"Sestogrado","url":"https:\/\/www.sestogrado.it\/it\/","logo":{"@type":"ImageObject","inLanguage":"it-IT","@id":"https:\/\/www.sestogrado.it\/it\/#\/schema\/logo\/image\/","url":"https:\/\/www.sestogrado.it\/wp-content\/uploads\/2015\/03\/sestogrado-favicon.png","contentUrl":"https:\/\/www.sestogrado.it\/wp-content\/uploads\/2015\/03\/sestogrado-favicon.png","width":260,"height":260,"caption":"Sestogrado"},"image":{"@id":"https:\/\/www.sestogrado.it\/it\/#\/schema\/logo\/image\/"},"sameAs":["https:\/\/www.facebook.com\/pages\/Sestogrado\/1542635979353017?ref=bookmarks","https:\/\/www.youtube.com\/channel\/UC847kAfTkaJsWpc1jtQwr3Q"],"hasMerchantReturnPolicy":{"@type":"MerchantReturnPolicy","merchantReturnLink":"https:\/\/www.sestogrado.it\/it\/termini-e-condizioni\/"}}]},"product_brand":"Camp","product_price_amount":"169.00","product_price_currency":"EUR","og_availability":"out of stock","product_availability":"out of stock","product_condition":"new"},"_links":{"self":[{"href":"https:\/\/www.sestogrado.it\/it\/wp-json\/wp\/v2\/product\/23262","targetHints":{"allow":["GET"]}}],"collection":[{"href":"https:\/\/www.sestogrado.it\/it\/wp-json\/wp\/v2\/product"}],"about":[{"href":"https:\/\/www.sestogrado.it\/it\/wp-json\/wp\/v2\/types\/product"}],"replies":[{"embeddable":true,"href":"https:\/\/www.sestogrado.it\/it\/wp-json\/wp\/v2\/comments?post=23262"}],"wp:featuredmedia":[{"embeddable":true,"href":"https:\/\/www.sestogrado.it\/it\/wp-json\/wp\/v2\/media\/23263"}],"wp:attachment":[{"href":"https:\/\/www.sestogrado.it\/it\/wp-json\/wp\/v2\/media?parent=23262"}],"wp:term":[{"taxonomy":"product_brand","embeddable":true,"href":"https:\/\/www.sestogrado.it\/it\/wp-json\/wp\/v2\/product_brand?post=23262"},{"taxonomy":"product_cat","embeddable":true,"href":"https:\/\/www.sestogrado.it\/it\/wp-json\/wp\/v2\/product_cat?post=23262"},{"taxonomy":"product_tag","embeddable":true,"href":"https:\/\/www.sestogrado.it\/it\/wp-json\/wp\/v2\/product_tag?post=23262"}],"curies":[{"name":"wp","href":"https:\/\/api.w.org\/{rel}","templated":true}]}}