{"id":22808,"date":"2019-09-09T14:50:10","date_gmt":"2019-09-09T12:50:10","guid":{"rendered":"https:\/\/www.sestogrado.it\/?post_type=product&#038;p=22808"},"modified":"2023-05-31T22:31:02","modified_gmt":"2023-05-31T20:31:02","slug":"edelweiss-kinetic-assicuratore-a-bloccaggio-assistito","status":"publish","type":"product","link":"https:\/\/www.sestogrado.it\/it\/prodotto\/edelweiss-kinetic-assicuratore-a-bloccaggio-assistito\/","title":{"rendered":"Edelweiss Kinetic assicuratore a bloccaggio assistito"},"content":{"rendered":"<p>L&#8217;Edelweiss Kinetic \u00e8 un assicuratore a bloccaggio assistito, compatto ed ideale per fare sicura con corde sottili.<\/p>\n<p>E&#8217; infatti omologato per corde singole da 8.5 fino a 10.5. Il Kinetic \u00e8 progettato per essere utilizzato con tutte e due le mani, una per dare corda e l&#8217;altra per trattenere la corda lato frenante, in modo da innescare il meccanismo di bloccaggio. Da questo punto di vista il Kinetic beneficia dell&#8217;uscita della corda &#8220;No Twist&#8221;, per cui la\u00a0corda ha un invito ad uscire frontalmente dall&#8217;assicuratore senza effettuare curve laterali che la fanno attorcigliare. Lo scorrimento frontale della corda pu\u00f2 essere controllato in calata, apponendo il pollice della mano frenante sotto il dispositivo.<\/p>\n<p><img decoding=\"async\" class=\" wp-image-22809 alignnone\" src=\"https:\/\/www.sestogrado.it\/wp-content\/uploads\/2019\/09\/Senza-titolo-1.jpg\" alt=\"kinetic\" width=\"620\" height=\"413\" srcset=\"https:\/\/www.sestogrado.it\/wp-content\/uploads\/2019\/09\/Senza-titolo-1.jpg 929w, https:\/\/www.sestogrado.it\/wp-content\/uploads\/2019\/09\/Senza-titolo-1-750x500.jpg 750w, https:\/\/www.sestogrado.it\/wp-content\/uploads\/2019\/09\/Senza-titolo-1-300x200.jpg 300w, https:\/\/www.sestogrado.it\/wp-content\/uploads\/2019\/09\/Senza-titolo-1-768x512.jpg 768w, https:\/\/www.sestogrado.it\/wp-content\/uploads\/2019\/09\/Senza-titolo-1-635x423.jpg 635w, https:\/\/www.sestogrado.it\/wp-content\/uploads\/2019\/09\/Senza-titolo-1-96x64.jpg 96w\" sizes=\"(max-width: 620px) 100vw, 620px\" \/><\/p>\n<p>Il Kinetic \u00e8 realizzato in acciaio inossidabile, trasmette robustezza ed al tatto \u00e8 facile e piacevole da impugnare. Il suo punto di forza \u00e8 la facilit\u00e0 e rapidit\u00e0 con cui si riesce a dare corda. Rispetto al Grigri, nel dare corda tipo secchiello, con una mano che &#8220;tira fuori&#8221; la corda e l&#8217;altra che la recupera, la camma tende molto meno a bloccarsi, evitando fastidiosi blocchi. Il feeling nel dare sicura \u00e8 molto simile a quello di un secchiello, in un dispositivo a bloccaggio assistito che fornisce maggiori standard di sicurezza.<\/p>\n<ul>\n<li>corde 8.5 &#8211; 10.5mm<\/li>\n<li>ottimizzato per corde sottili<\/li>\n<li>scorrimento frontale evita attorcigliamenti della corda in calata<\/li>\n<li>peso 210g<\/li>\n<\/ul>\n<p>&nbsp;<\/p>\n<p>L&#8217;Edelweiss Kinetic \u00e8 un assicuratore a bloccaggio assistito, solido, robusto e durevole, con un ottimo rapporto qualit\u00e0 prezzo, ideale per sicura sportiva con corde sotto 9.8mm di diametro.<\/p>\n<p>&nbsp;<\/p>\n<p>&nbsp;<\/p>","protected":false},"excerpt":{"rendered":"<p>L&#8217;Edelweiss Kinetic \u00e8 un assicuratore a bloccaggio assistito, compatto ed ideale per fare sicura con corde sottili. E&#8217; infatti omologato [&hellip;]<\/p>\n","protected":false},"featured_media":22833,"comment_status":"open","ping_status":"closed","template":"","meta":{"_acf_changed":false},"product_brand":[52],"product_cat":[134],"product_tag":[],"class_list":{"0":"post-22808","1":"product","2":"type-product","3":"status-publish","4":"has-post-thumbnail","6":"product_brand-edelweiss","7":"product_cat-assicuratori","9":"first","10":"outofstock","11":"sale","12":"taxable","13":"shipping-taxable","14":"purchasable","15":"product-type-simple"},"acf":[],"yoast_head":"<!-- This site is optimized with the Yoast SEO plugin v26.4 - https:\/\/yoast.com\/wordpress\/plugins\/seo\/ -->\n<title>Edelweiss Kinetic assicuratore a bloccaggio assistito - Sestogrado<\/title>\n<meta name=\"description\" content=\"L&#039;Edelweiss Kinetic \u00e8 un assicuratore a bloccaggio assistito, compatto ed ideale per fare sicura con corde sottili.E&#039; infatti omologato per corde singole da 8.5 fino a 10.5. Il Kinetic \u00e8 progettato per essere utilizzato con tutte e due le mani, una per dare corda e l&#039;altra per trattenere la corda lato frenante, in modo da innescare il meccanismo di bloccaggio. Da questo punto di vista il Kinetic beneficia dell&#039;uscita della corda &quot;No Twist&quot;, per cui la\u00a0corda ha un invito ad uscire frontalmente dall&#039;assicuratore senza effettuare curve laterali che la fanno attorcigliare.\" \/>\n<meta name=\"robots\" content=\"index, follow, max-snippet:-1, max-image-preview:large, max-video-preview:-1\" \/>\n<link rel=\"canonical\" href=\"https:\/\/www.sestogrado.it\/it\/prodotto\/edelweiss-kinetic-assicuratore-a-bloccaggio-assistito\/\" \/>\n<meta property=\"og:locale\" content=\"it_IT\" \/>\n<meta property=\"og:type\" content=\"article\" \/>\n<meta property=\"og:title\" content=\"Edelweiss Kinetic assicuratore a bloccaggio assistito - Sestogrado\" \/>\n<meta property=\"og:description\" content=\"L&#039;Edelweiss Kinetic \u00e8 un assicuratore a bloccaggio assistito, compatto ed ideale per fare sicura con corde sottili.E&#039; infatti omologato per corde singole da 8.5 fino a 10.5. Il Kinetic \u00e8 progettato per essere utilizzato con tutte e due le mani, una per dare corda e l&#039;altra per trattenere la corda lato frenante, in modo da innescare il meccanismo di bloccaggio. Da questo punto di vista il Kinetic beneficia dell&#039;uscita della corda &quot;No Twist&quot;, per cui la\u00a0corda ha un invito ad uscire frontalmente dall&#039;assicuratore senza effettuare curve laterali che la fanno attorcigliare.\" \/>\n<meta property=\"og:url\" content=\"https:\/\/www.sestogrado.it\/it\/prodotto\/edelweiss-kinetic-assicuratore-a-bloccaggio-assistito\/\" \/>\n<meta property=\"og:site_name\" content=\"Sestogrado\" \/>\n<meta property=\"article:publisher\" content=\"https:\/\/www.facebook.com\/pages\/Sestogrado\/1542635979353017?ref=bookmarks\" \/>\n<meta property=\"article:modified_time\" content=\"2023-05-31T20:31:02+00:00\" \/>\n<meta property=\"og:image\" content=\"https:\/\/www.sestogrado.it\/wp-content\/uploads\/2019\/09\/01.jpg\" \/>\n\t<meta property=\"og:image:width\" content=\"1000\" \/>\n\t<meta property=\"og:image:height\" content=\"1000\" \/>\n\t<meta property=\"og:image:type\" content=\"image\/jpeg\" \/>\n<meta name=\"twitter:label1\" content=\"Prezzo\" \/>\n\t<meta name=\"twitter:data1\" content=\"&euro;&nbsp;52,00\" \/>\n\t<meta name=\"twitter:label2\" content=\"Disponibilit\u00e0\" \/>\n\t<meta name=\"twitter:data2\" content=\"Esaurito\" \/>\n<script type=\"application\/ld+json\" class=\"yoast-schema-graph\">{\"@context\":\"https:\/\/schema.org\",\"@graph\":[{\"@type\":\"WebPage\",\"@id\":\"https:\/\/www.sestogrado.it\/it\/prodotto\/edelweiss-kinetic-assicuratore-a-bloccaggio-assistito\/\",\"url\":\"https:\/\/www.sestogrado.it\/it\/prodotto\/edelweiss-kinetic-assicuratore-a-bloccaggio-assistito\/\",\"name\":\"Edelweiss Kinetic assicuratore a bloccaggio assistito - Sestogrado\",\"isPartOf\":{\"@id\":\"https:\/\/www.sestogrado.it\/it\/#website\"},\"primaryImageOfPage\":{\"@id\":\"https:\/\/www.sestogrado.it\/it\/prodotto\/edelweiss-kinetic-assicuratore-a-bloccaggio-assistito\/#primaryimage\"},\"image\":{\"@id\":\"https:\/\/www.sestogrado.it\/prodotto\/edelweiss-kinetic-assicuratore-a-bloccaggio-assistito\/#primaryimage\"},\"thumbnailUrl\":\"https:\/\/www.sestogrado.it\/wp-content\/uploads\/2019\/09\/01.jpg\",\"datePublished\":\"2019-09-09T12:50:10+00:00\",\"dateModified\":\"2023-05-31T20:31:02+00:00\",\"description\":\"L'Edelweiss Kinetic \u00e8 un assicuratore a bloccaggio assistito, compatto ed ideale per fare sicura con corde sottili.E' infatti omologato per corde singole da 8.5 fino a 10.5. Il Kinetic \u00e8 progettato per essere utilizzato con tutte e due le mani, una per dare corda e l'altra per trattenere la corda lato frenante, in modo da innescare il meccanismo di bloccaggio. Da questo punto di vista il Kinetic beneficia dell'uscita della corda \\\"No Twist\\\", per cui la\u00a0corda ha un invito ad uscire frontalmente dall'assicuratore senza effettuare curve laterali che la fanno attorcigliare.\",\"breadcrumb\":{\"@id\":\"https:\/\/www.sestogrado.it\/it\/prodotto\/edelweiss-kinetic-assicuratore-a-bloccaggio-assistito\/#breadcrumb\"},\"inLanguage\":\"it-IT\",\"potentialAction\":[{\"@type\":\"ReadAction\",\"target\":[[\"https:\/\/www.sestogrado.it\/it\/prodotto\/edelweiss-kinetic-assicuratore-a-bloccaggio-assistito\/\"]]}]},{\"@type\":\"ImageObject\",\"inLanguage\":\"it-IT\",\"@id\":\"https:\/\/www.sestogrado.it\/it\/prodotto\/edelweiss-kinetic-assicuratore-a-bloccaggio-assistito\/#primaryimage\",\"url\":\"https:\/\/www.sestogrado.it\/wp-content\/uploads\/2019\/09\/01.jpg\",\"contentUrl\":\"https:\/\/www.sestogrado.it\/wp-content\/uploads\/2019\/09\/01.jpg\",\"width\":1000,\"height\":1000,\"caption\":\"edelweiss kinetic\"},{\"@type\":\"BreadcrumbList\",\"@id\":\"https:\/\/www.sestogrado.it\/it\/prodotto\/edelweiss-kinetic-assicuratore-a-bloccaggio-assistito\/#breadcrumb\",\"itemListElement\":[{\"@type\":\"ListItem\",\"position\":1,\"name\":\"Home\",\"item\":\"https:\/\/www.sestogrado.it\/it\/\"},{\"@type\":\"ListItem\",\"position\":2,\"name\":\"Shop\",\"item\":\"https:\/\/www.sestogrado.it\/it\/shop\/\"},{\"@type\":\"ListItem\",\"position\":3,\"name\":\"Edelweiss Kinetic assicuratore a bloccaggio assistito\"}]},{\"@type\":\"WebSite\",\"@id\":\"https:\/\/www.sestogrado.it\/it\/#website\",\"url\":\"https:\/\/www.sestogrado.it\/it\/\",\"name\":\"Sestogrado\",\"description\":\"yes we climb\",\"publisher\":{\"@id\":\"https:\/\/www.sestogrado.it\/it\/#organization\"},\"potentialAction\":[{\"@type\":\"SearchAction\",\"target\":{\"@type\":\"EntryPoint\",\"urlTemplate\":\"https:\/\/www.sestogrado.it\/it\/?s={search_term_string}\"},\"query-input\":{\"@type\":\"PropertyValueSpecification\",\"valueRequired\":true,\"valueName\":\"search_term_string\"}}],\"inLanguage\":\"it-IT\"},{\"@type\":\"Organization\",\"@id\":\"https:\/\/www.sestogrado.it\/it\/#organization\",\"name\":\"Sestogrado\",\"url\":\"https:\/\/www.sestogrado.it\/it\/\",\"logo\":{\"@type\":\"ImageObject\",\"inLanguage\":\"it-IT\",\"@id\":\"https:\/\/www.sestogrado.it\/it\/#\/schema\/logo\/image\/\",\"url\":\"https:\/\/www.sestogrado.it\/wp-content\/uploads\/2015\/03\/sestogrado-favicon.png\",\"contentUrl\":\"https:\/\/www.sestogrado.it\/wp-content\/uploads\/2015\/03\/sestogrado-favicon.png\",\"width\":260,\"height\":260,\"caption\":\"Sestogrado\"},\"image\":{\"@id\":\"https:\/\/www.sestogrado.it\/it\/#\/schema\/logo\/image\/\"},\"sameAs\":[\"https:\/\/www.facebook.com\/pages\/Sestogrado\/1542635979353017?ref=bookmarks\",\"https:\/\/www.youtube.com\/channel\/UC847kAfTkaJsWpc1jtQwr3Q\"],\"hasMerchantReturnPolicy\":{\"@type\":\"MerchantReturnPolicy\",\"merchantReturnLink\":\"https:\/\/www.sestogrado.it\/it\/termini-e-condizioni\/\"}}]}<\/script>\n<meta property=\"product:brand\" content=\"Edelweiss\" \/>\n<meta property=\"product:price:amount\" content=\"52.00\" \/>\n<meta property=\"product:price:currency\" content=\"EUR\" \/>\n<meta property=\"og:availability\" content=\"out of stock\" \/>\n<meta property=\"product:availability\" content=\"out of stock\" \/>\n<meta property=\"product:condition\" content=\"new\" \/>\n<!-- \/ Yoast SEO plugin. -->","yoast_head_json":{"title":"Edelweiss Kinetic assicuratore a bloccaggio assistito - Sestogrado","description":"L'Edelweiss Kinetic \u00e8 un assicuratore a bloccaggio assistito, compatto ed ideale per fare sicura con corde sottili.E' infatti omologato per corde singole da 8.5 fino a 10.5. Il Kinetic \u00e8 progettato per essere utilizzato con tutte e due le mani, una per dare corda e l'altra per trattenere la corda lato frenante, in modo da innescare il meccanismo di bloccaggio. Da questo punto di vista il Kinetic beneficia dell'uscita della corda \"No Twist\", per cui la\u00a0corda ha un invito ad uscire frontalmente dall'assicuratore senza effettuare curve laterali che la fanno attorcigliare.","robots":{"index":"index","follow":"follow","max-snippet":"max-snippet:-1","max-image-preview":"max-image-preview:large","max-video-preview":"max-video-preview:-1"},"canonical":"https:\/\/www.sestogrado.it\/it\/prodotto\/edelweiss-kinetic-assicuratore-a-bloccaggio-assistito\/","og_locale":"it_IT","og_type":"article","og_title":"Edelweiss Kinetic assicuratore a bloccaggio assistito - Sestogrado","og_description":"L'Edelweiss Kinetic \u00e8 un assicuratore a bloccaggio assistito, compatto ed ideale per fare sicura con corde sottili.E' infatti omologato per corde singole da 8.5 fino a 10.5. Il Kinetic \u00e8 progettato per essere utilizzato con tutte e due le mani, una per dare corda e l'altra per trattenere la corda lato frenante, in modo da innescare il meccanismo di bloccaggio. Da questo punto di vista il Kinetic beneficia dell'uscita della corda \"No Twist\", per cui la\u00a0corda ha un invito ad uscire frontalmente dall'assicuratore senza effettuare curve laterali che la fanno attorcigliare.","og_url":"https:\/\/www.sestogrado.it\/it\/prodotto\/edelweiss-kinetic-assicuratore-a-bloccaggio-assistito\/","og_site_name":"Sestogrado","article_publisher":"https:\/\/www.facebook.com\/pages\/Sestogrado\/1542635979353017?ref=bookmarks","article_modified_time":"2023-05-31T20:31:02+00:00","og_image":[{"width":1000,"height":1000,"url":"https:\/\/www.sestogrado.it\/wp-content\/uploads\/2019\/09\/01.jpg","type":"image\/jpeg"}],"twitter_misc":{"Prezzo":"&euro;&nbsp;52,00","Disponibilit\u00e0":"Esaurito"},"schema":{"@context":"https:\/\/schema.org","@graph":[{"@type":"WebPage","@id":"https:\/\/www.sestogrado.it\/it\/prodotto\/edelweiss-kinetic-assicuratore-a-bloccaggio-assistito\/","url":"https:\/\/www.sestogrado.it\/it\/prodotto\/edelweiss-kinetic-assicuratore-a-bloccaggio-assistito\/","name":"Edelweiss Kinetic assicuratore a bloccaggio assistito - Sestogrado","isPartOf":{"@id":"https:\/\/www.sestogrado.it\/it\/#website"},"primaryImageOfPage":{"@id":"https:\/\/www.sestogrado.it\/it\/prodotto\/edelweiss-kinetic-assicuratore-a-bloccaggio-assistito\/#primaryimage"},"image":{"@id":"https:\/\/www.sestogrado.it\/prodotto\/edelweiss-kinetic-assicuratore-a-bloccaggio-assistito\/#primaryimage"},"thumbnailUrl":"https:\/\/www.sestogrado.it\/wp-content\/uploads\/2019\/09\/01.jpg","datePublished":"2019-09-09T12:50:10+00:00","dateModified":"2023-05-31T20:31:02+00:00","description":"L'Edelweiss Kinetic \u00e8 un assicuratore a bloccaggio assistito, compatto ed ideale per fare sicura con corde sottili.E' infatti omologato per corde singole da 8.5 fino a 10.5. Il Kinetic \u00e8 progettato per essere utilizzato con tutte e due le mani, una per dare corda e l'altra per trattenere la corda lato frenante, in modo da innescare il meccanismo di bloccaggio. Da questo punto di vista il Kinetic beneficia dell'uscita della corda \"No Twist\", per cui la\u00a0corda ha un invito ad uscire frontalmente dall'assicuratore senza effettuare curve laterali che la fanno attorcigliare.","breadcrumb":{"@id":"https:\/\/www.sestogrado.it\/it\/prodotto\/edelweiss-kinetic-assicuratore-a-bloccaggio-assistito\/#breadcrumb"},"inLanguage":"it-IT","potentialAction":[{"@type":"ReadAction","target":[["https:\/\/www.sestogrado.it\/it\/prodotto\/edelweiss-kinetic-assicuratore-a-bloccaggio-assistito\/"]]}]},{"@type":"ImageObject","inLanguage":"it-IT","@id":"https:\/\/www.sestogrado.it\/it\/prodotto\/edelweiss-kinetic-assicuratore-a-bloccaggio-assistito\/#primaryimage","url":"https:\/\/www.sestogrado.it\/wp-content\/uploads\/2019\/09\/01.jpg","contentUrl":"https:\/\/www.sestogrado.it\/wp-content\/uploads\/2019\/09\/01.jpg","width":1000,"height":1000,"caption":"edelweiss kinetic"},{"@type":"BreadcrumbList","@id":"https:\/\/www.sestogrado.it\/it\/prodotto\/edelweiss-kinetic-assicuratore-a-bloccaggio-assistito\/#breadcrumb","itemListElement":[{"@type":"ListItem","position":1,"name":"Home","item":"https:\/\/www.sestogrado.it\/it\/"},{"@type":"ListItem","position":2,"name":"Shop","item":"https:\/\/www.sestogrado.it\/it\/shop\/"},{"@type":"ListItem","position":3,"name":"Edelweiss Kinetic assicuratore a bloccaggio assistito"}]},{"@type":"WebSite","@id":"https:\/\/www.sestogrado.it\/it\/#website","url":"https:\/\/www.sestogrado.it\/it\/","name":"Sestogrado","description":"yes we climb","publisher":{"@id":"https:\/\/www.sestogrado.it\/it\/#organization"},"potentialAction":[{"@type":"SearchAction","target":{"@type":"EntryPoint","urlTemplate":"https:\/\/www.sestogrado.it\/it\/?s={search_term_string}"},"query-input":{"@type":"PropertyValueSpecification","valueRequired":true,"valueName":"search_term_string"}}],"inLanguage":"it-IT"},{"@type":"Organization","@id":"https:\/\/www.sestogrado.it\/it\/#organization","name":"Sestogrado","url":"https:\/\/www.sestogrado.it\/it\/","logo":{"@type":"ImageObject","inLanguage":"it-IT","@id":"https:\/\/www.sestogrado.it\/it\/#\/schema\/logo\/image\/","url":"https:\/\/www.sestogrado.it\/wp-content\/uploads\/2015\/03\/sestogrado-favicon.png","contentUrl":"https:\/\/www.sestogrado.it\/wp-content\/uploads\/2015\/03\/sestogrado-favicon.png","width":260,"height":260,"caption":"Sestogrado"},"image":{"@id":"https:\/\/www.sestogrado.it\/it\/#\/schema\/logo\/image\/"},"sameAs":["https:\/\/www.facebook.com\/pages\/Sestogrado\/1542635979353017?ref=bookmarks","https:\/\/www.youtube.com\/channel\/UC847kAfTkaJsWpc1jtQwr3Q"],"hasMerchantReturnPolicy":{"@type":"MerchantReturnPolicy","merchantReturnLink":"https:\/\/www.sestogrado.it\/it\/termini-e-condizioni\/"}}]},"product_brand":"Edelweiss","product_price_amount":"52.00","product_price_currency":"EUR","og_availability":"out of stock","product_availability":"out of stock","product_condition":"new"},"_links":{"self":[{"href":"https:\/\/www.sestogrado.it\/it\/wp-json\/wp\/v2\/product\/22808","targetHints":{"allow":["GET"]}}],"collection":[{"href":"https:\/\/www.sestogrado.it\/it\/wp-json\/wp\/v2\/product"}],"about":[{"href":"https:\/\/www.sestogrado.it\/it\/wp-json\/wp\/v2\/types\/product"}],"replies":[{"embeddable":true,"href":"https:\/\/www.sestogrado.it\/it\/wp-json\/wp\/v2\/comments?post=22808"}],"wp:featuredmedia":[{"embeddable":true,"href":"https:\/\/www.sestogrado.it\/it\/wp-json\/wp\/v2\/media\/22833"}],"wp:attachment":[{"href":"https:\/\/www.sestogrado.it\/it\/wp-json\/wp\/v2\/media?parent=22808"}],"wp:term":[{"taxonomy":"product_brand","embeddable":true,"href":"https:\/\/www.sestogrado.it\/it\/wp-json\/wp\/v2\/product_brand?post=22808"},{"taxonomy":"product_cat","embeddable":true,"href":"https:\/\/www.sestogrado.it\/it\/wp-json\/wp\/v2\/product_cat?post=22808"},{"taxonomy":"product_tag","embeddable":true,"href":"https:\/\/www.sestogrado.it\/it\/wp-json\/wp\/v2\/product_tag?post=22808"}],"curies":[{"name":"wp","href":"https:\/\/api.w.org\/{rel}","templated":true}]}}