{"id":22423,"date":"2019-08-06T15:16:50","date_gmt":"2019-08-06T13:16:50","guid":{"rendered":"https:\/\/www.sestogrado.it\/?post_type=product&#038;p=22423"},"modified":"2026-03-30T17:36:45","modified_gmt":"2026-03-30T15:36:45","slug":"yy-vertical-monkey-rope-bag-sacca-porta-corda-agganciabile-allo-zaino","status":"publish","type":"product","link":"https:\/\/www.sestogrado.it\/it\/prodotto\/yy-vertical-monkey-rope-bag-sacca-porta-corda-agganciabile-allo-zaino\/","title":{"rendered":"YY Vertical Monkey Rope Bag sacca porta corda agganciabile allo zaino"},"content":{"rendered":"<p>La YY Vertical Monkey Rope Bag \u00e8 una innovativa sacca porta corda, in grado di agganciarsi al tuo zaino per un pi\u00f9 facile trasporto. La &#8220;scimmietta&#8221; si aggancia tramite cintura ventrale, per poi essere fissata alla parte bassa ed alla parte alta dello zaino. In questo modo l&#8217;avvicinamento \u00e8 pi\u00f9 confortevole, i movimenti sono pi\u00f9 facilitati, senza sbilanciamenti.<\/p>\n<p>Il grande telo del YY Monkey Rope Bag facilita la gestione della corda alla base delle vie.<\/p>\n<p>Se un giorno non hai lo zaino con te, non c&#8217;\u00e8 problema, il Monkey pu\u00f2 essere portato a tracolla grazie alla bretella removibile.<\/p>","protected":false},"excerpt":{"rendered":"<p>La YY Vertical Monkey Rope Bag \u00e8 una innovativa sacca porta corda, in grado di agganciarsi al tuo zaino per [&hellip;]<\/p>\n","protected":false},"featured_media":92486,"comment_status":"open","ping_status":"closed","template":"","meta":{"_acf_changed":false},"product_brand":[197],"product_cat":[390,392],"product_tag":[],"class_list":{"0":"post-22423","1":"product","2":"type-product","3":"status-publish","4":"has-post-thumbnail","6":"product_brand-yy","7":"product_cat-zaini-e-borse-portacorda","8":"product_cat-borse-portacorda","10":"first","11":"outofstock","12":"sale","13":"taxable","14":"shipping-taxable","15":"purchasable","16":"product-type-simple"},"acf":[],"yoast_head":"<!-- This site is optimized with the Yoast SEO plugin v26.4 - https:\/\/yoast.com\/wordpress\/plugins\/seo\/ -->\n<title>YY Vertical Monkey Rope Bag sacca porta corda agganciabile allo zaino - Sestogrado<\/title>\n<meta name=\"description\" content=\"La Y&amp;Y Monkey Rope Bag \u00e8 una innovativa sacca porta corda, in grado di agganciarsi al tuo zaino per un pi\u00f9 facile trasporto. La &quot;scimmietta&quot; si aggancia tramite cintura ventrale, per poi essere fissata alla parte bassa ed alla parte alta dello zaino. In questo modo l&#039;avvicinamento \u00e8 pi\u00f9 confortevole, i movimenti sono pi\u00f9 facilitati, senza sbilanciamenti.\" \/>\n<meta name=\"robots\" content=\"index, follow, max-snippet:-1, max-image-preview:large, max-video-preview:-1\" \/>\n<link rel=\"canonical\" href=\"https:\/\/www.sestogrado.it\/it\/prodotto\/yy-vertical-monkey-rope-bag-sacca-porta-corda-agganciabile-allo-zaino\/\" \/>\n<meta property=\"og:locale\" content=\"it_IT\" \/>\n<meta property=\"og:type\" content=\"article\" \/>\n<meta property=\"og:title\" content=\"YY Vertical Monkey Rope Bag sacca porta corda agganciabile allo zaino - Sestogrado\" \/>\n<meta property=\"og:description\" content=\"La Y&amp;Y Monkey Rope Bag \u00e8 una innovativa sacca porta corda, in grado di agganciarsi al tuo zaino per un pi\u00f9 facile trasporto. La &quot;scimmietta&quot; si aggancia tramite cintura ventrale, per poi essere fissata alla parte bassa ed alla parte alta dello zaino. In questo modo l&#039;avvicinamento \u00e8 pi\u00f9 confortevole, i movimenti sono pi\u00f9 facilitati, senza sbilanciamenti.\" \/>\n<meta property=\"og:url\" content=\"https:\/\/www.sestogrado.it\/it\/prodotto\/yy-vertical-monkey-rope-bag-sacca-porta-corda-agganciabile-allo-zaino\/\" \/>\n<meta property=\"og:site_name\" content=\"Sestogrado\" \/>\n<meta property=\"article:publisher\" content=\"https:\/\/www.facebook.com\/pages\/Sestogrado\/1542635979353017?ref=bookmarks\" \/>\n<meta property=\"article:modified_time\" content=\"2026-03-30T15:36:45+00:00\" \/>\n<meta property=\"og:image\" content=\"https:\/\/www.sestogrado.it\/wp-content\/uploads\/2019\/08\/01-4.jpg\" \/>\n\t<meta property=\"og:image:width\" content=\"1200\" \/>\n\t<meta property=\"og:image:height\" content=\"1200\" \/>\n\t<meta property=\"og:image:type\" content=\"image\/jpeg\" \/>\n<meta name=\"twitter:label1\" content=\"Prezzo\" \/>\n\t<meta name=\"twitter:data1\" content=\"&euro;&nbsp;49,00\" \/>\n\t<meta name=\"twitter:label2\" content=\"Disponibilit\u00e0\" \/>\n\t<meta name=\"twitter:data2\" content=\"Esaurito\" \/>\n<script type=\"application\/ld+json\" class=\"yoast-schema-graph\">{\"@context\":\"https:\/\/schema.org\",\"@graph\":[{\"@type\":\"WebPage\",\"@id\":\"https:\/\/www.sestogrado.it\/it\/prodotto\/yy-vertical-monkey-rope-bag-sacca-porta-corda-agganciabile-allo-zaino\/\",\"url\":\"https:\/\/www.sestogrado.it\/it\/prodotto\/yy-vertical-monkey-rope-bag-sacca-porta-corda-agganciabile-allo-zaino\/\",\"name\":\"YY Vertical Monkey Rope Bag sacca porta corda agganciabile allo zaino - Sestogrado\",\"isPartOf\":{\"@id\":\"https:\/\/www.sestogrado.it\/it\/#website\"},\"primaryImageOfPage\":{\"@id\":\"https:\/\/www.sestogrado.it\/it\/prodotto\/yy-vertical-monkey-rope-bag-sacca-porta-corda-agganciabile-allo-zaino\/#primaryimage\"},\"image\":{\"@id\":\"https:\/\/www.sestogrado.it\/prodotto\/yy-vertical-monkey-rope-bag-sacca-porta-corda-agganciabile-allo-zaino\/#primaryimage\"},\"thumbnailUrl\":\"https:\/\/www.sestogrado.it\/wp-content\/uploads\/2019\/08\/01-4.jpg\",\"datePublished\":\"2019-08-06T13:16:50+00:00\",\"dateModified\":\"2026-03-30T15:36:45+00:00\",\"description\":\"La Y&Y Monkey Rope Bag \u00e8 una innovativa sacca porta corda, in grado di agganciarsi al tuo zaino per un pi\u00f9 facile trasporto. La \\\"scimmietta\\\" si aggancia tramite cintura ventrale, per poi essere fissata alla parte bassa ed alla parte alta dello zaino. In questo modo l'avvicinamento \u00e8 pi\u00f9 confortevole, i movimenti sono pi\u00f9 facilitati, senza sbilanciamenti.\",\"breadcrumb\":{\"@id\":\"https:\/\/www.sestogrado.it\/it\/prodotto\/yy-vertical-monkey-rope-bag-sacca-porta-corda-agganciabile-allo-zaino\/#breadcrumb\"},\"inLanguage\":\"it-IT\",\"potentialAction\":[{\"@type\":\"ReadAction\",\"target\":[[\"https:\/\/www.sestogrado.it\/it\/prodotto\/yy-vertical-monkey-rope-bag-sacca-porta-corda-agganciabile-allo-zaino\/\"]]}]},{\"@type\":\"ImageObject\",\"inLanguage\":\"it-IT\",\"@id\":\"https:\/\/www.sestogrado.it\/it\/prodotto\/yy-vertical-monkey-rope-bag-sacca-porta-corda-agganciabile-allo-zaino\/#primaryimage\",\"url\":\"https:\/\/www.sestogrado.it\/wp-content\/uploads\/2019\/08\/01-4.jpg\",\"contentUrl\":\"https:\/\/www.sestogrado.it\/wp-content\/uploads\/2019\/08\/01-4.jpg\",\"width\":1200,\"height\":1200,\"caption\":\"Y&Y monkey\"},{\"@type\":\"BreadcrumbList\",\"@id\":\"https:\/\/www.sestogrado.it\/it\/prodotto\/yy-vertical-monkey-rope-bag-sacca-porta-corda-agganciabile-allo-zaino\/#breadcrumb\",\"itemListElement\":[{\"@type\":\"ListItem\",\"position\":1,\"name\":\"Home\",\"item\":\"https:\/\/www.sestogrado.it\/it\/\"},{\"@type\":\"ListItem\",\"position\":2,\"name\":\"Shop\",\"item\":\"https:\/\/www.sestogrado.it\/it\/shop\/\"},{\"@type\":\"ListItem\",\"position\":3,\"name\":\"YY Vertical Monkey Rope Bag sacca porta corda agganciabile allo zaino\"}]},{\"@type\":\"WebSite\",\"@id\":\"https:\/\/www.sestogrado.it\/it\/#website\",\"url\":\"https:\/\/www.sestogrado.it\/it\/\",\"name\":\"Sestogrado\",\"description\":\"yes we climb\",\"publisher\":{\"@id\":\"https:\/\/www.sestogrado.it\/it\/#organization\"},\"potentialAction\":[{\"@type\":\"SearchAction\",\"target\":{\"@type\":\"EntryPoint\",\"urlTemplate\":\"https:\/\/www.sestogrado.it\/it\/?s={search_term_string}\"},\"query-input\":{\"@type\":\"PropertyValueSpecification\",\"valueRequired\":true,\"valueName\":\"search_term_string\"}}],\"inLanguage\":\"it-IT\"},{\"@type\":\"Organization\",\"@id\":\"https:\/\/www.sestogrado.it\/it\/#organization\",\"name\":\"Sestogrado\",\"url\":\"https:\/\/www.sestogrado.it\/it\/\",\"logo\":{\"@type\":\"ImageObject\",\"inLanguage\":\"it-IT\",\"@id\":\"https:\/\/www.sestogrado.it\/it\/#\/schema\/logo\/image\/\",\"url\":\"https:\/\/www.sestogrado.it\/wp-content\/uploads\/2015\/03\/sestogrado-favicon.png\",\"contentUrl\":\"https:\/\/www.sestogrado.it\/wp-content\/uploads\/2015\/03\/sestogrado-favicon.png\",\"width\":260,\"height\":260,\"caption\":\"Sestogrado\"},\"image\":{\"@id\":\"https:\/\/www.sestogrado.it\/it\/#\/schema\/logo\/image\/\"},\"sameAs\":[\"https:\/\/www.facebook.com\/pages\/Sestogrado\/1542635979353017?ref=bookmarks\",\"https:\/\/www.youtube.com\/channel\/UC847kAfTkaJsWpc1jtQwr3Q\"],\"hasMerchantReturnPolicy\":{\"@type\":\"MerchantReturnPolicy\",\"merchantReturnLink\":\"https:\/\/www.sestogrado.it\/it\/termini-e-condizioni\/\"}}]}<\/script>\n<meta property=\"product:brand\" content=\"YY Vertical\" \/>\n<meta property=\"product:price:amount\" content=\"49.00\" \/>\n<meta property=\"product:price:currency\" content=\"EUR\" \/>\n<meta property=\"og:availability\" content=\"out of stock\" \/>\n<meta property=\"product:availability\" content=\"out of stock\" \/>\n<meta property=\"product:condition\" content=\"new\" \/>\n<!-- \/ Yoast SEO plugin. -->","yoast_head_json":{"title":"YY Vertical Monkey Rope Bag sacca porta corda agganciabile allo zaino - Sestogrado","description":"La Y&Y Monkey Rope Bag \u00e8 una innovativa sacca porta corda, in grado di agganciarsi al tuo zaino per un pi\u00f9 facile trasporto. La \"scimmietta\" si aggancia tramite cintura ventrale, per poi essere fissata alla parte bassa ed alla parte alta dello zaino. In questo modo l'avvicinamento \u00e8 pi\u00f9 confortevole, i movimenti sono pi\u00f9 facilitati, senza sbilanciamenti.","robots":{"index":"index","follow":"follow","max-snippet":"max-snippet:-1","max-image-preview":"max-image-preview:large","max-video-preview":"max-video-preview:-1"},"canonical":"https:\/\/www.sestogrado.it\/it\/prodotto\/yy-vertical-monkey-rope-bag-sacca-porta-corda-agganciabile-allo-zaino\/","og_locale":"it_IT","og_type":"article","og_title":"YY Vertical Monkey Rope Bag sacca porta corda agganciabile allo zaino - Sestogrado","og_description":"La Y&Y Monkey Rope Bag \u00e8 una innovativa sacca porta corda, in grado di agganciarsi al tuo zaino per un pi\u00f9 facile trasporto. La \"scimmietta\" si aggancia tramite cintura ventrale, per poi essere fissata alla parte bassa ed alla parte alta dello zaino. In questo modo l'avvicinamento \u00e8 pi\u00f9 confortevole, i movimenti sono pi\u00f9 facilitati, senza sbilanciamenti.","og_url":"https:\/\/www.sestogrado.it\/it\/prodotto\/yy-vertical-monkey-rope-bag-sacca-porta-corda-agganciabile-allo-zaino\/","og_site_name":"Sestogrado","article_publisher":"https:\/\/www.facebook.com\/pages\/Sestogrado\/1542635979353017?ref=bookmarks","article_modified_time":"2026-03-30T15:36:45+00:00","og_image":[{"width":1200,"height":1200,"url":"https:\/\/www.sestogrado.it\/wp-content\/uploads\/2019\/08\/01-4.jpg","type":"image\/jpeg"}],"twitter_misc":{"Prezzo":"&euro;&nbsp;49,00","Disponibilit\u00e0":"Esaurito"},"schema":{"@context":"https:\/\/schema.org","@graph":[{"@type":"WebPage","@id":"https:\/\/www.sestogrado.it\/it\/prodotto\/yy-vertical-monkey-rope-bag-sacca-porta-corda-agganciabile-allo-zaino\/","url":"https:\/\/www.sestogrado.it\/it\/prodotto\/yy-vertical-monkey-rope-bag-sacca-porta-corda-agganciabile-allo-zaino\/","name":"YY Vertical Monkey Rope Bag sacca porta corda agganciabile allo zaino - Sestogrado","isPartOf":{"@id":"https:\/\/www.sestogrado.it\/it\/#website"},"primaryImageOfPage":{"@id":"https:\/\/www.sestogrado.it\/it\/prodotto\/yy-vertical-monkey-rope-bag-sacca-porta-corda-agganciabile-allo-zaino\/#primaryimage"},"image":{"@id":"https:\/\/www.sestogrado.it\/prodotto\/yy-vertical-monkey-rope-bag-sacca-porta-corda-agganciabile-allo-zaino\/#primaryimage"},"thumbnailUrl":"https:\/\/www.sestogrado.it\/wp-content\/uploads\/2019\/08\/01-4.jpg","datePublished":"2019-08-06T13:16:50+00:00","dateModified":"2026-03-30T15:36:45+00:00","description":"La Y&Y Monkey Rope Bag \u00e8 una innovativa sacca porta corda, in grado di agganciarsi al tuo zaino per un pi\u00f9 facile trasporto. La \"scimmietta\" si aggancia tramite cintura ventrale, per poi essere fissata alla parte bassa ed alla parte alta dello zaino. In questo modo l'avvicinamento \u00e8 pi\u00f9 confortevole, i movimenti sono pi\u00f9 facilitati, senza sbilanciamenti.","breadcrumb":{"@id":"https:\/\/www.sestogrado.it\/it\/prodotto\/yy-vertical-monkey-rope-bag-sacca-porta-corda-agganciabile-allo-zaino\/#breadcrumb"},"inLanguage":"it-IT","potentialAction":[{"@type":"ReadAction","target":[["https:\/\/www.sestogrado.it\/it\/prodotto\/yy-vertical-monkey-rope-bag-sacca-porta-corda-agganciabile-allo-zaino\/"]]}]},{"@type":"ImageObject","inLanguage":"it-IT","@id":"https:\/\/www.sestogrado.it\/it\/prodotto\/yy-vertical-monkey-rope-bag-sacca-porta-corda-agganciabile-allo-zaino\/#primaryimage","url":"https:\/\/www.sestogrado.it\/wp-content\/uploads\/2019\/08\/01-4.jpg","contentUrl":"https:\/\/www.sestogrado.it\/wp-content\/uploads\/2019\/08\/01-4.jpg","width":1200,"height":1200,"caption":"Y&Y monkey"},{"@type":"BreadcrumbList","@id":"https:\/\/www.sestogrado.it\/it\/prodotto\/yy-vertical-monkey-rope-bag-sacca-porta-corda-agganciabile-allo-zaino\/#breadcrumb","itemListElement":[{"@type":"ListItem","position":1,"name":"Home","item":"https:\/\/www.sestogrado.it\/it\/"},{"@type":"ListItem","position":2,"name":"Shop","item":"https:\/\/www.sestogrado.it\/it\/shop\/"},{"@type":"ListItem","position":3,"name":"YY Vertical Monkey Rope Bag sacca porta corda agganciabile allo zaino"}]},{"@type":"WebSite","@id":"https:\/\/www.sestogrado.it\/it\/#website","url":"https:\/\/www.sestogrado.it\/it\/","name":"Sestogrado","description":"yes we climb","publisher":{"@id":"https:\/\/www.sestogrado.it\/it\/#organization"},"potentialAction":[{"@type":"SearchAction","target":{"@type":"EntryPoint","urlTemplate":"https:\/\/www.sestogrado.it\/it\/?s={search_term_string}"},"query-input":{"@type":"PropertyValueSpecification","valueRequired":true,"valueName":"search_term_string"}}],"inLanguage":"it-IT"},{"@type":"Organization","@id":"https:\/\/www.sestogrado.it\/it\/#organization","name":"Sestogrado","url":"https:\/\/www.sestogrado.it\/it\/","logo":{"@type":"ImageObject","inLanguage":"it-IT","@id":"https:\/\/www.sestogrado.it\/it\/#\/schema\/logo\/image\/","url":"https:\/\/www.sestogrado.it\/wp-content\/uploads\/2015\/03\/sestogrado-favicon.png","contentUrl":"https:\/\/www.sestogrado.it\/wp-content\/uploads\/2015\/03\/sestogrado-favicon.png","width":260,"height":260,"caption":"Sestogrado"},"image":{"@id":"https:\/\/www.sestogrado.it\/it\/#\/schema\/logo\/image\/"},"sameAs":["https:\/\/www.facebook.com\/pages\/Sestogrado\/1542635979353017?ref=bookmarks","https:\/\/www.youtube.com\/channel\/UC847kAfTkaJsWpc1jtQwr3Q"],"hasMerchantReturnPolicy":{"@type":"MerchantReturnPolicy","merchantReturnLink":"https:\/\/www.sestogrado.it\/it\/termini-e-condizioni\/"}}]},"product_brand":"YY Vertical","product_price_amount":"49.00","product_price_currency":"EUR","og_availability":"out of stock","product_availability":"out of stock","product_condition":"new"},"_links":{"self":[{"href":"https:\/\/www.sestogrado.it\/it\/wp-json\/wp\/v2\/product\/22423","targetHints":{"allow":["GET"]}}],"collection":[{"href":"https:\/\/www.sestogrado.it\/it\/wp-json\/wp\/v2\/product"}],"about":[{"href":"https:\/\/www.sestogrado.it\/it\/wp-json\/wp\/v2\/types\/product"}],"replies":[{"embeddable":true,"href":"https:\/\/www.sestogrado.it\/it\/wp-json\/wp\/v2\/comments?post=22423"}],"wp:featuredmedia":[{"embeddable":true,"href":"https:\/\/www.sestogrado.it\/it\/wp-json\/wp\/v2\/media\/92486"}],"wp:attachment":[{"href":"https:\/\/www.sestogrado.it\/it\/wp-json\/wp\/v2\/media?parent=22423"}],"wp:term":[{"taxonomy":"product_brand","embeddable":true,"href":"https:\/\/www.sestogrado.it\/it\/wp-json\/wp\/v2\/product_brand?post=22423"},{"taxonomy":"product_cat","embeddable":true,"href":"https:\/\/www.sestogrado.it\/it\/wp-json\/wp\/v2\/product_cat?post=22423"},{"taxonomy":"product_tag","embeddable":true,"href":"https:\/\/www.sestogrado.it\/it\/wp-json\/wp\/v2\/product_tag?post=22423"}],"curies":[{"name":"wp","href":"https:\/\/api.w.org\/{rel}","templated":true}]}}