{"id":22100,"date":"2019-07-11T14:26:03","date_gmt":"2019-07-11T12:26:03","guid":{"rendered":"https:\/\/www.sestogrado.it\/?post_type=product&#038;p=22100"},"modified":"2026-04-16T09:14:14","modified_gmt":"2026-04-16T07:14:14","slug":"beal-legend-8-3-mezza-corda-arrampicata","status":"publish","type":"product","link":"https:\/\/www.sestogrado.it\/it\/prodotto\/beal-legend-8-3-mezza-corda-arrampicata\/","title":{"rendered":"Beal Legend 8.3 mezza corda arrampicata"},"content":{"rendered":"<p>La Beal Legend 8.3 \u00e8 una mezza corda dal peso contenuto (47g al metro) e dallo spessore &#8220;medio&#8221; rispetto alle mezze corde in commercio, n\u00e8 troppo spessa, n\u00e8 ipersottile. La Legend 8.3 \u00e8 cos\u00ec un&#8217;ottima corda, ideale per principianti, facile da maneggiare, non impegnativa, scorrevole il giusto in tutti gli assicuratori.<\/p>\n<p>La Beal Legend 8.3 \u00e8 realizzata con una calza piuttosto morbida, in grado di offrire un ottimo feeling quando la si manovra o quando si moschettona, e possiede un ottimo grip. Queste caratteristiche la rendono un prodotto sicuro, maneggevole e compatto. Non avendo trattamenti impermeabilizzanti dry cover, ed avendo una costruzione a trefoli tradizionali, la Beal Legend 8.3 rappresenta una soluzione dall&#8217;eccellente rapporto qualit\u00e0 prezzo per chi non ha esigenze tecniche particolari.<\/p>\n<ul>\n<li>ottima maneggevolezza<\/li>\n<li>compatta e facile da utilizzare<\/li>\n<li>calza offre un ottimo grip<\/li>\n<\/ul>\n<p>La Beal Legend 8.3 \u00e8 una mezza corda polivalente, pratica e compatta, ideale per vie lunghe ed alpinismo tradizionale.<\/p>\n<p>&nbsp;<\/p>\n<p>Beal \u00e8 leader mondiale nella produzione di corde da montagna grazie ad un avanzato sviluppo tecnologico nel processo \u00a0di fabbricazione che gli \u00e8 valso il certificato Iso 9001. Sempre attento alle esigenze degli arrampicatori, \u00e8 stato in grado di apportare dinamicit\u00e0 alla pratica dell&#8217;arrampicata grazie ad un&#8217;intensa attivit\u00e0 di ricerca. In particolare, Black Limit, Program System, trattamento Dry Cover, imbragature Aero, tecnologia Unicore.<\/p>","protected":false},"excerpt":{"rendered":"<p>La Beal Legend 8.3 \u00e8 una mezza corda dal peso contenuto (47g al metro) e dallo spessore &#8220;medio&#8221; rispetto alle [&hellip;]<\/p>\n","protected":false},"featured_media":38971,"comment_status":"open","ping_status":"closed","template":"","meta":{"_acf_changed":false},"product_brand":[84],"product_cat":[1357],"product_tag":[448],"class_list":{"0":"post-22100","1":"product","2":"type-product","3":"status-publish","4":"has-post-thumbnail","6":"product_brand-beal","7":"product_cat-mezze-corde","8":"product_tag-mezza-corda","10":"first","11":"instock","12":"sale","13":"taxable","14":"shipping-taxable","15":"purchasable","16":"product-type-variable"},"acf":[],"yoast_head":"<!-- This site is optimized with the Yoast SEO plugin v26.4 - https:\/\/yoast.com\/wordpress\/plugins\/seo\/ -->\n<title>Beal Legend 8.3 mezza corda arrampicata - Sestogrado<\/title>\n<meta name=\"description\" content=\"La Beal Legend 8.3 \u00e8 una mezza corda dal peso contenuto (47g al metro) e dallo spessore &quot;medio&quot; rispetto alle mezze corde in commercio, n\u00e8 troppo spessa, n\u00e8 ipersottile. La Legend 8.3 \u00e8 cos\u00ec un&#039;ottima corda, ideale per principianti, facile da maneggiare, non impegnativa, scorrevole il giusto in tutti gli assicuratori.\" \/>\n<meta name=\"robots\" content=\"index, follow, max-snippet:-1, max-image-preview:large, max-video-preview:-1\" \/>\n<link rel=\"canonical\" href=\"https:\/\/www.sestogrado.it\/it\/prodotto\/beal-legend-8-3-mezza-corda-arrampicata\/\" \/>\n<meta property=\"og:locale\" content=\"it_IT\" \/>\n<meta property=\"og:type\" content=\"article\" \/>\n<meta property=\"og:title\" content=\"Beal Legend 8.3 mezza corda arrampicata - Sestogrado\" \/>\n<meta property=\"og:description\" content=\"La Beal Legend 8.3 \u00e8 una mezza corda dal peso contenuto (47g al metro) e dallo spessore &quot;medio&quot; rispetto alle mezze corde in commercio, n\u00e8 troppo spessa, n\u00e8 ipersottile. La Legend 8.3 \u00e8 cos\u00ec un&#039;ottima corda, ideale per principianti, facile da maneggiare, non impegnativa, scorrevole il giusto in tutti gli assicuratori.\" \/>\n<meta property=\"og:url\" content=\"https:\/\/www.sestogrado.it\/it\/prodotto\/beal-legend-8-3-mezza-corda-arrampicata\/\" \/>\n<meta property=\"og:site_name\" content=\"Sestogrado\" \/>\n<meta property=\"article:publisher\" content=\"https:\/\/www.facebook.com\/pages\/Sestogrado\/1542635979353017?ref=bookmarks\" \/>\n<meta property=\"article:modified_time\" content=\"2026-04-16T07:14:14+00:00\" \/>\n<meta property=\"og:image\" content=\"https:\/\/www.sestogrado.it\/wp-content\/uploads\/2019\/07\/beal-legend.jpg\" \/>\n\t<meta property=\"og:image:width\" content=\"900\" \/>\n\t<meta property=\"og:image:height\" content=\"900\" \/>\n\t<meta property=\"og:image:type\" content=\"image\/jpeg\" \/>\n<meta name=\"twitter:label1\" content=\"Disponibilit\u00e0\" \/>\n\t<meta name=\"twitter:data1\" content=\"In stock\" \/>\n<script type=\"application\/ld+json\" class=\"yoast-schema-graph\">{\"@context\":\"https:\/\/schema.org\",\"@graph\":[{\"@type\":\"WebPage\",\"@id\":\"https:\/\/www.sestogrado.it\/it\/prodotto\/beal-legend-8-3-mezza-corda-arrampicata\/\",\"url\":\"https:\/\/www.sestogrado.it\/it\/prodotto\/beal-legend-8-3-mezza-corda-arrampicata\/\",\"name\":\"Beal Legend 8.3 mezza corda arrampicata - Sestogrado\",\"isPartOf\":{\"@id\":\"https:\/\/www.sestogrado.it\/it\/#website\"},\"primaryImageOfPage\":{\"@id\":\"https:\/\/www.sestogrado.it\/it\/prodotto\/beal-legend-8-3-mezza-corda-arrampicata\/#primaryimage\"},\"image\":{\"@id\":\"https:\/\/www.sestogrado.it\/prodotto\/beal-legend-8-3-mezza-corda-arrampicata\/#primaryimage\"},\"thumbnailUrl\":\"https:\/\/www.sestogrado.it\/wp-content\/uploads\/2019\/07\/beal-legend.jpg\",\"datePublished\":\"2019-07-11T12:26:03+00:00\",\"dateModified\":\"2026-04-16T07:14:14+00:00\",\"description\":\"La Beal Legend 8.3 \u00e8 una mezza corda dal peso contenuto (47g al metro) e dallo spessore \\\"medio\\\" rispetto alle mezze corde in commercio, n\u00e8 troppo spessa, n\u00e8 ipersottile. La Legend 8.3 \u00e8 cos\u00ec un'ottima corda, ideale per principianti, facile da maneggiare, non impegnativa, scorrevole il giusto in tutti gli assicuratori.\",\"breadcrumb\":{\"@id\":\"https:\/\/www.sestogrado.it\/it\/prodotto\/beal-legend-8-3-mezza-corda-arrampicata\/#breadcrumb\"},\"inLanguage\":\"it-IT\",\"potentialAction\":[{\"@type\":\"ReadAction\",\"target\":[[\"https:\/\/www.sestogrado.it\/it\/prodotto\/beal-legend-8-3-mezza-corda-arrampicata\/\"]]}]},{\"@type\":\"ImageObject\",\"inLanguage\":\"it-IT\",\"@id\":\"https:\/\/www.sestogrado.it\/it\/prodotto\/beal-legend-8-3-mezza-corda-arrampicata\/#primaryimage\",\"url\":\"https:\/\/www.sestogrado.it\/wp-content\/uploads\/2019\/07\/beal-legend.jpg\",\"contentUrl\":\"https:\/\/www.sestogrado.it\/wp-content\/uploads\/2019\/07\/beal-legend.jpg\",\"width\":900,\"height\":900,\"caption\":\"beal legend\"},{\"@type\":\"BreadcrumbList\",\"@id\":\"https:\/\/www.sestogrado.it\/it\/prodotto\/beal-legend-8-3-mezza-corda-arrampicata\/#breadcrumb\",\"itemListElement\":[{\"@type\":\"ListItem\",\"position\":1,\"name\":\"Home\",\"item\":\"https:\/\/www.sestogrado.it\/it\/\"},{\"@type\":\"ListItem\",\"position\":2,\"name\":\"Shop\",\"item\":\"https:\/\/www.sestogrado.it\/it\/shop\/\"},{\"@type\":\"ListItem\",\"position\":3,\"name\":\"Beal Legend 8.3 mezza corda arrampicata\"}]},{\"@type\":\"WebSite\",\"@id\":\"https:\/\/www.sestogrado.it\/it\/#website\",\"url\":\"https:\/\/www.sestogrado.it\/it\/\",\"name\":\"Sestogrado\",\"description\":\"yes we climb\",\"publisher\":{\"@id\":\"https:\/\/www.sestogrado.it\/it\/#organization\"},\"potentialAction\":[{\"@type\":\"SearchAction\",\"target\":{\"@type\":\"EntryPoint\",\"urlTemplate\":\"https:\/\/www.sestogrado.it\/it\/?s={search_term_string}\"},\"query-input\":{\"@type\":\"PropertyValueSpecification\",\"valueRequired\":true,\"valueName\":\"search_term_string\"}}],\"inLanguage\":\"it-IT\"},{\"@type\":\"Organization\",\"@id\":\"https:\/\/www.sestogrado.it\/it\/#organization\",\"name\":\"Sestogrado\",\"url\":\"https:\/\/www.sestogrado.it\/it\/\",\"logo\":{\"@type\":\"ImageObject\",\"inLanguage\":\"it-IT\",\"@id\":\"https:\/\/www.sestogrado.it\/it\/#\/schema\/logo\/image\/\",\"url\":\"https:\/\/www.sestogrado.it\/wp-content\/uploads\/2015\/03\/sestogrado-favicon.png\",\"contentUrl\":\"https:\/\/www.sestogrado.it\/wp-content\/uploads\/2015\/03\/sestogrado-favicon.png\",\"width\":260,\"height\":260,\"caption\":\"Sestogrado\"},\"image\":{\"@id\":\"https:\/\/www.sestogrado.it\/it\/#\/schema\/logo\/image\/\"},\"sameAs\":[\"https:\/\/www.facebook.com\/pages\/Sestogrado\/1542635979353017?ref=bookmarks\",\"https:\/\/www.youtube.com\/channel\/UC847kAfTkaJsWpc1jtQwr3Q\"],\"hasMerchantReturnPolicy\":{\"@type\":\"MerchantReturnPolicy\",\"merchantReturnLink\":\"https:\/\/www.sestogrado.it\/it\/termini-e-condizioni\/\"}}]}<\/script>\n<meta property=\"product:brand\" content=\"Beal\" \/>\n<meta property=\"og:availability\" content=\"instock\" \/>\n<meta property=\"product:availability\" content=\"instock\" \/>\n<meta property=\"product:condition\" content=\"new\" \/>\n<!-- \/ Yoast SEO plugin. -->","yoast_head_json":{"title":"Beal Legend 8.3 mezza corda arrampicata - Sestogrado","description":"La Beal Legend 8.3 \u00e8 una mezza corda dal peso contenuto (47g al metro) e dallo spessore \"medio\" rispetto alle mezze corde in commercio, n\u00e8 troppo spessa, n\u00e8 ipersottile. La Legend 8.3 \u00e8 cos\u00ec un'ottima corda, ideale per principianti, facile da maneggiare, non impegnativa, scorrevole il giusto in tutti gli assicuratori.","robots":{"index":"index","follow":"follow","max-snippet":"max-snippet:-1","max-image-preview":"max-image-preview:large","max-video-preview":"max-video-preview:-1"},"canonical":"https:\/\/www.sestogrado.it\/it\/prodotto\/beal-legend-8-3-mezza-corda-arrampicata\/","og_locale":"it_IT","og_type":"article","og_title":"Beal Legend 8.3 mezza corda arrampicata - Sestogrado","og_description":"La Beal Legend 8.3 \u00e8 una mezza corda dal peso contenuto (47g al metro) e dallo spessore \"medio\" rispetto alle mezze corde in commercio, n\u00e8 troppo spessa, n\u00e8 ipersottile. La Legend 8.3 \u00e8 cos\u00ec un'ottima corda, ideale per principianti, facile da maneggiare, non impegnativa, scorrevole il giusto in tutti gli assicuratori.","og_url":"https:\/\/www.sestogrado.it\/it\/prodotto\/beal-legend-8-3-mezza-corda-arrampicata\/","og_site_name":"Sestogrado","article_publisher":"https:\/\/www.facebook.com\/pages\/Sestogrado\/1542635979353017?ref=bookmarks","article_modified_time":"2026-04-16T07:14:14+00:00","og_image":[{"width":900,"height":900,"url":"https:\/\/www.sestogrado.it\/wp-content\/uploads\/2019\/07\/beal-legend.jpg","type":"image\/jpeg"}],"twitter_misc":{"Disponibilit\u00e0":"In stock"},"schema":{"@context":"https:\/\/schema.org","@graph":[{"@type":"WebPage","@id":"https:\/\/www.sestogrado.it\/it\/prodotto\/beal-legend-8-3-mezza-corda-arrampicata\/","url":"https:\/\/www.sestogrado.it\/it\/prodotto\/beal-legend-8-3-mezza-corda-arrampicata\/","name":"Beal Legend 8.3 mezza corda arrampicata - Sestogrado","isPartOf":{"@id":"https:\/\/www.sestogrado.it\/it\/#website"},"primaryImageOfPage":{"@id":"https:\/\/www.sestogrado.it\/it\/prodotto\/beal-legend-8-3-mezza-corda-arrampicata\/#primaryimage"},"image":{"@id":"https:\/\/www.sestogrado.it\/prodotto\/beal-legend-8-3-mezza-corda-arrampicata\/#primaryimage"},"thumbnailUrl":"https:\/\/www.sestogrado.it\/wp-content\/uploads\/2019\/07\/beal-legend.jpg","datePublished":"2019-07-11T12:26:03+00:00","dateModified":"2026-04-16T07:14:14+00:00","description":"La Beal Legend 8.3 \u00e8 una mezza corda dal peso contenuto (47g al metro) e dallo spessore \"medio\" rispetto alle mezze corde in commercio, n\u00e8 troppo spessa, n\u00e8 ipersottile. La Legend 8.3 \u00e8 cos\u00ec un'ottima corda, ideale per principianti, facile da maneggiare, non impegnativa, scorrevole il giusto in tutti gli assicuratori.","breadcrumb":{"@id":"https:\/\/www.sestogrado.it\/it\/prodotto\/beal-legend-8-3-mezza-corda-arrampicata\/#breadcrumb"},"inLanguage":"it-IT","potentialAction":[{"@type":"ReadAction","target":[["https:\/\/www.sestogrado.it\/it\/prodotto\/beal-legend-8-3-mezza-corda-arrampicata\/"]]}]},{"@type":"ImageObject","inLanguage":"it-IT","@id":"https:\/\/www.sestogrado.it\/it\/prodotto\/beal-legend-8-3-mezza-corda-arrampicata\/#primaryimage","url":"https:\/\/www.sestogrado.it\/wp-content\/uploads\/2019\/07\/beal-legend.jpg","contentUrl":"https:\/\/www.sestogrado.it\/wp-content\/uploads\/2019\/07\/beal-legend.jpg","width":900,"height":900,"caption":"beal legend"},{"@type":"BreadcrumbList","@id":"https:\/\/www.sestogrado.it\/it\/prodotto\/beal-legend-8-3-mezza-corda-arrampicata\/#breadcrumb","itemListElement":[{"@type":"ListItem","position":1,"name":"Home","item":"https:\/\/www.sestogrado.it\/it\/"},{"@type":"ListItem","position":2,"name":"Shop","item":"https:\/\/www.sestogrado.it\/it\/shop\/"},{"@type":"ListItem","position":3,"name":"Beal Legend 8.3 mezza corda arrampicata"}]},{"@type":"WebSite","@id":"https:\/\/www.sestogrado.it\/it\/#website","url":"https:\/\/www.sestogrado.it\/it\/","name":"Sestogrado","description":"yes we climb","publisher":{"@id":"https:\/\/www.sestogrado.it\/it\/#organization"},"potentialAction":[{"@type":"SearchAction","target":{"@type":"EntryPoint","urlTemplate":"https:\/\/www.sestogrado.it\/it\/?s={search_term_string}"},"query-input":{"@type":"PropertyValueSpecification","valueRequired":true,"valueName":"search_term_string"}}],"inLanguage":"it-IT"},{"@type":"Organization","@id":"https:\/\/www.sestogrado.it\/it\/#organization","name":"Sestogrado","url":"https:\/\/www.sestogrado.it\/it\/","logo":{"@type":"ImageObject","inLanguage":"it-IT","@id":"https:\/\/www.sestogrado.it\/it\/#\/schema\/logo\/image\/","url":"https:\/\/www.sestogrado.it\/wp-content\/uploads\/2015\/03\/sestogrado-favicon.png","contentUrl":"https:\/\/www.sestogrado.it\/wp-content\/uploads\/2015\/03\/sestogrado-favicon.png","width":260,"height":260,"caption":"Sestogrado"},"image":{"@id":"https:\/\/www.sestogrado.it\/it\/#\/schema\/logo\/image\/"},"sameAs":["https:\/\/www.facebook.com\/pages\/Sestogrado\/1542635979353017?ref=bookmarks","https:\/\/www.youtube.com\/channel\/UC847kAfTkaJsWpc1jtQwr3Q"],"hasMerchantReturnPolicy":{"@type":"MerchantReturnPolicy","merchantReturnLink":"https:\/\/www.sestogrado.it\/it\/termini-e-condizioni\/"}}]},"product_brand":"Beal","og_availability":"instock","product_availability":"instock","product_condition":"new"},"_links":{"self":[{"href":"https:\/\/www.sestogrado.it\/it\/wp-json\/wp\/v2\/product\/22100","targetHints":{"allow":["GET"]}}],"collection":[{"href":"https:\/\/www.sestogrado.it\/it\/wp-json\/wp\/v2\/product"}],"about":[{"href":"https:\/\/www.sestogrado.it\/it\/wp-json\/wp\/v2\/types\/product"}],"replies":[{"embeddable":true,"href":"https:\/\/www.sestogrado.it\/it\/wp-json\/wp\/v2\/comments?post=22100"}],"wp:featuredmedia":[{"embeddable":true,"href":"https:\/\/www.sestogrado.it\/it\/wp-json\/wp\/v2\/media\/38971"}],"wp:attachment":[{"href":"https:\/\/www.sestogrado.it\/it\/wp-json\/wp\/v2\/media?parent=22100"}],"wp:term":[{"taxonomy":"product_brand","embeddable":true,"href":"https:\/\/www.sestogrado.it\/it\/wp-json\/wp\/v2\/product_brand?post=22100"},{"taxonomy":"product_cat","embeddable":true,"href":"https:\/\/www.sestogrado.it\/it\/wp-json\/wp\/v2\/product_cat?post=22100"},{"taxonomy":"product_tag","embeddable":true,"href":"https:\/\/www.sestogrado.it\/it\/wp-json\/wp\/v2\/product_tag?post=22100"}],"curies":[{"name":"wp","href":"https:\/\/api.w.org\/{rel}","templated":true}]}}