{"id":21965,"date":"2024-11-25T10:28:47","date_gmt":"2024-11-25T09:28:47","guid":{"rendered":"https:\/\/www.sestogrado.it\/?post_type=product&#038;p=21965"},"modified":"2026-04-25T16:29:14","modified_gmt":"2026-04-25T14:29:14","slug":"beal-birdie-assicuratore-arrampicata","status":"publish","type":"product","link":"https:\/\/www.sestogrado.it\/it\/prodotto\/beal-birdie-assicuratore-arrampicata\/","title":{"rendered":"Beal Birdie assicuratore arrampicata"},"content":{"rendered":"<p>Il Beal Birdie \u00e8 un assicuratore a bloccaggio assistito con meccanismo a camma tipo Grigri. Il Birdie \u00e8 stato progettato, ed \u00e8 ottimizzato per questa caratteristica, per ospitare corde singole molto sottili, fino a 8,5mm di spessore. E&#8217; l&#8217;assicuratore da utilizzare per esempio con la <a href=\"https:\/\/www.sestogrado.it\/it\/prodotto\/beal-opera-8-5-unicore-dry-cover-corda-arrampicata\/\" target=\"_blank\" rel=\"noopener noreferrer\">Beal Opera 8.5<\/a>. Il Birdie \u00e8 molto compatto ed \u00e8 realizzato interamente in acciaio inossidabile, senza nessuna parte in plastica, quindi \u00e8 particolarmente durevole, rispetto ad un Grigri \u00e8 particolarmente compatto e risulter\u00e0 immediatamente comodo a chi \u00e8 abituato a fare sicura con questo tipo di dispositivi.<\/p>\n<p>Altra caratteristica del Beal Birdie \u00e8 l&#8217;uscita della corda &#8220;No Twist&#8221;, anti attorcigliamento, la corda ha un invito ad uscire frontalmente dal Birdie senza effettuare curve laterali che la fanno attorcigliare. Lo scorrimento frontale della corda pu\u00f2 essere controllato in calata, apponendo il pollice della mano frenante sotto il dispositivo.<\/p>\n<ul>\n<li>costruzione totalmente in acciaio inossidabile<\/li>\n<li>non fa attorcigliare la corda<\/li>\n<li>compatto ed ergonomico per favorire la maneggevolezza<\/li>\n<li>possibilit\u00e0 di &#8220;chiuderlo&#8221; su corda fissa con apposizione vitina di blocco in dotazione, per palestre, scuole<\/li>\n<li>leva per calata controllata<\/li>\n<li>omologato per corde singole da 8.5 a 10.5mm<\/li>\n<\/ul>\n<p>Sistema No Twist:<\/p>\n<p><img decoding=\"async\" class=\"size-full wp-image-21967 alignnone\" src=\"https:\/\/www.sestogrado.it\/wp-content\/uploads\/2019\/07\/no-twist.jpg\" alt=\"no twist\" width=\"1052\" height=\"523\" srcset=\"https:\/\/www.sestogrado.it\/wp-content\/uploads\/2019\/07\/no-twist.jpg 1052w, https:\/\/www.sestogrado.it\/wp-content\/uploads\/2019\/07\/no-twist-750x373.jpg 750w, https:\/\/www.sestogrado.it\/wp-content\/uploads\/2019\/07\/no-twist-300x149.jpg 300w, https:\/\/www.sestogrado.it\/wp-content\/uploads\/2019\/07\/no-twist-768x382.jpg 768w, https:\/\/www.sestogrado.it\/wp-content\/uploads\/2019\/07\/no-twist-1024x509.jpg 1024w, https:\/\/www.sestogrado.it\/wp-content\/uploads\/2019\/07\/no-twist-635x316.jpg 635w, https:\/\/www.sestogrado.it\/wp-content\/uploads\/2019\/07\/no-twist-129x64.jpg 129w\" sizes=\"(max-width: 1052px) 100vw, 1052px\" \/><\/p>\n<p>&nbsp;<\/p>\n<p>Compatto e resistente, il Beal Birdie \u00e8 particolarmente ottimizzato per corde singole sottili, come la <a href=\"https:\/\/www.sestogrado.it\/it\/prodotto\/beal-opera-8-5-unicore-dry-cover-corda-arrampicata\/\" target=\"_blank\" rel=\"noopener noreferrer\">Opera 8.5<\/a>, la <a href=\"https:\/\/www.sestogrado.it\/it\/prodotto\/beal-joker-9-1-unicore-dry-cover-corda-arrampicata\/\" target=\"_blank\" rel=\"noopener noreferrer\">Joker 9.1<\/a> o la <a href=\"https:\/\/www.sestogrado.it\/it\/prodotto\/edelweiss-performance-9-2-unicore-corda-arrampicata\/\" target=\"_blank\" rel=\"noopener noreferrer\">Performance 9.2<\/a>, con cui risulter\u00e0 particolarmente fluido e confortevole fare sicura.<\/p>\n<p><img decoding=\"async\" class=\"size-full wp-image-21966 alignnone\" src=\"https:\/\/www.sestogrado.it\/wp-content\/uploads\/2019\/07\/birdie.jpg\" alt=\"beal birdie\" width=\"1000\" height=\"667\" srcset=\"https:\/\/www.sestogrado.it\/wp-content\/uploads\/2019\/07\/birdie.jpg 1000w, https:\/\/www.sestogrado.it\/wp-content\/uploads\/2019\/07\/birdie-750x500.jpg 750w, https:\/\/www.sestogrado.it\/wp-content\/uploads\/2019\/07\/birdie-300x200.jpg 300w, https:\/\/www.sestogrado.it\/wp-content\/uploads\/2019\/07\/birdie-768x512.jpg 768w, https:\/\/www.sestogrado.it\/wp-content\/uploads\/2019\/07\/birdie-635x424.jpg 635w, https:\/\/www.sestogrado.it\/wp-content\/uploads\/2019\/07\/birdie-96x64.jpg 96w\" sizes=\"(max-width: 1000px) 100vw, 1000px\" \/><\/p>","protected":false},"excerpt":{"rendered":"<p>Il Beal Birdie \u00e8 un assicuratore a bloccaggio assistito con meccanismo a camma tipo Grigri. Il Birdie \u00e8 stato progettato, [&hellip;]<\/p>\n","protected":false},"featured_media":175309,"comment_status":"open","ping_status":"closed","template":"","meta":{"_acf_changed":false},"product_brand":[84],"product_cat":[134],"product_tag":[408],"class_list":{"0":"post-21965","1":"product","2":"type-product","3":"status-publish","4":"has-post-thumbnail","6":"product_brand-beal","7":"product_cat-assicuratori","8":"product_tag-assicuratore","10":"first","11":"instock","12":"sale","13":"taxable","14":"shipping-taxable","15":"purchasable","16":"product-type-variable"},"acf":[],"yoast_head":"<!-- This site is optimized with the Yoast SEO plugin v26.4 - https:\/\/yoast.com\/wordpress\/plugins\/seo\/ -->\n<title>Beal Birdie assicuratore arrampicata - Sestogrado<\/title>\n<meta name=\"description\" content=\"Il Beal Birdie \u00e8 un assicuratore a bloccaggio assistito con meccanismo a camma tipo Grigri. Il Birdie \u00e8 stato progettato, ed \u00e8 ottimizzato per questa caratteristica, per ospitare corde singole molto sottili, fino a 8,5mm di spessore. E&#039; l&#039;assicuratore da utilizzare per esempio con la Beal Opera 8.5.\" \/>\n<meta name=\"robots\" content=\"index, follow, max-snippet:-1, max-image-preview:large, max-video-preview:-1\" \/>\n<link rel=\"canonical\" href=\"https:\/\/www.sestogrado.it\/it\/prodotto\/beal-birdie-assicuratore-arrampicata\/\" \/>\n<meta property=\"og:locale\" content=\"it_IT\" \/>\n<meta property=\"og:type\" content=\"article\" \/>\n<meta property=\"og:title\" content=\"Beal Birdie assicuratore arrampicata - Sestogrado\" \/>\n<meta property=\"og:description\" content=\"Il Beal Birdie \u00e8 un assicuratore a bloccaggio assistito con meccanismo a camma tipo Grigri. Il Birdie \u00e8 stato progettato, ed \u00e8 ottimizzato per questa caratteristica, per ospitare corde singole molto sottili, fino a 8,5mm di spessore. E&#039; l&#039;assicuratore da utilizzare per esempio con la Beal Opera 8.5.\" \/>\n<meta property=\"og:url\" content=\"https:\/\/www.sestogrado.it\/it\/prodotto\/beal-birdie-assicuratore-arrampicata\/\" \/>\n<meta property=\"og:site_name\" content=\"Sestogrado\" \/>\n<meta property=\"article:publisher\" content=\"https:\/\/www.facebook.com\/pages\/Sestogrado\/1542635979353017?ref=bookmarks\" \/>\n<meta property=\"article:modified_time\" content=\"2026-04-25T14:29:14+00:00\" \/>\n<meta property=\"og:image\" content=\"https:\/\/www.sestogrado.it\/wp-content\/uploads\/2019\/07\/01-5.jpg\" \/>\n\t<meta property=\"og:image:width\" content=\"1667\" \/>\n\t<meta property=\"og:image:height\" content=\"1668\" \/>\n\t<meta property=\"og:image:type\" content=\"image\/jpeg\" \/>\n<meta name=\"twitter:label1\" content=\"Disponibilit\u00e0\" \/>\n\t<meta name=\"twitter:data1\" content=\"In stock\" \/>\n<script type=\"application\/ld+json\" class=\"yoast-schema-graph\">{\"@context\":\"https:\/\/schema.org\",\"@graph\":[{\"@type\":\"WebPage\",\"@id\":\"https:\/\/www.sestogrado.it\/it\/prodotto\/beal-birdie-assicuratore-arrampicata\/\",\"url\":\"https:\/\/www.sestogrado.it\/it\/prodotto\/beal-birdie-assicuratore-arrampicata\/\",\"name\":\"Beal Birdie assicuratore arrampicata - Sestogrado\",\"isPartOf\":{\"@id\":\"https:\/\/www.sestogrado.it\/it\/#website\"},\"primaryImageOfPage\":{\"@id\":\"https:\/\/www.sestogrado.it\/it\/prodotto\/beal-birdie-assicuratore-arrampicata\/#primaryimage\"},\"image\":{\"@id\":\"https:\/\/www.sestogrado.it\/prodotto\/beal-birdie-assicuratore-arrampicata\/#primaryimage\"},\"thumbnailUrl\":\"https:\/\/www.sestogrado.it\/wp-content\/uploads\/2019\/07\/01-5.jpg\",\"datePublished\":\"2024-11-25T09:28:47+00:00\",\"dateModified\":\"2026-04-25T14:29:14+00:00\",\"description\":\"Il Beal Birdie \u00e8 un assicuratore a bloccaggio assistito con meccanismo a camma tipo Grigri. Il Birdie \u00e8 stato progettato, ed \u00e8 ottimizzato per questa caratteristica, per ospitare corde singole molto sottili, fino a 8,5mm di spessore. E' l'assicuratore da utilizzare per esempio con la Beal Opera 8.5.\",\"breadcrumb\":{\"@id\":\"https:\/\/www.sestogrado.it\/it\/prodotto\/beal-birdie-assicuratore-arrampicata\/#breadcrumb\"},\"inLanguage\":\"it-IT\",\"potentialAction\":[{\"@type\":\"ReadAction\",\"target\":[[\"https:\/\/www.sestogrado.it\/it\/prodotto\/beal-birdie-assicuratore-arrampicata\/\"]]}]},{\"@type\":\"ImageObject\",\"inLanguage\":\"it-IT\",\"@id\":\"https:\/\/www.sestogrado.it\/it\/prodotto\/beal-birdie-assicuratore-arrampicata\/#primaryimage\",\"url\":\"https:\/\/www.sestogrado.it\/wp-content\/uploads\/2019\/07\/01-5.jpg\",\"contentUrl\":\"https:\/\/www.sestogrado.it\/wp-content\/uploads\/2019\/07\/01-5.jpg\",\"width\":1667,\"height\":1668,\"caption\":\"birdie blue\"},{\"@type\":\"BreadcrumbList\",\"@id\":\"https:\/\/www.sestogrado.it\/it\/prodotto\/beal-birdie-assicuratore-arrampicata\/#breadcrumb\",\"itemListElement\":[{\"@type\":\"ListItem\",\"position\":1,\"name\":\"Home\",\"item\":\"https:\/\/www.sestogrado.it\/it\/\"},{\"@type\":\"ListItem\",\"position\":2,\"name\":\"Shop\",\"item\":\"https:\/\/www.sestogrado.it\/it\/shop\/\"},{\"@type\":\"ListItem\",\"position\":3,\"name\":\"Beal Birdie assicuratore arrampicata\"}]},{\"@type\":\"WebSite\",\"@id\":\"https:\/\/www.sestogrado.it\/it\/#website\",\"url\":\"https:\/\/www.sestogrado.it\/it\/\",\"name\":\"Sestogrado\",\"description\":\"yes we climb\",\"publisher\":{\"@id\":\"https:\/\/www.sestogrado.it\/it\/#organization\"},\"potentialAction\":[{\"@type\":\"SearchAction\",\"target\":{\"@type\":\"EntryPoint\",\"urlTemplate\":\"https:\/\/www.sestogrado.it\/it\/?s={search_term_string}\"},\"query-input\":{\"@type\":\"PropertyValueSpecification\",\"valueRequired\":true,\"valueName\":\"search_term_string\"}}],\"inLanguage\":\"it-IT\"},{\"@type\":\"Organization\",\"@id\":\"https:\/\/www.sestogrado.it\/it\/#organization\",\"name\":\"Sestogrado\",\"url\":\"https:\/\/www.sestogrado.it\/it\/\",\"logo\":{\"@type\":\"ImageObject\",\"inLanguage\":\"it-IT\",\"@id\":\"https:\/\/www.sestogrado.it\/it\/#\/schema\/logo\/image\/\",\"url\":\"https:\/\/www.sestogrado.it\/wp-content\/uploads\/2015\/03\/sestogrado-favicon.png\",\"contentUrl\":\"https:\/\/www.sestogrado.it\/wp-content\/uploads\/2015\/03\/sestogrado-favicon.png\",\"width\":260,\"height\":260,\"caption\":\"Sestogrado\"},\"image\":{\"@id\":\"https:\/\/www.sestogrado.it\/it\/#\/schema\/logo\/image\/\"},\"sameAs\":[\"https:\/\/www.facebook.com\/pages\/Sestogrado\/1542635979353017?ref=bookmarks\",\"https:\/\/www.youtube.com\/channel\/UC847kAfTkaJsWpc1jtQwr3Q\"],\"hasMerchantReturnPolicy\":{\"@type\":\"MerchantReturnPolicy\",\"merchantReturnLink\":\"https:\/\/www.sestogrado.it\/it\/termini-e-condizioni\/\"}}]}<\/script>\n<meta property=\"product:brand\" content=\"Beal\" \/>\n<meta property=\"og:availability\" content=\"instock\" \/>\n<meta property=\"product:availability\" content=\"instock\" \/>\n<meta property=\"product:condition\" content=\"new\" \/>\n<!-- \/ Yoast SEO plugin. -->","yoast_head_json":{"title":"Beal Birdie assicuratore arrampicata - Sestogrado","description":"Il Beal Birdie \u00e8 un assicuratore a bloccaggio assistito con meccanismo a camma tipo Grigri. Il Birdie \u00e8 stato progettato, ed \u00e8 ottimizzato per questa caratteristica, per ospitare corde singole molto sottili, fino a 8,5mm di spessore. E' l'assicuratore da utilizzare per esempio con la Beal Opera 8.5.","robots":{"index":"index","follow":"follow","max-snippet":"max-snippet:-1","max-image-preview":"max-image-preview:large","max-video-preview":"max-video-preview:-1"},"canonical":"https:\/\/www.sestogrado.it\/it\/prodotto\/beal-birdie-assicuratore-arrampicata\/","og_locale":"it_IT","og_type":"article","og_title":"Beal Birdie assicuratore arrampicata - Sestogrado","og_description":"Il Beal Birdie \u00e8 un assicuratore a bloccaggio assistito con meccanismo a camma tipo Grigri. Il Birdie \u00e8 stato progettato, ed \u00e8 ottimizzato per questa caratteristica, per ospitare corde singole molto sottili, fino a 8,5mm di spessore. E' l'assicuratore da utilizzare per esempio con la Beal Opera 8.5.","og_url":"https:\/\/www.sestogrado.it\/it\/prodotto\/beal-birdie-assicuratore-arrampicata\/","og_site_name":"Sestogrado","article_publisher":"https:\/\/www.facebook.com\/pages\/Sestogrado\/1542635979353017?ref=bookmarks","article_modified_time":"2026-04-25T14:29:14+00:00","og_image":[{"width":1667,"height":1668,"url":"https:\/\/www.sestogrado.it\/wp-content\/uploads\/2019\/07\/01-5.jpg","type":"image\/jpeg"}],"twitter_misc":{"Disponibilit\u00e0":"In stock"},"schema":{"@context":"https:\/\/schema.org","@graph":[{"@type":"WebPage","@id":"https:\/\/www.sestogrado.it\/it\/prodotto\/beal-birdie-assicuratore-arrampicata\/","url":"https:\/\/www.sestogrado.it\/it\/prodotto\/beal-birdie-assicuratore-arrampicata\/","name":"Beal Birdie assicuratore arrampicata - Sestogrado","isPartOf":{"@id":"https:\/\/www.sestogrado.it\/it\/#website"},"primaryImageOfPage":{"@id":"https:\/\/www.sestogrado.it\/it\/prodotto\/beal-birdie-assicuratore-arrampicata\/#primaryimage"},"image":{"@id":"https:\/\/www.sestogrado.it\/prodotto\/beal-birdie-assicuratore-arrampicata\/#primaryimage"},"thumbnailUrl":"https:\/\/www.sestogrado.it\/wp-content\/uploads\/2019\/07\/01-5.jpg","datePublished":"2024-11-25T09:28:47+00:00","dateModified":"2026-04-25T14:29:14+00:00","description":"Il Beal Birdie \u00e8 un assicuratore a bloccaggio assistito con meccanismo a camma tipo Grigri. Il Birdie \u00e8 stato progettato, ed \u00e8 ottimizzato per questa caratteristica, per ospitare corde singole molto sottili, fino a 8,5mm di spessore. E' l'assicuratore da utilizzare per esempio con la Beal Opera 8.5.","breadcrumb":{"@id":"https:\/\/www.sestogrado.it\/it\/prodotto\/beal-birdie-assicuratore-arrampicata\/#breadcrumb"},"inLanguage":"it-IT","potentialAction":[{"@type":"ReadAction","target":[["https:\/\/www.sestogrado.it\/it\/prodotto\/beal-birdie-assicuratore-arrampicata\/"]]}]},{"@type":"ImageObject","inLanguage":"it-IT","@id":"https:\/\/www.sestogrado.it\/it\/prodotto\/beal-birdie-assicuratore-arrampicata\/#primaryimage","url":"https:\/\/www.sestogrado.it\/wp-content\/uploads\/2019\/07\/01-5.jpg","contentUrl":"https:\/\/www.sestogrado.it\/wp-content\/uploads\/2019\/07\/01-5.jpg","width":1667,"height":1668,"caption":"birdie blue"},{"@type":"BreadcrumbList","@id":"https:\/\/www.sestogrado.it\/it\/prodotto\/beal-birdie-assicuratore-arrampicata\/#breadcrumb","itemListElement":[{"@type":"ListItem","position":1,"name":"Home","item":"https:\/\/www.sestogrado.it\/it\/"},{"@type":"ListItem","position":2,"name":"Shop","item":"https:\/\/www.sestogrado.it\/it\/shop\/"},{"@type":"ListItem","position":3,"name":"Beal Birdie assicuratore arrampicata"}]},{"@type":"WebSite","@id":"https:\/\/www.sestogrado.it\/it\/#website","url":"https:\/\/www.sestogrado.it\/it\/","name":"Sestogrado","description":"yes we climb","publisher":{"@id":"https:\/\/www.sestogrado.it\/it\/#organization"},"potentialAction":[{"@type":"SearchAction","target":{"@type":"EntryPoint","urlTemplate":"https:\/\/www.sestogrado.it\/it\/?s={search_term_string}"},"query-input":{"@type":"PropertyValueSpecification","valueRequired":true,"valueName":"search_term_string"}}],"inLanguage":"it-IT"},{"@type":"Organization","@id":"https:\/\/www.sestogrado.it\/it\/#organization","name":"Sestogrado","url":"https:\/\/www.sestogrado.it\/it\/","logo":{"@type":"ImageObject","inLanguage":"it-IT","@id":"https:\/\/www.sestogrado.it\/it\/#\/schema\/logo\/image\/","url":"https:\/\/www.sestogrado.it\/wp-content\/uploads\/2015\/03\/sestogrado-favicon.png","contentUrl":"https:\/\/www.sestogrado.it\/wp-content\/uploads\/2015\/03\/sestogrado-favicon.png","width":260,"height":260,"caption":"Sestogrado"},"image":{"@id":"https:\/\/www.sestogrado.it\/it\/#\/schema\/logo\/image\/"},"sameAs":["https:\/\/www.facebook.com\/pages\/Sestogrado\/1542635979353017?ref=bookmarks","https:\/\/www.youtube.com\/channel\/UC847kAfTkaJsWpc1jtQwr3Q"],"hasMerchantReturnPolicy":{"@type":"MerchantReturnPolicy","merchantReturnLink":"https:\/\/www.sestogrado.it\/it\/termini-e-condizioni\/"}}]},"product_brand":"Beal","og_availability":"instock","product_availability":"instock","product_condition":"new"},"_links":{"self":[{"href":"https:\/\/www.sestogrado.it\/it\/wp-json\/wp\/v2\/product\/21965","targetHints":{"allow":["GET"]}}],"collection":[{"href":"https:\/\/www.sestogrado.it\/it\/wp-json\/wp\/v2\/product"}],"about":[{"href":"https:\/\/www.sestogrado.it\/it\/wp-json\/wp\/v2\/types\/product"}],"replies":[{"embeddable":true,"href":"https:\/\/www.sestogrado.it\/it\/wp-json\/wp\/v2\/comments?post=21965"}],"wp:featuredmedia":[{"embeddable":true,"href":"https:\/\/www.sestogrado.it\/it\/wp-json\/wp\/v2\/media\/175309"}],"wp:attachment":[{"href":"https:\/\/www.sestogrado.it\/it\/wp-json\/wp\/v2\/media?parent=21965"}],"wp:term":[{"taxonomy":"product_brand","embeddable":true,"href":"https:\/\/www.sestogrado.it\/it\/wp-json\/wp\/v2\/product_brand?post=21965"},{"taxonomy":"product_cat","embeddable":true,"href":"https:\/\/www.sestogrado.it\/it\/wp-json\/wp\/v2\/product_cat?post=21965"},{"taxonomy":"product_tag","embeddable":true,"href":"https:\/\/www.sestogrado.it\/it\/wp-json\/wp\/v2\/product_tag?post=21965"}],"curies":[{"name":"wp","href":"https:\/\/api.w.org\/{rel}","templated":true}]}}