{"id":2196,"date":"2015-08-04T13:37:06","date_gmt":"2015-08-04T11:37:06","guid":{"rendered":"http:\/\/www.sestogrado.it\/?post_type=product&#038;p=2196"},"modified":"2026-01-06T10:33:44","modified_gmt":"2026-01-06T09:33:44","slug":"camp-matik-assicuratore-discensore","status":"publish","type":"product","link":"https:\/\/www.sestogrado.it\/it\/prodotto\/camp-matik-assicuratore-discensore\/","title":{"rendered":"Camp Matik assicuratore discensore"},"content":{"rendered":"<p>Il Matik \u00e8 la rivoluzionaria novit\u00e0 CAMP nel settore degli assicuratori-discensori a frenata assistita per l\u2019arrampicata sportiva. Disegnato per corde intere dinamiche da 8.6 a 10.2 mm di diametro, con cui garantisce un\u2019eccezionale fluidit\u00e0, \u00e8 caratterizzato da una bassa forza d\u2019arresto e dunque da una grande dinamicit\u00e0 dell\u2019assicurazione.<\/p>\n<p>L\u2019esclusivo sistema di frenaggio a pattino (patent pending) interviene gradualmente sulla corda, frenandola dolcemente. In questo modo, oltre ad offrire una sicura dinamica, si contribuisce a preservare ed allungare la vita della corda, che subisce una strozzatura ridotta:<\/p>\n<p><img decoding=\"async\" class=\"img-fluid alignnone wp-image-107528 \" src=\"https:\/\/www.sestogrado.it\/wp-content\/uploads\/2015\/08\/03-1-1024x1024.jpg\" alt=\"camp matik\" width=\"816\" height=\"816\" srcset=\"https:\/\/www.sestogrado.it\/wp-content\/uploads\/2015\/08\/03-1-1024x1024.jpg 1024w, https:\/\/www.sestogrado.it\/wp-content\/uploads\/2015\/08\/03-1-300x300.jpg 300w, https:\/\/www.sestogrado.it\/wp-content\/uploads\/2015\/08\/03-1-100x100.jpg 100w, https:\/\/www.sestogrado.it\/wp-content\/uploads\/2015\/08\/03-1-750x750.jpg 750w, https:\/\/www.sestogrado.it\/wp-content\/uploads\/2015\/08\/03-1-150x150.jpg 150w, https:\/\/www.sestogrado.it\/wp-content\/uploads\/2015\/08\/03-1-768x768.jpg 768w, https:\/\/www.sestogrado.it\/wp-content\/uploads\/2015\/08\/03-1-45x45.jpg 45w, https:\/\/www.sestogrado.it\/wp-content\/uploads\/2015\/08\/03-1-220x220.jpg 220w, https:\/\/www.sestogrado.it\/wp-content\/uploads\/2015\/08\/03-1-635x635.jpg 635w, https:\/\/www.sestogrado.it\/wp-content\/uploads\/2015\/08\/03-1-80x80.jpg 80w, https:\/\/www.sestogrado.it\/wp-content\/uploads\/2015\/08\/03-1-60x60.jpg 60w, https:\/\/www.sestogrado.it\/wp-content\/uploads\/2015\/08\/03-1-90x90.jpg 90w, https:\/\/www.sestogrado.it\/wp-content\/uploads\/2015\/08\/03-1.jpg 1200w\" sizes=\"(max-width: 816px) 100vw, 816px\" \/><\/p>\n<p>Sistema antipanico: si attiva in caso di azionamento accidentale o incontrollato della leva di sblocco; il meccanismo interviene quando la leva viene aperta troppo o troppo velocemente, arrestando subito lo scorrimento della corda. Il sistema fa davvero la differenza nel caso di discese nel vuoto o calate in moulinette senza rinvii intermedi, soprattutto con corde sottili:<\/p>\n<p><img decoding=\"async\" class=\"img-fluid alignnone wp-image-107529 size-full\" src=\"https:\/\/www.sestogrado.it\/wp-content\/uploads\/2015\/08\/04-1.jpg\" alt=\"camp matik\" width=\"1000\" height=\"1010\" srcset=\"https:\/\/www.sestogrado.it\/wp-content\/uploads\/2015\/08\/04-1.jpg 1000w, https:\/\/www.sestogrado.it\/wp-content\/uploads\/2015\/08\/04-1-100x100.jpg 100w, https:\/\/www.sestogrado.it\/wp-content\/uploads\/2015\/08\/04-1-750x758.jpg 750w, https:\/\/www.sestogrado.it\/wp-content\/uploads\/2015\/08\/04-1-297x300.jpg 297w, https:\/\/www.sestogrado.it\/wp-content\/uploads\/2015\/08\/04-1-768x776.jpg 768w, https:\/\/www.sestogrado.it\/wp-content\/uploads\/2015\/08\/04-1-45x45.jpg 45w, https:\/\/www.sestogrado.it\/wp-content\/uploads\/2015\/08\/04-1-635x641.jpg 635w, https:\/\/www.sestogrado.it\/wp-content\/uploads\/2015\/08\/04-1-79x80.jpg 79w, https:\/\/www.sestogrado.it\/wp-content\/uploads\/2015\/08\/04-1-59x60.jpg 59w, https:\/\/www.sestogrado.it\/wp-content\/uploads\/2015\/08\/04-1-89x90.jpg 89w\" sizes=\"(max-width: 1000px) 100vw, 1000px\" \/><\/p>\n<p>L\u2019assenza di flange mobili impedisce l\u2019utilizzo del Matik aperto: se la camma non \u00e8 in posizione, la sua estremit\u00e0 posteriore chiude il foro d\u2019attacco e non consente l\u2019inserimento del moschettone. Funzionando con la corda in asse, senza la necessit\u00e0 di ritorcerla sulla guancia, il Matik pu\u00f2 ridurre l\u2019usura della calza; la dinamicit\u00e0 dell\u2019arresto caduta evita inoltre stress importanti: tutto questo aiuta a prolungare la vita della corda.<br \/>\n\u2022 Bassa forza d\u2019arresto, per un\u2019assicurazione pi\u00f9 dinamica e meno traumatica<br \/>\n\u2022 Sistema antipanico brevettato (patent pending) che scatta in caso di azionamento accidentale o incontrollato della leva, minimizzando i rischi durante la fase di calata<br \/>\n\u2022 Massimo controllo ed eccellente fluidit\u00e0 della discesa per una sicurezza senza paragoni<br \/>\n\u2022 Nessun rischio di dimenticare il dispositivo aperto<br \/>\n\u2022 Ampio foro d\u2019attacco che permette la rotazione del moschettone a ghiera<br \/>\n\u2022 Guance e leva in alluminio forgiato a caldo, camma mobile e altri componenti in acciaio inossidabile<br \/>\n\u2022 Per corde intere dinamiche da 8.6 a 10.2 mm<\/p>\n<p>In\u00a0quanto dispositivo a frenata assistita, il Matik richiede sempre un utilizzo attento e responsabile da parte dell\u2019assicuratore, che dovr\u00e0 agire costantemente con entrambe le mani senza MAI lasciare il ramo della corda a valle.<\/p>\n<p><a href=\"https:\/\/www.sestogrado.it\/camp-matik\/\" target=\"_blank\" rel=\"noopener noreferrer\">Leggi la nostra recensione<\/a><\/p>\n<p><iframe src=\"\/\/www.youtube.com\/embed\/QYDMWX6gxvs?t=2s\" width=\"560\" height=\"314\" allowfullscreen=\"allowfullscreen\"><\/iframe><\/p>","protected":false},"excerpt":{"rendered":"<p>Il Matik \u00e8 la rivoluzionaria novit\u00e0 CAMP nel settore degli assicuratori-discensori a frenata assistita per l\u2019arrampicata sportiva. Disegnato per corde [&hellip;]<\/p>\n","protected":false},"featured_media":107530,"comment_status":"open","ping_status":"closed","template":"","meta":{"_acf_changed":false},"product_brand":[31],"product_cat":[17,134],"product_tag":[],"class_list":{"0":"post-2196","1":"product","2":"type-product","3":"status-publish","4":"has-post-thumbnail","6":"product_brand-camp","7":"product_cat-ferramenta","8":"product_cat-assicuratori","10":"first","11":"instock","12":"sale","13":"taxable","14":"shipping-taxable","15":"purchasable","16":"product-type-simple"},"acf":[],"yoast_head":"<!-- This site is optimized with the Yoast SEO plugin v26.4 - https:\/\/yoast.com\/wordpress\/plugins\/seo\/ -->\n<title>Camp Matik assicuratore discensore - Sestogrado<\/title>\n<meta name=\"description\" content=\"Il Camp Matik \u00e8 il rivoluzionario assicuratore discensore di Camp che introduce nuove caratteristiche e funzionalit\u00e0 per rendere pi\u00f9 sicura l&#039;assicurazione. Il Matik richiede sempre un utilizzo attento e responsabile da parte dell\u2019assicuratore, che dovr\u00e0 agire costantemente con entrambe le mani.\" \/>\n<meta name=\"robots\" content=\"index, follow, max-snippet:-1, max-image-preview:large, max-video-preview:-1\" \/>\n<link rel=\"canonical\" href=\"https:\/\/www.sestogrado.it\/it\/prodotto\/camp-matik-assicuratore-discensore\/\" \/>\n<meta property=\"og:locale\" content=\"it_IT\" \/>\n<meta property=\"og:type\" content=\"article\" \/>\n<meta property=\"og:title\" content=\"Camp Matik assicuratore discensore - Sestogrado\" \/>\n<meta property=\"og:description\" content=\"Il Camp Matik \u00e8 il rivoluzionario assicuratore discensore di Camp che introduce nuove caratteristiche e funzionalit\u00e0 per rendere pi\u00f9 sicura l&#039;assicurazione. Il Matik richiede sempre un utilizzo attento e responsabile da parte dell\u2019assicuratore, che dovr\u00e0 agire costantemente con entrambe le mani.\" \/>\n<meta property=\"og:url\" content=\"https:\/\/www.sestogrado.it\/it\/prodotto\/camp-matik-assicuratore-discensore\/\" \/>\n<meta property=\"og:site_name\" content=\"Sestogrado\" \/>\n<meta property=\"article:publisher\" content=\"https:\/\/www.facebook.com\/pages\/Sestogrado\/1542635979353017?ref=bookmarks\" \/>\n<meta property=\"article:modified_time\" content=\"2026-01-06T09:33:44+00:00\" \/>\n<meta property=\"og:image\" content=\"https:\/\/www.sestogrado.it\/wp-content\/uploads\/2015\/08\/01-1.jpg\" \/>\n\t<meta property=\"og:image:width\" content=\"1400\" \/>\n\t<meta property=\"og:image:height\" content=\"1400\" \/>\n\t<meta property=\"og:image:type\" content=\"image\/jpeg\" \/>\n<meta name=\"twitter:label1\" content=\"Prezzo\" \/>\n\t<meta name=\"twitter:data1\" content=\"&euro;&nbsp;99,00\" \/>\n\t<meta name=\"twitter:label2\" content=\"Disponibilit\u00e0\" \/>\n\t<meta name=\"twitter:data2\" content=\"In stock\" \/>\n<script type=\"application\/ld+json\" class=\"yoast-schema-graph\">{\"@context\":\"https:\/\/schema.org\",\"@graph\":[{\"@type\":\"WebPage\",\"@id\":\"https:\/\/www.sestogrado.it\/it\/prodotto\/camp-matik-assicuratore-discensore\/\",\"url\":\"https:\/\/www.sestogrado.it\/it\/prodotto\/camp-matik-assicuratore-discensore\/\",\"name\":\"Camp Matik assicuratore discensore - Sestogrado\",\"isPartOf\":{\"@id\":\"https:\/\/www.sestogrado.it\/it\/#website\"},\"primaryImageOfPage\":{\"@id\":\"https:\/\/www.sestogrado.it\/it\/prodotto\/camp-matik-assicuratore-discensore\/#primaryimage\"},\"image\":{\"@id\":\"https:\/\/www.sestogrado.it\/prodotto\/camp-matik-assicuratore-discensore\/#primaryimage\"},\"thumbnailUrl\":\"https:\/\/www.sestogrado.it\/wp-content\/uploads\/2015\/08\/01-1.jpg\",\"datePublished\":\"2015-08-04T11:37:06+00:00\",\"dateModified\":\"2026-01-06T09:33:44+00:00\",\"description\":\"Il Camp Matik \u00e8 il rivoluzionario assicuratore discensore di Camp che introduce nuove caratteristiche e funzionalit\u00e0 per rendere pi\u00f9 sicura l'assicurazione. Il Matik richiede sempre un utilizzo attento e responsabile da parte dell\u2019assicuratore, che dovr\u00e0 agire costantemente con entrambe le mani.\",\"breadcrumb\":{\"@id\":\"https:\/\/www.sestogrado.it\/it\/prodotto\/camp-matik-assicuratore-discensore\/#breadcrumb\"},\"inLanguage\":\"it-IT\",\"potentialAction\":[{\"@type\":\"ReadAction\",\"target\":[[\"https:\/\/www.sestogrado.it\/it\/prodotto\/camp-matik-assicuratore-discensore\/\"]]}]},{\"@type\":\"ImageObject\",\"inLanguage\":\"it-IT\",\"@id\":\"https:\/\/www.sestogrado.it\/it\/prodotto\/camp-matik-assicuratore-discensore\/#primaryimage\",\"url\":\"https:\/\/www.sestogrado.it\/wp-content\/uploads\/2015\/08\/01-1.jpg\",\"contentUrl\":\"https:\/\/www.sestogrado.it\/wp-content\/uploads\/2015\/08\/01-1.jpg\",\"width\":1400,\"height\":1400,\"caption\":\"camp matik\"},{\"@type\":\"BreadcrumbList\",\"@id\":\"https:\/\/www.sestogrado.it\/it\/prodotto\/camp-matik-assicuratore-discensore\/#breadcrumb\",\"itemListElement\":[{\"@type\":\"ListItem\",\"position\":1,\"name\":\"Home\",\"item\":\"https:\/\/www.sestogrado.it\/it\/\"},{\"@type\":\"ListItem\",\"position\":2,\"name\":\"Shop\",\"item\":\"https:\/\/www.sestogrado.it\/it\/shop\/\"},{\"@type\":\"ListItem\",\"position\":3,\"name\":\"Camp Matik assicuratore discensore\"}]},{\"@type\":\"WebSite\",\"@id\":\"https:\/\/www.sestogrado.it\/it\/#website\",\"url\":\"https:\/\/www.sestogrado.it\/it\/\",\"name\":\"Sestogrado\",\"description\":\"yes we climb\",\"publisher\":{\"@id\":\"https:\/\/www.sestogrado.it\/it\/#organization\"},\"potentialAction\":[{\"@type\":\"SearchAction\",\"target\":{\"@type\":\"EntryPoint\",\"urlTemplate\":\"https:\/\/www.sestogrado.it\/it\/?s={search_term_string}\"},\"query-input\":{\"@type\":\"PropertyValueSpecification\",\"valueRequired\":true,\"valueName\":\"search_term_string\"}}],\"inLanguage\":\"it-IT\"},{\"@type\":\"Organization\",\"@id\":\"https:\/\/www.sestogrado.it\/it\/#organization\",\"name\":\"Sestogrado\",\"url\":\"https:\/\/www.sestogrado.it\/it\/\",\"logo\":{\"@type\":\"ImageObject\",\"inLanguage\":\"it-IT\",\"@id\":\"https:\/\/www.sestogrado.it\/it\/#\/schema\/logo\/image\/\",\"url\":\"https:\/\/www.sestogrado.it\/wp-content\/uploads\/2015\/03\/sestogrado-favicon.png\",\"contentUrl\":\"https:\/\/www.sestogrado.it\/wp-content\/uploads\/2015\/03\/sestogrado-favicon.png\",\"width\":260,\"height\":260,\"caption\":\"Sestogrado\"},\"image\":{\"@id\":\"https:\/\/www.sestogrado.it\/it\/#\/schema\/logo\/image\/\"},\"sameAs\":[\"https:\/\/www.facebook.com\/pages\/Sestogrado\/1542635979353017?ref=bookmarks\",\"https:\/\/www.youtube.com\/channel\/UC847kAfTkaJsWpc1jtQwr3Q\"],\"hasMerchantReturnPolicy\":{\"@type\":\"MerchantReturnPolicy\",\"merchantReturnLink\":\"https:\/\/www.sestogrado.it\/it\/termini-e-condizioni\/\"}}]}<\/script>\n<meta property=\"product:brand\" content=\"Camp\" \/>\n<meta property=\"product:price:amount\" content=\"99.00\" \/>\n<meta property=\"product:price:currency\" content=\"EUR\" \/>\n<meta property=\"og:availability\" content=\"instock\" \/>\n<meta property=\"product:availability\" content=\"instock\" \/>\n<meta property=\"product:condition\" content=\"new\" \/>\n<!-- \/ Yoast SEO plugin. -->","yoast_head_json":{"title":"Camp Matik assicuratore discensore - Sestogrado","description":"Il Camp Matik \u00e8 il rivoluzionario assicuratore discensore di Camp che introduce nuove caratteristiche e funzionalit\u00e0 per rendere pi\u00f9 sicura l'assicurazione. Il Matik richiede sempre un utilizzo attento e responsabile da parte dell\u2019assicuratore, che dovr\u00e0 agire costantemente con entrambe le mani.","robots":{"index":"index","follow":"follow","max-snippet":"max-snippet:-1","max-image-preview":"max-image-preview:large","max-video-preview":"max-video-preview:-1"},"canonical":"https:\/\/www.sestogrado.it\/it\/prodotto\/camp-matik-assicuratore-discensore\/","og_locale":"it_IT","og_type":"article","og_title":"Camp Matik assicuratore discensore - Sestogrado","og_description":"Il Camp Matik \u00e8 il rivoluzionario assicuratore discensore di Camp che introduce nuove caratteristiche e funzionalit\u00e0 per rendere pi\u00f9 sicura l'assicurazione. Il Matik richiede sempre un utilizzo attento e responsabile da parte dell\u2019assicuratore, che dovr\u00e0 agire costantemente con entrambe le mani.","og_url":"https:\/\/www.sestogrado.it\/it\/prodotto\/camp-matik-assicuratore-discensore\/","og_site_name":"Sestogrado","article_publisher":"https:\/\/www.facebook.com\/pages\/Sestogrado\/1542635979353017?ref=bookmarks","article_modified_time":"2026-01-06T09:33:44+00:00","og_image":[{"width":1400,"height":1400,"url":"https:\/\/www.sestogrado.it\/wp-content\/uploads\/2015\/08\/01-1.jpg","type":"image\/jpeg"}],"twitter_misc":{"Prezzo":"&euro;&nbsp;99,00","Disponibilit\u00e0":"In stock"},"schema":{"@context":"https:\/\/schema.org","@graph":[{"@type":"WebPage","@id":"https:\/\/www.sestogrado.it\/it\/prodotto\/camp-matik-assicuratore-discensore\/","url":"https:\/\/www.sestogrado.it\/it\/prodotto\/camp-matik-assicuratore-discensore\/","name":"Camp Matik assicuratore discensore - Sestogrado","isPartOf":{"@id":"https:\/\/www.sestogrado.it\/it\/#website"},"primaryImageOfPage":{"@id":"https:\/\/www.sestogrado.it\/it\/prodotto\/camp-matik-assicuratore-discensore\/#primaryimage"},"image":{"@id":"https:\/\/www.sestogrado.it\/prodotto\/camp-matik-assicuratore-discensore\/#primaryimage"},"thumbnailUrl":"https:\/\/www.sestogrado.it\/wp-content\/uploads\/2015\/08\/01-1.jpg","datePublished":"2015-08-04T11:37:06+00:00","dateModified":"2026-01-06T09:33:44+00:00","description":"Il Camp Matik \u00e8 il rivoluzionario assicuratore discensore di Camp che introduce nuove caratteristiche e funzionalit\u00e0 per rendere pi\u00f9 sicura l'assicurazione. Il Matik richiede sempre un utilizzo attento e responsabile da parte dell\u2019assicuratore, che dovr\u00e0 agire costantemente con entrambe le mani.","breadcrumb":{"@id":"https:\/\/www.sestogrado.it\/it\/prodotto\/camp-matik-assicuratore-discensore\/#breadcrumb"},"inLanguage":"it-IT","potentialAction":[{"@type":"ReadAction","target":[["https:\/\/www.sestogrado.it\/it\/prodotto\/camp-matik-assicuratore-discensore\/"]]}]},{"@type":"ImageObject","inLanguage":"it-IT","@id":"https:\/\/www.sestogrado.it\/it\/prodotto\/camp-matik-assicuratore-discensore\/#primaryimage","url":"https:\/\/www.sestogrado.it\/wp-content\/uploads\/2015\/08\/01-1.jpg","contentUrl":"https:\/\/www.sestogrado.it\/wp-content\/uploads\/2015\/08\/01-1.jpg","width":1400,"height":1400,"caption":"camp matik"},{"@type":"BreadcrumbList","@id":"https:\/\/www.sestogrado.it\/it\/prodotto\/camp-matik-assicuratore-discensore\/#breadcrumb","itemListElement":[{"@type":"ListItem","position":1,"name":"Home","item":"https:\/\/www.sestogrado.it\/it\/"},{"@type":"ListItem","position":2,"name":"Shop","item":"https:\/\/www.sestogrado.it\/it\/shop\/"},{"@type":"ListItem","position":3,"name":"Camp Matik assicuratore discensore"}]},{"@type":"WebSite","@id":"https:\/\/www.sestogrado.it\/it\/#website","url":"https:\/\/www.sestogrado.it\/it\/","name":"Sestogrado","description":"yes we climb","publisher":{"@id":"https:\/\/www.sestogrado.it\/it\/#organization"},"potentialAction":[{"@type":"SearchAction","target":{"@type":"EntryPoint","urlTemplate":"https:\/\/www.sestogrado.it\/it\/?s={search_term_string}"},"query-input":{"@type":"PropertyValueSpecification","valueRequired":true,"valueName":"search_term_string"}}],"inLanguage":"it-IT"},{"@type":"Organization","@id":"https:\/\/www.sestogrado.it\/it\/#organization","name":"Sestogrado","url":"https:\/\/www.sestogrado.it\/it\/","logo":{"@type":"ImageObject","inLanguage":"it-IT","@id":"https:\/\/www.sestogrado.it\/it\/#\/schema\/logo\/image\/","url":"https:\/\/www.sestogrado.it\/wp-content\/uploads\/2015\/03\/sestogrado-favicon.png","contentUrl":"https:\/\/www.sestogrado.it\/wp-content\/uploads\/2015\/03\/sestogrado-favicon.png","width":260,"height":260,"caption":"Sestogrado"},"image":{"@id":"https:\/\/www.sestogrado.it\/it\/#\/schema\/logo\/image\/"},"sameAs":["https:\/\/www.facebook.com\/pages\/Sestogrado\/1542635979353017?ref=bookmarks","https:\/\/www.youtube.com\/channel\/UC847kAfTkaJsWpc1jtQwr3Q"],"hasMerchantReturnPolicy":{"@type":"MerchantReturnPolicy","merchantReturnLink":"https:\/\/www.sestogrado.it\/it\/termini-e-condizioni\/"}}]},"product_brand":"Camp","product_price_amount":"99.00","product_price_currency":"EUR","og_availability":"instock","product_availability":"instock","product_condition":"new"},"_links":{"self":[{"href":"https:\/\/www.sestogrado.it\/it\/wp-json\/wp\/v2\/product\/2196","targetHints":{"allow":["GET"]}}],"collection":[{"href":"https:\/\/www.sestogrado.it\/it\/wp-json\/wp\/v2\/product"}],"about":[{"href":"https:\/\/www.sestogrado.it\/it\/wp-json\/wp\/v2\/types\/product"}],"replies":[{"embeddable":true,"href":"https:\/\/www.sestogrado.it\/it\/wp-json\/wp\/v2\/comments?post=2196"}],"wp:featuredmedia":[{"embeddable":true,"href":"https:\/\/www.sestogrado.it\/it\/wp-json\/wp\/v2\/media\/107530"}],"wp:attachment":[{"href":"https:\/\/www.sestogrado.it\/it\/wp-json\/wp\/v2\/media?parent=2196"}],"wp:term":[{"taxonomy":"product_brand","embeddable":true,"href":"https:\/\/www.sestogrado.it\/it\/wp-json\/wp\/v2\/product_brand?post=2196"},{"taxonomy":"product_cat","embeddable":true,"href":"https:\/\/www.sestogrado.it\/it\/wp-json\/wp\/v2\/product_cat?post=2196"},{"taxonomy":"product_tag","embeddable":true,"href":"https:\/\/www.sestogrado.it\/it\/wp-json\/wp\/v2\/product_tag?post=2196"}],"curies":[{"name":"wp","href":"https:\/\/api.w.org\/{rel}","templated":true}]}}