{"id":218397,"date":"2026-05-14T11:14:00","date_gmt":"2026-05-14T09:14:00","guid":{"rendered":"https:\/\/www.sestogrado.it\/?post_type=product&#038;p=218397"},"modified":"2026-05-14T11:14:01","modified_gmt":"2026-05-14T09:14:01","slug":"skylotec-vael-set-da-ferrata-con-girello-integrato","status":"publish","type":"product","link":"https:\/\/www.sestogrado.it\/it\/prodotto\/skylotec-vael-set-da-ferrata-con-girello-integrato\/","title":{"rendered":"Skylotec Vael set da ferrata con girello integrato"},"content":{"rendered":"<p><\/p>\n<div class=\"product-detail-description-container__short-description\">\n<p data-start=\"57\" data-end=\"344\">Lo <strong data-start=\"60\" data-end=\"77\">Skylotec Vael<\/strong> \u00e8 un set da ferrata ultra-compatto e leggero, progettato per garantire sicurezza, praticit\u00e0 e comfort durante la progressione su vie ferrate. \u00c8 dotato di <strong data-start=\"232\" data-end=\"253\">girello integrato<\/strong>, bracci elastici in <strong data-start=\"274\" data-end=\"284\">UHMWPE<\/strong> e assorbitore di energia tessile a lacerazione progressiva.<\/p>\n<p data-start=\"346\" data-end=\"648\">L\u2019<strong data-start=\"348\" data-end=\"367\">assorbitore EAS<\/strong> offre una frenata graduale e una bassa forza d\u2019impatto in caso di caduta, anche per utilizzatori nel range intermedio di peso, circa 80 kg. Il girello evita l\u2019attorcigliamento dei bracci, mentre i moschettoni ergonomici a doppia leva assicurano aggancio e sgancio rapidi dal cavo.<\/p>\n<ul>\n<li>assorbitore di energia (EAS) che assicura un\u2019eccellente gradualit\u00e0 di frenata e bassa forza di impatto rilasciata all\u2019utente in caso di caduta, anche nel range di peso intermedio (80 kg);<\/li>\n<li>girello integrato che evita l\u2019attorcigliamento dei bracci durante l\u2019uso;<\/li>\n<li>bracci elastici in polietilene ad altissimo peso molecolare (UHMWPE);<\/li>\n<li>anello di fettuccia, integrato in uno dei bracci, che funge da terzo punto di collegamento per arrestarsi\/riposarsi su un ancoraggio in caso di necessit\u00e0;<\/li>\n<li>innovativo Belay Point, integrato in uno dei bracci, che consente di collegare un sistema di recupero per l&#8217;assicurazione dall&#8217;alto di bambini e principianti o per il superamento di tratti difficili;<\/li>\n<li>asola di spessore ridotto per facilitare la connessione all\u2019imbracatura tramite nodo a bocca di lupo;<\/li>\n<li>custodia dell\u2019assorbitore di energia con chiusura a velcro per un\u2019immediata ispezione del label di sicurezza, in caso di caduta e\/o prima di ogni utilizzo;<\/li>\n<li>moschettoni a doppia leva con impugnatura ergonomica, dotati di ampia apertura per agevolare l\u2019aggancio e lo sgancio dal cavo della via ferrata;<\/li>\n<li>utilizzabile da persone di peso compreso fra 40 kg (attrezzatura esclusa) e 120 kg (attrezzatura inclusa);<\/li>\n<li>custodia di trasporto inclusa<\/li>\n<li>Vita utile massima: 12 anni<\/li>\n<li>Peso minimo dell&#8217;utilizzatore: 40 kg<\/li>\n<li>Peso massimo dell&#8217;utilizzatore: 120 kg<\/li>\n<li>Materiale: Alluminio, UHMWPE (ultra-high molecular weight polyethylene)<\/li>\n<li>Resistenza minima tessile: 12.00 kN<\/li>\n<li>Lunghezza totale &#8211; Estesa: 117 cm<\/li>\n<li>Norme: EN 958:2024<\/li>\n<li>Lunghezza cordino: 80 cm<\/li>\n<li>Peso: 0.60 kg \/ 0.67 kg<\/li>\n<\/ul>\n<\/div>\n<p>&nbsp;<\/p>\n<p>Con <strong data-start=\"20\" data-end=\"37\" data-is-only-node=\"\">Skylotec Vael<\/strong> affronti ogni via ferrata con un set innovativo, compatto e progettato per offrire massima sicurezza, libert\u00e0 di movimento e versatilit\u00e0 anche nei passaggi pi\u00f9 tecnici.<\/p>\n<p>&nbsp;<\/p>\n<p>Skylotec: Da oltre 75 anni sviluppiamo soluzioni di sicurezza partendo da un principio chiaro: ascoltare attentamente i nostri clienti per comprendere le loro sfide e progettare le soluzioni pi\u00f9 efficienti. Questo approccio ci ha permesso di diventare uno dei principali produttori di dispositivi di protezione anticaduta, punto di riferimento per professionisti che operano in ambienti complessi e in quota. La nostra esperienza nasce nel mondo dei DPI e della sicurezza professionale, dove affidabilit\u00e0, innovazione e qualit\u00e0 sono requisiti fondamentali. 12 sedi in tutto il mondo e circa 950 collaboratori, di cui quasi 300 presso la sede centrale di Neuwied, in Germania. Una crescita che riflette non solo l\u2019espansione dell\u2019azienda, ma anche la fiducia di clienti e partner che da oltre settant\u2019anni scelgono le nostre soluzioni per lavorare in sicurezza.<\/p>","protected":false},"excerpt":{"rendered":"<p>Lo Skylotec Vael \u00e8 un set da ferrata ultra-compatto e leggero, progettato per garantire sicurezza, praticit\u00e0 e comfort durante la [&hellip;]<\/p>\n","protected":false},"featured_media":218401,"comment_status":"open","ping_status":"closed","template":"","meta":{"_acf_changed":false},"product_brand":[1468],"product_cat":[179],"product_tag":[],"class_list":{"0":"post-218397","1":"product","2":"type-product","3":"status-publish","4":"has-post-thumbnail","6":"product_brand-skylotec","7":"product_cat-set-ferrata","9":"first","10":"instock","11":"sale","12":"taxable","13":"shipping-taxable","14":"purchasable","15":"product-type-simple"},"acf":[],"yoast_head":"<!-- This site is optimized with the Yoast SEO plugin v26.4 - https:\/\/yoast.com\/wordpress\/plugins\/seo\/ -->\n<title>Skylotec Vael set da ferrata con girello integrato - Sestogrado<\/title>\n<meta name=\"description\" content=\"Scopri Skylotec Vael, set da ferrata compatto con girello integrato, assorbitore progressivo EAS, bracci elastici e moschettoni ergonomici. Sicurezza e comfort su ogni percorso.\" \/>\n<meta name=\"robots\" content=\"index, follow, max-snippet:-1, max-image-preview:large, max-video-preview:-1\" \/>\n<link rel=\"canonical\" href=\"https:\/\/www.sestogrado.it\/it\/prodotto\/skylotec-vael-set-da-ferrata-con-girello-integrato\/\" \/>\n<meta property=\"og:locale\" content=\"it_IT\" \/>\n<meta property=\"og:type\" content=\"article\" \/>\n<meta property=\"og:title\" content=\"Skylotec Vael set da ferrata con girello integrato - Sestogrado\" \/>\n<meta property=\"og:description\" content=\"Scopri Skylotec Vael, set da ferrata compatto con girello integrato, assorbitore progressivo EAS, bracci elastici e moschettoni ergonomici. Sicurezza e comfort su ogni percorso.\" \/>\n<meta property=\"og:url\" content=\"https:\/\/www.sestogrado.it\/it\/prodotto\/skylotec-vael-set-da-ferrata-con-girello-integrato\/\" \/>\n<meta property=\"og:site_name\" content=\"Sestogrado\" \/>\n<meta property=\"article:publisher\" content=\"https:\/\/www.facebook.com\/pages\/Sestogrado\/1542635979353017?ref=bookmarks\" \/>\n<meta property=\"article:modified_time\" content=\"2026-05-14T09:14:01+00:00\" \/>\n<meta property=\"og:image\" content=\"https:\/\/www.sestogrado.it\/wp-content\/uploads\/2026\/05\/01-6.jpg\" \/>\n\t<meta property=\"og:image:width\" content=\"1400\" \/>\n\t<meta property=\"og:image:height\" content=\"1400\" \/>\n\t<meta property=\"og:image:type\" content=\"image\/jpeg\" \/>\n<meta name=\"twitter:label1\" content=\"Prezzo\" \/>\n\t<meta name=\"twitter:data1\" content=\"&euro;&nbsp;119,00\" \/>\n\t<meta name=\"twitter:label2\" content=\"Disponibilit\u00e0\" \/>\n\t<meta name=\"twitter:data2\" content=\"In stock\" \/>\n<script type=\"application\/ld+json\" class=\"yoast-schema-graph\">{\"@context\":\"https:\/\/schema.org\",\"@graph\":[{\"@type\":\"WebPage\",\"@id\":\"https:\/\/www.sestogrado.it\/it\/prodotto\/skylotec-vael-set-da-ferrata-con-girello-integrato\/\",\"url\":\"https:\/\/www.sestogrado.it\/it\/prodotto\/skylotec-vael-set-da-ferrata-con-girello-integrato\/\",\"name\":\"Skylotec Vael set da ferrata con girello integrato - Sestogrado\",\"isPartOf\":{\"@id\":\"https:\/\/www.sestogrado.it\/it\/#website\"},\"primaryImageOfPage\":{\"@id\":\"https:\/\/www.sestogrado.it\/it\/prodotto\/skylotec-vael-set-da-ferrata-con-girello-integrato\/#primaryimage\"},\"image\":{\"@id\":\"https:\/\/www.sestogrado.it\/prodotto\/skylotec-vael-set-da-ferrata-con-girello-integrato\/#primaryimage\"},\"thumbnailUrl\":\"https:\/\/www.sestogrado.it\/wp-content\/uploads\/2026\/05\/01-6.jpg\",\"datePublished\":\"2026-05-14T09:14:00+00:00\",\"dateModified\":\"2026-05-14T09:14:01+00:00\",\"description\":\"Scopri Skylotec Vael, set da ferrata compatto con girello integrato, assorbitore progressivo EAS, bracci elastici e moschettoni ergonomici. Sicurezza e comfort su ogni percorso.\",\"breadcrumb\":{\"@id\":\"https:\/\/www.sestogrado.it\/it\/prodotto\/skylotec-vael-set-da-ferrata-con-girello-integrato\/#breadcrumb\"},\"inLanguage\":\"it-IT\",\"potentialAction\":[{\"@type\":\"ReadAction\",\"target\":[[\"https:\/\/www.sestogrado.it\/it\/prodotto\/skylotec-vael-set-da-ferrata-con-girello-integrato\/\"]]}]},{\"@type\":\"ImageObject\",\"inLanguage\":\"it-IT\",\"@id\":\"https:\/\/www.sestogrado.it\/it\/prodotto\/skylotec-vael-set-da-ferrata-con-girello-integrato\/#primaryimage\",\"url\":\"https:\/\/www.sestogrado.it\/wp-content\/uploads\/2026\/05\/01-6.jpg\",\"contentUrl\":\"https:\/\/www.sestogrado.it\/wp-content\/uploads\/2026\/05\/01-6.jpg\",\"width\":1400,\"height\":1400,\"caption\":\"skylotec vael\"},{\"@type\":\"BreadcrumbList\",\"@id\":\"https:\/\/www.sestogrado.it\/it\/prodotto\/skylotec-vael-set-da-ferrata-con-girello-integrato\/#breadcrumb\",\"itemListElement\":[{\"@type\":\"ListItem\",\"position\":1,\"name\":\"Home\",\"item\":\"https:\/\/www.sestogrado.it\/it\/\"},{\"@type\":\"ListItem\",\"position\":2,\"name\":\"Shop\",\"item\":\"https:\/\/www.sestogrado.it\/it\/shop\/\"},{\"@type\":\"ListItem\",\"position\":3,\"name\":\"Skylotec Vael set da ferrata con girello integrato\"}]},{\"@type\":\"WebSite\",\"@id\":\"https:\/\/www.sestogrado.it\/it\/#website\",\"url\":\"https:\/\/www.sestogrado.it\/it\/\",\"name\":\"Sestogrado\",\"description\":\"yes we climb\",\"publisher\":{\"@id\":\"https:\/\/www.sestogrado.it\/it\/#organization\"},\"potentialAction\":[{\"@type\":\"SearchAction\",\"target\":{\"@type\":\"EntryPoint\",\"urlTemplate\":\"https:\/\/www.sestogrado.it\/it\/?s={search_term_string}\"},\"query-input\":{\"@type\":\"PropertyValueSpecification\",\"valueRequired\":true,\"valueName\":\"search_term_string\"}}],\"inLanguage\":\"it-IT\"},{\"@type\":\"Organization\",\"@id\":\"https:\/\/www.sestogrado.it\/it\/#organization\",\"name\":\"Sestogrado\",\"url\":\"https:\/\/www.sestogrado.it\/it\/\",\"logo\":{\"@type\":\"ImageObject\",\"inLanguage\":\"it-IT\",\"@id\":\"https:\/\/www.sestogrado.it\/it\/#\/schema\/logo\/image\/\",\"url\":\"https:\/\/www.sestogrado.it\/wp-content\/uploads\/2015\/03\/sestogrado-favicon.png\",\"contentUrl\":\"https:\/\/www.sestogrado.it\/wp-content\/uploads\/2015\/03\/sestogrado-favicon.png\",\"width\":260,\"height\":260,\"caption\":\"Sestogrado\"},\"image\":{\"@id\":\"https:\/\/www.sestogrado.it\/it\/#\/schema\/logo\/image\/\"},\"sameAs\":[\"https:\/\/www.facebook.com\/pages\/Sestogrado\/1542635979353017?ref=bookmarks\",\"https:\/\/www.youtube.com\/channel\/UC847kAfTkaJsWpc1jtQwr3Q\"],\"hasMerchantReturnPolicy\":{\"@type\":\"MerchantReturnPolicy\",\"merchantReturnLink\":\"https:\/\/www.sestogrado.it\/it\/termini-e-condizioni\/\"}}]}<\/script>\n<meta property=\"product:brand\" content=\"Skylotec\" \/>\n<meta property=\"product:price:amount\" content=\"119.00\" \/>\n<meta property=\"product:price:currency\" content=\"EUR\" \/>\n<meta property=\"og:availability\" content=\"instock\" \/>\n<meta property=\"product:availability\" content=\"instock\" \/>\n<meta property=\"product:condition\" content=\"new\" \/>\n<!-- \/ Yoast SEO plugin. -->","yoast_head_json":{"title":"Skylotec Vael set da ferrata con girello integrato - Sestogrado","description":"Scopri Skylotec Vael, set da ferrata compatto con girello integrato, assorbitore progressivo EAS, bracci elastici e moschettoni ergonomici. Sicurezza e comfort su ogni percorso.","robots":{"index":"index","follow":"follow","max-snippet":"max-snippet:-1","max-image-preview":"max-image-preview:large","max-video-preview":"max-video-preview:-1"},"canonical":"https:\/\/www.sestogrado.it\/it\/prodotto\/skylotec-vael-set-da-ferrata-con-girello-integrato\/","og_locale":"it_IT","og_type":"article","og_title":"Skylotec Vael set da ferrata con girello integrato - Sestogrado","og_description":"Scopri Skylotec Vael, set da ferrata compatto con girello integrato, assorbitore progressivo EAS, bracci elastici e moschettoni ergonomici. Sicurezza e comfort su ogni percorso.","og_url":"https:\/\/www.sestogrado.it\/it\/prodotto\/skylotec-vael-set-da-ferrata-con-girello-integrato\/","og_site_name":"Sestogrado","article_publisher":"https:\/\/www.facebook.com\/pages\/Sestogrado\/1542635979353017?ref=bookmarks","article_modified_time":"2026-05-14T09:14:01+00:00","og_image":[{"width":1400,"height":1400,"url":"https:\/\/www.sestogrado.it\/wp-content\/uploads\/2026\/05\/01-6.jpg","type":"image\/jpeg"}],"twitter_misc":{"Prezzo":"&euro;&nbsp;119,00","Disponibilit\u00e0":"In stock"},"schema":{"@context":"https:\/\/schema.org","@graph":[{"@type":"WebPage","@id":"https:\/\/www.sestogrado.it\/it\/prodotto\/skylotec-vael-set-da-ferrata-con-girello-integrato\/","url":"https:\/\/www.sestogrado.it\/it\/prodotto\/skylotec-vael-set-da-ferrata-con-girello-integrato\/","name":"Skylotec Vael set da ferrata con girello integrato - Sestogrado","isPartOf":{"@id":"https:\/\/www.sestogrado.it\/it\/#website"},"primaryImageOfPage":{"@id":"https:\/\/www.sestogrado.it\/it\/prodotto\/skylotec-vael-set-da-ferrata-con-girello-integrato\/#primaryimage"},"image":{"@id":"https:\/\/www.sestogrado.it\/prodotto\/skylotec-vael-set-da-ferrata-con-girello-integrato\/#primaryimage"},"thumbnailUrl":"https:\/\/www.sestogrado.it\/wp-content\/uploads\/2026\/05\/01-6.jpg","datePublished":"2026-05-14T09:14:00+00:00","dateModified":"2026-05-14T09:14:01+00:00","description":"Scopri Skylotec Vael, set da ferrata compatto con girello integrato, assorbitore progressivo EAS, bracci elastici e moschettoni ergonomici. Sicurezza e comfort su ogni percorso.","breadcrumb":{"@id":"https:\/\/www.sestogrado.it\/it\/prodotto\/skylotec-vael-set-da-ferrata-con-girello-integrato\/#breadcrumb"},"inLanguage":"it-IT","potentialAction":[{"@type":"ReadAction","target":[["https:\/\/www.sestogrado.it\/it\/prodotto\/skylotec-vael-set-da-ferrata-con-girello-integrato\/"]]}]},{"@type":"ImageObject","inLanguage":"it-IT","@id":"https:\/\/www.sestogrado.it\/it\/prodotto\/skylotec-vael-set-da-ferrata-con-girello-integrato\/#primaryimage","url":"https:\/\/www.sestogrado.it\/wp-content\/uploads\/2026\/05\/01-6.jpg","contentUrl":"https:\/\/www.sestogrado.it\/wp-content\/uploads\/2026\/05\/01-6.jpg","width":1400,"height":1400,"caption":"skylotec vael"},{"@type":"BreadcrumbList","@id":"https:\/\/www.sestogrado.it\/it\/prodotto\/skylotec-vael-set-da-ferrata-con-girello-integrato\/#breadcrumb","itemListElement":[{"@type":"ListItem","position":1,"name":"Home","item":"https:\/\/www.sestogrado.it\/it\/"},{"@type":"ListItem","position":2,"name":"Shop","item":"https:\/\/www.sestogrado.it\/it\/shop\/"},{"@type":"ListItem","position":3,"name":"Skylotec Vael set da ferrata con girello integrato"}]},{"@type":"WebSite","@id":"https:\/\/www.sestogrado.it\/it\/#website","url":"https:\/\/www.sestogrado.it\/it\/","name":"Sestogrado","description":"yes we climb","publisher":{"@id":"https:\/\/www.sestogrado.it\/it\/#organization"},"potentialAction":[{"@type":"SearchAction","target":{"@type":"EntryPoint","urlTemplate":"https:\/\/www.sestogrado.it\/it\/?s={search_term_string}"},"query-input":{"@type":"PropertyValueSpecification","valueRequired":true,"valueName":"search_term_string"}}],"inLanguage":"it-IT"},{"@type":"Organization","@id":"https:\/\/www.sestogrado.it\/it\/#organization","name":"Sestogrado","url":"https:\/\/www.sestogrado.it\/it\/","logo":{"@type":"ImageObject","inLanguage":"it-IT","@id":"https:\/\/www.sestogrado.it\/it\/#\/schema\/logo\/image\/","url":"https:\/\/www.sestogrado.it\/wp-content\/uploads\/2015\/03\/sestogrado-favicon.png","contentUrl":"https:\/\/www.sestogrado.it\/wp-content\/uploads\/2015\/03\/sestogrado-favicon.png","width":260,"height":260,"caption":"Sestogrado"},"image":{"@id":"https:\/\/www.sestogrado.it\/it\/#\/schema\/logo\/image\/"},"sameAs":["https:\/\/www.facebook.com\/pages\/Sestogrado\/1542635979353017?ref=bookmarks","https:\/\/www.youtube.com\/channel\/UC847kAfTkaJsWpc1jtQwr3Q"],"hasMerchantReturnPolicy":{"@type":"MerchantReturnPolicy","merchantReturnLink":"https:\/\/www.sestogrado.it\/it\/termini-e-condizioni\/"}}]},"product_brand":"Skylotec","product_price_amount":"119.00","product_price_currency":"EUR","og_availability":"instock","product_availability":"instock","product_condition":"new"},"_links":{"self":[{"href":"https:\/\/www.sestogrado.it\/it\/wp-json\/wp\/v2\/product\/218397","targetHints":{"allow":["GET"]}}],"collection":[{"href":"https:\/\/www.sestogrado.it\/it\/wp-json\/wp\/v2\/product"}],"about":[{"href":"https:\/\/www.sestogrado.it\/it\/wp-json\/wp\/v2\/types\/product"}],"replies":[{"embeddable":true,"href":"https:\/\/www.sestogrado.it\/it\/wp-json\/wp\/v2\/comments?post=218397"}],"wp:featuredmedia":[{"embeddable":true,"href":"https:\/\/www.sestogrado.it\/it\/wp-json\/wp\/v2\/media\/218401"}],"wp:attachment":[{"href":"https:\/\/www.sestogrado.it\/it\/wp-json\/wp\/v2\/media?parent=218397"}],"wp:term":[{"taxonomy":"product_brand","embeddable":true,"href":"https:\/\/www.sestogrado.it\/it\/wp-json\/wp\/v2\/product_brand?post=218397"},{"taxonomy":"product_cat","embeddable":true,"href":"https:\/\/www.sestogrado.it\/it\/wp-json\/wp\/v2\/product_cat?post=218397"},{"taxonomy":"product_tag","embeddable":true,"href":"https:\/\/www.sestogrado.it\/it\/wp-json\/wp\/v2\/product_tag?post=218397"}],"curies":[{"name":"wp","href":"https:\/\/api.w.org\/{rel}","templated":true}]}}