{"id":217400,"date":"2020-05-05T09:00:38","date_gmt":"2020-05-05T07:00:38","guid":{"rendered":"https:\/\/www.sestogrado.it\/?post_type=product&#038;p=217400"},"modified":"2026-05-05T09:01:25","modified_gmt":"2026-05-05T07:01:25","slug":"grivel-air-tech-evo-t-piccozza-passata-stagione","status":"publish","type":"product","link":"https:\/\/www.sestogrado.it\/it\/prodotto\/grivel-air-tech-evo-t-piccozza-passata-stagione\/","title":{"rendered":"Grivel Air Tech EVO T piccozza passata stagione"},"content":{"rendered":"<p>La Grivel Air Tech EVO T \u00e8 la piccozza di riferimento per alpinismo classico di Grivel, ha una lama ad inclinazione positiva, forgiata a caldo, \u00e8 classificata di tipo T ed ha una resistenza del manico di 400kg.<\/p>\n<p>La testa della Air Tech EVO T, che nella nuova versione \u00e8 in acciaio al carbonio forgiato a caldo da un unico pezzo, \u00e8 il marchio di fabbrica di questa piccozza ed \u00e8 diventato un classico alpino consolidato. La curva delicata del manico appena sotto la testa consente una maggiore distanza, una facile impugnabilit\u00e0 e facilit\u00e0 l&#8217;ancoraggio su qualsiasi tipo di terreno, mentre la parte inferiore penetra nella neve con poco sforzo.<\/p>\n<p>La Grivel Air Tech EVO T ha un puntale asimmetrico angolato a 45 gradi per una impugnatura ergonomica e facilitata, nastri antiscivolo sulla parte terminale del manico e nuovi rivetti alleggeriti derivati dalla tecnologia aerospaziale.<\/p>\n<p>In dotazione dragonne Long Leash EVO, realizzata nello stesso tessuto delle fascette dei ramponi, leggera e resistente e copri puntale.<\/p>\n<ul>\n<li>Attivit\u00e0: Alpinismo classico \/ Alpinismo tecnico \/ Sci alpinismo \/ Escursione su ghiaccio<\/li>\n<li>Materiali \/ costruzione \/ tecnologie: testa\u00a0forgiata\u00a0in\u00a0acciaio\u00a0in pezzo unico, manico G-bone in alluminio, impugnatura in gomma<\/li>\n<li>Certificazione: CE EN 13089, type 2, UIAA 152<\/li>\n<li>Peso: 473 g<\/li>\n<\/ul>\n<p>La Air Tech EVO T rappresenta il massimo della tecnicit\u00e0 delle piccozze da alpinismo classico.<\/p>\n<p>&nbsp;<\/p>\n<p>Nata nel 1818 a Courmayeur, la Grivel \u00e8 un\u2019azienda italiana che produce attrezzature ed equipaggiamenti per alpinismo, arrampicata ed outdoor esportando in 26 paesi.\u00a0\u00a0L\u2019azienda ha ottenuto la certificazione GS T\u00dcV dal 1992, ISO 9001 dal 1996, ISO 1400 dal 2004.\u00a0L\u2019obiettivo di\u00a0Grivel \u00e8 di facilitare la vita agli alpinisti e agli amanti della montagna\u00a0con prodotti tecnologicamente avanzati.<\/p>\n","protected":false},"excerpt":{"rendered":"<p>La Grivel Air Tech EVO T \u00e8 la piccozza di riferimento per alpinismo classico di Grivel, ha una lama ad [&hellip;]<\/p>\n","protected":false},"featured_media":134259,"comment_status":"open","ping_status":"closed","template":"","meta":{"_acf_changed":false},"product_brand":[126],"product_cat":[152],"product_tag":[414],"class_list":{"0":"post-217400","1":"product","2":"type-product","3":"status-publish","4":"has-post-thumbnail","6":"product_brand-grivel","7":"product_cat-piccozze","8":"product_tag-piccozza-da-ghiaccio","10":"first","11":"instock","12":"sale","13":"taxable","14":"shipping-taxable","15":"purchasable","16":"product-type-variable"},"acf":[],"yoast_head":"<!-- This site is optimized with the Yoast SEO plugin v26.4 - https:\/\/yoast.com\/wordpress\/plugins\/seo\/ -->\n<title>Grivel Air Tech EVO T piccozza passata stagione - Sestogrado<\/title>\n<meta name=\"description\" content=\"La Grivel Air Tech EVO T \u00e8 la piccozza di riferimento per alpinismo classico di Grivel, ha una lama ad inclinazione positiva, forgiata a caldo, \u00e8 classificata di tipo T ed ha una resistenza del manico di 400kg.La testa della Air Tech EVO T, che nella nuova versione \u00e8 in acciaio al carbonio forgiato a caldo da un unico pezzo, \u00e8 il marchio di fabbrica di questa piccozza ed \u00e8 diventato un classico alpino consolidato. La curva delicata del manico appena sotto la testa consente una maggiore distanza, una facile impugnabilit\u00e0 e facilit\u00e0 l&#039;ancoraggio su qualsiasi tipo di terreno, mentre la parte inferiore penetra nella neve con poco sforzo.La Grivel Air Tech EVO T ha un puntale asimmetrico angolato a 45 gradi per una impugnatura ergonomica e facilitata, nastri antiscivolo sulla parte terminale del manico e nuovi rivetti alleggeriti derivati dalla tecnologia aerospaziale.In dotazione dragonne Long Leash EVO, realizzata nello stesso tessuto delle fascette dei ramponi, leggera e resistente e copri puntale.La Air Tech EVO T rappresenta il massimo della tecnicit\u00e0 delle piccozze da alpinismo classico in meno di 500 grammi.\" \/>\n<meta name=\"robots\" content=\"index, follow, max-snippet:-1, max-image-preview:large, max-video-preview:-1\" \/>\n<link rel=\"canonical\" href=\"https:\/\/www.sestogrado.it\/it\/prodotto\/grivel-air-tech-evo-t-piccozza-passata-stagione\/\" \/>\n<meta property=\"og:locale\" content=\"it_IT\" \/>\n<meta property=\"og:type\" content=\"article\" \/>\n<meta property=\"og:title\" content=\"Grivel Air Tech EVO T piccozza passata stagione - Sestogrado\" \/>\n<meta property=\"og:description\" content=\"La Grivel Air Tech EVO T \u00e8 la piccozza di riferimento per alpinismo classico di Grivel, ha una lama ad inclinazione positiva, forgiata a caldo, \u00e8 classificata di tipo T ed ha una resistenza del manico di 400kg.La testa della Air Tech EVO T, che nella nuova versione \u00e8 in acciaio al carbonio forgiato a caldo da un unico pezzo, \u00e8 il marchio di fabbrica di questa piccozza ed \u00e8 diventato un classico alpino consolidato. La curva delicata del manico appena sotto la testa consente una maggiore distanza, una facile impugnabilit\u00e0 e facilit\u00e0 l&#039;ancoraggio su qualsiasi tipo di terreno, mentre la parte inferiore penetra nella neve con poco sforzo.La Grivel Air Tech EVO T ha un puntale asimmetrico angolato a 45 gradi per una impugnatura ergonomica e facilitata, nastri antiscivolo sulla parte terminale del manico e nuovi rivetti alleggeriti derivati dalla tecnologia aerospaziale.In dotazione dragonne Long Leash EVO, realizzata nello stesso tessuto delle fascette dei ramponi, leggera e resistente e copri puntale.La Air Tech EVO T rappresenta il massimo della tecnicit\u00e0 delle piccozze da alpinismo classico in meno di 500 grammi.\" \/>\n<meta property=\"og:url\" content=\"https:\/\/www.sestogrado.it\/it\/prodotto\/grivel-air-tech-evo-t-piccozza-passata-stagione\/\" \/>\n<meta property=\"og:site_name\" content=\"Sestogrado\" \/>\n<meta property=\"article:publisher\" content=\"https:\/\/www.facebook.com\/pages\/Sestogrado\/1542635979353017?ref=bookmarks\" \/>\n<meta property=\"article:modified_time\" content=\"2026-05-05T07:01:25+00:00\" \/>\n<meta property=\"og:image\" content=\"https:\/\/www.sestogrado.it\/wp-content\/uploads\/2022\/11\/04-air-tech-evo.jpg\" \/>\n\t<meta property=\"og:image:width\" content=\"2000\" \/>\n\t<meta property=\"og:image:height\" content=\"2000\" \/>\n\t<meta property=\"og:image:type\" content=\"image\/jpeg\" \/>\n<meta name=\"twitter:label1\" content=\"Disponibilit\u00e0\" \/>\n\t<meta name=\"twitter:data1\" content=\"In stock\" \/>\n<script type=\"application\/ld+json\" class=\"yoast-schema-graph\">{\"@context\":\"https:\/\/schema.org\",\"@graph\":[{\"@type\":\"WebPage\",\"@id\":\"https:\/\/www.sestogrado.it\/it\/prodotto\/grivel-air-tech-evo-t-piccozza-passata-stagione\/\",\"url\":\"https:\/\/www.sestogrado.it\/it\/prodotto\/grivel-air-tech-evo-t-piccozza-passata-stagione\/\",\"name\":\"Grivel Air Tech EVO T piccozza passata stagione - Sestogrado\",\"isPartOf\":{\"@id\":\"https:\/\/www.sestogrado.it\/it\/#website\"},\"primaryImageOfPage\":{\"@id\":\"https:\/\/www.sestogrado.it\/it\/prodotto\/grivel-air-tech-evo-t-piccozza-passata-stagione\/#primaryimage\"},\"image\":{\"@id\":\"https:\/\/www.sestogrado.it\/prodotto\/grivel-air-tech-evo-t-piccozza-passata-stagione\/#primaryimage\"},\"thumbnailUrl\":\"https:\/\/www.sestogrado.it\/wp-content\/uploads\/2022\/11\/04-air-tech-evo.jpg\",\"datePublished\":\"2020-05-05T07:00:38+00:00\",\"dateModified\":\"2026-05-05T07:01:25+00:00\",\"description\":\"La Grivel Air Tech EVO T \u00e8 la piccozza di riferimento per alpinismo classico di Grivel, ha una lama ad inclinazione positiva, forgiata a caldo, \u00e8 classificata di tipo T ed ha una resistenza del manico di 400kg.La testa della Air Tech EVO T, che nella nuova versione \u00e8 in acciaio al carbonio forgiato a caldo da un unico pezzo, \u00e8 il marchio di fabbrica di questa piccozza ed \u00e8 diventato un classico alpino consolidato. La curva delicata del manico appena sotto la testa consente una maggiore distanza, una facile impugnabilit\u00e0 e facilit\u00e0 l'ancoraggio su qualsiasi tipo di terreno, mentre la parte inferiore penetra nella neve con poco sforzo.La Grivel Air Tech EVO T ha un puntale asimmetrico angolato a 45 gradi per una impugnatura ergonomica e facilitata, nastri antiscivolo sulla parte terminale del manico e nuovi rivetti alleggeriti derivati dalla tecnologia aerospaziale.In dotazione dragonne Long Leash EVO, realizzata nello stesso tessuto delle fascette dei ramponi, leggera e resistente e copri puntale.La Air Tech EVO T rappresenta il massimo della tecnicit\u00e0 delle piccozze da alpinismo classico in meno di 500 grammi.\",\"breadcrumb\":{\"@id\":\"https:\/\/www.sestogrado.it\/it\/prodotto\/grivel-air-tech-evo-t-piccozza-passata-stagione\/#breadcrumb\"},\"inLanguage\":\"it-IT\",\"potentialAction\":[{\"@type\":\"ReadAction\",\"target\":[[\"https:\/\/www.sestogrado.it\/it\/prodotto\/grivel-air-tech-evo-t-piccozza-passata-stagione\/\"]]}]},{\"@type\":\"ImageObject\",\"inLanguage\":\"it-IT\",\"@id\":\"https:\/\/www.sestogrado.it\/it\/prodotto\/grivel-air-tech-evo-t-piccozza-passata-stagione\/#primaryimage\",\"url\":\"https:\/\/www.sestogrado.it\/wp-content\/uploads\/2022\/11\/04-air-tech-evo.jpg\",\"contentUrl\":\"https:\/\/www.sestogrado.it\/wp-content\/uploads\/2022\/11\/04-air-tech-evo.jpg\",\"width\":2000,\"height\":2000,\"caption\":\"grivel air tech evo paletta\"},{\"@type\":\"BreadcrumbList\",\"@id\":\"https:\/\/www.sestogrado.it\/it\/prodotto\/grivel-air-tech-evo-t-piccozza-passata-stagione\/#breadcrumb\",\"itemListElement\":[{\"@type\":\"ListItem\",\"position\":1,\"name\":\"Home\",\"item\":\"https:\/\/www.sestogrado.it\/it\/\"},{\"@type\":\"ListItem\",\"position\":2,\"name\":\"Shop\",\"item\":\"https:\/\/www.sestogrado.it\/it\/shop\/\"},{\"@type\":\"ListItem\",\"position\":3,\"name\":\"Grivel Air Tech EVO T piccozza passata stagione\"}]},{\"@type\":\"WebSite\",\"@id\":\"https:\/\/www.sestogrado.it\/it\/#website\",\"url\":\"https:\/\/www.sestogrado.it\/it\/\",\"name\":\"Sestogrado\",\"description\":\"yes we climb\",\"publisher\":{\"@id\":\"https:\/\/www.sestogrado.it\/it\/#organization\"},\"potentialAction\":[{\"@type\":\"SearchAction\",\"target\":{\"@type\":\"EntryPoint\",\"urlTemplate\":\"https:\/\/www.sestogrado.it\/it\/?s={search_term_string}\"},\"query-input\":{\"@type\":\"PropertyValueSpecification\",\"valueRequired\":true,\"valueName\":\"search_term_string\"}}],\"inLanguage\":\"it-IT\"},{\"@type\":\"Organization\",\"@id\":\"https:\/\/www.sestogrado.it\/it\/#organization\",\"name\":\"Sestogrado\",\"url\":\"https:\/\/www.sestogrado.it\/it\/\",\"logo\":{\"@type\":\"ImageObject\",\"inLanguage\":\"it-IT\",\"@id\":\"https:\/\/www.sestogrado.it\/it\/#\/schema\/logo\/image\/\",\"url\":\"https:\/\/www.sestogrado.it\/wp-content\/uploads\/2015\/03\/sestogrado-favicon.png\",\"contentUrl\":\"https:\/\/www.sestogrado.it\/wp-content\/uploads\/2015\/03\/sestogrado-favicon.png\",\"width\":260,\"height\":260,\"caption\":\"Sestogrado\"},\"image\":{\"@id\":\"https:\/\/www.sestogrado.it\/it\/#\/schema\/logo\/image\/\"},\"sameAs\":[\"https:\/\/www.facebook.com\/pages\/Sestogrado\/1542635979353017?ref=bookmarks\",\"https:\/\/www.youtube.com\/channel\/UC847kAfTkaJsWpc1jtQwr3Q\"],\"hasMerchantReturnPolicy\":{\"@type\":\"MerchantReturnPolicy\",\"merchantReturnLink\":\"https:\/\/www.sestogrado.it\/it\/termini-e-condizioni\/\"}}]}<\/script>\n<meta property=\"product:brand\" content=\"Grivel\" \/>\n<meta property=\"og:availability\" content=\"instock\" \/>\n<meta property=\"product:availability\" content=\"instock\" \/>\n<meta property=\"product:condition\" content=\"new\" \/>\n<!-- \/ Yoast SEO plugin. -->","yoast_head_json":{"title":"Grivel Air Tech EVO T piccozza passata stagione - Sestogrado","description":"La Grivel Air Tech EVO T \u00e8 la piccozza di riferimento per alpinismo classico di Grivel, ha una lama ad inclinazione positiva, forgiata a caldo, \u00e8 classificata di tipo T ed ha una resistenza del manico di 400kg.La testa della Air Tech EVO T, che nella nuova versione \u00e8 in acciaio al carbonio forgiato a caldo da un unico pezzo, \u00e8 il marchio di fabbrica di questa piccozza ed \u00e8 diventato un classico alpino consolidato. La curva delicata del manico appena sotto la testa consente una maggiore distanza, una facile impugnabilit\u00e0 e facilit\u00e0 l'ancoraggio su qualsiasi tipo di terreno, mentre la parte inferiore penetra nella neve con poco sforzo.La Grivel Air Tech EVO T ha un puntale asimmetrico angolato a 45 gradi per una impugnatura ergonomica e facilitata, nastri antiscivolo sulla parte terminale del manico e nuovi rivetti alleggeriti derivati dalla tecnologia aerospaziale.In dotazione dragonne Long Leash EVO, realizzata nello stesso tessuto delle fascette dei ramponi, leggera e resistente e copri puntale.La Air Tech EVO T rappresenta il massimo della tecnicit\u00e0 delle piccozze da alpinismo classico in meno di 500 grammi.","robots":{"index":"index","follow":"follow","max-snippet":"max-snippet:-1","max-image-preview":"max-image-preview:large","max-video-preview":"max-video-preview:-1"},"canonical":"https:\/\/www.sestogrado.it\/it\/prodotto\/grivel-air-tech-evo-t-piccozza-passata-stagione\/","og_locale":"it_IT","og_type":"article","og_title":"Grivel Air Tech EVO T piccozza passata stagione - Sestogrado","og_description":"La Grivel Air Tech EVO T \u00e8 la piccozza di riferimento per alpinismo classico di Grivel, ha una lama ad inclinazione positiva, forgiata a caldo, \u00e8 classificata di tipo T ed ha una resistenza del manico di 400kg.La testa della Air Tech EVO T, che nella nuova versione \u00e8 in acciaio al carbonio forgiato a caldo da un unico pezzo, \u00e8 il marchio di fabbrica di questa piccozza ed \u00e8 diventato un classico alpino consolidato. La curva delicata del manico appena sotto la testa consente una maggiore distanza, una facile impugnabilit\u00e0 e facilit\u00e0 l'ancoraggio su qualsiasi tipo di terreno, mentre la parte inferiore penetra nella neve con poco sforzo.La Grivel Air Tech EVO T ha un puntale asimmetrico angolato a 45 gradi per una impugnatura ergonomica e facilitata, nastri antiscivolo sulla parte terminale del manico e nuovi rivetti alleggeriti derivati dalla tecnologia aerospaziale.In dotazione dragonne Long Leash EVO, realizzata nello stesso tessuto delle fascette dei ramponi, leggera e resistente e copri puntale.La Air Tech EVO T rappresenta il massimo della tecnicit\u00e0 delle piccozze da alpinismo classico in meno di 500 grammi.","og_url":"https:\/\/www.sestogrado.it\/it\/prodotto\/grivel-air-tech-evo-t-piccozza-passata-stagione\/","og_site_name":"Sestogrado","article_publisher":"https:\/\/www.facebook.com\/pages\/Sestogrado\/1542635979353017?ref=bookmarks","article_modified_time":"2026-05-05T07:01:25+00:00","og_image":[{"width":2000,"height":2000,"url":"https:\/\/www.sestogrado.it\/wp-content\/uploads\/2022\/11\/04-air-tech-evo.jpg","type":"image\/jpeg"}],"twitter_misc":{"Disponibilit\u00e0":"In stock"},"schema":{"@context":"https:\/\/schema.org","@graph":[{"@type":"WebPage","@id":"https:\/\/www.sestogrado.it\/it\/prodotto\/grivel-air-tech-evo-t-piccozza-passata-stagione\/","url":"https:\/\/www.sestogrado.it\/it\/prodotto\/grivel-air-tech-evo-t-piccozza-passata-stagione\/","name":"Grivel Air Tech EVO T piccozza passata stagione - Sestogrado","isPartOf":{"@id":"https:\/\/www.sestogrado.it\/it\/#website"},"primaryImageOfPage":{"@id":"https:\/\/www.sestogrado.it\/it\/prodotto\/grivel-air-tech-evo-t-piccozza-passata-stagione\/#primaryimage"},"image":{"@id":"https:\/\/www.sestogrado.it\/prodotto\/grivel-air-tech-evo-t-piccozza-passata-stagione\/#primaryimage"},"thumbnailUrl":"https:\/\/www.sestogrado.it\/wp-content\/uploads\/2022\/11\/04-air-tech-evo.jpg","datePublished":"2020-05-05T07:00:38+00:00","dateModified":"2026-05-05T07:01:25+00:00","description":"La Grivel Air Tech EVO T \u00e8 la piccozza di riferimento per alpinismo classico di Grivel, ha una lama ad inclinazione positiva, forgiata a caldo, \u00e8 classificata di tipo T ed ha una resistenza del manico di 400kg.La testa della Air Tech EVO T, che nella nuova versione \u00e8 in acciaio al carbonio forgiato a caldo da un unico pezzo, \u00e8 il marchio di fabbrica di questa piccozza ed \u00e8 diventato un classico alpino consolidato. La curva delicata del manico appena sotto la testa consente una maggiore distanza, una facile impugnabilit\u00e0 e facilit\u00e0 l'ancoraggio su qualsiasi tipo di terreno, mentre la parte inferiore penetra nella neve con poco sforzo.La Grivel Air Tech EVO T ha un puntale asimmetrico angolato a 45 gradi per una impugnatura ergonomica e facilitata, nastri antiscivolo sulla parte terminale del manico e nuovi rivetti alleggeriti derivati dalla tecnologia aerospaziale.In dotazione dragonne Long Leash EVO, realizzata nello stesso tessuto delle fascette dei ramponi, leggera e resistente e copri puntale.La Air Tech EVO T rappresenta il massimo della tecnicit\u00e0 delle piccozze da alpinismo classico in meno di 500 grammi.","breadcrumb":{"@id":"https:\/\/www.sestogrado.it\/it\/prodotto\/grivel-air-tech-evo-t-piccozza-passata-stagione\/#breadcrumb"},"inLanguage":"it-IT","potentialAction":[{"@type":"ReadAction","target":[["https:\/\/www.sestogrado.it\/it\/prodotto\/grivel-air-tech-evo-t-piccozza-passata-stagione\/"]]}]},{"@type":"ImageObject","inLanguage":"it-IT","@id":"https:\/\/www.sestogrado.it\/it\/prodotto\/grivel-air-tech-evo-t-piccozza-passata-stagione\/#primaryimage","url":"https:\/\/www.sestogrado.it\/wp-content\/uploads\/2022\/11\/04-air-tech-evo.jpg","contentUrl":"https:\/\/www.sestogrado.it\/wp-content\/uploads\/2022\/11\/04-air-tech-evo.jpg","width":2000,"height":2000,"caption":"grivel air tech evo paletta"},{"@type":"BreadcrumbList","@id":"https:\/\/www.sestogrado.it\/it\/prodotto\/grivel-air-tech-evo-t-piccozza-passata-stagione\/#breadcrumb","itemListElement":[{"@type":"ListItem","position":1,"name":"Home","item":"https:\/\/www.sestogrado.it\/it\/"},{"@type":"ListItem","position":2,"name":"Shop","item":"https:\/\/www.sestogrado.it\/it\/shop\/"},{"@type":"ListItem","position":3,"name":"Grivel Air Tech EVO T piccozza passata stagione"}]},{"@type":"WebSite","@id":"https:\/\/www.sestogrado.it\/it\/#website","url":"https:\/\/www.sestogrado.it\/it\/","name":"Sestogrado","description":"yes we climb","publisher":{"@id":"https:\/\/www.sestogrado.it\/it\/#organization"},"potentialAction":[{"@type":"SearchAction","target":{"@type":"EntryPoint","urlTemplate":"https:\/\/www.sestogrado.it\/it\/?s={search_term_string}"},"query-input":{"@type":"PropertyValueSpecification","valueRequired":true,"valueName":"search_term_string"}}],"inLanguage":"it-IT"},{"@type":"Organization","@id":"https:\/\/www.sestogrado.it\/it\/#organization","name":"Sestogrado","url":"https:\/\/www.sestogrado.it\/it\/","logo":{"@type":"ImageObject","inLanguage":"it-IT","@id":"https:\/\/www.sestogrado.it\/it\/#\/schema\/logo\/image\/","url":"https:\/\/www.sestogrado.it\/wp-content\/uploads\/2015\/03\/sestogrado-favicon.png","contentUrl":"https:\/\/www.sestogrado.it\/wp-content\/uploads\/2015\/03\/sestogrado-favicon.png","width":260,"height":260,"caption":"Sestogrado"},"image":{"@id":"https:\/\/www.sestogrado.it\/it\/#\/schema\/logo\/image\/"},"sameAs":["https:\/\/www.facebook.com\/pages\/Sestogrado\/1542635979353017?ref=bookmarks","https:\/\/www.youtube.com\/channel\/UC847kAfTkaJsWpc1jtQwr3Q"],"hasMerchantReturnPolicy":{"@type":"MerchantReturnPolicy","merchantReturnLink":"https:\/\/www.sestogrado.it\/it\/termini-e-condizioni\/"}}]},"product_brand":"Grivel","og_availability":"instock","product_availability":"instock","product_condition":"new"},"_links":{"self":[{"href":"https:\/\/www.sestogrado.it\/it\/wp-json\/wp\/v2\/product\/217400","targetHints":{"allow":["GET"]}}],"collection":[{"href":"https:\/\/www.sestogrado.it\/it\/wp-json\/wp\/v2\/product"}],"about":[{"href":"https:\/\/www.sestogrado.it\/it\/wp-json\/wp\/v2\/types\/product"}],"replies":[{"embeddable":true,"href":"https:\/\/www.sestogrado.it\/it\/wp-json\/wp\/v2\/comments?post=217400"}],"wp:featuredmedia":[{"embeddable":true,"href":"https:\/\/www.sestogrado.it\/it\/wp-json\/wp\/v2\/media\/134259"}],"wp:attachment":[{"href":"https:\/\/www.sestogrado.it\/it\/wp-json\/wp\/v2\/media?parent=217400"}],"wp:term":[{"taxonomy":"product_brand","embeddable":true,"href":"https:\/\/www.sestogrado.it\/it\/wp-json\/wp\/v2\/product_brand?post=217400"},{"taxonomy":"product_cat","embeddable":true,"href":"https:\/\/www.sestogrado.it\/it\/wp-json\/wp\/v2\/product_cat?post=217400"},{"taxonomy":"product_tag","embeddable":true,"href":"https:\/\/www.sestogrado.it\/it\/wp-json\/wp\/v2\/product_tag?post=217400"}],"curies":[{"name":"wp","href":"https:\/\/api.w.org\/{rel}","templated":true}]}}