{"id":21728,"date":"2019-06-17T14:55:38","date_gmt":"2019-06-17T12:55:38","guid":{"rendered":"https:\/\/www.sestogrado.it\/?post_type=product&#038;p=21728"},"modified":"2025-08-21T20:52:52","modified_gmt":"2025-08-21T18:52:52","slug":"ct-climbing-technology-ypsilon-longe-asimmetrica","status":"publish","type":"product","link":"https:\/\/www.sestogrado.it\/it\/prodotto\/ct-climbing-technology-ypsilon-longe-asimmetrica\/","title":{"rendered":"CT Climbing Technology Ypsilon Longe asimmetrica"},"content":{"rendered":"<p>La CT Climbing Technology Ypsilon \u00e8 una longe asimmetrica realizzata in robusto PA da 16mm di spessore. E&#8217; dotata di due bracci di lunghezza diversa, uno da 30 ed uno da 60cm, per consentire una facile posizionamento su soste, frazionamenti, risalita su corda, longe di autoassicurazione in ferrate. Per le calate in corda doppia risulta particolarmente comoda per il collegamento di un ramo alla sosta e l&#8217;altro ramo al discensore.<\/p>\n<p>Fettuccia asimmetrica concepita come sistema di posizionamento a due misure (30 cm e 60 cm).<\/p>\n<p>Caratteristiche principali:<\/p>\n<ul>\n<li>ideale per la risalita e la discesa su fune e per il passaggio di frazionamenti;<\/li>\n<li>dotata di un innovativo anello (registered design) che facilita\u00a0la costruzione del nodo speciale di collegamento all\u2019imbracatura;<\/li>\n<li>realizzata in robusto PA da 16 mm;<\/li>\n<li>tenuta 22kN.<\/li>\n<\/ul>\n<p>In ambito alpinistico pu\u00f2 essere utilizzata per le seguenti manovre:<\/p>\n<ul>\n<li>autoassicurazione in sosta;<\/li>\n<li>discesa in corda doppia;<\/li>\n<li>risalita su corda;<\/li>\n<li>passaggio di frazionamenti in speleologia e torrentismo.<\/li>\n<\/ul>\n<p><strong>Attenzione!<\/strong>\u00a0La tenuta della longe \u00e8 di 22kN ed \u00e8 particolarmente forte, ma \u00e8 una fettuccia statica, <strong>non utilizzare come kit da via ferrata<\/strong> n\u00e9 come dispositivo di arresto cadute.<\/p>\n<p>&nbsp;<\/p>\n<p>CT Climbing Technology\u00a0progetta e produce\u00a0dispositivi innovativi per tutte discipline verticali concepiti per la sicurezza e la facilit\u00e0 d\u2019utilizzo. Pi\u00f9 di 30 anni \u00a0di esperienza hanno reso Climbing Technology un\u2019azienda capace di\u00a0percepire le richieste del mercato e tradurle in prodotti innovativi per l\u2019alpinismo, l\u2019arrampicata sportiva e la sicurezza del\u00a0lavoro in quota. I prodotti Climbing Technology sono un esempio concreto di esperienza italiana nella progettazione e produzione di\u00a0Dispositivi di Protezione Individuale\u00a0di alta qualit\u00e0. La diversificazione specializzata e la ricerca costante di materiali innovativi e di nuove tecniche di trasformazione sono indispensabili per il raggiungimento di nuovi traguardi: consentono di realizzare dispositivi che rispondano alle pi\u00f9 evolute esigenze tecniche e sportive.<\/p>","protected":false},"excerpt":{"rendered":"<p>La CT Climbing Technology Ypsilon \u00e8 una longe asimmetrica realizzata in robusto PA da 16mm di spessore. E&#8217; dotata di [&hellip;]<\/p>\n","protected":false},"featured_media":21729,"comment_status":"open","ping_status":"closed","template":"","meta":{"_acf_changed":false},"product_brand":[55],"product_cat":[137],"product_tag":[599],"class_list":{"0":"post-21728","1":"product","2":"type-product","3":"status-publish","4":"has-post-thumbnail","6":"product_brand-ct-climbing-technology","7":"product_cat-fettucce-e-cordini","8":"product_tag-fettuccia","10":"first","11":"instock","12":"sale","13":"taxable","14":"shipping-taxable","15":"purchasable","16":"product-type-simple"},"acf":[],"yoast_head":"<!-- This site is optimized with the Yoast SEO plugin v26.4 - https:\/\/yoast.com\/wordpress\/plugins\/seo\/ -->\n<title>CT Climbing Technology Ypsilon Longe asimmetrica - Sestogrado<\/title>\n<meta name=\"description\" content=\"La CT Climbing Technology Ypsilon \u00e8 una longe asimmetrica realizzata in robusto PA da 16mm di spessore. E&#039; dotata di due bracci di lunghezza diversa, uno da 30 ed uno da 60cm, per consentire una facile posizionamento su soste, frazionamenti, risalita su corda, ferrate. Per le calate in corda doppia.\" \/>\n<meta name=\"robots\" content=\"index, follow, max-snippet:-1, max-image-preview:large, max-video-preview:-1\" \/>\n<link rel=\"canonical\" href=\"https:\/\/www.sestogrado.it\/it\/prodotto\/ct-climbing-technology-ypsilon-longe-asimmetrica\/\" \/>\n<meta property=\"og:locale\" content=\"it_IT\" \/>\n<meta property=\"og:type\" content=\"article\" \/>\n<meta property=\"og:title\" content=\"CT Climbing Technology Ypsilon Longe asimmetrica - Sestogrado\" \/>\n<meta property=\"og:description\" content=\"La CT Climbing Technology Ypsilon \u00e8 una longe asimmetrica realizzata in robusto PA da 16mm di spessore. E&#039; dotata di due bracci di lunghezza diversa, uno da 30 ed uno da 60cm, per consentire una facile posizionamento su soste, frazionamenti, risalita su corda, ferrate. Per le calate in corda doppia.\" \/>\n<meta property=\"og:url\" content=\"https:\/\/www.sestogrado.it\/it\/prodotto\/ct-climbing-technology-ypsilon-longe-asimmetrica\/\" \/>\n<meta property=\"og:site_name\" content=\"Sestogrado\" \/>\n<meta property=\"article:publisher\" content=\"https:\/\/www.facebook.com\/pages\/Sestogrado\/1542635979353017?ref=bookmarks\" \/>\n<meta property=\"article:modified_time\" content=\"2025-08-21T18:52:52+00:00\" \/>\n<meta property=\"og:image\" content=\"https:\/\/www.sestogrado.it\/wp-content\/uploads\/2019\/06\/01-4.jpg\" \/>\n\t<meta property=\"og:image:width\" content=\"1200\" \/>\n\t<meta property=\"og:image:height\" content=\"1200\" \/>\n\t<meta property=\"og:image:type\" content=\"image\/jpeg\" \/>\n<meta name=\"twitter:label1\" content=\"Prezzo\" \/>\n\t<meta name=\"twitter:data1\" content=\"&euro;&nbsp;19,90\" \/>\n\t<meta name=\"twitter:label2\" content=\"Disponibilit\u00e0\" \/>\n\t<meta name=\"twitter:data2\" content=\"In stock\" \/>\n<script type=\"application\/ld+json\" class=\"yoast-schema-graph\">{\"@context\":\"https:\/\/schema.org\",\"@graph\":[{\"@type\":\"WebPage\",\"@id\":\"https:\/\/www.sestogrado.it\/it\/prodotto\/ct-climbing-technology-ypsilon-longe-asimmetrica\/\",\"url\":\"https:\/\/www.sestogrado.it\/it\/prodotto\/ct-climbing-technology-ypsilon-longe-asimmetrica\/\",\"name\":\"CT Climbing Technology Ypsilon Longe asimmetrica - Sestogrado\",\"isPartOf\":{\"@id\":\"https:\/\/www.sestogrado.it\/it\/#website\"},\"primaryImageOfPage\":{\"@id\":\"https:\/\/www.sestogrado.it\/it\/prodotto\/ct-climbing-technology-ypsilon-longe-asimmetrica\/#primaryimage\"},\"image\":{\"@id\":\"https:\/\/www.sestogrado.it\/prodotto\/ct-climbing-technology-ypsilon-longe-asimmetrica\/#primaryimage\"},\"thumbnailUrl\":\"https:\/\/www.sestogrado.it\/wp-content\/uploads\/2019\/06\/01-4.jpg\",\"datePublished\":\"2019-06-17T12:55:38+00:00\",\"dateModified\":\"2025-08-21T18:52:52+00:00\",\"description\":\"La CT Climbing Technology Ypsilon \u00e8 una longe asimmetrica realizzata in robusto PA da 16mm di spessore. E' dotata di due bracci di lunghezza diversa, uno da 30 ed uno da 60cm, per consentire una facile posizionamento su soste, frazionamenti, risalita su corda, ferrate. Per le calate in corda doppia.\",\"breadcrumb\":{\"@id\":\"https:\/\/www.sestogrado.it\/it\/prodotto\/ct-climbing-technology-ypsilon-longe-asimmetrica\/#breadcrumb\"},\"inLanguage\":\"it-IT\",\"potentialAction\":[{\"@type\":\"ReadAction\",\"target\":[[\"https:\/\/www.sestogrado.it\/it\/prodotto\/ct-climbing-technology-ypsilon-longe-asimmetrica\/\"]]}]},{\"@type\":\"ImageObject\",\"inLanguage\":\"it-IT\",\"@id\":\"https:\/\/www.sestogrado.it\/it\/prodotto\/ct-climbing-technology-ypsilon-longe-asimmetrica\/#primaryimage\",\"url\":\"https:\/\/www.sestogrado.it\/wp-content\/uploads\/2019\/06\/01-4.jpg\",\"contentUrl\":\"https:\/\/www.sestogrado.it\/wp-content\/uploads\/2019\/06\/01-4.jpg\",\"width\":1200,\"height\":1200,\"caption\":\"ct climbing technology ypsilon\"},{\"@type\":\"BreadcrumbList\",\"@id\":\"https:\/\/www.sestogrado.it\/it\/prodotto\/ct-climbing-technology-ypsilon-longe-asimmetrica\/#breadcrumb\",\"itemListElement\":[{\"@type\":\"ListItem\",\"position\":1,\"name\":\"Home\",\"item\":\"https:\/\/www.sestogrado.it\/it\/\"},{\"@type\":\"ListItem\",\"position\":2,\"name\":\"Shop\",\"item\":\"https:\/\/www.sestogrado.it\/it\/shop\/\"},{\"@type\":\"ListItem\",\"position\":3,\"name\":\"CT Climbing Technology Ypsilon Longe asimmetrica\"}]},{\"@type\":\"WebSite\",\"@id\":\"https:\/\/www.sestogrado.it\/it\/#website\",\"url\":\"https:\/\/www.sestogrado.it\/it\/\",\"name\":\"Sestogrado\",\"description\":\"yes we climb\",\"publisher\":{\"@id\":\"https:\/\/www.sestogrado.it\/it\/#organization\"},\"potentialAction\":[{\"@type\":\"SearchAction\",\"target\":{\"@type\":\"EntryPoint\",\"urlTemplate\":\"https:\/\/www.sestogrado.it\/it\/?s={search_term_string}\"},\"query-input\":{\"@type\":\"PropertyValueSpecification\",\"valueRequired\":true,\"valueName\":\"search_term_string\"}}],\"inLanguage\":\"it-IT\"},{\"@type\":\"Organization\",\"@id\":\"https:\/\/www.sestogrado.it\/it\/#organization\",\"name\":\"Sestogrado\",\"url\":\"https:\/\/www.sestogrado.it\/it\/\",\"logo\":{\"@type\":\"ImageObject\",\"inLanguage\":\"it-IT\",\"@id\":\"https:\/\/www.sestogrado.it\/it\/#\/schema\/logo\/image\/\",\"url\":\"https:\/\/www.sestogrado.it\/wp-content\/uploads\/2015\/03\/sestogrado-favicon.png\",\"contentUrl\":\"https:\/\/www.sestogrado.it\/wp-content\/uploads\/2015\/03\/sestogrado-favicon.png\",\"width\":260,\"height\":260,\"caption\":\"Sestogrado\"},\"image\":{\"@id\":\"https:\/\/www.sestogrado.it\/it\/#\/schema\/logo\/image\/\"},\"sameAs\":[\"https:\/\/www.facebook.com\/pages\/Sestogrado\/1542635979353017?ref=bookmarks\",\"https:\/\/www.youtube.com\/channel\/UC847kAfTkaJsWpc1jtQwr3Q\"],\"hasMerchantReturnPolicy\":{\"@type\":\"MerchantReturnPolicy\",\"merchantReturnLink\":\"https:\/\/www.sestogrado.it\/it\/termini-e-condizioni\/\"}}]}<\/script>\n<meta property=\"product:brand\" content=\"CT Climbing Technlogy\" \/>\n<meta property=\"product:price:amount\" content=\"19.90\" \/>\n<meta property=\"product:price:currency\" content=\"EUR\" \/>\n<meta property=\"og:availability\" content=\"instock\" \/>\n<meta property=\"product:availability\" content=\"instock\" \/>\n<meta property=\"product:condition\" content=\"new\" \/>\n<!-- \/ Yoast SEO plugin. -->","yoast_head_json":{"title":"CT Climbing Technology Ypsilon Longe asimmetrica - Sestogrado","description":"La CT Climbing Technology Ypsilon \u00e8 una longe asimmetrica realizzata in robusto PA da 16mm di spessore. E' dotata di due bracci di lunghezza diversa, uno da 30 ed uno da 60cm, per consentire una facile posizionamento su soste, frazionamenti, risalita su corda, ferrate. Per le calate in corda doppia.","robots":{"index":"index","follow":"follow","max-snippet":"max-snippet:-1","max-image-preview":"max-image-preview:large","max-video-preview":"max-video-preview:-1"},"canonical":"https:\/\/www.sestogrado.it\/it\/prodotto\/ct-climbing-technology-ypsilon-longe-asimmetrica\/","og_locale":"it_IT","og_type":"article","og_title":"CT Climbing Technology Ypsilon Longe asimmetrica - Sestogrado","og_description":"La CT Climbing Technology Ypsilon \u00e8 una longe asimmetrica realizzata in robusto PA da 16mm di spessore. E' dotata di due bracci di lunghezza diversa, uno da 30 ed uno da 60cm, per consentire una facile posizionamento su soste, frazionamenti, risalita su corda, ferrate. Per le calate in corda doppia.","og_url":"https:\/\/www.sestogrado.it\/it\/prodotto\/ct-climbing-technology-ypsilon-longe-asimmetrica\/","og_site_name":"Sestogrado","article_publisher":"https:\/\/www.facebook.com\/pages\/Sestogrado\/1542635979353017?ref=bookmarks","article_modified_time":"2025-08-21T18:52:52+00:00","og_image":[{"width":1200,"height":1200,"url":"https:\/\/www.sestogrado.it\/wp-content\/uploads\/2019\/06\/01-4.jpg","type":"image\/jpeg"}],"twitter_misc":{"Prezzo":"&euro;&nbsp;19,90","Disponibilit\u00e0":"In stock"},"schema":{"@context":"https:\/\/schema.org","@graph":[{"@type":"WebPage","@id":"https:\/\/www.sestogrado.it\/it\/prodotto\/ct-climbing-technology-ypsilon-longe-asimmetrica\/","url":"https:\/\/www.sestogrado.it\/it\/prodotto\/ct-climbing-technology-ypsilon-longe-asimmetrica\/","name":"CT Climbing Technology Ypsilon Longe asimmetrica - Sestogrado","isPartOf":{"@id":"https:\/\/www.sestogrado.it\/it\/#website"},"primaryImageOfPage":{"@id":"https:\/\/www.sestogrado.it\/it\/prodotto\/ct-climbing-technology-ypsilon-longe-asimmetrica\/#primaryimage"},"image":{"@id":"https:\/\/www.sestogrado.it\/prodotto\/ct-climbing-technology-ypsilon-longe-asimmetrica\/#primaryimage"},"thumbnailUrl":"https:\/\/www.sestogrado.it\/wp-content\/uploads\/2019\/06\/01-4.jpg","datePublished":"2019-06-17T12:55:38+00:00","dateModified":"2025-08-21T18:52:52+00:00","description":"La CT Climbing Technology Ypsilon \u00e8 una longe asimmetrica realizzata in robusto PA da 16mm di spessore. E' dotata di due bracci di lunghezza diversa, uno da 30 ed uno da 60cm, per consentire una facile posizionamento su soste, frazionamenti, risalita su corda, ferrate. Per le calate in corda doppia.","breadcrumb":{"@id":"https:\/\/www.sestogrado.it\/it\/prodotto\/ct-climbing-technology-ypsilon-longe-asimmetrica\/#breadcrumb"},"inLanguage":"it-IT","potentialAction":[{"@type":"ReadAction","target":[["https:\/\/www.sestogrado.it\/it\/prodotto\/ct-climbing-technology-ypsilon-longe-asimmetrica\/"]]}]},{"@type":"ImageObject","inLanguage":"it-IT","@id":"https:\/\/www.sestogrado.it\/it\/prodotto\/ct-climbing-technology-ypsilon-longe-asimmetrica\/#primaryimage","url":"https:\/\/www.sestogrado.it\/wp-content\/uploads\/2019\/06\/01-4.jpg","contentUrl":"https:\/\/www.sestogrado.it\/wp-content\/uploads\/2019\/06\/01-4.jpg","width":1200,"height":1200,"caption":"ct climbing technology ypsilon"},{"@type":"BreadcrumbList","@id":"https:\/\/www.sestogrado.it\/it\/prodotto\/ct-climbing-technology-ypsilon-longe-asimmetrica\/#breadcrumb","itemListElement":[{"@type":"ListItem","position":1,"name":"Home","item":"https:\/\/www.sestogrado.it\/it\/"},{"@type":"ListItem","position":2,"name":"Shop","item":"https:\/\/www.sestogrado.it\/it\/shop\/"},{"@type":"ListItem","position":3,"name":"CT Climbing Technology Ypsilon Longe asimmetrica"}]},{"@type":"WebSite","@id":"https:\/\/www.sestogrado.it\/it\/#website","url":"https:\/\/www.sestogrado.it\/it\/","name":"Sestogrado","description":"yes we climb","publisher":{"@id":"https:\/\/www.sestogrado.it\/it\/#organization"},"potentialAction":[{"@type":"SearchAction","target":{"@type":"EntryPoint","urlTemplate":"https:\/\/www.sestogrado.it\/it\/?s={search_term_string}"},"query-input":{"@type":"PropertyValueSpecification","valueRequired":true,"valueName":"search_term_string"}}],"inLanguage":"it-IT"},{"@type":"Organization","@id":"https:\/\/www.sestogrado.it\/it\/#organization","name":"Sestogrado","url":"https:\/\/www.sestogrado.it\/it\/","logo":{"@type":"ImageObject","inLanguage":"it-IT","@id":"https:\/\/www.sestogrado.it\/it\/#\/schema\/logo\/image\/","url":"https:\/\/www.sestogrado.it\/wp-content\/uploads\/2015\/03\/sestogrado-favicon.png","contentUrl":"https:\/\/www.sestogrado.it\/wp-content\/uploads\/2015\/03\/sestogrado-favicon.png","width":260,"height":260,"caption":"Sestogrado"},"image":{"@id":"https:\/\/www.sestogrado.it\/it\/#\/schema\/logo\/image\/"},"sameAs":["https:\/\/www.facebook.com\/pages\/Sestogrado\/1542635979353017?ref=bookmarks","https:\/\/www.youtube.com\/channel\/UC847kAfTkaJsWpc1jtQwr3Q"],"hasMerchantReturnPolicy":{"@type":"MerchantReturnPolicy","merchantReturnLink":"https:\/\/www.sestogrado.it\/it\/termini-e-condizioni\/"}}]},"product_brand":"CT Climbing Technlogy","product_price_amount":"19.90","product_price_currency":"EUR","og_availability":"instock","product_availability":"instock","product_condition":"new"},"_links":{"self":[{"href":"https:\/\/www.sestogrado.it\/it\/wp-json\/wp\/v2\/product\/21728","targetHints":{"allow":["GET"]}}],"collection":[{"href":"https:\/\/www.sestogrado.it\/it\/wp-json\/wp\/v2\/product"}],"about":[{"href":"https:\/\/www.sestogrado.it\/it\/wp-json\/wp\/v2\/types\/product"}],"replies":[{"embeddable":true,"href":"https:\/\/www.sestogrado.it\/it\/wp-json\/wp\/v2\/comments?post=21728"}],"wp:featuredmedia":[{"embeddable":true,"href":"https:\/\/www.sestogrado.it\/it\/wp-json\/wp\/v2\/media\/21729"}],"wp:attachment":[{"href":"https:\/\/www.sestogrado.it\/it\/wp-json\/wp\/v2\/media?parent=21728"}],"wp:term":[{"taxonomy":"product_brand","embeddable":true,"href":"https:\/\/www.sestogrado.it\/it\/wp-json\/wp\/v2\/product_brand?post=21728"},{"taxonomy":"product_cat","embeddable":true,"href":"https:\/\/www.sestogrado.it\/it\/wp-json\/wp\/v2\/product_cat?post=21728"},{"taxonomy":"product_tag","embeddable":true,"href":"https:\/\/www.sestogrado.it\/it\/wp-json\/wp\/v2\/product_tag?post=21728"}],"curies":[{"name":"wp","href":"https:\/\/api.w.org\/{rel}","templated":true}]}}