{"id":21657,"date":"2019-06-12T11:09:40","date_gmt":"2019-06-12T09:09:40","guid":{"rendered":"https:\/\/www.sestogrado.it\/?post_type=product&#038;p=21657"},"modified":"2026-02-06T17:51:41","modified_gmt":"2026-02-06T16:51:41","slug":"camp-cassin-blade-runner-alpine-punte-frontali","status":"publish","type":"product","link":"https:\/\/www.sestogrado.it\/it\/prodotto\/camp-cassin-blade-runner-alpine-punte-frontali\/","title":{"rendered":"Camp Cassin Blade Runner Alpine punte frontali"},"content":{"rendered":"<p>I Camp Cassin Blade Runner sono dei ramponi da ghiaccio estremamente polivalenti. Con le Punte Frontali Alpine, il rampone <a href=\"https:\/\/www.sestogrado.it\/it\/prodotto\/cassin-blade-runner-ramponi\/\" target=\"_blank\" rel=\"noopener noreferrer\">Blade Runner<\/a> diventa ideale per la progressione su nevai e ghiacciai su neve dura, canali, pareti nord.\u00a0Il Blade Runner, grazie alla sua struttura rivoluzionaria, \u00e8 soprattutto il primo rampone al mondo ad unire la stabilit\u00e0 e l\u2019efficacia dei ramponi a struttura verticale con la precisione, la versatilit\u00e0 e la facilit\u00e0 di regolazione, nonch\u00e9 la compattabilit\u00e0, di quelli a struttura orizzontale.<\/p>\n<p>I ramponi Camp Cassin Blade Runner, di default, montano la punta singola per cascate di ghiaccio, a cui si pu\u00f2 aggiungere un&#8217;altra punta, sempre sottile, in dotazione al rampone. Se si vuole proseguire su nevai classici, \u00e8 sufficiente rimuovere le punte lunghe ed utilizzare le due punte corte incorporate nel telaio al NiCrMo.<\/p>\n<p>Il design a scalpello con bisellatura su tre lati delle punte Alpine, le rende ideali per penetrare in neve dura su terreni di misto, pareti nord.<\/p>\n<p>Fornite in coppia.<\/p>\n<p>&nbsp;<\/p>","protected":false},"excerpt":{"rendered":"<p>I Camp Cassin Blade Runner sono dei ramponi da ghiaccio estremamente polivalenti. Con le Punte Frontali Alpine, il rampone Blade [&hellip;]<\/p>\n","protected":false},"featured_media":21658,"comment_status":"open","ping_status":"closed","template":"","meta":{"_acf_changed":false},"product_brand":[31],"product_cat":[514],"product_tag":[],"class_list":{"0":"post-21657","1":"product","2":"type-product","3":"status-publish","4":"has-post-thumbnail","6":"product_brand-camp","7":"product_cat-ricambi","9":"first","10":"instock","11":"sale","12":"taxable","13":"shipping-taxable","14":"purchasable","15":"product-type-simple"},"acf":[],"yoast_head":"<!-- This site is optimized with the Yoast SEO plugin v26.4 - https:\/\/yoast.com\/wordpress\/plugins\/seo\/ -->\n<title>Camp Cassin Blade Runner Alpine punte frontali - Sestogrado<\/title>\n<meta name=\"description\" content=\"I Cassin Blade Runner sono dei ramponi da ghiaccio estremamente polivalenti. Con le Punte Frontali Alpine, il rampone Blade Runner diventa ideale per la progressione su nevai e ghiacciai su neve dura, canali, pareti nord.\u00a0Il Blade Runner \u00e8 il primo rampone al mondo ad unire la stabilit\u00e0 alla polivalenza.\" \/>\n<meta name=\"robots\" content=\"index, follow, max-snippet:-1, max-image-preview:large, max-video-preview:-1\" \/>\n<link rel=\"canonical\" href=\"https:\/\/www.sestogrado.it\/it\/prodotto\/camp-cassin-blade-runner-alpine-punte-frontali\/\" \/>\n<meta property=\"og:locale\" content=\"it_IT\" \/>\n<meta property=\"og:type\" content=\"article\" \/>\n<meta property=\"og:title\" content=\"Camp Cassin Blade Runner Alpine punte frontali - Sestogrado\" \/>\n<meta property=\"og:description\" content=\"I Cassin Blade Runner sono dei ramponi da ghiaccio estremamente polivalenti. Con le Punte Frontali Alpine, il rampone Blade Runner diventa ideale per la progressione su nevai e ghiacciai su neve dura, canali, pareti nord.\u00a0Il Blade Runner \u00e8 il primo rampone al mondo ad unire la stabilit\u00e0 alla polivalenza.\" \/>\n<meta property=\"og:url\" content=\"https:\/\/www.sestogrado.it\/it\/prodotto\/camp-cassin-blade-runner-alpine-punte-frontali\/\" \/>\n<meta property=\"og:site_name\" content=\"Sestogrado\" \/>\n<meta property=\"article:publisher\" content=\"https:\/\/www.facebook.com\/pages\/Sestogrado\/1542635979353017?ref=bookmarks\" \/>\n<meta property=\"article:modified_time\" content=\"2026-02-06T16:51:41+00:00\" \/>\n<meta property=\"og:image\" content=\"https:\/\/www.sestogrado.it\/wp-content\/uploads\/2019\/06\/alpine.jpg\" \/>\n\t<meta property=\"og:image:width\" content=\"1000\" \/>\n\t<meta property=\"og:image:height\" content=\"1000\" \/>\n\t<meta property=\"og:image:type\" content=\"image\/jpeg\" \/>\n<meta name=\"twitter:label1\" content=\"Prezzo\" \/>\n\t<meta name=\"twitter:data1\" content=\"&euro;&nbsp;28,90\" \/>\n\t<meta name=\"twitter:label2\" content=\"Disponibilit\u00e0\" \/>\n\t<meta name=\"twitter:data2\" content=\"In stock\" \/>\n<script type=\"application\/ld+json\" class=\"yoast-schema-graph\">{\"@context\":\"https:\/\/schema.org\",\"@graph\":[{\"@type\":\"WebPage\",\"@id\":\"https:\/\/www.sestogrado.it\/it\/prodotto\/camp-cassin-blade-runner-alpine-punte-frontali\/\",\"url\":\"https:\/\/www.sestogrado.it\/it\/prodotto\/camp-cassin-blade-runner-alpine-punte-frontali\/\",\"name\":\"Camp Cassin Blade Runner Alpine punte frontali - Sestogrado\",\"isPartOf\":{\"@id\":\"https:\/\/www.sestogrado.it\/it\/#website\"},\"primaryImageOfPage\":{\"@id\":\"https:\/\/www.sestogrado.it\/it\/prodotto\/camp-cassin-blade-runner-alpine-punte-frontali\/#primaryimage\"},\"image\":{\"@id\":\"https:\/\/www.sestogrado.it\/prodotto\/camp-cassin-blade-runner-alpine-punte-frontali\/#primaryimage\"},\"thumbnailUrl\":\"https:\/\/www.sestogrado.it\/wp-content\/uploads\/2019\/06\/alpine.jpg\",\"datePublished\":\"2019-06-12T09:09:40+00:00\",\"dateModified\":\"2026-02-06T16:51:41+00:00\",\"description\":\"I Cassin Blade Runner sono dei ramponi da ghiaccio estremamente polivalenti. Con le Punte Frontali Alpine, il rampone Blade Runner diventa ideale per la progressione su nevai e ghiacciai su neve dura, canali, pareti nord.\u00a0Il Blade Runner \u00e8 il primo rampone al mondo ad unire la stabilit\u00e0 alla polivalenza.\",\"breadcrumb\":{\"@id\":\"https:\/\/www.sestogrado.it\/it\/prodotto\/camp-cassin-blade-runner-alpine-punte-frontali\/#breadcrumb\"},\"inLanguage\":\"it-IT\",\"potentialAction\":[{\"@type\":\"ReadAction\",\"target\":[[\"https:\/\/www.sestogrado.it\/it\/prodotto\/camp-cassin-blade-runner-alpine-punte-frontali\/\"]]}]},{\"@type\":\"ImageObject\",\"inLanguage\":\"it-IT\",\"@id\":\"https:\/\/www.sestogrado.it\/it\/prodotto\/camp-cassin-blade-runner-alpine-punte-frontali\/#primaryimage\",\"url\":\"https:\/\/www.sestogrado.it\/wp-content\/uploads\/2019\/06\/alpine.jpg\",\"contentUrl\":\"https:\/\/www.sestogrado.it\/wp-content\/uploads\/2019\/06\/alpine.jpg\",\"width\":1000,\"height\":1000,\"caption\":\"cassin alpine blade runner\"},{\"@type\":\"BreadcrumbList\",\"@id\":\"https:\/\/www.sestogrado.it\/it\/prodotto\/camp-cassin-blade-runner-alpine-punte-frontali\/#breadcrumb\",\"itemListElement\":[{\"@type\":\"ListItem\",\"position\":1,\"name\":\"Home\",\"item\":\"https:\/\/www.sestogrado.it\/it\/\"},{\"@type\":\"ListItem\",\"position\":2,\"name\":\"Shop\",\"item\":\"https:\/\/www.sestogrado.it\/it\/shop\/\"},{\"@type\":\"ListItem\",\"position\":3,\"name\":\"Camp Cassin Blade Runner Alpine punte frontali\"}]},{\"@type\":\"WebSite\",\"@id\":\"https:\/\/www.sestogrado.it\/it\/#website\",\"url\":\"https:\/\/www.sestogrado.it\/it\/\",\"name\":\"Sestogrado\",\"description\":\"yes we climb\",\"publisher\":{\"@id\":\"https:\/\/www.sestogrado.it\/it\/#organization\"},\"potentialAction\":[{\"@type\":\"SearchAction\",\"target\":{\"@type\":\"EntryPoint\",\"urlTemplate\":\"https:\/\/www.sestogrado.it\/it\/?s={search_term_string}\"},\"query-input\":{\"@type\":\"PropertyValueSpecification\",\"valueRequired\":true,\"valueName\":\"search_term_string\"}}],\"inLanguage\":\"it-IT\"},{\"@type\":\"Organization\",\"@id\":\"https:\/\/www.sestogrado.it\/it\/#organization\",\"name\":\"Sestogrado\",\"url\":\"https:\/\/www.sestogrado.it\/it\/\",\"logo\":{\"@type\":\"ImageObject\",\"inLanguage\":\"it-IT\",\"@id\":\"https:\/\/www.sestogrado.it\/it\/#\/schema\/logo\/image\/\",\"url\":\"https:\/\/www.sestogrado.it\/wp-content\/uploads\/2015\/03\/sestogrado-favicon.png\",\"contentUrl\":\"https:\/\/www.sestogrado.it\/wp-content\/uploads\/2015\/03\/sestogrado-favicon.png\",\"width\":260,\"height\":260,\"caption\":\"Sestogrado\"},\"image\":{\"@id\":\"https:\/\/www.sestogrado.it\/it\/#\/schema\/logo\/image\/\"},\"sameAs\":[\"https:\/\/www.facebook.com\/pages\/Sestogrado\/1542635979353017?ref=bookmarks\",\"https:\/\/www.youtube.com\/channel\/UC847kAfTkaJsWpc1jtQwr3Q\"],\"hasMerchantReturnPolicy\":{\"@type\":\"MerchantReturnPolicy\",\"merchantReturnLink\":\"https:\/\/www.sestogrado.it\/it\/termini-e-condizioni\/\"}}]}<\/script>\n<meta property=\"product:brand\" content=\"Camp\" \/>\n<meta property=\"product:price:amount\" content=\"28.90\" \/>\n<meta property=\"product:price:currency\" content=\"EUR\" \/>\n<meta property=\"og:availability\" content=\"instock\" \/>\n<meta property=\"product:availability\" content=\"instock\" \/>\n<meta property=\"product:condition\" content=\"new\" \/>\n<!-- \/ Yoast SEO plugin. -->","yoast_head_json":{"title":"Camp Cassin Blade Runner Alpine punte frontali - Sestogrado","description":"I Cassin Blade Runner sono dei ramponi da ghiaccio estremamente polivalenti. Con le Punte Frontali Alpine, il rampone Blade Runner diventa ideale per la progressione su nevai e ghiacciai su neve dura, canali, pareti nord.\u00a0Il Blade Runner \u00e8 il primo rampone al mondo ad unire la stabilit\u00e0 alla polivalenza.","robots":{"index":"index","follow":"follow","max-snippet":"max-snippet:-1","max-image-preview":"max-image-preview:large","max-video-preview":"max-video-preview:-1"},"canonical":"https:\/\/www.sestogrado.it\/it\/prodotto\/camp-cassin-blade-runner-alpine-punte-frontali\/","og_locale":"it_IT","og_type":"article","og_title":"Camp Cassin Blade Runner Alpine punte frontali - Sestogrado","og_description":"I Cassin Blade Runner sono dei ramponi da ghiaccio estremamente polivalenti. Con le Punte Frontali Alpine, il rampone Blade Runner diventa ideale per la progressione su nevai e ghiacciai su neve dura, canali, pareti nord.\u00a0Il Blade Runner \u00e8 il primo rampone al mondo ad unire la stabilit\u00e0 alla polivalenza.","og_url":"https:\/\/www.sestogrado.it\/it\/prodotto\/camp-cassin-blade-runner-alpine-punte-frontali\/","og_site_name":"Sestogrado","article_publisher":"https:\/\/www.facebook.com\/pages\/Sestogrado\/1542635979353017?ref=bookmarks","article_modified_time":"2026-02-06T16:51:41+00:00","og_image":[{"width":1000,"height":1000,"url":"https:\/\/www.sestogrado.it\/wp-content\/uploads\/2019\/06\/alpine.jpg","type":"image\/jpeg"}],"twitter_misc":{"Prezzo":"&euro;&nbsp;28,90","Disponibilit\u00e0":"In stock"},"schema":{"@context":"https:\/\/schema.org","@graph":[{"@type":"WebPage","@id":"https:\/\/www.sestogrado.it\/it\/prodotto\/camp-cassin-blade-runner-alpine-punte-frontali\/","url":"https:\/\/www.sestogrado.it\/it\/prodotto\/camp-cassin-blade-runner-alpine-punte-frontali\/","name":"Camp Cassin Blade Runner Alpine punte frontali - Sestogrado","isPartOf":{"@id":"https:\/\/www.sestogrado.it\/it\/#website"},"primaryImageOfPage":{"@id":"https:\/\/www.sestogrado.it\/it\/prodotto\/camp-cassin-blade-runner-alpine-punte-frontali\/#primaryimage"},"image":{"@id":"https:\/\/www.sestogrado.it\/prodotto\/camp-cassin-blade-runner-alpine-punte-frontali\/#primaryimage"},"thumbnailUrl":"https:\/\/www.sestogrado.it\/wp-content\/uploads\/2019\/06\/alpine.jpg","datePublished":"2019-06-12T09:09:40+00:00","dateModified":"2026-02-06T16:51:41+00:00","description":"I Cassin Blade Runner sono dei ramponi da ghiaccio estremamente polivalenti. Con le Punte Frontali Alpine, il rampone Blade Runner diventa ideale per la progressione su nevai e ghiacciai su neve dura, canali, pareti nord.\u00a0Il Blade Runner \u00e8 il primo rampone al mondo ad unire la stabilit\u00e0 alla polivalenza.","breadcrumb":{"@id":"https:\/\/www.sestogrado.it\/it\/prodotto\/camp-cassin-blade-runner-alpine-punte-frontali\/#breadcrumb"},"inLanguage":"it-IT","potentialAction":[{"@type":"ReadAction","target":[["https:\/\/www.sestogrado.it\/it\/prodotto\/camp-cassin-blade-runner-alpine-punte-frontali\/"]]}]},{"@type":"ImageObject","inLanguage":"it-IT","@id":"https:\/\/www.sestogrado.it\/it\/prodotto\/camp-cassin-blade-runner-alpine-punte-frontali\/#primaryimage","url":"https:\/\/www.sestogrado.it\/wp-content\/uploads\/2019\/06\/alpine.jpg","contentUrl":"https:\/\/www.sestogrado.it\/wp-content\/uploads\/2019\/06\/alpine.jpg","width":1000,"height":1000,"caption":"cassin alpine blade runner"},{"@type":"BreadcrumbList","@id":"https:\/\/www.sestogrado.it\/it\/prodotto\/camp-cassin-blade-runner-alpine-punte-frontali\/#breadcrumb","itemListElement":[{"@type":"ListItem","position":1,"name":"Home","item":"https:\/\/www.sestogrado.it\/it\/"},{"@type":"ListItem","position":2,"name":"Shop","item":"https:\/\/www.sestogrado.it\/it\/shop\/"},{"@type":"ListItem","position":3,"name":"Camp Cassin Blade Runner Alpine punte frontali"}]},{"@type":"WebSite","@id":"https:\/\/www.sestogrado.it\/it\/#website","url":"https:\/\/www.sestogrado.it\/it\/","name":"Sestogrado","description":"yes we climb","publisher":{"@id":"https:\/\/www.sestogrado.it\/it\/#organization"},"potentialAction":[{"@type":"SearchAction","target":{"@type":"EntryPoint","urlTemplate":"https:\/\/www.sestogrado.it\/it\/?s={search_term_string}"},"query-input":{"@type":"PropertyValueSpecification","valueRequired":true,"valueName":"search_term_string"}}],"inLanguage":"it-IT"},{"@type":"Organization","@id":"https:\/\/www.sestogrado.it\/it\/#organization","name":"Sestogrado","url":"https:\/\/www.sestogrado.it\/it\/","logo":{"@type":"ImageObject","inLanguage":"it-IT","@id":"https:\/\/www.sestogrado.it\/it\/#\/schema\/logo\/image\/","url":"https:\/\/www.sestogrado.it\/wp-content\/uploads\/2015\/03\/sestogrado-favicon.png","contentUrl":"https:\/\/www.sestogrado.it\/wp-content\/uploads\/2015\/03\/sestogrado-favicon.png","width":260,"height":260,"caption":"Sestogrado"},"image":{"@id":"https:\/\/www.sestogrado.it\/it\/#\/schema\/logo\/image\/"},"sameAs":["https:\/\/www.facebook.com\/pages\/Sestogrado\/1542635979353017?ref=bookmarks","https:\/\/www.youtube.com\/channel\/UC847kAfTkaJsWpc1jtQwr3Q"],"hasMerchantReturnPolicy":{"@type":"MerchantReturnPolicy","merchantReturnLink":"https:\/\/www.sestogrado.it\/it\/termini-e-condizioni\/"}}]},"product_brand":"Camp","product_price_amount":"28.90","product_price_currency":"EUR","og_availability":"instock","product_availability":"instock","product_condition":"new"},"_links":{"self":[{"href":"https:\/\/www.sestogrado.it\/it\/wp-json\/wp\/v2\/product\/21657","targetHints":{"allow":["GET"]}}],"collection":[{"href":"https:\/\/www.sestogrado.it\/it\/wp-json\/wp\/v2\/product"}],"about":[{"href":"https:\/\/www.sestogrado.it\/it\/wp-json\/wp\/v2\/types\/product"}],"replies":[{"embeddable":true,"href":"https:\/\/www.sestogrado.it\/it\/wp-json\/wp\/v2\/comments?post=21657"}],"wp:featuredmedia":[{"embeddable":true,"href":"https:\/\/www.sestogrado.it\/it\/wp-json\/wp\/v2\/media\/21658"}],"wp:attachment":[{"href":"https:\/\/www.sestogrado.it\/it\/wp-json\/wp\/v2\/media?parent=21657"}],"wp:term":[{"taxonomy":"product_brand","embeddable":true,"href":"https:\/\/www.sestogrado.it\/it\/wp-json\/wp\/v2\/product_brand?post=21657"},{"taxonomy":"product_cat","embeddable":true,"href":"https:\/\/www.sestogrado.it\/it\/wp-json\/wp\/v2\/product_cat?post=21657"},{"taxonomy":"product_tag","embeddable":true,"href":"https:\/\/www.sestogrado.it\/it\/wp-json\/wp\/v2\/product_tag?post=21657"}],"curies":[{"name":"wp","href":"https:\/\/api.w.org\/{rel}","templated":true}]}}