{"id":216324,"date":"2026-04-23T11:50:37","date_gmt":"2026-04-23T09:50:37","guid":{"rendered":"https:\/\/www.sestogrado.it\/?post_type=product&#038;p=216324"},"modified":"2026-04-23T11:50:37","modified_gmt":"2026-04-23T09:50:37","slug":"ferrino-gecko-28-zaino-da-trekking","status":"publish","type":"product","link":"https:\/\/www.sestogrado.it\/it\/prodotto\/ferrino-gecko-28-zaino-da-trekking\/","title":{"rendered":"Ferrino Gecko 28 zaino da trekking"},"content":{"rendered":"<p><\/p>\n<p data-start=\"134\" data-end=\"398\">Il Ferrino Gecko 28 \u00e8 lo zaino tecnico ideale per escursioni di medio raggio e attivit\u00e0 outdoor dinamiche, dove capacit\u00e0, comfort e ventilazione fanno la differenza. Rispetto ai modelli pi\u00f9 compatti, offre maggiore volume senza compromettere leggerezza e performance.<\/p>\n<p data-start=\"400\" data-end=\"762\">Realizzato in resistente Nylon 210D Hexagonal, \u00e8 progettato per garantire durata e affidabilit\u00e0 anche su terreni impegnativi. Il sistema dorsale <strong data-start=\"545\" data-end=\"563\">Dry Net System<\/strong> assicura un\u2019eccellente aerazione grazie alla rete distanziatrice, mentre il bastino in acciaio flessibile ottimizza la distribuzione del carico, migliorando stabilit\u00e0 e comfort anche a pieno carico.<\/p>\n<p data-start=\"764\" data-end=\"1022\">Gli spallacci e la cintura a vita con tecnologia <strong data-start=\"813\" data-end=\"835\">Hollow Back System<\/strong> favoriscono una traspirazione avanzata, grazie a imbottiture con canali di aerazione e tessuto reticolare ad alta ventilazione: una soluzione ideale per trekking intensi e uscite in MTB.<\/p>\n<p data-start=\"1024\" data-end=\"1370\">L\u2019organizzazione degli spazi \u00e8 studiata per la massima funzionalit\u00e0: tasche laterali in rete, tasca frontale, tasca di sicurezza con portachiavi, vano porta raincover ad accesso rapido, tasche sulla fascia vita e tasca interna sul dorso. Il volume da 28 litri consente di gestire al meglio equipaggiamento e accessori anche per uscite pi\u00f9 lunghe.<\/p>\n<p data-start=\"1372\" data-end=\"1624\">Completano la dotazione tecnica: copri zaino incluso, porta bastoncini, compatibilit\u00e0 con sistema di idratazione H2 Bag, asole porta casco e predisposizione Helmet Holder, passante per luce di sicurezza e cinturino pettorale con fischietto d\u2019emergenza.<\/p>\n<ul>\n<li><strong>Tessuti<\/strong>: Nylon 210D Hexagonal<\/li>\n<li><strong>Dorso<\/strong>: Dorso con sistema &#8220;Dry Net System&#8221;: il bastino in acciaio flessibile, permette una perfetta distribuzione del carico e garantisce un elevato livello di aerazione tensionando la rete che separa lo zaino dalla schiena dell&#8217;utilizzatore. | Spallacci e cintura a vita con &#8220;Hollow Back System&#8221;: una traspirazione eccellente grazie all&#8217;abbinamento di imbottiture con canali di aerazione e tessuto reticolare super traspirante.<\/li>\n<li><strong>Tasche<\/strong>: Laterali in rete. | Frontale | Di sicurezza in rete con portachiavi | Porta raincover (posizionata nella parte superiore dello zaino, garantisce un accesso rapido e immediato al coprizaino, ideale per proteggere il contenuto durante improvvisi cambiamenti climatici | Sulla fascia vita. | Interna sul dorso<\/li>\n<li><strong>Accessori<\/strong>: Copri zaino | Porta bastoncini | Compatibile con il sistema di idratazione H2 Bag | Asole porta casco | Compatibile con &#8220;Helmet Holder&#8221; | Passante posteriore per la luce di sicurezza | Cinturino pettorale con fischietto d&#8217;emergenza<\/li>\n<\/ul>\n<p>&nbsp;<\/p>\n<p>Perfetto per chi cerca uno zaino pi\u00f9 capiente ma sempre compatto e performante, il Gecko 28 \u00e8 la scelta ideale per affrontare ogni avventura con efficienza e controllo.<\/p>","protected":false},"excerpt":{"rendered":"<p>Il Ferrino Gecko 28 \u00e8 lo zaino tecnico ideale per escursioni di medio raggio e attivit\u00e0 outdoor dinamiche, dove capacit\u00e0, [&hellip;]<\/p>\n","protected":false},"featured_media":216325,"comment_status":"open","ping_status":"closed","template":"","meta":{"_acf_changed":false},"product_brand":[614],"product_cat":[1432],"product_tag":[],"class_list":{"0":"post-216324","1":"product","2":"type-product","3":"status-publish","4":"has-post-thumbnail","6":"product_brand-ferrino","7":"product_cat-escursionismo","9":"first","10":"instock","11":"sale","12":"taxable","13":"shipping-taxable","14":"purchasable","15":"product-type-variable"},"acf":[],"yoast_head":"<!-- This site is optimized with the Yoast SEO plugin v26.4 - https:\/\/yoast.com\/wordpress\/plugins\/seo\/ -->\n<title>Ferrino Gecko 28 zaino da trekking - Sestogrado<\/title>\n<meta name=\"description\" content=\"Zaino Ferrino Gecko 28 leggero e ventilato, ideale per trekking e MTB. Maggiore capacit\u00e0, Dry Net System e comfort ergonomico per uscite pi\u00f9 lunghe.\" \/>\n<meta name=\"robots\" content=\"index, follow, max-snippet:-1, max-image-preview:large, max-video-preview:-1\" \/>\n<link rel=\"canonical\" href=\"https:\/\/www.sestogrado.it\/it\/prodotto\/ferrino-gecko-28-zaino-da-trekking\/\" \/>\n<meta property=\"og:locale\" content=\"it_IT\" \/>\n<meta property=\"og:type\" content=\"article\" \/>\n<meta property=\"og:title\" content=\"Ferrino Gecko 28 zaino da trekking - Sestogrado\" \/>\n<meta property=\"og:description\" content=\"Zaino Ferrino Gecko 28 leggero e ventilato, ideale per trekking e MTB. Maggiore capacit\u00e0, Dry Net System e comfort ergonomico per uscite pi\u00f9 lunghe.\" \/>\n<meta property=\"og:url\" content=\"https:\/\/www.sestogrado.it\/it\/prodotto\/ferrino-gecko-28-zaino-da-trekking\/\" \/>\n<meta property=\"og:site_name\" content=\"Sestogrado\" \/>\n<meta property=\"article:publisher\" content=\"https:\/\/www.facebook.com\/pages\/Sestogrado\/1542635979353017?ref=bookmarks\" \/>\n<meta property=\"og:image\" content=\"https:\/\/www.sestogrado.it\/wp-content\/uploads\/2026\/04\/01-8.jpg\" \/>\n\t<meta property=\"og:image:width\" content=\"1000\" \/>\n\t<meta property=\"og:image:height\" content=\"1000\" \/>\n\t<meta property=\"og:image:type\" content=\"image\/jpeg\" \/>\n<meta name=\"twitter:label1\" content=\"Disponibilit\u00e0\" \/>\n\t<meta name=\"twitter:data1\" content=\"In stock\" \/>\n<script type=\"application\/ld+json\" class=\"yoast-schema-graph\">{\"@context\":\"https:\/\/schema.org\",\"@graph\":[{\"@type\":\"WebPage\",\"@id\":\"https:\/\/www.sestogrado.it\/it\/prodotto\/ferrino-gecko-28-zaino-da-trekking\/\",\"url\":\"https:\/\/www.sestogrado.it\/it\/prodotto\/ferrino-gecko-28-zaino-da-trekking\/\",\"name\":\"Ferrino Gecko 28 zaino da trekking - Sestogrado\",\"isPartOf\":{\"@id\":\"https:\/\/www.sestogrado.it\/it\/#website\"},\"primaryImageOfPage\":{\"@id\":\"https:\/\/www.sestogrado.it\/it\/prodotto\/ferrino-gecko-28-zaino-da-trekking\/#primaryimage\"},\"image\":{\"@id\":\"https:\/\/www.sestogrado.it\/prodotto\/ferrino-gecko-28-zaino-da-trekking\/#primaryimage\"},\"thumbnailUrl\":\"https:\/\/www.sestogrado.it\/wp-content\/uploads\/2026\/04\/01-8.jpg\",\"datePublished\":\"2026-04-23T09:50:37+00:00\",\"description\":\"Zaino Ferrino Gecko 28 leggero e ventilato, ideale per trekking e MTB. Maggiore capacit\u00e0, Dry Net System e comfort ergonomico per uscite pi\u00f9 lunghe.\",\"breadcrumb\":{\"@id\":\"https:\/\/www.sestogrado.it\/it\/prodotto\/ferrino-gecko-28-zaino-da-trekking\/#breadcrumb\"},\"inLanguage\":\"it-IT\",\"potentialAction\":[{\"@type\":\"ReadAction\",\"target\":[[\"https:\/\/www.sestogrado.it\/it\/prodotto\/ferrino-gecko-28-zaino-da-trekking\/\"]]}]},{\"@type\":\"ImageObject\",\"inLanguage\":\"it-IT\",\"@id\":\"https:\/\/www.sestogrado.it\/it\/prodotto\/ferrino-gecko-28-zaino-da-trekking\/#primaryimage\",\"url\":\"https:\/\/www.sestogrado.it\/wp-content\/uploads\/2026\/04\/01-8.jpg\",\"contentUrl\":\"https:\/\/www.sestogrado.it\/wp-content\/uploads\/2026\/04\/01-8.jpg\",\"width\":1000,\"height\":1000,\"caption\":\"gecko 28 nocciola\"},{\"@type\":\"BreadcrumbList\",\"@id\":\"https:\/\/www.sestogrado.it\/it\/prodotto\/ferrino-gecko-28-zaino-da-trekking\/#breadcrumb\",\"itemListElement\":[{\"@type\":\"ListItem\",\"position\":1,\"name\":\"Home\",\"item\":\"https:\/\/www.sestogrado.it\/it\/\"},{\"@type\":\"ListItem\",\"position\":2,\"name\":\"Shop\",\"item\":\"https:\/\/www.sestogrado.it\/it\/shop\/\"},{\"@type\":\"ListItem\",\"position\":3,\"name\":\"Ferrino Gecko 28 zaino da trekking\"}]},{\"@type\":\"WebSite\",\"@id\":\"https:\/\/www.sestogrado.it\/it\/#website\",\"url\":\"https:\/\/www.sestogrado.it\/it\/\",\"name\":\"Sestogrado\",\"description\":\"yes we climb\",\"publisher\":{\"@id\":\"https:\/\/www.sestogrado.it\/it\/#organization\"},\"potentialAction\":[{\"@type\":\"SearchAction\",\"target\":{\"@type\":\"EntryPoint\",\"urlTemplate\":\"https:\/\/www.sestogrado.it\/it\/?s={search_term_string}\"},\"query-input\":{\"@type\":\"PropertyValueSpecification\",\"valueRequired\":true,\"valueName\":\"search_term_string\"}}],\"inLanguage\":\"it-IT\"},{\"@type\":\"Organization\",\"@id\":\"https:\/\/www.sestogrado.it\/it\/#organization\",\"name\":\"Sestogrado\",\"url\":\"https:\/\/www.sestogrado.it\/it\/\",\"logo\":{\"@type\":\"ImageObject\",\"inLanguage\":\"it-IT\",\"@id\":\"https:\/\/www.sestogrado.it\/it\/#\/schema\/logo\/image\/\",\"url\":\"https:\/\/www.sestogrado.it\/wp-content\/uploads\/2015\/03\/sestogrado-favicon.png\",\"contentUrl\":\"https:\/\/www.sestogrado.it\/wp-content\/uploads\/2015\/03\/sestogrado-favicon.png\",\"width\":260,\"height\":260,\"caption\":\"Sestogrado\"},\"image\":{\"@id\":\"https:\/\/www.sestogrado.it\/it\/#\/schema\/logo\/image\/\"},\"sameAs\":[\"https:\/\/www.facebook.com\/pages\/Sestogrado\/1542635979353017?ref=bookmarks\",\"https:\/\/www.youtube.com\/channel\/UC847kAfTkaJsWpc1jtQwr3Q\"],\"hasMerchantReturnPolicy\":{\"@type\":\"MerchantReturnPolicy\",\"merchantReturnLink\":\"https:\/\/www.sestogrado.it\/it\/termini-e-condizioni\/\"}}]}<\/script>\n<meta property=\"product:brand\" content=\"Ferrino\" \/>\n<meta property=\"og:availability\" content=\"instock\" \/>\n<meta property=\"product:availability\" content=\"instock\" \/>\n<meta property=\"product:condition\" content=\"new\" \/>\n<!-- \/ Yoast SEO plugin. -->","yoast_head_json":{"title":"Ferrino Gecko 28 zaino da trekking - Sestogrado","description":"Zaino Ferrino Gecko 28 leggero e ventilato, ideale per trekking e MTB. Maggiore capacit\u00e0, Dry Net System e comfort ergonomico per uscite pi\u00f9 lunghe.","robots":{"index":"index","follow":"follow","max-snippet":"max-snippet:-1","max-image-preview":"max-image-preview:large","max-video-preview":"max-video-preview:-1"},"canonical":"https:\/\/www.sestogrado.it\/it\/prodotto\/ferrino-gecko-28-zaino-da-trekking\/","og_locale":"it_IT","og_type":"article","og_title":"Ferrino Gecko 28 zaino da trekking - Sestogrado","og_description":"Zaino Ferrino Gecko 28 leggero e ventilato, ideale per trekking e MTB. Maggiore capacit\u00e0, Dry Net System e comfort ergonomico per uscite pi\u00f9 lunghe.","og_url":"https:\/\/www.sestogrado.it\/it\/prodotto\/ferrino-gecko-28-zaino-da-trekking\/","og_site_name":"Sestogrado","article_publisher":"https:\/\/www.facebook.com\/pages\/Sestogrado\/1542635979353017?ref=bookmarks","og_image":[{"width":1000,"height":1000,"url":"https:\/\/www.sestogrado.it\/wp-content\/uploads\/2026\/04\/01-8.jpg","type":"image\/jpeg"}],"twitter_misc":{"Disponibilit\u00e0":"In stock"},"schema":{"@context":"https:\/\/schema.org","@graph":[{"@type":"WebPage","@id":"https:\/\/www.sestogrado.it\/it\/prodotto\/ferrino-gecko-28-zaino-da-trekking\/","url":"https:\/\/www.sestogrado.it\/it\/prodotto\/ferrino-gecko-28-zaino-da-trekking\/","name":"Ferrino Gecko 28 zaino da trekking - Sestogrado","isPartOf":{"@id":"https:\/\/www.sestogrado.it\/it\/#website"},"primaryImageOfPage":{"@id":"https:\/\/www.sestogrado.it\/it\/prodotto\/ferrino-gecko-28-zaino-da-trekking\/#primaryimage"},"image":{"@id":"https:\/\/www.sestogrado.it\/prodotto\/ferrino-gecko-28-zaino-da-trekking\/#primaryimage"},"thumbnailUrl":"https:\/\/www.sestogrado.it\/wp-content\/uploads\/2026\/04\/01-8.jpg","datePublished":"2026-04-23T09:50:37+00:00","description":"Zaino Ferrino Gecko 28 leggero e ventilato, ideale per trekking e MTB. Maggiore capacit\u00e0, Dry Net System e comfort ergonomico per uscite pi\u00f9 lunghe.","breadcrumb":{"@id":"https:\/\/www.sestogrado.it\/it\/prodotto\/ferrino-gecko-28-zaino-da-trekking\/#breadcrumb"},"inLanguage":"it-IT","potentialAction":[{"@type":"ReadAction","target":[["https:\/\/www.sestogrado.it\/it\/prodotto\/ferrino-gecko-28-zaino-da-trekking\/"]]}]},{"@type":"ImageObject","inLanguage":"it-IT","@id":"https:\/\/www.sestogrado.it\/it\/prodotto\/ferrino-gecko-28-zaino-da-trekking\/#primaryimage","url":"https:\/\/www.sestogrado.it\/wp-content\/uploads\/2026\/04\/01-8.jpg","contentUrl":"https:\/\/www.sestogrado.it\/wp-content\/uploads\/2026\/04\/01-8.jpg","width":1000,"height":1000,"caption":"gecko 28 nocciola"},{"@type":"BreadcrumbList","@id":"https:\/\/www.sestogrado.it\/it\/prodotto\/ferrino-gecko-28-zaino-da-trekking\/#breadcrumb","itemListElement":[{"@type":"ListItem","position":1,"name":"Home","item":"https:\/\/www.sestogrado.it\/it\/"},{"@type":"ListItem","position":2,"name":"Shop","item":"https:\/\/www.sestogrado.it\/it\/shop\/"},{"@type":"ListItem","position":3,"name":"Ferrino Gecko 28 zaino da trekking"}]},{"@type":"WebSite","@id":"https:\/\/www.sestogrado.it\/it\/#website","url":"https:\/\/www.sestogrado.it\/it\/","name":"Sestogrado","description":"yes we climb","publisher":{"@id":"https:\/\/www.sestogrado.it\/it\/#organization"},"potentialAction":[{"@type":"SearchAction","target":{"@type":"EntryPoint","urlTemplate":"https:\/\/www.sestogrado.it\/it\/?s={search_term_string}"},"query-input":{"@type":"PropertyValueSpecification","valueRequired":true,"valueName":"search_term_string"}}],"inLanguage":"it-IT"},{"@type":"Organization","@id":"https:\/\/www.sestogrado.it\/it\/#organization","name":"Sestogrado","url":"https:\/\/www.sestogrado.it\/it\/","logo":{"@type":"ImageObject","inLanguage":"it-IT","@id":"https:\/\/www.sestogrado.it\/it\/#\/schema\/logo\/image\/","url":"https:\/\/www.sestogrado.it\/wp-content\/uploads\/2015\/03\/sestogrado-favicon.png","contentUrl":"https:\/\/www.sestogrado.it\/wp-content\/uploads\/2015\/03\/sestogrado-favicon.png","width":260,"height":260,"caption":"Sestogrado"},"image":{"@id":"https:\/\/www.sestogrado.it\/it\/#\/schema\/logo\/image\/"},"sameAs":["https:\/\/www.facebook.com\/pages\/Sestogrado\/1542635979353017?ref=bookmarks","https:\/\/www.youtube.com\/channel\/UC847kAfTkaJsWpc1jtQwr3Q"],"hasMerchantReturnPolicy":{"@type":"MerchantReturnPolicy","merchantReturnLink":"https:\/\/www.sestogrado.it\/it\/termini-e-condizioni\/"}}]},"product_brand":"Ferrino","og_availability":"instock","product_availability":"instock","product_condition":"new"},"_links":{"self":[{"href":"https:\/\/www.sestogrado.it\/it\/wp-json\/wp\/v2\/product\/216324","targetHints":{"allow":["GET"]}}],"collection":[{"href":"https:\/\/www.sestogrado.it\/it\/wp-json\/wp\/v2\/product"}],"about":[{"href":"https:\/\/www.sestogrado.it\/it\/wp-json\/wp\/v2\/types\/product"}],"replies":[{"embeddable":true,"href":"https:\/\/www.sestogrado.it\/it\/wp-json\/wp\/v2\/comments?post=216324"}],"wp:featuredmedia":[{"embeddable":true,"href":"https:\/\/www.sestogrado.it\/it\/wp-json\/wp\/v2\/media\/216325"}],"wp:attachment":[{"href":"https:\/\/www.sestogrado.it\/it\/wp-json\/wp\/v2\/media?parent=216324"}],"wp:term":[{"taxonomy":"product_brand","embeddable":true,"href":"https:\/\/www.sestogrado.it\/it\/wp-json\/wp\/v2\/product_brand?post=216324"},{"taxonomy":"product_cat","embeddable":true,"href":"https:\/\/www.sestogrado.it\/it\/wp-json\/wp\/v2\/product_cat?post=216324"},{"taxonomy":"product_tag","embeddable":true,"href":"https:\/\/www.sestogrado.it\/it\/wp-json\/wp\/v2\/product_tag?post=216324"}],"curies":[{"name":"wp","href":"https:\/\/api.w.org\/{rel}","templated":true}]}}