{"id":215102,"date":"2026-04-10T08:45:38","date_gmt":"2026-04-10T06:45:38","guid":{"rendered":"https:\/\/www.sestogrado.it\/?post_type=product&#038;p=215102"},"modified":"2026-04-10T08:59:41","modified_gmt":"2026-04-10T06:59:41","slug":"camp-peak-12-alu-auto-semi-auto-ramponi","status":"publish","type":"product","link":"https:\/\/www.sestogrado.it\/it\/prodotto\/camp-peak-12-alu-auto-semi-auto-ramponi\/","title":{"rendered":"Camp Peak 12 ALU Auto\/Semi-auto ramponi"},"content":{"rendered":"<p>Il Camp Peak 12 ALU \u00e8 un rampone di nuova generazione, con costruzione innovativa per una calzata perfetta sia sugli scarponi da scialpinismo sia su quelli da alpinismo. Il leggerissimo Peak 12 ALU \u00e8 infatti dotato del rivoluzionario sistema Boot Adapt System (Pat. Pend.) che, scambiando tra loro i due puntali, consente di ottimizzare l\u2019angolatura dell\u2019attrezzo ai diversi tipi di calzatura senza comprometterne la stabilit\u00e0 laterale. Realizzato in alluminio, il Peak 12 ALU \u00e8 quindi il nuovo riferimento per lo scialpinismo e tutte le escursioni su neve. La totale intercambiabilit\u00e0 di puntali, tacchi e sistemi di allacciatura della linea Peak permette la completa personalizzazione. I ganci anteriore automatico e universale sono forniti di serie per adattarsi a scarponi con o senza intaglio anteriore. Il gancio posteriore universale, acquistabile separatamente, consente di montare il Peak 12 ALU anche su calzature prive di intaglio posteriore. L\u2019asta in acciaio inox garantisce rigidit\u00e0 e allo stesso tempo flessibilit\u00e0, massimizzando la stabilit\u00e0 del rampone su tutte le misure di scarponi.<\/p>\n<ul>\n<li>Rampone in alluminio a 12 punte<\/li>\n<li>Boot Adapt System (Pat. Pend.) che assicura la massima stabilit\u00e0 sia sugli scarponi da scialpinismo sia su quelli da alpinismo<\/li>\n<li>Massima modularit\u00e0 e possibilit\u00e0 di personalizzazione grazie alla totale intercambiabilit\u00e0 di puntali, tacchi e sistemi di allacciatura della linea Peak<\/li>\n<li>Ganci anteriori automatico e universale di serie per adattarsi a scarponi con o senza intaglio anteriore.<\/li>\n<li>Antibott ad azione attiva per ridurre l\u2019accumulo di neve\u00a0(montato di serie)<\/li>\n<li>Regolazione micrometrica della lunghezza con asta in acciaio inossidabile a doppia fila di fori, settabile sul puntale in due posizioni per coprire tutte le misure di scarponi<\/li>\n<li>Il fermo in fettuccia installato sull&#8217;asta di regolazione permette di ripiegare i ramponi per minimizzarne il volume durante il trasporto<\/li>\n<li>Fibbia in plastica per fissare l\u2019eccesso della fettuccia di chiusura<\/li>\n<li>Gancio anteriore regolabile su 2 posizioni<\/li>\n<li>Talloniera regolabile su 2 posizioni con leva compatta a 3 posizioni<\/li>\n<li>Custodia inclusa<\/li>\n<li>Misura: 36-50<\/li>\n<li>Peso auto: 545g- Peso semiauto: 575g<\/li>\n<\/ul>\n<p>&nbsp;<\/p>\n<p>Pensato per chi cerca un rampone leggero, modulare e altamente performante, il <strong data-start=\"271\" data-end=\"291\">Camp Peak 12 ALU<\/strong> rappresenta la scelta ideale per lo <strong data-start=\"328\" data-end=\"344\">scialpinismo<\/strong> e per tutte le <strong data-start=\"360\" data-end=\"382\">escursioni su neve<\/strong> dove affidabilit\u00e0, precisione e compattezza fanno la differenza. Grazie all\u2019innovativo <strong data-start=\"470\" data-end=\"491\">Boot Adapt System<\/strong>, alla struttura in <strong data-start=\"511\" data-end=\"524\" data-is-only-node=\"\">alluminio<\/strong> e alla completa personalizzazione dei componenti, offre un equilibrio ottimale tra <strong data-start=\"608\" data-end=\"649\">versatilit\u00e0, stabilit\u00e0 e peso ridotto<\/strong>, diventando un alleato indispensabile per affrontare ogni uscita invernale con la massima sicurezza.<\/p>\n","protected":false},"excerpt":{"rendered":"<p>Il Camp Peak 12 ALU \u00e8 un rampone di nuova generazione, con costruzione innovativa per una calzata perfetta sia sugli [&hellip;]<\/p>\n","protected":false},"featured_media":215103,"comment_status":"open","ping_status":"closed","template":"","meta":{"_acf_changed":false},"product_brand":[31],"product_cat":[153],"product_tag":[],"class_list":{"0":"post-215102","1":"product","2":"type-product","3":"status-publish","4":"has-post-thumbnail","6":"product_brand-camp","7":"product_cat-ramponi","9":"first","10":"instock","11":"sale","12":"taxable","13":"shipping-taxable","14":"purchasable","15":"product-type-simple"},"acf":[],"yoast_head":"<!-- This site is optimized with the Yoast SEO plugin v26.4 - https:\/\/yoast.com\/wordpress\/plugins\/seo\/ -->\n<title>Camp Peak 12 ALU Auto\/Semi-auto ramponi - Sestogrado<\/title>\n<meta name=\"description\" content=\"Rampone Camp Peak 12 ALU ultraleggero a 12 punte con Boot Adapt System: perfetto per scialpinismo e alpinismo, stabile, modulare e personalizzabile.\" \/>\n<meta name=\"robots\" content=\"index, follow, max-snippet:-1, max-image-preview:large, max-video-preview:-1\" \/>\n<link rel=\"canonical\" href=\"https:\/\/www.sestogrado.it\/it\/prodotto\/camp-peak-12-alu-auto-semi-auto-ramponi\/\" \/>\n<meta property=\"og:locale\" content=\"it_IT\" \/>\n<meta property=\"og:type\" content=\"article\" \/>\n<meta property=\"og:title\" content=\"Camp Peak 12 ALU Auto\/Semi-auto ramponi - Sestogrado\" \/>\n<meta property=\"og:description\" content=\"Rampone Camp Peak 12 ALU ultraleggero a 12 punte con Boot Adapt System: perfetto per scialpinismo e alpinismo, stabile, modulare e personalizzabile.\" \/>\n<meta property=\"og:url\" content=\"https:\/\/www.sestogrado.it\/it\/prodotto\/camp-peak-12-alu-auto-semi-auto-ramponi\/\" \/>\n<meta property=\"og:site_name\" content=\"Sestogrado\" \/>\n<meta property=\"article:publisher\" content=\"https:\/\/www.facebook.com\/pages\/Sestogrado\/1542635979353017?ref=bookmarks\" \/>\n<meta property=\"article:modified_time\" content=\"2026-04-10T06:59:41+00:00\" \/>\n<meta property=\"og:image\" content=\"https:\/\/www.sestogrado.it\/wp-content\/uploads\/2026\/04\/01-3.jpg\" \/>\n\t<meta property=\"og:image:width\" content=\"1200\" \/>\n\t<meta property=\"og:image:height\" content=\"1200\" \/>\n\t<meta property=\"og:image:type\" content=\"image\/jpeg\" \/>\n<meta name=\"twitter:label1\" content=\"Prezzo\" \/>\n\t<meta name=\"twitter:data1\" content=\"&euro;&nbsp;169,00\" \/>\n\t<meta name=\"twitter:label2\" content=\"Disponibilit\u00e0\" \/>\n\t<meta name=\"twitter:data2\" content=\"In stock\" \/>\n<script type=\"application\/ld+json\" class=\"yoast-schema-graph\">{\"@context\":\"https:\/\/schema.org\",\"@graph\":[{\"@type\":\"WebPage\",\"@id\":\"https:\/\/www.sestogrado.it\/it\/prodotto\/camp-peak-12-alu-auto-semi-auto-ramponi\/\",\"url\":\"https:\/\/www.sestogrado.it\/it\/prodotto\/camp-peak-12-alu-auto-semi-auto-ramponi\/\",\"name\":\"Camp Peak 12 ALU Auto\/Semi-auto ramponi - Sestogrado\",\"isPartOf\":{\"@id\":\"https:\/\/www.sestogrado.it\/it\/#website\"},\"primaryImageOfPage\":{\"@id\":\"https:\/\/www.sestogrado.it\/it\/prodotto\/camp-peak-12-alu-auto-semi-auto-ramponi\/#primaryimage\"},\"image\":{\"@id\":\"https:\/\/www.sestogrado.it\/prodotto\/camp-peak-12-alu-auto-semi-auto-ramponi\/#primaryimage\"},\"thumbnailUrl\":\"https:\/\/www.sestogrado.it\/wp-content\/uploads\/2026\/04\/01-3.jpg\",\"datePublished\":\"2026-04-10T06:45:38+00:00\",\"dateModified\":\"2026-04-10T06:59:41+00:00\",\"description\":\"Rampone Camp Peak 12 ALU ultraleggero a 12 punte con Boot Adapt System: perfetto per scialpinismo e alpinismo, stabile, modulare e personalizzabile.\",\"breadcrumb\":{\"@id\":\"https:\/\/www.sestogrado.it\/it\/prodotto\/camp-peak-12-alu-auto-semi-auto-ramponi\/#breadcrumb\"},\"inLanguage\":\"it-IT\",\"potentialAction\":[{\"@type\":\"ReadAction\",\"target\":[[\"https:\/\/www.sestogrado.it\/it\/prodotto\/camp-peak-12-alu-auto-semi-auto-ramponi\/\"]]}]},{\"@type\":\"ImageObject\",\"inLanguage\":\"it-IT\",\"@id\":\"https:\/\/www.sestogrado.it\/it\/prodotto\/camp-peak-12-alu-auto-semi-auto-ramponi\/#primaryimage\",\"url\":\"https:\/\/www.sestogrado.it\/wp-content\/uploads\/2026\/04\/01-3.jpg\",\"contentUrl\":\"https:\/\/www.sestogrado.it\/wp-content\/uploads\/2026\/04\/01-3.jpg\",\"width\":1200,\"height\":1200,\"caption\":\"peak 12 alu\"},{\"@type\":\"BreadcrumbList\",\"@id\":\"https:\/\/www.sestogrado.it\/it\/prodotto\/camp-peak-12-alu-auto-semi-auto-ramponi\/#breadcrumb\",\"itemListElement\":[{\"@type\":\"ListItem\",\"position\":1,\"name\":\"Home\",\"item\":\"https:\/\/www.sestogrado.it\/it\/\"},{\"@type\":\"ListItem\",\"position\":2,\"name\":\"Shop\",\"item\":\"https:\/\/www.sestogrado.it\/it\/shop\/\"},{\"@type\":\"ListItem\",\"position\":3,\"name\":\"Camp Peak 12 ALU Auto\/Semi-auto ramponi\"}]},{\"@type\":\"WebSite\",\"@id\":\"https:\/\/www.sestogrado.it\/it\/#website\",\"url\":\"https:\/\/www.sestogrado.it\/it\/\",\"name\":\"Sestogrado\",\"description\":\"yes we climb\",\"publisher\":{\"@id\":\"https:\/\/www.sestogrado.it\/it\/#organization\"},\"potentialAction\":[{\"@type\":\"SearchAction\",\"target\":{\"@type\":\"EntryPoint\",\"urlTemplate\":\"https:\/\/www.sestogrado.it\/it\/?s={search_term_string}\"},\"query-input\":{\"@type\":\"PropertyValueSpecification\",\"valueRequired\":true,\"valueName\":\"search_term_string\"}}],\"inLanguage\":\"it-IT\"},{\"@type\":\"Organization\",\"@id\":\"https:\/\/www.sestogrado.it\/it\/#organization\",\"name\":\"Sestogrado\",\"url\":\"https:\/\/www.sestogrado.it\/it\/\",\"logo\":{\"@type\":\"ImageObject\",\"inLanguage\":\"it-IT\",\"@id\":\"https:\/\/www.sestogrado.it\/it\/#\/schema\/logo\/image\/\",\"url\":\"https:\/\/www.sestogrado.it\/wp-content\/uploads\/2015\/03\/sestogrado-favicon.png\",\"contentUrl\":\"https:\/\/www.sestogrado.it\/wp-content\/uploads\/2015\/03\/sestogrado-favicon.png\",\"width\":260,\"height\":260,\"caption\":\"Sestogrado\"},\"image\":{\"@id\":\"https:\/\/www.sestogrado.it\/it\/#\/schema\/logo\/image\/\"},\"sameAs\":[\"https:\/\/www.facebook.com\/pages\/Sestogrado\/1542635979353017?ref=bookmarks\",\"https:\/\/www.youtube.com\/channel\/UC847kAfTkaJsWpc1jtQwr3Q\"],\"hasMerchantReturnPolicy\":{\"@type\":\"MerchantReturnPolicy\",\"merchantReturnLink\":\"https:\/\/www.sestogrado.it\/it\/termini-e-condizioni\/\"}}]}<\/script>\n<meta property=\"product:brand\" content=\"Camp\" \/>\n<meta property=\"product:price:amount\" content=\"169.00\" \/>\n<meta property=\"product:price:currency\" content=\"EUR\" \/>\n<meta property=\"og:availability\" content=\"instock\" \/>\n<meta property=\"product:availability\" content=\"instock\" \/>\n<meta property=\"product:condition\" content=\"new\" \/>\n<!-- \/ Yoast SEO plugin. -->","yoast_head_json":{"title":"Camp Peak 12 ALU Auto\/Semi-auto ramponi - Sestogrado","description":"Rampone Camp Peak 12 ALU ultraleggero a 12 punte con Boot Adapt System: perfetto per scialpinismo e alpinismo, stabile, modulare e personalizzabile.","robots":{"index":"index","follow":"follow","max-snippet":"max-snippet:-1","max-image-preview":"max-image-preview:large","max-video-preview":"max-video-preview:-1"},"canonical":"https:\/\/www.sestogrado.it\/it\/prodotto\/camp-peak-12-alu-auto-semi-auto-ramponi\/","og_locale":"it_IT","og_type":"article","og_title":"Camp Peak 12 ALU Auto\/Semi-auto ramponi - Sestogrado","og_description":"Rampone Camp Peak 12 ALU ultraleggero a 12 punte con Boot Adapt System: perfetto per scialpinismo e alpinismo, stabile, modulare e personalizzabile.","og_url":"https:\/\/www.sestogrado.it\/it\/prodotto\/camp-peak-12-alu-auto-semi-auto-ramponi\/","og_site_name":"Sestogrado","article_publisher":"https:\/\/www.facebook.com\/pages\/Sestogrado\/1542635979353017?ref=bookmarks","article_modified_time":"2026-04-10T06:59:41+00:00","og_image":[{"width":1200,"height":1200,"url":"https:\/\/www.sestogrado.it\/wp-content\/uploads\/2026\/04\/01-3.jpg","type":"image\/jpeg"}],"twitter_misc":{"Prezzo":"&euro;&nbsp;169,00","Disponibilit\u00e0":"In stock"},"schema":{"@context":"https:\/\/schema.org","@graph":[{"@type":"WebPage","@id":"https:\/\/www.sestogrado.it\/it\/prodotto\/camp-peak-12-alu-auto-semi-auto-ramponi\/","url":"https:\/\/www.sestogrado.it\/it\/prodotto\/camp-peak-12-alu-auto-semi-auto-ramponi\/","name":"Camp Peak 12 ALU Auto\/Semi-auto ramponi - Sestogrado","isPartOf":{"@id":"https:\/\/www.sestogrado.it\/it\/#website"},"primaryImageOfPage":{"@id":"https:\/\/www.sestogrado.it\/it\/prodotto\/camp-peak-12-alu-auto-semi-auto-ramponi\/#primaryimage"},"image":{"@id":"https:\/\/www.sestogrado.it\/prodotto\/camp-peak-12-alu-auto-semi-auto-ramponi\/#primaryimage"},"thumbnailUrl":"https:\/\/www.sestogrado.it\/wp-content\/uploads\/2026\/04\/01-3.jpg","datePublished":"2026-04-10T06:45:38+00:00","dateModified":"2026-04-10T06:59:41+00:00","description":"Rampone Camp Peak 12 ALU ultraleggero a 12 punte con Boot Adapt System: perfetto per scialpinismo e alpinismo, stabile, modulare e personalizzabile.","breadcrumb":{"@id":"https:\/\/www.sestogrado.it\/it\/prodotto\/camp-peak-12-alu-auto-semi-auto-ramponi\/#breadcrumb"},"inLanguage":"it-IT","potentialAction":[{"@type":"ReadAction","target":[["https:\/\/www.sestogrado.it\/it\/prodotto\/camp-peak-12-alu-auto-semi-auto-ramponi\/"]]}]},{"@type":"ImageObject","inLanguage":"it-IT","@id":"https:\/\/www.sestogrado.it\/it\/prodotto\/camp-peak-12-alu-auto-semi-auto-ramponi\/#primaryimage","url":"https:\/\/www.sestogrado.it\/wp-content\/uploads\/2026\/04\/01-3.jpg","contentUrl":"https:\/\/www.sestogrado.it\/wp-content\/uploads\/2026\/04\/01-3.jpg","width":1200,"height":1200,"caption":"peak 12 alu"},{"@type":"BreadcrumbList","@id":"https:\/\/www.sestogrado.it\/it\/prodotto\/camp-peak-12-alu-auto-semi-auto-ramponi\/#breadcrumb","itemListElement":[{"@type":"ListItem","position":1,"name":"Home","item":"https:\/\/www.sestogrado.it\/it\/"},{"@type":"ListItem","position":2,"name":"Shop","item":"https:\/\/www.sestogrado.it\/it\/shop\/"},{"@type":"ListItem","position":3,"name":"Camp Peak 12 ALU Auto\/Semi-auto ramponi"}]},{"@type":"WebSite","@id":"https:\/\/www.sestogrado.it\/it\/#website","url":"https:\/\/www.sestogrado.it\/it\/","name":"Sestogrado","description":"yes we climb","publisher":{"@id":"https:\/\/www.sestogrado.it\/it\/#organization"},"potentialAction":[{"@type":"SearchAction","target":{"@type":"EntryPoint","urlTemplate":"https:\/\/www.sestogrado.it\/it\/?s={search_term_string}"},"query-input":{"@type":"PropertyValueSpecification","valueRequired":true,"valueName":"search_term_string"}}],"inLanguage":"it-IT"},{"@type":"Organization","@id":"https:\/\/www.sestogrado.it\/it\/#organization","name":"Sestogrado","url":"https:\/\/www.sestogrado.it\/it\/","logo":{"@type":"ImageObject","inLanguage":"it-IT","@id":"https:\/\/www.sestogrado.it\/it\/#\/schema\/logo\/image\/","url":"https:\/\/www.sestogrado.it\/wp-content\/uploads\/2015\/03\/sestogrado-favicon.png","contentUrl":"https:\/\/www.sestogrado.it\/wp-content\/uploads\/2015\/03\/sestogrado-favicon.png","width":260,"height":260,"caption":"Sestogrado"},"image":{"@id":"https:\/\/www.sestogrado.it\/it\/#\/schema\/logo\/image\/"},"sameAs":["https:\/\/www.facebook.com\/pages\/Sestogrado\/1542635979353017?ref=bookmarks","https:\/\/www.youtube.com\/channel\/UC847kAfTkaJsWpc1jtQwr3Q"],"hasMerchantReturnPolicy":{"@type":"MerchantReturnPolicy","merchantReturnLink":"https:\/\/www.sestogrado.it\/it\/termini-e-condizioni\/"}}]},"product_brand":"Camp","product_price_amount":"169.00","product_price_currency":"EUR","og_availability":"instock","product_availability":"instock","product_condition":"new"},"_links":{"self":[{"href":"https:\/\/www.sestogrado.it\/it\/wp-json\/wp\/v2\/product\/215102","targetHints":{"allow":["GET"]}}],"collection":[{"href":"https:\/\/www.sestogrado.it\/it\/wp-json\/wp\/v2\/product"}],"about":[{"href":"https:\/\/www.sestogrado.it\/it\/wp-json\/wp\/v2\/types\/product"}],"replies":[{"embeddable":true,"href":"https:\/\/www.sestogrado.it\/it\/wp-json\/wp\/v2\/comments?post=215102"}],"wp:featuredmedia":[{"embeddable":true,"href":"https:\/\/www.sestogrado.it\/it\/wp-json\/wp\/v2\/media\/215103"}],"wp:attachment":[{"href":"https:\/\/www.sestogrado.it\/it\/wp-json\/wp\/v2\/media?parent=215102"}],"wp:term":[{"taxonomy":"product_brand","embeddable":true,"href":"https:\/\/www.sestogrado.it\/it\/wp-json\/wp\/v2\/product_brand?post=215102"},{"taxonomy":"product_cat","embeddable":true,"href":"https:\/\/www.sestogrado.it\/it\/wp-json\/wp\/v2\/product_cat?post=215102"},{"taxonomy":"product_tag","embeddable":true,"href":"https:\/\/www.sestogrado.it\/it\/wp-json\/wp\/v2\/product_tag?post=215102"}],"curies":[{"name":"wp","href":"https:\/\/api.w.org\/{rel}","templated":true}]}}