{"id":214294,"date":"2026-03-27T14:46:51","date_gmt":"2026-03-27T13:46:51","guid":{"rendered":"https:\/\/www.sestogrado.it\/?post_type=product&#038;p=214294"},"modified":"2026-03-31T10:56:31","modified_gmt":"2026-03-31T08:56:31","slug":"black-diamond-distance-6-vest-zaino-da-trail-running","status":"publish","type":"product","link":"https:\/\/www.sestogrado.it\/it\/prodotto\/black-diamond-distance-6-vest-zaino-da-trail-running\/","title":{"rendered":"Black Diamond Distance 6 Vest zaino da trail running"},"content":{"rendered":"<p><\/p>\n<p data-start=\"85\" data-end=\"391\">Lo <strong data-start=\"88\" data-end=\"114\">zaino Black Diamond Distance 6L<\/strong> \u00e8 pensato per le attivit\u00e0 di endurance che richiedono maggiore autonomia, offrendo il perfetto equilibrio tra leggerezza, velocit\u00e0 e capacit\u00e0 di carico. Ideale per trail running su lunghe distanze, permette di trasportare tutto l\u2019essenziale senza compromettere la performance.<\/p>\n<p data-start=\"393\" data-end=\"745\">L\u2019ampia <strong data-start=\"401\" data-end=\"418\">tasca lombare<\/strong> consente di riporre facilmente una giacca leggera, snack extra e una lampada frontale, garantendo accesso rapido anche durante la corsa. La costruzione con <strong data-start=\"575\" data-end=\"605\">bordi morbidi e flessibili<\/strong> e struttura in <strong data-start=\"621\" data-end=\"637\">mesh diamond<\/strong> assicura una vestibilit\u00e0 confortevole a contatto diretto con la pelle, riducendo al minimo gli sfregamenti.<\/p>\n<p data-start=\"747\" data-end=\"1208\">Il pannello posteriore in mesh \u00e8 altamente traspirante e progettato con materiali morbidi per offrire ventilazione ottimale e massimo comfort anche nelle uscite pi\u00f9 intense. Il sistema di tasche \u00e8 studiato nei minimi dettagli per migliorare l\u2019organizzazione e la gestione dell\u2019idratazione: le <strong data-start=\"1040\" data-end=\"1063\">due tasche frontali<\/strong> ospitano comodamente le <strong data-start=\"1088\" data-end=\"1120\">soft flask da 500 ml incluse<\/strong>, grazie a un sistema innovativo che facilita sia l\u2019utilizzo in movimento che il refill.<\/p>\n<ul>\n<li data-section-id=\"1neaqlp\" data-start=\"0\" data-end=\"74\"><strong data-start=\"2\" data-end=\"25\" data-is-only-node=\"\">Capacit\u00e0 di 6 litri<\/strong> per affrontare missioni in montagna pi\u00f9 lunghe<\/li>\n<li data-section-id=\"4s3l9f\" data-start=\"75\" data-end=\"194\">Design innovativo dell\u2019imbrago con bordature morbide e flessibili per comfort e traspirabilit\u00e0 durante il movimento<\/li>\n<li data-section-id=\"1sl9vre\" data-start=\"195\" data-end=\"330\">Pannello posteriore in <strong data-start=\"220\" data-end=\"243\">diamond spacer mesh<\/strong> progettato su misura per aumentare il flusso d\u2019aria e garantire massima ventilazione<\/li>\n<li data-section-id=\"rqveyj\" data-start=\"331\" data-end=\"456\">Sistema di trasporto <strong data-start=\"354\" data-end=\"375\">Z-Pole removibile<\/strong> utilizzabile in movimento, per riporre ed estrarre i bastoncini senza fermarsi<\/li>\n<li data-section-id=\"1dib4di\" data-start=\"457\" data-end=\"505\">Tasca frontale con zip dotata di portachiavi<\/li>\n<li data-section-id=\"gz98nn\" data-start=\"506\" data-end=\"578\">Tasca superiore posteriore con zip per riporre strati extra e guanti<\/li>\n<li data-section-id=\"6ulf8t\" data-start=\"579\" data-end=\"668\">Tasca posteriore per sacca idrica con clip, compatibile con serbatoi da <strong data-start=\"653\" data-end=\"666\">1\u20132 litri<\/strong><\/li>\n<li data-section-id=\"ntziyi\" data-start=\"669\" data-end=\"732\">Tasca lombare posteriore accessibile anche durante la corsa<\/li>\n<li data-section-id=\"1rfwkxk\" data-start=\"733\" data-end=\"806\">Dettagli riflettenti per una maggiore visibilit\u00e0 su e fuori dal trail<\/li>\n<li data-section-id=\"1aig0or\" data-start=\"807\" data-end=\"845\" data-is-last-node=\"\">Due <strong data-start=\"813\" data-end=\"845\" data-is-last-node=\"\">soft flask da 500 ml incluse<\/strong><\/li>\n<\/ul>\n<p data-start=\"1210\" data-end=\"1386\" data-is-last-node=\"\" data-is-only-node=\"\">Perfetto per chi cerca uno zaino da trail running capiente, ergonomico e altamente traspirante, progettato per affrontare lunghe distanze con efficienza e libert\u00e0 di movimento.<\/p>\n<p><\/p>","protected":false},"excerpt":{"rendered":"<p>Lo zaino Black Diamond Distance 6L \u00e8 pensato per le attivit\u00e0 di endurance che richiedono maggiore autonomia, offrendo il perfetto [&hellip;]<\/p>\n","protected":false},"featured_media":214295,"comment_status":"open","ping_status":"closed","template":"","meta":{"_acf_changed":false},"product_brand":[121],"product_cat":[1466],"product_tag":[],"class_list":{"0":"post-214294","1":"product","2":"type-product","3":"status-publish","4":"has-post-thumbnail","6":"product_brand-black-diamond","7":"product_cat-zaini-trail-running","9":"first","10":"instock","11":"sale","12":"taxable","13":"shipping-taxable","14":"purchasable","15":"product-type-variable"},"acf":[],"yoast_head":"<!-- This site is optimized with the Yoast SEO plugin v26.4 - https:\/\/yoast.com\/wordpress\/plugins\/seo\/ -->\n<title>Black Diamond Distance 6 Vest zaino da trail running - Sestogrado<\/title>\n<meta name=\"description\" content=\"Lo zaino Black Diamond Distance 6L \u00e8 pensato per le attivit\u00e0 di endurance che richiedono maggiore autonomia, offrendo il perfetto equilibrio tra leggerezza, velocit\u00e0 e capacit\u00e0 di carico. Ideale per trail running su lunghe distanze, permette di trasportare tutto l\u2019essenziale senza compromettere la performance.L\u2019ampia tasca lombare consente di riporre facilmente una giacca leggera, snack extra e una lampada frontale, garantendo accesso rapido anche durante la corsa. La costruzione con bordi morbidi e flessibili e struttura in mesh diamond assicura una vestibilit\u00e0 confortevole a contatto diretto con la pelle, riducendo al minimo gli sfregamenti.\" \/>\n<meta name=\"robots\" content=\"index, follow, max-snippet:-1, max-image-preview:large, max-video-preview:-1\" \/>\n<link rel=\"canonical\" href=\"https:\/\/www.sestogrado.it\/it\/prodotto\/black-diamond-distance-6-vest-zaino-da-trail-running\/\" \/>\n<meta property=\"og:locale\" content=\"it_IT\" \/>\n<meta property=\"og:type\" content=\"article\" \/>\n<meta property=\"og:title\" content=\"Black Diamond Distance 6 Vest zaino da trail running - Sestogrado\" \/>\n<meta property=\"og:description\" content=\"Lo zaino Black Diamond Distance 6L \u00e8 pensato per le attivit\u00e0 di endurance che richiedono maggiore autonomia, offrendo il perfetto equilibrio tra leggerezza, velocit\u00e0 e capacit\u00e0 di carico. Ideale per trail running su lunghe distanze, permette di trasportare tutto l\u2019essenziale senza compromettere la performance.L\u2019ampia tasca lombare consente di riporre facilmente una giacca leggera, snack extra e una lampada frontale, garantendo accesso rapido anche durante la corsa. La costruzione con bordi morbidi e flessibili e struttura in mesh diamond assicura una vestibilit\u00e0 confortevole a contatto diretto con la pelle, riducendo al minimo gli sfregamenti.\" \/>\n<meta property=\"og:url\" content=\"https:\/\/www.sestogrado.it\/it\/prodotto\/black-diamond-distance-6-vest-zaino-da-trail-running\/\" \/>\n<meta property=\"og:site_name\" content=\"Sestogrado\" \/>\n<meta property=\"article:publisher\" content=\"https:\/\/www.facebook.com\/pages\/Sestogrado\/1542635979353017?ref=bookmarks\" \/>\n<meta property=\"article:modified_time\" content=\"2026-03-31T08:56:31+00:00\" \/>\n<meta property=\"og:image\" content=\"https:\/\/www.sestogrado.it\/wp-content\/uploads\/2026\/03\/01-16.jpg\" \/>\n\t<meta property=\"og:image:width\" content=\"1000\" \/>\n\t<meta property=\"og:image:height\" content=\"1000\" \/>\n\t<meta property=\"og:image:type\" content=\"image\/jpeg\" \/>\n<meta name=\"twitter:label1\" content=\"Disponibilit\u00e0\" \/>\n\t<meta name=\"twitter:data1\" content=\"In stock\" \/>\n<script type=\"application\/ld+json\" class=\"yoast-schema-graph\">{\"@context\":\"https:\/\/schema.org\",\"@graph\":[{\"@type\":\"WebPage\",\"@id\":\"https:\/\/www.sestogrado.it\/it\/prodotto\/black-diamond-distance-6-vest-zaino-da-trail-running\/\",\"url\":\"https:\/\/www.sestogrado.it\/it\/prodotto\/black-diamond-distance-6-vest-zaino-da-trail-running\/\",\"name\":\"Black Diamond Distance 6 Vest zaino da trail running - Sestogrado\",\"isPartOf\":{\"@id\":\"https:\/\/www.sestogrado.it\/it\/#website\"},\"primaryImageOfPage\":{\"@id\":\"https:\/\/www.sestogrado.it\/it\/prodotto\/black-diamond-distance-6-vest-zaino-da-trail-running\/#primaryimage\"},\"image\":{\"@id\":\"https:\/\/www.sestogrado.it\/prodotto\/black-diamond-distance-6-vest-zaino-da-trail-running\/#primaryimage\"},\"thumbnailUrl\":\"https:\/\/www.sestogrado.it\/wp-content\/uploads\/2026\/03\/01-16.jpg\",\"datePublished\":\"2026-03-27T13:46:51+00:00\",\"dateModified\":\"2026-03-31T08:56:31+00:00\",\"description\":\"Lo zaino Black Diamond Distance 6L \u00e8 pensato per le attivit\u00e0 di endurance che richiedono maggiore autonomia, offrendo il perfetto equilibrio tra leggerezza, velocit\u00e0 e capacit\u00e0 di carico. Ideale per trail running su lunghe distanze, permette di trasportare tutto l\u2019essenziale senza compromettere la performance.L\u2019ampia tasca lombare consente di riporre facilmente una giacca leggera, snack extra e una lampada frontale, garantendo accesso rapido anche durante la corsa. La costruzione con bordi morbidi e flessibili e struttura in mesh diamond assicura una vestibilit\u00e0 confortevole a contatto diretto con la pelle, riducendo al minimo gli sfregamenti.\",\"breadcrumb\":{\"@id\":\"https:\/\/www.sestogrado.it\/it\/prodotto\/black-diamond-distance-6-vest-zaino-da-trail-running\/#breadcrumb\"},\"inLanguage\":\"it-IT\",\"potentialAction\":[{\"@type\":\"ReadAction\",\"target\":[[\"https:\/\/www.sestogrado.it\/it\/prodotto\/black-diamond-distance-6-vest-zaino-da-trail-running\/\"]]}]},{\"@type\":\"ImageObject\",\"inLanguage\":\"it-IT\",\"@id\":\"https:\/\/www.sestogrado.it\/it\/prodotto\/black-diamond-distance-6-vest-zaino-da-trail-running\/#primaryimage\",\"url\":\"https:\/\/www.sestogrado.it\/wp-content\/uploads\/2026\/03\/01-16.jpg\",\"contentUrl\":\"https:\/\/www.sestogrado.it\/wp-content\/uploads\/2026\/03\/01-16.jpg\",\"width\":1000,\"height\":1000,\"caption\":\"distance 6\"},{\"@type\":\"BreadcrumbList\",\"@id\":\"https:\/\/www.sestogrado.it\/it\/prodotto\/black-diamond-distance-6-vest-zaino-da-trail-running\/#breadcrumb\",\"itemListElement\":[{\"@type\":\"ListItem\",\"position\":1,\"name\":\"Home\",\"item\":\"https:\/\/www.sestogrado.it\/it\/\"},{\"@type\":\"ListItem\",\"position\":2,\"name\":\"Shop\",\"item\":\"https:\/\/www.sestogrado.it\/it\/shop\/\"},{\"@type\":\"ListItem\",\"position\":3,\"name\":\"Black Diamond Distance 6 Vest zaino da trail running\"}]},{\"@type\":\"WebSite\",\"@id\":\"https:\/\/www.sestogrado.it\/it\/#website\",\"url\":\"https:\/\/www.sestogrado.it\/it\/\",\"name\":\"Sestogrado\",\"description\":\"yes we climb\",\"publisher\":{\"@id\":\"https:\/\/www.sestogrado.it\/it\/#organization\"},\"potentialAction\":[{\"@type\":\"SearchAction\",\"target\":{\"@type\":\"EntryPoint\",\"urlTemplate\":\"https:\/\/www.sestogrado.it\/it\/?s={search_term_string}\"},\"query-input\":{\"@type\":\"PropertyValueSpecification\",\"valueRequired\":true,\"valueName\":\"search_term_string\"}}],\"inLanguage\":\"it-IT\"},{\"@type\":\"Organization\",\"@id\":\"https:\/\/www.sestogrado.it\/it\/#organization\",\"name\":\"Sestogrado\",\"url\":\"https:\/\/www.sestogrado.it\/it\/\",\"logo\":{\"@type\":\"ImageObject\",\"inLanguage\":\"it-IT\",\"@id\":\"https:\/\/www.sestogrado.it\/it\/#\/schema\/logo\/image\/\",\"url\":\"https:\/\/www.sestogrado.it\/wp-content\/uploads\/2015\/03\/sestogrado-favicon.png\",\"contentUrl\":\"https:\/\/www.sestogrado.it\/wp-content\/uploads\/2015\/03\/sestogrado-favicon.png\",\"width\":260,\"height\":260,\"caption\":\"Sestogrado\"},\"image\":{\"@id\":\"https:\/\/www.sestogrado.it\/it\/#\/schema\/logo\/image\/\"},\"sameAs\":[\"https:\/\/www.facebook.com\/pages\/Sestogrado\/1542635979353017?ref=bookmarks\",\"https:\/\/www.youtube.com\/channel\/UC847kAfTkaJsWpc1jtQwr3Q\"],\"hasMerchantReturnPolicy\":{\"@type\":\"MerchantReturnPolicy\",\"merchantReturnLink\":\"https:\/\/www.sestogrado.it\/it\/termini-e-condizioni\/\"}}]}<\/script>\n<meta property=\"product:brand\" content=\"Black Diamond\" \/>\n<meta property=\"og:availability\" content=\"instock\" \/>\n<meta property=\"product:availability\" content=\"instock\" \/>\n<meta property=\"product:condition\" content=\"new\" \/>\n<!-- \/ Yoast SEO plugin. -->","yoast_head_json":{"title":"Black Diamond Distance 6 Vest zaino da trail running - Sestogrado","description":"Lo zaino Black Diamond Distance 6L \u00e8 pensato per le attivit\u00e0 di endurance che richiedono maggiore autonomia, offrendo il perfetto equilibrio tra leggerezza, velocit\u00e0 e capacit\u00e0 di carico. Ideale per trail running su lunghe distanze, permette di trasportare tutto l\u2019essenziale senza compromettere la performance.L\u2019ampia tasca lombare consente di riporre facilmente una giacca leggera, snack extra e una lampada frontale, garantendo accesso rapido anche durante la corsa. La costruzione con bordi morbidi e flessibili e struttura in mesh diamond assicura una vestibilit\u00e0 confortevole a contatto diretto con la pelle, riducendo al minimo gli sfregamenti.","robots":{"index":"index","follow":"follow","max-snippet":"max-snippet:-1","max-image-preview":"max-image-preview:large","max-video-preview":"max-video-preview:-1"},"canonical":"https:\/\/www.sestogrado.it\/it\/prodotto\/black-diamond-distance-6-vest-zaino-da-trail-running\/","og_locale":"it_IT","og_type":"article","og_title":"Black Diamond Distance 6 Vest zaino da trail running - Sestogrado","og_description":"Lo zaino Black Diamond Distance 6L \u00e8 pensato per le attivit\u00e0 di endurance che richiedono maggiore autonomia, offrendo il perfetto equilibrio tra leggerezza, velocit\u00e0 e capacit\u00e0 di carico. Ideale per trail running su lunghe distanze, permette di trasportare tutto l\u2019essenziale senza compromettere la performance.L\u2019ampia tasca lombare consente di riporre facilmente una giacca leggera, snack extra e una lampada frontale, garantendo accesso rapido anche durante la corsa. La costruzione con bordi morbidi e flessibili e struttura in mesh diamond assicura una vestibilit\u00e0 confortevole a contatto diretto con la pelle, riducendo al minimo gli sfregamenti.","og_url":"https:\/\/www.sestogrado.it\/it\/prodotto\/black-diamond-distance-6-vest-zaino-da-trail-running\/","og_site_name":"Sestogrado","article_publisher":"https:\/\/www.facebook.com\/pages\/Sestogrado\/1542635979353017?ref=bookmarks","article_modified_time":"2026-03-31T08:56:31+00:00","og_image":[{"width":1000,"height":1000,"url":"https:\/\/www.sestogrado.it\/wp-content\/uploads\/2026\/03\/01-16.jpg","type":"image\/jpeg"}],"twitter_misc":{"Disponibilit\u00e0":"In stock"},"schema":{"@context":"https:\/\/schema.org","@graph":[{"@type":"WebPage","@id":"https:\/\/www.sestogrado.it\/it\/prodotto\/black-diamond-distance-6-vest-zaino-da-trail-running\/","url":"https:\/\/www.sestogrado.it\/it\/prodotto\/black-diamond-distance-6-vest-zaino-da-trail-running\/","name":"Black Diamond Distance 6 Vest zaino da trail running - Sestogrado","isPartOf":{"@id":"https:\/\/www.sestogrado.it\/it\/#website"},"primaryImageOfPage":{"@id":"https:\/\/www.sestogrado.it\/it\/prodotto\/black-diamond-distance-6-vest-zaino-da-trail-running\/#primaryimage"},"image":{"@id":"https:\/\/www.sestogrado.it\/prodotto\/black-diamond-distance-6-vest-zaino-da-trail-running\/#primaryimage"},"thumbnailUrl":"https:\/\/www.sestogrado.it\/wp-content\/uploads\/2026\/03\/01-16.jpg","datePublished":"2026-03-27T13:46:51+00:00","dateModified":"2026-03-31T08:56:31+00:00","description":"Lo zaino Black Diamond Distance 6L \u00e8 pensato per le attivit\u00e0 di endurance che richiedono maggiore autonomia, offrendo il perfetto equilibrio tra leggerezza, velocit\u00e0 e capacit\u00e0 di carico. Ideale per trail running su lunghe distanze, permette di trasportare tutto l\u2019essenziale senza compromettere la performance.L\u2019ampia tasca lombare consente di riporre facilmente una giacca leggera, snack extra e una lampada frontale, garantendo accesso rapido anche durante la corsa. La costruzione con bordi morbidi e flessibili e struttura in mesh diamond assicura una vestibilit\u00e0 confortevole a contatto diretto con la pelle, riducendo al minimo gli sfregamenti.","breadcrumb":{"@id":"https:\/\/www.sestogrado.it\/it\/prodotto\/black-diamond-distance-6-vest-zaino-da-trail-running\/#breadcrumb"},"inLanguage":"it-IT","potentialAction":[{"@type":"ReadAction","target":[["https:\/\/www.sestogrado.it\/it\/prodotto\/black-diamond-distance-6-vest-zaino-da-trail-running\/"]]}]},{"@type":"ImageObject","inLanguage":"it-IT","@id":"https:\/\/www.sestogrado.it\/it\/prodotto\/black-diamond-distance-6-vest-zaino-da-trail-running\/#primaryimage","url":"https:\/\/www.sestogrado.it\/wp-content\/uploads\/2026\/03\/01-16.jpg","contentUrl":"https:\/\/www.sestogrado.it\/wp-content\/uploads\/2026\/03\/01-16.jpg","width":1000,"height":1000,"caption":"distance 6"},{"@type":"BreadcrumbList","@id":"https:\/\/www.sestogrado.it\/it\/prodotto\/black-diamond-distance-6-vest-zaino-da-trail-running\/#breadcrumb","itemListElement":[{"@type":"ListItem","position":1,"name":"Home","item":"https:\/\/www.sestogrado.it\/it\/"},{"@type":"ListItem","position":2,"name":"Shop","item":"https:\/\/www.sestogrado.it\/it\/shop\/"},{"@type":"ListItem","position":3,"name":"Black Diamond Distance 6 Vest zaino da trail running"}]},{"@type":"WebSite","@id":"https:\/\/www.sestogrado.it\/it\/#website","url":"https:\/\/www.sestogrado.it\/it\/","name":"Sestogrado","description":"yes we climb","publisher":{"@id":"https:\/\/www.sestogrado.it\/it\/#organization"},"potentialAction":[{"@type":"SearchAction","target":{"@type":"EntryPoint","urlTemplate":"https:\/\/www.sestogrado.it\/it\/?s={search_term_string}"},"query-input":{"@type":"PropertyValueSpecification","valueRequired":true,"valueName":"search_term_string"}}],"inLanguage":"it-IT"},{"@type":"Organization","@id":"https:\/\/www.sestogrado.it\/it\/#organization","name":"Sestogrado","url":"https:\/\/www.sestogrado.it\/it\/","logo":{"@type":"ImageObject","inLanguage":"it-IT","@id":"https:\/\/www.sestogrado.it\/it\/#\/schema\/logo\/image\/","url":"https:\/\/www.sestogrado.it\/wp-content\/uploads\/2015\/03\/sestogrado-favicon.png","contentUrl":"https:\/\/www.sestogrado.it\/wp-content\/uploads\/2015\/03\/sestogrado-favicon.png","width":260,"height":260,"caption":"Sestogrado"},"image":{"@id":"https:\/\/www.sestogrado.it\/it\/#\/schema\/logo\/image\/"},"sameAs":["https:\/\/www.facebook.com\/pages\/Sestogrado\/1542635979353017?ref=bookmarks","https:\/\/www.youtube.com\/channel\/UC847kAfTkaJsWpc1jtQwr3Q"],"hasMerchantReturnPolicy":{"@type":"MerchantReturnPolicy","merchantReturnLink":"https:\/\/www.sestogrado.it\/it\/termini-e-condizioni\/"}}]},"product_brand":"Black Diamond","og_availability":"instock","product_availability":"instock","product_condition":"new"},"_links":{"self":[{"href":"https:\/\/www.sestogrado.it\/it\/wp-json\/wp\/v2\/product\/214294","targetHints":{"allow":["GET"]}}],"collection":[{"href":"https:\/\/www.sestogrado.it\/it\/wp-json\/wp\/v2\/product"}],"about":[{"href":"https:\/\/www.sestogrado.it\/it\/wp-json\/wp\/v2\/types\/product"}],"replies":[{"embeddable":true,"href":"https:\/\/www.sestogrado.it\/it\/wp-json\/wp\/v2\/comments?post=214294"}],"wp:featuredmedia":[{"embeddable":true,"href":"https:\/\/www.sestogrado.it\/it\/wp-json\/wp\/v2\/media\/214295"}],"wp:attachment":[{"href":"https:\/\/www.sestogrado.it\/it\/wp-json\/wp\/v2\/media?parent=214294"}],"wp:term":[{"taxonomy":"product_brand","embeddable":true,"href":"https:\/\/www.sestogrado.it\/it\/wp-json\/wp\/v2\/product_brand?post=214294"},{"taxonomy":"product_cat","embeddable":true,"href":"https:\/\/www.sestogrado.it\/it\/wp-json\/wp\/v2\/product_cat?post=214294"},{"taxonomy":"product_tag","embeddable":true,"href":"https:\/\/www.sestogrado.it\/it\/wp-json\/wp\/v2\/product_tag?post=214294"}],"curies":[{"name":"wp","href":"https:\/\/api.w.org\/{rel}","templated":true}]}}