{"id":214251,"date":"2026-03-10T10:11:05","date_gmt":"2026-03-10T09:11:05","guid":{"rendered":"https:\/\/www.sestogrado.it\/?post_type=product&#038;p=214251"},"modified":"2026-03-30T12:10:23","modified_gmt":"2026-03-30T10:10:23","slug":"camp-trail-force-10-zaino-da-trail-running","status":"publish","type":"product","link":"https:\/\/www.sestogrado.it\/it\/prodotto\/camp-trail-force-10-zaino-da-trail-running\/","title":{"rendered":"Camp Trail Force 10 zaino da trail running"},"content":{"rendered":"<p>Il Trail Force 10, completamente rinnovato, presenta gli stessi dettagli tecnici del <a href=\"https:\/\/www.sestogrado.it\/it\/prodotto\/camp-trail-force-5-zaino-da-trail-running\/\" target=\"_blank\" rel=\"noopener\">Trail Force 5<\/a>, da cui si differenzia per la maggiore capacit\u00e0 di carico. \u00c8 quindi ideale per competizioni pi\u00f9 lunghe, che richiedono una maggiore quantit\u00e0 di materiale, e inoltre per tutte le uscite all\u2019aria aperta di chi vuole uno zaino estremamente comodo, che mette a immediata disposizione cibo, bevande e il resto dell\u2019equipaggiamento. Il Trail Force 10 \u00e8 infatti studiato per garantire il massimo del comfort e della funzionalit\u00e0. Gli spallacci e lo schienale in rete 3D si adattano perfettamente al corpo in movimento assicurando un\u2019eccellente ventilazione, mentre le bordature in tessuto morbido impediscono abrasioni sulla pelle e sull\u2019abbigliamento. Il sistema di chiusura frontale \u00e8 pratico e veloce, e insieme al sistema di regolazione laterale assicura un fitting perfetto e la massima stabilizzazione del carico. L\u2019innovativo porta bastoncini, derivato dal porta sci X-Press degli zaini da scialpinismo, consente di riporre o estrarre gli attrezzi senza fermarsi. Il sistema presenta elastici separati con clip da fissare direttamente a ciascun bastoncino (appena sotto l\u2019impugnatura) prima della gara. Un apposito moschettone permette di collegare tra loro gli elastici (e quindi i bastoncini) e di fissare rapidamente questa estremit\u00e0 degli attrezzi a una delle asole posteriori dello zaino. L\u2019altra estremit\u00e0 (quella del puntale) si fissa invece mediante un gancio (dotato di elastico, regolabile e rimovibile) a uno degli spallacci.<\/p>\n<ul>\n<li>Parte superiore in tessuto elastico in 2 direzioni, super leggero, con trattamento idrorepellente e ad asciugatura rapida<\/li>\n<li>Parte inferiore in morbida mesh elastica, traspirante e leggera<\/li>\n<li>Spallacci e schienale in morbida e leggerissima rete 3D<\/li>\n<li>Bordature soft<\/li>\n<li>Tasca con zip sullo spallaccio destro per cellulare<\/li>\n<li>Tasca con zip sullo spallaccio sinistro per piccoli oggetti (gel, chiavi ecc.)<\/li>\n<li>2 tasche porta Soft Flask sugli spallacci, compatibili con le SF 300 ml e 600 ml e provviste di cordino elastico per tenere in posizione le borracce quando non sono piene<\/li>\n<li>2 ampie tasche supplementari sugli spallacci per guanti, gel ecc.<\/li>\n<li>Vano posteriore principale con chiusura zip facilmente accessibile dall\u2019alto, con sistema di cordini elastici per comprimere e stabilizzare il carico<\/li>\n<li>Pratica tasca posteriore per riporre\/estrarre indumenti durante la corsa senza togliere lo zaino, con apertura elastica facilmente accessibile senza zip o velcro<\/li>\n<li>Taschine laterali con zip<\/li>\n<li>Innovativo e veloce sistema di chiusura frontale, con cordlock e cordini elastici per una stabilit\u00e0 ottimale<\/li>\n<li>Pratico e veloce sistema di regolazione laterale della larghezza, con elastici<\/li>\n<li>Innovativo porta bastoncini derivato dal sistema porta sci X-Press degli zaini da scialpinismo, per riporre\/estrarre i bastoncini durante la corsa senza togliere lo zaino<\/li>\n<li>Asole posteriori per aggancio porta bastoncini, pettorina gara, chip e\/o lampade di segnalazione<\/li>\n<li>Predisposto per hydrobag<\/li>\n<li>Taglie:<\/li>\n<li>XS-M circonferenza petto 69-85cm (altezza 150-175 cm)<\/li>\n<li>M-L circonferenza petto 85-115cm (altezza 175-195 cm)<\/li>\n<\/ul>\n<p>&nbsp;<\/p>","protected":false},"excerpt":{"rendered":"<p>Il Trail Force 10, completamente rinnovato, presenta gli stessi dettagli tecnici del Trail Force 5, da cui si differenzia per [&hellip;]<\/p>\n","protected":false},"featured_media":214254,"comment_status":"open","ping_status":"closed","template":"","meta":{"_acf_changed":false},"product_brand":[31],"product_cat":[1466],"product_tag":[],"class_list":{"0":"post-214251","1":"product","2":"type-product","3":"status-publish","4":"has-post-thumbnail","6":"product_brand-camp","7":"product_cat-zaini-trail-running","9":"first","10":"instock","11":"sale","12":"taxable","13":"shipping-taxable","14":"purchasable","15":"product-type-variable"},"acf":[],"yoast_head":"<!-- This site is optimized with the Yoast SEO plugin v26.4 - https:\/\/yoast.com\/wordpress\/plugins\/seo\/ -->\n<title>Camp Trail Force 10 zaino da trail running - Sestogrado<\/title>\n<meta name=\"description\" content=\"Il Trail Force 10, completamente rinnovato, presenta gli stessi dettagli tecnici del Trail Force 5, da cui si differenzia per la maggiore capacit\u00e0 di carico. \u00c8 quindi ideale per competizioni pi\u00f9 lunghe, che richiedono una maggiore quantit\u00e0 di materiale, e inoltre per tutte le uscite all\u2019aria aperta di chi vuole uno zaino estremamente comodo, che mette a immediata disposizione cibo, bevande e il resto dell\u2019equipaggiamento. Il Trail Force 10 \u00e8 infatti studiato per garantire il massimo del comfort e della funzionalit\u00e0.\" \/>\n<meta name=\"robots\" content=\"index, follow, max-snippet:-1, max-image-preview:large, max-video-preview:-1\" \/>\n<link rel=\"canonical\" href=\"https:\/\/www.sestogrado.it\/it\/prodotto\/camp-trail-force-10-zaino-da-trail-running\/\" \/>\n<meta property=\"og:locale\" content=\"it_IT\" \/>\n<meta property=\"og:type\" content=\"article\" \/>\n<meta property=\"og:title\" content=\"Camp Trail Force 10 zaino da trail running - Sestogrado\" \/>\n<meta property=\"og:description\" content=\"Il Trail Force 10, completamente rinnovato, presenta gli stessi dettagli tecnici del Trail Force 5, da cui si differenzia per la maggiore capacit\u00e0 di carico. \u00c8 quindi ideale per competizioni pi\u00f9 lunghe, che richiedono una maggiore quantit\u00e0 di materiale, e inoltre per tutte le uscite all\u2019aria aperta di chi vuole uno zaino estremamente comodo, che mette a immediata disposizione cibo, bevande e il resto dell\u2019equipaggiamento. Il Trail Force 10 \u00e8 infatti studiato per garantire il massimo del comfort e della funzionalit\u00e0.\" \/>\n<meta property=\"og:url\" content=\"https:\/\/www.sestogrado.it\/it\/prodotto\/camp-trail-force-10-zaino-da-trail-running\/\" \/>\n<meta property=\"og:site_name\" content=\"Sestogrado\" \/>\n<meta property=\"article:publisher\" content=\"https:\/\/www.facebook.com\/pages\/Sestogrado\/1542635979353017?ref=bookmarks\" \/>\n<meta property=\"article:modified_time\" content=\"2026-03-30T10:10:23+00:00\" \/>\n<meta property=\"og:image\" content=\"https:\/\/www.sestogrado.it\/wp-content\/uploads\/2026\/03\/01-13.jpg\" \/>\n\t<meta property=\"og:image:width\" content=\"1000\" \/>\n\t<meta property=\"og:image:height\" content=\"1000\" \/>\n\t<meta property=\"og:image:type\" content=\"image\/jpeg\" \/>\n<meta name=\"twitter:label1\" content=\"Disponibilit\u00e0\" \/>\n\t<meta name=\"twitter:data1\" content=\"In stock\" \/>\n<script type=\"application\/ld+json\" class=\"yoast-schema-graph\">{\"@context\":\"https:\/\/schema.org\",\"@graph\":[{\"@type\":\"WebPage\",\"@id\":\"https:\/\/www.sestogrado.it\/it\/prodotto\/camp-trail-force-10-zaino-da-trail-running\/\",\"url\":\"https:\/\/www.sestogrado.it\/it\/prodotto\/camp-trail-force-10-zaino-da-trail-running\/\",\"name\":\"Camp Trail Force 10 zaino da trail running - Sestogrado\",\"isPartOf\":{\"@id\":\"https:\/\/www.sestogrado.it\/it\/#website\"},\"primaryImageOfPage\":{\"@id\":\"https:\/\/www.sestogrado.it\/it\/prodotto\/camp-trail-force-10-zaino-da-trail-running\/#primaryimage\"},\"image\":{\"@id\":\"https:\/\/www.sestogrado.it\/prodotto\/camp-trail-force-10-zaino-da-trail-running\/#primaryimage\"},\"thumbnailUrl\":\"https:\/\/www.sestogrado.it\/wp-content\/uploads\/2026\/03\/01-13.jpg\",\"datePublished\":\"2026-03-10T09:11:05+00:00\",\"dateModified\":\"2026-03-30T10:10:23+00:00\",\"description\":\"Il Trail Force 10, completamente rinnovato, presenta gli stessi dettagli tecnici del Trail Force 5, da cui si differenzia per la maggiore capacit\u00e0 di carico. \u00c8 quindi ideale per competizioni pi\u00f9 lunghe, che richiedono una maggiore quantit\u00e0 di materiale, e inoltre per tutte le uscite all\u2019aria aperta di chi vuole uno zaino estremamente comodo, che mette a immediata disposizione cibo, bevande e il resto dell\u2019equipaggiamento. Il Trail Force 10 \u00e8 infatti studiato per garantire il massimo del comfort e della funzionalit\u00e0.\",\"breadcrumb\":{\"@id\":\"https:\/\/www.sestogrado.it\/it\/prodotto\/camp-trail-force-10-zaino-da-trail-running\/#breadcrumb\"},\"inLanguage\":\"it-IT\",\"potentialAction\":[{\"@type\":\"ReadAction\",\"target\":[[\"https:\/\/www.sestogrado.it\/it\/prodotto\/camp-trail-force-10-zaino-da-trail-running\/\"]]}]},{\"@type\":\"ImageObject\",\"inLanguage\":\"it-IT\",\"@id\":\"https:\/\/www.sestogrado.it\/it\/prodotto\/camp-trail-force-10-zaino-da-trail-running\/#primaryimage\",\"url\":\"https:\/\/www.sestogrado.it\/wp-content\/uploads\/2026\/03\/01-13.jpg\",\"contentUrl\":\"https:\/\/www.sestogrado.it\/wp-content\/uploads\/2026\/03\/01-13.jpg\",\"width\":1000,\"height\":1000,\"caption\":\"camp trail force 10\"},{\"@type\":\"BreadcrumbList\",\"@id\":\"https:\/\/www.sestogrado.it\/it\/prodotto\/camp-trail-force-10-zaino-da-trail-running\/#breadcrumb\",\"itemListElement\":[{\"@type\":\"ListItem\",\"position\":1,\"name\":\"Home\",\"item\":\"https:\/\/www.sestogrado.it\/it\/\"},{\"@type\":\"ListItem\",\"position\":2,\"name\":\"Shop\",\"item\":\"https:\/\/www.sestogrado.it\/it\/shop\/\"},{\"@type\":\"ListItem\",\"position\":3,\"name\":\"Camp Trail Force 10 zaino da trail running\"}]},{\"@type\":\"WebSite\",\"@id\":\"https:\/\/www.sestogrado.it\/it\/#website\",\"url\":\"https:\/\/www.sestogrado.it\/it\/\",\"name\":\"Sestogrado\",\"description\":\"yes we climb\",\"publisher\":{\"@id\":\"https:\/\/www.sestogrado.it\/it\/#organization\"},\"potentialAction\":[{\"@type\":\"SearchAction\",\"target\":{\"@type\":\"EntryPoint\",\"urlTemplate\":\"https:\/\/www.sestogrado.it\/it\/?s={search_term_string}\"},\"query-input\":{\"@type\":\"PropertyValueSpecification\",\"valueRequired\":true,\"valueName\":\"search_term_string\"}}],\"inLanguage\":\"it-IT\"},{\"@type\":\"Organization\",\"@id\":\"https:\/\/www.sestogrado.it\/it\/#organization\",\"name\":\"Sestogrado\",\"url\":\"https:\/\/www.sestogrado.it\/it\/\",\"logo\":{\"@type\":\"ImageObject\",\"inLanguage\":\"it-IT\",\"@id\":\"https:\/\/www.sestogrado.it\/it\/#\/schema\/logo\/image\/\",\"url\":\"https:\/\/www.sestogrado.it\/wp-content\/uploads\/2015\/03\/sestogrado-favicon.png\",\"contentUrl\":\"https:\/\/www.sestogrado.it\/wp-content\/uploads\/2015\/03\/sestogrado-favicon.png\",\"width\":260,\"height\":260,\"caption\":\"Sestogrado\"},\"image\":{\"@id\":\"https:\/\/www.sestogrado.it\/it\/#\/schema\/logo\/image\/\"},\"sameAs\":[\"https:\/\/www.facebook.com\/pages\/Sestogrado\/1542635979353017?ref=bookmarks\",\"https:\/\/www.youtube.com\/channel\/UC847kAfTkaJsWpc1jtQwr3Q\"],\"hasMerchantReturnPolicy\":{\"@type\":\"MerchantReturnPolicy\",\"merchantReturnLink\":\"https:\/\/www.sestogrado.it\/it\/termini-e-condizioni\/\"}}]}<\/script>\n<meta property=\"product:brand\" content=\"Camp\" \/>\n<meta property=\"og:availability\" content=\"instock\" \/>\n<meta property=\"product:availability\" content=\"instock\" \/>\n<meta property=\"product:condition\" content=\"new\" \/>\n<!-- \/ Yoast SEO plugin. -->","yoast_head_json":{"title":"Camp Trail Force 10 zaino da trail running - Sestogrado","description":"Il Trail Force 10, completamente rinnovato, presenta gli stessi dettagli tecnici del Trail Force 5, da cui si differenzia per la maggiore capacit\u00e0 di carico. \u00c8 quindi ideale per competizioni pi\u00f9 lunghe, che richiedono una maggiore quantit\u00e0 di materiale, e inoltre per tutte le uscite all\u2019aria aperta di chi vuole uno zaino estremamente comodo, che mette a immediata disposizione cibo, bevande e il resto dell\u2019equipaggiamento. Il Trail Force 10 \u00e8 infatti studiato per garantire il massimo del comfort e della funzionalit\u00e0.","robots":{"index":"index","follow":"follow","max-snippet":"max-snippet:-1","max-image-preview":"max-image-preview:large","max-video-preview":"max-video-preview:-1"},"canonical":"https:\/\/www.sestogrado.it\/it\/prodotto\/camp-trail-force-10-zaino-da-trail-running\/","og_locale":"it_IT","og_type":"article","og_title":"Camp Trail Force 10 zaino da trail running - Sestogrado","og_description":"Il Trail Force 10, completamente rinnovato, presenta gli stessi dettagli tecnici del Trail Force 5, da cui si differenzia per la maggiore capacit\u00e0 di carico. \u00c8 quindi ideale per competizioni pi\u00f9 lunghe, che richiedono una maggiore quantit\u00e0 di materiale, e inoltre per tutte le uscite all\u2019aria aperta di chi vuole uno zaino estremamente comodo, che mette a immediata disposizione cibo, bevande e il resto dell\u2019equipaggiamento. Il Trail Force 10 \u00e8 infatti studiato per garantire il massimo del comfort e della funzionalit\u00e0.","og_url":"https:\/\/www.sestogrado.it\/it\/prodotto\/camp-trail-force-10-zaino-da-trail-running\/","og_site_name":"Sestogrado","article_publisher":"https:\/\/www.facebook.com\/pages\/Sestogrado\/1542635979353017?ref=bookmarks","article_modified_time":"2026-03-30T10:10:23+00:00","og_image":[{"width":1000,"height":1000,"url":"https:\/\/www.sestogrado.it\/wp-content\/uploads\/2026\/03\/01-13.jpg","type":"image\/jpeg"}],"twitter_misc":{"Disponibilit\u00e0":"In stock"},"schema":{"@context":"https:\/\/schema.org","@graph":[{"@type":"WebPage","@id":"https:\/\/www.sestogrado.it\/it\/prodotto\/camp-trail-force-10-zaino-da-trail-running\/","url":"https:\/\/www.sestogrado.it\/it\/prodotto\/camp-trail-force-10-zaino-da-trail-running\/","name":"Camp Trail Force 10 zaino da trail running - Sestogrado","isPartOf":{"@id":"https:\/\/www.sestogrado.it\/it\/#website"},"primaryImageOfPage":{"@id":"https:\/\/www.sestogrado.it\/it\/prodotto\/camp-trail-force-10-zaino-da-trail-running\/#primaryimage"},"image":{"@id":"https:\/\/www.sestogrado.it\/prodotto\/camp-trail-force-10-zaino-da-trail-running\/#primaryimage"},"thumbnailUrl":"https:\/\/www.sestogrado.it\/wp-content\/uploads\/2026\/03\/01-13.jpg","datePublished":"2026-03-10T09:11:05+00:00","dateModified":"2026-03-30T10:10:23+00:00","description":"Il Trail Force 10, completamente rinnovato, presenta gli stessi dettagli tecnici del Trail Force 5, da cui si differenzia per la maggiore capacit\u00e0 di carico. \u00c8 quindi ideale per competizioni pi\u00f9 lunghe, che richiedono una maggiore quantit\u00e0 di materiale, e inoltre per tutte le uscite all\u2019aria aperta di chi vuole uno zaino estremamente comodo, che mette a immediata disposizione cibo, bevande e il resto dell\u2019equipaggiamento. Il Trail Force 10 \u00e8 infatti studiato per garantire il massimo del comfort e della funzionalit\u00e0.","breadcrumb":{"@id":"https:\/\/www.sestogrado.it\/it\/prodotto\/camp-trail-force-10-zaino-da-trail-running\/#breadcrumb"},"inLanguage":"it-IT","potentialAction":[{"@type":"ReadAction","target":[["https:\/\/www.sestogrado.it\/it\/prodotto\/camp-trail-force-10-zaino-da-trail-running\/"]]}]},{"@type":"ImageObject","inLanguage":"it-IT","@id":"https:\/\/www.sestogrado.it\/it\/prodotto\/camp-trail-force-10-zaino-da-trail-running\/#primaryimage","url":"https:\/\/www.sestogrado.it\/wp-content\/uploads\/2026\/03\/01-13.jpg","contentUrl":"https:\/\/www.sestogrado.it\/wp-content\/uploads\/2026\/03\/01-13.jpg","width":1000,"height":1000,"caption":"camp trail force 10"},{"@type":"BreadcrumbList","@id":"https:\/\/www.sestogrado.it\/it\/prodotto\/camp-trail-force-10-zaino-da-trail-running\/#breadcrumb","itemListElement":[{"@type":"ListItem","position":1,"name":"Home","item":"https:\/\/www.sestogrado.it\/it\/"},{"@type":"ListItem","position":2,"name":"Shop","item":"https:\/\/www.sestogrado.it\/it\/shop\/"},{"@type":"ListItem","position":3,"name":"Camp Trail Force 10 zaino da trail running"}]},{"@type":"WebSite","@id":"https:\/\/www.sestogrado.it\/it\/#website","url":"https:\/\/www.sestogrado.it\/it\/","name":"Sestogrado","description":"yes we climb","publisher":{"@id":"https:\/\/www.sestogrado.it\/it\/#organization"},"potentialAction":[{"@type":"SearchAction","target":{"@type":"EntryPoint","urlTemplate":"https:\/\/www.sestogrado.it\/it\/?s={search_term_string}"},"query-input":{"@type":"PropertyValueSpecification","valueRequired":true,"valueName":"search_term_string"}}],"inLanguage":"it-IT"},{"@type":"Organization","@id":"https:\/\/www.sestogrado.it\/it\/#organization","name":"Sestogrado","url":"https:\/\/www.sestogrado.it\/it\/","logo":{"@type":"ImageObject","inLanguage":"it-IT","@id":"https:\/\/www.sestogrado.it\/it\/#\/schema\/logo\/image\/","url":"https:\/\/www.sestogrado.it\/wp-content\/uploads\/2015\/03\/sestogrado-favicon.png","contentUrl":"https:\/\/www.sestogrado.it\/wp-content\/uploads\/2015\/03\/sestogrado-favicon.png","width":260,"height":260,"caption":"Sestogrado"},"image":{"@id":"https:\/\/www.sestogrado.it\/it\/#\/schema\/logo\/image\/"},"sameAs":["https:\/\/www.facebook.com\/pages\/Sestogrado\/1542635979353017?ref=bookmarks","https:\/\/www.youtube.com\/channel\/UC847kAfTkaJsWpc1jtQwr3Q"],"hasMerchantReturnPolicy":{"@type":"MerchantReturnPolicy","merchantReturnLink":"https:\/\/www.sestogrado.it\/it\/termini-e-condizioni\/"}}]},"product_brand":"Camp","og_availability":"instock","product_availability":"instock","product_condition":"new"},"_links":{"self":[{"href":"https:\/\/www.sestogrado.it\/it\/wp-json\/wp\/v2\/product\/214251","targetHints":{"allow":["GET"]}}],"collection":[{"href":"https:\/\/www.sestogrado.it\/it\/wp-json\/wp\/v2\/product"}],"about":[{"href":"https:\/\/www.sestogrado.it\/it\/wp-json\/wp\/v2\/types\/product"}],"replies":[{"embeddable":true,"href":"https:\/\/www.sestogrado.it\/it\/wp-json\/wp\/v2\/comments?post=214251"}],"wp:featuredmedia":[{"embeddable":true,"href":"https:\/\/www.sestogrado.it\/it\/wp-json\/wp\/v2\/media\/214254"}],"wp:attachment":[{"href":"https:\/\/www.sestogrado.it\/it\/wp-json\/wp\/v2\/media?parent=214251"}],"wp:term":[{"taxonomy":"product_brand","embeddable":true,"href":"https:\/\/www.sestogrado.it\/it\/wp-json\/wp\/v2\/product_brand?post=214251"},{"taxonomy":"product_cat","embeddable":true,"href":"https:\/\/www.sestogrado.it\/it\/wp-json\/wp\/v2\/product_cat?post=214251"},{"taxonomy":"product_tag","embeddable":true,"href":"https:\/\/www.sestogrado.it\/it\/wp-json\/wp\/v2\/product_tag?post=214251"}],"curies":[{"name":"wp","href":"https:\/\/api.w.org\/{rel}","templated":true}]}}