{"id":213223,"date":"2026-03-25T11:15:02","date_gmt":"2026-03-25T10:15:02","guid":{"rendered":"https:\/\/www.sestogrado.it\/?post_type=product&#038;p=213223"},"modified":"2026-03-25T11:15:03","modified_gmt":"2026-03-25T10:15:03","slug":"camp-expression-9-8-corda-arrampicata","status":"publish","type":"product","link":"https:\/\/www.sestogrado.it\/it\/prodotto\/camp-expression-9-8-corda-arrampicata\/","title":{"rendered":"Camp Expression 9.8 corda arrampicata"},"content":{"rendered":"<p><\/p>\n<p data-start=\"89\" data-end=\"316\">La <strong>CAMP Expression 9.8<\/strong> \u00e8 una corda dinamica progettata per offrire grande robustezza, affidabilit\u00e0 e durata nel tempo, risultando ideale per un utilizzo intensivo sia in palestra di arrampicata sia in falesia.<\/p>\n<p data-start=\"318\" data-end=\"675\">Con il suo diametro da 9,8 mm, questa corda garantisce un eccellente equilibrio tra resistenza all\u2019usura, controllo e facilit\u00e0 di gestione, mantenendo le proprie prestazioni pi\u00f9 a lungo rispetto a modelli con diametri pi\u00f9 sottili. \u00c8 quindi particolarmente adatta per progressioni in moulinette, sessioni indoor frequenti e allenamenti intensivi.<\/p>\n<p data-start=\"677\" data-end=\"899\">Grazie alla sua costruzione solida e affidabile, la Expression 9.8 rappresenta anche una scelta perfetta per chi si avvicina all\u2019arrampicata sportiva, offrendo sicurezza, durata e un ottimo rapporto qualit\u00e0-prezzo.<\/p>\n<p data-start=\"901\" data-end=\"1153\">Il sistema <strong>Untwisted Packag<\/strong>e consente di utilizzare la corda immediatamente dopo l\u2019apertura della confezione, evitando grovigli e torsioni, mentre la marcatura centrale (<strong>Middle Mark<\/strong>) facilita le manovre e aumenta la sicurezza durante le calate.<\/p>\n<ul>\n<li data-section-id=\"1mym59b\" data-start=\"1187\" data-end=\"1266\">\n<p data-start=\"1189\" data-end=\"1266\">Corda dinamica intera robusta e durevole, ideale per utilizzo intensivo<\/p>\n<\/li>\n<li data-section-id=\"xwynee\" data-start=\"1267\" data-end=\"1345\">\n<p data-start=\"1269\" data-end=\"1345\">Diametro da 9,8 mm che assicura maggiore durata e gestione controllata<\/p>\n<\/li>\n<li data-section-id=\"1oxq08k\" data-start=\"1346\" data-end=\"1421\">\n<p data-start=\"1348\" data-end=\"1421\">Perfetta per arrampicata indoor, moulinette e allenamento frequente<\/p>\n<\/li>\n<li data-section-id=\"1s1m126\" data-start=\"1422\" data-end=\"1512\">\n<p data-start=\"1424\" data-end=\"1512\">Ottimo rapporto qualit\u00e0-prezzo, ideale anche per chi inizia l\u2019arrampicata sportiva<\/p>\n<\/li>\n<li data-section-id=\"cwc2fw\" data-start=\"1513\" data-end=\"1604\">\n<p data-start=\"1515\" data-end=\"1604\">Untwisted Package: confezionamento che permette l\u2019utilizzo immediato senza grovigli<\/p>\n<\/li>\n<li data-section-id=\"1m0g4bg\" data-start=\"1605\" data-end=\"1679\">\n<p data-start=\"1607\" data-end=\"1679\">Middle Mark: marcatura centrale per facilitare le manovre di corda<\/p>\n<\/li>\n<li data-section-id=\"otq43s\" data-start=\"1680\" data-end=\"1735\">\n<p data-start=\"1682\" data-end=\"1735\">Packaging realizzato con materiali 100% riciclati<\/p>\n<\/li>\n<\/ul>\n<p>&nbsp;<\/p>\n<p>Solida, affidabile e progettata per durare nel tempo, la CAMP Expression 9.8 \u00e8 la scelta ideale per <strong data-start=\"1837\" data-end=\"1947\">palestra, scuole di arrampicata e climber che cercano una corda resistente per allenarsi senza compromessi<\/strong>.<\/p>\n<p>&nbsp;<\/p>\n<p>&nbsp;<\/p>\n<p>C.A.M.P.\u00a0 &#8211; Concezione Articoli Montagna Premana<\/p>\n<p>Passione, lavoro e semplicit\u00e0 sono alcune delle parole chiave che da sempre hanno contraddistinto il modo di essere di C.A.M.P.<\/p>\n<p>Fondata nel\u00a01889 a Premana, paese dell\u2019alta Valsassina dove tutt\u2019oggi ha la sua sede, C.A.M.P.\u00a0realizza\u00a0prodotti che aiutano a realizzare i sogni ed i progetti di tutti coloro che frequentano la montagna.<\/p>","protected":false},"excerpt":{"rendered":"<p>La CAMP Expression 9.8 \u00e8 una corda dinamica progettata per offrire grande robustezza, affidabilit\u00e0 e durata nel tempo, risultando ideale [&hellip;]<\/p>\n","protected":false},"featured_media":213224,"comment_status":"open","ping_status":"closed","template":"","meta":{"_acf_changed":false},"product_brand":[31],"product_cat":[136],"product_tag":[],"class_list":{"0":"post-213223","1":"product","2":"type-product","3":"status-publish","4":"has-post-thumbnail","6":"product_brand-camp","7":"product_cat-corde-corde","9":"first","10":"instock","11":"sale","12":"taxable","13":"shipping-taxable","14":"purchasable","15":"product-type-variable"},"acf":[],"yoast_head":"<!-- This site is optimized with the Yoast SEO plugin v26.4 - https:\/\/yoast.com\/wordpress\/plugins\/seo\/ -->\n<title>Camp Expression 9.8 corda arrampicata - Sestogrado<\/title>\n<meta name=\"description\" content=\"La CAMP Expression 9.8 \u00e8 una corda dinamica progettata per offrire grande robustezza, affidabilit\u00e0 e durata nel tempo, risultando ideale per un utilizzo intensivo sia in palestra di arrampicata sia in falesia.Con il suo diametro da 9,8 mm, questa corda garantisce un eccellente equilibrio tra resistenza all\u2019usura, controllo e facilit\u00e0 di gestione, mantenendo le proprie prestazioni pi\u00f9 a lungo rispetto a modelli con diametri pi\u00f9 sottili. \u00c8 quindi particolarmente adatta per progressioni in moulinette, sessioni indoor frequenti e allenamenti intensivi.\" \/>\n<meta name=\"robots\" content=\"index, follow, max-snippet:-1, max-image-preview:large, max-video-preview:-1\" \/>\n<link rel=\"canonical\" href=\"https:\/\/www.sestogrado.it\/it\/prodotto\/camp-expression-9-8-corda-arrampicata\/\" \/>\n<meta property=\"og:locale\" content=\"it_IT\" \/>\n<meta property=\"og:type\" content=\"article\" \/>\n<meta property=\"og:title\" content=\"Camp Expression 9.8 corda arrampicata - Sestogrado\" \/>\n<meta property=\"og:description\" content=\"La CAMP Expression 9.8 \u00e8 una corda dinamica progettata per offrire grande robustezza, affidabilit\u00e0 e durata nel tempo, risultando ideale per un utilizzo intensivo sia in palestra di arrampicata sia in falesia.Con il suo diametro da 9,8 mm, questa corda garantisce un eccellente equilibrio tra resistenza all\u2019usura, controllo e facilit\u00e0 di gestione, mantenendo le proprie prestazioni pi\u00f9 a lungo rispetto a modelli con diametri pi\u00f9 sottili. \u00c8 quindi particolarmente adatta per progressioni in moulinette, sessioni indoor frequenti e allenamenti intensivi.\" \/>\n<meta property=\"og:url\" content=\"https:\/\/www.sestogrado.it\/it\/prodotto\/camp-expression-9-8-corda-arrampicata\/\" \/>\n<meta property=\"og:site_name\" content=\"Sestogrado\" \/>\n<meta property=\"article:publisher\" content=\"https:\/\/www.facebook.com\/pages\/Sestogrado\/1542635979353017?ref=bookmarks\" \/>\n<meta property=\"article:modified_time\" content=\"2026-03-25T10:15:03+00:00\" \/>\n<meta property=\"og:image\" content=\"https:\/\/www.sestogrado.it\/wp-content\/uploads\/2026\/03\/01-9.jpg\" \/>\n\t<meta property=\"og:image:width\" content=\"1000\" \/>\n\t<meta property=\"og:image:height\" content=\"1000\" \/>\n\t<meta property=\"og:image:type\" content=\"image\/jpeg\" \/>\n<meta name=\"twitter:label1\" content=\"Disponibilit\u00e0\" \/>\n\t<meta name=\"twitter:data1\" content=\"In stock\" \/>\n<script type=\"application\/ld+json\" class=\"yoast-schema-graph\">{\"@context\":\"https:\/\/schema.org\",\"@graph\":[{\"@type\":\"WebPage\",\"@id\":\"https:\/\/www.sestogrado.it\/it\/prodotto\/camp-expression-9-8-corda-arrampicata\/\",\"url\":\"https:\/\/www.sestogrado.it\/it\/prodotto\/camp-expression-9-8-corda-arrampicata\/\",\"name\":\"Camp Expression 9.8 corda arrampicata - Sestogrado\",\"isPartOf\":{\"@id\":\"https:\/\/www.sestogrado.it\/it\/#website\"},\"primaryImageOfPage\":{\"@id\":\"https:\/\/www.sestogrado.it\/it\/prodotto\/camp-expression-9-8-corda-arrampicata\/#primaryimage\"},\"image\":{\"@id\":\"https:\/\/www.sestogrado.it\/prodotto\/camp-expression-9-8-corda-arrampicata\/#primaryimage\"},\"thumbnailUrl\":\"https:\/\/www.sestogrado.it\/wp-content\/uploads\/2026\/03\/01-9.jpg\",\"datePublished\":\"2026-03-25T10:15:02+00:00\",\"dateModified\":\"2026-03-25T10:15:03+00:00\",\"description\":\"La CAMP Expression 9.8 \u00e8 una corda dinamica progettata per offrire grande robustezza, affidabilit\u00e0 e durata nel tempo, risultando ideale per un utilizzo intensivo sia in palestra di arrampicata sia in falesia.Con il suo diametro da 9,8 mm, questa corda garantisce un eccellente equilibrio tra resistenza all\u2019usura, controllo e facilit\u00e0 di gestione, mantenendo le proprie prestazioni pi\u00f9 a lungo rispetto a modelli con diametri pi\u00f9 sottili. \u00c8 quindi particolarmente adatta per progressioni in moulinette, sessioni indoor frequenti e allenamenti intensivi.\",\"breadcrumb\":{\"@id\":\"https:\/\/www.sestogrado.it\/it\/prodotto\/camp-expression-9-8-corda-arrampicata\/#breadcrumb\"},\"inLanguage\":\"it-IT\",\"potentialAction\":[{\"@type\":\"ReadAction\",\"target\":[[\"https:\/\/www.sestogrado.it\/it\/prodotto\/camp-expression-9-8-corda-arrampicata\/\"]]}]},{\"@type\":\"ImageObject\",\"inLanguage\":\"it-IT\",\"@id\":\"https:\/\/www.sestogrado.it\/it\/prodotto\/camp-expression-9-8-corda-arrampicata\/#primaryimage\",\"url\":\"https:\/\/www.sestogrado.it\/wp-content\/uploads\/2026\/03\/01-9.jpg\",\"contentUrl\":\"https:\/\/www.sestogrado.it\/wp-content\/uploads\/2026\/03\/01-9.jpg\",\"width\":1000,\"height\":1000,\"caption\":\"camp expression 9.8\"},{\"@type\":\"BreadcrumbList\",\"@id\":\"https:\/\/www.sestogrado.it\/it\/prodotto\/camp-expression-9-8-corda-arrampicata\/#breadcrumb\",\"itemListElement\":[{\"@type\":\"ListItem\",\"position\":1,\"name\":\"Home\",\"item\":\"https:\/\/www.sestogrado.it\/it\/\"},{\"@type\":\"ListItem\",\"position\":2,\"name\":\"Shop\",\"item\":\"https:\/\/www.sestogrado.it\/it\/shop\/\"},{\"@type\":\"ListItem\",\"position\":3,\"name\":\"Camp Expression 9.8 corda arrampicata\"}]},{\"@type\":\"WebSite\",\"@id\":\"https:\/\/www.sestogrado.it\/it\/#website\",\"url\":\"https:\/\/www.sestogrado.it\/it\/\",\"name\":\"Sestogrado\",\"description\":\"yes we climb\",\"publisher\":{\"@id\":\"https:\/\/www.sestogrado.it\/it\/#organization\"},\"potentialAction\":[{\"@type\":\"SearchAction\",\"target\":{\"@type\":\"EntryPoint\",\"urlTemplate\":\"https:\/\/www.sestogrado.it\/it\/?s={search_term_string}\"},\"query-input\":{\"@type\":\"PropertyValueSpecification\",\"valueRequired\":true,\"valueName\":\"search_term_string\"}}],\"inLanguage\":\"it-IT\"},{\"@type\":\"Organization\",\"@id\":\"https:\/\/www.sestogrado.it\/it\/#organization\",\"name\":\"Sestogrado\",\"url\":\"https:\/\/www.sestogrado.it\/it\/\",\"logo\":{\"@type\":\"ImageObject\",\"inLanguage\":\"it-IT\",\"@id\":\"https:\/\/www.sestogrado.it\/it\/#\/schema\/logo\/image\/\",\"url\":\"https:\/\/www.sestogrado.it\/wp-content\/uploads\/2015\/03\/sestogrado-favicon.png\",\"contentUrl\":\"https:\/\/www.sestogrado.it\/wp-content\/uploads\/2015\/03\/sestogrado-favicon.png\",\"width\":260,\"height\":260,\"caption\":\"Sestogrado\"},\"image\":{\"@id\":\"https:\/\/www.sestogrado.it\/it\/#\/schema\/logo\/image\/\"},\"sameAs\":[\"https:\/\/www.facebook.com\/pages\/Sestogrado\/1542635979353017?ref=bookmarks\",\"https:\/\/www.youtube.com\/channel\/UC847kAfTkaJsWpc1jtQwr3Q\"],\"hasMerchantReturnPolicy\":{\"@type\":\"MerchantReturnPolicy\",\"merchantReturnLink\":\"https:\/\/www.sestogrado.it\/it\/termini-e-condizioni\/\"}}]}<\/script>\n<meta property=\"product:brand\" content=\"Camp\" \/>\n<meta property=\"og:availability\" content=\"instock\" \/>\n<meta property=\"product:availability\" content=\"instock\" \/>\n<meta property=\"product:condition\" content=\"new\" \/>\n<!-- \/ Yoast SEO plugin. -->","yoast_head_json":{"title":"Camp Expression 9.8 corda arrampicata - Sestogrado","description":"La CAMP Expression 9.8 \u00e8 una corda dinamica progettata per offrire grande robustezza, affidabilit\u00e0 e durata nel tempo, risultando ideale per un utilizzo intensivo sia in palestra di arrampicata sia in falesia.Con il suo diametro da 9,8 mm, questa corda garantisce un eccellente equilibrio tra resistenza all\u2019usura, controllo e facilit\u00e0 di gestione, mantenendo le proprie prestazioni pi\u00f9 a lungo rispetto a modelli con diametri pi\u00f9 sottili. \u00c8 quindi particolarmente adatta per progressioni in moulinette, sessioni indoor frequenti e allenamenti intensivi.","robots":{"index":"index","follow":"follow","max-snippet":"max-snippet:-1","max-image-preview":"max-image-preview:large","max-video-preview":"max-video-preview:-1"},"canonical":"https:\/\/www.sestogrado.it\/it\/prodotto\/camp-expression-9-8-corda-arrampicata\/","og_locale":"it_IT","og_type":"article","og_title":"Camp Expression 9.8 corda arrampicata - Sestogrado","og_description":"La CAMP Expression 9.8 \u00e8 una corda dinamica progettata per offrire grande robustezza, affidabilit\u00e0 e durata nel tempo, risultando ideale per un utilizzo intensivo sia in palestra di arrampicata sia in falesia.Con il suo diametro da 9,8 mm, questa corda garantisce un eccellente equilibrio tra resistenza all\u2019usura, controllo e facilit\u00e0 di gestione, mantenendo le proprie prestazioni pi\u00f9 a lungo rispetto a modelli con diametri pi\u00f9 sottili. \u00c8 quindi particolarmente adatta per progressioni in moulinette, sessioni indoor frequenti e allenamenti intensivi.","og_url":"https:\/\/www.sestogrado.it\/it\/prodotto\/camp-expression-9-8-corda-arrampicata\/","og_site_name":"Sestogrado","article_publisher":"https:\/\/www.facebook.com\/pages\/Sestogrado\/1542635979353017?ref=bookmarks","article_modified_time":"2026-03-25T10:15:03+00:00","og_image":[{"width":1000,"height":1000,"url":"https:\/\/www.sestogrado.it\/wp-content\/uploads\/2026\/03\/01-9.jpg","type":"image\/jpeg"}],"twitter_misc":{"Disponibilit\u00e0":"In stock"},"schema":{"@context":"https:\/\/schema.org","@graph":[{"@type":"WebPage","@id":"https:\/\/www.sestogrado.it\/it\/prodotto\/camp-expression-9-8-corda-arrampicata\/","url":"https:\/\/www.sestogrado.it\/it\/prodotto\/camp-expression-9-8-corda-arrampicata\/","name":"Camp Expression 9.8 corda arrampicata - Sestogrado","isPartOf":{"@id":"https:\/\/www.sestogrado.it\/it\/#website"},"primaryImageOfPage":{"@id":"https:\/\/www.sestogrado.it\/it\/prodotto\/camp-expression-9-8-corda-arrampicata\/#primaryimage"},"image":{"@id":"https:\/\/www.sestogrado.it\/prodotto\/camp-expression-9-8-corda-arrampicata\/#primaryimage"},"thumbnailUrl":"https:\/\/www.sestogrado.it\/wp-content\/uploads\/2026\/03\/01-9.jpg","datePublished":"2026-03-25T10:15:02+00:00","dateModified":"2026-03-25T10:15:03+00:00","description":"La CAMP Expression 9.8 \u00e8 una corda dinamica progettata per offrire grande robustezza, affidabilit\u00e0 e durata nel tempo, risultando ideale per un utilizzo intensivo sia in palestra di arrampicata sia in falesia.Con il suo diametro da 9,8 mm, questa corda garantisce un eccellente equilibrio tra resistenza all\u2019usura, controllo e facilit\u00e0 di gestione, mantenendo le proprie prestazioni pi\u00f9 a lungo rispetto a modelli con diametri pi\u00f9 sottili. \u00c8 quindi particolarmente adatta per progressioni in moulinette, sessioni indoor frequenti e allenamenti intensivi.","breadcrumb":{"@id":"https:\/\/www.sestogrado.it\/it\/prodotto\/camp-expression-9-8-corda-arrampicata\/#breadcrumb"},"inLanguage":"it-IT","potentialAction":[{"@type":"ReadAction","target":[["https:\/\/www.sestogrado.it\/it\/prodotto\/camp-expression-9-8-corda-arrampicata\/"]]}]},{"@type":"ImageObject","inLanguage":"it-IT","@id":"https:\/\/www.sestogrado.it\/it\/prodotto\/camp-expression-9-8-corda-arrampicata\/#primaryimage","url":"https:\/\/www.sestogrado.it\/wp-content\/uploads\/2026\/03\/01-9.jpg","contentUrl":"https:\/\/www.sestogrado.it\/wp-content\/uploads\/2026\/03\/01-9.jpg","width":1000,"height":1000,"caption":"camp expression 9.8"},{"@type":"BreadcrumbList","@id":"https:\/\/www.sestogrado.it\/it\/prodotto\/camp-expression-9-8-corda-arrampicata\/#breadcrumb","itemListElement":[{"@type":"ListItem","position":1,"name":"Home","item":"https:\/\/www.sestogrado.it\/it\/"},{"@type":"ListItem","position":2,"name":"Shop","item":"https:\/\/www.sestogrado.it\/it\/shop\/"},{"@type":"ListItem","position":3,"name":"Camp Expression 9.8 corda arrampicata"}]},{"@type":"WebSite","@id":"https:\/\/www.sestogrado.it\/it\/#website","url":"https:\/\/www.sestogrado.it\/it\/","name":"Sestogrado","description":"yes we climb","publisher":{"@id":"https:\/\/www.sestogrado.it\/it\/#organization"},"potentialAction":[{"@type":"SearchAction","target":{"@type":"EntryPoint","urlTemplate":"https:\/\/www.sestogrado.it\/it\/?s={search_term_string}"},"query-input":{"@type":"PropertyValueSpecification","valueRequired":true,"valueName":"search_term_string"}}],"inLanguage":"it-IT"},{"@type":"Organization","@id":"https:\/\/www.sestogrado.it\/it\/#organization","name":"Sestogrado","url":"https:\/\/www.sestogrado.it\/it\/","logo":{"@type":"ImageObject","inLanguage":"it-IT","@id":"https:\/\/www.sestogrado.it\/it\/#\/schema\/logo\/image\/","url":"https:\/\/www.sestogrado.it\/wp-content\/uploads\/2015\/03\/sestogrado-favicon.png","contentUrl":"https:\/\/www.sestogrado.it\/wp-content\/uploads\/2015\/03\/sestogrado-favicon.png","width":260,"height":260,"caption":"Sestogrado"},"image":{"@id":"https:\/\/www.sestogrado.it\/it\/#\/schema\/logo\/image\/"},"sameAs":["https:\/\/www.facebook.com\/pages\/Sestogrado\/1542635979353017?ref=bookmarks","https:\/\/www.youtube.com\/channel\/UC847kAfTkaJsWpc1jtQwr3Q"],"hasMerchantReturnPolicy":{"@type":"MerchantReturnPolicy","merchantReturnLink":"https:\/\/www.sestogrado.it\/it\/termini-e-condizioni\/"}}]},"product_brand":"Camp","og_availability":"instock","product_availability":"instock","product_condition":"new"},"_links":{"self":[{"href":"https:\/\/www.sestogrado.it\/it\/wp-json\/wp\/v2\/product\/213223","targetHints":{"allow":["GET"]}}],"collection":[{"href":"https:\/\/www.sestogrado.it\/it\/wp-json\/wp\/v2\/product"}],"about":[{"href":"https:\/\/www.sestogrado.it\/it\/wp-json\/wp\/v2\/types\/product"}],"replies":[{"embeddable":true,"href":"https:\/\/www.sestogrado.it\/it\/wp-json\/wp\/v2\/comments?post=213223"}],"wp:featuredmedia":[{"embeddable":true,"href":"https:\/\/www.sestogrado.it\/it\/wp-json\/wp\/v2\/media\/213224"}],"wp:attachment":[{"href":"https:\/\/www.sestogrado.it\/it\/wp-json\/wp\/v2\/media?parent=213223"}],"wp:term":[{"taxonomy":"product_brand","embeddable":true,"href":"https:\/\/www.sestogrado.it\/it\/wp-json\/wp\/v2\/product_brand?post=213223"},{"taxonomy":"product_cat","embeddable":true,"href":"https:\/\/www.sestogrado.it\/it\/wp-json\/wp\/v2\/product_cat?post=213223"},{"taxonomy":"product_tag","embeddable":true,"href":"https:\/\/www.sestogrado.it\/it\/wp-json\/wp\/v2\/product_tag?post=213223"}],"curies":[{"name":"wp","href":"https:\/\/api.w.org\/{rel}","templated":true}]}}