{"id":213055,"date":"2026-03-11T12:34:10","date_gmt":"2026-03-11T11:34:10","guid":{"rendered":"https:\/\/www.sestogrado.it\/?post_type=product&#038;p=213055"},"modified":"2026-03-28T18:45:51","modified_gmt":"2026-03-28T17:45:51","slug":"camp-peak-12-nanotech-auto-semi-auto-ramponi","status":"publish","type":"product","link":"https:\/\/www.sestogrado.it\/it\/prodotto\/camp-peak-12-nanotech-auto-semi-auto-ramponi\/","title":{"rendered":"Camp Peak 12 Nanotech Auto\/Semi-auto ramponi"},"content":{"rendered":"<p>Il Camp Peak 12 Nanotech \u00e8 un rampone di nuova generazione, con costruzione innovativa per una calzata perfetta sia sugli scarponi da scialpinismo sia su quelli da alpinismo. Il Peak 12 Nanotech \u00e8 infatti dotato del rivoluzionario sistema Boot Adapt System (Pat. Pend.) che, scambiando tra loro i due puntali, consente di ottimizzare l\u2019angolatura dell\u2019attrezzo ai diversi tipi di calzatura senza comprometterne la stabilit\u00e0 laterale. Realizzato in alluminio con puntale dotato di innovativo inserto frontale a 4 punte in acciaio inox Alleima Nanoflex<sup>TM<\/sup>, il Peak 12 Nanotech \u00e8 quindi il nuovo riferimento sia per gli scialpinisti pi\u00f9 esigenti sia per gli alpinisti classici che cercano un attrezzo leggero, ideale per le salite su neve con tratti ghiacciati. La totale intercambiabilit\u00e0 di puntali, tacchi e sistemi di allacciatura della linea Peak permette la completa personalizzazione. I ganci anteriore automatico e universale sono forniti di serie per adattarsi a scarponi con o senza intaglio anteriore. Il gancio posteriore universale, acquistabile separatamente, consente di montare il Peak 12 Nanotech anche su calzature prive di intaglio posteriore. L\u2019asta in acciaio inox garantisce rigidit\u00e0 e allo stesso tempo flessibilit\u00e0, massimizzando la stabilit\u00e0 del rampone su tutte le misure di scarponi.<\/p>\n<ul>\n<li>Rampone innovativo a 12 punte con inserto frontale in acciaio inox Alleima Nanoflex<sup>TM<\/sup><\/li>\n<li>Boot Adapt System (Pat. Pend.) che assicura la massima stabilit\u00e0 sia sugli scarponi da scialpinismo sia su quelli da alpinismo<\/li>\n<li>Massima modularit\u00e0 e possibilit\u00e0 di personalizzazione grazie alla totale intercambiabilit\u00e0 di puntali, tacchi e sistemi di allacciatura della linea Peak<\/li>\n<li>Ganci anteriori automatico e universale di serie per adattarsi a scarponi con o senza intaglio anteriore.<\/li>\n<li>Antibott ad azione attiva per ridurre l\u2019accumulo di neve\u00a0(montato di serie)<\/li>\n<li>Regolazione micrometrica della lunghezza con asta in acciaio inossidabile a doppia fila di fori, settabile sul puntale in due posizioni per coprire tutte le misure di scarponi<\/li>\n<li>Il fermo in fettuccia installato sull&#8217;asta di regolazione permette di ripiegare i ramponi per minimizzarne il volume durante il trasporto<\/li>\n<li>Fibbia in plastica per fissare l\u2019eccesso della fettuccia di chiusura<\/li>\n<li>Gancio anteriore regolabile su 2 posizioni<\/li>\n<li>Talloniera regolabile su 2 posizioni con leva compatta a 3 posizioni<\/li>\n<li>Custodia inclusa<\/li>\n<li>Misure 36-50<\/li>\n<li>Peso Auto 585g, Semiauto 615g<\/li>\n<\/ul>\n<p>Alleima Nanoflex<sup>TM<\/sup>\u00a0\u00e8 un\u2019innovativa lega d\u2019acciaio con un&#8217;elevata resistenza meccanica ed una durezza del 25% superiore ai normali acciai legati; permette di ridurre la quantit\u00e0 di metallo da utilizzare, diminuendo notevolmente il peso mantenendone intatta la resistenza.<\/p>","protected":false},"excerpt":{"rendered":"<p>Il Camp Peak 12 Nanotech \u00e8 un rampone di nuova generazione, con costruzione innovativa per una calzata perfetta sia sugli [&hellip;]<\/p>\n","protected":false},"featured_media":213056,"comment_status":"open","ping_status":"closed","template":"","meta":{"_acf_changed":false},"product_brand":[31],"product_cat":[153],"product_tag":[],"class_list":{"0":"post-213055","1":"product","2":"type-product","3":"status-publish","4":"has-post-thumbnail","6":"product_brand-camp","7":"product_cat-ramponi","9":"first","10":"instock","11":"sale","12":"taxable","13":"shipping-taxable","14":"purchasable","15":"product-type-simple"},"acf":[],"yoast_head":"<!-- This site is optimized with the Yoast SEO plugin v26.4 - https:\/\/yoast.com\/wordpress\/plugins\/seo\/ -->\n<title>Camp Peak 12 Nanotech Auto\/Semi-auto ramponi - Sestogrado<\/title>\n<meta name=\"description\" content=\"Il Camp Peak 12 Nanotech \u00e8 un rampone di nuova generazione, con costruzione innovativa per una calzata perfetta sia sugli scarponi da scialpinismo sia su quelli da alpinismo. Il Peak 12 Nanotech \u00e8 infatti dotato del rivoluzionario sistema Boot Adapt System (Pat. Pend.) che, scambiando tra loro i due puntali, consente di ottimizzare l\u2019angolatura dell\u2019attrezzo ai diversi tipi di calzatura senza comprometterne la stabilit\u00e0 laterale. Realizzato in alluminio con puntale dotato di innovativo inserto frontale a 4 punte in acciaio inox Alleima NanoflexTM\" \/>\n<meta name=\"robots\" content=\"index, follow, max-snippet:-1, max-image-preview:large, max-video-preview:-1\" \/>\n<link rel=\"canonical\" href=\"https:\/\/www.sestogrado.it\/it\/prodotto\/camp-peak-12-nanotech-auto-semi-auto-ramponi\/\" \/>\n<meta property=\"og:locale\" content=\"it_IT\" \/>\n<meta property=\"og:type\" content=\"article\" \/>\n<meta property=\"og:title\" content=\"Camp Peak 12 Nanotech Auto\/Semi-auto ramponi - Sestogrado\" \/>\n<meta property=\"og:description\" content=\"Il Camp Peak 12 Nanotech \u00e8 un rampone di nuova generazione, con costruzione innovativa per una calzata perfetta sia sugli scarponi da scialpinismo sia su quelli da alpinismo. Il Peak 12 Nanotech \u00e8 infatti dotato del rivoluzionario sistema Boot Adapt System (Pat. Pend.) che, scambiando tra loro i due puntali, consente di ottimizzare l\u2019angolatura dell\u2019attrezzo ai diversi tipi di calzatura senza comprometterne la stabilit\u00e0 laterale. Realizzato in alluminio con puntale dotato di innovativo inserto frontale a 4 punte in acciaio inox Alleima NanoflexTM\" \/>\n<meta property=\"og:url\" content=\"https:\/\/www.sestogrado.it\/it\/prodotto\/camp-peak-12-nanotech-auto-semi-auto-ramponi\/\" \/>\n<meta property=\"og:site_name\" content=\"Sestogrado\" \/>\n<meta property=\"article:publisher\" content=\"https:\/\/www.facebook.com\/pages\/Sestogrado\/1542635979353017?ref=bookmarks\" \/>\n<meta property=\"article:modified_time\" content=\"2026-03-28T17:45:51+00:00\" \/>\n<meta property=\"og:image\" content=\"https:\/\/www.sestogrado.it\/wp-content\/uploads\/2026\/03\/01-5.jpg\" \/>\n\t<meta property=\"og:image:width\" content=\"1000\" \/>\n\t<meta property=\"og:image:height\" content=\"1000\" \/>\n\t<meta property=\"og:image:type\" content=\"image\/jpeg\" \/>\n<meta name=\"twitter:label1\" content=\"Prezzo\" \/>\n\t<meta name=\"twitter:data1\" content=\"&euro;&nbsp;179,00\" \/>\n\t<meta name=\"twitter:label2\" content=\"Disponibilit\u00e0\" \/>\n\t<meta name=\"twitter:data2\" content=\"In stock\" \/>\n<script type=\"application\/ld+json\" class=\"yoast-schema-graph\">{\"@context\":\"https:\/\/schema.org\",\"@graph\":[{\"@type\":\"WebPage\",\"@id\":\"https:\/\/www.sestogrado.it\/it\/prodotto\/camp-peak-12-nanotech-auto-semi-auto-ramponi\/\",\"url\":\"https:\/\/www.sestogrado.it\/it\/prodotto\/camp-peak-12-nanotech-auto-semi-auto-ramponi\/\",\"name\":\"Camp Peak 12 Nanotech Auto\/Semi-auto ramponi - Sestogrado\",\"isPartOf\":{\"@id\":\"https:\/\/www.sestogrado.it\/it\/#website\"},\"primaryImageOfPage\":{\"@id\":\"https:\/\/www.sestogrado.it\/it\/prodotto\/camp-peak-12-nanotech-auto-semi-auto-ramponi\/#primaryimage\"},\"image\":{\"@id\":\"https:\/\/www.sestogrado.it\/prodotto\/camp-peak-12-nanotech-auto-semi-auto-ramponi\/#primaryimage\"},\"thumbnailUrl\":\"https:\/\/www.sestogrado.it\/wp-content\/uploads\/2026\/03\/01-5.jpg\",\"datePublished\":\"2026-03-11T11:34:10+00:00\",\"dateModified\":\"2026-03-28T17:45:51+00:00\",\"description\":\"Il Camp Peak 12 Nanotech \u00e8 un rampone di nuova generazione, con costruzione innovativa per una calzata perfetta sia sugli scarponi da scialpinismo sia su quelli da alpinismo. Il Peak 12 Nanotech \u00e8 infatti dotato del rivoluzionario sistema Boot Adapt System (Pat. Pend.) che, scambiando tra loro i due puntali, consente di ottimizzare l\u2019angolatura dell\u2019attrezzo ai diversi tipi di calzatura senza comprometterne la stabilit\u00e0 laterale. Realizzato in alluminio con puntale dotato di innovativo inserto frontale a 4 punte in acciaio inox Alleima NanoflexTM\",\"breadcrumb\":{\"@id\":\"https:\/\/www.sestogrado.it\/it\/prodotto\/camp-peak-12-nanotech-auto-semi-auto-ramponi\/#breadcrumb\"},\"inLanguage\":\"it-IT\",\"potentialAction\":[{\"@type\":\"ReadAction\",\"target\":[[\"https:\/\/www.sestogrado.it\/it\/prodotto\/camp-peak-12-nanotech-auto-semi-auto-ramponi\/\"]]}]},{\"@type\":\"ImageObject\",\"inLanguage\":\"it-IT\",\"@id\":\"https:\/\/www.sestogrado.it\/it\/prodotto\/camp-peak-12-nanotech-auto-semi-auto-ramponi\/#primaryimage\",\"url\":\"https:\/\/www.sestogrado.it\/wp-content\/uploads\/2026\/03\/01-5.jpg\",\"contentUrl\":\"https:\/\/www.sestogrado.it\/wp-content\/uploads\/2026\/03\/01-5.jpg\",\"width\":1000,\"height\":1000,\"caption\":\"peak 12 nanotech\"},{\"@type\":\"BreadcrumbList\",\"@id\":\"https:\/\/www.sestogrado.it\/it\/prodotto\/camp-peak-12-nanotech-auto-semi-auto-ramponi\/#breadcrumb\",\"itemListElement\":[{\"@type\":\"ListItem\",\"position\":1,\"name\":\"Home\",\"item\":\"https:\/\/www.sestogrado.it\/it\/\"},{\"@type\":\"ListItem\",\"position\":2,\"name\":\"Shop\",\"item\":\"https:\/\/www.sestogrado.it\/it\/shop\/\"},{\"@type\":\"ListItem\",\"position\":3,\"name\":\"Camp Peak 12 Nanotech Auto\/Semi-auto ramponi\"}]},{\"@type\":\"WebSite\",\"@id\":\"https:\/\/www.sestogrado.it\/it\/#website\",\"url\":\"https:\/\/www.sestogrado.it\/it\/\",\"name\":\"Sestogrado\",\"description\":\"yes we climb\",\"publisher\":{\"@id\":\"https:\/\/www.sestogrado.it\/it\/#organization\"},\"potentialAction\":[{\"@type\":\"SearchAction\",\"target\":{\"@type\":\"EntryPoint\",\"urlTemplate\":\"https:\/\/www.sestogrado.it\/it\/?s={search_term_string}\"},\"query-input\":{\"@type\":\"PropertyValueSpecification\",\"valueRequired\":true,\"valueName\":\"search_term_string\"}}],\"inLanguage\":\"it-IT\"},{\"@type\":\"Organization\",\"@id\":\"https:\/\/www.sestogrado.it\/it\/#organization\",\"name\":\"Sestogrado\",\"url\":\"https:\/\/www.sestogrado.it\/it\/\",\"logo\":{\"@type\":\"ImageObject\",\"inLanguage\":\"it-IT\",\"@id\":\"https:\/\/www.sestogrado.it\/it\/#\/schema\/logo\/image\/\",\"url\":\"https:\/\/www.sestogrado.it\/wp-content\/uploads\/2015\/03\/sestogrado-favicon.png\",\"contentUrl\":\"https:\/\/www.sestogrado.it\/wp-content\/uploads\/2015\/03\/sestogrado-favicon.png\",\"width\":260,\"height\":260,\"caption\":\"Sestogrado\"},\"image\":{\"@id\":\"https:\/\/www.sestogrado.it\/it\/#\/schema\/logo\/image\/\"},\"sameAs\":[\"https:\/\/www.facebook.com\/pages\/Sestogrado\/1542635979353017?ref=bookmarks\",\"https:\/\/www.youtube.com\/channel\/UC847kAfTkaJsWpc1jtQwr3Q\"],\"hasMerchantReturnPolicy\":{\"@type\":\"MerchantReturnPolicy\",\"merchantReturnLink\":\"https:\/\/www.sestogrado.it\/it\/termini-e-condizioni\/\"}}]}<\/script>\n<meta property=\"product:brand\" content=\"Camp\" \/>\n<meta property=\"product:price:amount\" content=\"179.00\" \/>\n<meta property=\"product:price:currency\" content=\"EUR\" \/>\n<meta property=\"og:availability\" content=\"instock\" \/>\n<meta property=\"product:availability\" content=\"instock\" \/>\n<meta property=\"product:condition\" content=\"new\" \/>\n<!-- \/ Yoast SEO plugin. -->","yoast_head_json":{"title":"Camp Peak 12 Nanotech Auto\/Semi-auto ramponi - Sestogrado","description":"Il Camp Peak 12 Nanotech \u00e8 un rampone di nuova generazione, con costruzione innovativa per una calzata perfetta sia sugli scarponi da scialpinismo sia su quelli da alpinismo. Il Peak 12 Nanotech \u00e8 infatti dotato del rivoluzionario sistema Boot Adapt System (Pat. Pend.) che, scambiando tra loro i due puntali, consente di ottimizzare l\u2019angolatura dell\u2019attrezzo ai diversi tipi di calzatura senza comprometterne la stabilit\u00e0 laterale. Realizzato in alluminio con puntale dotato di innovativo inserto frontale a 4 punte in acciaio inox Alleima NanoflexTM","robots":{"index":"index","follow":"follow","max-snippet":"max-snippet:-1","max-image-preview":"max-image-preview:large","max-video-preview":"max-video-preview:-1"},"canonical":"https:\/\/www.sestogrado.it\/it\/prodotto\/camp-peak-12-nanotech-auto-semi-auto-ramponi\/","og_locale":"it_IT","og_type":"article","og_title":"Camp Peak 12 Nanotech Auto\/Semi-auto ramponi - Sestogrado","og_description":"Il Camp Peak 12 Nanotech \u00e8 un rampone di nuova generazione, con costruzione innovativa per una calzata perfetta sia sugli scarponi da scialpinismo sia su quelli da alpinismo. Il Peak 12 Nanotech \u00e8 infatti dotato del rivoluzionario sistema Boot Adapt System (Pat. Pend.) che, scambiando tra loro i due puntali, consente di ottimizzare l\u2019angolatura dell\u2019attrezzo ai diversi tipi di calzatura senza comprometterne la stabilit\u00e0 laterale. Realizzato in alluminio con puntale dotato di innovativo inserto frontale a 4 punte in acciaio inox Alleima NanoflexTM","og_url":"https:\/\/www.sestogrado.it\/it\/prodotto\/camp-peak-12-nanotech-auto-semi-auto-ramponi\/","og_site_name":"Sestogrado","article_publisher":"https:\/\/www.facebook.com\/pages\/Sestogrado\/1542635979353017?ref=bookmarks","article_modified_time":"2026-03-28T17:45:51+00:00","og_image":[{"width":1000,"height":1000,"url":"https:\/\/www.sestogrado.it\/wp-content\/uploads\/2026\/03\/01-5.jpg","type":"image\/jpeg"}],"twitter_misc":{"Prezzo":"&euro;&nbsp;179,00","Disponibilit\u00e0":"In stock"},"schema":{"@context":"https:\/\/schema.org","@graph":[{"@type":"WebPage","@id":"https:\/\/www.sestogrado.it\/it\/prodotto\/camp-peak-12-nanotech-auto-semi-auto-ramponi\/","url":"https:\/\/www.sestogrado.it\/it\/prodotto\/camp-peak-12-nanotech-auto-semi-auto-ramponi\/","name":"Camp Peak 12 Nanotech Auto\/Semi-auto ramponi - Sestogrado","isPartOf":{"@id":"https:\/\/www.sestogrado.it\/it\/#website"},"primaryImageOfPage":{"@id":"https:\/\/www.sestogrado.it\/it\/prodotto\/camp-peak-12-nanotech-auto-semi-auto-ramponi\/#primaryimage"},"image":{"@id":"https:\/\/www.sestogrado.it\/prodotto\/camp-peak-12-nanotech-auto-semi-auto-ramponi\/#primaryimage"},"thumbnailUrl":"https:\/\/www.sestogrado.it\/wp-content\/uploads\/2026\/03\/01-5.jpg","datePublished":"2026-03-11T11:34:10+00:00","dateModified":"2026-03-28T17:45:51+00:00","description":"Il Camp Peak 12 Nanotech \u00e8 un rampone di nuova generazione, con costruzione innovativa per una calzata perfetta sia sugli scarponi da scialpinismo sia su quelli da alpinismo. Il Peak 12 Nanotech \u00e8 infatti dotato del rivoluzionario sistema Boot Adapt System (Pat. Pend.) che, scambiando tra loro i due puntali, consente di ottimizzare l\u2019angolatura dell\u2019attrezzo ai diversi tipi di calzatura senza comprometterne la stabilit\u00e0 laterale. Realizzato in alluminio con puntale dotato di innovativo inserto frontale a 4 punte in acciaio inox Alleima NanoflexTM","breadcrumb":{"@id":"https:\/\/www.sestogrado.it\/it\/prodotto\/camp-peak-12-nanotech-auto-semi-auto-ramponi\/#breadcrumb"},"inLanguage":"it-IT","potentialAction":[{"@type":"ReadAction","target":[["https:\/\/www.sestogrado.it\/it\/prodotto\/camp-peak-12-nanotech-auto-semi-auto-ramponi\/"]]}]},{"@type":"ImageObject","inLanguage":"it-IT","@id":"https:\/\/www.sestogrado.it\/it\/prodotto\/camp-peak-12-nanotech-auto-semi-auto-ramponi\/#primaryimage","url":"https:\/\/www.sestogrado.it\/wp-content\/uploads\/2026\/03\/01-5.jpg","contentUrl":"https:\/\/www.sestogrado.it\/wp-content\/uploads\/2026\/03\/01-5.jpg","width":1000,"height":1000,"caption":"peak 12 nanotech"},{"@type":"BreadcrumbList","@id":"https:\/\/www.sestogrado.it\/it\/prodotto\/camp-peak-12-nanotech-auto-semi-auto-ramponi\/#breadcrumb","itemListElement":[{"@type":"ListItem","position":1,"name":"Home","item":"https:\/\/www.sestogrado.it\/it\/"},{"@type":"ListItem","position":2,"name":"Shop","item":"https:\/\/www.sestogrado.it\/it\/shop\/"},{"@type":"ListItem","position":3,"name":"Camp Peak 12 Nanotech Auto\/Semi-auto ramponi"}]},{"@type":"WebSite","@id":"https:\/\/www.sestogrado.it\/it\/#website","url":"https:\/\/www.sestogrado.it\/it\/","name":"Sestogrado","description":"yes we climb","publisher":{"@id":"https:\/\/www.sestogrado.it\/it\/#organization"},"potentialAction":[{"@type":"SearchAction","target":{"@type":"EntryPoint","urlTemplate":"https:\/\/www.sestogrado.it\/it\/?s={search_term_string}"},"query-input":{"@type":"PropertyValueSpecification","valueRequired":true,"valueName":"search_term_string"}}],"inLanguage":"it-IT"},{"@type":"Organization","@id":"https:\/\/www.sestogrado.it\/it\/#organization","name":"Sestogrado","url":"https:\/\/www.sestogrado.it\/it\/","logo":{"@type":"ImageObject","inLanguage":"it-IT","@id":"https:\/\/www.sestogrado.it\/it\/#\/schema\/logo\/image\/","url":"https:\/\/www.sestogrado.it\/wp-content\/uploads\/2015\/03\/sestogrado-favicon.png","contentUrl":"https:\/\/www.sestogrado.it\/wp-content\/uploads\/2015\/03\/sestogrado-favicon.png","width":260,"height":260,"caption":"Sestogrado"},"image":{"@id":"https:\/\/www.sestogrado.it\/it\/#\/schema\/logo\/image\/"},"sameAs":["https:\/\/www.facebook.com\/pages\/Sestogrado\/1542635979353017?ref=bookmarks","https:\/\/www.youtube.com\/channel\/UC847kAfTkaJsWpc1jtQwr3Q"],"hasMerchantReturnPolicy":{"@type":"MerchantReturnPolicy","merchantReturnLink":"https:\/\/www.sestogrado.it\/it\/termini-e-condizioni\/"}}]},"product_brand":"Camp","product_price_amount":"179.00","product_price_currency":"EUR","og_availability":"instock","product_availability":"instock","product_condition":"new"},"_links":{"self":[{"href":"https:\/\/www.sestogrado.it\/it\/wp-json\/wp\/v2\/product\/213055","targetHints":{"allow":["GET"]}}],"collection":[{"href":"https:\/\/www.sestogrado.it\/it\/wp-json\/wp\/v2\/product"}],"about":[{"href":"https:\/\/www.sestogrado.it\/it\/wp-json\/wp\/v2\/types\/product"}],"replies":[{"embeddable":true,"href":"https:\/\/www.sestogrado.it\/it\/wp-json\/wp\/v2\/comments?post=213055"}],"wp:featuredmedia":[{"embeddable":true,"href":"https:\/\/www.sestogrado.it\/it\/wp-json\/wp\/v2\/media\/213056"}],"wp:attachment":[{"href":"https:\/\/www.sestogrado.it\/it\/wp-json\/wp\/v2\/media?parent=213055"}],"wp:term":[{"taxonomy":"product_brand","embeddable":true,"href":"https:\/\/www.sestogrado.it\/it\/wp-json\/wp\/v2\/product_brand?post=213055"},{"taxonomy":"product_cat","embeddable":true,"href":"https:\/\/www.sestogrado.it\/it\/wp-json\/wp\/v2\/product_cat?post=213055"},{"taxonomy":"product_tag","embeddable":true,"href":"https:\/\/www.sestogrado.it\/it\/wp-json\/wp\/v2\/product_tag?post=213055"}],"curies":[{"name":"wp","href":"https:\/\/api.w.org\/{rel}","templated":true}]}}