{"id":212767,"date":"2026-03-09T10:18:28","date_gmt":"2026-03-09T09:18:28","guid":{"rendered":"https:\/\/www.sestogrado.it\/?post_type=product&#038;p=212767"},"modified":"2026-03-09T10:18:29","modified_gmt":"2026-03-09T09:18:29","slug":"millet-parmelan-17-zaino-alpinismo","status":"publish","type":"product","link":"https:\/\/www.sestogrado.it\/it\/prodotto\/millet-parmelan-17-zaino-alpinismo\/","title":{"rendered":"Millet Parmelan 17 zaino alpinismo"},"content":{"rendered":"<p>Il Millet Parmela 17 \u00e8 uno zaino da 17 litri, leggero e robusto, progettato per durare. E&#8217; dotato di una sacca di contenimento, che, una volta tirato fuori lo zaino, pu\u00f2 essere utilizzata come scomparto ulteriore. Ha una tasca frontale per un rapido accesso ai tuoi oggetti essenziali.<br \/>\nLo scomparto principale si apre completamente con una cerniera ad accesso diretto. La chiusura rapida con cinturino a gancio consente di comprimere lo zaino o aggiungere attrezzatura.<br \/>\nLe tasche elasticizzate e i dettagli funzionali lo rendono ancora pi\u00f9 leggero. Gli spallacci minimalisti e la cintura rimovibile sui fianchi garantiscono una vestibilit\u00e0 comoda e regolabile. Ideale per le uscite in cui ogni grammo in pi\u00f9 conta.<\/p>\n<ul>\n<li>Cinghia sul torace regolabile<\/li>\n<li>Cintura ventrale rimovibile<\/li>\n<li>Porta-borraccia sullo spallaccio<\/li>\n<li>Spallacci in mesh 3D<\/li>\n<li>Porta-attrezzatura<\/li>\n<li>Porta-bastoncini<\/li>\n<li>Cavo dell&#8217;attrezzatura rimovibile<\/li>\n<li>Predisposizione per sistema d&#8217;idratazione<\/li>\n<li>Cordino di compressione<\/li>\n<li>Porta-bastoncini-piccozze Quick Axe\u2122<\/li>\n<li>Falda richiudibile con coulisse e fermacorda<\/li>\n<li>Accesso laterale con zip<\/li>\n<li>2 tasche laterali in mesh<\/li>\n<li>1 tasca con zip e patta<\/li>\n<li>Scomparto anteriore rimovibile con chiusura avvolgibile<\/li>\n<li>Fibbie e regolatori in metallo<\/li>\n<li>Passanti per aggancio attrezzatura<\/li>\n<li>Custodia<\/li>\n<li>Fondo rinforzato<\/li>\n<li>Volume: 17 litri<\/li>\n<li>Altezza dello schienale: 44 cm<\/li>\n<li>Altezza 46 cm x Larghezza 23 cm x Profondit\u00e0 28 cm<\/li>\n<li>Peso 480g<\/li>\n<\/ul>\n<p><iframe src=\"\/\/www.youtube.com\/embed\/_q_LMtb8VJU?t=44s\" width=\"560\" height=\"314\" allowfullscreen=\"allowfullscreen\"><\/iframe><\/p>","protected":false},"excerpt":{"rendered":"<p>Il Millet Parmela 17 \u00e8 uno zaino da 17 litri, leggero e robusto, progettato per durare. E&#8217; dotato di una [&hellip;]<\/p>\n","protected":false},"featured_media":212768,"comment_status":"open","ping_status":"closed","template":"","meta":{"_acf_changed":false},"product_brand":[312],"product_cat":[389,1432],"product_tag":[],"class_list":{"0":"post-212767","1":"product","2":"type-product","3":"status-publish","4":"has-post-thumbnail","6":"product_brand-millet","7":"product_cat-zaini-alpinismo","8":"product_cat-escursionismo","10":"first","11":"instock","12":"sale","13":"taxable","14":"shipping-taxable","15":"purchasable","16":"product-type-variable"},"acf":[],"yoast_head":"<!-- This site is optimized with the Yoast SEO plugin v26.4 - https:\/\/yoast.com\/wordpress\/plugins\/seo\/ -->\n<title>Millet Parmelan 17 zaino alpinismo - Sestogrado<\/title>\n<meta name=\"description\" content=\"Il Millet Parmela 17 \u00e8 uno zaino da 17 litri, leggero e robusto, progettato per durare. E&#039; dotato di una sacca di contenimento, che, una volta tirato fuori lo zaino, pu\u00f2 essere utilizzata come scomparto ulteriore. Ha una tasca frontale per un rapido accesso ai tuoi oggetti essenziali.Lo scomparto principale si apre completamente con una cerniera ad accesso diretto. La chiusura rapida con cinturino a gancio consente di comprimere lo zaino o aggiungere attrezzatura.\" \/>\n<meta name=\"robots\" content=\"index, follow, max-snippet:-1, max-image-preview:large, max-video-preview:-1\" \/>\n<link rel=\"canonical\" href=\"https:\/\/www.sestogrado.it\/it\/prodotto\/millet-parmelan-17-zaino-alpinismo\/\" \/>\n<meta property=\"og:locale\" content=\"it_IT\" \/>\n<meta property=\"og:type\" content=\"article\" \/>\n<meta property=\"og:title\" content=\"Millet Parmelan 17 zaino alpinismo - Sestogrado\" \/>\n<meta property=\"og:description\" content=\"Il Millet Parmela 17 \u00e8 uno zaino da 17 litri, leggero e robusto, progettato per durare. E&#039; dotato di una sacca di contenimento, che, una volta tirato fuori lo zaino, pu\u00f2 essere utilizzata come scomparto ulteriore. Ha una tasca frontale per un rapido accesso ai tuoi oggetti essenziali.Lo scomparto principale si apre completamente con una cerniera ad accesso diretto. La chiusura rapida con cinturino a gancio consente di comprimere lo zaino o aggiungere attrezzatura.\" \/>\n<meta property=\"og:url\" content=\"https:\/\/www.sestogrado.it\/it\/prodotto\/millet-parmelan-17-zaino-alpinismo\/\" \/>\n<meta property=\"og:site_name\" content=\"Sestogrado\" \/>\n<meta property=\"article:publisher\" content=\"https:\/\/www.facebook.com\/pages\/Sestogrado\/1542635979353017?ref=bookmarks\" \/>\n<meta property=\"article:modified_time\" content=\"2026-03-09T09:18:29+00:00\" \/>\n<meta property=\"og:image\" content=\"https:\/\/www.sestogrado.it\/wp-content\/uploads\/2026\/03\/01.jpg\" \/>\n\t<meta property=\"og:image:width\" content=\"1000\" \/>\n\t<meta property=\"og:image:height\" content=\"1000\" \/>\n\t<meta property=\"og:image:type\" content=\"image\/jpeg\" \/>\n<meta name=\"twitter:label1\" content=\"Disponibilit\u00e0\" \/>\n\t<meta name=\"twitter:data1\" content=\"In stock\" \/>\n<script type=\"application\/ld+json\" class=\"yoast-schema-graph\">{\"@context\":\"https:\/\/schema.org\",\"@graph\":[{\"@type\":\"WebPage\",\"@id\":\"https:\/\/www.sestogrado.it\/it\/prodotto\/millet-parmelan-17-zaino-alpinismo\/\",\"url\":\"https:\/\/www.sestogrado.it\/it\/prodotto\/millet-parmelan-17-zaino-alpinismo\/\",\"name\":\"Millet Parmelan 17 zaino alpinismo - Sestogrado\",\"isPartOf\":{\"@id\":\"https:\/\/www.sestogrado.it\/it\/#website\"},\"primaryImageOfPage\":{\"@id\":\"https:\/\/www.sestogrado.it\/it\/prodotto\/millet-parmelan-17-zaino-alpinismo\/#primaryimage\"},\"image\":{\"@id\":\"https:\/\/www.sestogrado.it\/prodotto\/millet-parmelan-17-zaino-alpinismo\/#primaryimage\"},\"thumbnailUrl\":\"https:\/\/www.sestogrado.it\/wp-content\/uploads\/2026\/03\/01.jpg\",\"datePublished\":\"2026-03-09T09:18:28+00:00\",\"dateModified\":\"2026-03-09T09:18:29+00:00\",\"description\":\"Il Millet Parmela 17 \u00e8 uno zaino da 17 litri, leggero e robusto, progettato per durare. E' dotato di una sacca di contenimento, che, una volta tirato fuori lo zaino, pu\u00f2 essere utilizzata come scomparto ulteriore. Ha una tasca frontale per un rapido accesso ai tuoi oggetti essenziali.Lo scomparto principale si apre completamente con una cerniera ad accesso diretto. La chiusura rapida con cinturino a gancio consente di comprimere lo zaino o aggiungere attrezzatura.\",\"breadcrumb\":{\"@id\":\"https:\/\/www.sestogrado.it\/it\/prodotto\/millet-parmelan-17-zaino-alpinismo\/#breadcrumb\"},\"inLanguage\":\"it-IT\",\"potentialAction\":[{\"@type\":\"ReadAction\",\"target\":[[\"https:\/\/www.sestogrado.it\/it\/prodotto\/millet-parmelan-17-zaino-alpinismo\/\"]]}]},{\"@type\":\"ImageObject\",\"inLanguage\":\"it-IT\",\"@id\":\"https:\/\/www.sestogrado.it\/it\/prodotto\/millet-parmelan-17-zaino-alpinismo\/#primaryimage\",\"url\":\"https:\/\/www.sestogrado.it\/wp-content\/uploads\/2026\/03\/01.jpg\",\"contentUrl\":\"https:\/\/www.sestogrado.it\/wp-content\/uploads\/2026\/03\/01.jpg\",\"width\":1000,\"height\":1000,\"caption\":\"parmelan 17 silverstone\"},{\"@type\":\"BreadcrumbList\",\"@id\":\"https:\/\/www.sestogrado.it\/it\/prodotto\/millet-parmelan-17-zaino-alpinismo\/#breadcrumb\",\"itemListElement\":[{\"@type\":\"ListItem\",\"position\":1,\"name\":\"Home\",\"item\":\"https:\/\/www.sestogrado.it\/it\/\"},{\"@type\":\"ListItem\",\"position\":2,\"name\":\"Shop\",\"item\":\"https:\/\/www.sestogrado.it\/it\/shop\/\"},{\"@type\":\"ListItem\",\"position\":3,\"name\":\"Millet Parmelan 17 zaino alpinismo\"}]},{\"@type\":\"WebSite\",\"@id\":\"https:\/\/www.sestogrado.it\/it\/#website\",\"url\":\"https:\/\/www.sestogrado.it\/it\/\",\"name\":\"Sestogrado\",\"description\":\"yes we climb\",\"publisher\":{\"@id\":\"https:\/\/www.sestogrado.it\/it\/#organization\"},\"potentialAction\":[{\"@type\":\"SearchAction\",\"target\":{\"@type\":\"EntryPoint\",\"urlTemplate\":\"https:\/\/www.sestogrado.it\/it\/?s={search_term_string}\"},\"query-input\":{\"@type\":\"PropertyValueSpecification\",\"valueRequired\":true,\"valueName\":\"search_term_string\"}}],\"inLanguage\":\"it-IT\"},{\"@type\":\"Organization\",\"@id\":\"https:\/\/www.sestogrado.it\/it\/#organization\",\"name\":\"Sestogrado\",\"url\":\"https:\/\/www.sestogrado.it\/it\/\",\"logo\":{\"@type\":\"ImageObject\",\"inLanguage\":\"it-IT\",\"@id\":\"https:\/\/www.sestogrado.it\/it\/#\/schema\/logo\/image\/\",\"url\":\"https:\/\/www.sestogrado.it\/wp-content\/uploads\/2015\/03\/sestogrado-favicon.png\",\"contentUrl\":\"https:\/\/www.sestogrado.it\/wp-content\/uploads\/2015\/03\/sestogrado-favicon.png\",\"width\":260,\"height\":260,\"caption\":\"Sestogrado\"},\"image\":{\"@id\":\"https:\/\/www.sestogrado.it\/it\/#\/schema\/logo\/image\/\"},\"sameAs\":[\"https:\/\/www.facebook.com\/pages\/Sestogrado\/1542635979353017?ref=bookmarks\",\"https:\/\/www.youtube.com\/channel\/UC847kAfTkaJsWpc1jtQwr3Q\"],\"hasMerchantReturnPolicy\":{\"@type\":\"MerchantReturnPolicy\",\"merchantReturnLink\":\"https:\/\/www.sestogrado.it\/it\/termini-e-condizioni\/\"}}]}<\/script>\n<meta property=\"product:brand\" content=\"Millet\" \/>\n<meta property=\"og:availability\" content=\"instock\" \/>\n<meta property=\"product:availability\" content=\"instock\" \/>\n<meta property=\"product:condition\" content=\"new\" \/>\n<!-- \/ Yoast SEO plugin. -->","yoast_head_json":{"title":"Millet Parmelan 17 zaino alpinismo - Sestogrado","description":"Il Millet Parmela 17 \u00e8 uno zaino da 17 litri, leggero e robusto, progettato per durare. E' dotato di una sacca di contenimento, che, una volta tirato fuori lo zaino, pu\u00f2 essere utilizzata come scomparto ulteriore. Ha una tasca frontale per un rapido accesso ai tuoi oggetti essenziali.Lo scomparto principale si apre completamente con una cerniera ad accesso diretto. La chiusura rapida con cinturino a gancio consente di comprimere lo zaino o aggiungere attrezzatura.","robots":{"index":"index","follow":"follow","max-snippet":"max-snippet:-1","max-image-preview":"max-image-preview:large","max-video-preview":"max-video-preview:-1"},"canonical":"https:\/\/www.sestogrado.it\/it\/prodotto\/millet-parmelan-17-zaino-alpinismo\/","og_locale":"it_IT","og_type":"article","og_title":"Millet Parmelan 17 zaino alpinismo - Sestogrado","og_description":"Il Millet Parmela 17 \u00e8 uno zaino da 17 litri, leggero e robusto, progettato per durare. E' dotato di una sacca di contenimento, che, una volta tirato fuori lo zaino, pu\u00f2 essere utilizzata come scomparto ulteriore. Ha una tasca frontale per un rapido accesso ai tuoi oggetti essenziali.Lo scomparto principale si apre completamente con una cerniera ad accesso diretto. La chiusura rapida con cinturino a gancio consente di comprimere lo zaino o aggiungere attrezzatura.","og_url":"https:\/\/www.sestogrado.it\/it\/prodotto\/millet-parmelan-17-zaino-alpinismo\/","og_site_name":"Sestogrado","article_publisher":"https:\/\/www.facebook.com\/pages\/Sestogrado\/1542635979353017?ref=bookmarks","article_modified_time":"2026-03-09T09:18:29+00:00","og_image":[{"width":1000,"height":1000,"url":"https:\/\/www.sestogrado.it\/wp-content\/uploads\/2026\/03\/01.jpg","type":"image\/jpeg"}],"twitter_misc":{"Disponibilit\u00e0":"In stock"},"schema":{"@context":"https:\/\/schema.org","@graph":[{"@type":"WebPage","@id":"https:\/\/www.sestogrado.it\/it\/prodotto\/millet-parmelan-17-zaino-alpinismo\/","url":"https:\/\/www.sestogrado.it\/it\/prodotto\/millet-parmelan-17-zaino-alpinismo\/","name":"Millet Parmelan 17 zaino alpinismo - Sestogrado","isPartOf":{"@id":"https:\/\/www.sestogrado.it\/it\/#website"},"primaryImageOfPage":{"@id":"https:\/\/www.sestogrado.it\/it\/prodotto\/millet-parmelan-17-zaino-alpinismo\/#primaryimage"},"image":{"@id":"https:\/\/www.sestogrado.it\/prodotto\/millet-parmelan-17-zaino-alpinismo\/#primaryimage"},"thumbnailUrl":"https:\/\/www.sestogrado.it\/wp-content\/uploads\/2026\/03\/01.jpg","datePublished":"2026-03-09T09:18:28+00:00","dateModified":"2026-03-09T09:18:29+00:00","description":"Il Millet Parmela 17 \u00e8 uno zaino da 17 litri, leggero e robusto, progettato per durare. E' dotato di una sacca di contenimento, che, una volta tirato fuori lo zaino, pu\u00f2 essere utilizzata come scomparto ulteriore. Ha una tasca frontale per un rapido accesso ai tuoi oggetti essenziali.Lo scomparto principale si apre completamente con una cerniera ad accesso diretto. La chiusura rapida con cinturino a gancio consente di comprimere lo zaino o aggiungere attrezzatura.","breadcrumb":{"@id":"https:\/\/www.sestogrado.it\/it\/prodotto\/millet-parmelan-17-zaino-alpinismo\/#breadcrumb"},"inLanguage":"it-IT","potentialAction":[{"@type":"ReadAction","target":[["https:\/\/www.sestogrado.it\/it\/prodotto\/millet-parmelan-17-zaino-alpinismo\/"]]}]},{"@type":"ImageObject","inLanguage":"it-IT","@id":"https:\/\/www.sestogrado.it\/it\/prodotto\/millet-parmelan-17-zaino-alpinismo\/#primaryimage","url":"https:\/\/www.sestogrado.it\/wp-content\/uploads\/2026\/03\/01.jpg","contentUrl":"https:\/\/www.sestogrado.it\/wp-content\/uploads\/2026\/03\/01.jpg","width":1000,"height":1000,"caption":"parmelan 17 silverstone"},{"@type":"BreadcrumbList","@id":"https:\/\/www.sestogrado.it\/it\/prodotto\/millet-parmelan-17-zaino-alpinismo\/#breadcrumb","itemListElement":[{"@type":"ListItem","position":1,"name":"Home","item":"https:\/\/www.sestogrado.it\/it\/"},{"@type":"ListItem","position":2,"name":"Shop","item":"https:\/\/www.sestogrado.it\/it\/shop\/"},{"@type":"ListItem","position":3,"name":"Millet Parmelan 17 zaino alpinismo"}]},{"@type":"WebSite","@id":"https:\/\/www.sestogrado.it\/it\/#website","url":"https:\/\/www.sestogrado.it\/it\/","name":"Sestogrado","description":"yes we climb","publisher":{"@id":"https:\/\/www.sestogrado.it\/it\/#organization"},"potentialAction":[{"@type":"SearchAction","target":{"@type":"EntryPoint","urlTemplate":"https:\/\/www.sestogrado.it\/it\/?s={search_term_string}"},"query-input":{"@type":"PropertyValueSpecification","valueRequired":true,"valueName":"search_term_string"}}],"inLanguage":"it-IT"},{"@type":"Organization","@id":"https:\/\/www.sestogrado.it\/it\/#organization","name":"Sestogrado","url":"https:\/\/www.sestogrado.it\/it\/","logo":{"@type":"ImageObject","inLanguage":"it-IT","@id":"https:\/\/www.sestogrado.it\/it\/#\/schema\/logo\/image\/","url":"https:\/\/www.sestogrado.it\/wp-content\/uploads\/2015\/03\/sestogrado-favicon.png","contentUrl":"https:\/\/www.sestogrado.it\/wp-content\/uploads\/2015\/03\/sestogrado-favicon.png","width":260,"height":260,"caption":"Sestogrado"},"image":{"@id":"https:\/\/www.sestogrado.it\/it\/#\/schema\/logo\/image\/"},"sameAs":["https:\/\/www.facebook.com\/pages\/Sestogrado\/1542635979353017?ref=bookmarks","https:\/\/www.youtube.com\/channel\/UC847kAfTkaJsWpc1jtQwr3Q"],"hasMerchantReturnPolicy":{"@type":"MerchantReturnPolicy","merchantReturnLink":"https:\/\/www.sestogrado.it\/it\/termini-e-condizioni\/"}}]},"product_brand":"Millet","og_availability":"instock","product_availability":"instock","product_condition":"new"},"_links":{"self":[{"href":"https:\/\/www.sestogrado.it\/it\/wp-json\/wp\/v2\/product\/212767","targetHints":{"allow":["GET"]}}],"collection":[{"href":"https:\/\/www.sestogrado.it\/it\/wp-json\/wp\/v2\/product"}],"about":[{"href":"https:\/\/www.sestogrado.it\/it\/wp-json\/wp\/v2\/types\/product"}],"replies":[{"embeddable":true,"href":"https:\/\/www.sestogrado.it\/it\/wp-json\/wp\/v2\/comments?post=212767"}],"wp:featuredmedia":[{"embeddable":true,"href":"https:\/\/www.sestogrado.it\/it\/wp-json\/wp\/v2\/media\/212768"}],"wp:attachment":[{"href":"https:\/\/www.sestogrado.it\/it\/wp-json\/wp\/v2\/media?parent=212767"}],"wp:term":[{"taxonomy":"product_brand","embeddable":true,"href":"https:\/\/www.sestogrado.it\/it\/wp-json\/wp\/v2\/product_brand?post=212767"},{"taxonomy":"product_cat","embeddable":true,"href":"https:\/\/www.sestogrado.it\/it\/wp-json\/wp\/v2\/product_cat?post=212767"},{"taxonomy":"product_tag","embeddable":true,"href":"https:\/\/www.sestogrado.it\/it\/wp-json\/wp\/v2\/product_tag?post=212767"}],"curies":[{"name":"wp","href":"https:\/\/api.w.org\/{rel}","templated":true}]}}