{"id":2123,"date":"2015-07-29T11:02:32","date_gmt":"2015-07-29T09:02:32","guid":{"rendered":"http:\/\/www.sestogrado.it\/?post_type=product&#038;p=2123"},"modified":"2026-04-28T08:34:59","modified_gmt":"2026-04-28T06:34:59","slug":"camp-photon-wire-express-ks-dyneema-rinvio-arrampicata","status":"publish","type":"product","link":"https:\/\/www.sestogrado.it\/it\/prodotto\/camp-photon-wire-express-ks-dyneema-rinvio-arrampicata\/","title":{"rendered":"Camp Photon Wire Express KS Dyneema rinvio arrampicata"},"content":{"rendered":"<p>Il Camp Photon Wire Express KS Dyneema \u00e8 un rinvio filo\/filo superleggero (68g) estremamente tecnico, concepito per l&#8217;arrampicata di alto livello, che integra oltre alla versione da 12cm anche quella da 18cm.<\/p>\n<p>Il Photon Wire Express KS \u00e8 diverso da tutti gli altri rinvii superleggeri perch\u00e8, malgrado la leggerezza, i suoi moschettoni sono full size. Infatti i moschettoni Photon Wires hanno un&#8217;apertura della leva\u00a0fino al 25% superiore rispetto a quella di altri moschettoni\u00a0ultraleggeri, garantendo cos\u00ec la massima efficacia in tutti i moschettonaggi.<\/p>\n<p>La fettuccia in\u00a0Dyneema\u00ae \u00e8 equipaggiata con il Karstop Evo un ferma moschettone in TPU, di concezione innovativa, integrato nella fettuccia e quindi estremamente efficace, funzionale e inamovibile\u00a0che impedisce la rotazione del moschettone.<\/p>\n<p>La combinazione della fettuccia in\u00a0Dyneema\u00ae con i moschettoni full size Photon Wire fanno del Camp Photon Wire Express KS la perfetta scelta per l&#8217;arrampicata di alto livello su roccia, su vie lunghe (ultraleggero) e su ghiaccio, visto la facilit\u00e0 di moschettonaggio anche con i guanti e la fettuccia in Dyneema che assorbe meno acqua del nylon e non tende a ghiacciare.<\/p>\n<ul>\n<li>Rinvio superleggero con moschettoni Photon Wire leva ampia e profilo ad H superleggero, ideale per vie lunghe<\/li>\n<li>Fettuccia in Dyneema\u00ae con Karstop Evo ferma moschettone integrato<\/li>\n<\/ul>\n<p>&nbsp;<\/p>\n<p>Tecnico e leggero, il Camp Photon Wire KS Dyneema \u00e8 un rinvio che agevola il lavoro sia del primo sia del secondo di cordata, grazie alla facilit\u00e0 di moschettonaggio e di smoschettonaggio, la capacit\u00e0 di alloggiare la corda e di procedere facilmente con la rinviata.<\/p>\n<p>&nbsp;<\/p>\n<div class=\"font_sito\">\n<p>Passione, lavoro e semplicit\u00e0 sono alcune delle parole chiave che da sempre hanno contraddistinto il modo di essere di C.A.M.P.\u00a0Fondata nel\u00a01889 a Premana, paese dell&#8217;alta Valsassina dove tutt&#8217;oggi ha la sua sede, C.A.M.P.\u00a0realizza\u00a0prodotti che aiutano a realizzare i sogni ed i progetti di tutti coloro che frequentano la montagna.<\/p>\n<\/div>\n<p><\/p>","protected":false},"excerpt":{"rendered":"<p>Il Camp Photon Wire Express KS Dyneema \u00e8 un rinvio filo\/filo superleggero (68g) estremamente tecnico, concepito per l&#8217;arrampicata di alto [&hellip;]<\/p>\n","protected":false},"featured_media":30763,"comment_status":"open","ping_status":"closed","template":"","meta":{"_acf_changed":false},"product_brand":[31],"product_cat":[17,133],"product_tag":[405,440,486],"class_list":{"0":"post-2123","1":"product","2":"type-product","3":"status-publish","4":"has-post-thumbnail","6":"product_brand-camp","7":"product_cat-ferramenta","8":"product_cat-rinvii","9":"product_tag-rinvii-arrampicata","10":"product_tag-rinvii-camp","11":"product_tag-rinvio-arrampicata","13":"first","14":"instock","15":"sale","16":"taxable","17":"shipping-taxable","18":"purchasable","19":"product-type-variable"},"acf":[],"yoast_head":"<!-- This site is optimized with the Yoast SEO plugin v26.4 - https:\/\/yoast.com\/wordpress\/plugins\/seo\/ -->\n<title>Camp Photon Wire Express KS Dyneema rinvio arrampicata - Sestogrado<\/title>\n<meta name=\"description\" content=\"Il Camp Photon Wire Express KS Dyneema \u00e8 un rinvio filo\/filo superleggero (68g) estremamente tecnico, concepito per l&#039;arrampicata di alto livello, che dalla versione 2020 integra oltre alla versione da 11cm anche quella da 18cm.Il Photon Wire Express KS \u00e8 diverso da tutti gli altri rinvii superleggeri perch\u00e8, malgrado la leggerezza, i suoi moschettoni sono full size. Infatti i moschettoni Photon Wires hanno un&#039;apertura della leva\u00a0fino al 25% superiore rispetto a quella di altri moschettoni\u00a0ultraleggeri, garantendo cos\u00ec la massima efficacia in tutti i moschettonaggi.La fettuccia in\u00a0Dyneema\u00ae \u00e8 equipaggiata con il Karstop Evo un ferma moschettone in TPU, di concezione innovativa, integrato nella fettuccia e quindi estremamente efficace, funzionale e inamovibile\u00a0che impedisce la rotazione del moschettone.La combinazione della fettuccia in\u00a0Dyneema\u00ae con i moschettoni full size Photon Wire fanno del Camp Photon Wire Express KS la perfetta scelta per l&#039;arrampicata di alto livello su roccia, su vie lunghe (ultraleggero) e su ghiaccio, visto la facilit\u00e0 di moschettonaggio anche con i guanti e la fettuccia in Dyneema che assorbe meno acqua del nylon e non tende a ghiacciare.\" \/>\n<meta name=\"robots\" content=\"index, follow, max-snippet:-1, max-image-preview:large, max-video-preview:-1\" \/>\n<link rel=\"canonical\" href=\"https:\/\/www.sestogrado.it\/it\/prodotto\/camp-photon-wire-express-ks-dyneema-rinvio-arrampicata\/\" \/>\n<meta property=\"og:locale\" content=\"it_IT\" \/>\n<meta property=\"og:type\" content=\"article\" \/>\n<meta property=\"og:title\" content=\"Camp Photon Wire Express KS Dyneema rinvio arrampicata - Sestogrado\" \/>\n<meta property=\"og:description\" content=\"Il Camp Photon Wire Express KS Dyneema \u00e8 un rinvio filo\/filo superleggero (68g) estremamente tecnico, concepito per l&#039;arrampicata di alto livello, che dalla versione 2020 integra oltre alla versione da 11cm anche quella da 18cm.Il Photon Wire Express KS \u00e8 diverso da tutti gli altri rinvii superleggeri perch\u00e8, malgrado la leggerezza, i suoi moschettoni sono full size. Infatti i moschettoni Photon Wires hanno un&#039;apertura della leva\u00a0fino al 25% superiore rispetto a quella di altri moschettoni\u00a0ultraleggeri, garantendo cos\u00ec la massima efficacia in tutti i moschettonaggi.La fettuccia in\u00a0Dyneema\u00ae \u00e8 equipaggiata con il Karstop Evo un ferma moschettone in TPU, di concezione innovativa, integrato nella fettuccia e quindi estremamente efficace, funzionale e inamovibile\u00a0che impedisce la rotazione del moschettone.La combinazione della fettuccia in\u00a0Dyneema\u00ae con i moschettoni full size Photon Wire fanno del Camp Photon Wire Express KS la perfetta scelta per l&#039;arrampicata di alto livello su roccia, su vie lunghe (ultraleggero) e su ghiaccio, visto la facilit\u00e0 di moschettonaggio anche con i guanti e la fettuccia in Dyneema che assorbe meno acqua del nylon e non tende a ghiacciare.\" \/>\n<meta property=\"og:url\" content=\"https:\/\/www.sestogrado.it\/it\/prodotto\/camp-photon-wire-express-ks-dyneema-rinvio-arrampicata\/\" \/>\n<meta property=\"og:site_name\" content=\"Sestogrado\" \/>\n<meta property=\"article:publisher\" content=\"https:\/\/www.facebook.com\/pages\/Sestogrado\/1542635979353017?ref=bookmarks\" \/>\n<meta property=\"article:modified_time\" content=\"2026-04-28T06:34:59+00:00\" \/>\n<meta property=\"og:image\" content=\"https:\/\/www.sestogrado.it\/wp-content\/uploads\/2015\/07\/KS-11.jpg\" \/>\n\t<meta property=\"og:image:width\" content=\"1600\" \/>\n\t<meta property=\"og:image:height\" content=\"1600\" \/>\n\t<meta property=\"og:image:type\" content=\"image\/jpeg\" \/>\n<meta name=\"twitter:label1\" content=\"Disponibilit\u00e0\" \/>\n\t<meta name=\"twitter:data1\" content=\"In stock\" \/>\n<script type=\"application\/ld+json\" class=\"yoast-schema-graph\">{\"@context\":\"https:\/\/schema.org\",\"@graph\":[{\"@type\":\"WebPage\",\"@id\":\"https:\/\/www.sestogrado.it\/it\/prodotto\/camp-photon-wire-express-ks-dyneema-rinvio-arrampicata\/\",\"url\":\"https:\/\/www.sestogrado.it\/it\/prodotto\/camp-photon-wire-express-ks-dyneema-rinvio-arrampicata\/\",\"name\":\"Camp Photon Wire Express KS Dyneema rinvio arrampicata - Sestogrado\",\"isPartOf\":{\"@id\":\"https:\/\/www.sestogrado.it\/it\/#website\"},\"primaryImageOfPage\":{\"@id\":\"https:\/\/www.sestogrado.it\/it\/prodotto\/camp-photon-wire-express-ks-dyneema-rinvio-arrampicata\/#primaryimage\"},\"image\":{\"@id\":\"https:\/\/www.sestogrado.it\/prodotto\/camp-photon-wire-express-ks-dyneema-rinvio-arrampicata\/#primaryimage\"},\"thumbnailUrl\":\"https:\/\/www.sestogrado.it\/wp-content\/uploads\/2015\/07\/KS-11.jpg\",\"datePublished\":\"2015-07-29T09:02:32+00:00\",\"dateModified\":\"2026-04-28T06:34:59+00:00\",\"description\":\"Il Camp Photon Wire Express KS Dyneema \u00e8 un rinvio filo\/filo superleggero (68g) estremamente tecnico, concepito per l'arrampicata di alto livello, che dalla versione 2020 integra oltre alla versione da 11cm anche quella da 18cm.Il Photon Wire Express KS \u00e8 diverso da tutti gli altri rinvii superleggeri perch\u00e8, malgrado la leggerezza, i suoi moschettoni sono full size. Infatti i moschettoni Photon Wires hanno un'apertura della leva\u00a0fino al 25% superiore rispetto a quella di altri moschettoni\u00a0ultraleggeri, garantendo cos\u00ec la massima efficacia in tutti i moschettonaggi.La fettuccia in\u00a0Dyneema\u00ae \u00e8 equipaggiata con il Karstop Evo un ferma moschettone in TPU, di concezione innovativa, integrato nella fettuccia e quindi estremamente efficace, funzionale e inamovibile\u00a0che impedisce la rotazione del moschettone.La combinazione della fettuccia in\u00a0Dyneema\u00ae con i moschettoni full size Photon Wire fanno del Camp Photon Wire Express KS la perfetta scelta per l'arrampicata di alto livello su roccia, su vie lunghe (ultraleggero) e su ghiaccio, visto la facilit\u00e0 di moschettonaggio anche con i guanti e la fettuccia in Dyneema che assorbe meno acqua del nylon e non tende a ghiacciare.\",\"breadcrumb\":{\"@id\":\"https:\/\/www.sestogrado.it\/it\/prodotto\/camp-photon-wire-express-ks-dyneema-rinvio-arrampicata\/#breadcrumb\"},\"inLanguage\":\"it-IT\",\"potentialAction\":[{\"@type\":\"ReadAction\",\"target\":[[\"https:\/\/www.sestogrado.it\/it\/prodotto\/camp-photon-wire-express-ks-dyneema-rinvio-arrampicata\/\"]]}]},{\"@type\":\"ImageObject\",\"inLanguage\":\"it-IT\",\"@id\":\"https:\/\/www.sestogrado.it\/it\/prodotto\/camp-photon-wire-express-ks-dyneema-rinvio-arrampicata\/#primaryimage\",\"url\":\"https:\/\/www.sestogrado.it\/wp-content\/uploads\/2015\/07\/KS-11.jpg\",\"contentUrl\":\"https:\/\/www.sestogrado.it\/wp-content\/uploads\/2015\/07\/KS-11.jpg\",\"width\":1600,\"height\":1600,\"caption\":\"KS Dyneema 11cm\"},{\"@type\":\"BreadcrumbList\",\"@id\":\"https:\/\/www.sestogrado.it\/it\/prodotto\/camp-photon-wire-express-ks-dyneema-rinvio-arrampicata\/#breadcrumb\",\"itemListElement\":[{\"@type\":\"ListItem\",\"position\":1,\"name\":\"Home\",\"item\":\"https:\/\/www.sestogrado.it\/it\/\"},{\"@type\":\"ListItem\",\"position\":2,\"name\":\"Shop\",\"item\":\"https:\/\/www.sestogrado.it\/it\/shop\/\"},{\"@type\":\"ListItem\",\"position\":3,\"name\":\"Camp Photon Wire Express KS Dyneema rinvio arrampicata\"}]},{\"@type\":\"WebSite\",\"@id\":\"https:\/\/www.sestogrado.it\/it\/#website\",\"url\":\"https:\/\/www.sestogrado.it\/it\/\",\"name\":\"Sestogrado\",\"description\":\"yes we climb\",\"publisher\":{\"@id\":\"https:\/\/www.sestogrado.it\/it\/#organization\"},\"potentialAction\":[{\"@type\":\"SearchAction\",\"target\":{\"@type\":\"EntryPoint\",\"urlTemplate\":\"https:\/\/www.sestogrado.it\/it\/?s={search_term_string}\"},\"query-input\":{\"@type\":\"PropertyValueSpecification\",\"valueRequired\":true,\"valueName\":\"search_term_string\"}}],\"inLanguage\":\"it-IT\"},{\"@type\":\"Organization\",\"@id\":\"https:\/\/www.sestogrado.it\/it\/#organization\",\"name\":\"Sestogrado\",\"url\":\"https:\/\/www.sestogrado.it\/it\/\",\"logo\":{\"@type\":\"ImageObject\",\"inLanguage\":\"it-IT\",\"@id\":\"https:\/\/www.sestogrado.it\/it\/#\/schema\/logo\/image\/\",\"url\":\"https:\/\/www.sestogrado.it\/wp-content\/uploads\/2015\/03\/sestogrado-favicon.png\",\"contentUrl\":\"https:\/\/www.sestogrado.it\/wp-content\/uploads\/2015\/03\/sestogrado-favicon.png\",\"width\":260,\"height\":260,\"caption\":\"Sestogrado\"},\"image\":{\"@id\":\"https:\/\/www.sestogrado.it\/it\/#\/schema\/logo\/image\/\"},\"sameAs\":[\"https:\/\/www.facebook.com\/pages\/Sestogrado\/1542635979353017?ref=bookmarks\",\"https:\/\/www.youtube.com\/channel\/UC847kAfTkaJsWpc1jtQwr3Q\"],\"hasMerchantReturnPolicy\":{\"@type\":\"MerchantReturnPolicy\",\"merchantReturnLink\":\"https:\/\/www.sestogrado.it\/it\/termini-e-condizioni\/\"}}]}<\/script>\n<meta property=\"product:brand\" content=\"Camp\" \/>\n<meta property=\"og:availability\" content=\"instock\" \/>\n<meta property=\"product:availability\" content=\"instock\" \/>\n<meta property=\"product:condition\" content=\"new\" \/>\n<!-- \/ Yoast SEO plugin. -->","yoast_head_json":{"title":"Camp Photon Wire Express KS Dyneema rinvio arrampicata - Sestogrado","description":"Il Camp Photon Wire Express KS Dyneema \u00e8 un rinvio filo\/filo superleggero (68g) estremamente tecnico, concepito per l'arrampicata di alto livello, che dalla versione 2020 integra oltre alla versione da 11cm anche quella da 18cm.Il Photon Wire Express KS \u00e8 diverso da tutti gli altri rinvii superleggeri perch\u00e8, malgrado la leggerezza, i suoi moschettoni sono full size. Infatti i moschettoni Photon Wires hanno un'apertura della leva\u00a0fino al 25% superiore rispetto a quella di altri moschettoni\u00a0ultraleggeri, garantendo cos\u00ec la massima efficacia in tutti i moschettonaggi.La fettuccia in\u00a0Dyneema\u00ae \u00e8 equipaggiata con il Karstop Evo un ferma moschettone in TPU, di concezione innovativa, integrato nella fettuccia e quindi estremamente efficace, funzionale e inamovibile\u00a0che impedisce la rotazione del moschettone.La combinazione della fettuccia in\u00a0Dyneema\u00ae con i moschettoni full size Photon Wire fanno del Camp Photon Wire Express KS la perfetta scelta per l'arrampicata di alto livello su roccia, su vie lunghe (ultraleggero) e su ghiaccio, visto la facilit\u00e0 di moschettonaggio anche con i guanti e la fettuccia in Dyneema che assorbe meno acqua del nylon e non tende a ghiacciare.","robots":{"index":"index","follow":"follow","max-snippet":"max-snippet:-1","max-image-preview":"max-image-preview:large","max-video-preview":"max-video-preview:-1"},"canonical":"https:\/\/www.sestogrado.it\/it\/prodotto\/camp-photon-wire-express-ks-dyneema-rinvio-arrampicata\/","og_locale":"it_IT","og_type":"article","og_title":"Camp Photon Wire Express KS Dyneema rinvio arrampicata - Sestogrado","og_description":"Il Camp Photon Wire Express KS Dyneema \u00e8 un rinvio filo\/filo superleggero (68g) estremamente tecnico, concepito per l'arrampicata di alto livello, che dalla versione 2020 integra oltre alla versione da 11cm anche quella da 18cm.Il Photon Wire Express KS \u00e8 diverso da tutti gli altri rinvii superleggeri perch\u00e8, malgrado la leggerezza, i suoi moschettoni sono full size. Infatti i moschettoni Photon Wires hanno un'apertura della leva\u00a0fino al 25% superiore rispetto a quella di altri moschettoni\u00a0ultraleggeri, garantendo cos\u00ec la massima efficacia in tutti i moschettonaggi.La fettuccia in\u00a0Dyneema\u00ae \u00e8 equipaggiata con il Karstop Evo un ferma moschettone in TPU, di concezione innovativa, integrato nella fettuccia e quindi estremamente efficace, funzionale e inamovibile\u00a0che impedisce la rotazione del moschettone.La combinazione della fettuccia in\u00a0Dyneema\u00ae con i moschettoni full size Photon Wire fanno del Camp Photon Wire Express KS la perfetta scelta per l'arrampicata di alto livello su roccia, su vie lunghe (ultraleggero) e su ghiaccio, visto la facilit\u00e0 di moschettonaggio anche con i guanti e la fettuccia in Dyneema che assorbe meno acqua del nylon e non tende a ghiacciare.","og_url":"https:\/\/www.sestogrado.it\/it\/prodotto\/camp-photon-wire-express-ks-dyneema-rinvio-arrampicata\/","og_site_name":"Sestogrado","article_publisher":"https:\/\/www.facebook.com\/pages\/Sestogrado\/1542635979353017?ref=bookmarks","article_modified_time":"2026-04-28T06:34:59+00:00","og_image":[{"width":1600,"height":1600,"url":"https:\/\/www.sestogrado.it\/wp-content\/uploads\/2015\/07\/KS-11.jpg","type":"image\/jpeg"}],"twitter_misc":{"Disponibilit\u00e0":"In stock"},"schema":{"@context":"https:\/\/schema.org","@graph":[{"@type":"WebPage","@id":"https:\/\/www.sestogrado.it\/it\/prodotto\/camp-photon-wire-express-ks-dyneema-rinvio-arrampicata\/","url":"https:\/\/www.sestogrado.it\/it\/prodotto\/camp-photon-wire-express-ks-dyneema-rinvio-arrampicata\/","name":"Camp Photon Wire Express KS Dyneema rinvio arrampicata - Sestogrado","isPartOf":{"@id":"https:\/\/www.sestogrado.it\/it\/#website"},"primaryImageOfPage":{"@id":"https:\/\/www.sestogrado.it\/it\/prodotto\/camp-photon-wire-express-ks-dyneema-rinvio-arrampicata\/#primaryimage"},"image":{"@id":"https:\/\/www.sestogrado.it\/prodotto\/camp-photon-wire-express-ks-dyneema-rinvio-arrampicata\/#primaryimage"},"thumbnailUrl":"https:\/\/www.sestogrado.it\/wp-content\/uploads\/2015\/07\/KS-11.jpg","datePublished":"2015-07-29T09:02:32+00:00","dateModified":"2026-04-28T06:34:59+00:00","description":"Il Camp Photon Wire Express KS Dyneema \u00e8 un rinvio filo\/filo superleggero (68g) estremamente tecnico, concepito per l'arrampicata di alto livello, che dalla versione 2020 integra oltre alla versione da 11cm anche quella da 18cm.Il Photon Wire Express KS \u00e8 diverso da tutti gli altri rinvii superleggeri perch\u00e8, malgrado la leggerezza, i suoi moschettoni sono full size. Infatti i moschettoni Photon Wires hanno un'apertura della leva\u00a0fino al 25% superiore rispetto a quella di altri moschettoni\u00a0ultraleggeri, garantendo cos\u00ec la massima efficacia in tutti i moschettonaggi.La fettuccia in\u00a0Dyneema\u00ae \u00e8 equipaggiata con il Karstop Evo un ferma moschettone in TPU, di concezione innovativa, integrato nella fettuccia e quindi estremamente efficace, funzionale e inamovibile\u00a0che impedisce la rotazione del moschettone.La combinazione della fettuccia in\u00a0Dyneema\u00ae con i moschettoni full size Photon Wire fanno del Camp Photon Wire Express KS la perfetta scelta per l'arrampicata di alto livello su roccia, su vie lunghe (ultraleggero) e su ghiaccio, visto la facilit\u00e0 di moschettonaggio anche con i guanti e la fettuccia in Dyneema che assorbe meno acqua del nylon e non tende a ghiacciare.","breadcrumb":{"@id":"https:\/\/www.sestogrado.it\/it\/prodotto\/camp-photon-wire-express-ks-dyneema-rinvio-arrampicata\/#breadcrumb"},"inLanguage":"it-IT","potentialAction":[{"@type":"ReadAction","target":[["https:\/\/www.sestogrado.it\/it\/prodotto\/camp-photon-wire-express-ks-dyneema-rinvio-arrampicata\/"]]}]},{"@type":"ImageObject","inLanguage":"it-IT","@id":"https:\/\/www.sestogrado.it\/it\/prodotto\/camp-photon-wire-express-ks-dyneema-rinvio-arrampicata\/#primaryimage","url":"https:\/\/www.sestogrado.it\/wp-content\/uploads\/2015\/07\/KS-11.jpg","contentUrl":"https:\/\/www.sestogrado.it\/wp-content\/uploads\/2015\/07\/KS-11.jpg","width":1600,"height":1600,"caption":"KS Dyneema 11cm"},{"@type":"BreadcrumbList","@id":"https:\/\/www.sestogrado.it\/it\/prodotto\/camp-photon-wire-express-ks-dyneema-rinvio-arrampicata\/#breadcrumb","itemListElement":[{"@type":"ListItem","position":1,"name":"Home","item":"https:\/\/www.sestogrado.it\/it\/"},{"@type":"ListItem","position":2,"name":"Shop","item":"https:\/\/www.sestogrado.it\/it\/shop\/"},{"@type":"ListItem","position":3,"name":"Camp Photon Wire Express KS Dyneema rinvio arrampicata"}]},{"@type":"WebSite","@id":"https:\/\/www.sestogrado.it\/it\/#website","url":"https:\/\/www.sestogrado.it\/it\/","name":"Sestogrado","description":"yes we climb","publisher":{"@id":"https:\/\/www.sestogrado.it\/it\/#organization"},"potentialAction":[{"@type":"SearchAction","target":{"@type":"EntryPoint","urlTemplate":"https:\/\/www.sestogrado.it\/it\/?s={search_term_string}"},"query-input":{"@type":"PropertyValueSpecification","valueRequired":true,"valueName":"search_term_string"}}],"inLanguage":"it-IT"},{"@type":"Organization","@id":"https:\/\/www.sestogrado.it\/it\/#organization","name":"Sestogrado","url":"https:\/\/www.sestogrado.it\/it\/","logo":{"@type":"ImageObject","inLanguage":"it-IT","@id":"https:\/\/www.sestogrado.it\/it\/#\/schema\/logo\/image\/","url":"https:\/\/www.sestogrado.it\/wp-content\/uploads\/2015\/03\/sestogrado-favicon.png","contentUrl":"https:\/\/www.sestogrado.it\/wp-content\/uploads\/2015\/03\/sestogrado-favicon.png","width":260,"height":260,"caption":"Sestogrado"},"image":{"@id":"https:\/\/www.sestogrado.it\/it\/#\/schema\/logo\/image\/"},"sameAs":["https:\/\/www.facebook.com\/pages\/Sestogrado\/1542635979353017?ref=bookmarks","https:\/\/www.youtube.com\/channel\/UC847kAfTkaJsWpc1jtQwr3Q"],"hasMerchantReturnPolicy":{"@type":"MerchantReturnPolicy","merchantReturnLink":"https:\/\/www.sestogrado.it\/it\/termini-e-condizioni\/"}}]},"product_brand":"Camp","og_availability":"instock","product_availability":"instock","product_condition":"new"},"_links":{"self":[{"href":"https:\/\/www.sestogrado.it\/it\/wp-json\/wp\/v2\/product\/2123","targetHints":{"allow":["GET"]}}],"collection":[{"href":"https:\/\/www.sestogrado.it\/it\/wp-json\/wp\/v2\/product"}],"about":[{"href":"https:\/\/www.sestogrado.it\/it\/wp-json\/wp\/v2\/types\/product"}],"replies":[{"embeddable":true,"href":"https:\/\/www.sestogrado.it\/it\/wp-json\/wp\/v2\/comments?post=2123"}],"wp:featuredmedia":[{"embeddable":true,"href":"https:\/\/www.sestogrado.it\/it\/wp-json\/wp\/v2\/media\/30763"}],"wp:attachment":[{"href":"https:\/\/www.sestogrado.it\/it\/wp-json\/wp\/v2\/media?parent=2123"}],"wp:term":[{"taxonomy":"product_brand","embeddable":true,"href":"https:\/\/www.sestogrado.it\/it\/wp-json\/wp\/v2\/product_brand?post=2123"},{"taxonomy":"product_cat","embeddable":true,"href":"https:\/\/www.sestogrado.it\/it\/wp-json\/wp\/v2\/product_cat?post=2123"},{"taxonomy":"product_tag","embeddable":true,"href":"https:\/\/www.sestogrado.it\/it\/wp-json\/wp\/v2\/product_tag?post=2123"}],"curies":[{"name":"wp","href":"https:\/\/api.w.org\/{rel}","templated":true}]}}