{"id":211911,"date":"2026-02-23T13:34:31","date_gmt":"2026-02-23T12:34:31","guid":{"rendered":"https:\/\/www.sestogrado.it\/?post_type=product&#038;p=211911"},"modified":"2026-03-26T09:15:47","modified_gmt":"2026-03-26T08:15:47","slug":"camp-m-tech-30-zaino-da-alpinismo","status":"publish","type":"product","link":"https:\/\/www.sestogrado.it\/it\/prodotto\/camp-m-tech-30-zaino-da-alpinismo\/","title":{"rendered":"Camp M-Tech 30 zaino arrampicata alpinismo"},"content":{"rendered":"<p>Il Camp M-Tech 30 \u00e8 uno zaino da alpinismo disegnato per essere portato in parete. Comodo, leggero e funzionale, presenta una forma stretta e allungata, con un design essenziale, per garantire il massimo comfort durante la scalata. Con una capacit\u00e0 di 30 litri, \u00e8 ideale per le ascensioni pi\u00f9 lunghe e impegnative che richiedono una maggiore quantit\u00e0 di equipaggiamento. Gli spallacci sono anatomici, con imbottitura in EVA da 6 mm e particolarmente larghi nella parte superiore per consentire un\u2019eccellente distribuzione del peso sulle spalle. Gli attacchi inferiori sono in posizione rialzata per mantenere lo zaino il pi\u00f9 possibile aderente alla schiena, assicurando stabilit\u00e0, libert\u00e0 di movimento e nessuna interferenza con l\u2019imbragatura e il materiale. La tasca interna rimovibile pu\u00f2 essere usata separatamente oppure riposta nella parte superiore dello zaino, sopra il resto del contenuto, per avere immediatamente a disposizione accessori e altri oggetti (telefono ecc.). La patella di chiusura \u00e8 studiata sia per fornire ulteriore protezione al contenuto dello zaino in caso di maltempo sia per servire come porta corda.<\/p>\n<ul>\n<li>Zaino tecnico per vie lunghe su roccia, ghiaccio e misto<\/li>\n<li>Patella di chiusura per proteggere il contenuto in caso di maltempo, utilizzabile anche come porta corda<\/li>\n<li>Schienale con pannello in EVA da 6 mm<\/li>\n<li>Volume flessibile grazie al doppio sistema di chiusura<\/li>\n<li>Spallacci anatomici con imbottitura in EVA da 6 mm per il massimo comfort<\/li>\n<li>Cinghia addominale in fettuccia, rimovibile e con doppia regolazione<\/li>\n<li>Cinghia sternale rimovibile e regolabile in altezza<\/li>\n<li>Predisposto per hydrobag<\/li>\n<li>Doppio porta piccozza con cordini elastici superiori, placchette in alluminio inferiori e vano per le lame degli attrezzi<\/li>\n<li>Porta casco amovibile in rete elastica, da agganciare allo zaino mediante le apposite asole in fettuccia<\/li>\n<li>Ampia tasca esterna con zip<\/li>\n<li>Tasca interna rimovibile per essere usata separatamente oppure riposta nella parte superiore dello zaino per avere immediatamente a disposizione accessori e piccoli oggetti<\/li>\n<li>Chiusura principale rapida, con fibbia e anello in fettuccia per facilitare l\u2019apertura\/chiusura anche indossando i guanti<\/li>\n<li>4 asole laterali per fissaggio di materiale extra (fettucce per fissaggio non incluse)<\/li>\n<\/ul>\n<p>&nbsp;<\/p>\n<p>Passione, lavoro e semplicit\u00e0 sono alcune delle parole chiave che da sempre hanno contraddistinto il modo di essere di C.A.M.P.\u00a0Fondata nel\u00a01889 a Premana, paese dell\u2019alta Valsassina dove tutt\u2019oggi ha la sua sede, C.A.M.P.\u00a0realizza\u00a0prodotti che aiutano a realizzare i sogni ed i progetti di tutti coloro che frequentano la montagna.<\/p>","protected":false},"excerpt":{"rendered":"<p>Il Camp M-Tech 30 \u00e8 uno zaino da alpinismo disegnato per essere portato in parete. Comodo, leggero e funzionale, presenta [&hellip;]<\/p>\n","protected":false},"featured_media":212010,"comment_status":"open","ping_status":"closed","template":"","meta":{"_acf_changed":false},"product_brand":[31],"product_cat":[389],"product_tag":[],"class_list":{"0":"post-211911","1":"product","2":"type-product","3":"status-publish","4":"has-post-thumbnail","6":"product_brand-camp","7":"product_cat-zaini-alpinismo","9":"first","10":"instock","11":"sale","12":"taxable","13":"shipping-taxable","14":"purchasable","15":"product-type-simple"},"acf":[],"yoast_head":"<!-- This site is optimized with the Yoast SEO plugin v26.4 - https:\/\/yoast.com\/wordpress\/plugins\/seo\/ -->\n<title>Camp M-Tech 30 zaino arrampicata alpinismo - Sestogrado<\/title>\n<meta name=\"description\" content=\"Il Camp M-Tech 30 \u00e8 uno zaino da alpinismo disegnato per essere portato in parete. Comodo, leggero e funzionale, presenta una forma stretta e allungata, con un design essenziale, per garantire il massimo comfort durante la scalata. Con una capacit\u00e0 di 30 litri, \u00e8 ideale per le ascensioni pi\u00f9 lunghe e impegnative che richiedono una maggiore quantit\u00e0 di equipaggiamento. Gli spallacci sono anatomici, con imbottitura in EVA da 6 mm e particolarmente larghi nella parte superiore per consentire un\u2019eccellente distribuzione del peso sulle spalle. Gli attacchi inferiori sono in posizione rialzata per mantenere lo zaino il pi\u00f9 possibile aderente alla schiena, assicurando stabilit\u00e0\" \/>\n<meta name=\"robots\" content=\"index, follow, max-snippet:-1, max-image-preview:large, max-video-preview:-1\" \/>\n<link rel=\"canonical\" href=\"https:\/\/www.sestogrado.it\/it\/prodotto\/camp-m-tech-30-zaino-da-alpinismo\/\" \/>\n<meta property=\"og:locale\" content=\"it_IT\" \/>\n<meta property=\"og:type\" content=\"article\" \/>\n<meta property=\"og:title\" content=\"Camp M-Tech 30 zaino arrampicata alpinismo - Sestogrado\" \/>\n<meta property=\"og:description\" content=\"Il Camp M-Tech 30 \u00e8 uno zaino da alpinismo disegnato per essere portato in parete. Comodo, leggero e funzionale, presenta una forma stretta e allungata, con un design essenziale, per garantire il massimo comfort durante la scalata. Con una capacit\u00e0 di 30 litri, \u00e8 ideale per le ascensioni pi\u00f9 lunghe e impegnative che richiedono una maggiore quantit\u00e0 di equipaggiamento. Gli spallacci sono anatomici, con imbottitura in EVA da 6 mm e particolarmente larghi nella parte superiore per consentire un\u2019eccellente distribuzione del peso sulle spalle. Gli attacchi inferiori sono in posizione rialzata per mantenere lo zaino il pi\u00f9 possibile aderente alla schiena, assicurando stabilit\u00e0\" \/>\n<meta property=\"og:url\" content=\"https:\/\/www.sestogrado.it\/it\/prodotto\/camp-m-tech-30-zaino-da-alpinismo\/\" \/>\n<meta property=\"og:site_name\" content=\"Sestogrado\" \/>\n<meta property=\"article:publisher\" content=\"https:\/\/www.facebook.com\/pages\/Sestogrado\/1542635979353017?ref=bookmarks\" \/>\n<meta property=\"article:modified_time\" content=\"2026-03-26T08:15:47+00:00\" \/>\n<meta property=\"og:image\" content=\"https:\/\/www.sestogrado.it\/wp-content\/uploads\/2026\/02\/01-9.jpg\" \/>\n\t<meta property=\"og:image:width\" content=\"1000\" \/>\n\t<meta property=\"og:image:height\" content=\"1000\" \/>\n\t<meta property=\"og:image:type\" content=\"image\/jpeg\" \/>\n<meta name=\"twitter:label1\" content=\"Prezzo\" \/>\n\t<meta name=\"twitter:data1\" content=\"&euro;&nbsp;89,00\" \/>\n\t<meta name=\"twitter:label2\" content=\"Disponibilit\u00e0\" \/>\n\t<meta name=\"twitter:data2\" content=\"In stock\" \/>\n<script type=\"application\/ld+json\" class=\"yoast-schema-graph\">{\"@context\":\"https:\/\/schema.org\",\"@graph\":[{\"@type\":\"WebPage\",\"@id\":\"https:\/\/www.sestogrado.it\/it\/prodotto\/camp-m-tech-30-zaino-da-alpinismo\/\",\"url\":\"https:\/\/www.sestogrado.it\/it\/prodotto\/camp-m-tech-30-zaino-da-alpinismo\/\",\"name\":\"Camp M-Tech 30 zaino arrampicata alpinismo - Sestogrado\",\"isPartOf\":{\"@id\":\"https:\/\/www.sestogrado.it\/it\/#website\"},\"primaryImageOfPage\":{\"@id\":\"https:\/\/www.sestogrado.it\/it\/prodotto\/camp-m-tech-30-zaino-da-alpinismo\/#primaryimage\"},\"image\":{\"@id\":\"https:\/\/www.sestogrado.it\/prodotto\/camp-m-tech-30-zaino-da-alpinismo\/#primaryimage\"},\"thumbnailUrl\":\"https:\/\/www.sestogrado.it\/wp-content\/uploads\/2026\/02\/01-9.jpg\",\"datePublished\":\"2026-02-23T12:34:31+00:00\",\"dateModified\":\"2026-03-26T08:15:47+00:00\",\"description\":\"Il Camp M-Tech 30 \u00e8 uno zaino da alpinismo disegnato per essere portato in parete. Comodo, leggero e funzionale, presenta una forma stretta e allungata, con un design essenziale, per garantire il massimo comfort durante la scalata. Con una capacit\u00e0 di 30 litri, \u00e8 ideale per le ascensioni pi\u00f9 lunghe e impegnative che richiedono una maggiore quantit\u00e0 di equipaggiamento. Gli spallacci sono anatomici, con imbottitura in EVA da 6 mm e particolarmente larghi nella parte superiore per consentire un\u2019eccellente distribuzione del peso sulle spalle. Gli attacchi inferiori sono in posizione rialzata per mantenere lo zaino il pi\u00f9 possibile aderente alla schiena, assicurando stabilit\u00e0\",\"breadcrumb\":{\"@id\":\"https:\/\/www.sestogrado.it\/it\/prodotto\/camp-m-tech-30-zaino-da-alpinismo\/#breadcrumb\"},\"inLanguage\":\"it-IT\",\"potentialAction\":[{\"@type\":\"ReadAction\",\"target\":[[\"https:\/\/www.sestogrado.it\/it\/prodotto\/camp-m-tech-30-zaino-da-alpinismo\/\"]]}]},{\"@type\":\"ImageObject\",\"inLanguage\":\"it-IT\",\"@id\":\"https:\/\/www.sestogrado.it\/it\/prodotto\/camp-m-tech-30-zaino-da-alpinismo\/#primaryimage\",\"url\":\"https:\/\/www.sestogrado.it\/wp-content\/uploads\/2026\/02\/01-9.jpg\",\"contentUrl\":\"https:\/\/www.sestogrado.it\/wp-content\/uploads\/2026\/02\/01-9.jpg\",\"width\":1000,\"height\":1000,\"caption\":\"m-tech 30\"},{\"@type\":\"BreadcrumbList\",\"@id\":\"https:\/\/www.sestogrado.it\/it\/prodotto\/camp-m-tech-30-zaino-da-alpinismo\/#breadcrumb\",\"itemListElement\":[{\"@type\":\"ListItem\",\"position\":1,\"name\":\"Home\",\"item\":\"https:\/\/www.sestogrado.it\/it\/\"},{\"@type\":\"ListItem\",\"position\":2,\"name\":\"Shop\",\"item\":\"https:\/\/www.sestogrado.it\/it\/shop\/\"},{\"@type\":\"ListItem\",\"position\":3,\"name\":\"Camp M-Tech 30 zaino arrampicata alpinismo\"}]},{\"@type\":\"WebSite\",\"@id\":\"https:\/\/www.sestogrado.it\/it\/#website\",\"url\":\"https:\/\/www.sestogrado.it\/it\/\",\"name\":\"Sestogrado\",\"description\":\"yes we climb\",\"publisher\":{\"@id\":\"https:\/\/www.sestogrado.it\/it\/#organization\"},\"potentialAction\":[{\"@type\":\"SearchAction\",\"target\":{\"@type\":\"EntryPoint\",\"urlTemplate\":\"https:\/\/www.sestogrado.it\/it\/?s={search_term_string}\"},\"query-input\":{\"@type\":\"PropertyValueSpecification\",\"valueRequired\":true,\"valueName\":\"search_term_string\"}}],\"inLanguage\":\"it-IT\"},{\"@type\":\"Organization\",\"@id\":\"https:\/\/www.sestogrado.it\/it\/#organization\",\"name\":\"Sestogrado\",\"url\":\"https:\/\/www.sestogrado.it\/it\/\",\"logo\":{\"@type\":\"ImageObject\",\"inLanguage\":\"it-IT\",\"@id\":\"https:\/\/www.sestogrado.it\/it\/#\/schema\/logo\/image\/\",\"url\":\"https:\/\/www.sestogrado.it\/wp-content\/uploads\/2015\/03\/sestogrado-favicon.png\",\"contentUrl\":\"https:\/\/www.sestogrado.it\/wp-content\/uploads\/2015\/03\/sestogrado-favicon.png\",\"width\":260,\"height\":260,\"caption\":\"Sestogrado\"},\"image\":{\"@id\":\"https:\/\/www.sestogrado.it\/it\/#\/schema\/logo\/image\/\"},\"sameAs\":[\"https:\/\/www.facebook.com\/pages\/Sestogrado\/1542635979353017?ref=bookmarks\",\"https:\/\/www.youtube.com\/channel\/UC847kAfTkaJsWpc1jtQwr3Q\"],\"hasMerchantReturnPolicy\":{\"@type\":\"MerchantReturnPolicy\",\"merchantReturnLink\":\"https:\/\/www.sestogrado.it\/it\/termini-e-condizioni\/\"}}]}<\/script>\n<meta property=\"product:brand\" content=\"Camp\" \/>\n<meta property=\"product:price:amount\" content=\"89.00\" \/>\n<meta property=\"product:price:currency\" content=\"EUR\" \/>\n<meta property=\"og:availability\" content=\"instock\" \/>\n<meta property=\"product:availability\" content=\"instock\" \/>\n<meta property=\"product:condition\" content=\"new\" \/>\n<!-- \/ Yoast SEO plugin. -->","yoast_head_json":{"title":"Camp M-Tech 30 zaino arrampicata alpinismo - Sestogrado","description":"Il Camp M-Tech 30 \u00e8 uno zaino da alpinismo disegnato per essere portato in parete. Comodo, leggero e funzionale, presenta una forma stretta e allungata, con un design essenziale, per garantire il massimo comfort durante la scalata. Con una capacit\u00e0 di 30 litri, \u00e8 ideale per le ascensioni pi\u00f9 lunghe e impegnative che richiedono una maggiore quantit\u00e0 di equipaggiamento. Gli spallacci sono anatomici, con imbottitura in EVA da 6 mm e particolarmente larghi nella parte superiore per consentire un\u2019eccellente distribuzione del peso sulle spalle. Gli attacchi inferiori sono in posizione rialzata per mantenere lo zaino il pi\u00f9 possibile aderente alla schiena, assicurando stabilit\u00e0","robots":{"index":"index","follow":"follow","max-snippet":"max-snippet:-1","max-image-preview":"max-image-preview:large","max-video-preview":"max-video-preview:-1"},"canonical":"https:\/\/www.sestogrado.it\/it\/prodotto\/camp-m-tech-30-zaino-da-alpinismo\/","og_locale":"it_IT","og_type":"article","og_title":"Camp M-Tech 30 zaino arrampicata alpinismo - Sestogrado","og_description":"Il Camp M-Tech 30 \u00e8 uno zaino da alpinismo disegnato per essere portato in parete. Comodo, leggero e funzionale, presenta una forma stretta e allungata, con un design essenziale, per garantire il massimo comfort durante la scalata. Con una capacit\u00e0 di 30 litri, \u00e8 ideale per le ascensioni pi\u00f9 lunghe e impegnative che richiedono una maggiore quantit\u00e0 di equipaggiamento. Gli spallacci sono anatomici, con imbottitura in EVA da 6 mm e particolarmente larghi nella parte superiore per consentire un\u2019eccellente distribuzione del peso sulle spalle. Gli attacchi inferiori sono in posizione rialzata per mantenere lo zaino il pi\u00f9 possibile aderente alla schiena, assicurando stabilit\u00e0","og_url":"https:\/\/www.sestogrado.it\/it\/prodotto\/camp-m-tech-30-zaino-da-alpinismo\/","og_site_name":"Sestogrado","article_publisher":"https:\/\/www.facebook.com\/pages\/Sestogrado\/1542635979353017?ref=bookmarks","article_modified_time":"2026-03-26T08:15:47+00:00","og_image":[{"width":1000,"height":1000,"url":"https:\/\/www.sestogrado.it\/wp-content\/uploads\/2026\/02\/01-9.jpg","type":"image\/jpeg"}],"twitter_misc":{"Prezzo":"&euro;&nbsp;89,00","Disponibilit\u00e0":"In stock"},"schema":{"@context":"https:\/\/schema.org","@graph":[{"@type":"WebPage","@id":"https:\/\/www.sestogrado.it\/it\/prodotto\/camp-m-tech-30-zaino-da-alpinismo\/","url":"https:\/\/www.sestogrado.it\/it\/prodotto\/camp-m-tech-30-zaino-da-alpinismo\/","name":"Camp M-Tech 30 zaino arrampicata alpinismo - Sestogrado","isPartOf":{"@id":"https:\/\/www.sestogrado.it\/it\/#website"},"primaryImageOfPage":{"@id":"https:\/\/www.sestogrado.it\/it\/prodotto\/camp-m-tech-30-zaino-da-alpinismo\/#primaryimage"},"image":{"@id":"https:\/\/www.sestogrado.it\/prodotto\/camp-m-tech-30-zaino-da-alpinismo\/#primaryimage"},"thumbnailUrl":"https:\/\/www.sestogrado.it\/wp-content\/uploads\/2026\/02\/01-9.jpg","datePublished":"2026-02-23T12:34:31+00:00","dateModified":"2026-03-26T08:15:47+00:00","description":"Il Camp M-Tech 30 \u00e8 uno zaino da alpinismo disegnato per essere portato in parete. Comodo, leggero e funzionale, presenta una forma stretta e allungata, con un design essenziale, per garantire il massimo comfort durante la scalata. Con una capacit\u00e0 di 30 litri, \u00e8 ideale per le ascensioni pi\u00f9 lunghe e impegnative che richiedono una maggiore quantit\u00e0 di equipaggiamento. Gli spallacci sono anatomici, con imbottitura in EVA da 6 mm e particolarmente larghi nella parte superiore per consentire un\u2019eccellente distribuzione del peso sulle spalle. Gli attacchi inferiori sono in posizione rialzata per mantenere lo zaino il pi\u00f9 possibile aderente alla schiena, assicurando stabilit\u00e0","breadcrumb":{"@id":"https:\/\/www.sestogrado.it\/it\/prodotto\/camp-m-tech-30-zaino-da-alpinismo\/#breadcrumb"},"inLanguage":"it-IT","potentialAction":[{"@type":"ReadAction","target":[["https:\/\/www.sestogrado.it\/it\/prodotto\/camp-m-tech-30-zaino-da-alpinismo\/"]]}]},{"@type":"ImageObject","inLanguage":"it-IT","@id":"https:\/\/www.sestogrado.it\/it\/prodotto\/camp-m-tech-30-zaino-da-alpinismo\/#primaryimage","url":"https:\/\/www.sestogrado.it\/wp-content\/uploads\/2026\/02\/01-9.jpg","contentUrl":"https:\/\/www.sestogrado.it\/wp-content\/uploads\/2026\/02\/01-9.jpg","width":1000,"height":1000,"caption":"m-tech 30"},{"@type":"BreadcrumbList","@id":"https:\/\/www.sestogrado.it\/it\/prodotto\/camp-m-tech-30-zaino-da-alpinismo\/#breadcrumb","itemListElement":[{"@type":"ListItem","position":1,"name":"Home","item":"https:\/\/www.sestogrado.it\/it\/"},{"@type":"ListItem","position":2,"name":"Shop","item":"https:\/\/www.sestogrado.it\/it\/shop\/"},{"@type":"ListItem","position":3,"name":"Camp M-Tech 30 zaino arrampicata alpinismo"}]},{"@type":"WebSite","@id":"https:\/\/www.sestogrado.it\/it\/#website","url":"https:\/\/www.sestogrado.it\/it\/","name":"Sestogrado","description":"yes we climb","publisher":{"@id":"https:\/\/www.sestogrado.it\/it\/#organization"},"potentialAction":[{"@type":"SearchAction","target":{"@type":"EntryPoint","urlTemplate":"https:\/\/www.sestogrado.it\/it\/?s={search_term_string}"},"query-input":{"@type":"PropertyValueSpecification","valueRequired":true,"valueName":"search_term_string"}}],"inLanguage":"it-IT"},{"@type":"Organization","@id":"https:\/\/www.sestogrado.it\/it\/#organization","name":"Sestogrado","url":"https:\/\/www.sestogrado.it\/it\/","logo":{"@type":"ImageObject","inLanguage":"it-IT","@id":"https:\/\/www.sestogrado.it\/it\/#\/schema\/logo\/image\/","url":"https:\/\/www.sestogrado.it\/wp-content\/uploads\/2015\/03\/sestogrado-favicon.png","contentUrl":"https:\/\/www.sestogrado.it\/wp-content\/uploads\/2015\/03\/sestogrado-favicon.png","width":260,"height":260,"caption":"Sestogrado"},"image":{"@id":"https:\/\/www.sestogrado.it\/it\/#\/schema\/logo\/image\/"},"sameAs":["https:\/\/www.facebook.com\/pages\/Sestogrado\/1542635979353017?ref=bookmarks","https:\/\/www.youtube.com\/channel\/UC847kAfTkaJsWpc1jtQwr3Q"],"hasMerchantReturnPolicy":{"@type":"MerchantReturnPolicy","merchantReturnLink":"https:\/\/www.sestogrado.it\/it\/termini-e-condizioni\/"}}]},"product_brand":"Camp","product_price_amount":"89.00","product_price_currency":"EUR","og_availability":"instock","product_availability":"instock","product_condition":"new"},"_links":{"self":[{"href":"https:\/\/www.sestogrado.it\/it\/wp-json\/wp\/v2\/product\/211911","targetHints":{"allow":["GET"]}}],"collection":[{"href":"https:\/\/www.sestogrado.it\/it\/wp-json\/wp\/v2\/product"}],"about":[{"href":"https:\/\/www.sestogrado.it\/it\/wp-json\/wp\/v2\/types\/product"}],"replies":[{"embeddable":true,"href":"https:\/\/www.sestogrado.it\/it\/wp-json\/wp\/v2\/comments?post=211911"}],"wp:featuredmedia":[{"embeddable":true,"href":"https:\/\/www.sestogrado.it\/it\/wp-json\/wp\/v2\/media\/212010"}],"wp:attachment":[{"href":"https:\/\/www.sestogrado.it\/it\/wp-json\/wp\/v2\/media?parent=211911"}],"wp:term":[{"taxonomy":"product_brand","embeddable":true,"href":"https:\/\/www.sestogrado.it\/it\/wp-json\/wp\/v2\/product_brand?post=211911"},{"taxonomy":"product_cat","embeddable":true,"href":"https:\/\/www.sestogrado.it\/it\/wp-json\/wp\/v2\/product_cat?post=211911"},{"taxonomy":"product_tag","embeddable":true,"href":"https:\/\/www.sestogrado.it\/it\/wp-json\/wp\/v2\/product_tag?post=211911"}],"curies":[{"name":"wp","href":"https:\/\/api.w.org\/{rel}","templated":true}]}}