{"id":211826,"date":"2023-02-20T11:49:31","date_gmt":"2023-02-20T10:49:31","guid":{"rendered":"https:\/\/www.sestogrado.it\/?post_type=product&#038;p=211826"},"modified":"2026-04-02T13:37:45","modified_gmt":"2026-04-02T11:37:45","slug":"blue-ice-warthog-30l-zaino-arrampicata-alpinismo-passata-stagione","status":"publish","type":"product","link":"https:\/\/www.sestogrado.it\/it\/prodotto\/blue-ice-warthog-30l-zaino-arrampicata-alpinismo-passata-stagione\/","title":{"rendered":"Blue Ice Warthog 30L zaino arrampicata alpinismo passata stagione"},"content":{"rendered":"<p>Il Blue Ice Warthog 30L \u00e8 uno zaino da 30 litri costruito in 210D nylon ripstop Robic ad alta resistenza. E&#8217; uno zaino molto resistente e asciutto, ideale per ascensioni su ghiaccio, roccia e misto, completo di tutti gli accessori per un alpinismo tecnico. Il Warthog 30 \u00e8 stato aggiornato per essere pi\u00f9 leggero e pi\u00f9 minimalista. E&#8217; costruito sulla base dei nuovi schienali Blue Ice e viene realizzato in due taglie per adattarsi al meglio ad ogni corporatura. Gli innovativi spallacci in laminato ibridi si ispirano alla costruzione dell&#8217;imbracatura da arrampicata per offrire un sistema di trasporto dal profilo super basso ma con una elevata distribuzione del carico e comfort. I tessuti rivestiti in carbonato tengono alla larga neve e ghiaccio e rendono questo zaino sempre pi\u00f9 robusto per un uso intensivo in condizioni invernali.<\/p>\n<p>Il Blue Ice Warthog 30L \u00e8 destinato a sopravvivere nelle condizioni di montagna pi\u00f9 rigide del mondo. Minimalista, ha solo le caratteristiche essenziali che ti aspetti da uno zaino alpinistico, senza fronzoli. La serie Warthog \u00e8 stata utilizzata dalle guide di tutto il mondo per quasi un decennio e Warthog 30L non fa eccezione.<\/p>\n<ul>\n<li>Materiale: tessuto del corpo principale in nylon ripstop 210D Robic &#8211; materiale approvato Bluesign e privo di PFC e rivestimento frontale permanente senza fluorocarburi<\/li>\n<li>Lamiera rimovibile Atilon ad alta densit\u00e0<\/li>\n<li>Cintura in vita rimovibile con imbottiture per i fianchi galleggianti<\/li>\n<li>Cinghie di compressione laterali rimovibili<\/li>\n<li>Doppio porta piccozza<\/li>\n<li>Compatibile con portacasco (non incluso)<\/li>\n<li>Tasca esterna porta accessori con apertura protetta da zip<\/li>\n<li>Sistema di trasporto a basso profilo con spallacci ispirati all&#8217;imbracatura per una migliore vestibilit\u00e0 e trasporto<\/li>\n<li>Manicotto 3d per attrezzi da ghiaccio per una sicurezza dell&#8217;utensile senza pari<\/li>\n<li>Sistema integrato porta corda<\/li>\n<li>Tasca interna per accessori secondari con clip per chiavi<\/li>\n<li>Volume 30L<\/li>\n<li>Dimensioni 59x26x26cm<\/li>\n<li>Peso: 7630g e 530g spogliato<\/li>\n<li>Due lunghezze di schienali disponibili: S o M<\/li>\n<\/ul>\n<p>Come scegliere la taglia dello schienale:<\/p>\n<p><img decoding=\"async\" class=\" wp-image-28419 img-fluid alignnone\" src=\"https:\/\/www.sestogrado.it\/wp-content\/uploads\/2020\/02\/warthog-30l-pack.jpg\" alt=\"taglia schienale\" width=\"612\" height=\"612\" srcset=\"https:\/\/www.sestogrado.it\/wp-content\/uploads\/2020\/02\/warthog-30l-pack.jpg 1600w, https:\/\/www.sestogrado.it\/wp-content\/uploads\/2020\/02\/warthog-30l-pack-300x300.jpg 300w, https:\/\/www.sestogrado.it\/wp-content\/uploads\/2020\/02\/warthog-30l-pack-100x100.jpg 100w, https:\/\/www.sestogrado.it\/wp-content\/uploads\/2020\/02\/warthog-30l-pack-750x750.jpg 750w, https:\/\/www.sestogrado.it\/wp-content\/uploads\/2020\/02\/warthog-30l-pack-1024x1024.jpg 1024w, https:\/\/www.sestogrado.it\/wp-content\/uploads\/2020\/02\/warthog-30l-pack-150x150.jpg 150w, https:\/\/www.sestogrado.it\/wp-content\/uploads\/2020\/02\/warthog-30l-pack-768x768.jpg 768w, https:\/\/www.sestogrado.it\/wp-content\/uploads\/2020\/02\/warthog-30l-pack-1536x1536.jpg 1536w, https:\/\/www.sestogrado.it\/wp-content\/uploads\/2020\/02\/warthog-30l-pack-45x45.jpg 45w, https:\/\/www.sestogrado.it\/wp-content\/uploads\/2020\/02\/warthog-30l-pack-220x220.jpg 220w, https:\/\/www.sestogrado.it\/wp-content\/uploads\/2020\/02\/warthog-30l-pack-635x635.jpg 635w, https:\/\/www.sestogrado.it\/wp-content\/uploads\/2020\/02\/warthog-30l-pack-64x64.jpg 64w, https:\/\/www.sestogrado.it\/wp-content\/uploads\/2020\/02\/warthog-30l-pack-80x80.jpg 80w\" sizes=\"(max-width: 612px) 100vw, 612px\" \/><\/p>\n<p>Scegliere la lunghezza dello schienale, tra S e M, che pi\u00f9 si avvicina alla propria costituzione fisica, per avere un appoggio aderente e preciso dello zaino.<\/p>\n<p>Il Blue Ice Warthog 30L \u00e8 un robusto zaino da arrampicata per tutti i giorni che sopporter\u00e0 le peggiori condizioni per tutto l&#8217;anno. Essenziale.<\/p>\n<p>&nbsp;<\/p>\n<p><iframe src=\"\/\/www.youtube.com\/embed\/sEpvTKO8weA\" width=\"560\" height=\"314\" allowfullscreen=\"allowfullscreen\"><\/iframe><\/p>\n<p>&nbsp;<\/p>\n<p>Blue Ice \u00e8 un\u2019azienda con sede a Chamonix che produce solo articoli da alpinismo di alta qualit\u00e0. Gli zaini Blue Ice sono dedicati ad un alpinismo tecnico e di alto livello. Inizialmente era semplicemente una questione di vivere la nostra passione al massimo: arrampicare, sciare, esplorare o semplicemente entrare in contatto con noi stessi e le montagne \u2026 prima di estendere questo progetto a tutti gli amanti delle vette l\u00e0 fuori.<\/p>\n","protected":false},"excerpt":{"rendered":"<p>Il Blue Ice Warthog 30L \u00e8 uno zaino da 30 litri costruito in 210D nylon ripstop Robic ad alta resistenza. [&hellip;]<\/p>\n","protected":false},"featured_media":123167,"comment_status":"open","ping_status":"closed","template":"","meta":{"_acf_changed":false},"product_brand":[641],"product_cat":[389],"product_tag":[],"class_list":{"0":"post-211826","1":"product","2":"type-product","3":"status-publish","4":"has-post-thumbnail","6":"product_brand-blue-ice","7":"product_cat-zaini-alpinismo","9":"first","10":"instock","11":"sale","12":"taxable","13":"shipping-taxable","14":"purchasable","15":"product-type-variable"},"acf":[],"yoast_head":"<!-- This site is optimized with the Yoast SEO plugin v26.4 - https:\/\/yoast.com\/wordpress\/plugins\/seo\/ -->\n<title>Blue Ice Warthog 30L zaino arrampicata alpinismo passata stagione - Sestogrado<\/title>\n<meta name=\"description\" content=\"Il Blue Ice Warthog 30L \u00e8 uno zaino da 30 litri costruito in 210D nylon ripstop Robic ad alta resistenza. E&#039; uno zaino molto resistente e asciutto, ideale per ascensioni su ghiaccio, roccia e misto, completo di tutti gli accessori per un alpinismo tecnico. Il Warthog 30 \u00e8 stato aggiornato per essere pi\u00f9 leggero e pi\u00f9 minimalista. E&#039; costruito sulla base dei nuovi schienali Blue Ice e viene realizzato in due taglie per adattarsi al meglio ad ogni corporatura. Gli innovativi spallacci in laminato ibridi si ispirano alla costruzione dell&#039;imbracatura da arrampicata per offrire un sistema di trasporto dal profilo super basso ma con una elevata distribuzione del carico e comfort. I tessuti rivestiti in carbonato tengono alla larga neve e ghiaccio e rendono questo zaino sempre pi\u00f9 robusto per un uso intensivo in condizioni invernali.Il Blue Ice Warthog 30L \u00e8 destinato a sopravvivere nelle condizioni di montagna pi\u00f9 rigide del mondo. Minimalista, ha solo le caratteristiche essenziali che ti aspetti da uno zaino alpinistico, senza fronzoli. La serie Warthog \u00e8 stata utilizzata dalle guide di tutto il mondo per quasi un decennio e Warthog 30L non fa eccezione.\" \/>\n<meta name=\"robots\" content=\"index, follow, max-snippet:-1, max-image-preview:large, max-video-preview:-1\" \/>\n<link rel=\"canonical\" href=\"https:\/\/www.sestogrado.it\/it\/prodotto\/blue-ice-warthog-30l-zaino-arrampicata-alpinismo-passata-stagione\/\" \/>\n<meta property=\"og:locale\" content=\"it_IT\" \/>\n<meta property=\"og:type\" content=\"article\" \/>\n<meta property=\"og:title\" content=\"Blue Ice Warthog 30L zaino arrampicata alpinismo passata stagione - Sestogrado\" \/>\n<meta property=\"og:description\" content=\"Il Blue Ice Warthog 30L \u00e8 uno zaino da 30 litri costruito in 210D nylon ripstop Robic ad alta resistenza. E&#039; uno zaino molto resistente e asciutto, ideale per ascensioni su ghiaccio, roccia e misto, completo di tutti gli accessori per un alpinismo tecnico. Il Warthog 30 \u00e8 stato aggiornato per essere pi\u00f9 leggero e pi\u00f9 minimalista. E&#039; costruito sulla base dei nuovi schienali Blue Ice e viene realizzato in due taglie per adattarsi al meglio ad ogni corporatura. Gli innovativi spallacci in laminato ibridi si ispirano alla costruzione dell&#039;imbracatura da arrampicata per offrire un sistema di trasporto dal profilo super basso ma con una elevata distribuzione del carico e comfort. I tessuti rivestiti in carbonato tengono alla larga neve e ghiaccio e rendono questo zaino sempre pi\u00f9 robusto per un uso intensivo in condizioni invernali.Il Blue Ice Warthog 30L \u00e8 destinato a sopravvivere nelle condizioni di montagna pi\u00f9 rigide del mondo. Minimalista, ha solo le caratteristiche essenziali che ti aspetti da uno zaino alpinistico, senza fronzoli. La serie Warthog \u00e8 stata utilizzata dalle guide di tutto il mondo per quasi un decennio e Warthog 30L non fa eccezione.\" \/>\n<meta property=\"og:url\" content=\"https:\/\/www.sestogrado.it\/it\/prodotto\/blue-ice-warthog-30l-zaino-arrampicata-alpinismo-passata-stagione\/\" \/>\n<meta property=\"og:site_name\" content=\"Sestogrado\" \/>\n<meta property=\"article:publisher\" content=\"https:\/\/www.facebook.com\/pages\/Sestogrado\/1542635979353017?ref=bookmarks\" \/>\n<meta property=\"article:modified_time\" content=\"2026-04-02T11:37:45+00:00\" \/>\n<meta property=\"og:image\" content=\"https:\/\/www.sestogrado.it\/wp-content\/uploads\/2021\/06\/Warthog30-1front-web.jpg\" \/>\n\t<meta property=\"og:image:width\" content=\"1600\" \/>\n\t<meta property=\"og:image:height\" content=\"1600\" \/>\n\t<meta property=\"og:image:type\" content=\"image\/jpeg\" \/>\n<meta name=\"twitter:label1\" content=\"Disponibilit\u00e0\" \/>\n\t<meta name=\"twitter:data1\" content=\"In stock\" \/>\n<script type=\"application\/ld+json\" class=\"yoast-schema-graph\">{\"@context\":\"https:\/\/schema.org\",\"@graph\":[{\"@type\":\"WebPage\",\"@id\":\"https:\/\/www.sestogrado.it\/it\/prodotto\/blue-ice-warthog-30l-zaino-arrampicata-alpinismo-passata-stagione\/\",\"url\":\"https:\/\/www.sestogrado.it\/it\/prodotto\/blue-ice-warthog-30l-zaino-arrampicata-alpinismo-passata-stagione\/\",\"name\":\"Blue Ice Warthog 30L zaino arrampicata alpinismo passata stagione - Sestogrado\",\"isPartOf\":{\"@id\":\"https:\/\/www.sestogrado.it\/it\/#website\"},\"primaryImageOfPage\":{\"@id\":\"https:\/\/www.sestogrado.it\/it\/prodotto\/blue-ice-warthog-30l-zaino-arrampicata-alpinismo-passata-stagione\/#primaryimage\"},\"image\":{\"@id\":\"https:\/\/www.sestogrado.it\/prodotto\/blue-ice-warthog-30l-zaino-arrampicata-alpinismo-passata-stagione\/#primaryimage\"},\"thumbnailUrl\":\"https:\/\/www.sestogrado.it\/wp-content\/uploads\/2021\/06\/Warthog30-1front-web.jpg\",\"datePublished\":\"2023-02-20T10:49:31+00:00\",\"dateModified\":\"2026-04-02T11:37:45+00:00\",\"description\":\"Il Blue Ice Warthog 30L \u00e8 uno zaino da 30 litri costruito in 210D nylon ripstop Robic ad alta resistenza. E' uno zaino molto resistente e asciutto, ideale per ascensioni su ghiaccio, roccia e misto, completo di tutti gli accessori per un alpinismo tecnico. Il Warthog 30 \u00e8 stato aggiornato per essere pi\u00f9 leggero e pi\u00f9 minimalista. E' costruito sulla base dei nuovi schienali Blue Ice e viene realizzato in due taglie per adattarsi al meglio ad ogni corporatura. Gli innovativi spallacci in laminato ibridi si ispirano alla costruzione dell'imbracatura da arrampicata per offrire un sistema di trasporto dal profilo super basso ma con una elevata distribuzione del carico e comfort. I tessuti rivestiti in carbonato tengono alla larga neve e ghiaccio e rendono questo zaino sempre pi\u00f9 robusto per un uso intensivo in condizioni invernali.Il Blue Ice Warthog 30L \u00e8 destinato a sopravvivere nelle condizioni di montagna pi\u00f9 rigide del mondo. Minimalista, ha solo le caratteristiche essenziali che ti aspetti da uno zaino alpinistico, senza fronzoli. La serie Warthog \u00e8 stata utilizzata dalle guide di tutto il mondo per quasi un decennio e Warthog 30L non fa eccezione.\",\"breadcrumb\":{\"@id\":\"https:\/\/www.sestogrado.it\/it\/prodotto\/blue-ice-warthog-30l-zaino-arrampicata-alpinismo-passata-stagione\/#breadcrumb\"},\"inLanguage\":\"it-IT\",\"potentialAction\":[{\"@type\":\"ReadAction\",\"target\":[[\"https:\/\/www.sestogrado.it\/it\/prodotto\/blue-ice-warthog-30l-zaino-arrampicata-alpinismo-passata-stagione\/\"]]}]},{\"@type\":\"ImageObject\",\"inLanguage\":\"it-IT\",\"@id\":\"https:\/\/www.sestogrado.it\/it\/prodotto\/blue-ice-warthog-30l-zaino-arrampicata-alpinismo-passata-stagione\/#primaryimage\",\"url\":\"https:\/\/www.sestogrado.it\/wp-content\/uploads\/2021\/06\/Warthog30-1front-web.jpg\",\"contentUrl\":\"https:\/\/www.sestogrado.it\/wp-content\/uploads\/2021\/06\/Warthog30-1front-web.jpg\",\"width\":1600,\"height\":1600,\"caption\":\"warthog 30\"},{\"@type\":\"BreadcrumbList\",\"@id\":\"https:\/\/www.sestogrado.it\/it\/prodotto\/blue-ice-warthog-30l-zaino-arrampicata-alpinismo-passata-stagione\/#breadcrumb\",\"itemListElement\":[{\"@type\":\"ListItem\",\"position\":1,\"name\":\"Home\",\"item\":\"https:\/\/www.sestogrado.it\/it\/\"},{\"@type\":\"ListItem\",\"position\":2,\"name\":\"Shop\",\"item\":\"https:\/\/www.sestogrado.it\/it\/shop\/\"},{\"@type\":\"ListItem\",\"position\":3,\"name\":\"Blue Ice Warthog 30L zaino arrampicata alpinismo passata stagione\"}]},{\"@type\":\"WebSite\",\"@id\":\"https:\/\/www.sestogrado.it\/it\/#website\",\"url\":\"https:\/\/www.sestogrado.it\/it\/\",\"name\":\"Sestogrado\",\"description\":\"yes we climb\",\"publisher\":{\"@id\":\"https:\/\/www.sestogrado.it\/it\/#organization\"},\"potentialAction\":[{\"@type\":\"SearchAction\",\"target\":{\"@type\":\"EntryPoint\",\"urlTemplate\":\"https:\/\/www.sestogrado.it\/it\/?s={search_term_string}\"},\"query-input\":{\"@type\":\"PropertyValueSpecification\",\"valueRequired\":true,\"valueName\":\"search_term_string\"}}],\"inLanguage\":\"it-IT\"},{\"@type\":\"Organization\",\"@id\":\"https:\/\/www.sestogrado.it\/it\/#organization\",\"name\":\"Sestogrado\",\"url\":\"https:\/\/www.sestogrado.it\/it\/\",\"logo\":{\"@type\":\"ImageObject\",\"inLanguage\":\"it-IT\",\"@id\":\"https:\/\/www.sestogrado.it\/it\/#\/schema\/logo\/image\/\",\"url\":\"https:\/\/www.sestogrado.it\/wp-content\/uploads\/2015\/03\/sestogrado-favicon.png\",\"contentUrl\":\"https:\/\/www.sestogrado.it\/wp-content\/uploads\/2015\/03\/sestogrado-favicon.png\",\"width\":260,\"height\":260,\"caption\":\"Sestogrado\"},\"image\":{\"@id\":\"https:\/\/www.sestogrado.it\/it\/#\/schema\/logo\/image\/\"},\"sameAs\":[\"https:\/\/www.facebook.com\/pages\/Sestogrado\/1542635979353017?ref=bookmarks\",\"https:\/\/www.youtube.com\/channel\/UC847kAfTkaJsWpc1jtQwr3Q\"],\"hasMerchantReturnPolicy\":{\"@type\":\"MerchantReturnPolicy\",\"merchantReturnLink\":\"https:\/\/www.sestogrado.it\/it\/termini-e-condizioni\/\"}}]}<\/script>\n<meta property=\"product:brand\" content=\"Blue Ice\" \/>\n<meta property=\"og:availability\" content=\"instock\" \/>\n<meta property=\"product:availability\" content=\"instock\" \/>\n<meta property=\"product:condition\" content=\"new\" \/>\n<!-- \/ Yoast SEO plugin. -->","yoast_head_json":{"title":"Blue Ice Warthog 30L zaino arrampicata alpinismo passata stagione - Sestogrado","description":"Il Blue Ice Warthog 30L \u00e8 uno zaino da 30 litri costruito in 210D nylon ripstop Robic ad alta resistenza. E' uno zaino molto resistente e asciutto, ideale per ascensioni su ghiaccio, roccia e misto, completo di tutti gli accessori per un alpinismo tecnico. Il Warthog 30 \u00e8 stato aggiornato per essere pi\u00f9 leggero e pi\u00f9 minimalista. E' costruito sulla base dei nuovi schienali Blue Ice e viene realizzato in due taglie per adattarsi al meglio ad ogni corporatura. Gli innovativi spallacci in laminato ibridi si ispirano alla costruzione dell'imbracatura da arrampicata per offrire un sistema di trasporto dal profilo super basso ma con una elevata distribuzione del carico e comfort. I tessuti rivestiti in carbonato tengono alla larga neve e ghiaccio e rendono questo zaino sempre pi\u00f9 robusto per un uso intensivo in condizioni invernali.Il Blue Ice Warthog 30L \u00e8 destinato a sopravvivere nelle condizioni di montagna pi\u00f9 rigide del mondo. Minimalista, ha solo le caratteristiche essenziali che ti aspetti da uno zaino alpinistico, senza fronzoli. La serie Warthog \u00e8 stata utilizzata dalle guide di tutto il mondo per quasi un decennio e Warthog 30L non fa eccezione.","robots":{"index":"index","follow":"follow","max-snippet":"max-snippet:-1","max-image-preview":"max-image-preview:large","max-video-preview":"max-video-preview:-1"},"canonical":"https:\/\/www.sestogrado.it\/it\/prodotto\/blue-ice-warthog-30l-zaino-arrampicata-alpinismo-passata-stagione\/","og_locale":"it_IT","og_type":"article","og_title":"Blue Ice Warthog 30L zaino arrampicata alpinismo passata stagione - Sestogrado","og_description":"Il Blue Ice Warthog 30L \u00e8 uno zaino da 30 litri costruito in 210D nylon ripstop Robic ad alta resistenza. E' uno zaino molto resistente e asciutto, ideale per ascensioni su ghiaccio, roccia e misto, completo di tutti gli accessori per un alpinismo tecnico. Il Warthog 30 \u00e8 stato aggiornato per essere pi\u00f9 leggero e pi\u00f9 minimalista. E' costruito sulla base dei nuovi schienali Blue Ice e viene realizzato in due taglie per adattarsi al meglio ad ogni corporatura. Gli innovativi spallacci in laminato ibridi si ispirano alla costruzione dell'imbracatura da arrampicata per offrire un sistema di trasporto dal profilo super basso ma con una elevata distribuzione del carico e comfort. I tessuti rivestiti in carbonato tengono alla larga neve e ghiaccio e rendono questo zaino sempre pi\u00f9 robusto per un uso intensivo in condizioni invernali.Il Blue Ice Warthog 30L \u00e8 destinato a sopravvivere nelle condizioni di montagna pi\u00f9 rigide del mondo. Minimalista, ha solo le caratteristiche essenziali che ti aspetti da uno zaino alpinistico, senza fronzoli. La serie Warthog \u00e8 stata utilizzata dalle guide di tutto il mondo per quasi un decennio e Warthog 30L non fa eccezione.","og_url":"https:\/\/www.sestogrado.it\/it\/prodotto\/blue-ice-warthog-30l-zaino-arrampicata-alpinismo-passata-stagione\/","og_site_name":"Sestogrado","article_publisher":"https:\/\/www.facebook.com\/pages\/Sestogrado\/1542635979353017?ref=bookmarks","article_modified_time":"2026-04-02T11:37:45+00:00","og_image":[{"width":1600,"height":1600,"url":"https:\/\/www.sestogrado.it\/wp-content\/uploads\/2021\/06\/Warthog30-1front-web.jpg","type":"image\/jpeg"}],"twitter_misc":{"Disponibilit\u00e0":"In stock"},"schema":{"@context":"https:\/\/schema.org","@graph":[{"@type":"WebPage","@id":"https:\/\/www.sestogrado.it\/it\/prodotto\/blue-ice-warthog-30l-zaino-arrampicata-alpinismo-passata-stagione\/","url":"https:\/\/www.sestogrado.it\/it\/prodotto\/blue-ice-warthog-30l-zaino-arrampicata-alpinismo-passata-stagione\/","name":"Blue Ice Warthog 30L zaino arrampicata alpinismo passata stagione - Sestogrado","isPartOf":{"@id":"https:\/\/www.sestogrado.it\/it\/#website"},"primaryImageOfPage":{"@id":"https:\/\/www.sestogrado.it\/it\/prodotto\/blue-ice-warthog-30l-zaino-arrampicata-alpinismo-passata-stagione\/#primaryimage"},"image":{"@id":"https:\/\/www.sestogrado.it\/prodotto\/blue-ice-warthog-30l-zaino-arrampicata-alpinismo-passata-stagione\/#primaryimage"},"thumbnailUrl":"https:\/\/www.sestogrado.it\/wp-content\/uploads\/2021\/06\/Warthog30-1front-web.jpg","datePublished":"2023-02-20T10:49:31+00:00","dateModified":"2026-04-02T11:37:45+00:00","description":"Il Blue Ice Warthog 30L \u00e8 uno zaino da 30 litri costruito in 210D nylon ripstop Robic ad alta resistenza. E' uno zaino molto resistente e asciutto, ideale per ascensioni su ghiaccio, roccia e misto, completo di tutti gli accessori per un alpinismo tecnico. Il Warthog 30 \u00e8 stato aggiornato per essere pi\u00f9 leggero e pi\u00f9 minimalista. E' costruito sulla base dei nuovi schienali Blue Ice e viene realizzato in due taglie per adattarsi al meglio ad ogni corporatura. Gli innovativi spallacci in laminato ibridi si ispirano alla costruzione dell'imbracatura da arrampicata per offrire un sistema di trasporto dal profilo super basso ma con una elevata distribuzione del carico e comfort. I tessuti rivestiti in carbonato tengono alla larga neve e ghiaccio e rendono questo zaino sempre pi\u00f9 robusto per un uso intensivo in condizioni invernali.Il Blue Ice Warthog 30L \u00e8 destinato a sopravvivere nelle condizioni di montagna pi\u00f9 rigide del mondo. Minimalista, ha solo le caratteristiche essenziali che ti aspetti da uno zaino alpinistico, senza fronzoli. La serie Warthog \u00e8 stata utilizzata dalle guide di tutto il mondo per quasi un decennio e Warthog 30L non fa eccezione.","breadcrumb":{"@id":"https:\/\/www.sestogrado.it\/it\/prodotto\/blue-ice-warthog-30l-zaino-arrampicata-alpinismo-passata-stagione\/#breadcrumb"},"inLanguage":"it-IT","potentialAction":[{"@type":"ReadAction","target":[["https:\/\/www.sestogrado.it\/it\/prodotto\/blue-ice-warthog-30l-zaino-arrampicata-alpinismo-passata-stagione\/"]]}]},{"@type":"ImageObject","inLanguage":"it-IT","@id":"https:\/\/www.sestogrado.it\/it\/prodotto\/blue-ice-warthog-30l-zaino-arrampicata-alpinismo-passata-stagione\/#primaryimage","url":"https:\/\/www.sestogrado.it\/wp-content\/uploads\/2021\/06\/Warthog30-1front-web.jpg","contentUrl":"https:\/\/www.sestogrado.it\/wp-content\/uploads\/2021\/06\/Warthog30-1front-web.jpg","width":1600,"height":1600,"caption":"warthog 30"},{"@type":"BreadcrumbList","@id":"https:\/\/www.sestogrado.it\/it\/prodotto\/blue-ice-warthog-30l-zaino-arrampicata-alpinismo-passata-stagione\/#breadcrumb","itemListElement":[{"@type":"ListItem","position":1,"name":"Home","item":"https:\/\/www.sestogrado.it\/it\/"},{"@type":"ListItem","position":2,"name":"Shop","item":"https:\/\/www.sestogrado.it\/it\/shop\/"},{"@type":"ListItem","position":3,"name":"Blue Ice Warthog 30L zaino arrampicata alpinismo passata stagione"}]},{"@type":"WebSite","@id":"https:\/\/www.sestogrado.it\/it\/#website","url":"https:\/\/www.sestogrado.it\/it\/","name":"Sestogrado","description":"yes we climb","publisher":{"@id":"https:\/\/www.sestogrado.it\/it\/#organization"},"potentialAction":[{"@type":"SearchAction","target":{"@type":"EntryPoint","urlTemplate":"https:\/\/www.sestogrado.it\/it\/?s={search_term_string}"},"query-input":{"@type":"PropertyValueSpecification","valueRequired":true,"valueName":"search_term_string"}}],"inLanguage":"it-IT"},{"@type":"Organization","@id":"https:\/\/www.sestogrado.it\/it\/#organization","name":"Sestogrado","url":"https:\/\/www.sestogrado.it\/it\/","logo":{"@type":"ImageObject","inLanguage":"it-IT","@id":"https:\/\/www.sestogrado.it\/it\/#\/schema\/logo\/image\/","url":"https:\/\/www.sestogrado.it\/wp-content\/uploads\/2015\/03\/sestogrado-favicon.png","contentUrl":"https:\/\/www.sestogrado.it\/wp-content\/uploads\/2015\/03\/sestogrado-favicon.png","width":260,"height":260,"caption":"Sestogrado"},"image":{"@id":"https:\/\/www.sestogrado.it\/it\/#\/schema\/logo\/image\/"},"sameAs":["https:\/\/www.facebook.com\/pages\/Sestogrado\/1542635979353017?ref=bookmarks","https:\/\/www.youtube.com\/channel\/UC847kAfTkaJsWpc1jtQwr3Q"],"hasMerchantReturnPolicy":{"@type":"MerchantReturnPolicy","merchantReturnLink":"https:\/\/www.sestogrado.it\/it\/termini-e-condizioni\/"}}]},"product_brand":"Blue Ice","og_availability":"instock","product_availability":"instock","product_condition":"new"},"_links":{"self":[{"href":"https:\/\/www.sestogrado.it\/it\/wp-json\/wp\/v2\/product\/211826","targetHints":{"allow":["GET"]}}],"collection":[{"href":"https:\/\/www.sestogrado.it\/it\/wp-json\/wp\/v2\/product"}],"about":[{"href":"https:\/\/www.sestogrado.it\/it\/wp-json\/wp\/v2\/types\/product"}],"replies":[{"embeddable":true,"href":"https:\/\/www.sestogrado.it\/it\/wp-json\/wp\/v2\/comments?post=211826"}],"wp:featuredmedia":[{"embeddable":true,"href":"https:\/\/www.sestogrado.it\/it\/wp-json\/wp\/v2\/media\/123167"}],"wp:attachment":[{"href":"https:\/\/www.sestogrado.it\/it\/wp-json\/wp\/v2\/media?parent=211826"}],"wp:term":[{"taxonomy":"product_brand","embeddable":true,"href":"https:\/\/www.sestogrado.it\/it\/wp-json\/wp\/v2\/product_brand?post=211826"},{"taxonomy":"product_cat","embeddable":true,"href":"https:\/\/www.sestogrado.it\/it\/wp-json\/wp\/v2\/product_cat?post=211826"},{"taxonomy":"product_tag","embeddable":true,"href":"https:\/\/www.sestogrado.it\/it\/wp-json\/wp\/v2\/product_tag?post=211826"}],"curies":[{"name":"wp","href":"https:\/\/api.w.org\/{rel}","templated":true}]}}