{"id":21113,"date":"2019-05-21T14:00:59","date_gmt":"2019-05-21T12:00:59","guid":{"rendered":"https:\/\/www.sestogrado.it\/?post_type=product&#038;p=21113"},"modified":"2026-03-22T14:01:00","modified_gmt":"2026-03-22T13:01:00","slug":"ct-climbing-technology-tricky-rinvio-lungo-con-fettuccia-semirigida-per-ancoraggi-lontani","status":"publish","type":"product","link":"https:\/\/www.sestogrado.it\/it\/prodotto\/ct-climbing-technology-tricky-rinvio-lungo-con-fettuccia-semirigida-per-ancoraggi-lontani\/","title":{"rendered":"CT Climbing Technology Tricky rinvio lungo con fettuccia semirigida per ancoraggi lontani"},"content":{"rendered":"<p>Il CT Climbing Technology Tricky \u00e8 un rinvio lungo 35cm, dotato di fettuccia semirigida, in grado di farti rinviare in sicurezza anche sulle protezioni pi\u00f9 lontane. Il meccanismo \u00e8 semplice, ti sar\u00e0 capitato nel progredire da primo, di non riuscire a proteggere il punto pi\u00f9 delicato della via, perch\u00e8 la spittatura \u00e8 lunga o perch\u00e8 in quel esatto punto il chiodatore non ha tenuto conto che ci sono climber con altezze diverse e non tutti arrivano a rinviare in sicurezza nei passaggi delicati. Ecco, il Tricky ti consente di moschettonare un ancoraggio lontano, non raggiungibile con la lunghezza del braccio.<\/p>\n<p>Questo grazie alla leva del moschettone che viene mantenuta aperta e si rilascia automaticamente una volta che il sistema viene caricato verso il basso. L\u2019asola presente nella parte inferiore della fettuccia, consente di impugnare il sistema per azzerare agevolmente.<\/p>\n<p>Il Tricky, rispetto ad altri dispositivi simili in commercio, ha il vantaggio di avere un meccanismo di chiusura che si aziona solo con la trazione verso il basso, per cui non rischia di scattare inavvertitamente. Inoltre la fettuccia semirigida \u00e8 flessibile e pu\u00f2 essere portata comodamente all&#8217;imbrago, con poco ingombro, per poi essere estesa all&#8217;occorrenza nella sua intera lunghezza.<\/p>\n<p>Il sistema \u00e8 composto da un\u00a0moschettone Nimble Tricky, una fettuccia semirigida in poliammide da 35 cm e gommino antirotazione Fixit.<\/p>\n<p>Con il moschettone, il Tricky da una possibilit\u00e0 di allungo di circa 40cm.<\/p>\n<p>&nbsp;<\/p>\n<p>&nbsp;<\/p>\n<p><strong>Attenzione!<\/strong>\u00a0il sistema TRICKY non \u00e8 un rinvio da progressione, ma un sistema per l\u2019arrampicata artificiale. Significa che \u00e8 predisposto per &#8220;appendercisi&#8221; sopra, per volare se si \u00e8 al di sotto, o in corrispondenza del rinvio, ma non \u00e8 progettato per volarci da primo, poich\u00e8 la particolare lunghezza potrebbe giocare a sfavore nella dinamica di un volo. Per progredire oltre l\u2019ancoraggio \u00e8 assolutamente necessario sostituirlo con un rinvio da progressione.<\/p>\n<p>&nbsp;<\/p>\n<p>Per vedere come funziona, guarda qui il nostro primo incontro con il Tricky alla fiera Outdoor 2018:<\/p>\n<div class=\"embed-responsive embed-responsive-16by9\"><iframe title=\"Climbing Technology Tricky 2019\" width=\"500\" height=\"281\" src=\"https:\/\/www.youtube.com\/embed\/joLoviyUAO4?start=18&#038;feature=oembed\" frameborder=\"0\" allow=\"accelerometer; autoplay; clipboard-write; encrypted-media; gyroscope; picture-in-picture; web-share\" referrerpolicy=\"strict-origin-when-cross-origin\" allowfullscreen><\/iframe><\/div>\n<p>&nbsp;<\/p>\n<p>CT Climbing Technology\u00a0progetta e produce\u00a0dispositivi innovativi per tutte discipline verticali concepiti per la sicurezza e la facilit\u00e0 d\u2019utilizzo. Pi\u00f9 di 30 anni \u00a0di esperienza hanno reso Climbing Technology un\u2019azienda capace di\u00a0percepire le richieste del mercato e tradurle in prodotti innovativi per l\u2019alpinismo, l\u2019arrampicata sportiva e la sicurezza del\u00a0lavoro in quota. I prodotti Climbing Technology sono un esempio concreto di esperienza italiana nella progettazione e produzione di\u00a0Dispositivi di Protezione Individuale\u00a0di alta qualit\u00e0. La diversificazione specializzata e la ricerca costante di materiali innovativi e di nuove tecniche di trasformazione sono indispensabili per il raggiungimento di nuovi traguardi: consentono di realizzare dispositivi che rispondano alle pi\u00f9 evolute esigenze tecniche e sportive.<\/p>","protected":false},"excerpt":{"rendered":"<p>Il CT Climbing Technology Tricky \u00e8 un rinvio lungo 35cm, dotato di fettuccia semirigida, in grado di farti rinviare in [&hellip;]<\/p>\n","protected":false},"featured_media":21114,"comment_status":"open","ping_status":"closed","template":"","meta":{"_acf_changed":false},"product_brand":[55],"product_cat":[141,133],"product_tag":[486],"class_list":{"0":"post-21113","1":"product","2":"type-product","3":"status-publish","4":"has-post-thumbnail","6":"product_brand-ct-climbing-technology","7":"product_cat-accessori-accessori","8":"product_cat-rinvii","9":"product_tag-rinvio-arrampicata","11":"first","12":"instock","13":"sale","14":"taxable","15":"shipping-taxable","16":"purchasable","17":"product-type-simple"},"acf":[],"yoast_head":"<!-- This site is optimized with the Yoast SEO plugin v26.4 - https:\/\/yoast.com\/wordpress\/plugins\/seo\/ -->\n<title>CT Climbing Technology Tricky rinvio lungo con fettuccia semirigida per ancoraggi lontani - Sestogrado<\/title>\n<meta name=\"description\" content=\"Il CT Climbing Technology Tricky \u00e8 un rinvio lungo 35cm, dotato di fettuccia semirigida, in grado di farti rinviare in sicurezza anche sulle protezioni pi\u00f9 lontane. Ti sar\u00e0 capitato nel di non riuscire a proteggere il punto pi\u00f9 delicato della via. Ul Tricky ti consente di moschettonare un ancoraggio lontano.\" \/>\n<meta name=\"robots\" content=\"index, follow, max-snippet:-1, max-image-preview:large, max-video-preview:-1\" \/>\n<link rel=\"canonical\" href=\"https:\/\/www.sestogrado.it\/it\/prodotto\/ct-climbing-technology-tricky-rinvio-lungo-con-fettuccia-semirigida-per-ancoraggi-lontani\/\" \/>\n<meta property=\"og:locale\" content=\"it_IT\" \/>\n<meta property=\"og:type\" content=\"article\" \/>\n<meta property=\"og:title\" content=\"CT Climbing Technology Tricky rinvio lungo con fettuccia semirigida per ancoraggi lontani - Sestogrado\" \/>\n<meta property=\"og:description\" content=\"Il CT Climbing Technology Tricky \u00e8 un rinvio lungo 35cm, dotato di fettuccia semirigida, in grado di farti rinviare in sicurezza anche sulle protezioni pi\u00f9 lontane. Ti sar\u00e0 capitato nel di non riuscire a proteggere il punto pi\u00f9 delicato della via. Ul Tricky ti consente di moschettonare un ancoraggio lontano.\" \/>\n<meta property=\"og:url\" content=\"https:\/\/www.sestogrado.it\/it\/prodotto\/ct-climbing-technology-tricky-rinvio-lungo-con-fettuccia-semirigida-per-ancoraggi-lontani\/\" \/>\n<meta property=\"og:site_name\" content=\"Sestogrado\" \/>\n<meta property=\"article:publisher\" content=\"https:\/\/www.facebook.com\/pages\/Sestogrado\/1542635979353017?ref=bookmarks\" \/>\n<meta property=\"article:modified_time\" content=\"2026-03-22T13:01:00+00:00\" \/>\n<meta property=\"og:image\" content=\"https:\/\/www.sestogrado.it\/wp-content\/uploads\/2019\/05\/01-3.jpg\" \/>\n\t<meta property=\"og:image:width\" content=\"1000\" \/>\n\t<meta property=\"og:image:height\" content=\"1000\" \/>\n\t<meta property=\"og:image:type\" content=\"image\/jpeg\" \/>\n<meta name=\"twitter:label1\" content=\"Prezzo\" \/>\n\t<meta name=\"twitter:data1\" content=\"&euro;&nbsp;32,90\" \/>\n\t<meta name=\"twitter:label2\" content=\"Disponibilit\u00e0\" \/>\n\t<meta name=\"twitter:data2\" content=\"In stock\" \/>\n<script type=\"application\/ld+json\" class=\"yoast-schema-graph\">{\"@context\":\"https:\/\/schema.org\",\"@graph\":[{\"@type\":\"WebPage\",\"@id\":\"https:\/\/www.sestogrado.it\/it\/prodotto\/ct-climbing-technology-tricky-rinvio-lungo-con-fettuccia-semirigida-per-ancoraggi-lontani\/\",\"url\":\"https:\/\/www.sestogrado.it\/it\/prodotto\/ct-climbing-technology-tricky-rinvio-lungo-con-fettuccia-semirigida-per-ancoraggi-lontani\/\",\"name\":\"CT Climbing Technology Tricky rinvio lungo con fettuccia semirigida per ancoraggi lontani - Sestogrado\",\"isPartOf\":{\"@id\":\"https:\/\/www.sestogrado.it\/it\/#website\"},\"primaryImageOfPage\":{\"@id\":\"https:\/\/www.sestogrado.it\/it\/prodotto\/ct-climbing-technology-tricky-rinvio-lungo-con-fettuccia-semirigida-per-ancoraggi-lontani\/#primaryimage\"},\"image\":{\"@id\":\"https:\/\/www.sestogrado.it\/prodotto\/ct-climbing-technology-tricky-rinvio-lungo-con-fettuccia-semirigida-per-ancoraggi-lontani\/#primaryimage\"},\"thumbnailUrl\":\"https:\/\/www.sestogrado.it\/wp-content\/uploads\/2019\/05\/01-3.jpg\",\"datePublished\":\"2019-05-21T12:00:59+00:00\",\"dateModified\":\"2026-03-22T13:01:00+00:00\",\"description\":\"Il CT Climbing Technology Tricky \u00e8 un rinvio lungo 35cm, dotato di fettuccia semirigida, in grado di farti rinviare in sicurezza anche sulle protezioni pi\u00f9 lontane. Ti sar\u00e0 capitato nel di non riuscire a proteggere il punto pi\u00f9 delicato della via. Ul Tricky ti consente di moschettonare un ancoraggio lontano.\",\"breadcrumb\":{\"@id\":\"https:\/\/www.sestogrado.it\/it\/prodotto\/ct-climbing-technology-tricky-rinvio-lungo-con-fettuccia-semirigida-per-ancoraggi-lontani\/#breadcrumb\"},\"inLanguage\":\"it-IT\",\"potentialAction\":[{\"@type\":\"ReadAction\",\"target\":[[\"https:\/\/www.sestogrado.it\/it\/prodotto\/ct-climbing-technology-tricky-rinvio-lungo-con-fettuccia-semirigida-per-ancoraggi-lontani\/\"]]}]},{\"@type\":\"ImageObject\",\"inLanguage\":\"it-IT\",\"@id\":\"https:\/\/www.sestogrado.it\/it\/prodotto\/ct-climbing-technology-tricky-rinvio-lungo-con-fettuccia-semirigida-per-ancoraggi-lontani\/#primaryimage\",\"url\":\"https:\/\/www.sestogrado.it\/wp-content\/uploads\/2019\/05\/01-3.jpg\",\"contentUrl\":\"https:\/\/www.sestogrado.it\/wp-content\/uploads\/2019\/05\/01-3.jpg\",\"width\":1000,\"height\":1000,\"caption\":\"ct tricky\"},{\"@type\":\"BreadcrumbList\",\"@id\":\"https:\/\/www.sestogrado.it\/it\/prodotto\/ct-climbing-technology-tricky-rinvio-lungo-con-fettuccia-semirigida-per-ancoraggi-lontani\/#breadcrumb\",\"itemListElement\":[{\"@type\":\"ListItem\",\"position\":1,\"name\":\"Home\",\"item\":\"https:\/\/www.sestogrado.it\/it\/\"},{\"@type\":\"ListItem\",\"position\":2,\"name\":\"Shop\",\"item\":\"https:\/\/www.sestogrado.it\/it\/shop\/\"},{\"@type\":\"ListItem\",\"position\":3,\"name\":\"CT Climbing Technology Tricky rinvio lungo con fettuccia semirigida per ancoraggi lontani\"}]},{\"@type\":\"WebSite\",\"@id\":\"https:\/\/www.sestogrado.it\/it\/#website\",\"url\":\"https:\/\/www.sestogrado.it\/it\/\",\"name\":\"Sestogrado\",\"description\":\"yes we climb\",\"publisher\":{\"@id\":\"https:\/\/www.sestogrado.it\/it\/#organization\"},\"potentialAction\":[{\"@type\":\"SearchAction\",\"target\":{\"@type\":\"EntryPoint\",\"urlTemplate\":\"https:\/\/www.sestogrado.it\/it\/?s={search_term_string}\"},\"query-input\":{\"@type\":\"PropertyValueSpecification\",\"valueRequired\":true,\"valueName\":\"search_term_string\"}}],\"inLanguage\":\"it-IT\"},{\"@type\":\"Organization\",\"@id\":\"https:\/\/www.sestogrado.it\/it\/#organization\",\"name\":\"Sestogrado\",\"url\":\"https:\/\/www.sestogrado.it\/it\/\",\"logo\":{\"@type\":\"ImageObject\",\"inLanguage\":\"it-IT\",\"@id\":\"https:\/\/www.sestogrado.it\/it\/#\/schema\/logo\/image\/\",\"url\":\"https:\/\/www.sestogrado.it\/wp-content\/uploads\/2015\/03\/sestogrado-favicon.png\",\"contentUrl\":\"https:\/\/www.sestogrado.it\/wp-content\/uploads\/2015\/03\/sestogrado-favicon.png\",\"width\":260,\"height\":260,\"caption\":\"Sestogrado\"},\"image\":{\"@id\":\"https:\/\/www.sestogrado.it\/it\/#\/schema\/logo\/image\/\"},\"sameAs\":[\"https:\/\/www.facebook.com\/pages\/Sestogrado\/1542635979353017?ref=bookmarks\",\"https:\/\/www.youtube.com\/channel\/UC847kAfTkaJsWpc1jtQwr3Q\"],\"hasMerchantReturnPolicy\":{\"@type\":\"MerchantReturnPolicy\",\"merchantReturnLink\":\"https:\/\/www.sestogrado.it\/it\/termini-e-condizioni\/\"}}]}<\/script>\n<meta property=\"product:brand\" content=\"CT Climbing Technlogy\" \/>\n<meta property=\"product:price:amount\" content=\"32.90\" \/>\n<meta property=\"product:price:currency\" content=\"EUR\" \/>\n<meta property=\"og:availability\" content=\"instock\" \/>\n<meta property=\"product:availability\" content=\"instock\" \/>\n<meta property=\"product:condition\" content=\"new\" \/>\n<!-- \/ Yoast SEO plugin. -->","yoast_head_json":{"title":"CT Climbing Technology Tricky rinvio lungo con fettuccia semirigida per ancoraggi lontani - Sestogrado","description":"Il CT Climbing Technology Tricky \u00e8 un rinvio lungo 35cm, dotato di fettuccia semirigida, in grado di farti rinviare in sicurezza anche sulle protezioni pi\u00f9 lontane. Ti sar\u00e0 capitato nel di non riuscire a proteggere il punto pi\u00f9 delicato della via. Ul Tricky ti consente di moschettonare un ancoraggio lontano.","robots":{"index":"index","follow":"follow","max-snippet":"max-snippet:-1","max-image-preview":"max-image-preview:large","max-video-preview":"max-video-preview:-1"},"canonical":"https:\/\/www.sestogrado.it\/it\/prodotto\/ct-climbing-technology-tricky-rinvio-lungo-con-fettuccia-semirigida-per-ancoraggi-lontani\/","og_locale":"it_IT","og_type":"article","og_title":"CT Climbing Technology Tricky rinvio lungo con fettuccia semirigida per ancoraggi lontani - Sestogrado","og_description":"Il CT Climbing Technology Tricky \u00e8 un rinvio lungo 35cm, dotato di fettuccia semirigida, in grado di farti rinviare in sicurezza anche sulle protezioni pi\u00f9 lontane. Ti sar\u00e0 capitato nel di non riuscire a proteggere il punto pi\u00f9 delicato della via. Ul Tricky ti consente di moschettonare un ancoraggio lontano.","og_url":"https:\/\/www.sestogrado.it\/it\/prodotto\/ct-climbing-technology-tricky-rinvio-lungo-con-fettuccia-semirigida-per-ancoraggi-lontani\/","og_site_name":"Sestogrado","article_publisher":"https:\/\/www.facebook.com\/pages\/Sestogrado\/1542635979353017?ref=bookmarks","article_modified_time":"2026-03-22T13:01:00+00:00","og_image":[{"width":1000,"height":1000,"url":"https:\/\/www.sestogrado.it\/wp-content\/uploads\/2019\/05\/01-3.jpg","type":"image\/jpeg"}],"twitter_misc":{"Prezzo":"&euro;&nbsp;32,90","Disponibilit\u00e0":"In stock"},"schema":{"@context":"https:\/\/schema.org","@graph":[{"@type":"WebPage","@id":"https:\/\/www.sestogrado.it\/it\/prodotto\/ct-climbing-technology-tricky-rinvio-lungo-con-fettuccia-semirigida-per-ancoraggi-lontani\/","url":"https:\/\/www.sestogrado.it\/it\/prodotto\/ct-climbing-technology-tricky-rinvio-lungo-con-fettuccia-semirigida-per-ancoraggi-lontani\/","name":"CT Climbing Technology Tricky rinvio lungo con fettuccia semirigida per ancoraggi lontani - Sestogrado","isPartOf":{"@id":"https:\/\/www.sestogrado.it\/it\/#website"},"primaryImageOfPage":{"@id":"https:\/\/www.sestogrado.it\/it\/prodotto\/ct-climbing-technology-tricky-rinvio-lungo-con-fettuccia-semirigida-per-ancoraggi-lontani\/#primaryimage"},"image":{"@id":"https:\/\/www.sestogrado.it\/prodotto\/ct-climbing-technology-tricky-rinvio-lungo-con-fettuccia-semirigida-per-ancoraggi-lontani\/#primaryimage"},"thumbnailUrl":"https:\/\/www.sestogrado.it\/wp-content\/uploads\/2019\/05\/01-3.jpg","datePublished":"2019-05-21T12:00:59+00:00","dateModified":"2026-03-22T13:01:00+00:00","description":"Il CT Climbing Technology Tricky \u00e8 un rinvio lungo 35cm, dotato di fettuccia semirigida, in grado di farti rinviare in sicurezza anche sulle protezioni pi\u00f9 lontane. Ti sar\u00e0 capitato nel di non riuscire a proteggere il punto pi\u00f9 delicato della via. Ul Tricky ti consente di moschettonare un ancoraggio lontano.","breadcrumb":{"@id":"https:\/\/www.sestogrado.it\/it\/prodotto\/ct-climbing-technology-tricky-rinvio-lungo-con-fettuccia-semirigida-per-ancoraggi-lontani\/#breadcrumb"},"inLanguage":"it-IT","potentialAction":[{"@type":"ReadAction","target":[["https:\/\/www.sestogrado.it\/it\/prodotto\/ct-climbing-technology-tricky-rinvio-lungo-con-fettuccia-semirigida-per-ancoraggi-lontani\/"]]}]},{"@type":"ImageObject","inLanguage":"it-IT","@id":"https:\/\/www.sestogrado.it\/it\/prodotto\/ct-climbing-technology-tricky-rinvio-lungo-con-fettuccia-semirigida-per-ancoraggi-lontani\/#primaryimage","url":"https:\/\/www.sestogrado.it\/wp-content\/uploads\/2019\/05\/01-3.jpg","contentUrl":"https:\/\/www.sestogrado.it\/wp-content\/uploads\/2019\/05\/01-3.jpg","width":1000,"height":1000,"caption":"ct tricky"},{"@type":"BreadcrumbList","@id":"https:\/\/www.sestogrado.it\/it\/prodotto\/ct-climbing-technology-tricky-rinvio-lungo-con-fettuccia-semirigida-per-ancoraggi-lontani\/#breadcrumb","itemListElement":[{"@type":"ListItem","position":1,"name":"Home","item":"https:\/\/www.sestogrado.it\/it\/"},{"@type":"ListItem","position":2,"name":"Shop","item":"https:\/\/www.sestogrado.it\/it\/shop\/"},{"@type":"ListItem","position":3,"name":"CT Climbing Technology Tricky rinvio lungo con fettuccia semirigida per ancoraggi lontani"}]},{"@type":"WebSite","@id":"https:\/\/www.sestogrado.it\/it\/#website","url":"https:\/\/www.sestogrado.it\/it\/","name":"Sestogrado","description":"yes we climb","publisher":{"@id":"https:\/\/www.sestogrado.it\/it\/#organization"},"potentialAction":[{"@type":"SearchAction","target":{"@type":"EntryPoint","urlTemplate":"https:\/\/www.sestogrado.it\/it\/?s={search_term_string}"},"query-input":{"@type":"PropertyValueSpecification","valueRequired":true,"valueName":"search_term_string"}}],"inLanguage":"it-IT"},{"@type":"Organization","@id":"https:\/\/www.sestogrado.it\/it\/#organization","name":"Sestogrado","url":"https:\/\/www.sestogrado.it\/it\/","logo":{"@type":"ImageObject","inLanguage":"it-IT","@id":"https:\/\/www.sestogrado.it\/it\/#\/schema\/logo\/image\/","url":"https:\/\/www.sestogrado.it\/wp-content\/uploads\/2015\/03\/sestogrado-favicon.png","contentUrl":"https:\/\/www.sestogrado.it\/wp-content\/uploads\/2015\/03\/sestogrado-favicon.png","width":260,"height":260,"caption":"Sestogrado"},"image":{"@id":"https:\/\/www.sestogrado.it\/it\/#\/schema\/logo\/image\/"},"sameAs":["https:\/\/www.facebook.com\/pages\/Sestogrado\/1542635979353017?ref=bookmarks","https:\/\/www.youtube.com\/channel\/UC847kAfTkaJsWpc1jtQwr3Q"],"hasMerchantReturnPolicy":{"@type":"MerchantReturnPolicy","merchantReturnLink":"https:\/\/www.sestogrado.it\/it\/termini-e-condizioni\/"}}]},"product_brand":"CT Climbing Technlogy","product_price_amount":"32.90","product_price_currency":"EUR","og_availability":"instock","product_availability":"instock","product_condition":"new"},"_links":{"self":[{"href":"https:\/\/www.sestogrado.it\/it\/wp-json\/wp\/v2\/product\/21113","targetHints":{"allow":["GET"]}}],"collection":[{"href":"https:\/\/www.sestogrado.it\/it\/wp-json\/wp\/v2\/product"}],"about":[{"href":"https:\/\/www.sestogrado.it\/it\/wp-json\/wp\/v2\/types\/product"}],"replies":[{"embeddable":true,"href":"https:\/\/www.sestogrado.it\/it\/wp-json\/wp\/v2\/comments?post=21113"}],"wp:featuredmedia":[{"embeddable":true,"href":"https:\/\/www.sestogrado.it\/it\/wp-json\/wp\/v2\/media\/21114"}],"wp:attachment":[{"href":"https:\/\/www.sestogrado.it\/it\/wp-json\/wp\/v2\/media?parent=21113"}],"wp:term":[{"taxonomy":"product_brand","embeddable":true,"href":"https:\/\/www.sestogrado.it\/it\/wp-json\/wp\/v2\/product_brand?post=21113"},{"taxonomy":"product_cat","embeddable":true,"href":"https:\/\/www.sestogrado.it\/it\/wp-json\/wp\/v2\/product_cat?post=21113"},{"taxonomy":"product_tag","embeddable":true,"href":"https:\/\/www.sestogrado.it\/it\/wp-json\/wp\/v2\/product_tag?post=21113"}],"curies":[{"name":"wp","href":"https:\/\/api.w.org\/{rel}","templated":true}]}}