{"id":209962,"date":"2026-02-03T15:39:50","date_gmt":"2026-02-03T14:39:50","guid":{"rendered":"https:\/\/www.sestogrado.it\/?post_type=product&#038;p=209962"},"modified":"2026-02-03T15:39:51","modified_gmt":"2026-02-03T14:39:51","slug":"petzl-swift-lt-lampada-frontale-ultracompatta","status":"publish","type":"product","link":"https:\/\/www.sestogrado.it\/it\/prodotto\/petzl-swift-lt-lampada-frontale-ultracompatta\/","title":{"rendered":"Petzl Swift LT lampada frontale ultracompatta"},"content":{"rendered":"<p>La PETZL SWIFT LT \u00e8 la lampada frontale ultraleggera (43 g) e compatta, che si tiene nel palmo della mano. Con la potenza di 380 lumen, \u00e8 fondamentale per le attivit\u00e0 outdoor dove ogni grammo conta, o per tenerla in fondo allo zaino. Con questa lampada, potrete disporre di tre livelli d\u2019illuminazione bianca e di un\u2019illuminazione rossa per non abbagliare l\u2019ambiente circostante. La sua fascia elastica, minimale e funzionale, combina stile e comfort durante l&#8217;attivit\u00e0. Un filo riflettente integrato nella fascia elastica vi consente di restare visibili in ogni circostanza. Pratica, dispone di una batteria facilmente ricaricabile mediante una porta USB-C. Resistente alla pioggia (IPX4), vi accompagna ogni giorno anche in caso di maltempo!<\/p>\n<div class=\"list\">\n<ul>\n<li>Destinata alle attivit\u00e0 outdoor dove ogni grammo conta:<br \/>\n&#8211; vedere ed essere visti, grazie a una potenza d\u2019illuminazione di 380 lumen,<br \/>\n&#8211; fascio luminoso ampio e omogeneo per vedere comodamente a distanza manuale o da vicino,<br \/>\n&#8211; tre livelli d\u2019illuminazione bianca: MAX BURN TIME (massima autonomia), STANDARD (migliore equilibrio potenza\/autonomia) e MAX POWER (massima potenza),<br \/>\n&#8211; filo riflettente su tutta la fascia elastica per rimanere visibile anche con scarsa luminosit\u00e0,<br \/>\n&#8211; batteria litio-ione di 880 mAh, ricaricabile mediante una porta USB-C (cavo per la ricarica non fornito), con indicatore di carica luminoso,<br \/>\n&#8211; indicatore luminoso all\u2019accensione e allo spegnimento della lampada che consente di consultare il livello della batteria,<br \/>\n&#8211; resistente alla pioggia (IPX4).<\/li>\n<li>Leggerezza, compattezza e comfort:<br \/>\n&#8211; ultraleggera con soli 43 g,<br \/>\n&#8211; ultracompatta, si tiene nel palmo della mano,<br \/>\n&#8211; fascia elastica ultrasottile per maggiore compattezza e traspirabilit\u00e0 durante le attivit\u00e0 dinamiche. La sua costruzione ergonomica ne facilita la regolazione, garantendo una buona tenuta sulla testa e un confortevole utilizzo. Completamente progettata con materiali riciclati, la fascia elastica \u00e8 smontabile, lavabile e sostituibile,<\/li>\n<li>Semplicit\u00e0 di utilizzo:<br \/>\n&#8211; illuminazione rossa fissa per garantire la visione notturna senza abbagliare l\u2019ambiente circostante e lampeggiante per segnalare la propria presenza, in particolare in caso di soccorso.<br \/>\n&#8211; funzione LOCK per evitare le accensioni involontarie durante il trasporto\/stoccaggio,<br \/>\n&#8211; lampada che pu\u00f2 essere inclinata verso l\u2019alto per guardare davanti quando \u00e8 portata intorno al collo o verso il basso quando \u00e8 portata su un casco,<br \/>\n&#8211; compatibile con gli attacchi HELMET ADAPT e BIKE ADAPT 2 per installare la lampada su qualsiasi tipo di casco o su una bici (1).<\/li>\n<li>Eco-progettazione: la lampada \u00e8 costituita per il 50 % da materiali di origine biologica o riciclati.<\/li>\n<li>Potenza: 380 lumen (ANSI\/PLATO FL 1)<\/li>\n<li>Peso: 43 g<\/li>\n<li>Tipo di fascio luminoso: ampio<\/li>\n<li>Alimentazione: batteria ricaricabile 880 mAh<\/li>\n<li>Certificazione(i): CE<\/li>\n<li>Impermeabilit\u00e0: IPX4 (resistente alle intemperie)<\/li>\n<\/ul>\n<\/div>\n<p>&nbsp;<\/p>\n<p>(1) Attenzione, questa lampada non \u00e8 certificata per essere utilizzata su strada: in caso di utilizzo in una zona regolamentata dal codice stradale, le lampade Petzl non sostituiscono l\u2019illuminazione regolamentata obbligatoria.<\/p>\n<div class=\"list\"><\/div>\n<p>&nbsp;<\/p>\n<p>L\u2019avventura Petzl \u00e8 iniziata con la passione di Fernand Petzl per la speleologia, passione al servizio della quale ha saputo mettere il suo talento di artigiano. Ne \u00e8 nata una competenza per la progettazione e la realizzazione di soluzioni per salire, calarsi, assicurarsi e avanzare nell\u2019oscurit\u00e0. Nel 1970, i primi prodotti marcati \u201cFernand Petzl\u201d sono realizzati nel laboratorio di Saint-Nazaire-les-Eymes (Is\u00e8re, Francia). Da allora, l\u2019azienda Petzl, creata nel 1975, \u00e8 riuscita a crescere e diventare un gruppo internazionale, conservando una dimensione familiare e la passione che animava Fernand Petzl.<\/p>","protected":false},"excerpt":{"rendered":"<p>La PETZL SWIFT LT \u00e8 la lampada frontale ultraleggera (43 g) e compatta, che si tiene nel palmo della mano. [&hellip;]<\/p>\n","protected":false},"featured_media":209967,"comment_status":"open","ping_status":"closed","template":"","meta":{"_acf_changed":false},"product_brand":[50],"product_cat":[380],"product_tag":[],"class_list":{"0":"post-209962","1":"product","2":"type-product","3":"status-publish","4":"has-post-thumbnail","6":"product_brand-petzl","7":"product_cat-illuminazione","9":"first","10":"instock","11":"sale","12":"taxable","13":"shipping-taxable","14":"purchasable","15":"product-type-variable"},"acf":[],"yoast_head":"<!-- This site is optimized with the Yoast SEO plugin v26.4 - https:\/\/yoast.com\/wordpress\/plugins\/seo\/ -->\n<title>Petzl Swift LT lampada frontale ultracompatta - Sestogrado<\/title>\n<meta name=\"description\" content=\"L\u2019illuminazione peso piuma! Scopri SWIFT LT, la lampada frontale ultraleggera (43 g) e compatta, che si tiene nel palmo della mano. Con la potenza di 380 lumen, \u00e8 fondamentale per le attivit\u00e0 outdoor dove ogni grammo conta, o per tenerla in fondo allo zaino. Con questa lampada, potrete disporre di tre livelli d\u2019illuminazione bianca e di un\u2019illuminazione rossa per non abbagliare l\u2019ambiente circostante. La sua fascia elastica, minimale e funzionale, combina stile e comfort durante l&#039;attivit\u00e0. Un filo riflettente integrato nella fascia elastica vi consente di restare visibili in ogni circostanza. Pratica, dispone di una batteria facilmente ricaricabile mediante una porta USB-C. Resistente alla pioggia (IPX4), vi accompagna ogni giorno anche in caso di maltempo!\" \/>\n<meta name=\"robots\" content=\"index, follow, max-snippet:-1, max-image-preview:large, max-video-preview:-1\" \/>\n<link rel=\"canonical\" href=\"https:\/\/www.sestogrado.it\/it\/prodotto\/petzl-swift-lt-lampada-frontale-ultracompatta\/\" \/>\n<meta property=\"og:locale\" content=\"it_IT\" \/>\n<meta property=\"og:type\" content=\"article\" \/>\n<meta property=\"og:title\" content=\"Petzl Swift LT lampada frontale ultracompatta - Sestogrado\" \/>\n<meta property=\"og:description\" content=\"L\u2019illuminazione peso piuma! Scopri SWIFT LT, la lampada frontale ultraleggera (43 g) e compatta, che si tiene nel palmo della mano. Con la potenza di 380 lumen, \u00e8 fondamentale per le attivit\u00e0 outdoor dove ogni grammo conta, o per tenerla in fondo allo zaino. Con questa lampada, potrete disporre di tre livelli d\u2019illuminazione bianca e di un\u2019illuminazione rossa per non abbagliare l\u2019ambiente circostante. La sua fascia elastica, minimale e funzionale, combina stile e comfort durante l&#039;attivit\u00e0. Un filo riflettente integrato nella fascia elastica vi consente di restare visibili in ogni circostanza. Pratica, dispone di una batteria facilmente ricaricabile mediante una porta USB-C. Resistente alla pioggia (IPX4), vi accompagna ogni giorno anche in caso di maltempo!\" \/>\n<meta property=\"og:url\" content=\"https:\/\/www.sestogrado.it\/it\/prodotto\/petzl-swift-lt-lampada-frontale-ultracompatta\/\" \/>\n<meta property=\"og:site_name\" content=\"Sestogrado\" \/>\n<meta property=\"article:publisher\" content=\"https:\/\/www.facebook.com\/pages\/Sestogrado\/1542635979353017?ref=bookmarks\" \/>\n<meta property=\"article:modified_time\" content=\"2026-02-03T14:39:51+00:00\" \/>\n<meta property=\"og:image\" content=\"https:\/\/www.sestogrado.it\/wp-content\/uploads\/2026\/01\/01-7.jpg\" \/>\n\t<meta property=\"og:image:width\" content=\"1000\" \/>\n\t<meta property=\"og:image:height\" content=\"1000\" \/>\n\t<meta property=\"og:image:type\" content=\"image\/jpeg\" \/>\n<meta name=\"twitter:label1\" content=\"Disponibilit\u00e0\" \/>\n\t<meta name=\"twitter:data1\" content=\"In stock\" \/>\n<script type=\"application\/ld+json\" class=\"yoast-schema-graph\">{\"@context\":\"https:\/\/schema.org\",\"@graph\":[{\"@type\":\"WebPage\",\"@id\":\"https:\/\/www.sestogrado.it\/it\/prodotto\/petzl-swift-lt-lampada-frontale-ultracompatta\/\",\"url\":\"https:\/\/www.sestogrado.it\/it\/prodotto\/petzl-swift-lt-lampada-frontale-ultracompatta\/\",\"name\":\"Petzl Swift LT lampada frontale ultracompatta - Sestogrado\",\"isPartOf\":{\"@id\":\"https:\/\/www.sestogrado.it\/it\/#website\"},\"primaryImageOfPage\":{\"@id\":\"https:\/\/www.sestogrado.it\/it\/prodotto\/petzl-swift-lt-lampada-frontale-ultracompatta\/#primaryimage\"},\"image\":{\"@id\":\"https:\/\/www.sestogrado.it\/prodotto\/petzl-swift-lt-lampada-frontale-ultracompatta\/#primaryimage\"},\"thumbnailUrl\":\"https:\/\/www.sestogrado.it\/wp-content\/uploads\/2026\/01\/01-7.jpg\",\"datePublished\":\"2026-02-03T14:39:50+00:00\",\"dateModified\":\"2026-02-03T14:39:51+00:00\",\"description\":\"L\u2019illuminazione peso piuma! Scopri SWIFT LT, la lampada frontale ultraleggera (43 g) e compatta, che si tiene nel palmo della mano. Con la potenza di 380 lumen, \u00e8 fondamentale per le attivit\u00e0 outdoor dove ogni grammo conta, o per tenerla in fondo allo zaino. Con questa lampada, potrete disporre di tre livelli d\u2019illuminazione bianca e di un\u2019illuminazione rossa per non abbagliare l\u2019ambiente circostante. La sua fascia elastica, minimale e funzionale, combina stile e comfort durante l'attivit\u00e0. Un filo riflettente integrato nella fascia elastica vi consente di restare visibili in ogni circostanza. Pratica, dispone di una batteria facilmente ricaricabile mediante una porta USB-C. Resistente alla pioggia (IPX4), vi accompagna ogni giorno anche in caso di maltempo!\",\"breadcrumb\":{\"@id\":\"https:\/\/www.sestogrado.it\/it\/prodotto\/petzl-swift-lt-lampada-frontale-ultracompatta\/#breadcrumb\"},\"inLanguage\":\"it-IT\",\"potentialAction\":[{\"@type\":\"ReadAction\",\"target\":[[\"https:\/\/www.sestogrado.it\/it\/prodotto\/petzl-swift-lt-lampada-frontale-ultracompatta\/\"]]}]},{\"@type\":\"ImageObject\",\"inLanguage\":\"it-IT\",\"@id\":\"https:\/\/www.sestogrado.it\/it\/prodotto\/petzl-swift-lt-lampada-frontale-ultracompatta\/#primaryimage\",\"url\":\"https:\/\/www.sestogrado.it\/wp-content\/uploads\/2026\/01\/01-7.jpg\",\"contentUrl\":\"https:\/\/www.sestogrado.it\/wp-content\/uploads\/2026\/01\/01-7.jpg\",\"width\":1000,\"height\":1000,\"caption\":\"swift lt bianco\"},{\"@type\":\"BreadcrumbList\",\"@id\":\"https:\/\/www.sestogrado.it\/it\/prodotto\/petzl-swift-lt-lampada-frontale-ultracompatta\/#breadcrumb\",\"itemListElement\":[{\"@type\":\"ListItem\",\"position\":1,\"name\":\"Home\",\"item\":\"https:\/\/www.sestogrado.it\/it\/\"},{\"@type\":\"ListItem\",\"position\":2,\"name\":\"Shop\",\"item\":\"https:\/\/www.sestogrado.it\/it\/shop\/\"},{\"@type\":\"ListItem\",\"position\":3,\"name\":\"Petzl Swift LT lampada frontale ultracompatta\"}]},{\"@type\":\"WebSite\",\"@id\":\"https:\/\/www.sestogrado.it\/it\/#website\",\"url\":\"https:\/\/www.sestogrado.it\/it\/\",\"name\":\"Sestogrado\",\"description\":\"yes we climb\",\"publisher\":{\"@id\":\"https:\/\/www.sestogrado.it\/it\/#organization\"},\"potentialAction\":[{\"@type\":\"SearchAction\",\"target\":{\"@type\":\"EntryPoint\",\"urlTemplate\":\"https:\/\/www.sestogrado.it\/it\/?s={search_term_string}\"},\"query-input\":{\"@type\":\"PropertyValueSpecification\",\"valueRequired\":true,\"valueName\":\"search_term_string\"}}],\"inLanguage\":\"it-IT\"},{\"@type\":\"Organization\",\"@id\":\"https:\/\/www.sestogrado.it\/it\/#organization\",\"name\":\"Sestogrado\",\"url\":\"https:\/\/www.sestogrado.it\/it\/\",\"logo\":{\"@type\":\"ImageObject\",\"inLanguage\":\"it-IT\",\"@id\":\"https:\/\/www.sestogrado.it\/it\/#\/schema\/logo\/image\/\",\"url\":\"https:\/\/www.sestogrado.it\/wp-content\/uploads\/2015\/03\/sestogrado-favicon.png\",\"contentUrl\":\"https:\/\/www.sestogrado.it\/wp-content\/uploads\/2015\/03\/sestogrado-favicon.png\",\"width\":260,\"height\":260,\"caption\":\"Sestogrado\"},\"image\":{\"@id\":\"https:\/\/www.sestogrado.it\/it\/#\/schema\/logo\/image\/\"},\"sameAs\":[\"https:\/\/www.facebook.com\/pages\/Sestogrado\/1542635979353017?ref=bookmarks\",\"https:\/\/www.youtube.com\/channel\/UC847kAfTkaJsWpc1jtQwr3Q\"],\"hasMerchantReturnPolicy\":{\"@type\":\"MerchantReturnPolicy\",\"merchantReturnLink\":\"https:\/\/www.sestogrado.it\/it\/termini-e-condizioni\/\"}}]}<\/script>\n<meta property=\"product:brand\" content=\"Petzl\" \/>\n<meta property=\"og:availability\" content=\"instock\" \/>\n<meta property=\"product:availability\" content=\"instock\" \/>\n<meta property=\"product:condition\" content=\"new\" \/>\n<!-- \/ Yoast SEO plugin. -->","yoast_head_json":{"title":"Petzl Swift LT lampada frontale ultracompatta - Sestogrado","description":"L\u2019illuminazione peso piuma! Scopri SWIFT LT, la lampada frontale ultraleggera (43 g) e compatta, che si tiene nel palmo della mano. Con la potenza di 380 lumen, \u00e8 fondamentale per le attivit\u00e0 outdoor dove ogni grammo conta, o per tenerla in fondo allo zaino. Con questa lampada, potrete disporre di tre livelli d\u2019illuminazione bianca e di un\u2019illuminazione rossa per non abbagliare l\u2019ambiente circostante. La sua fascia elastica, minimale e funzionale, combina stile e comfort durante l'attivit\u00e0. Un filo riflettente integrato nella fascia elastica vi consente di restare visibili in ogni circostanza. Pratica, dispone di una batteria facilmente ricaricabile mediante una porta USB-C. Resistente alla pioggia (IPX4), vi accompagna ogni giorno anche in caso di maltempo!","robots":{"index":"index","follow":"follow","max-snippet":"max-snippet:-1","max-image-preview":"max-image-preview:large","max-video-preview":"max-video-preview:-1"},"canonical":"https:\/\/www.sestogrado.it\/it\/prodotto\/petzl-swift-lt-lampada-frontale-ultracompatta\/","og_locale":"it_IT","og_type":"article","og_title":"Petzl Swift LT lampada frontale ultracompatta - Sestogrado","og_description":"L\u2019illuminazione peso piuma! Scopri SWIFT LT, la lampada frontale ultraleggera (43 g) e compatta, che si tiene nel palmo della mano. Con la potenza di 380 lumen, \u00e8 fondamentale per le attivit\u00e0 outdoor dove ogni grammo conta, o per tenerla in fondo allo zaino. Con questa lampada, potrete disporre di tre livelli d\u2019illuminazione bianca e di un\u2019illuminazione rossa per non abbagliare l\u2019ambiente circostante. La sua fascia elastica, minimale e funzionale, combina stile e comfort durante l'attivit\u00e0. Un filo riflettente integrato nella fascia elastica vi consente di restare visibili in ogni circostanza. Pratica, dispone di una batteria facilmente ricaricabile mediante una porta USB-C. Resistente alla pioggia (IPX4), vi accompagna ogni giorno anche in caso di maltempo!","og_url":"https:\/\/www.sestogrado.it\/it\/prodotto\/petzl-swift-lt-lampada-frontale-ultracompatta\/","og_site_name":"Sestogrado","article_publisher":"https:\/\/www.facebook.com\/pages\/Sestogrado\/1542635979353017?ref=bookmarks","article_modified_time":"2026-02-03T14:39:51+00:00","og_image":[{"width":1000,"height":1000,"url":"https:\/\/www.sestogrado.it\/wp-content\/uploads\/2026\/01\/01-7.jpg","type":"image\/jpeg"}],"twitter_misc":{"Disponibilit\u00e0":"In stock"},"schema":{"@context":"https:\/\/schema.org","@graph":[{"@type":"WebPage","@id":"https:\/\/www.sestogrado.it\/it\/prodotto\/petzl-swift-lt-lampada-frontale-ultracompatta\/","url":"https:\/\/www.sestogrado.it\/it\/prodotto\/petzl-swift-lt-lampada-frontale-ultracompatta\/","name":"Petzl Swift LT lampada frontale ultracompatta - Sestogrado","isPartOf":{"@id":"https:\/\/www.sestogrado.it\/it\/#website"},"primaryImageOfPage":{"@id":"https:\/\/www.sestogrado.it\/it\/prodotto\/petzl-swift-lt-lampada-frontale-ultracompatta\/#primaryimage"},"image":{"@id":"https:\/\/www.sestogrado.it\/prodotto\/petzl-swift-lt-lampada-frontale-ultracompatta\/#primaryimage"},"thumbnailUrl":"https:\/\/www.sestogrado.it\/wp-content\/uploads\/2026\/01\/01-7.jpg","datePublished":"2026-02-03T14:39:50+00:00","dateModified":"2026-02-03T14:39:51+00:00","description":"L\u2019illuminazione peso piuma! Scopri SWIFT LT, la lampada frontale ultraleggera (43 g) e compatta, che si tiene nel palmo della mano. Con la potenza di 380 lumen, \u00e8 fondamentale per le attivit\u00e0 outdoor dove ogni grammo conta, o per tenerla in fondo allo zaino. Con questa lampada, potrete disporre di tre livelli d\u2019illuminazione bianca e di un\u2019illuminazione rossa per non abbagliare l\u2019ambiente circostante. La sua fascia elastica, minimale e funzionale, combina stile e comfort durante l'attivit\u00e0. Un filo riflettente integrato nella fascia elastica vi consente di restare visibili in ogni circostanza. Pratica, dispone di una batteria facilmente ricaricabile mediante una porta USB-C. Resistente alla pioggia (IPX4), vi accompagna ogni giorno anche in caso di maltempo!","breadcrumb":{"@id":"https:\/\/www.sestogrado.it\/it\/prodotto\/petzl-swift-lt-lampada-frontale-ultracompatta\/#breadcrumb"},"inLanguage":"it-IT","potentialAction":[{"@type":"ReadAction","target":[["https:\/\/www.sestogrado.it\/it\/prodotto\/petzl-swift-lt-lampada-frontale-ultracompatta\/"]]}]},{"@type":"ImageObject","inLanguage":"it-IT","@id":"https:\/\/www.sestogrado.it\/it\/prodotto\/petzl-swift-lt-lampada-frontale-ultracompatta\/#primaryimage","url":"https:\/\/www.sestogrado.it\/wp-content\/uploads\/2026\/01\/01-7.jpg","contentUrl":"https:\/\/www.sestogrado.it\/wp-content\/uploads\/2026\/01\/01-7.jpg","width":1000,"height":1000,"caption":"swift lt bianco"},{"@type":"BreadcrumbList","@id":"https:\/\/www.sestogrado.it\/it\/prodotto\/petzl-swift-lt-lampada-frontale-ultracompatta\/#breadcrumb","itemListElement":[{"@type":"ListItem","position":1,"name":"Home","item":"https:\/\/www.sestogrado.it\/it\/"},{"@type":"ListItem","position":2,"name":"Shop","item":"https:\/\/www.sestogrado.it\/it\/shop\/"},{"@type":"ListItem","position":3,"name":"Petzl Swift LT lampada frontale ultracompatta"}]},{"@type":"WebSite","@id":"https:\/\/www.sestogrado.it\/it\/#website","url":"https:\/\/www.sestogrado.it\/it\/","name":"Sestogrado","description":"yes we climb","publisher":{"@id":"https:\/\/www.sestogrado.it\/it\/#organization"},"potentialAction":[{"@type":"SearchAction","target":{"@type":"EntryPoint","urlTemplate":"https:\/\/www.sestogrado.it\/it\/?s={search_term_string}"},"query-input":{"@type":"PropertyValueSpecification","valueRequired":true,"valueName":"search_term_string"}}],"inLanguage":"it-IT"},{"@type":"Organization","@id":"https:\/\/www.sestogrado.it\/it\/#organization","name":"Sestogrado","url":"https:\/\/www.sestogrado.it\/it\/","logo":{"@type":"ImageObject","inLanguage":"it-IT","@id":"https:\/\/www.sestogrado.it\/it\/#\/schema\/logo\/image\/","url":"https:\/\/www.sestogrado.it\/wp-content\/uploads\/2015\/03\/sestogrado-favicon.png","contentUrl":"https:\/\/www.sestogrado.it\/wp-content\/uploads\/2015\/03\/sestogrado-favicon.png","width":260,"height":260,"caption":"Sestogrado"},"image":{"@id":"https:\/\/www.sestogrado.it\/it\/#\/schema\/logo\/image\/"},"sameAs":["https:\/\/www.facebook.com\/pages\/Sestogrado\/1542635979353017?ref=bookmarks","https:\/\/www.youtube.com\/channel\/UC847kAfTkaJsWpc1jtQwr3Q"],"hasMerchantReturnPolicy":{"@type":"MerchantReturnPolicy","merchantReturnLink":"https:\/\/www.sestogrado.it\/it\/termini-e-condizioni\/"}}]},"product_brand":"Petzl","og_availability":"instock","product_availability":"instock","product_condition":"new"},"_links":{"self":[{"href":"https:\/\/www.sestogrado.it\/it\/wp-json\/wp\/v2\/product\/209962","targetHints":{"allow":["GET"]}}],"collection":[{"href":"https:\/\/www.sestogrado.it\/it\/wp-json\/wp\/v2\/product"}],"about":[{"href":"https:\/\/www.sestogrado.it\/it\/wp-json\/wp\/v2\/types\/product"}],"replies":[{"embeddable":true,"href":"https:\/\/www.sestogrado.it\/it\/wp-json\/wp\/v2\/comments?post=209962"}],"wp:featuredmedia":[{"embeddable":true,"href":"https:\/\/www.sestogrado.it\/it\/wp-json\/wp\/v2\/media\/209967"}],"wp:attachment":[{"href":"https:\/\/www.sestogrado.it\/it\/wp-json\/wp\/v2\/media?parent=209962"}],"wp:term":[{"taxonomy":"product_brand","embeddable":true,"href":"https:\/\/www.sestogrado.it\/it\/wp-json\/wp\/v2\/product_brand?post=209962"},{"taxonomy":"product_cat","embeddable":true,"href":"https:\/\/www.sestogrado.it\/it\/wp-json\/wp\/v2\/product_cat?post=209962"},{"taxonomy":"product_tag","embeddable":true,"href":"https:\/\/www.sestogrado.it\/it\/wp-json\/wp\/v2\/product_tag?post=209962"}],"curies":[{"name":"wp","href":"https:\/\/api.w.org\/{rel}","templated":true}]}}