{"id":20803,"date":"2019-04-26T12:36:43","date_gmt":"2019-04-26T10:36:43","guid":{"rendered":"https:\/\/www.sestogrado.it\/?post_type=product&#038;p=20803"},"modified":"2024-03-15T22:25:25","modified_gmt":"2024-03-15T21:25:25","slug":"dmm-aero-rinvio-rinvii-arrampicata","status":"publish","type":"product","link":"https:\/\/www.sestogrado.it\/it\/prodotto\/dmm-aero-rinvio-rinvii-arrampicata\/","title":{"rendered":"DMM Aero rinvio rinvii arrampicata"},"content":{"rendered":"<p>I DMM Aero sono dei rinvii da arrampicata robusti ed estremamente durevoli, frutto dell&#8217;esperienza della casa gallese nota per realizzare prodotti di alta qualit\u00e0.<\/p>\n<p>I DMM Aero hanno una fettuccia in nylon da 12cm, un moschettone leva dritta lato spit e un moschettone leva curva lato corda. La leva piena \u00e8 robusta e durevole, le scanalature danno un grip in pi\u00f9 quando si tratta di rinviare in velocit\u00e0. Il moschettone ha un naso keylock che ne impedisce l&#8217;incastro con altri punti metallici, quali spit.<\/p>\n<p>Il ferma fettuccia in gomma \u00e8 integrato all&#8217;interno della fattuccia per cui risulta particolarmente difficile da danneggiare.<\/p>\n<p>&nbsp;<\/p>\n<p>In parole povere il DMM Aero \u00e8 un ottimo rinvio per arrampicata sportiva, polivalente e robusto.<\/p>","protected":false},"excerpt":{"rendered":"<p>I DMM Aero sono dei rinvii da arrampicata robusti ed estremamente durevoli, frutto dell&#8217;esperienza della casa gallese nota per realizzare [&hellip;]<\/p>\n","protected":false},"featured_media":20804,"comment_status":"open","ping_status":"closed","template":"","meta":{"_acf_changed":false},"product_brand":[86],"product_cat":[133],"product_tag":[],"class_list":{"0":"post-20803","1":"product","2":"type-product","3":"status-publish","4":"has-post-thumbnail","6":"product_brand-dmm","7":"product_cat-rinvii","9":"first","10":"outofstock","11":"sale","12":"taxable","13":"shipping-taxable","14":"purchasable","15":"product-type-simple"},"acf":[],"yoast_head":"<!-- This site is optimized with the Yoast SEO plugin v26.4 - https:\/\/yoast.com\/wordpress\/plugins\/seo\/ -->\n<title>DMM Aero rinvio rinvii arrampicata - Sestogrado<\/title>\n<meta name=\"description\" content=\"I DMM Aero sono dei rinvii da arrampicata robusti ed estremamente durevoli, frutto dell&#039;esperienza della casa gallese nota per realizzare prodotti di alta qualit\u00e0. I DMM Aero hanno una fettuccia in nylon da 12cm, un moschettone leva dritta lato spit e un moschettone leva curva lato corda. La leva piena \u00e8 robusta.\" \/>\n<meta name=\"robots\" content=\"index, follow, max-snippet:-1, max-image-preview:large, max-video-preview:-1\" \/>\n<link rel=\"canonical\" href=\"https:\/\/www.sestogrado.it\/it\/prodotto\/dmm-aero-rinvio-rinvii-arrampicata\/\" \/>\n<meta property=\"og:locale\" content=\"it_IT\" \/>\n<meta property=\"og:type\" content=\"article\" \/>\n<meta property=\"og:title\" content=\"DMM Aero rinvio rinvii arrampicata - Sestogrado\" \/>\n<meta property=\"og:description\" content=\"I DMM Aero sono dei rinvii da arrampicata robusti ed estremamente durevoli, frutto dell&#039;esperienza della casa gallese nota per realizzare prodotti di alta qualit\u00e0. I DMM Aero hanno una fettuccia in nylon da 12cm, un moschettone leva dritta lato spit e un moschettone leva curva lato corda. La leva piena \u00e8 robusta.\" \/>\n<meta property=\"og:url\" content=\"https:\/\/www.sestogrado.it\/it\/prodotto\/dmm-aero-rinvio-rinvii-arrampicata\/\" \/>\n<meta property=\"og:site_name\" content=\"Sestogrado\" \/>\n<meta property=\"article:publisher\" content=\"https:\/\/www.facebook.com\/pages\/Sestogrado\/1542635979353017?ref=bookmarks\" \/>\n<meta property=\"article:modified_time\" content=\"2024-03-15T21:25:25+00:00\" \/>\n<meta property=\"og:image\" content=\"https:\/\/www.sestogrado.it\/wp-content\/uploads\/2019\/04\/c63_12021_aero-12cm-quickdraw.jpg\" \/>\n\t<meta property=\"og:image:width\" content=\"956\" \/>\n\t<meta property=\"og:image:height\" content=\"956\" \/>\n\t<meta property=\"og:image:type\" content=\"image\/jpeg\" \/>\n<meta name=\"twitter:label1\" content=\"Prezzo\" \/>\n\t<meta name=\"twitter:data1\" content=\"&euro;&nbsp;16,90\" \/>\n\t<meta name=\"twitter:label2\" content=\"Disponibilit\u00e0\" \/>\n\t<meta name=\"twitter:data2\" content=\"Esaurito\" \/>\n<script type=\"application\/ld+json\" class=\"yoast-schema-graph\">{\"@context\":\"https:\/\/schema.org\",\"@graph\":[{\"@type\":\"WebPage\",\"@id\":\"https:\/\/www.sestogrado.it\/it\/prodotto\/dmm-aero-rinvio-rinvii-arrampicata\/\",\"url\":\"https:\/\/www.sestogrado.it\/it\/prodotto\/dmm-aero-rinvio-rinvii-arrampicata\/\",\"name\":\"DMM Aero rinvio rinvii arrampicata - Sestogrado\",\"isPartOf\":{\"@id\":\"https:\/\/www.sestogrado.it\/it\/#website\"},\"primaryImageOfPage\":{\"@id\":\"https:\/\/www.sestogrado.it\/it\/prodotto\/dmm-aero-rinvio-rinvii-arrampicata\/#primaryimage\"},\"image\":{\"@id\":\"https:\/\/www.sestogrado.it\/prodotto\/dmm-aero-rinvio-rinvii-arrampicata\/#primaryimage\"},\"thumbnailUrl\":\"https:\/\/www.sestogrado.it\/wp-content\/uploads\/2019\/04\/c63_12021_aero-12cm-quickdraw.jpg\",\"datePublished\":\"2019-04-26T10:36:43+00:00\",\"dateModified\":\"2024-03-15T21:25:25+00:00\",\"description\":\"I DMM Aero sono dei rinvii da arrampicata robusti ed estremamente durevoli, frutto dell'esperienza della casa gallese nota per realizzare prodotti di alta qualit\u00e0. I DMM Aero hanno una fettuccia in nylon da 12cm, un moschettone leva dritta lato spit e un moschettone leva curva lato corda. La leva piena \u00e8 robusta.\",\"breadcrumb\":{\"@id\":\"https:\/\/www.sestogrado.it\/it\/prodotto\/dmm-aero-rinvio-rinvii-arrampicata\/#breadcrumb\"},\"inLanguage\":\"it-IT\",\"potentialAction\":[{\"@type\":\"ReadAction\",\"target\":[[\"https:\/\/www.sestogrado.it\/it\/prodotto\/dmm-aero-rinvio-rinvii-arrampicata\/\"]]}]},{\"@type\":\"ImageObject\",\"inLanguage\":\"it-IT\",\"@id\":\"https:\/\/www.sestogrado.it\/it\/prodotto\/dmm-aero-rinvio-rinvii-arrampicata\/#primaryimage\",\"url\":\"https:\/\/www.sestogrado.it\/wp-content\/uploads\/2019\/04\/c63_12021_aero-12cm-quickdraw.jpg\",\"contentUrl\":\"https:\/\/www.sestogrado.it\/wp-content\/uploads\/2019\/04\/c63_12021_aero-12cm-quickdraw.jpg\",\"width\":956,\"height\":956,\"caption\":\"dmm aero\"},{\"@type\":\"BreadcrumbList\",\"@id\":\"https:\/\/www.sestogrado.it\/it\/prodotto\/dmm-aero-rinvio-rinvii-arrampicata\/#breadcrumb\",\"itemListElement\":[{\"@type\":\"ListItem\",\"position\":1,\"name\":\"Home\",\"item\":\"https:\/\/www.sestogrado.it\/it\/\"},{\"@type\":\"ListItem\",\"position\":2,\"name\":\"Shop\",\"item\":\"https:\/\/www.sestogrado.it\/it\/shop\/\"},{\"@type\":\"ListItem\",\"position\":3,\"name\":\"DMM Aero rinvio rinvii arrampicata\"}]},{\"@type\":\"WebSite\",\"@id\":\"https:\/\/www.sestogrado.it\/it\/#website\",\"url\":\"https:\/\/www.sestogrado.it\/it\/\",\"name\":\"Sestogrado\",\"description\":\"yes we climb\",\"publisher\":{\"@id\":\"https:\/\/www.sestogrado.it\/it\/#organization\"},\"potentialAction\":[{\"@type\":\"SearchAction\",\"target\":{\"@type\":\"EntryPoint\",\"urlTemplate\":\"https:\/\/www.sestogrado.it\/it\/?s={search_term_string}\"},\"query-input\":{\"@type\":\"PropertyValueSpecification\",\"valueRequired\":true,\"valueName\":\"search_term_string\"}}],\"inLanguage\":\"it-IT\"},{\"@type\":\"Organization\",\"@id\":\"https:\/\/www.sestogrado.it\/it\/#organization\",\"name\":\"Sestogrado\",\"url\":\"https:\/\/www.sestogrado.it\/it\/\",\"logo\":{\"@type\":\"ImageObject\",\"inLanguage\":\"it-IT\",\"@id\":\"https:\/\/www.sestogrado.it\/it\/#\/schema\/logo\/image\/\",\"url\":\"https:\/\/www.sestogrado.it\/wp-content\/uploads\/2015\/03\/sestogrado-favicon.png\",\"contentUrl\":\"https:\/\/www.sestogrado.it\/wp-content\/uploads\/2015\/03\/sestogrado-favicon.png\",\"width\":260,\"height\":260,\"caption\":\"Sestogrado\"},\"image\":{\"@id\":\"https:\/\/www.sestogrado.it\/it\/#\/schema\/logo\/image\/\"},\"sameAs\":[\"https:\/\/www.facebook.com\/pages\/Sestogrado\/1542635979353017?ref=bookmarks\",\"https:\/\/www.youtube.com\/channel\/UC847kAfTkaJsWpc1jtQwr3Q\"],\"hasMerchantReturnPolicy\":{\"@type\":\"MerchantReturnPolicy\",\"merchantReturnLink\":\"https:\/\/www.sestogrado.it\/it\/termini-e-condizioni\/\"}}]}<\/script>\n<meta property=\"product:brand\" content=\"DMM\" \/>\n<meta property=\"product:price:amount\" content=\"16.90\" \/>\n<meta property=\"product:price:currency\" content=\"EUR\" \/>\n<meta property=\"og:availability\" content=\"out of stock\" \/>\n<meta property=\"product:availability\" content=\"out of stock\" \/>\n<meta property=\"product:condition\" content=\"new\" \/>\n<!-- \/ Yoast SEO plugin. -->","yoast_head_json":{"title":"DMM Aero rinvio rinvii arrampicata - Sestogrado","description":"I DMM Aero sono dei rinvii da arrampicata robusti ed estremamente durevoli, frutto dell'esperienza della casa gallese nota per realizzare prodotti di alta qualit\u00e0. I DMM Aero hanno una fettuccia in nylon da 12cm, un moschettone leva dritta lato spit e un moschettone leva curva lato corda. La leva piena \u00e8 robusta.","robots":{"index":"index","follow":"follow","max-snippet":"max-snippet:-1","max-image-preview":"max-image-preview:large","max-video-preview":"max-video-preview:-1"},"canonical":"https:\/\/www.sestogrado.it\/it\/prodotto\/dmm-aero-rinvio-rinvii-arrampicata\/","og_locale":"it_IT","og_type":"article","og_title":"DMM Aero rinvio rinvii arrampicata - Sestogrado","og_description":"I DMM Aero sono dei rinvii da arrampicata robusti ed estremamente durevoli, frutto dell'esperienza della casa gallese nota per realizzare prodotti di alta qualit\u00e0. I DMM Aero hanno una fettuccia in nylon da 12cm, un moschettone leva dritta lato spit e un moschettone leva curva lato corda. La leva piena \u00e8 robusta.","og_url":"https:\/\/www.sestogrado.it\/it\/prodotto\/dmm-aero-rinvio-rinvii-arrampicata\/","og_site_name":"Sestogrado","article_publisher":"https:\/\/www.facebook.com\/pages\/Sestogrado\/1542635979353017?ref=bookmarks","article_modified_time":"2024-03-15T21:25:25+00:00","og_image":[{"width":956,"height":956,"url":"https:\/\/www.sestogrado.it\/wp-content\/uploads\/2019\/04\/c63_12021_aero-12cm-quickdraw.jpg","type":"image\/jpeg"}],"twitter_misc":{"Prezzo":"&euro;&nbsp;16,90","Disponibilit\u00e0":"Esaurito"},"schema":{"@context":"https:\/\/schema.org","@graph":[{"@type":"WebPage","@id":"https:\/\/www.sestogrado.it\/it\/prodotto\/dmm-aero-rinvio-rinvii-arrampicata\/","url":"https:\/\/www.sestogrado.it\/it\/prodotto\/dmm-aero-rinvio-rinvii-arrampicata\/","name":"DMM Aero rinvio rinvii arrampicata - Sestogrado","isPartOf":{"@id":"https:\/\/www.sestogrado.it\/it\/#website"},"primaryImageOfPage":{"@id":"https:\/\/www.sestogrado.it\/it\/prodotto\/dmm-aero-rinvio-rinvii-arrampicata\/#primaryimage"},"image":{"@id":"https:\/\/www.sestogrado.it\/prodotto\/dmm-aero-rinvio-rinvii-arrampicata\/#primaryimage"},"thumbnailUrl":"https:\/\/www.sestogrado.it\/wp-content\/uploads\/2019\/04\/c63_12021_aero-12cm-quickdraw.jpg","datePublished":"2019-04-26T10:36:43+00:00","dateModified":"2024-03-15T21:25:25+00:00","description":"I DMM Aero sono dei rinvii da arrampicata robusti ed estremamente durevoli, frutto dell'esperienza della casa gallese nota per realizzare prodotti di alta qualit\u00e0. I DMM Aero hanno una fettuccia in nylon da 12cm, un moschettone leva dritta lato spit e un moschettone leva curva lato corda. La leva piena \u00e8 robusta.","breadcrumb":{"@id":"https:\/\/www.sestogrado.it\/it\/prodotto\/dmm-aero-rinvio-rinvii-arrampicata\/#breadcrumb"},"inLanguage":"it-IT","potentialAction":[{"@type":"ReadAction","target":[["https:\/\/www.sestogrado.it\/it\/prodotto\/dmm-aero-rinvio-rinvii-arrampicata\/"]]}]},{"@type":"ImageObject","inLanguage":"it-IT","@id":"https:\/\/www.sestogrado.it\/it\/prodotto\/dmm-aero-rinvio-rinvii-arrampicata\/#primaryimage","url":"https:\/\/www.sestogrado.it\/wp-content\/uploads\/2019\/04\/c63_12021_aero-12cm-quickdraw.jpg","contentUrl":"https:\/\/www.sestogrado.it\/wp-content\/uploads\/2019\/04\/c63_12021_aero-12cm-quickdraw.jpg","width":956,"height":956,"caption":"dmm aero"},{"@type":"BreadcrumbList","@id":"https:\/\/www.sestogrado.it\/it\/prodotto\/dmm-aero-rinvio-rinvii-arrampicata\/#breadcrumb","itemListElement":[{"@type":"ListItem","position":1,"name":"Home","item":"https:\/\/www.sestogrado.it\/it\/"},{"@type":"ListItem","position":2,"name":"Shop","item":"https:\/\/www.sestogrado.it\/it\/shop\/"},{"@type":"ListItem","position":3,"name":"DMM Aero rinvio rinvii arrampicata"}]},{"@type":"WebSite","@id":"https:\/\/www.sestogrado.it\/it\/#website","url":"https:\/\/www.sestogrado.it\/it\/","name":"Sestogrado","description":"yes we climb","publisher":{"@id":"https:\/\/www.sestogrado.it\/it\/#organization"},"potentialAction":[{"@type":"SearchAction","target":{"@type":"EntryPoint","urlTemplate":"https:\/\/www.sestogrado.it\/it\/?s={search_term_string}"},"query-input":{"@type":"PropertyValueSpecification","valueRequired":true,"valueName":"search_term_string"}}],"inLanguage":"it-IT"},{"@type":"Organization","@id":"https:\/\/www.sestogrado.it\/it\/#organization","name":"Sestogrado","url":"https:\/\/www.sestogrado.it\/it\/","logo":{"@type":"ImageObject","inLanguage":"it-IT","@id":"https:\/\/www.sestogrado.it\/it\/#\/schema\/logo\/image\/","url":"https:\/\/www.sestogrado.it\/wp-content\/uploads\/2015\/03\/sestogrado-favicon.png","contentUrl":"https:\/\/www.sestogrado.it\/wp-content\/uploads\/2015\/03\/sestogrado-favicon.png","width":260,"height":260,"caption":"Sestogrado"},"image":{"@id":"https:\/\/www.sestogrado.it\/it\/#\/schema\/logo\/image\/"},"sameAs":["https:\/\/www.facebook.com\/pages\/Sestogrado\/1542635979353017?ref=bookmarks","https:\/\/www.youtube.com\/channel\/UC847kAfTkaJsWpc1jtQwr3Q"],"hasMerchantReturnPolicy":{"@type":"MerchantReturnPolicy","merchantReturnLink":"https:\/\/www.sestogrado.it\/it\/termini-e-condizioni\/"}}]},"product_brand":"DMM","product_price_amount":"16.90","product_price_currency":"EUR","og_availability":"out of stock","product_availability":"out of stock","product_condition":"new"},"_links":{"self":[{"href":"https:\/\/www.sestogrado.it\/it\/wp-json\/wp\/v2\/product\/20803","targetHints":{"allow":["GET"]}}],"collection":[{"href":"https:\/\/www.sestogrado.it\/it\/wp-json\/wp\/v2\/product"}],"about":[{"href":"https:\/\/www.sestogrado.it\/it\/wp-json\/wp\/v2\/types\/product"}],"replies":[{"embeddable":true,"href":"https:\/\/www.sestogrado.it\/it\/wp-json\/wp\/v2\/comments?post=20803"}],"wp:featuredmedia":[{"embeddable":true,"href":"https:\/\/www.sestogrado.it\/it\/wp-json\/wp\/v2\/media\/20804"}],"wp:attachment":[{"href":"https:\/\/www.sestogrado.it\/it\/wp-json\/wp\/v2\/media?parent=20803"}],"wp:term":[{"taxonomy":"product_brand","embeddable":true,"href":"https:\/\/www.sestogrado.it\/it\/wp-json\/wp\/v2\/product_brand?post=20803"},{"taxonomy":"product_cat","embeddable":true,"href":"https:\/\/www.sestogrado.it\/it\/wp-json\/wp\/v2\/product_cat?post=20803"},{"taxonomy":"product_tag","embeddable":true,"href":"https:\/\/www.sestogrado.it\/it\/wp-json\/wp\/v2\/product_tag?post=20803"}],"curies":[{"name":"wp","href":"https:\/\/api.w.org\/{rel}","templated":true}]}}