{"id":20703,"date":"2024-05-14T12:00:59","date_gmt":"2024-05-14T10:00:59","guid":{"rendered":"https:\/\/www.sestogrado.it\/?post_type=product&#038;p=20703"},"modified":"2026-03-11T12:31:00","modified_gmt":"2026-03-11T11:31:00","slug":"black-diamond-rock-blitz-15-zaino-arrampicata-vie-lunghe","status":"publish","type":"product","link":"https:\/\/www.sestogrado.it\/it\/prodotto\/black-diamond-rock-blitz-15-zaino-arrampicata-vie-lunghe\/","title":{"rendered":"Black Diamond Rock Blitz 15 zaino arrampicata vie lunghe"},"content":{"rendered":"<p>Il Black Diamond Rock Blitz 15 \u00e8 uno zaino da arrampicata da 15 litri per le vie multipitch e l&#8217;arrampicata in giornata. E&#8217; leggero e robusto ed \u00e8 dotato di un&#8217;ampia apertura sommitale con chiusura rapida, per accedere facilmente all&#8217;intero contenuto dello zaino. Il Rock Blitz ha una tasca a zip laterale per stipare ed accedere rapidamente a telefono, macchina fotografica o piccoli oggetti. E&#8217; costruito appositamente con un profilo compatto per muoversi veloci su tiri lunghi, passando attraverso camini, diedri e fessure. Sopra la chiusura ha una fettuccia per legare le corde sulla parte alta dello zaino ed ha il foro per il camelback. Gli spallacci sono imbottiti, cos\u00ec come lo schienale, per rimanere confortevole anche nelle lunghe giornate in parete.<\/p>\n<ul>\n<li>rapido accesso allo scomparto principale tramite apertura rapida<\/li>\n<li>la cinghia di chiusura sulla parte superiore funge da <strong>fissaggio per le corde<\/strong><\/li>\n<li><strong>scomparto laterale esterno<\/strong> per cartina topografica, cellulare o fotocamera<\/li>\n<li>compatibile con <a href=\"https:\/\/www.sestogrado.it\/it\/categoria-prodotto\/accessori\/idratazione\/\" target=\"_blank\" rel=\"noopener\">sistema di idratazione<\/a><\/li>\n<li><strong>cintura ventrale regolabile<\/strong> per una migliore vestibilit\u00e0 quando si indossa un imbrago<\/li>\n<li>profilo affusolato per <strong>minimo ingombro<\/strong> su arrampicate tecniche<\/li>\n<li>cintura ventrale e pettorale <strong>rimovibili<\/strong> per diminuire il peso<\/li>\n<\/ul>\n<div class=\"embed-responsive embed-responsive-16by9\"><iframe title=\"Built for the Send\u2014Featuring the Rock Blitz, Solution Guide and Half Dome\" width=\"500\" height=\"281\" src=\"https:\/\/www.youtube.com\/embed\/athOxHtEImc?start=5&#038;feature=oembed\" frameborder=\"0\" allow=\"accelerometer; autoplay; clipboard-write; encrypted-media; gyroscope; picture-in-picture; web-share\" referrerpolicy=\"strict-origin-when-cross-origin\" allowfullscreen><\/iframe><\/div>\n<p>&nbsp;<\/p>\n<p>Frutto dell&#8217;esperienza Black Diamond nell&#8217;arrampicata trad, il Rock Blitz 15 \u00e8 uno zaino tecnico per vie a pi\u00f9 tiri.<\/p>\n<p>&nbsp;<\/p>\n<p>Black Diamond dal 1957 rappresenta un punto di riferimento mondiale per l\u2019attrezzatura da arrampicata. Ci\u00f2 che all\u2019inizio era una attivit\u00e0 artigianale con incudine e martello oggi si \u00e8 trasformata in una societ\u00e0 globale con uffici in tre continenti. Il segreto di Black Diamond \u00e8 sempre lo stesso: essere una societ\u00e0 formata da appassionati climber. In Black Diamond si continua a sognare su ci\u00f2 che potrebbe essere e si continua ad essere critici su ci\u00f2 che esiste. E\u2019 cos\u00ec che il processo creativo per la realizzazione della migliore attrezzatura da arrampicata non avr\u00e0 mai fine.","protected":false},"excerpt":{"rendered":"<p>Il Black Diamond Rock Blitz 15 \u00e8 uno zaino da arrampicata da 15 litri per le vie multipitch e l&#8217;arrampicata [&hellip;]<\/p>\n","protected":false},"featured_media":162231,"comment_status":"open","ping_status":"closed","template":"","meta":{"_acf_changed":false},"product_brand":[121],"product_cat":[389],"product_tag":[455,464],"class_list":{"0":"post-20703","1":"product","2":"type-product","3":"status-publish","4":"has-post-thumbnail","6":"product_brand-black-diamond","7":"product_cat-zaini-alpinismo","8":"product_tag-zaino-alpinismo","9":"product_tag-zaino-arrampicata","11":"first","12":"instock","13":"sale","14":"taxable","15":"shipping-taxable","16":"purchasable","17":"product-type-variable"},"acf":[],"yoast_head":"<!-- This site is optimized with the Yoast SEO plugin v26.4 - https:\/\/yoast.com\/wordpress\/plugins\/seo\/ -->\n<title>Black Diamond Rock Blitz 15 zaino arrampicata vie lunghe - Sestogrado<\/title>\n<meta name=\"description\" content=\"Il Black Diamond Rock Blitz 15 \u00e8 uno zaino da arrampicata da 15 litri per le vie multipitch e l&#039;arrampicata in giornata. E&#039; leggero e robusto ed \u00e8 dotato di un&#039;ampia apertura sommitale con chiusura rapida, per accedere facilmente all&#039;intero contenuto dello zaino. Il Rock Blitz ha una tasca a zip laterale per stipare ed accedere rapidamente a telefono, macchina fotografica o piccoli oggetti. E&#039; costruito appositamente con un profilo compatto per muoversi veloci su tiri lunghi, passando attraverso camini, diedri e fessure. Sopra la chiusura ha una fettuccia per legare le corde sulla parte alta dello zaino ed ha il foro per il camelback. Gli spallacci sono imbottiti, cos\u00ec come lo schienale, per rimanere confortevole anche nelle lunghe giornate in parete.\" \/>\n<meta name=\"robots\" content=\"index, follow, max-snippet:-1, max-image-preview:large, max-video-preview:-1\" \/>\n<link rel=\"canonical\" href=\"https:\/\/www.sestogrado.it\/it\/prodotto\/black-diamond-rock-blitz-15-zaino-arrampicata-vie-lunghe\/\" \/>\n<meta property=\"og:locale\" content=\"it_IT\" \/>\n<meta property=\"og:type\" content=\"article\" \/>\n<meta property=\"og:title\" content=\"Black Diamond Rock Blitz 15 zaino arrampicata vie lunghe - Sestogrado\" \/>\n<meta property=\"og:description\" content=\"Il Black Diamond Rock Blitz 15 \u00e8 uno zaino da arrampicata da 15 litri per le vie multipitch e l&#039;arrampicata in giornata. E&#039; leggero e robusto ed \u00e8 dotato di un&#039;ampia apertura sommitale con chiusura rapida, per accedere facilmente all&#039;intero contenuto dello zaino. Il Rock Blitz ha una tasca a zip laterale per stipare ed accedere rapidamente a telefono, macchina fotografica o piccoli oggetti. E&#039; costruito appositamente con un profilo compatto per muoversi veloci su tiri lunghi, passando attraverso camini, diedri e fessure. Sopra la chiusura ha una fettuccia per legare le corde sulla parte alta dello zaino ed ha il foro per il camelback. Gli spallacci sono imbottiti, cos\u00ec come lo schienale, per rimanere confortevole anche nelle lunghe giornate in parete.\" \/>\n<meta property=\"og:url\" content=\"https:\/\/www.sestogrado.it\/it\/prodotto\/black-diamond-rock-blitz-15-zaino-arrampicata-vie-lunghe\/\" \/>\n<meta property=\"og:site_name\" content=\"Sestogrado\" \/>\n<meta property=\"article:publisher\" content=\"https:\/\/www.facebook.com\/pages\/Sestogrado\/1542635979353017?ref=bookmarks\" \/>\n<meta property=\"article:modified_time\" content=\"2026-03-11T11:31:00+00:00\" \/>\n<meta property=\"og:image\" content=\"https:\/\/www.sestogrado.it\/wp-content\/uploads\/2022\/06\/6de55aea58a6df2e85815a439eee2dcac769e3d8__18491.jpg\" \/>\n\t<meta property=\"og:image:width\" content=\"1000\" \/>\n\t<meta property=\"og:image:height\" content=\"1000\" \/>\n\t<meta property=\"og:image:type\" content=\"image\/jpeg\" \/>\n<meta name=\"twitter:label1\" content=\"Disponibilit\u00e0\" \/>\n\t<meta name=\"twitter:data1\" content=\"In stock\" \/>\n<script type=\"application\/ld+json\" class=\"yoast-schema-graph\">{\"@context\":\"https:\/\/schema.org\",\"@graph\":[{\"@type\":\"WebPage\",\"@id\":\"https:\/\/www.sestogrado.it\/it\/prodotto\/black-diamond-rock-blitz-15-zaino-arrampicata-vie-lunghe\/\",\"url\":\"https:\/\/www.sestogrado.it\/it\/prodotto\/black-diamond-rock-blitz-15-zaino-arrampicata-vie-lunghe\/\",\"name\":\"Black Diamond Rock Blitz 15 zaino arrampicata vie lunghe - Sestogrado\",\"isPartOf\":{\"@id\":\"https:\/\/www.sestogrado.it\/it\/#website\"},\"primaryImageOfPage\":{\"@id\":\"https:\/\/www.sestogrado.it\/it\/prodotto\/black-diamond-rock-blitz-15-zaino-arrampicata-vie-lunghe\/#primaryimage\"},\"image\":{\"@id\":\"https:\/\/www.sestogrado.it\/prodotto\/black-diamond-rock-blitz-15-zaino-arrampicata-vie-lunghe\/#primaryimage\"},\"thumbnailUrl\":\"https:\/\/www.sestogrado.it\/wp-content\/uploads\/2022\/06\/6de55aea58a6df2e85815a439eee2dcac769e3d8__18491.jpg\",\"datePublished\":\"2024-05-14T10:00:59+00:00\",\"dateModified\":\"2026-03-11T11:31:00+00:00\",\"description\":\"Il Black Diamond Rock Blitz 15 \u00e8 uno zaino da arrampicata da 15 litri per le vie multipitch e l'arrampicata in giornata. E' leggero e robusto ed \u00e8 dotato di un'ampia apertura sommitale con chiusura rapida, per accedere facilmente all'intero contenuto dello zaino. Il Rock Blitz ha una tasca a zip laterale per stipare ed accedere rapidamente a telefono, macchina fotografica o piccoli oggetti. E' costruito appositamente con un profilo compatto per muoversi veloci su tiri lunghi, passando attraverso camini, diedri e fessure. Sopra la chiusura ha una fettuccia per legare le corde sulla parte alta dello zaino ed ha il foro per il camelback. Gli spallacci sono imbottiti, cos\u00ec come lo schienale, per rimanere confortevole anche nelle lunghe giornate in parete.\",\"breadcrumb\":{\"@id\":\"https:\/\/www.sestogrado.it\/it\/prodotto\/black-diamond-rock-blitz-15-zaino-arrampicata-vie-lunghe\/#breadcrumb\"},\"inLanguage\":\"it-IT\",\"potentialAction\":[{\"@type\":\"ReadAction\",\"target\":[[\"https:\/\/www.sestogrado.it\/it\/prodotto\/black-diamond-rock-blitz-15-zaino-arrampicata-vie-lunghe\/\"]]}]},{\"@type\":\"ImageObject\",\"inLanguage\":\"it-IT\",\"@id\":\"https:\/\/www.sestogrado.it\/it\/prodotto\/black-diamond-rock-blitz-15-zaino-arrampicata-vie-lunghe\/#primaryimage\",\"url\":\"https:\/\/www.sestogrado.it\/wp-content\/uploads\/2022\/06\/6de55aea58a6df2e85815a439eee2dcac769e3d8__18491.jpg\",\"contentUrl\":\"https:\/\/www.sestogrado.it\/wp-content\/uploads\/2022\/06\/6de55aea58a6df2e85815a439eee2dcac769e3d8__18491.jpg\",\"width\":1000,\"height\":1000,\"caption\":\"rock blitz 15 desert sage\"},{\"@type\":\"BreadcrumbList\",\"@id\":\"https:\/\/www.sestogrado.it\/it\/prodotto\/black-diamond-rock-blitz-15-zaino-arrampicata-vie-lunghe\/#breadcrumb\",\"itemListElement\":[{\"@type\":\"ListItem\",\"position\":1,\"name\":\"Home\",\"item\":\"https:\/\/www.sestogrado.it\/it\/\"},{\"@type\":\"ListItem\",\"position\":2,\"name\":\"Shop\",\"item\":\"https:\/\/www.sestogrado.it\/it\/shop\/\"},{\"@type\":\"ListItem\",\"position\":3,\"name\":\"Black Diamond Rock Blitz 15 zaino arrampicata vie lunghe\"}]},{\"@type\":\"WebSite\",\"@id\":\"https:\/\/www.sestogrado.it\/it\/#website\",\"url\":\"https:\/\/www.sestogrado.it\/it\/\",\"name\":\"Sestogrado\",\"description\":\"yes we climb\",\"publisher\":{\"@id\":\"https:\/\/www.sestogrado.it\/it\/#organization\"},\"potentialAction\":[{\"@type\":\"SearchAction\",\"target\":{\"@type\":\"EntryPoint\",\"urlTemplate\":\"https:\/\/www.sestogrado.it\/it\/?s={search_term_string}\"},\"query-input\":{\"@type\":\"PropertyValueSpecification\",\"valueRequired\":true,\"valueName\":\"search_term_string\"}}],\"inLanguage\":\"it-IT\"},{\"@type\":\"Organization\",\"@id\":\"https:\/\/www.sestogrado.it\/it\/#organization\",\"name\":\"Sestogrado\",\"url\":\"https:\/\/www.sestogrado.it\/it\/\",\"logo\":{\"@type\":\"ImageObject\",\"inLanguage\":\"it-IT\",\"@id\":\"https:\/\/www.sestogrado.it\/it\/#\/schema\/logo\/image\/\",\"url\":\"https:\/\/www.sestogrado.it\/wp-content\/uploads\/2015\/03\/sestogrado-favicon.png\",\"contentUrl\":\"https:\/\/www.sestogrado.it\/wp-content\/uploads\/2015\/03\/sestogrado-favicon.png\",\"width\":260,\"height\":260,\"caption\":\"Sestogrado\"},\"image\":{\"@id\":\"https:\/\/www.sestogrado.it\/it\/#\/schema\/logo\/image\/\"},\"sameAs\":[\"https:\/\/www.facebook.com\/pages\/Sestogrado\/1542635979353017?ref=bookmarks\",\"https:\/\/www.youtube.com\/channel\/UC847kAfTkaJsWpc1jtQwr3Q\"],\"hasMerchantReturnPolicy\":{\"@type\":\"MerchantReturnPolicy\",\"merchantReturnLink\":\"https:\/\/www.sestogrado.it\/it\/termini-e-condizioni\/\"}}]}<\/script>\n<meta property=\"product:brand\" content=\"Black Diamond\" \/>\n<meta property=\"og:availability\" content=\"instock\" \/>\n<meta property=\"product:availability\" content=\"instock\" \/>\n<meta property=\"product:condition\" content=\"new\" \/>\n<!-- \/ Yoast SEO plugin. -->","yoast_head_json":{"title":"Black Diamond Rock Blitz 15 zaino arrampicata vie lunghe - Sestogrado","description":"Il Black Diamond Rock Blitz 15 \u00e8 uno zaino da arrampicata da 15 litri per le vie multipitch e l'arrampicata in giornata. E' leggero e robusto ed \u00e8 dotato di un'ampia apertura sommitale con chiusura rapida, per accedere facilmente all'intero contenuto dello zaino. Il Rock Blitz ha una tasca a zip laterale per stipare ed accedere rapidamente a telefono, macchina fotografica o piccoli oggetti. E' costruito appositamente con un profilo compatto per muoversi veloci su tiri lunghi, passando attraverso camini, diedri e fessure. Sopra la chiusura ha una fettuccia per legare le corde sulla parte alta dello zaino ed ha il foro per il camelback. Gli spallacci sono imbottiti, cos\u00ec come lo schienale, per rimanere confortevole anche nelle lunghe giornate in parete.","robots":{"index":"index","follow":"follow","max-snippet":"max-snippet:-1","max-image-preview":"max-image-preview:large","max-video-preview":"max-video-preview:-1"},"canonical":"https:\/\/www.sestogrado.it\/it\/prodotto\/black-diamond-rock-blitz-15-zaino-arrampicata-vie-lunghe\/","og_locale":"it_IT","og_type":"article","og_title":"Black Diamond Rock Blitz 15 zaino arrampicata vie lunghe - Sestogrado","og_description":"Il Black Diamond Rock Blitz 15 \u00e8 uno zaino da arrampicata da 15 litri per le vie multipitch e l'arrampicata in giornata. E' leggero e robusto ed \u00e8 dotato di un'ampia apertura sommitale con chiusura rapida, per accedere facilmente all'intero contenuto dello zaino. Il Rock Blitz ha una tasca a zip laterale per stipare ed accedere rapidamente a telefono, macchina fotografica o piccoli oggetti. E' costruito appositamente con un profilo compatto per muoversi veloci su tiri lunghi, passando attraverso camini, diedri e fessure. Sopra la chiusura ha una fettuccia per legare le corde sulla parte alta dello zaino ed ha il foro per il camelback. Gli spallacci sono imbottiti, cos\u00ec come lo schienale, per rimanere confortevole anche nelle lunghe giornate in parete.","og_url":"https:\/\/www.sestogrado.it\/it\/prodotto\/black-diamond-rock-blitz-15-zaino-arrampicata-vie-lunghe\/","og_site_name":"Sestogrado","article_publisher":"https:\/\/www.facebook.com\/pages\/Sestogrado\/1542635979353017?ref=bookmarks","article_modified_time":"2026-03-11T11:31:00+00:00","og_image":[{"width":1000,"height":1000,"url":"https:\/\/www.sestogrado.it\/wp-content\/uploads\/2022\/06\/6de55aea58a6df2e85815a439eee2dcac769e3d8__18491.jpg","type":"image\/jpeg"}],"twitter_misc":{"Disponibilit\u00e0":"In stock"},"schema":{"@context":"https:\/\/schema.org","@graph":[{"@type":"WebPage","@id":"https:\/\/www.sestogrado.it\/it\/prodotto\/black-diamond-rock-blitz-15-zaino-arrampicata-vie-lunghe\/","url":"https:\/\/www.sestogrado.it\/it\/prodotto\/black-diamond-rock-blitz-15-zaino-arrampicata-vie-lunghe\/","name":"Black Diamond Rock Blitz 15 zaino arrampicata vie lunghe - Sestogrado","isPartOf":{"@id":"https:\/\/www.sestogrado.it\/it\/#website"},"primaryImageOfPage":{"@id":"https:\/\/www.sestogrado.it\/it\/prodotto\/black-diamond-rock-blitz-15-zaino-arrampicata-vie-lunghe\/#primaryimage"},"image":{"@id":"https:\/\/www.sestogrado.it\/prodotto\/black-diamond-rock-blitz-15-zaino-arrampicata-vie-lunghe\/#primaryimage"},"thumbnailUrl":"https:\/\/www.sestogrado.it\/wp-content\/uploads\/2022\/06\/6de55aea58a6df2e85815a439eee2dcac769e3d8__18491.jpg","datePublished":"2024-05-14T10:00:59+00:00","dateModified":"2026-03-11T11:31:00+00:00","description":"Il Black Diamond Rock Blitz 15 \u00e8 uno zaino da arrampicata da 15 litri per le vie multipitch e l'arrampicata in giornata. E' leggero e robusto ed \u00e8 dotato di un'ampia apertura sommitale con chiusura rapida, per accedere facilmente all'intero contenuto dello zaino. Il Rock Blitz ha una tasca a zip laterale per stipare ed accedere rapidamente a telefono, macchina fotografica o piccoli oggetti. E' costruito appositamente con un profilo compatto per muoversi veloci su tiri lunghi, passando attraverso camini, diedri e fessure. Sopra la chiusura ha una fettuccia per legare le corde sulla parte alta dello zaino ed ha il foro per il camelback. Gli spallacci sono imbottiti, cos\u00ec come lo schienale, per rimanere confortevole anche nelle lunghe giornate in parete.","breadcrumb":{"@id":"https:\/\/www.sestogrado.it\/it\/prodotto\/black-diamond-rock-blitz-15-zaino-arrampicata-vie-lunghe\/#breadcrumb"},"inLanguage":"it-IT","potentialAction":[{"@type":"ReadAction","target":[["https:\/\/www.sestogrado.it\/it\/prodotto\/black-diamond-rock-blitz-15-zaino-arrampicata-vie-lunghe\/"]]}]},{"@type":"ImageObject","inLanguage":"it-IT","@id":"https:\/\/www.sestogrado.it\/it\/prodotto\/black-diamond-rock-blitz-15-zaino-arrampicata-vie-lunghe\/#primaryimage","url":"https:\/\/www.sestogrado.it\/wp-content\/uploads\/2022\/06\/6de55aea58a6df2e85815a439eee2dcac769e3d8__18491.jpg","contentUrl":"https:\/\/www.sestogrado.it\/wp-content\/uploads\/2022\/06\/6de55aea58a6df2e85815a439eee2dcac769e3d8__18491.jpg","width":1000,"height":1000,"caption":"rock blitz 15 desert sage"},{"@type":"BreadcrumbList","@id":"https:\/\/www.sestogrado.it\/it\/prodotto\/black-diamond-rock-blitz-15-zaino-arrampicata-vie-lunghe\/#breadcrumb","itemListElement":[{"@type":"ListItem","position":1,"name":"Home","item":"https:\/\/www.sestogrado.it\/it\/"},{"@type":"ListItem","position":2,"name":"Shop","item":"https:\/\/www.sestogrado.it\/it\/shop\/"},{"@type":"ListItem","position":3,"name":"Black Diamond Rock Blitz 15 zaino arrampicata vie lunghe"}]},{"@type":"WebSite","@id":"https:\/\/www.sestogrado.it\/it\/#website","url":"https:\/\/www.sestogrado.it\/it\/","name":"Sestogrado","description":"yes we climb","publisher":{"@id":"https:\/\/www.sestogrado.it\/it\/#organization"},"potentialAction":[{"@type":"SearchAction","target":{"@type":"EntryPoint","urlTemplate":"https:\/\/www.sestogrado.it\/it\/?s={search_term_string}"},"query-input":{"@type":"PropertyValueSpecification","valueRequired":true,"valueName":"search_term_string"}}],"inLanguage":"it-IT"},{"@type":"Organization","@id":"https:\/\/www.sestogrado.it\/it\/#organization","name":"Sestogrado","url":"https:\/\/www.sestogrado.it\/it\/","logo":{"@type":"ImageObject","inLanguage":"it-IT","@id":"https:\/\/www.sestogrado.it\/it\/#\/schema\/logo\/image\/","url":"https:\/\/www.sestogrado.it\/wp-content\/uploads\/2015\/03\/sestogrado-favicon.png","contentUrl":"https:\/\/www.sestogrado.it\/wp-content\/uploads\/2015\/03\/sestogrado-favicon.png","width":260,"height":260,"caption":"Sestogrado"},"image":{"@id":"https:\/\/www.sestogrado.it\/it\/#\/schema\/logo\/image\/"},"sameAs":["https:\/\/www.facebook.com\/pages\/Sestogrado\/1542635979353017?ref=bookmarks","https:\/\/www.youtube.com\/channel\/UC847kAfTkaJsWpc1jtQwr3Q"],"hasMerchantReturnPolicy":{"@type":"MerchantReturnPolicy","merchantReturnLink":"https:\/\/www.sestogrado.it\/it\/termini-e-condizioni\/"}}]},"product_brand":"Black Diamond","og_availability":"instock","product_availability":"instock","product_condition":"new"},"_links":{"self":[{"href":"https:\/\/www.sestogrado.it\/it\/wp-json\/wp\/v2\/product\/20703","targetHints":{"allow":["GET"]}}],"collection":[{"href":"https:\/\/www.sestogrado.it\/it\/wp-json\/wp\/v2\/product"}],"about":[{"href":"https:\/\/www.sestogrado.it\/it\/wp-json\/wp\/v2\/types\/product"}],"replies":[{"embeddable":true,"href":"https:\/\/www.sestogrado.it\/it\/wp-json\/wp\/v2\/comments?post=20703"}],"wp:featuredmedia":[{"embeddable":true,"href":"https:\/\/www.sestogrado.it\/it\/wp-json\/wp\/v2\/media\/162231"}],"wp:attachment":[{"href":"https:\/\/www.sestogrado.it\/it\/wp-json\/wp\/v2\/media?parent=20703"}],"wp:term":[{"taxonomy":"product_brand","embeddable":true,"href":"https:\/\/www.sestogrado.it\/it\/wp-json\/wp\/v2\/product_brand?post=20703"},{"taxonomy":"product_cat","embeddable":true,"href":"https:\/\/www.sestogrado.it\/it\/wp-json\/wp\/v2\/product_cat?post=20703"},{"taxonomy":"product_tag","embeddable":true,"href":"https:\/\/www.sestogrado.it\/it\/wp-json\/wp\/v2\/product_tag?post=20703"}],"curies":[{"name":"wp","href":"https:\/\/api.w.org\/{rel}","templated":true}]}}