{"id":20472,"date":"2024-11-19T12:30:54","date_gmt":"2024-11-19T11:30:54","guid":{"rendered":"https:\/\/www.sestogrado.it\/?post_type=product&#038;p=20472"},"modified":"2026-05-02T19:07:15","modified_gmt":"2026-05-02T17:07:15","slug":"grivel-g12-new-matic-evo-ramponi-semiautomatici-da-ghiaccio","status":"publish","type":"product","link":"https:\/\/www.sestogrado.it\/it\/prodotto\/grivel-g12-new-matic-evo-ramponi-semiautomatici-da-ghiaccio\/","title":{"rendered":"Grivel G12 New Matic EVO ramponi semiautomatici da ghiaccio"},"content":{"rendered":"<p>I Grivel G12 New Matic EVO sono un rampone semiautomatico a 12 punte, compatibile con scarponi unicamente provvisti del tacco posteriore. E&#8217; il rampone classico di Grivel per eccellenza, perfetto per ogni tipo di alpinismo, dal tradizionale alle salite di misto, per essere utilizzato anche su cascate. I G12 New Matic EVO hanno una gabbia anteriore ad alette e lacci di plastica orientabili che permette di calzare qualunque tipo di scarpa rigida che abbia o meno (o in cui si sia consumato) il bordo anteriore.<\/p>\n<p>Il <strong>nuovo sistema di allacciatura posteriore EVO<\/strong> \u00e8 pi\u00f9 moderno, leggero e minimale, rispetto alla versione precedente. La nuova leva e staffa posteriori sono pi\u00f9 semplici, un pezzo invece di cinque. La leva, con design &#8220;Stealth&#8221; \u00e8 pi\u00f9 leggera e consente pi\u00f9 posizioni per adattarsi a tutti gli scarponi. La fettuccia \u00e8 pi\u00f9 leggera e sottile (12mm invece di 14mm) e la fibbia \u00e8 pi\u00f9 minimale, facile da usare e con forte tenuta.<\/p>\n<p>Le quattro punte dei Grivel G12 impediscono di scivolare sulla neve fresca e garantiscono una maggior sicurezza durante la discesa.<\/p>\n<p>Il Grivel G12 \u00e8 fornito in misura unica, con Antibott integrato. E&#8217; completamente regolabile e facilmente richiudibile per il trasporto.<\/p>\n<ul>\n<li>modello semiautomatico regolabile con sistema rapido totalmente manuale<\/li>\n<li>soletta antizoccolo (Antibott)<\/li>\n<li>taglia unica 36 &#8211; 47<\/li>\n<\/ul>\n<p>I Grivel G12 New Matic EVO sono un rampone da ghiaccio polivalente, robusto ed affidabile, ideale per alpinismo classico.<\/p>\n<p>&nbsp;<\/p>\n<p>Nata nel 1818 a Courmayeur, la Grivel \u00e8 un\u2019azienda italiana che produce attrezzature ed equipaggiamenti per alpinismo, arrampicata ed outdoor esportando in 26 paesi.\u00a0\u00a0L\u2019azienda ha ottenuto la certificazione GS T\u00dcV dal 1992, ISO 9001 dal 1996, ISO 1400 dal 2004.\u00a0L\u2019obiettivo di\u00a0Grivel \u00e8 di facilitare la vita agli alpinisti e agli amanti della montagna\u00a0con prodotti tecnologicamente avanzati.<\/p>","protected":false},"excerpt":{"rendered":"<p>I Grivel G12 New Matic EVO sono un rampone semiautomatico a 12 punte, compatibile con scarponi unicamente provvisti del tacco [&hellip;]<\/p>\n","protected":false},"featured_media":85545,"comment_status":"open","ping_status":"closed","template":"","meta":{"_acf_changed":false},"product_brand":[126],"product_cat":[153],"product_tag":[],"class_list":{"0":"post-20472","1":"product","2":"type-product","3":"status-publish","4":"has-post-thumbnail","6":"product_brand-grivel","7":"product_cat-ramponi","9":"first","10":"instock","11":"sale","12":"taxable","13":"shipping-taxable","14":"purchasable","15":"product-type-simple"},"acf":[],"yoast_head":"<!-- This site is optimized with the Yoast SEO plugin v26.4 - https:\/\/yoast.com\/wordpress\/plugins\/seo\/ -->\n<title>Grivel G12 New Matic EVO ramponi semiautomatici da ghiaccio - Sestogrado<\/title>\n<meta name=\"description\" content=\"I Grivel G12 New Matic EVO sono un rampone semiautomatico a 12 punte, compatibile con scarponi unicamente provvisti del tacco posteriore. E&#039; il rampone classico di Grivel per eccellenza, perfetto per ogni tipo di alpinismo, dal tradizionale alle salite di misto, per essere utilizzato anche su cascate. I G12 New Matic EVO hanno una gabbia anteriore ad alette e lacci di plastica orientabili che permette di calzare qualunque tipo di scarpa rigida che abbia o meno (o in cui si sia consumato) il bordo anteriore.Il nuovo sistema di allacciatura posteriore EVO \u00e8 pi\u00f9 moderno, leggero e minimale, rispetto alla versione precedente. La nuova e staffa posteriori sono pi\u00f9 semplici, un pezzo invece di cinque. La leva, con design &quot;Stealth&quot; \u00e8 pi\u00f9 leggera e consente pi\u00f9 posizioni per adattarsi a tutti gli scarponi. La fettuccia \u00e8 pi\u00f9 leggera e sottile (12mm invece di 14mm) e la fibbia \u00e8 pi\u00f9 minimale, facile da usare e con forte tenuta.Le quattro punte dei Grivel G12 impediscono di scivolare sulla neve fresca e garantiscono una maggior sicurezza durante la discesa.\" \/>\n<meta name=\"robots\" content=\"index, follow, max-snippet:-1, max-image-preview:large, max-video-preview:-1\" \/>\n<link rel=\"canonical\" href=\"https:\/\/www.sestogrado.it\/it\/prodotto\/grivel-g12-new-matic-evo-ramponi-semiautomatici-da-ghiaccio\/\" \/>\n<meta property=\"og:locale\" content=\"it_IT\" \/>\n<meta property=\"og:type\" content=\"article\" \/>\n<meta property=\"og:title\" content=\"Grivel G12 New Matic EVO ramponi semiautomatici da ghiaccio - Sestogrado\" \/>\n<meta property=\"og:description\" content=\"I Grivel G12 New Matic EVO sono un rampone semiautomatico a 12 punte, compatibile con scarponi unicamente provvisti del tacco posteriore. E&#039; il rampone classico di Grivel per eccellenza, perfetto per ogni tipo di alpinismo, dal tradizionale alle salite di misto, per essere utilizzato anche su cascate. I G12 New Matic EVO hanno una gabbia anteriore ad alette e lacci di plastica orientabili che permette di calzare qualunque tipo di scarpa rigida che abbia o meno (o in cui si sia consumato) il bordo anteriore.Il nuovo sistema di allacciatura posteriore EVO \u00e8 pi\u00f9 moderno, leggero e minimale, rispetto alla versione precedente. La nuova e staffa posteriori sono pi\u00f9 semplici, un pezzo invece di cinque. La leva, con design &quot;Stealth&quot; \u00e8 pi\u00f9 leggera e consente pi\u00f9 posizioni per adattarsi a tutti gli scarponi. La fettuccia \u00e8 pi\u00f9 leggera e sottile (12mm invece di 14mm) e la fibbia \u00e8 pi\u00f9 minimale, facile da usare e con forte tenuta.Le quattro punte dei Grivel G12 impediscono di scivolare sulla neve fresca e garantiscono una maggior sicurezza durante la discesa.\" \/>\n<meta property=\"og:url\" content=\"https:\/\/www.sestogrado.it\/it\/prodotto\/grivel-g12-new-matic-evo-ramponi-semiautomatici-da-ghiaccio\/\" \/>\n<meta property=\"og:site_name\" content=\"Sestogrado\" \/>\n<meta property=\"article:publisher\" content=\"https:\/\/www.facebook.com\/pages\/Sestogrado\/1542635979353017?ref=bookmarks\" \/>\n<meta property=\"article:modified_time\" content=\"2026-05-02T17:07:15+00:00\" \/>\n<meta property=\"og:image\" content=\"https:\/\/www.sestogrado.it\/wp-content\/uploads\/2019\/04\/01-18.jpg\" \/>\n\t<meta property=\"og:image:width\" content=\"1600\" \/>\n\t<meta property=\"og:image:height\" content=\"1600\" \/>\n\t<meta property=\"og:image:type\" content=\"image\/jpeg\" \/>\n<meta name=\"twitter:label1\" content=\"Prezzo\" \/>\n\t<meta name=\"twitter:data1\" content=\"&euro;&nbsp;129,90\" \/>\n\t<meta name=\"twitter:label2\" content=\"Disponibilit\u00e0\" \/>\n\t<meta name=\"twitter:data2\" content=\"In stock\" \/>\n<script type=\"application\/ld+json\" class=\"yoast-schema-graph\">{\"@context\":\"https:\/\/schema.org\",\"@graph\":[{\"@type\":\"WebPage\",\"@id\":\"https:\/\/www.sestogrado.it\/it\/prodotto\/grivel-g12-new-matic-evo-ramponi-semiautomatici-da-ghiaccio\/\",\"url\":\"https:\/\/www.sestogrado.it\/it\/prodotto\/grivel-g12-new-matic-evo-ramponi-semiautomatici-da-ghiaccio\/\",\"name\":\"Grivel G12 New Matic EVO ramponi semiautomatici da ghiaccio - Sestogrado\",\"isPartOf\":{\"@id\":\"https:\/\/www.sestogrado.it\/it\/#website\"},\"primaryImageOfPage\":{\"@id\":\"https:\/\/www.sestogrado.it\/it\/prodotto\/grivel-g12-new-matic-evo-ramponi-semiautomatici-da-ghiaccio\/#primaryimage\"},\"image\":{\"@id\":\"https:\/\/www.sestogrado.it\/prodotto\/grivel-g12-new-matic-evo-ramponi-semiautomatici-da-ghiaccio\/#primaryimage\"},\"thumbnailUrl\":\"https:\/\/www.sestogrado.it\/wp-content\/uploads\/2019\/04\/01-18.jpg\",\"datePublished\":\"2024-11-19T11:30:54+00:00\",\"dateModified\":\"2026-05-02T17:07:15+00:00\",\"description\":\"I Grivel G12 New Matic EVO sono un rampone semiautomatico a 12 punte, compatibile con scarponi unicamente provvisti del tacco posteriore. E' il rampone classico di Grivel per eccellenza, perfetto per ogni tipo di alpinismo, dal tradizionale alle salite di misto, per essere utilizzato anche su cascate. I G12 New Matic EVO hanno una gabbia anteriore ad alette e lacci di plastica orientabili che permette di calzare qualunque tipo di scarpa rigida che abbia o meno (o in cui si sia consumato) il bordo anteriore.Il nuovo sistema di allacciatura posteriore EVO \u00e8 pi\u00f9 moderno, leggero e minimale, rispetto alla versione precedente. La nuova e staffa posteriori sono pi\u00f9 semplici, un pezzo invece di cinque. La leva, con design \\\"Stealth\\\" \u00e8 pi\u00f9 leggera e consente pi\u00f9 posizioni per adattarsi a tutti gli scarponi. La fettuccia \u00e8 pi\u00f9 leggera e sottile (12mm invece di 14mm) e la fibbia \u00e8 pi\u00f9 minimale, facile da usare e con forte tenuta.Le quattro punte dei Grivel G12 impediscono di scivolare sulla neve fresca e garantiscono una maggior sicurezza durante la discesa.\",\"breadcrumb\":{\"@id\":\"https:\/\/www.sestogrado.it\/it\/prodotto\/grivel-g12-new-matic-evo-ramponi-semiautomatici-da-ghiaccio\/#breadcrumb\"},\"inLanguage\":\"it-IT\",\"potentialAction\":[{\"@type\":\"ReadAction\",\"target\":[[\"https:\/\/www.sestogrado.it\/it\/prodotto\/grivel-g12-new-matic-evo-ramponi-semiautomatici-da-ghiaccio\/\"]]}]},{\"@type\":\"ImageObject\",\"inLanguage\":\"it-IT\",\"@id\":\"https:\/\/www.sestogrado.it\/it\/prodotto\/grivel-g12-new-matic-evo-ramponi-semiautomatici-da-ghiaccio\/#primaryimage\",\"url\":\"https:\/\/www.sestogrado.it\/wp-content\/uploads\/2019\/04\/01-18.jpg\",\"contentUrl\":\"https:\/\/www.sestogrado.it\/wp-content\/uploads\/2019\/04\/01-18.jpg\",\"width\":1600,\"height\":1600,\"caption\":\"grivel g12 new matic evo\"},{\"@type\":\"BreadcrumbList\",\"@id\":\"https:\/\/www.sestogrado.it\/it\/prodotto\/grivel-g12-new-matic-evo-ramponi-semiautomatici-da-ghiaccio\/#breadcrumb\",\"itemListElement\":[{\"@type\":\"ListItem\",\"position\":1,\"name\":\"Home\",\"item\":\"https:\/\/www.sestogrado.it\/it\/\"},{\"@type\":\"ListItem\",\"position\":2,\"name\":\"Shop\",\"item\":\"https:\/\/www.sestogrado.it\/it\/shop\/\"},{\"@type\":\"ListItem\",\"position\":3,\"name\":\"Grivel G12 New Matic EVO ramponi semiautomatici da ghiaccio\"}]},{\"@type\":\"WebSite\",\"@id\":\"https:\/\/www.sestogrado.it\/it\/#website\",\"url\":\"https:\/\/www.sestogrado.it\/it\/\",\"name\":\"Sestogrado\",\"description\":\"yes we climb\",\"publisher\":{\"@id\":\"https:\/\/www.sestogrado.it\/it\/#organization\"},\"potentialAction\":[{\"@type\":\"SearchAction\",\"target\":{\"@type\":\"EntryPoint\",\"urlTemplate\":\"https:\/\/www.sestogrado.it\/it\/?s={search_term_string}\"},\"query-input\":{\"@type\":\"PropertyValueSpecification\",\"valueRequired\":true,\"valueName\":\"search_term_string\"}}],\"inLanguage\":\"it-IT\"},{\"@type\":\"Organization\",\"@id\":\"https:\/\/www.sestogrado.it\/it\/#organization\",\"name\":\"Sestogrado\",\"url\":\"https:\/\/www.sestogrado.it\/it\/\",\"logo\":{\"@type\":\"ImageObject\",\"inLanguage\":\"it-IT\",\"@id\":\"https:\/\/www.sestogrado.it\/it\/#\/schema\/logo\/image\/\",\"url\":\"https:\/\/www.sestogrado.it\/wp-content\/uploads\/2015\/03\/sestogrado-favicon.png\",\"contentUrl\":\"https:\/\/www.sestogrado.it\/wp-content\/uploads\/2015\/03\/sestogrado-favicon.png\",\"width\":260,\"height\":260,\"caption\":\"Sestogrado\"},\"image\":{\"@id\":\"https:\/\/www.sestogrado.it\/it\/#\/schema\/logo\/image\/\"},\"sameAs\":[\"https:\/\/www.facebook.com\/pages\/Sestogrado\/1542635979353017?ref=bookmarks\",\"https:\/\/www.youtube.com\/channel\/UC847kAfTkaJsWpc1jtQwr3Q\"],\"hasMerchantReturnPolicy\":{\"@type\":\"MerchantReturnPolicy\",\"merchantReturnLink\":\"https:\/\/www.sestogrado.it\/it\/termini-e-condizioni\/\"}}]}<\/script>\n<meta property=\"product:brand\" content=\"Grivel\" \/>\n<meta property=\"product:price:amount\" content=\"129.90\" \/>\n<meta property=\"product:price:currency\" content=\"EUR\" \/>\n<meta property=\"og:availability\" content=\"instock\" \/>\n<meta property=\"product:availability\" content=\"instock\" \/>\n<meta property=\"product:condition\" content=\"new\" \/>\n<!-- \/ Yoast SEO plugin. -->","yoast_head_json":{"title":"Grivel G12 New Matic EVO ramponi semiautomatici da ghiaccio - Sestogrado","description":"I Grivel G12 New Matic EVO sono un rampone semiautomatico a 12 punte, compatibile con scarponi unicamente provvisti del tacco posteriore. E' il rampone classico di Grivel per eccellenza, perfetto per ogni tipo di alpinismo, dal tradizionale alle salite di misto, per essere utilizzato anche su cascate. I G12 New Matic EVO hanno una gabbia anteriore ad alette e lacci di plastica orientabili che permette di calzare qualunque tipo di scarpa rigida che abbia o meno (o in cui si sia consumato) il bordo anteriore.Il nuovo sistema di allacciatura posteriore EVO \u00e8 pi\u00f9 moderno, leggero e minimale, rispetto alla versione precedente. La nuova e staffa posteriori sono pi\u00f9 semplici, un pezzo invece di cinque. La leva, con design \"Stealth\" \u00e8 pi\u00f9 leggera e consente pi\u00f9 posizioni per adattarsi a tutti gli scarponi. La fettuccia \u00e8 pi\u00f9 leggera e sottile (12mm invece di 14mm) e la fibbia \u00e8 pi\u00f9 minimale, facile da usare e con forte tenuta.Le quattro punte dei Grivel G12 impediscono di scivolare sulla neve fresca e garantiscono una maggior sicurezza durante la discesa.","robots":{"index":"index","follow":"follow","max-snippet":"max-snippet:-1","max-image-preview":"max-image-preview:large","max-video-preview":"max-video-preview:-1"},"canonical":"https:\/\/www.sestogrado.it\/it\/prodotto\/grivel-g12-new-matic-evo-ramponi-semiautomatici-da-ghiaccio\/","og_locale":"it_IT","og_type":"article","og_title":"Grivel G12 New Matic EVO ramponi semiautomatici da ghiaccio - Sestogrado","og_description":"I Grivel G12 New Matic EVO sono un rampone semiautomatico a 12 punte, compatibile con scarponi unicamente provvisti del tacco posteriore. E' il rampone classico di Grivel per eccellenza, perfetto per ogni tipo di alpinismo, dal tradizionale alle salite di misto, per essere utilizzato anche su cascate. I G12 New Matic EVO hanno una gabbia anteriore ad alette e lacci di plastica orientabili che permette di calzare qualunque tipo di scarpa rigida che abbia o meno (o in cui si sia consumato) il bordo anteriore.Il nuovo sistema di allacciatura posteriore EVO \u00e8 pi\u00f9 moderno, leggero e minimale, rispetto alla versione precedente. La nuova e staffa posteriori sono pi\u00f9 semplici, un pezzo invece di cinque. La leva, con design \"Stealth\" \u00e8 pi\u00f9 leggera e consente pi\u00f9 posizioni per adattarsi a tutti gli scarponi. La fettuccia \u00e8 pi\u00f9 leggera e sottile (12mm invece di 14mm) e la fibbia \u00e8 pi\u00f9 minimale, facile da usare e con forte tenuta.Le quattro punte dei Grivel G12 impediscono di scivolare sulla neve fresca e garantiscono una maggior sicurezza durante la discesa.","og_url":"https:\/\/www.sestogrado.it\/it\/prodotto\/grivel-g12-new-matic-evo-ramponi-semiautomatici-da-ghiaccio\/","og_site_name":"Sestogrado","article_publisher":"https:\/\/www.facebook.com\/pages\/Sestogrado\/1542635979353017?ref=bookmarks","article_modified_time":"2026-05-02T17:07:15+00:00","og_image":[{"width":1600,"height":1600,"url":"https:\/\/www.sestogrado.it\/wp-content\/uploads\/2019\/04\/01-18.jpg","type":"image\/jpeg"}],"twitter_misc":{"Prezzo":"&euro;&nbsp;129,90","Disponibilit\u00e0":"In stock"},"schema":{"@context":"https:\/\/schema.org","@graph":[{"@type":"WebPage","@id":"https:\/\/www.sestogrado.it\/it\/prodotto\/grivel-g12-new-matic-evo-ramponi-semiautomatici-da-ghiaccio\/","url":"https:\/\/www.sestogrado.it\/it\/prodotto\/grivel-g12-new-matic-evo-ramponi-semiautomatici-da-ghiaccio\/","name":"Grivel G12 New Matic EVO ramponi semiautomatici da ghiaccio - Sestogrado","isPartOf":{"@id":"https:\/\/www.sestogrado.it\/it\/#website"},"primaryImageOfPage":{"@id":"https:\/\/www.sestogrado.it\/it\/prodotto\/grivel-g12-new-matic-evo-ramponi-semiautomatici-da-ghiaccio\/#primaryimage"},"image":{"@id":"https:\/\/www.sestogrado.it\/prodotto\/grivel-g12-new-matic-evo-ramponi-semiautomatici-da-ghiaccio\/#primaryimage"},"thumbnailUrl":"https:\/\/www.sestogrado.it\/wp-content\/uploads\/2019\/04\/01-18.jpg","datePublished":"2024-11-19T11:30:54+00:00","dateModified":"2026-05-02T17:07:15+00:00","description":"I Grivel G12 New Matic EVO sono un rampone semiautomatico a 12 punte, compatibile con scarponi unicamente provvisti del tacco posteriore. E' il rampone classico di Grivel per eccellenza, perfetto per ogni tipo di alpinismo, dal tradizionale alle salite di misto, per essere utilizzato anche su cascate. I G12 New Matic EVO hanno una gabbia anteriore ad alette e lacci di plastica orientabili che permette di calzare qualunque tipo di scarpa rigida che abbia o meno (o in cui si sia consumato) il bordo anteriore.Il nuovo sistema di allacciatura posteriore EVO \u00e8 pi\u00f9 moderno, leggero e minimale, rispetto alla versione precedente. La nuova e staffa posteriori sono pi\u00f9 semplici, un pezzo invece di cinque. La leva, con design \"Stealth\" \u00e8 pi\u00f9 leggera e consente pi\u00f9 posizioni per adattarsi a tutti gli scarponi. La fettuccia \u00e8 pi\u00f9 leggera e sottile (12mm invece di 14mm) e la fibbia \u00e8 pi\u00f9 minimale, facile da usare e con forte tenuta.Le quattro punte dei Grivel G12 impediscono di scivolare sulla neve fresca e garantiscono una maggior sicurezza durante la discesa.","breadcrumb":{"@id":"https:\/\/www.sestogrado.it\/it\/prodotto\/grivel-g12-new-matic-evo-ramponi-semiautomatici-da-ghiaccio\/#breadcrumb"},"inLanguage":"it-IT","potentialAction":[{"@type":"ReadAction","target":[["https:\/\/www.sestogrado.it\/it\/prodotto\/grivel-g12-new-matic-evo-ramponi-semiautomatici-da-ghiaccio\/"]]}]},{"@type":"ImageObject","inLanguage":"it-IT","@id":"https:\/\/www.sestogrado.it\/it\/prodotto\/grivel-g12-new-matic-evo-ramponi-semiautomatici-da-ghiaccio\/#primaryimage","url":"https:\/\/www.sestogrado.it\/wp-content\/uploads\/2019\/04\/01-18.jpg","contentUrl":"https:\/\/www.sestogrado.it\/wp-content\/uploads\/2019\/04\/01-18.jpg","width":1600,"height":1600,"caption":"grivel g12 new matic evo"},{"@type":"BreadcrumbList","@id":"https:\/\/www.sestogrado.it\/it\/prodotto\/grivel-g12-new-matic-evo-ramponi-semiautomatici-da-ghiaccio\/#breadcrumb","itemListElement":[{"@type":"ListItem","position":1,"name":"Home","item":"https:\/\/www.sestogrado.it\/it\/"},{"@type":"ListItem","position":2,"name":"Shop","item":"https:\/\/www.sestogrado.it\/it\/shop\/"},{"@type":"ListItem","position":3,"name":"Grivel G12 New Matic EVO ramponi semiautomatici da ghiaccio"}]},{"@type":"WebSite","@id":"https:\/\/www.sestogrado.it\/it\/#website","url":"https:\/\/www.sestogrado.it\/it\/","name":"Sestogrado","description":"yes we climb","publisher":{"@id":"https:\/\/www.sestogrado.it\/it\/#organization"},"potentialAction":[{"@type":"SearchAction","target":{"@type":"EntryPoint","urlTemplate":"https:\/\/www.sestogrado.it\/it\/?s={search_term_string}"},"query-input":{"@type":"PropertyValueSpecification","valueRequired":true,"valueName":"search_term_string"}}],"inLanguage":"it-IT"},{"@type":"Organization","@id":"https:\/\/www.sestogrado.it\/it\/#organization","name":"Sestogrado","url":"https:\/\/www.sestogrado.it\/it\/","logo":{"@type":"ImageObject","inLanguage":"it-IT","@id":"https:\/\/www.sestogrado.it\/it\/#\/schema\/logo\/image\/","url":"https:\/\/www.sestogrado.it\/wp-content\/uploads\/2015\/03\/sestogrado-favicon.png","contentUrl":"https:\/\/www.sestogrado.it\/wp-content\/uploads\/2015\/03\/sestogrado-favicon.png","width":260,"height":260,"caption":"Sestogrado"},"image":{"@id":"https:\/\/www.sestogrado.it\/it\/#\/schema\/logo\/image\/"},"sameAs":["https:\/\/www.facebook.com\/pages\/Sestogrado\/1542635979353017?ref=bookmarks","https:\/\/www.youtube.com\/channel\/UC847kAfTkaJsWpc1jtQwr3Q"],"hasMerchantReturnPolicy":{"@type":"MerchantReturnPolicy","merchantReturnLink":"https:\/\/www.sestogrado.it\/it\/termini-e-condizioni\/"}}]},"product_brand":"Grivel","product_price_amount":"129.90","product_price_currency":"EUR","og_availability":"instock","product_availability":"instock","product_condition":"new"},"_links":{"self":[{"href":"https:\/\/www.sestogrado.it\/it\/wp-json\/wp\/v2\/product\/20472","targetHints":{"allow":["GET"]}}],"collection":[{"href":"https:\/\/www.sestogrado.it\/it\/wp-json\/wp\/v2\/product"}],"about":[{"href":"https:\/\/www.sestogrado.it\/it\/wp-json\/wp\/v2\/types\/product"}],"replies":[{"embeddable":true,"href":"https:\/\/www.sestogrado.it\/it\/wp-json\/wp\/v2\/comments?post=20472"}],"wp:featuredmedia":[{"embeddable":true,"href":"https:\/\/www.sestogrado.it\/it\/wp-json\/wp\/v2\/media\/85545"}],"wp:attachment":[{"href":"https:\/\/www.sestogrado.it\/it\/wp-json\/wp\/v2\/media?parent=20472"}],"wp:term":[{"taxonomy":"product_brand","embeddable":true,"href":"https:\/\/www.sestogrado.it\/it\/wp-json\/wp\/v2\/product_brand?post=20472"},{"taxonomy":"product_cat","embeddable":true,"href":"https:\/\/www.sestogrado.it\/it\/wp-json\/wp\/v2\/product_cat?post=20472"},{"taxonomy":"product_tag","embeddable":true,"href":"https:\/\/www.sestogrado.it\/it\/wp-json\/wp\/v2\/product_tag?post=20472"}],"curies":[{"name":"wp","href":"https:\/\/api.w.org\/{rel}","templated":true}]}}