{"id":20458,"date":"2019-04-10T13:33:35","date_gmt":"2019-04-10T11:33:35","guid":{"rendered":"https:\/\/www.sestogrado.it\/?post_type=product&#038;p=20458"},"modified":"2026-04-30T10:41:19","modified_gmt":"2026-04-30T08:41:19","slug":"lifesystems-mountain-kit-pronto-soccorso","status":"publish","type":"product","link":"https:\/\/www.sestogrado.it\/it\/prodotto\/lifesystems-mountain-kit-pronto-soccorso\/","title":{"rendered":"Lifesystems Mountain kit di pronto soccorso"},"content":{"rendered":"<p>Il Lifesystems Mountain \u00e8 un kit di pronto soccorso appositamente preparato per l&#8217;utilizzo in montagna. E&#8217; stato progettato con l&#8217;aiuto del Dr.\u00a0Hugh Montgomery, specialista in spedizioni alpinistiche, e membri del team medico del British Special Forces. E&#8217; un kit di primo soccorso ideale per attivit\u00e0 alpinistica, quando il pronto soccorso professionale si trova ad una certa distanza e non pu\u00f2 intervenire con tempestivit\u00e0.<\/p>\n<p>&nbsp;<\/p>\n<p>Contenuto:<\/p>\n<p><strong>Generali:<\/strong><\/p>\n<ul>\n<li>1 x opuscolo di assistenza primaria<\/li>\n<li>1 x pinzetta<\/li>\n<li>6 x spille<\/li>\n<li>1 x forbici con lama da 5,5cm<\/li>\n<li>1 x cesoie con lama da 6cm<\/li>\n<li>1 x barra fluorescente<\/li>\n<li>1 x termometro<\/li>\n<li>2 paia di guanti in vinile<\/li>\n<li>1 x maschera facciale per respirazione bocca a bocca<\/li>\n<\/ul>\n<p><strong>Bendaggi:<\/strong><\/p>\n<ul>\n<li>2 x fasciatura bianca aperta in tessuto\u00a07.5cm x 5m<\/li>\n<li>1 x bendaggio 5cm x 4,5cm<\/li>\n<li>1 x bendaggio 7,5cm x 4,5m<\/li>\n<li>2 x bendaggio triangolare 90x127cm<\/li>\n<\/ul>\n<p><strong>Preparati, monouso e cerotti:<\/strong><\/p>\n<ul>\n<li>8 x salviette detergenti igieniche<\/li>\n<li>1 x nastro 1,25cm x 5m<\/li>\n<li>1 x nastro zinco ossido 1,25 x 2m<\/li>\n<li>1 x nastro adesivo rotolo 2m<\/li>\n<li>10 x tamponi di garza 5 x 5cm<\/li>\n<li>5 x tamponi di garza 5 x 5cm<\/li>\n<li>2 x sacchetti di gel antiscottature 3,5g<\/li>\n<\/ul>\n<p><strong>Medicazioni:<\/strong><\/p>\n<ul>\n<li>1 x pack di cerotti assortiti<\/li>\n<li>1 x medicazione per ferita di medie dimensioni 12 x 12cm<\/li>\n<li>2 x medicazione a bassa aderenza 5 x 5cm<\/li>\n<li>1 x medicazione a bassa aderenza 10 x 10cm<\/li>\n<li>1 x piccola striscia di plastica 4cm x 1m<\/li>\n<li>3 x fascette per chiusura ferita<\/li>\n<li>1 x piccola fascia con garza per occhio<\/li>\n<li>2 x medicazioni a blister<\/li>\n<\/ul>\n<p><strong>Specifiche<\/strong>:<\/p>\n<ul>\n<li>peso: 700g<\/li>\n<li>dimensioni: 200 x 140 x 90mm<\/li>\n<\/ul>\n<p>&nbsp;<\/p>\n<div class=\"embed-responsive embed-responsive-16by9\"><iframe title=\"Which Lifesystems First Aid Kit is right for me?\" width=\"500\" height=\"281\" src=\"https:\/\/www.youtube.com\/embed\/5zfnwN-bZuU?feature=oembed\" frameborder=\"0\" allow=\"accelerometer; autoplay; clipboard-write; encrypted-media; gyroscope; picture-in-picture; web-share\" referrerpolicy=\"strict-origin-when-cross-origin\" allowfullscreen><\/iframe><\/div>\n<p>&nbsp;<\/p>\n<p>Lifesystems \u00e8 un&#8217;azienda inglese che sviluppa e produce kit di pronto soccorso per outdoor, trekking e viaggio, con materiali e tecniche di alta qualit\u00e0. E&#8217; formata da un team di pi\u00f9 di 50 persone esperte di viaggi e trekking e fornisce materiale da spedizione in pi\u00f9 di 40 paesi al mondo.<\/p>","protected":false},"excerpt":{"rendered":"<p>Il Lifesystems Mountain \u00e8 un kit di pronto soccorso appositamente preparato per l&#8217;utilizzo in montagna. E&#8217; stato progettato con l&#8217;aiuto [&hellip;]<\/p>\n","protected":false},"featured_media":20459,"comment_status":"open","ping_status":"closed","template":"","meta":{"_acf_changed":false},"product_brand":[584],"product_cat":[1320],"product_tag":[],"class_list":{"0":"post-20458","1":"product","2":"type-product","3":"status-publish","4":"has-post-thumbnail","6":"product_brand-lifesystems","7":"product_cat-kit-soccorso","9":"first","10":"instock","11":"sale","12":"taxable","13":"shipping-taxable","14":"purchasable","15":"product-type-simple"},"acf":[],"yoast_head":"<!-- This site is optimized with the Yoast SEO plugin v26.4 - https:\/\/yoast.com\/wordpress\/plugins\/seo\/ -->\n<title>Lifesystems Mountain kit di pronto soccorso - Sestogrado<\/title>\n<meta name=\"description\" content=\"Il Lifesystems Mountain \u00e8 un kit di pronto soccorso appositamente preparato per l&#039;utilizzo in montagna. E&#039; stato progettato con l&#039;aiuto del Dr.\u00a0Hugh Montgomery, specialista in spedizioni alpinistiche, e membri del team medico del British Special Forces. E&#039; un kit di primo soccorso ideale per attivit\u00e0 alpinistica.\" \/>\n<meta name=\"robots\" content=\"index, follow, max-snippet:-1, max-image-preview:large, max-video-preview:-1\" \/>\n<link rel=\"canonical\" href=\"https:\/\/www.sestogrado.it\/it\/prodotto\/lifesystems-mountain-kit-pronto-soccorso\/\" \/>\n<meta property=\"og:locale\" content=\"it_IT\" \/>\n<meta property=\"og:type\" content=\"article\" \/>\n<meta property=\"og:title\" content=\"Lifesystems Mountain kit di pronto soccorso - Sestogrado\" \/>\n<meta property=\"og:description\" content=\"Il Lifesystems Mountain \u00e8 un kit di pronto soccorso appositamente preparato per l&#039;utilizzo in montagna. E&#039; stato progettato con l&#039;aiuto del Dr.\u00a0Hugh Montgomery, specialista in spedizioni alpinistiche, e membri del team medico del British Special Forces. E&#039; un kit di primo soccorso ideale per attivit\u00e0 alpinistica.\" \/>\n<meta property=\"og:url\" content=\"https:\/\/www.sestogrado.it\/it\/prodotto\/lifesystems-mountain-kit-pronto-soccorso\/\" \/>\n<meta property=\"og:site_name\" content=\"Sestogrado\" \/>\n<meta property=\"article:publisher\" content=\"https:\/\/www.facebook.com\/pages\/Sestogrado\/1542635979353017?ref=bookmarks\" \/>\n<meta property=\"article:modified_time\" content=\"2026-04-30T08:41:19+00:00\" \/>\n<meta property=\"og:image\" content=\"https:\/\/www.sestogrado.it\/wp-content\/uploads\/2019\/04\/01-3.jpg\" \/>\n\t<meta property=\"og:image:width\" content=\"700\" \/>\n\t<meta property=\"og:image:height\" content=\"700\" \/>\n\t<meta property=\"og:image:type\" content=\"image\/jpeg\" \/>\n<meta name=\"twitter:label1\" content=\"Prezzo\" \/>\n\t<meta name=\"twitter:data1\" content=\"&euro;&nbsp;69,00\" \/>\n\t<meta name=\"twitter:label2\" content=\"Disponibilit\u00e0\" \/>\n\t<meta name=\"twitter:data2\" content=\"In stock\" \/>\n<script type=\"application\/ld+json\" class=\"yoast-schema-graph\">{\"@context\":\"https:\/\/schema.org\",\"@graph\":[{\"@type\":\"WebPage\",\"@id\":\"https:\/\/www.sestogrado.it\/it\/prodotto\/lifesystems-mountain-kit-pronto-soccorso\/\",\"url\":\"https:\/\/www.sestogrado.it\/it\/prodotto\/lifesystems-mountain-kit-pronto-soccorso\/\",\"name\":\"Lifesystems Mountain kit di pronto soccorso - Sestogrado\",\"isPartOf\":{\"@id\":\"https:\/\/www.sestogrado.it\/it\/#website\"},\"primaryImageOfPage\":{\"@id\":\"https:\/\/www.sestogrado.it\/it\/prodotto\/lifesystems-mountain-kit-pronto-soccorso\/#primaryimage\"},\"image\":{\"@id\":\"https:\/\/www.sestogrado.it\/prodotto\/lifesystems-mountain-kit-pronto-soccorso\/#primaryimage\"},\"thumbnailUrl\":\"https:\/\/www.sestogrado.it\/wp-content\/uploads\/2019\/04\/01-3.jpg\",\"datePublished\":\"2019-04-10T11:33:35+00:00\",\"dateModified\":\"2026-04-30T08:41:19+00:00\",\"description\":\"Il Lifesystems Mountain \u00e8 un kit di pronto soccorso appositamente preparato per l'utilizzo in montagna. E' stato progettato con l'aiuto del Dr.\u00a0Hugh Montgomery, specialista in spedizioni alpinistiche, e membri del team medico del British Special Forces. E' un kit di primo soccorso ideale per attivit\u00e0 alpinistica.\",\"breadcrumb\":{\"@id\":\"https:\/\/www.sestogrado.it\/it\/prodotto\/lifesystems-mountain-kit-pronto-soccorso\/#breadcrumb\"},\"inLanguage\":\"it-IT\",\"potentialAction\":[{\"@type\":\"ReadAction\",\"target\":[[\"https:\/\/www.sestogrado.it\/it\/prodotto\/lifesystems-mountain-kit-pronto-soccorso\/\"]]}]},{\"@type\":\"ImageObject\",\"inLanguage\":\"it-IT\",\"@id\":\"https:\/\/www.sestogrado.it\/it\/prodotto\/lifesystems-mountain-kit-pronto-soccorso\/#primaryimage\",\"url\":\"https:\/\/www.sestogrado.it\/wp-content\/uploads\/2019\/04\/01-3.jpg\",\"contentUrl\":\"https:\/\/www.sestogrado.it\/wp-content\/uploads\/2019\/04\/01-3.jpg\",\"width\":700,\"height\":700,\"caption\":\"lifesystems mountain kit di pronto soccorso\"},{\"@type\":\"BreadcrumbList\",\"@id\":\"https:\/\/www.sestogrado.it\/it\/prodotto\/lifesystems-mountain-kit-pronto-soccorso\/#breadcrumb\",\"itemListElement\":[{\"@type\":\"ListItem\",\"position\":1,\"name\":\"Home\",\"item\":\"https:\/\/www.sestogrado.it\/it\/\"},{\"@type\":\"ListItem\",\"position\":2,\"name\":\"Shop\",\"item\":\"https:\/\/www.sestogrado.it\/it\/shop\/\"},{\"@type\":\"ListItem\",\"position\":3,\"name\":\"Lifesystems Mountain kit di pronto soccorso\"}]},{\"@type\":\"WebSite\",\"@id\":\"https:\/\/www.sestogrado.it\/it\/#website\",\"url\":\"https:\/\/www.sestogrado.it\/it\/\",\"name\":\"Sestogrado\",\"description\":\"yes we climb\",\"publisher\":{\"@id\":\"https:\/\/www.sestogrado.it\/it\/#organization\"},\"potentialAction\":[{\"@type\":\"SearchAction\",\"target\":{\"@type\":\"EntryPoint\",\"urlTemplate\":\"https:\/\/www.sestogrado.it\/it\/?s={search_term_string}\"},\"query-input\":{\"@type\":\"PropertyValueSpecification\",\"valueRequired\":true,\"valueName\":\"search_term_string\"}}],\"inLanguage\":\"it-IT\"},{\"@type\":\"Organization\",\"@id\":\"https:\/\/www.sestogrado.it\/it\/#organization\",\"name\":\"Sestogrado\",\"url\":\"https:\/\/www.sestogrado.it\/it\/\",\"logo\":{\"@type\":\"ImageObject\",\"inLanguage\":\"it-IT\",\"@id\":\"https:\/\/www.sestogrado.it\/it\/#\/schema\/logo\/image\/\",\"url\":\"https:\/\/www.sestogrado.it\/wp-content\/uploads\/2015\/03\/sestogrado-favicon.png\",\"contentUrl\":\"https:\/\/www.sestogrado.it\/wp-content\/uploads\/2015\/03\/sestogrado-favicon.png\",\"width\":260,\"height\":260,\"caption\":\"Sestogrado\"},\"image\":{\"@id\":\"https:\/\/www.sestogrado.it\/it\/#\/schema\/logo\/image\/\"},\"sameAs\":[\"https:\/\/www.facebook.com\/pages\/Sestogrado\/1542635979353017?ref=bookmarks\",\"https:\/\/www.youtube.com\/channel\/UC847kAfTkaJsWpc1jtQwr3Q\"],\"hasMerchantReturnPolicy\":{\"@type\":\"MerchantReturnPolicy\",\"merchantReturnLink\":\"https:\/\/www.sestogrado.it\/it\/termini-e-condizioni\/\"}}]}<\/script>\n<meta property=\"product:brand\" content=\"Lifesystems\" \/>\n<meta property=\"product:price:amount\" content=\"69.00\" \/>\n<meta property=\"product:price:currency\" content=\"EUR\" \/>\n<meta property=\"og:availability\" content=\"instock\" \/>\n<meta property=\"product:availability\" content=\"instock\" \/>\n<meta property=\"product:condition\" content=\"new\" \/>\n<!-- \/ Yoast SEO plugin. -->","yoast_head_json":{"title":"Lifesystems Mountain kit di pronto soccorso - Sestogrado","description":"Il Lifesystems Mountain \u00e8 un kit di pronto soccorso appositamente preparato per l'utilizzo in montagna. E' stato progettato con l'aiuto del Dr.\u00a0Hugh Montgomery, specialista in spedizioni alpinistiche, e membri del team medico del British Special Forces. E' un kit di primo soccorso ideale per attivit\u00e0 alpinistica.","robots":{"index":"index","follow":"follow","max-snippet":"max-snippet:-1","max-image-preview":"max-image-preview:large","max-video-preview":"max-video-preview:-1"},"canonical":"https:\/\/www.sestogrado.it\/it\/prodotto\/lifesystems-mountain-kit-pronto-soccorso\/","og_locale":"it_IT","og_type":"article","og_title":"Lifesystems Mountain kit di pronto soccorso - Sestogrado","og_description":"Il Lifesystems Mountain \u00e8 un kit di pronto soccorso appositamente preparato per l'utilizzo in montagna. E' stato progettato con l'aiuto del Dr.\u00a0Hugh Montgomery, specialista in spedizioni alpinistiche, e membri del team medico del British Special Forces. E' un kit di primo soccorso ideale per attivit\u00e0 alpinistica.","og_url":"https:\/\/www.sestogrado.it\/it\/prodotto\/lifesystems-mountain-kit-pronto-soccorso\/","og_site_name":"Sestogrado","article_publisher":"https:\/\/www.facebook.com\/pages\/Sestogrado\/1542635979353017?ref=bookmarks","article_modified_time":"2026-04-30T08:41:19+00:00","og_image":[{"width":700,"height":700,"url":"https:\/\/www.sestogrado.it\/wp-content\/uploads\/2019\/04\/01-3.jpg","type":"image\/jpeg"}],"twitter_misc":{"Prezzo":"&euro;&nbsp;69,00","Disponibilit\u00e0":"In stock"},"schema":{"@context":"https:\/\/schema.org","@graph":[{"@type":"WebPage","@id":"https:\/\/www.sestogrado.it\/it\/prodotto\/lifesystems-mountain-kit-pronto-soccorso\/","url":"https:\/\/www.sestogrado.it\/it\/prodotto\/lifesystems-mountain-kit-pronto-soccorso\/","name":"Lifesystems Mountain kit di pronto soccorso - Sestogrado","isPartOf":{"@id":"https:\/\/www.sestogrado.it\/it\/#website"},"primaryImageOfPage":{"@id":"https:\/\/www.sestogrado.it\/it\/prodotto\/lifesystems-mountain-kit-pronto-soccorso\/#primaryimage"},"image":{"@id":"https:\/\/www.sestogrado.it\/prodotto\/lifesystems-mountain-kit-pronto-soccorso\/#primaryimage"},"thumbnailUrl":"https:\/\/www.sestogrado.it\/wp-content\/uploads\/2019\/04\/01-3.jpg","datePublished":"2019-04-10T11:33:35+00:00","dateModified":"2026-04-30T08:41:19+00:00","description":"Il Lifesystems Mountain \u00e8 un kit di pronto soccorso appositamente preparato per l'utilizzo in montagna. E' stato progettato con l'aiuto del Dr.\u00a0Hugh Montgomery, specialista in spedizioni alpinistiche, e membri del team medico del British Special Forces. E' un kit di primo soccorso ideale per attivit\u00e0 alpinistica.","breadcrumb":{"@id":"https:\/\/www.sestogrado.it\/it\/prodotto\/lifesystems-mountain-kit-pronto-soccorso\/#breadcrumb"},"inLanguage":"it-IT","potentialAction":[{"@type":"ReadAction","target":[["https:\/\/www.sestogrado.it\/it\/prodotto\/lifesystems-mountain-kit-pronto-soccorso\/"]]}]},{"@type":"ImageObject","inLanguage":"it-IT","@id":"https:\/\/www.sestogrado.it\/it\/prodotto\/lifesystems-mountain-kit-pronto-soccorso\/#primaryimage","url":"https:\/\/www.sestogrado.it\/wp-content\/uploads\/2019\/04\/01-3.jpg","contentUrl":"https:\/\/www.sestogrado.it\/wp-content\/uploads\/2019\/04\/01-3.jpg","width":700,"height":700,"caption":"lifesystems mountain kit di pronto soccorso"},{"@type":"BreadcrumbList","@id":"https:\/\/www.sestogrado.it\/it\/prodotto\/lifesystems-mountain-kit-pronto-soccorso\/#breadcrumb","itemListElement":[{"@type":"ListItem","position":1,"name":"Home","item":"https:\/\/www.sestogrado.it\/it\/"},{"@type":"ListItem","position":2,"name":"Shop","item":"https:\/\/www.sestogrado.it\/it\/shop\/"},{"@type":"ListItem","position":3,"name":"Lifesystems Mountain kit di pronto soccorso"}]},{"@type":"WebSite","@id":"https:\/\/www.sestogrado.it\/it\/#website","url":"https:\/\/www.sestogrado.it\/it\/","name":"Sestogrado","description":"yes we climb","publisher":{"@id":"https:\/\/www.sestogrado.it\/it\/#organization"},"potentialAction":[{"@type":"SearchAction","target":{"@type":"EntryPoint","urlTemplate":"https:\/\/www.sestogrado.it\/it\/?s={search_term_string}"},"query-input":{"@type":"PropertyValueSpecification","valueRequired":true,"valueName":"search_term_string"}}],"inLanguage":"it-IT"},{"@type":"Organization","@id":"https:\/\/www.sestogrado.it\/it\/#organization","name":"Sestogrado","url":"https:\/\/www.sestogrado.it\/it\/","logo":{"@type":"ImageObject","inLanguage":"it-IT","@id":"https:\/\/www.sestogrado.it\/it\/#\/schema\/logo\/image\/","url":"https:\/\/www.sestogrado.it\/wp-content\/uploads\/2015\/03\/sestogrado-favicon.png","contentUrl":"https:\/\/www.sestogrado.it\/wp-content\/uploads\/2015\/03\/sestogrado-favicon.png","width":260,"height":260,"caption":"Sestogrado"},"image":{"@id":"https:\/\/www.sestogrado.it\/it\/#\/schema\/logo\/image\/"},"sameAs":["https:\/\/www.facebook.com\/pages\/Sestogrado\/1542635979353017?ref=bookmarks","https:\/\/www.youtube.com\/channel\/UC847kAfTkaJsWpc1jtQwr3Q"],"hasMerchantReturnPolicy":{"@type":"MerchantReturnPolicy","merchantReturnLink":"https:\/\/www.sestogrado.it\/it\/termini-e-condizioni\/"}}]},"product_brand":"Lifesystems","product_price_amount":"69.00","product_price_currency":"EUR","og_availability":"instock","product_availability":"instock","product_condition":"new"},"_links":{"self":[{"href":"https:\/\/www.sestogrado.it\/it\/wp-json\/wp\/v2\/product\/20458","targetHints":{"allow":["GET"]}}],"collection":[{"href":"https:\/\/www.sestogrado.it\/it\/wp-json\/wp\/v2\/product"}],"about":[{"href":"https:\/\/www.sestogrado.it\/it\/wp-json\/wp\/v2\/types\/product"}],"replies":[{"embeddable":true,"href":"https:\/\/www.sestogrado.it\/it\/wp-json\/wp\/v2\/comments?post=20458"}],"wp:featuredmedia":[{"embeddable":true,"href":"https:\/\/www.sestogrado.it\/it\/wp-json\/wp\/v2\/media\/20459"}],"wp:attachment":[{"href":"https:\/\/www.sestogrado.it\/it\/wp-json\/wp\/v2\/media?parent=20458"}],"wp:term":[{"taxonomy":"product_brand","embeddable":true,"href":"https:\/\/www.sestogrado.it\/it\/wp-json\/wp\/v2\/product_brand?post=20458"},{"taxonomy":"product_cat","embeddable":true,"href":"https:\/\/www.sestogrado.it\/it\/wp-json\/wp\/v2\/product_cat?post=20458"},{"taxonomy":"product_tag","embeddable":true,"href":"https:\/\/www.sestogrado.it\/it\/wp-json\/wp\/v2\/product_tag?post=20458"}],"curies":[{"name":"wp","href":"https:\/\/api.w.org\/{rel}","templated":true}]}}