{"id":20297,"date":"2019-03-28T15:21:04","date_gmt":"2019-03-28T14:21:04","guid":{"rendered":"https:\/\/www.sestogrado.it\/?post_type=product&#038;p=20297"},"modified":"2026-01-20T13:19:34","modified_gmt":"2026-01-20T12:19:34","slug":"lifesystems-pocket-first-aid-kit-di-primo-soccorso-portatile","status":"publish","type":"product","link":"https:\/\/www.sestogrado.it\/it\/prodotto\/lifesystems-pocket-first-aid-kit-di-primo-soccorso-portatile\/","title":{"rendered":"Lifesystems Pocket First Aid kit di primo soccorso portatile"},"content":{"rendered":"<p>Il Lifesystem Pocket First Aid \u00e8 un kit di primo soccorso portatile, molto compatto, contenente gli articoli di base per una medicazione durante il trekking.<\/p>\n<p>Equipaggiato per curare ferite minori, il Pocket Kit ha un passante sul retro che consente di agganciarlo facilmente alla cintura od allo zaino.<\/p>\n<p>Contenuto:<\/p>\n<p><strong>Generali:<\/strong><\/p>\n<ul>\n<li>1 x opuscolo di assistenza primaria<\/li>\n<li>1 x pinzetta<\/li>\n<li>6 x spille<\/li>\n<li>1 x forbici con lama da 5,5cm<\/li>\n<\/ul>\n<p><strong>Bendaggi:<\/strong><\/p>\n<ul>\n<li>1 x fasciatura bianca aperta in tessuto\u00a07.5cm x 5m<\/li>\n<li>1 x bendaggio 5cm x 4,5cm<\/li>\n<\/ul>\n<p><strong>Preparati, monouso e cerotti:<\/strong><\/p>\n<ul>\n<li>5 x tamponi di garza 5 x 5cm<\/li>\n<li>1 x nastro 1,25cm x 5m<\/li>\n<li>3 x salviette detergenti igieniche<\/li>\n<\/ul>\n<p>&nbsp;<\/p>\n<p><strong>Medicazioni:<\/strong><\/p>\n<ul>\n<li>1 x medicazione a bassa aderenza 5 x 5cm<\/li>\n<li>1 x pack di cerotti assortiti<\/li>\n<li>1 x medicazioni a blister<\/li>\n<\/ul>\n<p><strong>Specifiche<\/strong>:<\/p>\n<ul>\n<li>peso: 180g<\/li>\n<li>dimensioni:\u00a0125 x 80 x 45mm<\/li>\n<\/ul>\n<p>&nbsp;<\/p>\n<p>Il Lifesystems Pocket first aid \u00e8 un kit di primo soccorso ideale facili trekking, passeggiate con la famiglia ed attivit\u00e0 outdoor.<\/p>\n<div class=\"embed-responsive embed-responsive-16by9\"><iframe title=\"Which Lifesystems First Aid Kit is right for me?\" width=\"500\" height=\"281\" src=\"https:\/\/www.youtube.com\/embed\/5zfnwN-bZuU?feature=oembed\" frameborder=\"0\" allow=\"accelerometer; autoplay; clipboard-write; encrypted-media; gyroscope; picture-in-picture; web-share\" referrerpolicy=\"strict-origin-when-cross-origin\" allowfullscreen><\/iframe><\/div>\n<p>&nbsp;<\/p>\n<p>Lifesystems \u00e8 un&#8217;azienda inglese che sviluppa e produce kit di pronto soccorso per outdoor, trekking e viaggio, con materiali e tecniche di alta qualit\u00e0. E&#8217; formata da un team di pi\u00f9 di 50 persone esperte di viaggi e trekking e fornisce materiale da spedizione in pi\u00f9 di 40 paesi al mondo.<\/p>","protected":false},"excerpt":{"rendered":"<p>Il Lifesystem Pocket First Aid \u00e8 un kit di primo soccorso portatile, molto compatto, contenente gli articoli di base per [&hellip;]<\/p>\n","protected":false},"featured_media":20298,"comment_status":"open","ping_status":"closed","template":"","meta":{"_acf_changed":false},"product_brand":[584],"product_cat":[1320],"product_tag":[],"class_list":{"0":"post-20297","1":"product","2":"type-product","3":"status-publish","4":"has-post-thumbnail","6":"product_brand-lifesystems","7":"product_cat-kit-soccorso","9":"first","10":"instock","11":"sale","12":"taxable","13":"shipping-taxable","14":"purchasable","15":"product-type-simple"},"acf":[],"yoast_head":"<!-- This site is optimized with the Yoast SEO plugin v26.4 - https:\/\/yoast.com\/wordpress\/plugins\/seo\/ -->\n<title>Lifesystems Pocket First Aid kit di primo soccorso portatile - Sestogrado<\/title>\n<meta name=\"description\" content=\"Il Lifesystem Pocket First Aid \u00e8 un kit di primo soccorso portatile, molto compatto, contenente gli articoli di base per una medicazione durante il trekking. Equipaggiato per curare ferite minori, il Pocket Kit ha un passante sul retro che consente di agganciarlo facilmente alla cintura od allo zaino.\" \/>\n<meta name=\"robots\" content=\"index, follow, max-snippet:-1, max-image-preview:large, max-video-preview:-1\" \/>\n<link rel=\"canonical\" href=\"https:\/\/www.sestogrado.it\/it\/prodotto\/lifesystems-pocket-first-aid-kit-di-primo-soccorso-portatile\/\" \/>\n<meta property=\"og:locale\" content=\"it_IT\" \/>\n<meta property=\"og:type\" content=\"article\" \/>\n<meta property=\"og:title\" content=\"Lifesystems Pocket First Aid kit di primo soccorso portatile - Sestogrado\" \/>\n<meta property=\"og:description\" content=\"Il Lifesystem Pocket First Aid \u00e8 un kit di primo soccorso portatile, molto compatto, contenente gli articoli di base per una medicazione durante il trekking. Equipaggiato per curare ferite minori, il Pocket Kit ha un passante sul retro che consente di agganciarlo facilmente alla cintura od allo zaino.\" \/>\n<meta property=\"og:url\" content=\"https:\/\/www.sestogrado.it\/it\/prodotto\/lifesystems-pocket-first-aid-kit-di-primo-soccorso-portatile\/\" \/>\n<meta property=\"og:site_name\" content=\"Sestogrado\" \/>\n<meta property=\"article:publisher\" content=\"https:\/\/www.facebook.com\/pages\/Sestogrado\/1542635979353017?ref=bookmarks\" \/>\n<meta property=\"article:modified_time\" content=\"2026-01-20T12:19:34+00:00\" \/>\n<meta property=\"og:image\" content=\"https:\/\/www.sestogrado.it\/wp-content\/uploads\/2019\/03\/01-13.jpg\" \/>\n\t<meta property=\"og:image:width\" content=\"700\" \/>\n\t<meta property=\"og:image:height\" content=\"700\" \/>\n\t<meta property=\"og:image:type\" content=\"image\/jpeg\" \/>\n<meta name=\"twitter:label1\" content=\"Prezzo\" \/>\n\t<meta name=\"twitter:data1\" content=\"&euro;&nbsp;27,90\" \/>\n\t<meta name=\"twitter:label2\" content=\"Disponibilit\u00e0\" \/>\n\t<meta name=\"twitter:data2\" content=\"In stock\" \/>\n<script type=\"application\/ld+json\" class=\"yoast-schema-graph\">{\"@context\":\"https:\/\/schema.org\",\"@graph\":[{\"@type\":\"WebPage\",\"@id\":\"https:\/\/www.sestogrado.it\/it\/prodotto\/lifesystems-pocket-first-aid-kit-di-primo-soccorso-portatile\/\",\"url\":\"https:\/\/www.sestogrado.it\/it\/prodotto\/lifesystems-pocket-first-aid-kit-di-primo-soccorso-portatile\/\",\"name\":\"Lifesystems Pocket First Aid kit di primo soccorso portatile - Sestogrado\",\"isPartOf\":{\"@id\":\"https:\/\/www.sestogrado.it\/it\/#website\"},\"primaryImageOfPage\":{\"@id\":\"https:\/\/www.sestogrado.it\/it\/prodotto\/lifesystems-pocket-first-aid-kit-di-primo-soccorso-portatile\/#primaryimage\"},\"image\":{\"@id\":\"https:\/\/www.sestogrado.it\/prodotto\/lifesystems-pocket-first-aid-kit-di-primo-soccorso-portatile\/#primaryimage\"},\"thumbnailUrl\":\"https:\/\/www.sestogrado.it\/wp-content\/uploads\/2019\/03\/01-13.jpg\",\"datePublished\":\"2019-03-28T14:21:04+00:00\",\"dateModified\":\"2026-01-20T12:19:34+00:00\",\"description\":\"Il Lifesystem Pocket First Aid \u00e8 un kit di primo soccorso portatile, molto compatto, contenente gli articoli di base per una medicazione durante il trekking. Equipaggiato per curare ferite minori, il Pocket Kit ha un passante sul retro che consente di agganciarlo facilmente alla cintura od allo zaino.\",\"breadcrumb\":{\"@id\":\"https:\/\/www.sestogrado.it\/it\/prodotto\/lifesystems-pocket-first-aid-kit-di-primo-soccorso-portatile\/#breadcrumb\"},\"inLanguage\":\"it-IT\",\"potentialAction\":[{\"@type\":\"ReadAction\",\"target\":[[\"https:\/\/www.sestogrado.it\/it\/prodotto\/lifesystems-pocket-first-aid-kit-di-primo-soccorso-portatile\/\"]]}]},{\"@type\":\"ImageObject\",\"inLanguage\":\"it-IT\",\"@id\":\"https:\/\/www.sestogrado.it\/it\/prodotto\/lifesystems-pocket-first-aid-kit-di-primo-soccorso-portatile\/#primaryimage\",\"url\":\"https:\/\/www.sestogrado.it\/wp-content\/uploads\/2019\/03\/01-13.jpg\",\"contentUrl\":\"https:\/\/www.sestogrado.it\/wp-content\/uploads\/2019\/03\/01-13.jpg\",\"width\":700,\"height\":700,\"caption\":\"lifesystems pocket\"},{\"@type\":\"BreadcrumbList\",\"@id\":\"https:\/\/www.sestogrado.it\/it\/prodotto\/lifesystems-pocket-first-aid-kit-di-primo-soccorso-portatile\/#breadcrumb\",\"itemListElement\":[{\"@type\":\"ListItem\",\"position\":1,\"name\":\"Home\",\"item\":\"https:\/\/www.sestogrado.it\/it\/\"},{\"@type\":\"ListItem\",\"position\":2,\"name\":\"Shop\",\"item\":\"https:\/\/www.sestogrado.it\/it\/shop\/\"},{\"@type\":\"ListItem\",\"position\":3,\"name\":\"Lifesystems Pocket First Aid kit di primo soccorso portatile\"}]},{\"@type\":\"WebSite\",\"@id\":\"https:\/\/www.sestogrado.it\/it\/#website\",\"url\":\"https:\/\/www.sestogrado.it\/it\/\",\"name\":\"Sestogrado\",\"description\":\"yes we climb\",\"publisher\":{\"@id\":\"https:\/\/www.sestogrado.it\/it\/#organization\"},\"potentialAction\":[{\"@type\":\"SearchAction\",\"target\":{\"@type\":\"EntryPoint\",\"urlTemplate\":\"https:\/\/www.sestogrado.it\/it\/?s={search_term_string}\"},\"query-input\":{\"@type\":\"PropertyValueSpecification\",\"valueRequired\":true,\"valueName\":\"search_term_string\"}}],\"inLanguage\":\"it-IT\"},{\"@type\":\"Organization\",\"@id\":\"https:\/\/www.sestogrado.it\/it\/#organization\",\"name\":\"Sestogrado\",\"url\":\"https:\/\/www.sestogrado.it\/it\/\",\"logo\":{\"@type\":\"ImageObject\",\"inLanguage\":\"it-IT\",\"@id\":\"https:\/\/www.sestogrado.it\/it\/#\/schema\/logo\/image\/\",\"url\":\"https:\/\/www.sestogrado.it\/wp-content\/uploads\/2015\/03\/sestogrado-favicon.png\",\"contentUrl\":\"https:\/\/www.sestogrado.it\/wp-content\/uploads\/2015\/03\/sestogrado-favicon.png\",\"width\":260,\"height\":260,\"caption\":\"Sestogrado\"},\"image\":{\"@id\":\"https:\/\/www.sestogrado.it\/it\/#\/schema\/logo\/image\/\"},\"sameAs\":[\"https:\/\/www.facebook.com\/pages\/Sestogrado\/1542635979353017?ref=bookmarks\",\"https:\/\/www.youtube.com\/channel\/UC847kAfTkaJsWpc1jtQwr3Q\"],\"hasMerchantReturnPolicy\":{\"@type\":\"MerchantReturnPolicy\",\"merchantReturnLink\":\"https:\/\/www.sestogrado.it\/it\/termini-e-condizioni\/\"}}]}<\/script>\n<meta property=\"product:brand\" content=\"Lifesystems\" \/>\n<meta property=\"product:price:amount\" content=\"27.90\" \/>\n<meta property=\"product:price:currency\" content=\"EUR\" \/>\n<meta property=\"og:availability\" content=\"instock\" \/>\n<meta property=\"product:availability\" content=\"instock\" \/>\n<meta property=\"product:condition\" content=\"new\" \/>\n<!-- \/ Yoast SEO plugin. -->","yoast_head_json":{"title":"Lifesystems Pocket First Aid kit di primo soccorso portatile - Sestogrado","description":"Il Lifesystem Pocket First Aid \u00e8 un kit di primo soccorso portatile, molto compatto, contenente gli articoli di base per una medicazione durante il trekking. Equipaggiato per curare ferite minori, il Pocket Kit ha un passante sul retro che consente di agganciarlo facilmente alla cintura od allo zaino.","robots":{"index":"index","follow":"follow","max-snippet":"max-snippet:-1","max-image-preview":"max-image-preview:large","max-video-preview":"max-video-preview:-1"},"canonical":"https:\/\/www.sestogrado.it\/it\/prodotto\/lifesystems-pocket-first-aid-kit-di-primo-soccorso-portatile\/","og_locale":"it_IT","og_type":"article","og_title":"Lifesystems Pocket First Aid kit di primo soccorso portatile - Sestogrado","og_description":"Il Lifesystem Pocket First Aid \u00e8 un kit di primo soccorso portatile, molto compatto, contenente gli articoli di base per una medicazione durante il trekking. Equipaggiato per curare ferite minori, il Pocket Kit ha un passante sul retro che consente di agganciarlo facilmente alla cintura od allo zaino.","og_url":"https:\/\/www.sestogrado.it\/it\/prodotto\/lifesystems-pocket-first-aid-kit-di-primo-soccorso-portatile\/","og_site_name":"Sestogrado","article_publisher":"https:\/\/www.facebook.com\/pages\/Sestogrado\/1542635979353017?ref=bookmarks","article_modified_time":"2026-01-20T12:19:34+00:00","og_image":[{"width":700,"height":700,"url":"https:\/\/www.sestogrado.it\/wp-content\/uploads\/2019\/03\/01-13.jpg","type":"image\/jpeg"}],"twitter_misc":{"Prezzo":"&euro;&nbsp;27,90","Disponibilit\u00e0":"In stock"},"schema":{"@context":"https:\/\/schema.org","@graph":[{"@type":"WebPage","@id":"https:\/\/www.sestogrado.it\/it\/prodotto\/lifesystems-pocket-first-aid-kit-di-primo-soccorso-portatile\/","url":"https:\/\/www.sestogrado.it\/it\/prodotto\/lifesystems-pocket-first-aid-kit-di-primo-soccorso-portatile\/","name":"Lifesystems Pocket First Aid kit di primo soccorso portatile - Sestogrado","isPartOf":{"@id":"https:\/\/www.sestogrado.it\/it\/#website"},"primaryImageOfPage":{"@id":"https:\/\/www.sestogrado.it\/it\/prodotto\/lifesystems-pocket-first-aid-kit-di-primo-soccorso-portatile\/#primaryimage"},"image":{"@id":"https:\/\/www.sestogrado.it\/prodotto\/lifesystems-pocket-first-aid-kit-di-primo-soccorso-portatile\/#primaryimage"},"thumbnailUrl":"https:\/\/www.sestogrado.it\/wp-content\/uploads\/2019\/03\/01-13.jpg","datePublished":"2019-03-28T14:21:04+00:00","dateModified":"2026-01-20T12:19:34+00:00","description":"Il Lifesystem Pocket First Aid \u00e8 un kit di primo soccorso portatile, molto compatto, contenente gli articoli di base per una medicazione durante il trekking. Equipaggiato per curare ferite minori, il Pocket Kit ha un passante sul retro che consente di agganciarlo facilmente alla cintura od allo zaino.","breadcrumb":{"@id":"https:\/\/www.sestogrado.it\/it\/prodotto\/lifesystems-pocket-first-aid-kit-di-primo-soccorso-portatile\/#breadcrumb"},"inLanguage":"it-IT","potentialAction":[{"@type":"ReadAction","target":[["https:\/\/www.sestogrado.it\/it\/prodotto\/lifesystems-pocket-first-aid-kit-di-primo-soccorso-portatile\/"]]}]},{"@type":"ImageObject","inLanguage":"it-IT","@id":"https:\/\/www.sestogrado.it\/it\/prodotto\/lifesystems-pocket-first-aid-kit-di-primo-soccorso-portatile\/#primaryimage","url":"https:\/\/www.sestogrado.it\/wp-content\/uploads\/2019\/03\/01-13.jpg","contentUrl":"https:\/\/www.sestogrado.it\/wp-content\/uploads\/2019\/03\/01-13.jpg","width":700,"height":700,"caption":"lifesystems pocket"},{"@type":"BreadcrumbList","@id":"https:\/\/www.sestogrado.it\/it\/prodotto\/lifesystems-pocket-first-aid-kit-di-primo-soccorso-portatile\/#breadcrumb","itemListElement":[{"@type":"ListItem","position":1,"name":"Home","item":"https:\/\/www.sestogrado.it\/it\/"},{"@type":"ListItem","position":2,"name":"Shop","item":"https:\/\/www.sestogrado.it\/it\/shop\/"},{"@type":"ListItem","position":3,"name":"Lifesystems Pocket First Aid kit di primo soccorso portatile"}]},{"@type":"WebSite","@id":"https:\/\/www.sestogrado.it\/it\/#website","url":"https:\/\/www.sestogrado.it\/it\/","name":"Sestogrado","description":"yes we climb","publisher":{"@id":"https:\/\/www.sestogrado.it\/it\/#organization"},"potentialAction":[{"@type":"SearchAction","target":{"@type":"EntryPoint","urlTemplate":"https:\/\/www.sestogrado.it\/it\/?s={search_term_string}"},"query-input":{"@type":"PropertyValueSpecification","valueRequired":true,"valueName":"search_term_string"}}],"inLanguage":"it-IT"},{"@type":"Organization","@id":"https:\/\/www.sestogrado.it\/it\/#organization","name":"Sestogrado","url":"https:\/\/www.sestogrado.it\/it\/","logo":{"@type":"ImageObject","inLanguage":"it-IT","@id":"https:\/\/www.sestogrado.it\/it\/#\/schema\/logo\/image\/","url":"https:\/\/www.sestogrado.it\/wp-content\/uploads\/2015\/03\/sestogrado-favicon.png","contentUrl":"https:\/\/www.sestogrado.it\/wp-content\/uploads\/2015\/03\/sestogrado-favicon.png","width":260,"height":260,"caption":"Sestogrado"},"image":{"@id":"https:\/\/www.sestogrado.it\/it\/#\/schema\/logo\/image\/"},"sameAs":["https:\/\/www.facebook.com\/pages\/Sestogrado\/1542635979353017?ref=bookmarks","https:\/\/www.youtube.com\/channel\/UC847kAfTkaJsWpc1jtQwr3Q"],"hasMerchantReturnPolicy":{"@type":"MerchantReturnPolicy","merchantReturnLink":"https:\/\/www.sestogrado.it\/it\/termini-e-condizioni\/"}}]},"product_brand":"Lifesystems","product_price_amount":"27.90","product_price_currency":"EUR","og_availability":"instock","product_availability":"instock","product_condition":"new"},"_links":{"self":[{"href":"https:\/\/www.sestogrado.it\/it\/wp-json\/wp\/v2\/product\/20297","targetHints":{"allow":["GET"]}}],"collection":[{"href":"https:\/\/www.sestogrado.it\/it\/wp-json\/wp\/v2\/product"}],"about":[{"href":"https:\/\/www.sestogrado.it\/it\/wp-json\/wp\/v2\/types\/product"}],"replies":[{"embeddable":true,"href":"https:\/\/www.sestogrado.it\/it\/wp-json\/wp\/v2\/comments?post=20297"}],"wp:featuredmedia":[{"embeddable":true,"href":"https:\/\/www.sestogrado.it\/it\/wp-json\/wp\/v2\/media\/20298"}],"wp:attachment":[{"href":"https:\/\/www.sestogrado.it\/it\/wp-json\/wp\/v2\/media?parent=20297"}],"wp:term":[{"taxonomy":"product_brand","embeddable":true,"href":"https:\/\/www.sestogrado.it\/it\/wp-json\/wp\/v2\/product_brand?post=20297"},{"taxonomy":"product_cat","embeddable":true,"href":"https:\/\/www.sestogrado.it\/it\/wp-json\/wp\/v2\/product_cat?post=20297"},{"taxonomy":"product_tag","embeddable":true,"href":"https:\/\/www.sestogrado.it\/it\/wp-json\/wp\/v2\/product_tag?post=20297"}],"curies":[{"name":"wp","href":"https:\/\/api.w.org\/{rel}","templated":true}]}}