{"id":20271,"date":"2019-03-28T15:21:45","date_gmt":"2019-03-28T14:21:45","guid":{"rendered":"https:\/\/www.sestogrado.it\/?post_type=product&#038;p=20271"},"modified":"2026-04-30T10:41:07","modified_gmt":"2026-04-30T08:41:07","slug":"lifesystems-adventurer-first-aid-kit-primo-soccorso","status":"publish","type":"product","link":"https:\/\/www.sestogrado.it\/it\/prodotto\/lifesystems-adventurer-first-aid-kit-primo-soccorso\/","title":{"rendered":"Lifesystems Adventurer First Aid kit di primo soccorso"},"content":{"rendered":"<p>Il Lifesystem Adventurer First Aid \u00e8 un kit di primo soccorso completo e compatto che ti da gli strumenti di base per trattare gli infortuni pi\u00f9 comuni della vita outdoor.<\/p>\n<p>Il sistema QuickFind assicura che i contenuti sono ben organizzati all&#8217;interno del kit e facili da reperire, mantenendo il kit compatto.<\/p>\n<p>Contenuto:<\/p>\n<p><strong>Bendaggi:<\/strong><\/p>\n<ul>\n<li>1 x fasciatura bianca aperta in tessuto\u00a07.5cm x 5m<\/li>\n<li>1 x bendaggio 5cm x 4,5cm<\/li>\n<li>1 x bendaggio triangolare 90x127cm<\/li>\n<\/ul>\n<p><strong>Preparati, monouso e cerotti:<\/strong><\/p>\n<ul>\n<li>6 x salviette detergenti igieniche<\/li>\n<li>1 x nastro 1,25cm x 5m<\/li>\n<li>5 x tamponi di garza 5 x 5cm<\/li>\n<li>1 x sacchetto di gel antiscottature 3,5g<\/li>\n<\/ul>\n<p><strong>Medicazioni:<\/strong><\/p>\n<ul>\n<li>1 x pack di cerotti assortiti<\/li>\n<li>1 x medicazione per ferita di medie dimensioni<\/li>\n<li>1 x medicazione a bassa aderenza<\/li>\n<li>2 x medicazioni a blister<\/li>\n<li>3 x fascette per chiusura ferita<\/li>\n<\/ul>\n<p><strong>Generali:<\/strong><\/p>\n<ul>\n<li>1 x opuscolo di assistenza primaria<\/li>\n<li>1 x pinzetta<\/li>\n<li>6 x spille<\/li>\n<li>1 x forbici con lama da 5,5cm<\/li>\n<li>2 paia di guanti in vinile<\/li>\n<\/ul>\n<p><strong>Specifiche<\/strong>:<\/p>\n<ul>\n<li>peso: 330g<\/li>\n<li>dimensioni: 150 x 130 x 80mm<\/li>\n<\/ul>\n<p>&nbsp;<\/p>\n<p>&nbsp;<\/p>\n<div class=\"commerce-product-field commerce-product-field-field-dimensions-packed field-field-dimensions-packed node-1876-product-field-dimensions-packed\">\n<div class=\"field field-name-field-dimensions-packed field-type-text field-label-above\"><\/div>\n<\/div>\n<p>Il Lifesystems Adventurer first aid \u00e8 un kit di primo soccorso ideale per ogni attivit\u00e0 outdoor, dal campeggio al trekking.<\/p>\n<div class=\"embed-responsive embed-responsive-16by9\"><iframe title=\"Which Lifesystems First Aid Kit is right for me?\" width=\"500\" height=\"281\" src=\"https:\/\/www.youtube.com\/embed\/5zfnwN-bZuU?feature=oembed\" frameborder=\"0\" allow=\"accelerometer; autoplay; clipboard-write; encrypted-media; gyroscope; picture-in-picture; web-share\" referrerpolicy=\"strict-origin-when-cross-origin\" allowfullscreen><\/iframe><\/div>\n<p>&nbsp;<\/p>\n<p>Lifesystems \u00e8 un&#8217;azienda inglese che sviluppa e produce kit di pronto soccorso per outdoor, trekking e viaggio, con materiali e tecniche di alta qualit\u00e0. E&#8217; formata da un team di pi\u00f9 di 50 persone esperte di viaggi e trekking e fornisce materiale da spedizione in pi\u00f9 di 40 paesi al mondo.<\/p>","protected":false},"excerpt":{"rendered":"<p>Il Lifesystem Adventurer First Aid \u00e8 un kit di primo soccorso completo e compatto che ti da gli strumenti di [&hellip;]<\/p>\n","protected":false},"featured_media":20272,"comment_status":"open","ping_status":"closed","template":"","meta":{"_acf_changed":false},"product_brand":[584],"product_cat":[1320],"product_tag":[],"class_list":{"0":"post-20271","1":"product","2":"type-product","3":"status-publish","4":"has-post-thumbnail","6":"product_brand-lifesystems","7":"product_cat-kit-soccorso","9":"first","10":"instock","11":"sale","12":"taxable","13":"shipping-taxable","14":"purchasable","15":"product-type-simple"},"acf":[],"yoast_head":"<!-- This site is optimized with the Yoast SEO plugin v26.4 - https:\/\/yoast.com\/wordpress\/plugins\/seo\/ -->\n<title>Lifesystems Adventurer First Aid kit di primo soccorso - Sestogrado<\/title>\n<meta name=\"description\" content=\"Il Lifesystem Adventurer First Aid \u00e8 un kit di primo soccorso completo e compatto che ti da gli strumenti di base per trattare gli infortuni pi\u00f9 comuni della vita outdoor. Il sistema QuickFind assicura che i contenuti sono ben organizzati all&#039;interno del kit e facili da reperire, mantenendo il kit compatto.\" \/>\n<meta name=\"robots\" content=\"index, follow, max-snippet:-1, max-image-preview:large, max-video-preview:-1\" \/>\n<link rel=\"canonical\" href=\"https:\/\/www.sestogrado.it\/it\/prodotto\/lifesystems-adventurer-first-aid-kit-primo-soccorso\/\" \/>\n<meta property=\"og:locale\" content=\"it_IT\" \/>\n<meta property=\"og:type\" content=\"article\" \/>\n<meta property=\"og:title\" content=\"Lifesystems Adventurer First Aid kit di primo soccorso - Sestogrado\" \/>\n<meta property=\"og:description\" content=\"Il Lifesystem Adventurer First Aid \u00e8 un kit di primo soccorso completo e compatto che ti da gli strumenti di base per trattare gli infortuni pi\u00f9 comuni della vita outdoor. Il sistema QuickFind assicura che i contenuti sono ben organizzati all&#039;interno del kit e facili da reperire, mantenendo il kit compatto.\" \/>\n<meta property=\"og:url\" content=\"https:\/\/www.sestogrado.it\/it\/prodotto\/lifesystems-adventurer-first-aid-kit-primo-soccorso\/\" \/>\n<meta property=\"og:site_name\" content=\"Sestogrado\" \/>\n<meta property=\"article:publisher\" content=\"https:\/\/www.facebook.com\/pages\/Sestogrado\/1542635979353017?ref=bookmarks\" \/>\n<meta property=\"article:modified_time\" content=\"2026-04-30T08:41:07+00:00\" \/>\n<meta property=\"og:image\" content=\"https:\/\/www.sestogrado.it\/wp-content\/uploads\/2019\/03\/01-12.jpg\" \/>\n\t<meta property=\"og:image:width\" content=\"700\" \/>\n\t<meta property=\"og:image:height\" content=\"700\" \/>\n\t<meta property=\"og:image:type\" content=\"image\/jpeg\" \/>\n<meta name=\"twitter:label1\" content=\"Prezzo\" \/>\n\t<meta name=\"twitter:data1\" content=\"&euro;&nbsp;44,90\" \/>\n\t<meta name=\"twitter:label2\" content=\"Disponibilit\u00e0\" \/>\n\t<meta name=\"twitter:data2\" content=\"In stock\" \/>\n<script type=\"application\/ld+json\" class=\"yoast-schema-graph\">{\"@context\":\"https:\/\/schema.org\",\"@graph\":[{\"@type\":\"WebPage\",\"@id\":\"https:\/\/www.sestogrado.it\/it\/prodotto\/lifesystems-adventurer-first-aid-kit-primo-soccorso\/\",\"url\":\"https:\/\/www.sestogrado.it\/it\/prodotto\/lifesystems-adventurer-first-aid-kit-primo-soccorso\/\",\"name\":\"Lifesystems Adventurer First Aid kit di primo soccorso - Sestogrado\",\"isPartOf\":{\"@id\":\"https:\/\/www.sestogrado.it\/it\/#website\"},\"primaryImageOfPage\":{\"@id\":\"https:\/\/www.sestogrado.it\/it\/prodotto\/lifesystems-adventurer-first-aid-kit-primo-soccorso\/#primaryimage\"},\"image\":{\"@id\":\"https:\/\/www.sestogrado.it\/prodotto\/lifesystems-adventurer-first-aid-kit-primo-soccorso\/#primaryimage\"},\"thumbnailUrl\":\"https:\/\/www.sestogrado.it\/wp-content\/uploads\/2019\/03\/01-12.jpg\",\"datePublished\":\"2019-03-28T14:21:45+00:00\",\"dateModified\":\"2026-04-30T08:41:07+00:00\",\"description\":\"Il Lifesystem Adventurer First Aid \u00e8 un kit di primo soccorso completo e compatto che ti da gli strumenti di base per trattare gli infortuni pi\u00f9 comuni della vita outdoor. Il sistema QuickFind assicura che i contenuti sono ben organizzati all'interno del kit e facili da reperire, mantenendo il kit compatto.\",\"breadcrumb\":{\"@id\":\"https:\/\/www.sestogrado.it\/it\/prodotto\/lifesystems-adventurer-first-aid-kit-primo-soccorso\/#breadcrumb\"},\"inLanguage\":\"it-IT\",\"potentialAction\":[{\"@type\":\"ReadAction\",\"target\":[[\"https:\/\/www.sestogrado.it\/it\/prodotto\/lifesystems-adventurer-first-aid-kit-primo-soccorso\/\"]]}]},{\"@type\":\"ImageObject\",\"inLanguage\":\"it-IT\",\"@id\":\"https:\/\/www.sestogrado.it\/it\/prodotto\/lifesystems-adventurer-first-aid-kit-primo-soccorso\/#primaryimage\",\"url\":\"https:\/\/www.sestogrado.it\/wp-content\/uploads\/2019\/03\/01-12.jpg\",\"contentUrl\":\"https:\/\/www.sestogrado.it\/wp-content\/uploads\/2019\/03\/01-12.jpg\",\"width\":700,\"height\":700,\"caption\":\"lifesystem adventurer\"},{\"@type\":\"BreadcrumbList\",\"@id\":\"https:\/\/www.sestogrado.it\/it\/prodotto\/lifesystems-adventurer-first-aid-kit-primo-soccorso\/#breadcrumb\",\"itemListElement\":[{\"@type\":\"ListItem\",\"position\":1,\"name\":\"Home\",\"item\":\"https:\/\/www.sestogrado.it\/it\/\"},{\"@type\":\"ListItem\",\"position\":2,\"name\":\"Shop\",\"item\":\"https:\/\/www.sestogrado.it\/it\/shop\/\"},{\"@type\":\"ListItem\",\"position\":3,\"name\":\"Lifesystems Adventurer First Aid kit di primo soccorso\"}]},{\"@type\":\"WebSite\",\"@id\":\"https:\/\/www.sestogrado.it\/it\/#website\",\"url\":\"https:\/\/www.sestogrado.it\/it\/\",\"name\":\"Sestogrado\",\"description\":\"yes we climb\",\"publisher\":{\"@id\":\"https:\/\/www.sestogrado.it\/it\/#organization\"},\"potentialAction\":[{\"@type\":\"SearchAction\",\"target\":{\"@type\":\"EntryPoint\",\"urlTemplate\":\"https:\/\/www.sestogrado.it\/it\/?s={search_term_string}\"},\"query-input\":{\"@type\":\"PropertyValueSpecification\",\"valueRequired\":true,\"valueName\":\"search_term_string\"}}],\"inLanguage\":\"it-IT\"},{\"@type\":\"Organization\",\"@id\":\"https:\/\/www.sestogrado.it\/it\/#organization\",\"name\":\"Sestogrado\",\"url\":\"https:\/\/www.sestogrado.it\/it\/\",\"logo\":{\"@type\":\"ImageObject\",\"inLanguage\":\"it-IT\",\"@id\":\"https:\/\/www.sestogrado.it\/it\/#\/schema\/logo\/image\/\",\"url\":\"https:\/\/www.sestogrado.it\/wp-content\/uploads\/2015\/03\/sestogrado-favicon.png\",\"contentUrl\":\"https:\/\/www.sestogrado.it\/wp-content\/uploads\/2015\/03\/sestogrado-favicon.png\",\"width\":260,\"height\":260,\"caption\":\"Sestogrado\"},\"image\":{\"@id\":\"https:\/\/www.sestogrado.it\/it\/#\/schema\/logo\/image\/\"},\"sameAs\":[\"https:\/\/www.facebook.com\/pages\/Sestogrado\/1542635979353017?ref=bookmarks\",\"https:\/\/www.youtube.com\/channel\/UC847kAfTkaJsWpc1jtQwr3Q\"],\"hasMerchantReturnPolicy\":{\"@type\":\"MerchantReturnPolicy\",\"merchantReturnLink\":\"https:\/\/www.sestogrado.it\/it\/termini-e-condizioni\/\"}}]}<\/script>\n<meta property=\"product:brand\" content=\"Lifesystems\" \/>\n<meta property=\"product:price:amount\" content=\"44.90\" \/>\n<meta property=\"product:price:currency\" content=\"EUR\" \/>\n<meta property=\"og:availability\" content=\"instock\" \/>\n<meta property=\"product:availability\" content=\"instock\" \/>\n<meta property=\"product:condition\" content=\"new\" \/>\n<!-- \/ Yoast SEO plugin. -->","yoast_head_json":{"title":"Lifesystems Adventurer First Aid kit di primo soccorso - Sestogrado","description":"Il Lifesystem Adventurer First Aid \u00e8 un kit di primo soccorso completo e compatto che ti da gli strumenti di base per trattare gli infortuni pi\u00f9 comuni della vita outdoor. Il sistema QuickFind assicura che i contenuti sono ben organizzati all'interno del kit e facili da reperire, mantenendo il kit compatto.","robots":{"index":"index","follow":"follow","max-snippet":"max-snippet:-1","max-image-preview":"max-image-preview:large","max-video-preview":"max-video-preview:-1"},"canonical":"https:\/\/www.sestogrado.it\/it\/prodotto\/lifesystems-adventurer-first-aid-kit-primo-soccorso\/","og_locale":"it_IT","og_type":"article","og_title":"Lifesystems Adventurer First Aid kit di primo soccorso - Sestogrado","og_description":"Il Lifesystem Adventurer First Aid \u00e8 un kit di primo soccorso completo e compatto che ti da gli strumenti di base per trattare gli infortuni pi\u00f9 comuni della vita outdoor. Il sistema QuickFind assicura che i contenuti sono ben organizzati all'interno del kit e facili da reperire, mantenendo il kit compatto.","og_url":"https:\/\/www.sestogrado.it\/it\/prodotto\/lifesystems-adventurer-first-aid-kit-primo-soccorso\/","og_site_name":"Sestogrado","article_publisher":"https:\/\/www.facebook.com\/pages\/Sestogrado\/1542635979353017?ref=bookmarks","article_modified_time":"2026-04-30T08:41:07+00:00","og_image":[{"width":700,"height":700,"url":"https:\/\/www.sestogrado.it\/wp-content\/uploads\/2019\/03\/01-12.jpg","type":"image\/jpeg"}],"twitter_misc":{"Prezzo":"&euro;&nbsp;44,90","Disponibilit\u00e0":"In stock"},"schema":{"@context":"https:\/\/schema.org","@graph":[{"@type":"WebPage","@id":"https:\/\/www.sestogrado.it\/it\/prodotto\/lifesystems-adventurer-first-aid-kit-primo-soccorso\/","url":"https:\/\/www.sestogrado.it\/it\/prodotto\/lifesystems-adventurer-first-aid-kit-primo-soccorso\/","name":"Lifesystems Adventurer First Aid kit di primo soccorso - Sestogrado","isPartOf":{"@id":"https:\/\/www.sestogrado.it\/it\/#website"},"primaryImageOfPage":{"@id":"https:\/\/www.sestogrado.it\/it\/prodotto\/lifesystems-adventurer-first-aid-kit-primo-soccorso\/#primaryimage"},"image":{"@id":"https:\/\/www.sestogrado.it\/prodotto\/lifesystems-adventurer-first-aid-kit-primo-soccorso\/#primaryimage"},"thumbnailUrl":"https:\/\/www.sestogrado.it\/wp-content\/uploads\/2019\/03\/01-12.jpg","datePublished":"2019-03-28T14:21:45+00:00","dateModified":"2026-04-30T08:41:07+00:00","description":"Il Lifesystem Adventurer First Aid \u00e8 un kit di primo soccorso completo e compatto che ti da gli strumenti di base per trattare gli infortuni pi\u00f9 comuni della vita outdoor. Il sistema QuickFind assicura che i contenuti sono ben organizzati all'interno del kit e facili da reperire, mantenendo il kit compatto.","breadcrumb":{"@id":"https:\/\/www.sestogrado.it\/it\/prodotto\/lifesystems-adventurer-first-aid-kit-primo-soccorso\/#breadcrumb"},"inLanguage":"it-IT","potentialAction":[{"@type":"ReadAction","target":[["https:\/\/www.sestogrado.it\/it\/prodotto\/lifesystems-adventurer-first-aid-kit-primo-soccorso\/"]]}]},{"@type":"ImageObject","inLanguage":"it-IT","@id":"https:\/\/www.sestogrado.it\/it\/prodotto\/lifesystems-adventurer-first-aid-kit-primo-soccorso\/#primaryimage","url":"https:\/\/www.sestogrado.it\/wp-content\/uploads\/2019\/03\/01-12.jpg","contentUrl":"https:\/\/www.sestogrado.it\/wp-content\/uploads\/2019\/03\/01-12.jpg","width":700,"height":700,"caption":"lifesystem adventurer"},{"@type":"BreadcrumbList","@id":"https:\/\/www.sestogrado.it\/it\/prodotto\/lifesystems-adventurer-first-aid-kit-primo-soccorso\/#breadcrumb","itemListElement":[{"@type":"ListItem","position":1,"name":"Home","item":"https:\/\/www.sestogrado.it\/it\/"},{"@type":"ListItem","position":2,"name":"Shop","item":"https:\/\/www.sestogrado.it\/it\/shop\/"},{"@type":"ListItem","position":3,"name":"Lifesystems Adventurer First Aid kit di primo soccorso"}]},{"@type":"WebSite","@id":"https:\/\/www.sestogrado.it\/it\/#website","url":"https:\/\/www.sestogrado.it\/it\/","name":"Sestogrado","description":"yes we climb","publisher":{"@id":"https:\/\/www.sestogrado.it\/it\/#organization"},"potentialAction":[{"@type":"SearchAction","target":{"@type":"EntryPoint","urlTemplate":"https:\/\/www.sestogrado.it\/it\/?s={search_term_string}"},"query-input":{"@type":"PropertyValueSpecification","valueRequired":true,"valueName":"search_term_string"}}],"inLanguage":"it-IT"},{"@type":"Organization","@id":"https:\/\/www.sestogrado.it\/it\/#organization","name":"Sestogrado","url":"https:\/\/www.sestogrado.it\/it\/","logo":{"@type":"ImageObject","inLanguage":"it-IT","@id":"https:\/\/www.sestogrado.it\/it\/#\/schema\/logo\/image\/","url":"https:\/\/www.sestogrado.it\/wp-content\/uploads\/2015\/03\/sestogrado-favicon.png","contentUrl":"https:\/\/www.sestogrado.it\/wp-content\/uploads\/2015\/03\/sestogrado-favicon.png","width":260,"height":260,"caption":"Sestogrado"},"image":{"@id":"https:\/\/www.sestogrado.it\/it\/#\/schema\/logo\/image\/"},"sameAs":["https:\/\/www.facebook.com\/pages\/Sestogrado\/1542635979353017?ref=bookmarks","https:\/\/www.youtube.com\/channel\/UC847kAfTkaJsWpc1jtQwr3Q"],"hasMerchantReturnPolicy":{"@type":"MerchantReturnPolicy","merchantReturnLink":"https:\/\/www.sestogrado.it\/it\/termini-e-condizioni\/"}}]},"product_brand":"Lifesystems","product_price_amount":"44.90","product_price_currency":"EUR","og_availability":"instock","product_availability":"instock","product_condition":"new"},"_links":{"self":[{"href":"https:\/\/www.sestogrado.it\/it\/wp-json\/wp\/v2\/product\/20271","targetHints":{"allow":["GET"]}}],"collection":[{"href":"https:\/\/www.sestogrado.it\/it\/wp-json\/wp\/v2\/product"}],"about":[{"href":"https:\/\/www.sestogrado.it\/it\/wp-json\/wp\/v2\/types\/product"}],"replies":[{"embeddable":true,"href":"https:\/\/www.sestogrado.it\/it\/wp-json\/wp\/v2\/comments?post=20271"}],"wp:featuredmedia":[{"embeddable":true,"href":"https:\/\/www.sestogrado.it\/it\/wp-json\/wp\/v2\/media\/20272"}],"wp:attachment":[{"href":"https:\/\/www.sestogrado.it\/it\/wp-json\/wp\/v2\/media?parent=20271"}],"wp:term":[{"taxonomy":"product_brand","embeddable":true,"href":"https:\/\/www.sestogrado.it\/it\/wp-json\/wp\/v2\/product_brand?post=20271"},{"taxonomy":"product_cat","embeddable":true,"href":"https:\/\/www.sestogrado.it\/it\/wp-json\/wp\/v2\/product_cat?post=20271"},{"taxonomy":"product_tag","embeddable":true,"href":"https:\/\/www.sestogrado.it\/it\/wp-json\/wp\/v2\/product_tag?post=20271"}],"curies":[{"name":"wp","href":"https:\/\/api.w.org\/{rel}","templated":true}]}}