{"id":202605,"date":"2025-11-07T11:41:43","date_gmt":"2025-11-07T10:41:43","guid":{"rendered":"https:\/\/www.sestogrado.it\/?post_type=product&#038;p=202605"},"modified":"2026-05-04T12:01:08","modified_gmt":"2026-05-04T10:01:08","slug":"pieps-set-mini-ips-artva-pala-e-sonda","status":"publish","type":"product","link":"https:\/\/www.sestogrado.it\/it\/prodotto\/pieps-set-mini-ips-artva-pala-e-sonda\/","title":{"rendered":"Pieps Set Mini IPS artva pala e sonda"},"content":{"rendered":"<p>Il Pieps Set Mini IPS \u00e8 un set professionale di sicurezza da valanga per il backcountry per i tourkier, gli splitboarder, i freerider o tutti coloro che vogliono passare al livello successivo e vogliono essere sicuri.<\/p>\n<p><strong>La confezione contiene:<\/strong><\/p>\n<ul>\n<li>Pieps Mini IPS<\/li>\n<li>Pala Pieps T640 telescopica<\/li>\n<li>Sonda Alu 260 Sport<\/li>\n<\/ul>\n<p><strong>Pieps Mini IPS<br \/>\n<\/strong>Il <strong data-start=\"3\" data-end=\"21\">PIEPS MINI IPS<\/strong> \u00e8 un ricetrasmettitore da valanga compatto che porta la tecnologia avanzata di PIEPS in un formato altamente portatile. Con una larghezza di banda di ricerca di 50 metri e la funzione <strong data-start=\"206\" data-end=\"228\">Search Assist Plus<\/strong>, un aiuto visivo alla ricerca con istruzioni pittografiche, guida in modo intuitivo l\u2019utente durante l\u2019intero processo di ricerca.<br data-start=\"359\" data-end=\"362\" \/>L\u2019innovativo <strong data-start=\"375\" data-end=\"415\">Interference Protection System (IPS)<\/strong> riduce al minimo le interferenze durante la trasmissione, garantendo una comunicazione del segnale stabile. Grazie al design robusto, alla lunga durata della batteria e alla connettivit\u00e0 Bluetooth, il MINI IPS \u00e8 un compagno affidabile in ambiente alpino \u2014 sia per i principianti che cercano la massima sicurezza, sia per gli utenti esperti del backcountry che desiderano un dispositivo compatto ma tecnologicamente avanzato. Con l\u2019eccellente qualit\u00e0 di elaborazione del segnale che contraddistingue PIEPS, offre un\u2019indicazione della direzione particolarmente chiara, costante e affidabile nelle situazioni critiche.<\/p>\n<div class=\"text-base my-auto mx-auto pb-10 [--thread-content-margin:--spacing(4)] thread-sm:[--thread-content-margin:--spacing(6)] thread-lg:[--thread-content-margin:--spacing(16)] px-(--thread-content-margin)\">\n<div class=\"[--thread-content-max-width:40rem] thread-lg:[--thread-content-max-width:48rem] mx-auto max-w-(--thread-content-max-width) flex-1 group\/turn-messages focus-visible:outline-hidden relative flex w-full min-w-0 flex-col agent-turn\" tabindex=\"-1\">\n<div class=\"flex max-w-full flex-col grow\">\n<div class=\"min-h-8 text-message relative flex w-full flex-col items-end gap-2 text-start break-words whitespace-normal [.text-message+&amp;]:mt-1\" dir=\"auto\" data-message-author-role=\"assistant\" data-message-id=\"48ab3016-5b41-43b2-bdd3-ed3c1467ea78\" data-message-model-slug=\"gpt-5\"><\/div>\n<\/div>\n<\/div>\n<\/div>\n<p><strong>Pieps Mini IPS<\/strong><\/p>\n<ul>\n<li>Portata massima (m): 50<\/li>\n<li>Larghezza banda di ricerca (m): 50<\/li>\n<li>Dimensioni (mm, LxBxH): 104 x 74 x 20<\/li>\n<li>Peso (g, incluse le batterie): 158<\/li>\n<li>Alimentazione: 2 batterie (AAA)<\/li>\n<li>Durata della batteria (min. ore): 400 Alkaline, 600 Lithium<\/li>\n<li>Numero di antenne: 3<\/li>\n<li>Frequenza di ricezione (kHz): 457<\/li>\n<li>Frequenza di trasmissione (kHz): 457<\/li>\n<li>Intervallo di temperatura: -20 \u00b0C a +45 \u00b0C | -4 \u00b0F a +113 \u00b0F<\/li>\n<li>Bluetooth: S\u00ec<\/li>\n<li>Aggiornamento al firmware pi\u00f9 recente: S\u00ec<\/li>\n<li>Versione firmware pi\u00f9 recente: 1.0<\/li>\n<\/ul>\n<p><strong>SONDA PROBE Alu 260 Sport<\/strong><\/p>\n<p>La sonda da valanga Pieps PROBE Alu Sport \u00e8 l&#8217;attrezzatura indispensabile per la ricerca in una valanga . Con il suo aiuto, puoi facilmente scoprire quanto \u00e8 profonda la persona sepolta. Ha una lunghezza di 260 cm e offre un montaggio molto rapido grazie all&#8217;ampia cinghia e ai bordi d&#8217;attacco. La sonda \u00e8 dotata di un diametro del tubo pi\u00f9 grande, che garantisce robustezza e rigidit\u00e0 allo stesso tempo. E&#8217; dotato di cinghie antiscivolo che ne consentono un comodo utilizzo anche con i guanti. Le stazioni sono contrassegnate a 1 cm di distanza e anche le singole parti sono contrassegnate con un colore diverso. Un pratico cinturino in silicone viene poi utilizzato per ritrarre la sonda.<\/p>\n<ul>\n<li>Lunghezza:260 cm<\/li>\n<li>Peso:295 g<\/li>\n<\/ul>\n<p><strong>PALA telescopica T640<\/strong><\/p>\n<p>La pala Telescopica Pieps T640 sar\u00e0 particolarmente apprezzata da tutti gli scialpinisti, e potr\u00e0 essere utilizzata anche nella creazione di bivacchi. Consiste in un manico e una lama che puoi collegare facilmente tra loro utilizzando il sistema Quick-Lock senza doverti togliere i guanti. Allo stesso tempo, puoi regolare la lunghezza del manico telescopico a 72 cm. Il manico ha un profilo ovale che impedisce lo scivolamento, mentre la lama ha bordi affilati che assicurano una facile penetrazione attraverso la neve. Le impugnature antiscivolo sull&#8217;impugnatura ne consentiranno poi un comodo utilizzo.<\/p>\n<ul>\n<li>Lunghezza del manico della pala:72 cm<\/li>\n<li>Peso della benna:640 g<\/li>\n<\/ul>\n<p>&nbsp;<\/p>\n<p>L&#8217;azienda austriaca PIEPS GmbH \u00e8 il leader tecnologico mondiale nella produzione di ricetrasmettitori da valanga. Dal 1972 l&#8217;azienda sviluppa, produce e vende prodotti per la sicurezza alpina sulla neve. La base del successo \u00e8 la stretta collaborazione di utenti e tecnici alpini nel nostro dipartimento interno di ricerca e sviluppo e nel centro di produzione di competenza a Lebring \/ Austria.<\/p>","protected":false},"excerpt":{"rendered":"<p>Il Pieps Set Mini IPS \u00e8 un set professionale di sicurezza da valanga per il backcountry per i tourkier, gli [&hellip;]<\/p>\n","protected":false},"featured_media":202643,"comment_status":"open","ping_status":"closed","template":"","meta":{"_acf_changed":false},"product_brand":[722],"product_cat":[1399],"product_tag":[],"class_list":{"0":"post-202605","1":"product","2":"type-product","3":"status-publish","4":"has-post-thumbnail","6":"product_brand-pieps","7":"product_cat-artva","9":"first","10":"instock","11":"sale","12":"taxable","13":"shipping-taxable","14":"purchasable","15":"product-type-simple"},"acf":[],"yoast_head":"<!-- This site is optimized with the Yoast SEO plugin v26.4 - https:\/\/yoast.com\/wordpress\/plugins\/seo\/ -->\n<title>Pieps Set Mini IPS artva pala e sonda - Sestogrado<\/title>\n<meta name=\"description\" content=\"Il PIEPS MINI IPS \u00e8 un ricetrasmettitore da valanga compatto che porta la tecnologia avanzata di PIEPS in un formato altamente portatile. Con una larghezza di banda di ricerca di 50 metri e la funzione Search Assist Plus, un aiuto visivo alla ricerca con istruzioni pittografiche, guida in modo intuitivo l\u2019utente durante l\u2019intero processo di ricerca.L\u2019innovativo Interference Protection System (IPS) riduce al minimo le interferenze durante la trasmissione, garantendo una comunicazione del segnale stabile. Grazie al design robusto, alla lunga durata della batteria e alla connettivit\u00e0 Bluetooth, il MINI IPS \u00e8 un compagno affidabile in ambiente alpino\" \/>\n<meta name=\"robots\" content=\"index, follow, max-snippet:-1, max-image-preview:large, max-video-preview:-1\" \/>\n<link rel=\"canonical\" href=\"https:\/\/www.sestogrado.it\/it\/prodotto\/pieps-set-mini-ips-artva-pala-e-sonda\/\" \/>\n<meta property=\"og:locale\" content=\"it_IT\" \/>\n<meta property=\"og:type\" content=\"article\" \/>\n<meta property=\"og:title\" content=\"Pieps Set Mini IPS artva pala e sonda - Sestogrado\" \/>\n<meta property=\"og:description\" content=\"Il PIEPS MINI IPS \u00e8 un ricetrasmettitore da valanga compatto che porta la tecnologia avanzata di PIEPS in un formato altamente portatile. Con una larghezza di banda di ricerca di 50 metri e la funzione Search Assist Plus, un aiuto visivo alla ricerca con istruzioni pittografiche, guida in modo intuitivo l\u2019utente durante l\u2019intero processo di ricerca.L\u2019innovativo Interference Protection System (IPS) riduce al minimo le interferenze durante la trasmissione, garantendo una comunicazione del segnale stabile. Grazie al design robusto, alla lunga durata della batteria e alla connettivit\u00e0 Bluetooth, il MINI IPS \u00e8 un compagno affidabile in ambiente alpino\" \/>\n<meta property=\"og:url\" content=\"https:\/\/www.sestogrado.it\/it\/prodotto\/pieps-set-mini-ips-artva-pala-e-sonda\/\" \/>\n<meta property=\"og:site_name\" content=\"Sestogrado\" \/>\n<meta property=\"article:publisher\" content=\"https:\/\/www.facebook.com\/pages\/Sestogrado\/1542635979353017?ref=bookmarks\" \/>\n<meta property=\"article:modified_time\" content=\"2026-05-04T10:01:08+00:00\" \/>\n<meta property=\"og:image\" content=\"https:\/\/www.sestogrado.it\/wp-content\/uploads\/2025\/11\/Presentazione-standard1.jpg\" \/>\n\t<meta property=\"og:image:width\" content=\"1512\" \/>\n\t<meta property=\"og:image:height\" content=\"1512\" \/>\n\t<meta property=\"og:image:type\" content=\"image\/jpeg\" \/>\n<meta name=\"twitter:label1\" content=\"Prezzo\" \/>\n\t<meta name=\"twitter:data1\" content=\"&euro;&nbsp;329,00\" \/>\n\t<meta name=\"twitter:label2\" content=\"Disponibilit\u00e0\" \/>\n\t<meta name=\"twitter:data2\" content=\"In stock\" \/>\n<script type=\"application\/ld+json\" class=\"yoast-schema-graph\">{\"@context\":\"https:\/\/schema.org\",\"@graph\":[{\"@type\":\"WebPage\",\"@id\":\"https:\/\/www.sestogrado.it\/it\/prodotto\/pieps-set-mini-ips-artva-pala-e-sonda\/\",\"url\":\"https:\/\/www.sestogrado.it\/it\/prodotto\/pieps-set-mini-ips-artva-pala-e-sonda\/\",\"name\":\"Pieps Set Mini IPS artva pala e sonda - Sestogrado\",\"isPartOf\":{\"@id\":\"https:\/\/www.sestogrado.it\/it\/#website\"},\"primaryImageOfPage\":{\"@id\":\"https:\/\/www.sestogrado.it\/it\/prodotto\/pieps-set-mini-ips-artva-pala-e-sonda\/#primaryimage\"},\"image\":{\"@id\":\"https:\/\/www.sestogrado.it\/prodotto\/pieps-set-mini-ips-artva-pala-e-sonda\/#primaryimage\"},\"thumbnailUrl\":\"https:\/\/www.sestogrado.it\/wp-content\/uploads\/2025\/11\/Presentazione-standard1.jpg\",\"datePublished\":\"2025-11-07T10:41:43+00:00\",\"dateModified\":\"2026-05-04T10:01:08+00:00\",\"description\":\"Il PIEPS MINI IPS \u00e8 un ricetrasmettitore da valanga compatto che porta la tecnologia avanzata di PIEPS in un formato altamente portatile. Con una larghezza di banda di ricerca di 50 metri e la funzione Search Assist Plus, un aiuto visivo alla ricerca con istruzioni pittografiche, guida in modo intuitivo l\u2019utente durante l\u2019intero processo di ricerca.L\u2019innovativo Interference Protection System (IPS) riduce al minimo le interferenze durante la trasmissione, garantendo una comunicazione del segnale stabile. Grazie al design robusto, alla lunga durata della batteria e alla connettivit\u00e0 Bluetooth, il MINI IPS \u00e8 un compagno affidabile in ambiente alpino\",\"breadcrumb\":{\"@id\":\"https:\/\/www.sestogrado.it\/it\/prodotto\/pieps-set-mini-ips-artva-pala-e-sonda\/#breadcrumb\"},\"inLanguage\":\"it-IT\",\"potentialAction\":[{\"@type\":\"ReadAction\",\"target\":[[\"https:\/\/www.sestogrado.it\/it\/prodotto\/pieps-set-mini-ips-artva-pala-e-sonda\/\"]]}]},{\"@type\":\"ImageObject\",\"inLanguage\":\"it-IT\",\"@id\":\"https:\/\/www.sestogrado.it\/it\/prodotto\/pieps-set-mini-ips-artva-pala-e-sonda\/#primaryimage\",\"url\":\"https:\/\/www.sestogrado.it\/wp-content\/uploads\/2025\/11\/Presentazione-standard1.jpg\",\"contentUrl\":\"https:\/\/www.sestogrado.it\/wp-content\/uploads\/2025\/11\/Presentazione-standard1.jpg\",\"width\":1512,\"height\":1512,\"caption\":\"set mini IPS\"},{\"@type\":\"BreadcrumbList\",\"@id\":\"https:\/\/www.sestogrado.it\/it\/prodotto\/pieps-set-mini-ips-artva-pala-e-sonda\/#breadcrumb\",\"itemListElement\":[{\"@type\":\"ListItem\",\"position\":1,\"name\":\"Home\",\"item\":\"https:\/\/www.sestogrado.it\/it\/\"},{\"@type\":\"ListItem\",\"position\":2,\"name\":\"Shop\",\"item\":\"https:\/\/www.sestogrado.it\/it\/shop\/\"},{\"@type\":\"ListItem\",\"position\":3,\"name\":\"Pieps Set Mini IPS artva pala e sonda\"}]},{\"@type\":\"WebSite\",\"@id\":\"https:\/\/www.sestogrado.it\/it\/#website\",\"url\":\"https:\/\/www.sestogrado.it\/it\/\",\"name\":\"Sestogrado\",\"description\":\"yes we climb\",\"publisher\":{\"@id\":\"https:\/\/www.sestogrado.it\/it\/#organization\"},\"potentialAction\":[{\"@type\":\"SearchAction\",\"target\":{\"@type\":\"EntryPoint\",\"urlTemplate\":\"https:\/\/www.sestogrado.it\/it\/?s={search_term_string}\"},\"query-input\":{\"@type\":\"PropertyValueSpecification\",\"valueRequired\":true,\"valueName\":\"search_term_string\"}}],\"inLanguage\":\"it-IT\"},{\"@type\":\"Organization\",\"@id\":\"https:\/\/www.sestogrado.it\/it\/#organization\",\"name\":\"Sestogrado\",\"url\":\"https:\/\/www.sestogrado.it\/it\/\",\"logo\":{\"@type\":\"ImageObject\",\"inLanguage\":\"it-IT\",\"@id\":\"https:\/\/www.sestogrado.it\/it\/#\/schema\/logo\/image\/\",\"url\":\"https:\/\/www.sestogrado.it\/wp-content\/uploads\/2015\/03\/sestogrado-favicon.png\",\"contentUrl\":\"https:\/\/www.sestogrado.it\/wp-content\/uploads\/2015\/03\/sestogrado-favicon.png\",\"width\":260,\"height\":260,\"caption\":\"Sestogrado\"},\"image\":{\"@id\":\"https:\/\/www.sestogrado.it\/it\/#\/schema\/logo\/image\/\"},\"sameAs\":[\"https:\/\/www.facebook.com\/pages\/Sestogrado\/1542635979353017?ref=bookmarks\",\"https:\/\/www.youtube.com\/channel\/UC847kAfTkaJsWpc1jtQwr3Q\"],\"hasMerchantReturnPolicy\":{\"@type\":\"MerchantReturnPolicy\",\"merchantReturnLink\":\"https:\/\/www.sestogrado.it\/it\/termini-e-condizioni\/\"}}]}<\/script>\n<meta property=\"product:brand\" content=\"Pieps\" \/>\n<meta property=\"product:price:amount\" content=\"329.00\" \/>\n<meta property=\"product:price:currency\" content=\"EUR\" \/>\n<meta property=\"og:availability\" content=\"instock\" \/>\n<meta property=\"product:availability\" content=\"instock\" \/>\n<meta property=\"product:condition\" content=\"new\" \/>\n<!-- \/ Yoast SEO plugin. -->","yoast_head_json":{"title":"Pieps Set Mini IPS artva pala e sonda - Sestogrado","description":"Il PIEPS MINI IPS \u00e8 un ricetrasmettitore da valanga compatto che porta la tecnologia avanzata di PIEPS in un formato altamente portatile. Con una larghezza di banda di ricerca di 50 metri e la funzione Search Assist Plus, un aiuto visivo alla ricerca con istruzioni pittografiche, guida in modo intuitivo l\u2019utente durante l\u2019intero processo di ricerca.L\u2019innovativo Interference Protection System (IPS) riduce al minimo le interferenze durante la trasmissione, garantendo una comunicazione del segnale stabile. Grazie al design robusto, alla lunga durata della batteria e alla connettivit\u00e0 Bluetooth, il MINI IPS \u00e8 un compagno affidabile in ambiente alpino","robots":{"index":"index","follow":"follow","max-snippet":"max-snippet:-1","max-image-preview":"max-image-preview:large","max-video-preview":"max-video-preview:-1"},"canonical":"https:\/\/www.sestogrado.it\/it\/prodotto\/pieps-set-mini-ips-artva-pala-e-sonda\/","og_locale":"it_IT","og_type":"article","og_title":"Pieps Set Mini IPS artva pala e sonda - Sestogrado","og_description":"Il PIEPS MINI IPS \u00e8 un ricetrasmettitore da valanga compatto che porta la tecnologia avanzata di PIEPS in un formato altamente portatile. Con una larghezza di banda di ricerca di 50 metri e la funzione Search Assist Plus, un aiuto visivo alla ricerca con istruzioni pittografiche, guida in modo intuitivo l\u2019utente durante l\u2019intero processo di ricerca.L\u2019innovativo Interference Protection System (IPS) riduce al minimo le interferenze durante la trasmissione, garantendo una comunicazione del segnale stabile. Grazie al design robusto, alla lunga durata della batteria e alla connettivit\u00e0 Bluetooth, il MINI IPS \u00e8 un compagno affidabile in ambiente alpino","og_url":"https:\/\/www.sestogrado.it\/it\/prodotto\/pieps-set-mini-ips-artva-pala-e-sonda\/","og_site_name":"Sestogrado","article_publisher":"https:\/\/www.facebook.com\/pages\/Sestogrado\/1542635979353017?ref=bookmarks","article_modified_time":"2026-05-04T10:01:08+00:00","og_image":[{"width":1512,"height":1512,"url":"https:\/\/www.sestogrado.it\/wp-content\/uploads\/2025\/11\/Presentazione-standard1.jpg","type":"image\/jpeg"}],"twitter_misc":{"Prezzo":"&euro;&nbsp;329,00","Disponibilit\u00e0":"In stock"},"schema":{"@context":"https:\/\/schema.org","@graph":[{"@type":"WebPage","@id":"https:\/\/www.sestogrado.it\/it\/prodotto\/pieps-set-mini-ips-artva-pala-e-sonda\/","url":"https:\/\/www.sestogrado.it\/it\/prodotto\/pieps-set-mini-ips-artva-pala-e-sonda\/","name":"Pieps Set Mini IPS artva pala e sonda - Sestogrado","isPartOf":{"@id":"https:\/\/www.sestogrado.it\/it\/#website"},"primaryImageOfPage":{"@id":"https:\/\/www.sestogrado.it\/it\/prodotto\/pieps-set-mini-ips-artva-pala-e-sonda\/#primaryimage"},"image":{"@id":"https:\/\/www.sestogrado.it\/prodotto\/pieps-set-mini-ips-artva-pala-e-sonda\/#primaryimage"},"thumbnailUrl":"https:\/\/www.sestogrado.it\/wp-content\/uploads\/2025\/11\/Presentazione-standard1.jpg","datePublished":"2025-11-07T10:41:43+00:00","dateModified":"2026-05-04T10:01:08+00:00","description":"Il PIEPS MINI IPS \u00e8 un ricetrasmettitore da valanga compatto che porta la tecnologia avanzata di PIEPS in un formato altamente portatile. Con una larghezza di banda di ricerca di 50 metri e la funzione Search Assist Plus, un aiuto visivo alla ricerca con istruzioni pittografiche, guida in modo intuitivo l\u2019utente durante l\u2019intero processo di ricerca.L\u2019innovativo Interference Protection System (IPS) riduce al minimo le interferenze durante la trasmissione, garantendo una comunicazione del segnale stabile. Grazie al design robusto, alla lunga durata della batteria e alla connettivit\u00e0 Bluetooth, il MINI IPS \u00e8 un compagno affidabile in ambiente alpino","breadcrumb":{"@id":"https:\/\/www.sestogrado.it\/it\/prodotto\/pieps-set-mini-ips-artva-pala-e-sonda\/#breadcrumb"},"inLanguage":"it-IT","potentialAction":[{"@type":"ReadAction","target":[["https:\/\/www.sestogrado.it\/it\/prodotto\/pieps-set-mini-ips-artva-pala-e-sonda\/"]]}]},{"@type":"ImageObject","inLanguage":"it-IT","@id":"https:\/\/www.sestogrado.it\/it\/prodotto\/pieps-set-mini-ips-artva-pala-e-sonda\/#primaryimage","url":"https:\/\/www.sestogrado.it\/wp-content\/uploads\/2025\/11\/Presentazione-standard1.jpg","contentUrl":"https:\/\/www.sestogrado.it\/wp-content\/uploads\/2025\/11\/Presentazione-standard1.jpg","width":1512,"height":1512,"caption":"set mini IPS"},{"@type":"BreadcrumbList","@id":"https:\/\/www.sestogrado.it\/it\/prodotto\/pieps-set-mini-ips-artva-pala-e-sonda\/#breadcrumb","itemListElement":[{"@type":"ListItem","position":1,"name":"Home","item":"https:\/\/www.sestogrado.it\/it\/"},{"@type":"ListItem","position":2,"name":"Shop","item":"https:\/\/www.sestogrado.it\/it\/shop\/"},{"@type":"ListItem","position":3,"name":"Pieps Set Mini IPS artva pala e sonda"}]},{"@type":"WebSite","@id":"https:\/\/www.sestogrado.it\/it\/#website","url":"https:\/\/www.sestogrado.it\/it\/","name":"Sestogrado","description":"yes we climb","publisher":{"@id":"https:\/\/www.sestogrado.it\/it\/#organization"},"potentialAction":[{"@type":"SearchAction","target":{"@type":"EntryPoint","urlTemplate":"https:\/\/www.sestogrado.it\/it\/?s={search_term_string}"},"query-input":{"@type":"PropertyValueSpecification","valueRequired":true,"valueName":"search_term_string"}}],"inLanguage":"it-IT"},{"@type":"Organization","@id":"https:\/\/www.sestogrado.it\/it\/#organization","name":"Sestogrado","url":"https:\/\/www.sestogrado.it\/it\/","logo":{"@type":"ImageObject","inLanguage":"it-IT","@id":"https:\/\/www.sestogrado.it\/it\/#\/schema\/logo\/image\/","url":"https:\/\/www.sestogrado.it\/wp-content\/uploads\/2015\/03\/sestogrado-favicon.png","contentUrl":"https:\/\/www.sestogrado.it\/wp-content\/uploads\/2015\/03\/sestogrado-favicon.png","width":260,"height":260,"caption":"Sestogrado"},"image":{"@id":"https:\/\/www.sestogrado.it\/it\/#\/schema\/logo\/image\/"},"sameAs":["https:\/\/www.facebook.com\/pages\/Sestogrado\/1542635979353017?ref=bookmarks","https:\/\/www.youtube.com\/channel\/UC847kAfTkaJsWpc1jtQwr3Q"],"hasMerchantReturnPolicy":{"@type":"MerchantReturnPolicy","merchantReturnLink":"https:\/\/www.sestogrado.it\/it\/termini-e-condizioni\/"}}]},"product_brand":"Pieps","product_price_amount":"329.00","product_price_currency":"EUR","og_availability":"instock","product_availability":"instock","product_condition":"new"},"_links":{"self":[{"href":"https:\/\/www.sestogrado.it\/it\/wp-json\/wp\/v2\/product\/202605","targetHints":{"allow":["GET"]}}],"collection":[{"href":"https:\/\/www.sestogrado.it\/it\/wp-json\/wp\/v2\/product"}],"about":[{"href":"https:\/\/www.sestogrado.it\/it\/wp-json\/wp\/v2\/types\/product"}],"replies":[{"embeddable":true,"href":"https:\/\/www.sestogrado.it\/it\/wp-json\/wp\/v2\/comments?post=202605"}],"wp:featuredmedia":[{"embeddable":true,"href":"https:\/\/www.sestogrado.it\/it\/wp-json\/wp\/v2\/media\/202643"}],"wp:attachment":[{"href":"https:\/\/www.sestogrado.it\/it\/wp-json\/wp\/v2\/media?parent=202605"}],"wp:term":[{"taxonomy":"product_brand","embeddable":true,"href":"https:\/\/www.sestogrado.it\/it\/wp-json\/wp\/v2\/product_brand?post=202605"},{"taxonomy":"product_cat","embeddable":true,"href":"https:\/\/www.sestogrado.it\/it\/wp-json\/wp\/v2\/product_cat?post=202605"},{"taxonomy":"product_tag","embeddable":true,"href":"https:\/\/www.sestogrado.it\/it\/wp-json\/wp\/v2\/product_tag?post=202605"}],"curies":[{"name":"wp","href":"https:\/\/api.w.org\/{rel}","templated":true}]}}