{"id":20248,"date":"2019-03-28T15:21:32","date_gmt":"2019-03-28T14:21:32","guid":{"rendered":"https:\/\/www.sestogrado.it\/?post_type=product&#038;p=20248"},"modified":"2026-01-20T13:19:34","modified_gmt":"2026-01-20T12:19:34","slug":"lifesystems-blister-first-aid-kit-anti-vesciche","status":"publish","type":"product","link":"https:\/\/www.sestogrado.it\/it\/prodotto\/lifesystems-blister-first-aid-kit-anti-vesciche\/","title":{"rendered":"Lifesystems Blister First Aid Kit anti vesciche"},"content":{"rendered":"<p>Il Lifesystem Blister first aid kit \u00e8 un kit per la prevenzione e la cura delle vesciche. E&#8217; un kit leggero e compatto, pu\u00f2 essere portato da solo o aggiunto ad un kit di pronto soccorso.<\/p>\n<p>Il Blister First Aid Kit contiene ci\u00f2 che ti serve per curare immediatamente una bolla o una vescica.<\/p>\n<p>Perfetto per trekking, alpinismo, running e per qualsiasi attivit\u00e0 che metta a dura prova i tuoi piedi.<\/p>\n<p>Contiene:<\/p>\n<ul>\n<li>2 x salviette igieniche<\/li>\n<li>1 pack di cerotti assortiti<\/li>\n<li>1 stick antiveschiche<\/li>\n<li>5 cerotti antivesciche<\/li>\n<li>peso: 75g<\/li>\n<li>dimensioni:\u00a0125 x 80 x 45mm<\/li>\n<\/ul>\n<div class=\"embed-responsive embed-responsive-16by9\"><iframe title=\"Which Lifesystems First Aid Kit is right for me?\" width=\"500\" height=\"281\" src=\"https:\/\/www.youtube.com\/embed\/5zfnwN-bZuU?start=1&#038;feature=oembed\" frameborder=\"0\" allow=\"accelerometer; autoplay; clipboard-write; encrypted-media; gyroscope; picture-in-picture; web-share\" referrerpolicy=\"strict-origin-when-cross-origin\" allowfullscreen><\/iframe><\/div>\n<p>Il Lifesystems Blister First Aid \u00e8 un kit imperdibile per chi affronta lunghi tragitti a piedi.<\/p>\n<p>&nbsp;<\/p>\n<p>Lifesystems \u00e8 un&#8217;azienda inglese che sviluppa e produce kit di pronto soccorso per outdoor, trekking e viaggio, con materiali e tecniche di alta qualit\u00e0. E&#8217; formata da un team di pi\u00f9 di 50 persone esperte di viaggi e trekking e fornisce materiale da spedizione in pi\u00f9 di 40 paesi al mondo.<\/p>","protected":false},"excerpt":{"rendered":"<p>Il Lifesystem Blister first aid kit \u00e8 un kit per la prevenzione e la cura delle vesciche. E&#8217; un kit [&hellip;]<\/p>\n","protected":false},"featured_media":20249,"comment_status":"open","ping_status":"closed","template":"","meta":{"_acf_changed":false},"product_brand":[584],"product_cat":[1320],"product_tag":[],"class_list":{"0":"post-20248","1":"product","2":"type-product","3":"status-publish","4":"has-post-thumbnail","6":"product_brand-lifesystems","7":"product_cat-kit-soccorso","9":"first","10":"instock","11":"sale","12":"taxable","13":"shipping-taxable","14":"purchasable","15":"product-type-simple"},"acf":[],"yoast_head":"<!-- This site is optimized with the Yoast SEO plugin v26.4 - https:\/\/yoast.com\/wordpress\/plugins\/seo\/ -->\n<title>Lifesystems Blister First Aid Kit anti vesciche - Sestogrado<\/title>\n<meta name=\"description\" content=\"Il Lifesystem Blister first aid kit \u00e8 un kit per la prevenzione e la cura delle vesciche. E&#039; un kit leggero e compatto, pu\u00f2 essere portato da solo o aggiunto ad un kit di pronto soccorso. Il Blister First Aid Kit contiene ci\u00f2 che ti serve per curare immediatamente una bolla o una vescica. Perfetto per trekking.\" \/>\n<meta name=\"robots\" content=\"index, follow, max-snippet:-1, max-image-preview:large, max-video-preview:-1\" \/>\n<link rel=\"canonical\" href=\"https:\/\/www.sestogrado.it\/it\/prodotto\/lifesystems-blister-first-aid-kit-anti-vesciche\/\" \/>\n<meta property=\"og:locale\" content=\"it_IT\" \/>\n<meta property=\"og:type\" content=\"article\" \/>\n<meta property=\"og:title\" content=\"Lifesystems Blister First Aid Kit anti vesciche - Sestogrado\" \/>\n<meta property=\"og:description\" content=\"Il Lifesystem Blister first aid kit \u00e8 un kit per la prevenzione e la cura delle vesciche. E&#039; un kit leggero e compatto, pu\u00f2 essere portato da solo o aggiunto ad un kit di pronto soccorso. Il Blister First Aid Kit contiene ci\u00f2 che ti serve per curare immediatamente una bolla o una vescica. Perfetto per trekking.\" \/>\n<meta property=\"og:url\" content=\"https:\/\/www.sestogrado.it\/it\/prodotto\/lifesystems-blister-first-aid-kit-anti-vesciche\/\" \/>\n<meta property=\"og:site_name\" content=\"Sestogrado\" \/>\n<meta property=\"article:publisher\" content=\"https:\/\/www.facebook.com\/pages\/Sestogrado\/1542635979353017?ref=bookmarks\" \/>\n<meta property=\"article:modified_time\" content=\"2026-01-20T12:19:34+00:00\" \/>\n<meta property=\"og:image\" content=\"https:\/\/www.sestogrado.it\/wp-content\/uploads\/2019\/03\/01-11.jpg\" \/>\n\t<meta property=\"og:image:width\" content=\"700\" \/>\n\t<meta property=\"og:image:height\" content=\"700\" \/>\n\t<meta property=\"og:image:type\" content=\"image\/jpeg\" \/>\n<meta name=\"twitter:label1\" content=\"Prezzo\" \/>\n\t<meta name=\"twitter:data1\" content=\"&euro;&nbsp;19,90\" \/>\n\t<meta name=\"twitter:label2\" content=\"Disponibilit\u00e0\" \/>\n\t<meta name=\"twitter:data2\" content=\"In stock\" \/>\n<script type=\"application\/ld+json\" class=\"yoast-schema-graph\">{\"@context\":\"https:\/\/schema.org\",\"@graph\":[{\"@type\":\"WebPage\",\"@id\":\"https:\/\/www.sestogrado.it\/it\/prodotto\/lifesystems-blister-first-aid-kit-anti-vesciche\/\",\"url\":\"https:\/\/www.sestogrado.it\/it\/prodotto\/lifesystems-blister-first-aid-kit-anti-vesciche\/\",\"name\":\"Lifesystems Blister First Aid Kit anti vesciche - Sestogrado\",\"isPartOf\":{\"@id\":\"https:\/\/www.sestogrado.it\/it\/#website\"},\"primaryImageOfPage\":{\"@id\":\"https:\/\/www.sestogrado.it\/it\/prodotto\/lifesystems-blister-first-aid-kit-anti-vesciche\/#primaryimage\"},\"image\":{\"@id\":\"https:\/\/www.sestogrado.it\/prodotto\/lifesystems-blister-first-aid-kit-anti-vesciche\/#primaryimage\"},\"thumbnailUrl\":\"https:\/\/www.sestogrado.it\/wp-content\/uploads\/2019\/03\/01-11.jpg\",\"datePublished\":\"2019-03-28T14:21:32+00:00\",\"dateModified\":\"2026-01-20T12:19:34+00:00\",\"description\":\"Il Lifesystem Blister first aid kit \u00e8 un kit per la prevenzione e la cura delle vesciche. E' un kit leggero e compatto, pu\u00f2 essere portato da solo o aggiunto ad un kit di pronto soccorso. Il Blister First Aid Kit contiene ci\u00f2 che ti serve per curare immediatamente una bolla o una vescica. Perfetto per trekking.\",\"breadcrumb\":{\"@id\":\"https:\/\/www.sestogrado.it\/it\/prodotto\/lifesystems-blister-first-aid-kit-anti-vesciche\/#breadcrumb\"},\"inLanguage\":\"it-IT\",\"potentialAction\":[{\"@type\":\"ReadAction\",\"target\":[[\"https:\/\/www.sestogrado.it\/it\/prodotto\/lifesystems-blister-first-aid-kit-anti-vesciche\/\"]]}]},{\"@type\":\"ImageObject\",\"inLanguage\":\"it-IT\",\"@id\":\"https:\/\/www.sestogrado.it\/it\/prodotto\/lifesystems-blister-first-aid-kit-anti-vesciche\/#primaryimage\",\"url\":\"https:\/\/www.sestogrado.it\/wp-content\/uploads\/2019\/03\/01-11.jpg\",\"contentUrl\":\"https:\/\/www.sestogrado.it\/wp-content\/uploads\/2019\/03\/01-11.jpg\",\"width\":700,\"height\":700,\"caption\":\"blister kit\"},{\"@type\":\"BreadcrumbList\",\"@id\":\"https:\/\/www.sestogrado.it\/it\/prodotto\/lifesystems-blister-first-aid-kit-anti-vesciche\/#breadcrumb\",\"itemListElement\":[{\"@type\":\"ListItem\",\"position\":1,\"name\":\"Home\",\"item\":\"https:\/\/www.sestogrado.it\/it\/\"},{\"@type\":\"ListItem\",\"position\":2,\"name\":\"Shop\",\"item\":\"https:\/\/www.sestogrado.it\/it\/shop\/\"},{\"@type\":\"ListItem\",\"position\":3,\"name\":\"Lifesystems Blister First Aid Kit anti vesciche\"}]},{\"@type\":\"WebSite\",\"@id\":\"https:\/\/www.sestogrado.it\/it\/#website\",\"url\":\"https:\/\/www.sestogrado.it\/it\/\",\"name\":\"Sestogrado\",\"description\":\"yes we climb\",\"publisher\":{\"@id\":\"https:\/\/www.sestogrado.it\/it\/#organization\"},\"potentialAction\":[{\"@type\":\"SearchAction\",\"target\":{\"@type\":\"EntryPoint\",\"urlTemplate\":\"https:\/\/www.sestogrado.it\/it\/?s={search_term_string}\"},\"query-input\":{\"@type\":\"PropertyValueSpecification\",\"valueRequired\":true,\"valueName\":\"search_term_string\"}}],\"inLanguage\":\"it-IT\"},{\"@type\":\"Organization\",\"@id\":\"https:\/\/www.sestogrado.it\/it\/#organization\",\"name\":\"Sestogrado\",\"url\":\"https:\/\/www.sestogrado.it\/it\/\",\"logo\":{\"@type\":\"ImageObject\",\"inLanguage\":\"it-IT\",\"@id\":\"https:\/\/www.sestogrado.it\/it\/#\/schema\/logo\/image\/\",\"url\":\"https:\/\/www.sestogrado.it\/wp-content\/uploads\/2015\/03\/sestogrado-favicon.png\",\"contentUrl\":\"https:\/\/www.sestogrado.it\/wp-content\/uploads\/2015\/03\/sestogrado-favicon.png\",\"width\":260,\"height\":260,\"caption\":\"Sestogrado\"},\"image\":{\"@id\":\"https:\/\/www.sestogrado.it\/it\/#\/schema\/logo\/image\/\"},\"sameAs\":[\"https:\/\/www.facebook.com\/pages\/Sestogrado\/1542635979353017?ref=bookmarks\",\"https:\/\/www.youtube.com\/channel\/UC847kAfTkaJsWpc1jtQwr3Q\"],\"hasMerchantReturnPolicy\":{\"@type\":\"MerchantReturnPolicy\",\"merchantReturnLink\":\"https:\/\/www.sestogrado.it\/it\/termini-e-condizioni\/\"}}]}<\/script>\n<meta property=\"product:brand\" content=\"Lifesystems\" \/>\n<meta property=\"product:price:amount\" content=\"19.90\" \/>\n<meta property=\"product:price:currency\" content=\"EUR\" \/>\n<meta property=\"og:availability\" content=\"instock\" \/>\n<meta property=\"product:availability\" content=\"instock\" \/>\n<meta property=\"product:condition\" content=\"new\" \/>\n<!-- \/ Yoast SEO plugin. -->","yoast_head_json":{"title":"Lifesystems Blister First Aid Kit anti vesciche - Sestogrado","description":"Il Lifesystem Blister first aid kit \u00e8 un kit per la prevenzione e la cura delle vesciche. E' un kit leggero e compatto, pu\u00f2 essere portato da solo o aggiunto ad un kit di pronto soccorso. Il Blister First Aid Kit contiene ci\u00f2 che ti serve per curare immediatamente una bolla o una vescica. Perfetto per trekking.","robots":{"index":"index","follow":"follow","max-snippet":"max-snippet:-1","max-image-preview":"max-image-preview:large","max-video-preview":"max-video-preview:-1"},"canonical":"https:\/\/www.sestogrado.it\/it\/prodotto\/lifesystems-blister-first-aid-kit-anti-vesciche\/","og_locale":"it_IT","og_type":"article","og_title":"Lifesystems Blister First Aid Kit anti vesciche - Sestogrado","og_description":"Il Lifesystem Blister first aid kit \u00e8 un kit per la prevenzione e la cura delle vesciche. E' un kit leggero e compatto, pu\u00f2 essere portato da solo o aggiunto ad un kit di pronto soccorso. Il Blister First Aid Kit contiene ci\u00f2 che ti serve per curare immediatamente una bolla o una vescica. Perfetto per trekking.","og_url":"https:\/\/www.sestogrado.it\/it\/prodotto\/lifesystems-blister-first-aid-kit-anti-vesciche\/","og_site_name":"Sestogrado","article_publisher":"https:\/\/www.facebook.com\/pages\/Sestogrado\/1542635979353017?ref=bookmarks","article_modified_time":"2026-01-20T12:19:34+00:00","og_image":[{"width":700,"height":700,"url":"https:\/\/www.sestogrado.it\/wp-content\/uploads\/2019\/03\/01-11.jpg","type":"image\/jpeg"}],"twitter_misc":{"Prezzo":"&euro;&nbsp;19,90","Disponibilit\u00e0":"In stock"},"schema":{"@context":"https:\/\/schema.org","@graph":[{"@type":"WebPage","@id":"https:\/\/www.sestogrado.it\/it\/prodotto\/lifesystems-blister-first-aid-kit-anti-vesciche\/","url":"https:\/\/www.sestogrado.it\/it\/prodotto\/lifesystems-blister-first-aid-kit-anti-vesciche\/","name":"Lifesystems Blister First Aid Kit anti vesciche - Sestogrado","isPartOf":{"@id":"https:\/\/www.sestogrado.it\/it\/#website"},"primaryImageOfPage":{"@id":"https:\/\/www.sestogrado.it\/it\/prodotto\/lifesystems-blister-first-aid-kit-anti-vesciche\/#primaryimage"},"image":{"@id":"https:\/\/www.sestogrado.it\/prodotto\/lifesystems-blister-first-aid-kit-anti-vesciche\/#primaryimage"},"thumbnailUrl":"https:\/\/www.sestogrado.it\/wp-content\/uploads\/2019\/03\/01-11.jpg","datePublished":"2019-03-28T14:21:32+00:00","dateModified":"2026-01-20T12:19:34+00:00","description":"Il Lifesystem Blister first aid kit \u00e8 un kit per la prevenzione e la cura delle vesciche. E' un kit leggero e compatto, pu\u00f2 essere portato da solo o aggiunto ad un kit di pronto soccorso. Il Blister First Aid Kit contiene ci\u00f2 che ti serve per curare immediatamente una bolla o una vescica. Perfetto per trekking.","breadcrumb":{"@id":"https:\/\/www.sestogrado.it\/it\/prodotto\/lifesystems-blister-first-aid-kit-anti-vesciche\/#breadcrumb"},"inLanguage":"it-IT","potentialAction":[{"@type":"ReadAction","target":[["https:\/\/www.sestogrado.it\/it\/prodotto\/lifesystems-blister-first-aid-kit-anti-vesciche\/"]]}]},{"@type":"ImageObject","inLanguage":"it-IT","@id":"https:\/\/www.sestogrado.it\/it\/prodotto\/lifesystems-blister-first-aid-kit-anti-vesciche\/#primaryimage","url":"https:\/\/www.sestogrado.it\/wp-content\/uploads\/2019\/03\/01-11.jpg","contentUrl":"https:\/\/www.sestogrado.it\/wp-content\/uploads\/2019\/03\/01-11.jpg","width":700,"height":700,"caption":"blister kit"},{"@type":"BreadcrumbList","@id":"https:\/\/www.sestogrado.it\/it\/prodotto\/lifesystems-blister-first-aid-kit-anti-vesciche\/#breadcrumb","itemListElement":[{"@type":"ListItem","position":1,"name":"Home","item":"https:\/\/www.sestogrado.it\/it\/"},{"@type":"ListItem","position":2,"name":"Shop","item":"https:\/\/www.sestogrado.it\/it\/shop\/"},{"@type":"ListItem","position":3,"name":"Lifesystems Blister First Aid Kit anti vesciche"}]},{"@type":"WebSite","@id":"https:\/\/www.sestogrado.it\/it\/#website","url":"https:\/\/www.sestogrado.it\/it\/","name":"Sestogrado","description":"yes we climb","publisher":{"@id":"https:\/\/www.sestogrado.it\/it\/#organization"},"potentialAction":[{"@type":"SearchAction","target":{"@type":"EntryPoint","urlTemplate":"https:\/\/www.sestogrado.it\/it\/?s={search_term_string}"},"query-input":{"@type":"PropertyValueSpecification","valueRequired":true,"valueName":"search_term_string"}}],"inLanguage":"it-IT"},{"@type":"Organization","@id":"https:\/\/www.sestogrado.it\/it\/#organization","name":"Sestogrado","url":"https:\/\/www.sestogrado.it\/it\/","logo":{"@type":"ImageObject","inLanguage":"it-IT","@id":"https:\/\/www.sestogrado.it\/it\/#\/schema\/logo\/image\/","url":"https:\/\/www.sestogrado.it\/wp-content\/uploads\/2015\/03\/sestogrado-favicon.png","contentUrl":"https:\/\/www.sestogrado.it\/wp-content\/uploads\/2015\/03\/sestogrado-favicon.png","width":260,"height":260,"caption":"Sestogrado"},"image":{"@id":"https:\/\/www.sestogrado.it\/it\/#\/schema\/logo\/image\/"},"sameAs":["https:\/\/www.facebook.com\/pages\/Sestogrado\/1542635979353017?ref=bookmarks","https:\/\/www.youtube.com\/channel\/UC847kAfTkaJsWpc1jtQwr3Q"],"hasMerchantReturnPolicy":{"@type":"MerchantReturnPolicy","merchantReturnLink":"https:\/\/www.sestogrado.it\/it\/termini-e-condizioni\/"}}]},"product_brand":"Lifesystems","product_price_amount":"19.90","product_price_currency":"EUR","og_availability":"instock","product_availability":"instock","product_condition":"new"},"_links":{"self":[{"href":"https:\/\/www.sestogrado.it\/it\/wp-json\/wp\/v2\/product\/20248","targetHints":{"allow":["GET"]}}],"collection":[{"href":"https:\/\/www.sestogrado.it\/it\/wp-json\/wp\/v2\/product"}],"about":[{"href":"https:\/\/www.sestogrado.it\/it\/wp-json\/wp\/v2\/types\/product"}],"replies":[{"embeddable":true,"href":"https:\/\/www.sestogrado.it\/it\/wp-json\/wp\/v2\/comments?post=20248"}],"wp:featuredmedia":[{"embeddable":true,"href":"https:\/\/www.sestogrado.it\/it\/wp-json\/wp\/v2\/media\/20249"}],"wp:attachment":[{"href":"https:\/\/www.sestogrado.it\/it\/wp-json\/wp\/v2\/media?parent=20248"}],"wp:term":[{"taxonomy":"product_brand","embeddable":true,"href":"https:\/\/www.sestogrado.it\/it\/wp-json\/wp\/v2\/product_brand?post=20248"},{"taxonomy":"product_cat","embeddable":true,"href":"https:\/\/www.sestogrado.it\/it\/wp-json\/wp\/v2\/product_cat?post=20248"},{"taxonomy":"product_tag","embeddable":true,"href":"https:\/\/www.sestogrado.it\/it\/wp-json\/wp\/v2\/product_tag?post=20248"}],"curies":[{"name":"wp","href":"https:\/\/api.w.org\/{rel}","templated":true}]}}