{"id":202454,"date":"2025-10-31T14:38:19","date_gmt":"2025-10-31T13:38:19","guid":{"rendered":"https:\/\/www.sestogrado.it\/?post_type=product&#038;p=202454"},"modified":"2026-04-19T17:17:22","modified_gmt":"2026-04-19T15:17:22","slug":"camp-ice-master-pro-ramponcini-antiscivolo","status":"publish","type":"product","link":"https:\/\/www.sestogrado.it\/it\/prodotto\/camp-ice-master-pro-ramponcini-antiscivolo\/","title":{"rendered":"Camp Ice Master PRO ramponcini antiscivolo"},"content":{"rendered":"<p>L&#8217;Ice Master Pro \u00e8 il non plus ultra dei ramponcini Camp. Un prodotto versatile all\u2019insegna dell\u2019innovazione, caratterizzato dall\u2019inedito sistema di fissaggio 3D bimateriale, pi\u00f9 morbido e avvolgente dove occorre adattabilit\u00e0 e pi\u00f9 rigido e robusto dove serve supporto. L\u2019innovazione sta anche nella struttura minimale in acciaio inox, con doppio snodo nella parte anteriore che garantisce un perfetto adattamento a qualsiasi suola e alla sua deformazione durante la camminata. Le 16 punte, adeguatamente proporzionate, sono disposte per massimizzare trazione, tenuta laterale e frenata in presenza di neve, ghiaccio o comunque su fondi a bassa aderenza (fango, erba bagnata, rocce lichenose ecc.). Le micro-catene di collegamento in acciaio inox contribuiscono sia alla leggerezza sia all\u2019essenzialit\u00e0 dell\u2019attrezzo. La custodia in dotazione, leggera e compatta, completa la proposta, rendendo l\u2019Ice Master Pro un prodotto da avere sempre nello zaino, pronto a garantire la sicurezza indispensabile durante lunghe escursioni, alte vie e trekking. <strong>ATTENZIONE:<\/strong>\u00a0su terreni tecnici, l\u2019Ice Master Pro non sostituisce i classici ramponi da alpinismo.<\/p>\n<ul>\n<li>Ramponcino antiscivolo polivalente, leggero e performante<\/li>\n<li>Innovativo sistema di fissaggio 3D bimateriale, per un perfetto adattamento e un\u2019assoluta stabilit\u00e0 sulla calzatura<\/li>\n<li>Struttura punte minimale in acciaio inox, ottimizzata per un incredibile rapporto peso\/efficacia<\/li>\n<li>16 punte da 15 mm distribuite per massimizzare trazione, tenuta laterale e frenata<\/li>\n<li>Parte anteriore con doppio snodo per adattarsi a qualsiasi suola e alla sua deformazione durante la camminata<\/li>\n<li>Micro-catene di collegamento in acciaio inox<\/li>\n<li>Disponibile in 4 misure per calzature dal numero 36 al numero 47<\/li>\n<li>Custodia rigida in dotazione, funzionale e compatta, con fori di ventilazione per favorire l\u2019asciugatura del prodotto<\/li>\n<\/ul>\n<p><strong>Taglie:<\/strong><\/p>\n<p>Taglia S 36\/38<br \/>\nTaglia M 39\/41<br \/>\nTaglia L 42\/44<br \/>\nTaglia XL 45\/47<\/p>\n<p>&nbsp;<\/p>\n<p>Innovazione e cura dei dettagli fanno sempre la differenza: non soltanto quando si tratta di attrezzi da alpinismo ad alto livello, come piccozze e ramponi, ma anche nell\u2019ambito dei prodotti da escursionismo; senza dimenticare che il know-how acquisito nello sviluppo degli articoli pi\u00f9 tecnici va sempre a beneficio di quelli pi\u00f9 semplici. \u00c8 su queste basi che nasce la <strong>nuova linea di ramponcini antiscivolo CAMP<\/strong>, risultato di decenni di esperienza nella realizzazione di attrezzi da ghiaccio diventati leggendari.<\/p>\n<p>Scegliere i ramponcini CAMP significa entrare in una storia all\u2019insegna dell\u2019eccellenza, trovandosi di fronte una gamma completa in grado di soddisfare tutte le esigenze. Non un unico modello per ogni situazione, ma diversi prodotti specifici per l\u2019escursionista, il winter runner e in generale per chi vuole passare il proprio tempo libero all\u2019aria aperta, sulla neve e non solo: utilizzatori diversi che richiedono caratteristiche diverse, declinate al meglio da ciascuno degli articoli presentati. I ramponcini CAMP, caratterizzati da soluzioni tecniche innovative a vantaggio delle prestazioni, della durata e della funzionalit\u00e0, si montano facilmente e rapidamente su diversi tipi di calzature, incrementando l\u2019aderenza e la stabilit\u00e0 sui terreni scivolosi e scongiurando il rischio di pericolose scivolate. Pratici da tenere nello zaino per entrare in azione ogni volta che ce n\u2019\u00e8 bisogno, sono pronti a diventare compagni fidati e inseparabili di tutti i frequentatori della montagna invernale.<\/p>","protected":false},"excerpt":{"rendered":"<p>L&#8217;Ice Master Pro \u00e8 il non plus ultra dei ramponcini Camp. Un prodotto versatile all\u2019insegna dell\u2019innovazione, caratterizzato dall\u2019inedito sistema di [&hellip;]<\/p>\n","protected":false},"featured_media":202459,"comment_status":"open","ping_status":"closed","template":"","meta":{"_acf_changed":false},"product_brand":[31],"product_cat":[153],"product_tag":[],"class_list":{"0":"post-202454","1":"product","2":"type-product","3":"status-publish","4":"has-post-thumbnail","6":"product_brand-camp","7":"product_cat-ramponi","9":"first","10":"instock","11":"sale","12":"taxable","13":"shipping-taxable","14":"purchasable","15":"product-type-variable"},"acf":[],"yoast_head":"<!-- This site is optimized with the Yoast SEO plugin v26.4 - https:\/\/yoast.com\/wordpress\/plugins\/seo\/ -->\n<title>Camp Ice Master PRO ramponcini antiscivolo - Sestogrado<\/title>\n<meta name=\"description\" content=\"Altamente performante, leggero e robusto, l\u2019Ice Master Pro \u00e8 il non plus ultra dei ramponcini Camp. Un prodotto versatile all\u2019insegna dell\u2019innovazione, caratterizzato dall\u2019inedito sistema di fissaggio 3D bimateriale, pi\u00f9 morbido e avvolgente dove occorre adattabilit\u00e0 e pi\u00f9 rigido e robusto dove serve supporto. L\u2019innovazione sta anche nella struttura minimale in acciaio inox, con doppio snodo nella parte anteriore che garantisce un perfetto adattamento a qualsiasi suola e alla sua deformazione durante la camminata. Le 16 punte, adeguatamente proporzionate, sono disposte per massimizzare trazione, tenuta laterale e frenata in presenza di neve\" \/>\n<meta name=\"robots\" content=\"index, follow, max-snippet:-1, max-image-preview:large, max-video-preview:-1\" \/>\n<link rel=\"canonical\" href=\"https:\/\/www.sestogrado.it\/it\/prodotto\/camp-ice-master-pro-ramponcini-antiscivolo\/\" \/>\n<meta property=\"og:locale\" content=\"it_IT\" \/>\n<meta property=\"og:type\" content=\"article\" \/>\n<meta property=\"og:title\" content=\"Camp Ice Master PRO ramponcini antiscivolo - Sestogrado\" \/>\n<meta property=\"og:description\" content=\"Altamente performante, leggero e robusto, l\u2019Ice Master Pro \u00e8 il non plus ultra dei ramponcini Camp. Un prodotto versatile all\u2019insegna dell\u2019innovazione, caratterizzato dall\u2019inedito sistema di fissaggio 3D bimateriale, pi\u00f9 morbido e avvolgente dove occorre adattabilit\u00e0 e pi\u00f9 rigido e robusto dove serve supporto. L\u2019innovazione sta anche nella struttura minimale in acciaio inox, con doppio snodo nella parte anteriore che garantisce un perfetto adattamento a qualsiasi suola e alla sua deformazione durante la camminata. Le 16 punte, adeguatamente proporzionate, sono disposte per massimizzare trazione, tenuta laterale e frenata in presenza di neve\" \/>\n<meta property=\"og:url\" content=\"https:\/\/www.sestogrado.it\/it\/prodotto\/camp-ice-master-pro-ramponcini-antiscivolo\/\" \/>\n<meta property=\"og:site_name\" content=\"Sestogrado\" \/>\n<meta property=\"article:publisher\" content=\"https:\/\/www.facebook.com\/pages\/Sestogrado\/1542635979353017?ref=bookmarks\" \/>\n<meta property=\"article:modified_time\" content=\"2026-04-19T15:17:22+00:00\" \/>\n<meta property=\"og:image\" content=\"https:\/\/www.sestogrado.it\/wp-content\/uploads\/2025\/10\/01-14.jpg\" \/>\n\t<meta property=\"og:image:width\" content=\"1200\" \/>\n\t<meta property=\"og:image:height\" content=\"1200\" \/>\n\t<meta property=\"og:image:type\" content=\"image\/jpeg\" \/>\n<meta name=\"twitter:label1\" content=\"Disponibilit\u00e0\" \/>\n\t<meta name=\"twitter:data1\" content=\"In stock\" \/>\n<script type=\"application\/ld+json\" class=\"yoast-schema-graph\">{\"@context\":\"https:\/\/schema.org\",\"@graph\":[{\"@type\":\"WebPage\",\"@id\":\"https:\/\/www.sestogrado.it\/it\/prodotto\/camp-ice-master-pro-ramponcini-antiscivolo\/\",\"url\":\"https:\/\/www.sestogrado.it\/it\/prodotto\/camp-ice-master-pro-ramponcini-antiscivolo\/\",\"name\":\"Camp Ice Master PRO ramponcini antiscivolo - Sestogrado\",\"isPartOf\":{\"@id\":\"https:\/\/www.sestogrado.it\/it\/#website\"},\"primaryImageOfPage\":{\"@id\":\"https:\/\/www.sestogrado.it\/it\/prodotto\/camp-ice-master-pro-ramponcini-antiscivolo\/#primaryimage\"},\"image\":{\"@id\":\"https:\/\/www.sestogrado.it\/prodotto\/camp-ice-master-pro-ramponcini-antiscivolo\/#primaryimage\"},\"thumbnailUrl\":\"https:\/\/www.sestogrado.it\/wp-content\/uploads\/2025\/10\/01-14.jpg\",\"datePublished\":\"2025-10-31T13:38:19+00:00\",\"dateModified\":\"2026-04-19T15:17:22+00:00\",\"description\":\"Altamente performante, leggero e robusto, l\u2019Ice Master Pro \u00e8 il non plus ultra dei ramponcini Camp. Un prodotto versatile all\u2019insegna dell\u2019innovazione, caratterizzato dall\u2019inedito sistema di fissaggio 3D bimateriale, pi\u00f9 morbido e avvolgente dove occorre adattabilit\u00e0 e pi\u00f9 rigido e robusto dove serve supporto. L\u2019innovazione sta anche nella struttura minimale in acciaio inox, con doppio snodo nella parte anteriore che garantisce un perfetto adattamento a qualsiasi suola e alla sua deformazione durante la camminata. Le 16 punte, adeguatamente proporzionate, sono disposte per massimizzare trazione, tenuta laterale e frenata in presenza di neve\",\"breadcrumb\":{\"@id\":\"https:\/\/www.sestogrado.it\/it\/prodotto\/camp-ice-master-pro-ramponcini-antiscivolo\/#breadcrumb\"},\"inLanguage\":\"it-IT\",\"potentialAction\":[{\"@type\":\"ReadAction\",\"target\":[[\"https:\/\/www.sestogrado.it\/it\/prodotto\/camp-ice-master-pro-ramponcini-antiscivolo\/\"]]}]},{\"@type\":\"ImageObject\",\"inLanguage\":\"it-IT\",\"@id\":\"https:\/\/www.sestogrado.it\/it\/prodotto\/camp-ice-master-pro-ramponcini-antiscivolo\/#primaryimage\",\"url\":\"https:\/\/www.sestogrado.it\/wp-content\/uploads\/2025\/10\/01-14.jpg\",\"contentUrl\":\"https:\/\/www.sestogrado.it\/wp-content\/uploads\/2025\/10\/01-14.jpg\",\"width\":1200,\"height\":1200,\"caption\":\"ice master pro\"},{\"@type\":\"BreadcrumbList\",\"@id\":\"https:\/\/www.sestogrado.it\/it\/prodotto\/camp-ice-master-pro-ramponcini-antiscivolo\/#breadcrumb\",\"itemListElement\":[{\"@type\":\"ListItem\",\"position\":1,\"name\":\"Home\",\"item\":\"https:\/\/www.sestogrado.it\/it\/\"},{\"@type\":\"ListItem\",\"position\":2,\"name\":\"Shop\",\"item\":\"https:\/\/www.sestogrado.it\/it\/shop\/\"},{\"@type\":\"ListItem\",\"position\":3,\"name\":\"Camp Ice Master PRO ramponcini antiscivolo\"}]},{\"@type\":\"WebSite\",\"@id\":\"https:\/\/www.sestogrado.it\/it\/#website\",\"url\":\"https:\/\/www.sestogrado.it\/it\/\",\"name\":\"Sestogrado\",\"description\":\"yes we climb\",\"publisher\":{\"@id\":\"https:\/\/www.sestogrado.it\/it\/#organization\"},\"potentialAction\":[{\"@type\":\"SearchAction\",\"target\":{\"@type\":\"EntryPoint\",\"urlTemplate\":\"https:\/\/www.sestogrado.it\/it\/?s={search_term_string}\"},\"query-input\":{\"@type\":\"PropertyValueSpecification\",\"valueRequired\":true,\"valueName\":\"search_term_string\"}}],\"inLanguage\":\"it-IT\"},{\"@type\":\"Organization\",\"@id\":\"https:\/\/www.sestogrado.it\/it\/#organization\",\"name\":\"Sestogrado\",\"url\":\"https:\/\/www.sestogrado.it\/it\/\",\"logo\":{\"@type\":\"ImageObject\",\"inLanguage\":\"it-IT\",\"@id\":\"https:\/\/www.sestogrado.it\/it\/#\/schema\/logo\/image\/\",\"url\":\"https:\/\/www.sestogrado.it\/wp-content\/uploads\/2015\/03\/sestogrado-favicon.png\",\"contentUrl\":\"https:\/\/www.sestogrado.it\/wp-content\/uploads\/2015\/03\/sestogrado-favicon.png\",\"width\":260,\"height\":260,\"caption\":\"Sestogrado\"},\"image\":{\"@id\":\"https:\/\/www.sestogrado.it\/it\/#\/schema\/logo\/image\/\"},\"sameAs\":[\"https:\/\/www.facebook.com\/pages\/Sestogrado\/1542635979353017?ref=bookmarks\",\"https:\/\/www.youtube.com\/channel\/UC847kAfTkaJsWpc1jtQwr3Q\"],\"hasMerchantReturnPolicy\":{\"@type\":\"MerchantReturnPolicy\",\"merchantReturnLink\":\"https:\/\/www.sestogrado.it\/it\/termini-e-condizioni\/\"}}]}<\/script>\n<meta property=\"product:brand\" content=\"Camp\" \/>\n<meta property=\"og:availability\" content=\"instock\" \/>\n<meta property=\"product:availability\" content=\"instock\" \/>\n<meta property=\"product:condition\" content=\"new\" \/>\n<!-- \/ Yoast SEO plugin. -->","yoast_head_json":{"title":"Camp Ice Master PRO ramponcini antiscivolo - Sestogrado","description":"Altamente performante, leggero e robusto, l\u2019Ice Master Pro \u00e8 il non plus ultra dei ramponcini Camp. Un prodotto versatile all\u2019insegna dell\u2019innovazione, caratterizzato dall\u2019inedito sistema di fissaggio 3D bimateriale, pi\u00f9 morbido e avvolgente dove occorre adattabilit\u00e0 e pi\u00f9 rigido e robusto dove serve supporto. L\u2019innovazione sta anche nella struttura minimale in acciaio inox, con doppio snodo nella parte anteriore che garantisce un perfetto adattamento a qualsiasi suola e alla sua deformazione durante la camminata. Le 16 punte, adeguatamente proporzionate, sono disposte per massimizzare trazione, tenuta laterale e frenata in presenza di neve","robots":{"index":"index","follow":"follow","max-snippet":"max-snippet:-1","max-image-preview":"max-image-preview:large","max-video-preview":"max-video-preview:-1"},"canonical":"https:\/\/www.sestogrado.it\/it\/prodotto\/camp-ice-master-pro-ramponcini-antiscivolo\/","og_locale":"it_IT","og_type":"article","og_title":"Camp Ice Master PRO ramponcini antiscivolo - Sestogrado","og_description":"Altamente performante, leggero e robusto, l\u2019Ice Master Pro \u00e8 il non plus ultra dei ramponcini Camp. Un prodotto versatile all\u2019insegna dell\u2019innovazione, caratterizzato dall\u2019inedito sistema di fissaggio 3D bimateriale, pi\u00f9 morbido e avvolgente dove occorre adattabilit\u00e0 e pi\u00f9 rigido e robusto dove serve supporto. L\u2019innovazione sta anche nella struttura minimale in acciaio inox, con doppio snodo nella parte anteriore che garantisce un perfetto adattamento a qualsiasi suola e alla sua deformazione durante la camminata. Le 16 punte, adeguatamente proporzionate, sono disposte per massimizzare trazione, tenuta laterale e frenata in presenza di neve","og_url":"https:\/\/www.sestogrado.it\/it\/prodotto\/camp-ice-master-pro-ramponcini-antiscivolo\/","og_site_name":"Sestogrado","article_publisher":"https:\/\/www.facebook.com\/pages\/Sestogrado\/1542635979353017?ref=bookmarks","article_modified_time":"2026-04-19T15:17:22+00:00","og_image":[{"width":1200,"height":1200,"url":"https:\/\/www.sestogrado.it\/wp-content\/uploads\/2025\/10\/01-14.jpg","type":"image\/jpeg"}],"twitter_misc":{"Disponibilit\u00e0":"In stock"},"schema":{"@context":"https:\/\/schema.org","@graph":[{"@type":"WebPage","@id":"https:\/\/www.sestogrado.it\/it\/prodotto\/camp-ice-master-pro-ramponcini-antiscivolo\/","url":"https:\/\/www.sestogrado.it\/it\/prodotto\/camp-ice-master-pro-ramponcini-antiscivolo\/","name":"Camp Ice Master PRO ramponcini antiscivolo - Sestogrado","isPartOf":{"@id":"https:\/\/www.sestogrado.it\/it\/#website"},"primaryImageOfPage":{"@id":"https:\/\/www.sestogrado.it\/it\/prodotto\/camp-ice-master-pro-ramponcini-antiscivolo\/#primaryimage"},"image":{"@id":"https:\/\/www.sestogrado.it\/prodotto\/camp-ice-master-pro-ramponcini-antiscivolo\/#primaryimage"},"thumbnailUrl":"https:\/\/www.sestogrado.it\/wp-content\/uploads\/2025\/10\/01-14.jpg","datePublished":"2025-10-31T13:38:19+00:00","dateModified":"2026-04-19T15:17:22+00:00","description":"Altamente performante, leggero e robusto, l\u2019Ice Master Pro \u00e8 il non plus ultra dei ramponcini Camp. Un prodotto versatile all\u2019insegna dell\u2019innovazione, caratterizzato dall\u2019inedito sistema di fissaggio 3D bimateriale, pi\u00f9 morbido e avvolgente dove occorre adattabilit\u00e0 e pi\u00f9 rigido e robusto dove serve supporto. L\u2019innovazione sta anche nella struttura minimale in acciaio inox, con doppio snodo nella parte anteriore che garantisce un perfetto adattamento a qualsiasi suola e alla sua deformazione durante la camminata. Le 16 punte, adeguatamente proporzionate, sono disposte per massimizzare trazione, tenuta laterale e frenata in presenza di neve","breadcrumb":{"@id":"https:\/\/www.sestogrado.it\/it\/prodotto\/camp-ice-master-pro-ramponcini-antiscivolo\/#breadcrumb"},"inLanguage":"it-IT","potentialAction":[{"@type":"ReadAction","target":[["https:\/\/www.sestogrado.it\/it\/prodotto\/camp-ice-master-pro-ramponcini-antiscivolo\/"]]}]},{"@type":"ImageObject","inLanguage":"it-IT","@id":"https:\/\/www.sestogrado.it\/it\/prodotto\/camp-ice-master-pro-ramponcini-antiscivolo\/#primaryimage","url":"https:\/\/www.sestogrado.it\/wp-content\/uploads\/2025\/10\/01-14.jpg","contentUrl":"https:\/\/www.sestogrado.it\/wp-content\/uploads\/2025\/10\/01-14.jpg","width":1200,"height":1200,"caption":"ice master pro"},{"@type":"BreadcrumbList","@id":"https:\/\/www.sestogrado.it\/it\/prodotto\/camp-ice-master-pro-ramponcini-antiscivolo\/#breadcrumb","itemListElement":[{"@type":"ListItem","position":1,"name":"Home","item":"https:\/\/www.sestogrado.it\/it\/"},{"@type":"ListItem","position":2,"name":"Shop","item":"https:\/\/www.sestogrado.it\/it\/shop\/"},{"@type":"ListItem","position":3,"name":"Camp Ice Master PRO ramponcini antiscivolo"}]},{"@type":"WebSite","@id":"https:\/\/www.sestogrado.it\/it\/#website","url":"https:\/\/www.sestogrado.it\/it\/","name":"Sestogrado","description":"yes we climb","publisher":{"@id":"https:\/\/www.sestogrado.it\/it\/#organization"},"potentialAction":[{"@type":"SearchAction","target":{"@type":"EntryPoint","urlTemplate":"https:\/\/www.sestogrado.it\/it\/?s={search_term_string}"},"query-input":{"@type":"PropertyValueSpecification","valueRequired":true,"valueName":"search_term_string"}}],"inLanguage":"it-IT"},{"@type":"Organization","@id":"https:\/\/www.sestogrado.it\/it\/#organization","name":"Sestogrado","url":"https:\/\/www.sestogrado.it\/it\/","logo":{"@type":"ImageObject","inLanguage":"it-IT","@id":"https:\/\/www.sestogrado.it\/it\/#\/schema\/logo\/image\/","url":"https:\/\/www.sestogrado.it\/wp-content\/uploads\/2015\/03\/sestogrado-favicon.png","contentUrl":"https:\/\/www.sestogrado.it\/wp-content\/uploads\/2015\/03\/sestogrado-favicon.png","width":260,"height":260,"caption":"Sestogrado"},"image":{"@id":"https:\/\/www.sestogrado.it\/it\/#\/schema\/logo\/image\/"},"sameAs":["https:\/\/www.facebook.com\/pages\/Sestogrado\/1542635979353017?ref=bookmarks","https:\/\/www.youtube.com\/channel\/UC847kAfTkaJsWpc1jtQwr3Q"],"hasMerchantReturnPolicy":{"@type":"MerchantReturnPolicy","merchantReturnLink":"https:\/\/www.sestogrado.it\/it\/termini-e-condizioni\/"}}]},"product_brand":"Camp","og_availability":"instock","product_availability":"instock","product_condition":"new"},"_links":{"self":[{"href":"https:\/\/www.sestogrado.it\/it\/wp-json\/wp\/v2\/product\/202454","targetHints":{"allow":["GET"]}}],"collection":[{"href":"https:\/\/www.sestogrado.it\/it\/wp-json\/wp\/v2\/product"}],"about":[{"href":"https:\/\/www.sestogrado.it\/it\/wp-json\/wp\/v2\/types\/product"}],"replies":[{"embeddable":true,"href":"https:\/\/www.sestogrado.it\/it\/wp-json\/wp\/v2\/comments?post=202454"}],"wp:featuredmedia":[{"embeddable":true,"href":"https:\/\/www.sestogrado.it\/it\/wp-json\/wp\/v2\/media\/202459"}],"wp:attachment":[{"href":"https:\/\/www.sestogrado.it\/it\/wp-json\/wp\/v2\/media?parent=202454"}],"wp:term":[{"taxonomy":"product_brand","embeddable":true,"href":"https:\/\/www.sestogrado.it\/it\/wp-json\/wp\/v2\/product_brand?post=202454"},{"taxonomy":"product_cat","embeddable":true,"href":"https:\/\/www.sestogrado.it\/it\/wp-json\/wp\/v2\/product_cat?post=202454"},{"taxonomy":"product_tag","embeddable":true,"href":"https:\/\/www.sestogrado.it\/it\/wp-json\/wp\/v2\/product_tag?post=202454"}],"curies":[{"name":"wp","href":"https:\/\/api.w.org\/{rel}","templated":true}]}}