{"id":202426,"date":"2025-10-31T13:27:24","date_gmt":"2025-10-31T12:27:24","guid":{"rendered":"https:\/\/www.sestogrado.it\/?post_type=product&#038;p=202426"},"modified":"2026-02-16T09:51:00","modified_gmt":"2026-02-16T08:51:00","slug":"camp-split-mitt-n-moffola-imbottita-con-pollice-e-indice-indipendenti","status":"publish","type":"product","link":"https:\/\/www.sestogrado.it\/it\/prodotto\/camp-split-mitt-n-moffola-imbottita-con-pollice-e-indice-indipendenti\/","title":{"rendered":"Camp Split Mitt N Moffola imbottita con pollice e indice indipendenti"},"content":{"rendered":"<p>La Split Mitt N \u00e8 una moffola tecnica polivalente, ideale per l\u2019alpinismo e lo scialpinismo. Decisamente calda, garantisce anche un\u2019ottima precisione grazie al pollice e all\u2019indice indipendenti, coniugando i vantaggi termici delle muffole a quelli di praticit\u00e0 dei guanti. Il polso molto allungato \u00e8 studiato per indossarla sopra la giacca, ottenendo un isolamento termico superiore. Un cinturino con velcro permette di stringere la muffola all\u2019altezza del polso mentre il sistema Open-Close consente di chiuderla ulteriormente, sempre con grande facilit\u00e0. La termicit\u00e0 \u00e8 assicurata dall\u2019imbottitura in PrimaLoft\u00ae Gold 266 g\/m2 sul dorso e PrimaLoft\u00ae Gold Eco Grip Control 100 g\/m2 sul palmo. La membrana DRYZONE\u00ae assicura l\u2019impermeabilit\u00e0, mentre la pelle di capra \u00e8 sinonimo di robustezza e durata. La Split Mitt N, tra i nostri prodotti pi\u00f9 caldi, si presenta quindi perfetta per tutte le avventure in quota, dalle pareti da salire con piccozze e ramponi ai pendii da scendere con gli sci ai piedi.<\/p>\n<ul>\n<li>Moffola imbottita con pollice e indice indipendenti per garantire termicit\u00e0 e precisione<\/li>\n<li>Membrana DRYZONE\u00ae impermeabile e traspirante<\/li>\n<li>Imbottitura in PrimaLoft\u00ae Gold 266 g\/m2 sul dorso e in PrimaLoft\u00ae Gold Eco Grip Control 100 g\/m2 sul palmo<\/li>\n<li>Palmo e dita in morbida e resistente pelle di capra, idrorepellente e traspirante<\/li>\n<li>Polso molto allungato adatto a coprire la giacca, con lacciolo elastico per evitare di perdere la muffola quando non indossata<\/li>\n<li>Tiretto sul polso per calzare la muffola<\/li>\n<li>Cinturino con velcro nella parte anteriore del polso per incrementare l\u2019aderenza e la stabilit\u00e0 della muffola a vantaggio della precisione<\/li>\n<li>Sistema Open-Close che migliora l\u2019isolamento termico e permette di chiudere e aprire il polso con estrema facilit\u00e0 in ogni condizione, anche con le muffole indossate<\/li>\n<li>Asola sull\u2019indice per appendere la muffola quando non in uso<\/li>\n<li>Fibbie per accoppiare le muffole<\/li>\n<\/ul>\n<p>&nbsp;<\/p>\n<p>Come scegliere la taglia:<\/p>\n<p><img decoding=\"async\" class=\"size-full wp-image-23609 img-fluid alignnone\" src=\"https:\/\/www.sestogrado.it\/wp-content\/uploads\/2019\/10\/mano.png\" alt=\"mano\" width=\"300\" height=\"300\" srcset=\"https:\/\/www.sestogrado.it\/wp-content\/uploads\/2019\/10\/mano.png 300w, https:\/\/www.sestogrado.it\/wp-content\/uploads\/2019\/10\/mano-100x100.png 100w, https:\/\/www.sestogrado.it\/wp-content\/uploads\/2019\/10\/mano-220x220.png 220w, https:\/\/www.sestogrado.it\/wp-content\/uploads\/2019\/10\/mano-150x150.png 150w, https:\/\/www.sestogrado.it\/wp-content\/uploads\/2019\/10\/mano-45x45.png 45w, https:\/\/www.sestogrado.it\/wp-content\/uploads\/2019\/10\/mano-64x64.png 64w, https:\/\/www.sestogrado.it\/wp-content\/uploads\/2019\/10\/mano-80x80.png 80w\" sizes=\"(max-width: 300px) 100vw, 300px\" \/><\/p>\n<p>&nbsp;<\/p>\n<p>XS 12.7cm<\/p>\n<p>S 15.24cm<\/p>\n<p>M 17.78cm<\/p>\n<p>L 20.32cm<\/p>\n<p>XL 22.86cm<\/p>\n<p>XXL 25.40cm<\/p>\n<p>XXXL 27.94cm<\/p>\n<p>&nbsp;<\/p>\n<p>Passione, lavoro e semplicit\u00e0 sono alcune delle parole chiave che da sempre hanno contraddistinto il modo di essere di C.A.M.P. Fondata nel 1889 a Premana, paese dell\u2019alta Valsassina dove tutt\u2019oggi ha la sua sede, C.A.M.P. realizza prodotti che aiutano a realizzare i sogni ed i progetti di tutti coloro che frequentano la montagna.<\/p>","protected":false},"excerpt":{"rendered":"<p>La Split Mitt N \u00e8 una moffola tecnica polivalente, ideale per l\u2019alpinismo e lo scialpinismo. Decisamente calda, garantisce anche un\u2019ottima [&hellip;]<\/p>\n","protected":false},"featured_media":202427,"comment_status":"open","ping_status":"closed","template":"","meta":{"_acf_changed":false},"product_brand":[31],"product_cat":[1429],"product_tag":[],"class_list":{"0":"post-202426","1":"product","2":"type-product","3":"status-publish","4":"has-post-thumbnail","6":"product_brand-camp","7":"product_cat-hot","9":"first","10":"instock","11":"sale","12":"taxable","13":"shipping-taxable","14":"purchasable","15":"product-type-variable"},"acf":[],"yoast_head":"<!-- This site is optimized with the Yoast SEO plugin v26.4 - https:\/\/yoast.com\/wordpress\/plugins\/seo\/ -->\n<title>Camp Split Mitt N Moffola imbottita con pollice e indice indipendenti - Sestogrado<\/title>\n<meta name=\"description\" content=\"La Split Mitt N \u00e8 una moffola tecnica polivalente, ideale per l\u2019alpinismo e lo scialpinismo. Decisamente calda, garantisce anche un\u2019ottima precisione grazie al pollice e all\u2019indice indipendenti, coniugando i vantaggi termici delle muffole a quelli di praticit\u00e0 dei guanti. Il polso molto allungato \u00e8 studiato per indossarla sopra la giacca, ottenendo un isolamento termico superiore. Un cinturino con velcro permette di stringere la muffola all\u2019altezza del polso mentre il sistema Open-Close consente di chiuderla ulteriormente, sempre con grande facilit\u00e0.\" \/>\n<meta name=\"robots\" content=\"index, follow, max-snippet:-1, max-image-preview:large, max-video-preview:-1\" \/>\n<link rel=\"canonical\" href=\"https:\/\/www.sestogrado.it\/it\/prodotto\/camp-split-mitt-n-moffola-imbottita-con-pollice-e-indice-indipendenti\/\" \/>\n<meta property=\"og:locale\" content=\"it_IT\" \/>\n<meta property=\"og:type\" content=\"article\" \/>\n<meta property=\"og:title\" content=\"Camp Split Mitt N Moffola imbottita con pollice e indice indipendenti - Sestogrado\" \/>\n<meta property=\"og:description\" content=\"La Split Mitt N \u00e8 una moffola tecnica polivalente, ideale per l\u2019alpinismo e lo scialpinismo. Decisamente calda, garantisce anche un\u2019ottima precisione grazie al pollice e all\u2019indice indipendenti, coniugando i vantaggi termici delle muffole a quelli di praticit\u00e0 dei guanti. Il polso molto allungato \u00e8 studiato per indossarla sopra la giacca, ottenendo un isolamento termico superiore. Un cinturino con velcro permette di stringere la muffola all\u2019altezza del polso mentre il sistema Open-Close consente di chiuderla ulteriormente, sempre con grande facilit\u00e0.\" \/>\n<meta property=\"og:url\" content=\"https:\/\/www.sestogrado.it\/it\/prodotto\/camp-split-mitt-n-moffola-imbottita-con-pollice-e-indice-indipendenti\/\" \/>\n<meta property=\"og:site_name\" content=\"Sestogrado\" \/>\n<meta property=\"article:publisher\" content=\"https:\/\/www.facebook.com\/pages\/Sestogrado\/1542635979353017?ref=bookmarks\" \/>\n<meta property=\"article:modified_time\" content=\"2026-02-16T08:51:00+00:00\" \/>\n<meta property=\"og:image\" content=\"https:\/\/www.sestogrado.it\/wp-content\/uploads\/2025\/10\/01-13.jpg\" \/>\n\t<meta property=\"og:image:width\" content=\"1200\" \/>\n\t<meta property=\"og:image:height\" content=\"1200\" \/>\n\t<meta property=\"og:image:type\" content=\"image\/jpeg\" \/>\n<meta name=\"twitter:label1\" content=\"Disponibilit\u00e0\" \/>\n\t<meta name=\"twitter:data1\" content=\"In stock\" \/>\n<script type=\"application\/ld+json\" class=\"yoast-schema-graph\">{\"@context\":\"https:\/\/schema.org\",\"@graph\":[{\"@type\":\"WebPage\",\"@id\":\"https:\/\/www.sestogrado.it\/it\/prodotto\/camp-split-mitt-n-moffola-imbottita-con-pollice-e-indice-indipendenti\/\",\"url\":\"https:\/\/www.sestogrado.it\/it\/prodotto\/camp-split-mitt-n-moffola-imbottita-con-pollice-e-indice-indipendenti\/\",\"name\":\"Camp Split Mitt N Moffola imbottita con pollice e indice indipendenti - Sestogrado\",\"isPartOf\":{\"@id\":\"https:\/\/www.sestogrado.it\/it\/#website\"},\"primaryImageOfPage\":{\"@id\":\"https:\/\/www.sestogrado.it\/it\/prodotto\/camp-split-mitt-n-moffola-imbottita-con-pollice-e-indice-indipendenti\/#primaryimage\"},\"image\":{\"@id\":\"https:\/\/www.sestogrado.it\/prodotto\/camp-split-mitt-n-moffola-imbottita-con-pollice-e-indice-indipendenti\/#primaryimage\"},\"thumbnailUrl\":\"https:\/\/www.sestogrado.it\/wp-content\/uploads\/2025\/10\/01-13.jpg\",\"datePublished\":\"2025-10-31T12:27:24+00:00\",\"dateModified\":\"2026-02-16T08:51:00+00:00\",\"description\":\"La Split Mitt N \u00e8 una moffola tecnica polivalente, ideale per l\u2019alpinismo e lo scialpinismo. Decisamente calda, garantisce anche un\u2019ottima precisione grazie al pollice e all\u2019indice indipendenti, coniugando i vantaggi termici delle muffole a quelli di praticit\u00e0 dei guanti. Il polso molto allungato \u00e8 studiato per indossarla sopra la giacca, ottenendo un isolamento termico superiore. Un cinturino con velcro permette di stringere la muffola all\u2019altezza del polso mentre il sistema Open-Close consente di chiuderla ulteriormente, sempre con grande facilit\u00e0.\",\"breadcrumb\":{\"@id\":\"https:\/\/www.sestogrado.it\/it\/prodotto\/camp-split-mitt-n-moffola-imbottita-con-pollice-e-indice-indipendenti\/#breadcrumb\"},\"inLanguage\":\"it-IT\",\"potentialAction\":[{\"@type\":\"ReadAction\",\"target\":[[\"https:\/\/www.sestogrado.it\/it\/prodotto\/camp-split-mitt-n-moffola-imbottita-con-pollice-e-indice-indipendenti\/\"]]}]},{\"@type\":\"ImageObject\",\"inLanguage\":\"it-IT\",\"@id\":\"https:\/\/www.sestogrado.it\/it\/prodotto\/camp-split-mitt-n-moffola-imbottita-con-pollice-e-indice-indipendenti\/#primaryimage\",\"url\":\"https:\/\/www.sestogrado.it\/wp-content\/uploads\/2025\/10\/01-13.jpg\",\"contentUrl\":\"https:\/\/www.sestogrado.it\/wp-content\/uploads\/2025\/10\/01-13.jpg\",\"width\":1200,\"height\":1200,\"caption\":\"camp split mitt n\"},{\"@type\":\"BreadcrumbList\",\"@id\":\"https:\/\/www.sestogrado.it\/it\/prodotto\/camp-split-mitt-n-moffola-imbottita-con-pollice-e-indice-indipendenti\/#breadcrumb\",\"itemListElement\":[{\"@type\":\"ListItem\",\"position\":1,\"name\":\"Home\",\"item\":\"https:\/\/www.sestogrado.it\/it\/\"},{\"@type\":\"ListItem\",\"position\":2,\"name\":\"Shop\",\"item\":\"https:\/\/www.sestogrado.it\/it\/shop\/\"},{\"@type\":\"ListItem\",\"position\":3,\"name\":\"Camp Split Mitt N Moffola imbottita con pollice e indice indipendenti\"}]},{\"@type\":\"WebSite\",\"@id\":\"https:\/\/www.sestogrado.it\/it\/#website\",\"url\":\"https:\/\/www.sestogrado.it\/it\/\",\"name\":\"Sestogrado\",\"description\":\"yes we climb\",\"publisher\":{\"@id\":\"https:\/\/www.sestogrado.it\/it\/#organization\"},\"potentialAction\":[{\"@type\":\"SearchAction\",\"target\":{\"@type\":\"EntryPoint\",\"urlTemplate\":\"https:\/\/www.sestogrado.it\/it\/?s={search_term_string}\"},\"query-input\":{\"@type\":\"PropertyValueSpecification\",\"valueRequired\":true,\"valueName\":\"search_term_string\"}}],\"inLanguage\":\"it-IT\"},{\"@type\":\"Organization\",\"@id\":\"https:\/\/www.sestogrado.it\/it\/#organization\",\"name\":\"Sestogrado\",\"url\":\"https:\/\/www.sestogrado.it\/it\/\",\"logo\":{\"@type\":\"ImageObject\",\"inLanguage\":\"it-IT\",\"@id\":\"https:\/\/www.sestogrado.it\/it\/#\/schema\/logo\/image\/\",\"url\":\"https:\/\/www.sestogrado.it\/wp-content\/uploads\/2015\/03\/sestogrado-favicon.png\",\"contentUrl\":\"https:\/\/www.sestogrado.it\/wp-content\/uploads\/2015\/03\/sestogrado-favicon.png\",\"width\":260,\"height\":260,\"caption\":\"Sestogrado\"},\"image\":{\"@id\":\"https:\/\/www.sestogrado.it\/it\/#\/schema\/logo\/image\/\"},\"sameAs\":[\"https:\/\/www.facebook.com\/pages\/Sestogrado\/1542635979353017?ref=bookmarks\",\"https:\/\/www.youtube.com\/channel\/UC847kAfTkaJsWpc1jtQwr3Q\"],\"hasMerchantReturnPolicy\":{\"@type\":\"MerchantReturnPolicy\",\"merchantReturnLink\":\"https:\/\/www.sestogrado.it\/it\/termini-e-condizioni\/\"}}]}<\/script>\n<meta property=\"product:brand\" content=\"Camp\" \/>\n<meta property=\"og:availability\" content=\"instock\" \/>\n<meta property=\"product:availability\" content=\"instock\" \/>\n<meta property=\"product:condition\" content=\"new\" \/>\n<!-- \/ Yoast SEO plugin. -->","yoast_head_json":{"title":"Camp Split Mitt N Moffola imbottita con pollice e indice indipendenti - Sestogrado","description":"La Split Mitt N \u00e8 una moffola tecnica polivalente, ideale per l\u2019alpinismo e lo scialpinismo. Decisamente calda, garantisce anche un\u2019ottima precisione grazie al pollice e all\u2019indice indipendenti, coniugando i vantaggi termici delle muffole a quelli di praticit\u00e0 dei guanti. Il polso molto allungato \u00e8 studiato per indossarla sopra la giacca, ottenendo un isolamento termico superiore. Un cinturino con velcro permette di stringere la muffola all\u2019altezza del polso mentre il sistema Open-Close consente di chiuderla ulteriormente, sempre con grande facilit\u00e0.","robots":{"index":"index","follow":"follow","max-snippet":"max-snippet:-1","max-image-preview":"max-image-preview:large","max-video-preview":"max-video-preview:-1"},"canonical":"https:\/\/www.sestogrado.it\/it\/prodotto\/camp-split-mitt-n-moffola-imbottita-con-pollice-e-indice-indipendenti\/","og_locale":"it_IT","og_type":"article","og_title":"Camp Split Mitt N Moffola imbottita con pollice e indice indipendenti - Sestogrado","og_description":"La Split Mitt N \u00e8 una moffola tecnica polivalente, ideale per l\u2019alpinismo e lo scialpinismo. Decisamente calda, garantisce anche un\u2019ottima precisione grazie al pollice e all\u2019indice indipendenti, coniugando i vantaggi termici delle muffole a quelli di praticit\u00e0 dei guanti. Il polso molto allungato \u00e8 studiato per indossarla sopra la giacca, ottenendo un isolamento termico superiore. Un cinturino con velcro permette di stringere la muffola all\u2019altezza del polso mentre il sistema Open-Close consente di chiuderla ulteriormente, sempre con grande facilit\u00e0.","og_url":"https:\/\/www.sestogrado.it\/it\/prodotto\/camp-split-mitt-n-moffola-imbottita-con-pollice-e-indice-indipendenti\/","og_site_name":"Sestogrado","article_publisher":"https:\/\/www.facebook.com\/pages\/Sestogrado\/1542635979353017?ref=bookmarks","article_modified_time":"2026-02-16T08:51:00+00:00","og_image":[{"width":1200,"height":1200,"url":"https:\/\/www.sestogrado.it\/wp-content\/uploads\/2025\/10\/01-13.jpg","type":"image\/jpeg"}],"twitter_misc":{"Disponibilit\u00e0":"In stock"},"schema":{"@context":"https:\/\/schema.org","@graph":[{"@type":"WebPage","@id":"https:\/\/www.sestogrado.it\/it\/prodotto\/camp-split-mitt-n-moffola-imbottita-con-pollice-e-indice-indipendenti\/","url":"https:\/\/www.sestogrado.it\/it\/prodotto\/camp-split-mitt-n-moffola-imbottita-con-pollice-e-indice-indipendenti\/","name":"Camp Split Mitt N Moffola imbottita con pollice e indice indipendenti - Sestogrado","isPartOf":{"@id":"https:\/\/www.sestogrado.it\/it\/#website"},"primaryImageOfPage":{"@id":"https:\/\/www.sestogrado.it\/it\/prodotto\/camp-split-mitt-n-moffola-imbottita-con-pollice-e-indice-indipendenti\/#primaryimage"},"image":{"@id":"https:\/\/www.sestogrado.it\/prodotto\/camp-split-mitt-n-moffola-imbottita-con-pollice-e-indice-indipendenti\/#primaryimage"},"thumbnailUrl":"https:\/\/www.sestogrado.it\/wp-content\/uploads\/2025\/10\/01-13.jpg","datePublished":"2025-10-31T12:27:24+00:00","dateModified":"2026-02-16T08:51:00+00:00","description":"La Split Mitt N \u00e8 una moffola tecnica polivalente, ideale per l\u2019alpinismo e lo scialpinismo. Decisamente calda, garantisce anche un\u2019ottima precisione grazie al pollice e all\u2019indice indipendenti, coniugando i vantaggi termici delle muffole a quelli di praticit\u00e0 dei guanti. Il polso molto allungato \u00e8 studiato per indossarla sopra la giacca, ottenendo un isolamento termico superiore. Un cinturino con velcro permette di stringere la muffola all\u2019altezza del polso mentre il sistema Open-Close consente di chiuderla ulteriormente, sempre con grande facilit\u00e0.","breadcrumb":{"@id":"https:\/\/www.sestogrado.it\/it\/prodotto\/camp-split-mitt-n-moffola-imbottita-con-pollice-e-indice-indipendenti\/#breadcrumb"},"inLanguage":"it-IT","potentialAction":[{"@type":"ReadAction","target":[["https:\/\/www.sestogrado.it\/it\/prodotto\/camp-split-mitt-n-moffola-imbottita-con-pollice-e-indice-indipendenti\/"]]}]},{"@type":"ImageObject","inLanguage":"it-IT","@id":"https:\/\/www.sestogrado.it\/it\/prodotto\/camp-split-mitt-n-moffola-imbottita-con-pollice-e-indice-indipendenti\/#primaryimage","url":"https:\/\/www.sestogrado.it\/wp-content\/uploads\/2025\/10\/01-13.jpg","contentUrl":"https:\/\/www.sestogrado.it\/wp-content\/uploads\/2025\/10\/01-13.jpg","width":1200,"height":1200,"caption":"camp split mitt n"},{"@type":"BreadcrumbList","@id":"https:\/\/www.sestogrado.it\/it\/prodotto\/camp-split-mitt-n-moffola-imbottita-con-pollice-e-indice-indipendenti\/#breadcrumb","itemListElement":[{"@type":"ListItem","position":1,"name":"Home","item":"https:\/\/www.sestogrado.it\/it\/"},{"@type":"ListItem","position":2,"name":"Shop","item":"https:\/\/www.sestogrado.it\/it\/shop\/"},{"@type":"ListItem","position":3,"name":"Camp Split Mitt N Moffola imbottita con pollice e indice indipendenti"}]},{"@type":"WebSite","@id":"https:\/\/www.sestogrado.it\/it\/#website","url":"https:\/\/www.sestogrado.it\/it\/","name":"Sestogrado","description":"yes we climb","publisher":{"@id":"https:\/\/www.sestogrado.it\/it\/#organization"},"potentialAction":[{"@type":"SearchAction","target":{"@type":"EntryPoint","urlTemplate":"https:\/\/www.sestogrado.it\/it\/?s={search_term_string}"},"query-input":{"@type":"PropertyValueSpecification","valueRequired":true,"valueName":"search_term_string"}}],"inLanguage":"it-IT"},{"@type":"Organization","@id":"https:\/\/www.sestogrado.it\/it\/#organization","name":"Sestogrado","url":"https:\/\/www.sestogrado.it\/it\/","logo":{"@type":"ImageObject","inLanguage":"it-IT","@id":"https:\/\/www.sestogrado.it\/it\/#\/schema\/logo\/image\/","url":"https:\/\/www.sestogrado.it\/wp-content\/uploads\/2015\/03\/sestogrado-favicon.png","contentUrl":"https:\/\/www.sestogrado.it\/wp-content\/uploads\/2015\/03\/sestogrado-favicon.png","width":260,"height":260,"caption":"Sestogrado"},"image":{"@id":"https:\/\/www.sestogrado.it\/it\/#\/schema\/logo\/image\/"},"sameAs":["https:\/\/www.facebook.com\/pages\/Sestogrado\/1542635979353017?ref=bookmarks","https:\/\/www.youtube.com\/channel\/UC847kAfTkaJsWpc1jtQwr3Q"],"hasMerchantReturnPolicy":{"@type":"MerchantReturnPolicy","merchantReturnLink":"https:\/\/www.sestogrado.it\/it\/termini-e-condizioni\/"}}]},"product_brand":"Camp","og_availability":"instock","product_availability":"instock","product_condition":"new"},"_links":{"self":[{"href":"https:\/\/www.sestogrado.it\/it\/wp-json\/wp\/v2\/product\/202426","targetHints":{"allow":["GET"]}}],"collection":[{"href":"https:\/\/www.sestogrado.it\/it\/wp-json\/wp\/v2\/product"}],"about":[{"href":"https:\/\/www.sestogrado.it\/it\/wp-json\/wp\/v2\/types\/product"}],"replies":[{"embeddable":true,"href":"https:\/\/www.sestogrado.it\/it\/wp-json\/wp\/v2\/comments?post=202426"}],"wp:featuredmedia":[{"embeddable":true,"href":"https:\/\/www.sestogrado.it\/it\/wp-json\/wp\/v2\/media\/202427"}],"wp:attachment":[{"href":"https:\/\/www.sestogrado.it\/it\/wp-json\/wp\/v2\/media?parent=202426"}],"wp:term":[{"taxonomy":"product_brand","embeddable":true,"href":"https:\/\/www.sestogrado.it\/it\/wp-json\/wp\/v2\/product_brand?post=202426"},{"taxonomy":"product_cat","embeddable":true,"href":"https:\/\/www.sestogrado.it\/it\/wp-json\/wp\/v2\/product_cat?post=202426"},{"taxonomy":"product_tag","embeddable":true,"href":"https:\/\/www.sestogrado.it\/it\/wp-json\/wp\/v2\/product_tag?post=202426"}],"curies":[{"name":"wp","href":"https:\/\/api.w.org\/{rel}","templated":true}]}}