{"id":2021,"date":"2015-07-20T15:52:39","date_gmt":"2015-07-20T13:52:39","guid":{"rendered":"http:\/\/www.sestogrado.it\/?post_type=product&#038;p=2021"},"modified":"2025-11-26T15:17:02","modified_gmt":"2025-11-26T14:17:02","slug":"dmm-rhino-moschettone-anti-rotazione-arrampicata","status":"publish","type":"product","link":"https:\/\/www.sestogrado.it\/it\/prodotto\/dmm-rhino-moschettone-anti-rotazione-arrampicata\/","title":{"rendered":"DMM Rhino moschettone anti rotazione arrampicata"},"content":{"rendered":"<p>E&#8217; tempo di riconsiderare quale moschettone\u00a0usare per collegare l&#8217;assicuratore all&#8217;imbrago. Il prodotto pi\u00f9 specifico ed innovativo per questo utilizzo \u00e8 il DMM Rhino, un sofisticato moschettone da sicura con una serie di caratteristiche innovative quali la caratteristica spina a forma di\u00a0&#8220;corno&#8221; e la barra superiore accuratamente arrotondata.<\/p>\n<p>La spina a forma di corno impedisce ad assicuratori come il <a href=\"https:\/\/www.sestogrado.it\/prodotto\/ferramenta\/grigri-2\/\" target=\"_blank\" rel=\"noopener noreferrer\">Grigri\u00a0<\/a>di ruotare intorno al moschettone mantenendolo sempre sul corretto asse.<\/p>\n<p>Il DMM Rhino \u00e8 forte e compatto. La spina e la barra superiore conferiscono al moschettone una iniezione di resistenza\u00a0&#8220;extra&#8221; tale da fargli sopportare carichi fino a 27kN a leva chiusa.<\/p>\n<p>Se\u00a0si guarda da vicino la sezione interna del Rhino, si noter\u00e0 che la barra in alto ha una\u00a0sezione completamente rotonda che la avvolge. Questa caratteristica \u00e8 intenzionale; l&#8217;ampio raggio del tondino incoraggia la corda a\u00a0fluire senza intoppi ed evita potenziali bloccaggi o resistenze. Il volume extra di metallo aiuta anche a dissipare il calore e migliora notevolmente la resistenza all&#8217;usura, sia al moschettone si alla corda.<\/p>\n<p>Cos\u00ec il gioco \u00e8 fatto. Il moschettone da assicurazione DMM Rhino \u00e8 un progetto vincente di DMM garantito per migliorare le manovre di assicurazione.<\/p>\n<p>&nbsp;<\/p>\n<p>La DMM \u00e8 un\u2019azienda gallese nata nel 1981 da un gruppo di appassionati il cui obiettivo era quello di rendere il miglior equipaggiamento possibile al miglior prezzo. L\u2019innovazione \u00e8 la chiave dello sviluppo della DMM che oggi realizza prodotti di eccellenza e che \u00e8 l\u2019unico fornitore di prodotti hardware della Gran Bretagna nonch\u00e9 azienda leader a livello mondiale.<\/p>\n<p>&nbsp;<\/p>\n<p>&nbsp;<\/p>\n<p>https:\/\/vimeo.com\/76856432<\/p>","protected":false},"excerpt":{"rendered":"<p>Chiusura a ghiera<\/p>\n","protected":false},"featured_media":22722,"comment_status":"open","ping_status":"closed","template":"","meta":{"_acf_changed":false},"product_brand":[86],"product_cat":[17,132],"product_tag":[],"class_list":{"0":"post-2021","1":"product","2":"type-product","3":"status-publish","4":"has-post-thumbnail","6":"product_brand-dmm","7":"product_cat-ferramenta","8":"product_cat-moschettoni","10":"first","11":"instock","12":"sale","13":"taxable","14":"shipping-taxable","15":"purchasable","16":"product-type-simple"},"acf":[],"yoast_head":"<!-- This site is optimized with the Yoast SEO plugin v26.4 - https:\/\/yoast.com\/wordpress\/plugins\/seo\/ -->\n<title>dmm rhino<\/title>\n<meta name=\"description\" content=\"Il DMM Rhino \u00e8 un moschettone con innovativo design che lo rende anti rotazione una volta inserito in un dispositivo di assicurazione. La spina a forma di corno impedisce ad assicuratori come il Grigri\u00a0di ruotare intorno al moschettone mantenendolo sempre sul corretto asse.\" \/>\n<meta name=\"robots\" content=\"index, follow, max-snippet:-1, max-image-preview:large, max-video-preview:-1\" \/>\n<link rel=\"canonical\" href=\"https:\/\/www.sestogrado.it\/it\/prodotto\/dmm-rhino-moschettone-anti-rotazione-arrampicata\/\" \/>\n<meta property=\"og:locale\" content=\"it_IT\" \/>\n<meta property=\"og:type\" content=\"article\" \/>\n<meta property=\"og:title\" content=\"dmm rhino\" \/>\n<meta property=\"og:description\" content=\"Il DMM Rhino \u00e8 un moschettone con innovativo design che lo rende anti rotazione una volta inserito in un dispositivo di assicurazione. La spina a forma di corno impedisce ad assicuratori come il Grigri\u00a0di ruotare intorno al moschettone mantenendolo sempre sul corretto asse.\" \/>\n<meta property=\"og:url\" content=\"https:\/\/www.sestogrado.it\/it\/prodotto\/dmm-rhino-moschettone-anti-rotazione-arrampicata\/\" \/>\n<meta property=\"og:site_name\" content=\"Sestogrado\" \/>\n<meta property=\"article:publisher\" content=\"https:\/\/www.facebook.com\/pages\/Sestogrado\/1542635979353017?ref=bookmarks\" \/>\n<meta property=\"article:modified_time\" content=\"2025-11-26T14:17:02+00:00\" \/>\n<meta property=\"og:image\" content=\"https:\/\/www.sestogrado.it\/wp-content\/uploads\/2015\/07\/c63_11984_a542-rhino-screwgate-locking-carabiner.jpg\" \/>\n\t<meta property=\"og:image:width\" content=\"956\" \/>\n\t<meta property=\"og:image:height\" content=\"956\" \/>\n\t<meta property=\"og:image:type\" content=\"image\/jpeg\" \/>\n<meta name=\"twitter:label1\" content=\"Prezzo\" \/>\n\t<meta name=\"twitter:data1\" content=\"&euro;&nbsp;17,00\" \/>\n\t<meta name=\"twitter:label2\" content=\"Disponibilit\u00e0\" \/>\n\t<meta name=\"twitter:data2\" content=\"In stock\" \/>\n<script type=\"application\/ld+json\" class=\"yoast-schema-graph\">{\"@context\":\"https:\/\/schema.org\",\"@graph\":[{\"@type\":\"WebPage\",\"@id\":\"https:\/\/www.sestogrado.it\/it\/prodotto\/dmm-rhino-moschettone-anti-rotazione-arrampicata\/\",\"url\":\"https:\/\/www.sestogrado.it\/it\/prodotto\/dmm-rhino-moschettone-anti-rotazione-arrampicata\/\",\"name\":\"dmm rhino\",\"isPartOf\":{\"@id\":\"https:\/\/www.sestogrado.it\/it\/#website\"},\"primaryImageOfPage\":{\"@id\":\"https:\/\/www.sestogrado.it\/it\/prodotto\/dmm-rhino-moschettone-anti-rotazione-arrampicata\/#primaryimage\"},\"image\":{\"@id\":\"https:\/\/www.sestogrado.it\/prodotto\/dmm-rhino-moschettone-anti-rotazione-arrampicata\/#primaryimage\"},\"thumbnailUrl\":\"https:\/\/www.sestogrado.it\/wp-content\/uploads\/2015\/07\/c63_11984_a542-rhino-screwgate-locking-carabiner.jpg\",\"datePublished\":\"2015-07-20T13:52:39+00:00\",\"dateModified\":\"2025-11-26T14:17:02+00:00\",\"description\":\"Il DMM Rhino \u00e8 un moschettone con innovativo design che lo rende anti rotazione una volta inserito in un dispositivo di assicurazione. La spina a forma di corno impedisce ad assicuratori come il Grigri\u00a0di ruotare intorno al moschettone mantenendolo sempre sul corretto asse.\",\"breadcrumb\":{\"@id\":\"https:\/\/www.sestogrado.it\/it\/prodotto\/dmm-rhino-moschettone-anti-rotazione-arrampicata\/#breadcrumb\"},\"inLanguage\":\"it-IT\",\"potentialAction\":[{\"@type\":\"ReadAction\",\"target\":[[\"https:\/\/www.sestogrado.it\/it\/prodotto\/dmm-rhino-moschettone-anti-rotazione-arrampicata\/\"]]}]},{\"@type\":\"ImageObject\",\"inLanguage\":\"it-IT\",\"@id\":\"https:\/\/www.sestogrado.it\/it\/prodotto\/dmm-rhino-moschettone-anti-rotazione-arrampicata\/#primaryimage\",\"url\":\"https:\/\/www.sestogrado.it\/wp-content\/uploads\/2015\/07\/c63_11984_a542-rhino-screwgate-locking-carabiner.jpg\",\"contentUrl\":\"https:\/\/www.sestogrado.it\/wp-content\/uploads\/2015\/07\/c63_11984_a542-rhino-screwgate-locking-carabiner.jpg\",\"width\":956,\"height\":956,\"caption\":\"DMM Rhino\"},{\"@type\":\"BreadcrumbList\",\"@id\":\"https:\/\/www.sestogrado.it\/it\/prodotto\/dmm-rhino-moschettone-anti-rotazione-arrampicata\/#breadcrumb\",\"itemListElement\":[{\"@type\":\"ListItem\",\"position\":1,\"name\":\"Home\",\"item\":\"https:\/\/www.sestogrado.it\/it\/\"},{\"@type\":\"ListItem\",\"position\":2,\"name\":\"Shop\",\"item\":\"https:\/\/www.sestogrado.it\/it\/shop\/\"},{\"@type\":\"ListItem\",\"position\":3,\"name\":\"DMM Rhino moschettone anti rotazione arrampicata\"}]},{\"@type\":\"WebSite\",\"@id\":\"https:\/\/www.sestogrado.it\/it\/#website\",\"url\":\"https:\/\/www.sestogrado.it\/it\/\",\"name\":\"Sestogrado\",\"description\":\"yes we climb\",\"publisher\":{\"@id\":\"https:\/\/www.sestogrado.it\/it\/#organization\"},\"potentialAction\":[{\"@type\":\"SearchAction\",\"target\":{\"@type\":\"EntryPoint\",\"urlTemplate\":\"https:\/\/www.sestogrado.it\/it\/?s={search_term_string}\"},\"query-input\":{\"@type\":\"PropertyValueSpecification\",\"valueRequired\":true,\"valueName\":\"search_term_string\"}}],\"inLanguage\":\"it-IT\"},{\"@type\":\"Organization\",\"@id\":\"https:\/\/www.sestogrado.it\/it\/#organization\",\"name\":\"Sestogrado\",\"url\":\"https:\/\/www.sestogrado.it\/it\/\",\"logo\":{\"@type\":\"ImageObject\",\"inLanguage\":\"it-IT\",\"@id\":\"https:\/\/www.sestogrado.it\/it\/#\/schema\/logo\/image\/\",\"url\":\"https:\/\/www.sestogrado.it\/wp-content\/uploads\/2015\/03\/sestogrado-favicon.png\",\"contentUrl\":\"https:\/\/www.sestogrado.it\/wp-content\/uploads\/2015\/03\/sestogrado-favicon.png\",\"width\":260,\"height\":260,\"caption\":\"Sestogrado\"},\"image\":{\"@id\":\"https:\/\/www.sestogrado.it\/it\/#\/schema\/logo\/image\/\"},\"sameAs\":[\"https:\/\/www.facebook.com\/pages\/Sestogrado\/1542635979353017?ref=bookmarks\",\"https:\/\/www.youtube.com\/channel\/UC847kAfTkaJsWpc1jtQwr3Q\"],\"hasMerchantReturnPolicy\":{\"@type\":\"MerchantReturnPolicy\",\"merchantReturnLink\":\"https:\/\/www.sestogrado.it\/it\/termini-e-condizioni\/\"}}]}<\/script>\n<meta property=\"product:brand\" content=\"DMM\" \/>\n<meta property=\"product:price:amount\" content=\"17.00\" \/>\n<meta property=\"product:price:currency\" content=\"EUR\" \/>\n<meta property=\"og:availability\" content=\"instock\" \/>\n<meta property=\"product:availability\" content=\"instock\" \/>\n<meta property=\"product:condition\" content=\"new\" \/>\n<!-- \/ Yoast SEO plugin. -->","yoast_head_json":{"title":"dmm rhino","description":"Il DMM Rhino \u00e8 un moschettone con innovativo design che lo rende anti rotazione una volta inserito in un dispositivo di assicurazione. La spina a forma di corno impedisce ad assicuratori come il Grigri\u00a0di ruotare intorno al moschettone mantenendolo sempre sul corretto asse.","robots":{"index":"index","follow":"follow","max-snippet":"max-snippet:-1","max-image-preview":"max-image-preview:large","max-video-preview":"max-video-preview:-1"},"canonical":"https:\/\/www.sestogrado.it\/it\/prodotto\/dmm-rhino-moschettone-anti-rotazione-arrampicata\/","og_locale":"it_IT","og_type":"article","og_title":"dmm rhino","og_description":"Il DMM Rhino \u00e8 un moschettone con innovativo design che lo rende anti rotazione una volta inserito in un dispositivo di assicurazione. La spina a forma di corno impedisce ad assicuratori come il Grigri\u00a0di ruotare intorno al moschettone mantenendolo sempre sul corretto asse.","og_url":"https:\/\/www.sestogrado.it\/it\/prodotto\/dmm-rhino-moschettone-anti-rotazione-arrampicata\/","og_site_name":"Sestogrado","article_publisher":"https:\/\/www.facebook.com\/pages\/Sestogrado\/1542635979353017?ref=bookmarks","article_modified_time":"2025-11-26T14:17:02+00:00","og_image":[{"width":956,"height":956,"url":"https:\/\/www.sestogrado.it\/wp-content\/uploads\/2015\/07\/c63_11984_a542-rhino-screwgate-locking-carabiner.jpg","type":"image\/jpeg"}],"twitter_misc":{"Prezzo":"&euro;&nbsp;17,00","Disponibilit\u00e0":"In stock"},"schema":{"@context":"https:\/\/schema.org","@graph":[{"@type":"WebPage","@id":"https:\/\/www.sestogrado.it\/it\/prodotto\/dmm-rhino-moschettone-anti-rotazione-arrampicata\/","url":"https:\/\/www.sestogrado.it\/it\/prodotto\/dmm-rhino-moschettone-anti-rotazione-arrampicata\/","name":"dmm rhino","isPartOf":{"@id":"https:\/\/www.sestogrado.it\/it\/#website"},"primaryImageOfPage":{"@id":"https:\/\/www.sestogrado.it\/it\/prodotto\/dmm-rhino-moschettone-anti-rotazione-arrampicata\/#primaryimage"},"image":{"@id":"https:\/\/www.sestogrado.it\/prodotto\/dmm-rhino-moschettone-anti-rotazione-arrampicata\/#primaryimage"},"thumbnailUrl":"https:\/\/www.sestogrado.it\/wp-content\/uploads\/2015\/07\/c63_11984_a542-rhino-screwgate-locking-carabiner.jpg","datePublished":"2015-07-20T13:52:39+00:00","dateModified":"2025-11-26T14:17:02+00:00","description":"Il DMM Rhino \u00e8 un moschettone con innovativo design che lo rende anti rotazione una volta inserito in un dispositivo di assicurazione. La spina a forma di corno impedisce ad assicuratori come il Grigri\u00a0di ruotare intorno al moschettone mantenendolo sempre sul corretto asse.","breadcrumb":{"@id":"https:\/\/www.sestogrado.it\/it\/prodotto\/dmm-rhino-moschettone-anti-rotazione-arrampicata\/#breadcrumb"},"inLanguage":"it-IT","potentialAction":[{"@type":"ReadAction","target":[["https:\/\/www.sestogrado.it\/it\/prodotto\/dmm-rhino-moschettone-anti-rotazione-arrampicata\/"]]}]},{"@type":"ImageObject","inLanguage":"it-IT","@id":"https:\/\/www.sestogrado.it\/it\/prodotto\/dmm-rhino-moschettone-anti-rotazione-arrampicata\/#primaryimage","url":"https:\/\/www.sestogrado.it\/wp-content\/uploads\/2015\/07\/c63_11984_a542-rhino-screwgate-locking-carabiner.jpg","contentUrl":"https:\/\/www.sestogrado.it\/wp-content\/uploads\/2015\/07\/c63_11984_a542-rhino-screwgate-locking-carabiner.jpg","width":956,"height":956,"caption":"DMM Rhino"},{"@type":"BreadcrumbList","@id":"https:\/\/www.sestogrado.it\/it\/prodotto\/dmm-rhino-moschettone-anti-rotazione-arrampicata\/#breadcrumb","itemListElement":[{"@type":"ListItem","position":1,"name":"Home","item":"https:\/\/www.sestogrado.it\/it\/"},{"@type":"ListItem","position":2,"name":"Shop","item":"https:\/\/www.sestogrado.it\/it\/shop\/"},{"@type":"ListItem","position":3,"name":"DMM Rhino moschettone anti rotazione arrampicata"}]},{"@type":"WebSite","@id":"https:\/\/www.sestogrado.it\/it\/#website","url":"https:\/\/www.sestogrado.it\/it\/","name":"Sestogrado","description":"yes we climb","publisher":{"@id":"https:\/\/www.sestogrado.it\/it\/#organization"},"potentialAction":[{"@type":"SearchAction","target":{"@type":"EntryPoint","urlTemplate":"https:\/\/www.sestogrado.it\/it\/?s={search_term_string}"},"query-input":{"@type":"PropertyValueSpecification","valueRequired":true,"valueName":"search_term_string"}}],"inLanguage":"it-IT"},{"@type":"Organization","@id":"https:\/\/www.sestogrado.it\/it\/#organization","name":"Sestogrado","url":"https:\/\/www.sestogrado.it\/it\/","logo":{"@type":"ImageObject","inLanguage":"it-IT","@id":"https:\/\/www.sestogrado.it\/it\/#\/schema\/logo\/image\/","url":"https:\/\/www.sestogrado.it\/wp-content\/uploads\/2015\/03\/sestogrado-favicon.png","contentUrl":"https:\/\/www.sestogrado.it\/wp-content\/uploads\/2015\/03\/sestogrado-favicon.png","width":260,"height":260,"caption":"Sestogrado"},"image":{"@id":"https:\/\/www.sestogrado.it\/it\/#\/schema\/logo\/image\/"},"sameAs":["https:\/\/www.facebook.com\/pages\/Sestogrado\/1542635979353017?ref=bookmarks","https:\/\/www.youtube.com\/channel\/UC847kAfTkaJsWpc1jtQwr3Q"],"hasMerchantReturnPolicy":{"@type":"MerchantReturnPolicy","merchantReturnLink":"https:\/\/www.sestogrado.it\/it\/termini-e-condizioni\/"}}]},"product_brand":"DMM","product_price_amount":"17.00","product_price_currency":"EUR","og_availability":"instock","product_availability":"instock","product_condition":"new"},"_links":{"self":[{"href":"https:\/\/www.sestogrado.it\/it\/wp-json\/wp\/v2\/product\/2021","targetHints":{"allow":["GET"]}}],"collection":[{"href":"https:\/\/www.sestogrado.it\/it\/wp-json\/wp\/v2\/product"}],"about":[{"href":"https:\/\/www.sestogrado.it\/it\/wp-json\/wp\/v2\/types\/product"}],"replies":[{"embeddable":true,"href":"https:\/\/www.sestogrado.it\/it\/wp-json\/wp\/v2\/comments?post=2021"}],"wp:featuredmedia":[{"embeddable":true,"href":"https:\/\/www.sestogrado.it\/it\/wp-json\/wp\/v2\/media\/22722"}],"wp:attachment":[{"href":"https:\/\/www.sestogrado.it\/it\/wp-json\/wp\/v2\/media?parent=2021"}],"wp:term":[{"taxonomy":"product_brand","embeddable":true,"href":"https:\/\/www.sestogrado.it\/it\/wp-json\/wp\/v2\/product_brand?post=2021"},{"taxonomy":"product_cat","embeddable":true,"href":"https:\/\/www.sestogrado.it\/it\/wp-json\/wp\/v2\/product_cat?post=2021"},{"taxonomy":"product_tag","embeddable":true,"href":"https:\/\/www.sestogrado.it\/it\/wp-json\/wp\/v2\/product_tag?post=2021"}],"curies":[{"name":"wp","href":"https:\/\/api.w.org\/{rel}","templated":true}]}}