{"id":202075,"date":"2025-10-14T11:56:05","date_gmt":"2025-10-14T09:56:05","guid":{"rendered":"https:\/\/www.sestogrado.it\/?post_type=product&#038;p=202075"},"modified":"2025-12-18T22:47:25","modified_gmt":"2025-12-18T21:47:25","slug":"camp-sonic-alu-plus-bastoncini-pieghevoli","status":"publish","type":"product","link":"https:\/\/www.sestogrado.it\/it\/prodotto\/camp-sonic-alu-plus-bastoncini-pieghevoli\/","title":{"rendered":"Camp Sonic Alu Plus bastoncini pieghevoli"},"content":{"rendered":"<p>Il Camp Sonic Alu Plus \u00e8 un bastoncino pieghevole polivalente in alluminio, ideale anche per il trail running. L\u2019impugnatura allungata permette la presa a diverse altezze senza modificare la lunghezza del bastoncino. I laccioli, supersottili e regolabili, assicurano il comfort in ogni condizione di utilizzo. Il cavetto in acciaio interno, rivestito in poliammide, \u00e8 flessibile e resistente e permette di montare e smontare il bastoncino con facilit\u00e0 in tutte le situazioni. Il montaggio \u00e8 agevolato e reso pi\u00f9 veloce dalla speciale forma conica dei raccordi dei segmenti. Il segmento superiore \u00e8 dotato di un efficace sistema di bloccaggio con clip di alluminio che consente una rapida e sicura regolazione della lunghezza. L\u2019esclusiva rotella Minidart montata di serie presenta un design innovativo, che assicura una superficie d\u2019appoggio attorno al puntale su terreni sconnessi (pietraie) senza il rischio di incastrarsi.<\/p>\n<ul>\n<li>Bastoncino pieghevole in alluminio<\/li>\n<li>5 segmenti con cavetto in acciaio interno da 1.5 mm di diametro rivestito in\u00a0poliammide<\/li>\n<li>Raccordi dei segmenti di forma conica per agevolare e velocizzare il montaggio<\/li>\n<li>Impugnatura allungata in materiale espanso che consente la presa a diverse altezze<\/li>\n<li>Laccioli ergonomici supersottili e regolabili, in materiale morbido<\/li>\n<li>Facile da montare e da smontare<\/li>\n<li>Rapidamente regolabile da 115 a 135 cm grazie alla clip in alluminio<\/li>\n<li>Lunghezza ripiegato 37 cm<\/li>\n<li>Il serraggio della vite che regola il bloccaggio della clip in alluminio non richiede l\u2019uso di cacciavite o altri attrezzi<\/li>\n<li>Puntale in metallo duro<\/li>\n<li>Copripuntale in gomma incluso<\/li>\n<li>Fornito con rotelle Minidart (montata di serie), Small e Large (incluse nella confezione) per l\u2019uso in ogni stagione<\/li>\n<li>Pratico sacchetto-custodia incluso<\/li>\n<\/ul>\n<p>&nbsp;<\/p>\n<p>I Camp Sonic Alu Plus sono un bastoncino, robusto, facile e pratico da regolare, adatto a escursionismo tecnico, trekking intenso, trail running.<\/p>\n<p><em>Il prezzo \u00e8 riferito alla coppia di bastoncini.<\/em><\/p>","protected":false},"excerpt":{"rendered":"<p>Il Camp Sonic Alu Plus \u00e8 un bastoncino pieghevole polivalente in alluminio, ideale anche per il trail running. L\u2019impugnatura allungata [&hellip;]<\/p>\n","protected":false},"featured_media":202076,"comment_status":"open","ping_status":"closed","template":"","meta":{"_acf_changed":false},"product_brand":[31],"product_cat":[572],"product_tag":[],"class_list":{"0":"post-202075","1":"product","2":"type-product","3":"status-publish","4":"has-post-thumbnail","6":"product_brand-camp","7":"product_cat-bastoncini","9":"first","10":"instock","11":"sale","12":"taxable","13":"shipping-taxable","14":"purchasable","15":"product-type-simple"},"acf":[],"yoast_head":"<!-- This site is optimized with the Yoast SEO plugin v26.4 - https:\/\/yoast.com\/wordpress\/plugins\/seo\/ -->\n<title>Camp Sonic Alu Plus bastoncini pieghevoli - Sestogrado<\/title>\n<meta name=\"description\" content=\"Il Camp Sonic Alu Plus \u00e8 un bastoncino pieghevole polivalente in alluminio, ideale anche per il trail running. L\u2019impugnatura allungata permette la presa a diverse altezze senza modificare la lunghezza del bastoncino. I laccioli, supersottili e regolabili, assicurano il comfort in ogni condizione di utilizzo. Il cavetto in acciaio interno, rivestito in poliammide, \u00e8 flessibile e resistente e permette di montare e smontare il bastoncino con facilit\u00e0 in tutte le situazioni. Il montaggio \u00e8 agevolato e reso pi\u00f9 veloce dalla speciale forma conica dei raccordi dei segmenti. Il segmento superiore \u00e8 dotato di un efficace sistema di bloccaggio con clip di alluminio che consente una rapida e sicura regolazione della lunghezza. L\u2019esclusiva rotella Minidart montata di serie presenta un design innovativo, che assicura una superficie d\u2019appoggio attorno al puntale su terreni sconnessi (pietraie) senza il rischio di incastrarsi.\" \/>\n<meta name=\"robots\" content=\"index, follow, max-snippet:-1, max-image-preview:large, max-video-preview:-1\" \/>\n<link rel=\"canonical\" href=\"https:\/\/www.sestogrado.it\/it\/prodotto\/camp-sonic-alu-plus-bastoncini-pieghevoli\/\" \/>\n<meta property=\"og:locale\" content=\"it_IT\" \/>\n<meta property=\"og:type\" content=\"article\" \/>\n<meta property=\"og:title\" content=\"Camp Sonic Alu Plus bastoncini pieghevoli - Sestogrado\" \/>\n<meta property=\"og:description\" content=\"Il Camp Sonic Alu Plus \u00e8 un bastoncino pieghevole polivalente in alluminio, ideale anche per il trail running. L\u2019impugnatura allungata permette la presa a diverse altezze senza modificare la lunghezza del bastoncino. I laccioli, supersottili e regolabili, assicurano il comfort in ogni condizione di utilizzo. Il cavetto in acciaio interno, rivestito in poliammide, \u00e8 flessibile e resistente e permette di montare e smontare il bastoncino con facilit\u00e0 in tutte le situazioni. Il montaggio \u00e8 agevolato e reso pi\u00f9 veloce dalla speciale forma conica dei raccordi dei segmenti. Il segmento superiore \u00e8 dotato di un efficace sistema di bloccaggio con clip di alluminio che consente una rapida e sicura regolazione della lunghezza. L\u2019esclusiva rotella Minidart montata di serie presenta un design innovativo, che assicura una superficie d\u2019appoggio attorno al puntale su terreni sconnessi (pietraie) senza il rischio di incastrarsi.\" \/>\n<meta property=\"og:url\" content=\"https:\/\/www.sestogrado.it\/it\/prodotto\/camp-sonic-alu-plus-bastoncini-pieghevoli\/\" \/>\n<meta property=\"og:site_name\" content=\"Sestogrado\" \/>\n<meta property=\"article:publisher\" content=\"https:\/\/www.facebook.com\/pages\/Sestogrado\/1542635979353017?ref=bookmarks\" \/>\n<meta property=\"article:modified_time\" content=\"2025-12-18T21:47:25+00:00\" \/>\n<meta property=\"og:image\" content=\"https:\/\/www.sestogrado.it\/wp-content\/uploads\/2025\/10\/01-10.jpg\" \/>\n\t<meta property=\"og:image:width\" content=\"1200\" \/>\n\t<meta property=\"og:image:height\" content=\"1200\" \/>\n\t<meta property=\"og:image:type\" content=\"image\/jpeg\" \/>\n<meta name=\"twitter:label1\" content=\"Prezzo\" \/>\n\t<meta name=\"twitter:data1\" content=\"&euro;&nbsp;72,90\" \/>\n\t<meta name=\"twitter:label2\" content=\"Disponibilit\u00e0\" \/>\n\t<meta name=\"twitter:data2\" content=\"In stock\" \/>\n<script type=\"application\/ld+json\" class=\"yoast-schema-graph\">{\"@context\":\"https:\/\/schema.org\",\"@graph\":[{\"@type\":\"WebPage\",\"@id\":\"https:\/\/www.sestogrado.it\/it\/prodotto\/camp-sonic-alu-plus-bastoncini-pieghevoli\/\",\"url\":\"https:\/\/www.sestogrado.it\/it\/prodotto\/camp-sonic-alu-plus-bastoncini-pieghevoli\/\",\"name\":\"Camp Sonic Alu Plus bastoncini pieghevoli - Sestogrado\",\"isPartOf\":{\"@id\":\"https:\/\/www.sestogrado.it\/it\/#website\"},\"primaryImageOfPage\":{\"@id\":\"https:\/\/www.sestogrado.it\/it\/prodotto\/camp-sonic-alu-plus-bastoncini-pieghevoli\/#primaryimage\"},\"image\":{\"@id\":\"https:\/\/www.sestogrado.it\/prodotto\/camp-sonic-alu-plus-bastoncini-pieghevoli\/#primaryimage\"},\"thumbnailUrl\":\"https:\/\/www.sestogrado.it\/wp-content\/uploads\/2025\/10\/01-10.jpg\",\"datePublished\":\"2025-10-14T09:56:05+00:00\",\"dateModified\":\"2025-12-18T21:47:25+00:00\",\"description\":\"Il Camp Sonic Alu Plus \u00e8 un bastoncino pieghevole polivalente in alluminio, ideale anche per il trail running. L\u2019impugnatura allungata permette la presa a diverse altezze senza modificare la lunghezza del bastoncino. I laccioli, supersottili e regolabili, assicurano il comfort in ogni condizione di utilizzo. Il cavetto in acciaio interno, rivestito in poliammide, \u00e8 flessibile e resistente e permette di montare e smontare il bastoncino con facilit\u00e0 in tutte le situazioni. Il montaggio \u00e8 agevolato e reso pi\u00f9 veloce dalla speciale forma conica dei raccordi dei segmenti. Il segmento superiore \u00e8 dotato di un efficace sistema di bloccaggio con clip di alluminio che consente una rapida e sicura regolazione della lunghezza. L\u2019esclusiva rotella Minidart montata di serie presenta un design innovativo, che assicura una superficie d\u2019appoggio attorno al puntale su terreni sconnessi (pietraie) senza il rischio di incastrarsi.\",\"breadcrumb\":{\"@id\":\"https:\/\/www.sestogrado.it\/it\/prodotto\/camp-sonic-alu-plus-bastoncini-pieghevoli\/#breadcrumb\"},\"inLanguage\":\"it-IT\",\"potentialAction\":[{\"@type\":\"ReadAction\",\"target\":[[\"https:\/\/www.sestogrado.it\/it\/prodotto\/camp-sonic-alu-plus-bastoncini-pieghevoli\/\"]]}]},{\"@type\":\"ImageObject\",\"inLanguage\":\"it-IT\",\"@id\":\"https:\/\/www.sestogrado.it\/it\/prodotto\/camp-sonic-alu-plus-bastoncini-pieghevoli\/#primaryimage\",\"url\":\"https:\/\/www.sestogrado.it\/wp-content\/uploads\/2025\/10\/01-10.jpg\",\"contentUrl\":\"https:\/\/www.sestogrado.it\/wp-content\/uploads\/2025\/10\/01-10.jpg\",\"width\":1200,\"height\":1200,\"caption\":\"sonic alu plus\"},{\"@type\":\"BreadcrumbList\",\"@id\":\"https:\/\/www.sestogrado.it\/it\/prodotto\/camp-sonic-alu-plus-bastoncini-pieghevoli\/#breadcrumb\",\"itemListElement\":[{\"@type\":\"ListItem\",\"position\":1,\"name\":\"Home\",\"item\":\"https:\/\/www.sestogrado.it\/it\/\"},{\"@type\":\"ListItem\",\"position\":2,\"name\":\"Shop\",\"item\":\"https:\/\/www.sestogrado.it\/it\/shop\/\"},{\"@type\":\"ListItem\",\"position\":3,\"name\":\"Camp Sonic Alu Plus bastoncini pieghevoli\"}]},{\"@type\":\"WebSite\",\"@id\":\"https:\/\/www.sestogrado.it\/it\/#website\",\"url\":\"https:\/\/www.sestogrado.it\/it\/\",\"name\":\"Sestogrado\",\"description\":\"yes we climb\",\"publisher\":{\"@id\":\"https:\/\/www.sestogrado.it\/it\/#organization\"},\"potentialAction\":[{\"@type\":\"SearchAction\",\"target\":{\"@type\":\"EntryPoint\",\"urlTemplate\":\"https:\/\/www.sestogrado.it\/it\/?s={search_term_string}\"},\"query-input\":{\"@type\":\"PropertyValueSpecification\",\"valueRequired\":true,\"valueName\":\"search_term_string\"}}],\"inLanguage\":\"it-IT\"},{\"@type\":\"Organization\",\"@id\":\"https:\/\/www.sestogrado.it\/it\/#organization\",\"name\":\"Sestogrado\",\"url\":\"https:\/\/www.sestogrado.it\/it\/\",\"logo\":{\"@type\":\"ImageObject\",\"inLanguage\":\"it-IT\",\"@id\":\"https:\/\/www.sestogrado.it\/it\/#\/schema\/logo\/image\/\",\"url\":\"https:\/\/www.sestogrado.it\/wp-content\/uploads\/2015\/03\/sestogrado-favicon.png\",\"contentUrl\":\"https:\/\/www.sestogrado.it\/wp-content\/uploads\/2015\/03\/sestogrado-favicon.png\",\"width\":260,\"height\":260,\"caption\":\"Sestogrado\"},\"image\":{\"@id\":\"https:\/\/www.sestogrado.it\/it\/#\/schema\/logo\/image\/\"},\"sameAs\":[\"https:\/\/www.facebook.com\/pages\/Sestogrado\/1542635979353017?ref=bookmarks\",\"https:\/\/www.youtube.com\/channel\/UC847kAfTkaJsWpc1jtQwr3Q\"],\"hasMerchantReturnPolicy\":{\"@type\":\"MerchantReturnPolicy\",\"merchantReturnLink\":\"https:\/\/www.sestogrado.it\/it\/termini-e-condizioni\/\"}}]}<\/script>\n<meta property=\"product:brand\" content=\"Camp\" \/>\n<meta property=\"product:price:amount\" content=\"72.90\" \/>\n<meta property=\"product:price:currency\" content=\"EUR\" \/>\n<meta property=\"og:availability\" content=\"instock\" \/>\n<meta property=\"product:availability\" content=\"instock\" \/>\n<meta property=\"product:condition\" content=\"new\" \/>\n<!-- \/ Yoast SEO plugin. -->","yoast_head_json":{"title":"Camp Sonic Alu Plus bastoncini pieghevoli - Sestogrado","description":"Il Camp Sonic Alu Plus \u00e8 un bastoncino pieghevole polivalente in alluminio, ideale anche per il trail running. L\u2019impugnatura allungata permette la presa a diverse altezze senza modificare la lunghezza del bastoncino. I laccioli, supersottili e regolabili, assicurano il comfort in ogni condizione di utilizzo. Il cavetto in acciaio interno, rivestito in poliammide, \u00e8 flessibile e resistente e permette di montare e smontare il bastoncino con facilit\u00e0 in tutte le situazioni. Il montaggio \u00e8 agevolato e reso pi\u00f9 veloce dalla speciale forma conica dei raccordi dei segmenti. Il segmento superiore \u00e8 dotato di un efficace sistema di bloccaggio con clip di alluminio che consente una rapida e sicura regolazione della lunghezza. L\u2019esclusiva rotella Minidart montata di serie presenta un design innovativo, che assicura una superficie d\u2019appoggio attorno al puntale su terreni sconnessi (pietraie) senza il rischio di incastrarsi.","robots":{"index":"index","follow":"follow","max-snippet":"max-snippet:-1","max-image-preview":"max-image-preview:large","max-video-preview":"max-video-preview:-1"},"canonical":"https:\/\/www.sestogrado.it\/it\/prodotto\/camp-sonic-alu-plus-bastoncini-pieghevoli\/","og_locale":"it_IT","og_type":"article","og_title":"Camp Sonic Alu Plus bastoncini pieghevoli - Sestogrado","og_description":"Il Camp Sonic Alu Plus \u00e8 un bastoncino pieghevole polivalente in alluminio, ideale anche per il trail running. L\u2019impugnatura allungata permette la presa a diverse altezze senza modificare la lunghezza del bastoncino. I laccioli, supersottili e regolabili, assicurano il comfort in ogni condizione di utilizzo. Il cavetto in acciaio interno, rivestito in poliammide, \u00e8 flessibile e resistente e permette di montare e smontare il bastoncino con facilit\u00e0 in tutte le situazioni. Il montaggio \u00e8 agevolato e reso pi\u00f9 veloce dalla speciale forma conica dei raccordi dei segmenti. Il segmento superiore \u00e8 dotato di un efficace sistema di bloccaggio con clip di alluminio che consente una rapida e sicura regolazione della lunghezza. L\u2019esclusiva rotella Minidart montata di serie presenta un design innovativo, che assicura una superficie d\u2019appoggio attorno al puntale su terreni sconnessi (pietraie) senza il rischio di incastrarsi.","og_url":"https:\/\/www.sestogrado.it\/it\/prodotto\/camp-sonic-alu-plus-bastoncini-pieghevoli\/","og_site_name":"Sestogrado","article_publisher":"https:\/\/www.facebook.com\/pages\/Sestogrado\/1542635979353017?ref=bookmarks","article_modified_time":"2025-12-18T21:47:25+00:00","og_image":[{"width":1200,"height":1200,"url":"https:\/\/www.sestogrado.it\/wp-content\/uploads\/2025\/10\/01-10.jpg","type":"image\/jpeg"}],"twitter_misc":{"Prezzo":"&euro;&nbsp;72,90","Disponibilit\u00e0":"In stock"},"schema":{"@context":"https:\/\/schema.org","@graph":[{"@type":"WebPage","@id":"https:\/\/www.sestogrado.it\/it\/prodotto\/camp-sonic-alu-plus-bastoncini-pieghevoli\/","url":"https:\/\/www.sestogrado.it\/it\/prodotto\/camp-sonic-alu-plus-bastoncini-pieghevoli\/","name":"Camp Sonic Alu Plus bastoncini pieghevoli - Sestogrado","isPartOf":{"@id":"https:\/\/www.sestogrado.it\/it\/#website"},"primaryImageOfPage":{"@id":"https:\/\/www.sestogrado.it\/it\/prodotto\/camp-sonic-alu-plus-bastoncini-pieghevoli\/#primaryimage"},"image":{"@id":"https:\/\/www.sestogrado.it\/prodotto\/camp-sonic-alu-plus-bastoncini-pieghevoli\/#primaryimage"},"thumbnailUrl":"https:\/\/www.sestogrado.it\/wp-content\/uploads\/2025\/10\/01-10.jpg","datePublished":"2025-10-14T09:56:05+00:00","dateModified":"2025-12-18T21:47:25+00:00","description":"Il Camp Sonic Alu Plus \u00e8 un bastoncino pieghevole polivalente in alluminio, ideale anche per il trail running. L\u2019impugnatura allungata permette la presa a diverse altezze senza modificare la lunghezza del bastoncino. I laccioli, supersottili e regolabili, assicurano il comfort in ogni condizione di utilizzo. Il cavetto in acciaio interno, rivestito in poliammide, \u00e8 flessibile e resistente e permette di montare e smontare il bastoncino con facilit\u00e0 in tutte le situazioni. Il montaggio \u00e8 agevolato e reso pi\u00f9 veloce dalla speciale forma conica dei raccordi dei segmenti. Il segmento superiore \u00e8 dotato di un efficace sistema di bloccaggio con clip di alluminio che consente una rapida e sicura regolazione della lunghezza. L\u2019esclusiva rotella Minidart montata di serie presenta un design innovativo, che assicura una superficie d\u2019appoggio attorno al puntale su terreni sconnessi (pietraie) senza il rischio di incastrarsi.","breadcrumb":{"@id":"https:\/\/www.sestogrado.it\/it\/prodotto\/camp-sonic-alu-plus-bastoncini-pieghevoli\/#breadcrumb"},"inLanguage":"it-IT","potentialAction":[{"@type":"ReadAction","target":[["https:\/\/www.sestogrado.it\/it\/prodotto\/camp-sonic-alu-plus-bastoncini-pieghevoli\/"]]}]},{"@type":"ImageObject","inLanguage":"it-IT","@id":"https:\/\/www.sestogrado.it\/it\/prodotto\/camp-sonic-alu-plus-bastoncini-pieghevoli\/#primaryimage","url":"https:\/\/www.sestogrado.it\/wp-content\/uploads\/2025\/10\/01-10.jpg","contentUrl":"https:\/\/www.sestogrado.it\/wp-content\/uploads\/2025\/10\/01-10.jpg","width":1200,"height":1200,"caption":"sonic alu plus"},{"@type":"BreadcrumbList","@id":"https:\/\/www.sestogrado.it\/it\/prodotto\/camp-sonic-alu-plus-bastoncini-pieghevoli\/#breadcrumb","itemListElement":[{"@type":"ListItem","position":1,"name":"Home","item":"https:\/\/www.sestogrado.it\/it\/"},{"@type":"ListItem","position":2,"name":"Shop","item":"https:\/\/www.sestogrado.it\/it\/shop\/"},{"@type":"ListItem","position":3,"name":"Camp Sonic Alu Plus bastoncini pieghevoli"}]},{"@type":"WebSite","@id":"https:\/\/www.sestogrado.it\/it\/#website","url":"https:\/\/www.sestogrado.it\/it\/","name":"Sestogrado","description":"yes we climb","publisher":{"@id":"https:\/\/www.sestogrado.it\/it\/#organization"},"potentialAction":[{"@type":"SearchAction","target":{"@type":"EntryPoint","urlTemplate":"https:\/\/www.sestogrado.it\/it\/?s={search_term_string}"},"query-input":{"@type":"PropertyValueSpecification","valueRequired":true,"valueName":"search_term_string"}}],"inLanguage":"it-IT"},{"@type":"Organization","@id":"https:\/\/www.sestogrado.it\/it\/#organization","name":"Sestogrado","url":"https:\/\/www.sestogrado.it\/it\/","logo":{"@type":"ImageObject","inLanguage":"it-IT","@id":"https:\/\/www.sestogrado.it\/it\/#\/schema\/logo\/image\/","url":"https:\/\/www.sestogrado.it\/wp-content\/uploads\/2015\/03\/sestogrado-favicon.png","contentUrl":"https:\/\/www.sestogrado.it\/wp-content\/uploads\/2015\/03\/sestogrado-favicon.png","width":260,"height":260,"caption":"Sestogrado"},"image":{"@id":"https:\/\/www.sestogrado.it\/it\/#\/schema\/logo\/image\/"},"sameAs":["https:\/\/www.facebook.com\/pages\/Sestogrado\/1542635979353017?ref=bookmarks","https:\/\/www.youtube.com\/channel\/UC847kAfTkaJsWpc1jtQwr3Q"],"hasMerchantReturnPolicy":{"@type":"MerchantReturnPolicy","merchantReturnLink":"https:\/\/www.sestogrado.it\/it\/termini-e-condizioni\/"}}]},"product_brand":"Camp","product_price_amount":"72.90","product_price_currency":"EUR","og_availability":"instock","product_availability":"instock","product_condition":"new"},"_links":{"self":[{"href":"https:\/\/www.sestogrado.it\/it\/wp-json\/wp\/v2\/product\/202075","targetHints":{"allow":["GET"]}}],"collection":[{"href":"https:\/\/www.sestogrado.it\/it\/wp-json\/wp\/v2\/product"}],"about":[{"href":"https:\/\/www.sestogrado.it\/it\/wp-json\/wp\/v2\/types\/product"}],"replies":[{"embeddable":true,"href":"https:\/\/www.sestogrado.it\/it\/wp-json\/wp\/v2\/comments?post=202075"}],"wp:featuredmedia":[{"embeddable":true,"href":"https:\/\/www.sestogrado.it\/it\/wp-json\/wp\/v2\/media\/202076"}],"wp:attachment":[{"href":"https:\/\/www.sestogrado.it\/it\/wp-json\/wp\/v2\/media?parent=202075"}],"wp:term":[{"taxonomy":"product_brand","embeddable":true,"href":"https:\/\/www.sestogrado.it\/it\/wp-json\/wp\/v2\/product_brand?post=202075"},{"taxonomy":"product_cat","embeddable":true,"href":"https:\/\/www.sestogrado.it\/it\/wp-json\/wp\/v2\/product_cat?post=202075"},{"taxonomy":"product_tag","embeddable":true,"href":"https:\/\/www.sestogrado.it\/it\/wp-json\/wp\/v2\/product_tag?post=202075"}],"curies":[{"name":"wp","href":"https:\/\/api.w.org\/{rel}","templated":true}]}}