{"id":202047,"date":"2025-10-14T11:12:43","date_gmt":"2025-10-14T09:12:43","guid":{"rendered":"https:\/\/www.sestogrado.it\/?post_type=product&#038;p=202047"},"modified":"2025-10-14T11:12:44","modified_gmt":"2025-10-14T09:12:44","slug":"black-diamond-cirque-guanti-da-alpinismo-e-sci-alpinismo","status":"publish","type":"product","link":"https:\/\/www.sestogrado.it\/it\/prodotto\/black-diamond-cirque-guanti-da-alpinismo-e-sci-alpinismo\/","title":{"rendered":"Black Diamond Cirque guanti da alpinismo e sci alpinismo"},"content":{"rendered":"<p>Il Black Diamond Cirque \u00e8 un guanto leggero, per attivit\u00e0 intensa, progettato appositamente per lo scialpinismo, lo splitboard e le escursioni veloci in backcountry. Combina una vestibilit\u00e0 articolata con un cappuccio antivento ripiegabile per offrire maggiore calore durante la discesa.<\/p>\n<p>Progettati per le avventure invernali di sci e snowboard che richiedono la massima protezione dalle intemperie e traspirabilit\u00e0 durante le salite pi\u00f9 impegnative, i guanti Cirque presentano un trattamento <strong data-start=\"205\" data-end=\"218\">Empel DWR<\/strong> sul dorso per una repellente all\u2019acqua di livello superiore, mentre i <strong data-start=\"289\" data-end=\"333\">40 grammi di isolamento Primaloft Active<\/strong> nel cappuccio antivento offrono il giusto grado di calore. Il cappuccio antivento ripiegabile garantisce una protezione completa durante la discesa, mentre il palmo in <strong data-start=\"502\" data-end=\"520\">pelle di capra<\/strong> con inserti <strong data-start=\"533\" data-end=\"548\">antiscivolo<\/strong> massimizza la presa necessaria durante la salita.<\/p>\n<ul>\n<li>Sovraguanto ultraleggero, impermeabile e isolato per offrire calore e protezione aggiuntivi<\/li>\n<li>Costruzione e vestibilit\u00e0 precurvate e articolate delle dita per la massima destrezza<\/li>\n<li>Cappuccio antivento realizzato in tessuto Pertex Quantum Pro a tre strati ultraleggero<\/li>\n<li>Palmo in pelle di capra con rinforzi antiscivolo per maggiore resistenza e grip<\/li>\n<li>Il cappuccio antivento si ripiega all\u2019interno del polso<\/li>\n<\/ul>\n<p>&nbsp;<\/p>\n<div class=\"gizmo-bot-avatar flex h-8 w-8 items-center justify-center overflow-hidden rounded-full\">\n<p>Per scegliere la taglia misurarsi la circonferenza del palmo, in corrispondenza delle nocche:<\/p>\n<\/div>\n<p><img decoding=\"async\" class=\"size-full wp-image-23609 img-fluid alignnone\" src=\"https:\/\/www.sestogrado.it\/wp-content\/uploads\/2019\/10\/mano.png\" alt=\"mano\" width=\"300\" height=\"300\" srcset=\"https:\/\/www.sestogrado.it\/wp-content\/uploads\/2019\/10\/mano.png 300w, https:\/\/www.sestogrado.it\/wp-content\/uploads\/2019\/10\/mano-100x100.png 100w, https:\/\/www.sestogrado.it\/wp-content\/uploads\/2019\/10\/mano-220x220.png 220w, https:\/\/www.sestogrado.it\/wp-content\/uploads\/2019\/10\/mano-150x150.png 150w, https:\/\/www.sestogrado.it\/wp-content\/uploads\/2019\/10\/mano-45x45.png 45w, https:\/\/www.sestogrado.it\/wp-content\/uploads\/2019\/10\/mano-64x64.png 64w, https:\/\/www.sestogrado.it\/wp-content\/uploads\/2019\/10\/mano-80x80.png 80w\" sizes=\"(max-width: 300px) 100vw, 300px\" \/><\/p>\n<p>XS 18.4-19.7cm<\/p>\n<p>S 19.7-21cm<\/p>\n<p>M 21.5-23cm<\/p>\n<p>L 23-24cm<\/p>\n<p>XL 24-25.4cm<\/p>\n<p>&nbsp;<\/p>\n<p id=\"tw-target-text\" class=\"tw-data-text tw-text-large tw-ta\" dir=\"ltr\" data-placeholder=\"Traduzione\">Black Diamond dal 1957 rappresenta un punto di riferimento mondiale per l\u2019attrezzatura da arrampicata. Ci\u00f2 che all\u2019inizio era una attivit\u00e0 artigianale con incudine e martello oggi si \u00e8 trasformata in una societ\u00e0 globale con uffici in tre continenti. Il segreto di Black Diamond \u00e8 sempre lo stesso: essere una societ\u00e0 formata da appassionati climber. In Black Diamond si continua a sognare su ci\u00f2 che potrebbe essere e si continua ad essere critici su ci\u00f2 che esiste. E\u2019 cos\u00ec che il processo creativo per la realizzazione della migliore attrezzatura da arrampicata non avr\u00e0 mai fine.<\/p>\n<p>&nbsp;<\/p>","protected":false},"excerpt":{"rendered":"<p>Il Black Diamond Cirque \u00e8 un guanto leggero, per attivit\u00e0 intensa, progettato appositamente per lo scialpinismo, lo splitboard e le [&hellip;]<\/p>\n","protected":false},"featured_media":202053,"comment_status":"open","ping_status":"closed","template":"","meta":{"_acf_changed":false},"product_brand":[121],"product_cat":[1428],"product_tag":[],"class_list":{"0":"post-202047","1":"product","2":"type-product","3":"status-publish","4":"has-post-thumbnail","6":"product_brand-black-diamond","7":"product_cat-guanti-da-alpinismo","9":"first","10":"instock","11":"sale","12":"taxable","13":"shipping-taxable","14":"purchasable","15":"product-type-variable"},"acf":[],"yoast_head":"<!-- This site is optimized with the Yoast SEO plugin v26.4 - https:\/\/yoast.com\/wordpress\/plugins\/seo\/ -->\n<title>Black Diamond Cirque guanti da alpinismo e sci alpinismo - Sestogrado<\/title>\n<meta name=\"description\" content=\"Il Black Diamond Cirque \u00e8 un guanto leggero, progettato appositamente per lo scialpinismo, lo splitboard e le escursioni veloci in backcountry. Combina una vestibilit\u00e0 articolata con un cappuccio antivento ripiegabile per offrire maggiore calore durante la discesa.Progettati per le avventure invernali di sci e snowboard che richiedono la massima protezione dalle intemperie e traspirabilit\u00e0 durante le salite pi\u00f9 impegnative, i guanti Cirque presentano un trattamento Empel DWR sul dorso per una repellente all\u2019acqua di livello superiore, mentre i 40 grammi di isolamento Primaloft Active nel cappuccio antivento offrono il giusto grado di calore. Il cappuccio antivento ripiegabile garantisce una protezione completa durante la discesa, mentre il palmo in pelle di capra con inserti antiscivolo massimizza la presa necessaria durante la salita.\" \/>\n<meta name=\"robots\" content=\"index, follow, max-snippet:-1, max-image-preview:large, max-video-preview:-1\" \/>\n<link rel=\"canonical\" href=\"https:\/\/www.sestogrado.it\/it\/prodotto\/black-diamond-cirque-guanti-da-alpinismo-e-sci-alpinismo\/\" \/>\n<meta property=\"og:locale\" content=\"it_IT\" \/>\n<meta property=\"og:type\" content=\"article\" \/>\n<meta property=\"og:title\" content=\"Black Diamond Cirque guanti da alpinismo e sci alpinismo - Sestogrado\" \/>\n<meta property=\"og:description\" content=\"Il Black Diamond Cirque \u00e8 un guanto leggero, progettato appositamente per lo scialpinismo, lo splitboard e le escursioni veloci in backcountry. Combina una vestibilit\u00e0 articolata con un cappuccio antivento ripiegabile per offrire maggiore calore durante la discesa.Progettati per le avventure invernali di sci e snowboard che richiedono la massima protezione dalle intemperie e traspirabilit\u00e0 durante le salite pi\u00f9 impegnative, i guanti Cirque presentano un trattamento Empel DWR sul dorso per una repellente all\u2019acqua di livello superiore, mentre i 40 grammi di isolamento Primaloft Active nel cappuccio antivento offrono il giusto grado di calore. Il cappuccio antivento ripiegabile garantisce una protezione completa durante la discesa, mentre il palmo in pelle di capra con inserti antiscivolo massimizza la presa necessaria durante la salita.\" \/>\n<meta property=\"og:url\" content=\"https:\/\/www.sestogrado.it\/it\/prodotto\/black-diamond-cirque-guanti-da-alpinismo-e-sci-alpinismo\/\" \/>\n<meta property=\"og:site_name\" content=\"Sestogrado\" \/>\n<meta property=\"article:publisher\" content=\"https:\/\/www.facebook.com\/pages\/Sestogrado\/1542635979353017?ref=bookmarks\" \/>\n<meta property=\"article:modified_time\" content=\"2025-10-14T09:12:44+00:00\" \/>\n<meta property=\"og:image\" content=\"https:\/\/www.sestogrado.it\/wp-content\/uploads\/2025\/10\/01-7.jpg\" \/>\n\t<meta property=\"og:image:width\" content=\"1200\" \/>\n\t<meta property=\"og:image:height\" content=\"1200\" \/>\n\t<meta property=\"og:image:type\" content=\"image\/jpeg\" \/>\n<meta name=\"twitter:label1\" content=\"Disponibilit\u00e0\" \/>\n\t<meta name=\"twitter:data1\" content=\"In stock\" \/>\n<script type=\"application\/ld+json\" class=\"yoast-schema-graph\">{\"@context\":\"https:\/\/schema.org\",\"@graph\":[{\"@type\":\"WebPage\",\"@id\":\"https:\/\/www.sestogrado.it\/it\/prodotto\/black-diamond-cirque-guanti-da-alpinismo-e-sci-alpinismo\/\",\"url\":\"https:\/\/www.sestogrado.it\/it\/prodotto\/black-diamond-cirque-guanti-da-alpinismo-e-sci-alpinismo\/\",\"name\":\"Black Diamond Cirque guanti da alpinismo e sci alpinismo - Sestogrado\",\"isPartOf\":{\"@id\":\"https:\/\/www.sestogrado.it\/it\/#website\"},\"primaryImageOfPage\":{\"@id\":\"https:\/\/www.sestogrado.it\/it\/prodotto\/black-diamond-cirque-guanti-da-alpinismo-e-sci-alpinismo\/#primaryimage\"},\"image\":{\"@id\":\"https:\/\/www.sestogrado.it\/prodotto\/black-diamond-cirque-guanti-da-alpinismo-e-sci-alpinismo\/#primaryimage\"},\"thumbnailUrl\":\"https:\/\/www.sestogrado.it\/wp-content\/uploads\/2025\/10\/01-7.jpg\",\"datePublished\":\"2025-10-14T09:12:43+00:00\",\"dateModified\":\"2025-10-14T09:12:44+00:00\",\"description\":\"Il Black Diamond Cirque \u00e8 un guanto leggero, progettato appositamente per lo scialpinismo, lo splitboard e le escursioni veloci in backcountry. Combina una vestibilit\u00e0 articolata con un cappuccio antivento ripiegabile per offrire maggiore calore durante la discesa.Progettati per le avventure invernali di sci e snowboard che richiedono la massima protezione dalle intemperie e traspirabilit\u00e0 durante le salite pi\u00f9 impegnative, i guanti Cirque presentano un trattamento Empel DWR sul dorso per una repellente all\u2019acqua di livello superiore, mentre i 40 grammi di isolamento Primaloft Active nel cappuccio antivento offrono il giusto grado di calore. Il cappuccio antivento ripiegabile garantisce una protezione completa durante la discesa, mentre il palmo in pelle di capra con inserti antiscivolo massimizza la presa necessaria durante la salita.\",\"breadcrumb\":{\"@id\":\"https:\/\/www.sestogrado.it\/it\/prodotto\/black-diamond-cirque-guanti-da-alpinismo-e-sci-alpinismo\/#breadcrumb\"},\"inLanguage\":\"it-IT\",\"potentialAction\":[{\"@type\":\"ReadAction\",\"target\":[[\"https:\/\/www.sestogrado.it\/it\/prodotto\/black-diamond-cirque-guanti-da-alpinismo-e-sci-alpinismo\/\"]]}]},{\"@type\":\"ImageObject\",\"inLanguage\":\"it-IT\",\"@id\":\"https:\/\/www.sestogrado.it\/it\/prodotto\/black-diamond-cirque-guanti-da-alpinismo-e-sci-alpinismo\/#primaryimage\",\"url\":\"https:\/\/www.sestogrado.it\/wp-content\/uploads\/2025\/10\/01-7.jpg\",\"contentUrl\":\"https:\/\/www.sestogrado.it\/wp-content\/uploads\/2025\/10\/01-7.jpg\",\"width\":1200,\"height\":1200,\"caption\":\"black diamond cirque\"},{\"@type\":\"BreadcrumbList\",\"@id\":\"https:\/\/www.sestogrado.it\/it\/prodotto\/black-diamond-cirque-guanti-da-alpinismo-e-sci-alpinismo\/#breadcrumb\",\"itemListElement\":[{\"@type\":\"ListItem\",\"position\":1,\"name\":\"Home\",\"item\":\"https:\/\/www.sestogrado.it\/it\/\"},{\"@type\":\"ListItem\",\"position\":2,\"name\":\"Shop\",\"item\":\"https:\/\/www.sestogrado.it\/it\/shop\/\"},{\"@type\":\"ListItem\",\"position\":3,\"name\":\"Black Diamond Cirque guanti da alpinismo e sci alpinismo\"}]},{\"@type\":\"WebSite\",\"@id\":\"https:\/\/www.sestogrado.it\/it\/#website\",\"url\":\"https:\/\/www.sestogrado.it\/it\/\",\"name\":\"Sestogrado\",\"description\":\"yes we climb\",\"publisher\":{\"@id\":\"https:\/\/www.sestogrado.it\/it\/#organization\"},\"potentialAction\":[{\"@type\":\"SearchAction\",\"target\":{\"@type\":\"EntryPoint\",\"urlTemplate\":\"https:\/\/www.sestogrado.it\/it\/?s={search_term_string}\"},\"query-input\":{\"@type\":\"PropertyValueSpecification\",\"valueRequired\":true,\"valueName\":\"search_term_string\"}}],\"inLanguage\":\"it-IT\"},{\"@type\":\"Organization\",\"@id\":\"https:\/\/www.sestogrado.it\/it\/#organization\",\"name\":\"Sestogrado\",\"url\":\"https:\/\/www.sestogrado.it\/it\/\",\"logo\":{\"@type\":\"ImageObject\",\"inLanguage\":\"it-IT\",\"@id\":\"https:\/\/www.sestogrado.it\/it\/#\/schema\/logo\/image\/\",\"url\":\"https:\/\/www.sestogrado.it\/wp-content\/uploads\/2015\/03\/sestogrado-favicon.png\",\"contentUrl\":\"https:\/\/www.sestogrado.it\/wp-content\/uploads\/2015\/03\/sestogrado-favicon.png\",\"width\":260,\"height\":260,\"caption\":\"Sestogrado\"},\"image\":{\"@id\":\"https:\/\/www.sestogrado.it\/it\/#\/schema\/logo\/image\/\"},\"sameAs\":[\"https:\/\/www.facebook.com\/pages\/Sestogrado\/1542635979353017?ref=bookmarks\",\"https:\/\/www.youtube.com\/channel\/UC847kAfTkaJsWpc1jtQwr3Q\"],\"hasMerchantReturnPolicy\":{\"@type\":\"MerchantReturnPolicy\",\"merchantReturnLink\":\"https:\/\/www.sestogrado.it\/it\/termini-e-condizioni\/\"}}]}<\/script>\n<meta property=\"product:brand\" content=\"Black Diamond\" \/>\n<meta property=\"og:availability\" content=\"instock\" \/>\n<meta property=\"product:availability\" content=\"instock\" \/>\n<meta property=\"product:condition\" content=\"new\" \/>\n<!-- \/ Yoast SEO plugin. -->","yoast_head_json":{"title":"Black Diamond Cirque guanti da alpinismo e sci alpinismo - Sestogrado","description":"Il Black Diamond Cirque \u00e8 un guanto leggero, progettato appositamente per lo scialpinismo, lo splitboard e le escursioni veloci in backcountry. Combina una vestibilit\u00e0 articolata con un cappuccio antivento ripiegabile per offrire maggiore calore durante la discesa.Progettati per le avventure invernali di sci e snowboard che richiedono la massima protezione dalle intemperie e traspirabilit\u00e0 durante le salite pi\u00f9 impegnative, i guanti Cirque presentano un trattamento Empel DWR sul dorso per una repellente all\u2019acqua di livello superiore, mentre i 40 grammi di isolamento Primaloft Active nel cappuccio antivento offrono il giusto grado di calore. Il cappuccio antivento ripiegabile garantisce una protezione completa durante la discesa, mentre il palmo in pelle di capra con inserti antiscivolo massimizza la presa necessaria durante la salita.","robots":{"index":"index","follow":"follow","max-snippet":"max-snippet:-1","max-image-preview":"max-image-preview:large","max-video-preview":"max-video-preview:-1"},"canonical":"https:\/\/www.sestogrado.it\/it\/prodotto\/black-diamond-cirque-guanti-da-alpinismo-e-sci-alpinismo\/","og_locale":"it_IT","og_type":"article","og_title":"Black Diamond Cirque guanti da alpinismo e sci alpinismo - Sestogrado","og_description":"Il Black Diamond Cirque \u00e8 un guanto leggero, progettato appositamente per lo scialpinismo, lo splitboard e le escursioni veloci in backcountry. Combina una vestibilit\u00e0 articolata con un cappuccio antivento ripiegabile per offrire maggiore calore durante la discesa.Progettati per le avventure invernali di sci e snowboard che richiedono la massima protezione dalle intemperie e traspirabilit\u00e0 durante le salite pi\u00f9 impegnative, i guanti Cirque presentano un trattamento Empel DWR sul dorso per una repellente all\u2019acqua di livello superiore, mentre i 40 grammi di isolamento Primaloft Active nel cappuccio antivento offrono il giusto grado di calore. Il cappuccio antivento ripiegabile garantisce una protezione completa durante la discesa, mentre il palmo in pelle di capra con inserti antiscivolo massimizza la presa necessaria durante la salita.","og_url":"https:\/\/www.sestogrado.it\/it\/prodotto\/black-diamond-cirque-guanti-da-alpinismo-e-sci-alpinismo\/","og_site_name":"Sestogrado","article_publisher":"https:\/\/www.facebook.com\/pages\/Sestogrado\/1542635979353017?ref=bookmarks","article_modified_time":"2025-10-14T09:12:44+00:00","og_image":[{"width":1200,"height":1200,"url":"https:\/\/www.sestogrado.it\/wp-content\/uploads\/2025\/10\/01-7.jpg","type":"image\/jpeg"}],"twitter_misc":{"Disponibilit\u00e0":"In stock"},"schema":{"@context":"https:\/\/schema.org","@graph":[{"@type":"WebPage","@id":"https:\/\/www.sestogrado.it\/it\/prodotto\/black-diamond-cirque-guanti-da-alpinismo-e-sci-alpinismo\/","url":"https:\/\/www.sestogrado.it\/it\/prodotto\/black-diamond-cirque-guanti-da-alpinismo-e-sci-alpinismo\/","name":"Black Diamond Cirque guanti da alpinismo e sci alpinismo - Sestogrado","isPartOf":{"@id":"https:\/\/www.sestogrado.it\/it\/#website"},"primaryImageOfPage":{"@id":"https:\/\/www.sestogrado.it\/it\/prodotto\/black-diamond-cirque-guanti-da-alpinismo-e-sci-alpinismo\/#primaryimage"},"image":{"@id":"https:\/\/www.sestogrado.it\/prodotto\/black-diamond-cirque-guanti-da-alpinismo-e-sci-alpinismo\/#primaryimage"},"thumbnailUrl":"https:\/\/www.sestogrado.it\/wp-content\/uploads\/2025\/10\/01-7.jpg","datePublished":"2025-10-14T09:12:43+00:00","dateModified":"2025-10-14T09:12:44+00:00","description":"Il Black Diamond Cirque \u00e8 un guanto leggero, progettato appositamente per lo scialpinismo, lo splitboard e le escursioni veloci in backcountry. Combina una vestibilit\u00e0 articolata con un cappuccio antivento ripiegabile per offrire maggiore calore durante la discesa.Progettati per le avventure invernali di sci e snowboard che richiedono la massima protezione dalle intemperie e traspirabilit\u00e0 durante le salite pi\u00f9 impegnative, i guanti Cirque presentano un trattamento Empel DWR sul dorso per una repellente all\u2019acqua di livello superiore, mentre i 40 grammi di isolamento Primaloft Active nel cappuccio antivento offrono il giusto grado di calore. Il cappuccio antivento ripiegabile garantisce una protezione completa durante la discesa, mentre il palmo in pelle di capra con inserti antiscivolo massimizza la presa necessaria durante la salita.","breadcrumb":{"@id":"https:\/\/www.sestogrado.it\/it\/prodotto\/black-diamond-cirque-guanti-da-alpinismo-e-sci-alpinismo\/#breadcrumb"},"inLanguage":"it-IT","potentialAction":[{"@type":"ReadAction","target":[["https:\/\/www.sestogrado.it\/it\/prodotto\/black-diamond-cirque-guanti-da-alpinismo-e-sci-alpinismo\/"]]}]},{"@type":"ImageObject","inLanguage":"it-IT","@id":"https:\/\/www.sestogrado.it\/it\/prodotto\/black-diamond-cirque-guanti-da-alpinismo-e-sci-alpinismo\/#primaryimage","url":"https:\/\/www.sestogrado.it\/wp-content\/uploads\/2025\/10\/01-7.jpg","contentUrl":"https:\/\/www.sestogrado.it\/wp-content\/uploads\/2025\/10\/01-7.jpg","width":1200,"height":1200,"caption":"black diamond cirque"},{"@type":"BreadcrumbList","@id":"https:\/\/www.sestogrado.it\/it\/prodotto\/black-diamond-cirque-guanti-da-alpinismo-e-sci-alpinismo\/#breadcrumb","itemListElement":[{"@type":"ListItem","position":1,"name":"Home","item":"https:\/\/www.sestogrado.it\/it\/"},{"@type":"ListItem","position":2,"name":"Shop","item":"https:\/\/www.sestogrado.it\/it\/shop\/"},{"@type":"ListItem","position":3,"name":"Black Diamond Cirque guanti da alpinismo e sci alpinismo"}]},{"@type":"WebSite","@id":"https:\/\/www.sestogrado.it\/it\/#website","url":"https:\/\/www.sestogrado.it\/it\/","name":"Sestogrado","description":"yes we climb","publisher":{"@id":"https:\/\/www.sestogrado.it\/it\/#organization"},"potentialAction":[{"@type":"SearchAction","target":{"@type":"EntryPoint","urlTemplate":"https:\/\/www.sestogrado.it\/it\/?s={search_term_string}"},"query-input":{"@type":"PropertyValueSpecification","valueRequired":true,"valueName":"search_term_string"}}],"inLanguage":"it-IT"},{"@type":"Organization","@id":"https:\/\/www.sestogrado.it\/it\/#organization","name":"Sestogrado","url":"https:\/\/www.sestogrado.it\/it\/","logo":{"@type":"ImageObject","inLanguage":"it-IT","@id":"https:\/\/www.sestogrado.it\/it\/#\/schema\/logo\/image\/","url":"https:\/\/www.sestogrado.it\/wp-content\/uploads\/2015\/03\/sestogrado-favicon.png","contentUrl":"https:\/\/www.sestogrado.it\/wp-content\/uploads\/2015\/03\/sestogrado-favicon.png","width":260,"height":260,"caption":"Sestogrado"},"image":{"@id":"https:\/\/www.sestogrado.it\/it\/#\/schema\/logo\/image\/"},"sameAs":["https:\/\/www.facebook.com\/pages\/Sestogrado\/1542635979353017?ref=bookmarks","https:\/\/www.youtube.com\/channel\/UC847kAfTkaJsWpc1jtQwr3Q"],"hasMerchantReturnPolicy":{"@type":"MerchantReturnPolicy","merchantReturnLink":"https:\/\/www.sestogrado.it\/it\/termini-e-condizioni\/"}}]},"product_brand":"Black Diamond","og_availability":"instock","product_availability":"instock","product_condition":"new"},"_links":{"self":[{"href":"https:\/\/www.sestogrado.it\/it\/wp-json\/wp\/v2\/product\/202047","targetHints":{"allow":["GET"]}}],"collection":[{"href":"https:\/\/www.sestogrado.it\/it\/wp-json\/wp\/v2\/product"}],"about":[{"href":"https:\/\/www.sestogrado.it\/it\/wp-json\/wp\/v2\/types\/product"}],"replies":[{"embeddable":true,"href":"https:\/\/www.sestogrado.it\/it\/wp-json\/wp\/v2\/comments?post=202047"}],"wp:featuredmedia":[{"embeddable":true,"href":"https:\/\/www.sestogrado.it\/it\/wp-json\/wp\/v2\/media\/202053"}],"wp:attachment":[{"href":"https:\/\/www.sestogrado.it\/it\/wp-json\/wp\/v2\/media?parent=202047"}],"wp:term":[{"taxonomy":"product_brand","embeddable":true,"href":"https:\/\/www.sestogrado.it\/it\/wp-json\/wp\/v2\/product_brand?post=202047"},{"taxonomy":"product_cat","embeddable":true,"href":"https:\/\/www.sestogrado.it\/it\/wp-json\/wp\/v2\/product_cat?post=202047"},{"taxonomy":"product_tag","embeddable":true,"href":"https:\/\/www.sestogrado.it\/it\/wp-json\/wp\/v2\/product_tag?post=202047"}],"curies":[{"name":"wp","href":"https:\/\/api.w.org\/{rel}","templated":true}]}}