{"id":20192,"date":"2025-11-18T11:00:48","date_gmt":"2025-11-18T10:00:48","guid":{"rendered":"https:\/\/www.sestogrado.it\/?post_type=product&#038;p=20192"},"modified":"2026-03-31T18:55:33","modified_gmt":"2026-03-31T16:55:33","slug":"black-diamond-solution-guide-imbrago-arrampicata-alpinismo","status":"publish","type":"product","link":"https:\/\/www.sestogrado.it\/it\/prodotto\/black-diamond-solution-guide-imbrago-arrampicata-alpinismo\/","title":{"rendered":"Black Diamond Solution Guide imbrago arrampicata alpinismo"},"content":{"rendered":"<p>Il Black Diamond Solution Guide \u00e8 un imbrago a tre fibbie, con ottimo comfort e funzionalit\u00e0 per ogni tipo di arrampicata. E&#8217; un&#8217;imbracatura robusta, progettata per affrontare qualsiasi situazione. Dotata di cosciali regolabili, imbottiture dove serve e ampi portamateriali, la Solution Guide \u00e8 progettata per affrontare qualsiasi sfida.<\/p>\n<p>Con anelli portamateriali abbastanza grandi da contenere 15 rinvii ciascuno, potrai concatenare tiri o scalare quel dislivello di 70 metri con attrezzatura di riserva. I cosciali regolabili e gli slot per i moschettoni da ghiaccio aggiungono versatilit\u00e0 per le attivit\u00e0 invernali. Per soste lunghe o giornate intere in parete, la Solution Guide offre comfort in sospensione grazie ai nostri innovativi cosciali e alla cintura Contour Edge, che mantengono la rigidit\u00e0 al centro ma si ammorbidiscono ai bordi, una caratteristica di design che riduce i punti di pressione e si adatta alla forma del corpo. Un anello Infinity in Dyneema senza cuciture per l&#8217;assicurazione e un quinto anello portamateriale posteriore, omologato e facile da trovare, completano il set di caratteristiche di questo capo essenziale per l&#8217;arrampicata polivalente.<\/p>\n<ul>\n<li>Cosciali regolabili<\/li>\n<li>Quattro portamateriali termoformati di grande capacit\u00e0 con un quinto anello posteriore<\/li>\n<li>Quattro slot per Ice Clipper<\/li>\n<li>Bretelle elastiche regolabili e sganciabili<\/li>\n<li>I morbidi cosciali e la fascia in vita Contour Edge offrono un comfort avvolgente<\/li>\n<li>Anello Infinity in Dyneema per l&#8217;assicurazione, resistente, leggero e senza cuciture<\/li>\n<\/ul>\n<p>Il Black Diamond Solution Guide \u00e8 un imbrago polivalente per arrampicata e alpinismo.<\/p>\n<p>&nbsp;<\/p>\n<p>Black Diamond dal 1957 rappresenta un punto di riferimento mondiale per l\u2019attrezzatura da arrampicata. Ci\u00f2 che all\u2019inizio era una attivit\u00e0 artigianale con incudine e martello oggi si \u00e8 trasformata in una societ\u00e0 globale con uffici in tre continenti. Il segreto di Black Diamond \u00e8 sempre lo stesso: essere una societ\u00e0 formata da appassionati climber. In Black Diamond si continua a sognare su ci\u00f2 che potrebbe essere e si continua ad essere critici su ci\u00f2 che esiste. E\u2019 cos\u00ec che il processo creativo per la realizzazione della migliore attrezzatura da arrampicata non avr\u00e0 mai fine.<\/p>","protected":false},"excerpt":{"rendered":"<p>Il Black Diamond Solution Guide \u00e8 un imbrago a tre fibbie, con ottimo comfort e funzionalit\u00e0 per ogni tipo di [&hellip;]<\/p>\n","protected":false},"featured_media":203481,"comment_status":"open","ping_status":"closed","template":"","meta":{"_acf_changed":false},"product_brand":[121],"product_cat":[182,183],"product_tag":[],"class_list":{"0":"post-20192","1":"product","2":"type-product","3":"status-publish","4":"has-post-thumbnail","6":"product_brand-black-diamond","7":"product_cat-sportivi","8":"product_cat-alpinismo","10":"first","11":"instock","12":"sale","13":"taxable","14":"shipping-taxable","15":"purchasable","16":"product-type-variable"},"acf":[],"yoast_head":"<!-- This site is optimized with the Yoast SEO plugin v26.4 - https:\/\/yoast.com\/wordpress\/plugins\/seo\/ -->\n<title>Black Diamond Solution Guide imbrago arrampicata alpinismo - Sestogrado<\/title>\n<meta name=\"description\" content=\"Con anelli portamateriali abbastanza grandi da contenere 15 rinvii ciascuno, potrai concatenare tiri o scalare quel dislivello di 70 metri con attrezzatura di riserva. I cosciali regolabili e gli slot per i moschettoni da ghiaccio aggiungono versatilit\u00e0 per le attivit\u00e0 invernali. Per soste lunghe o giornate intere in parete, la Solution Guide offre comfort in sospensione grazie ai nostri innovativi cosciali e alla cintura Contour Edge, che mantengono la rigidit\u00e0 al centro ma si ammorbidiscono ai bordi, una caratteristica di design che riduce i punti di pressione e si adatta alla forma del corpo. Un anello Infinity in Dyneema senza cuciture per l&#039;assicurazione e un quinto anello portamateriale posteriore, omologato e facile da trovare, completano il set di caratteristiche di questo capo essenziale per l&#039;arrampicata polivalente.\" \/>\n<meta name=\"robots\" content=\"index, follow, max-snippet:-1, max-image-preview:large, max-video-preview:-1\" \/>\n<link rel=\"canonical\" href=\"https:\/\/www.sestogrado.it\/it\/prodotto\/black-diamond-solution-guide-imbrago-arrampicata-alpinismo\/\" \/>\n<meta property=\"og:locale\" content=\"it_IT\" \/>\n<meta property=\"og:type\" content=\"article\" \/>\n<meta property=\"og:title\" content=\"Black Diamond Solution Guide imbrago arrampicata alpinismo - Sestogrado\" \/>\n<meta property=\"og:description\" content=\"Con anelli portamateriali abbastanza grandi da contenere 15 rinvii ciascuno, potrai concatenare tiri o scalare quel dislivello di 70 metri con attrezzatura di riserva. I cosciali regolabili e gli slot per i moschettoni da ghiaccio aggiungono versatilit\u00e0 per le attivit\u00e0 invernali. Per soste lunghe o giornate intere in parete, la Solution Guide offre comfort in sospensione grazie ai nostri innovativi cosciali e alla cintura Contour Edge, che mantengono la rigidit\u00e0 al centro ma si ammorbidiscono ai bordi, una caratteristica di design che riduce i punti di pressione e si adatta alla forma del corpo. Un anello Infinity in Dyneema senza cuciture per l&#039;assicurazione e un quinto anello portamateriale posteriore, omologato e facile da trovare, completano il set di caratteristiche di questo capo essenziale per l&#039;arrampicata polivalente.\" \/>\n<meta property=\"og:url\" content=\"https:\/\/www.sestogrado.it\/it\/prodotto\/black-diamond-solution-guide-imbrago-arrampicata-alpinismo\/\" \/>\n<meta property=\"og:site_name\" content=\"Sestogrado\" \/>\n<meta property=\"article:publisher\" content=\"https:\/\/www.facebook.com\/pages\/Sestogrado\/1542635979353017?ref=bookmarks\" \/>\n<meta property=\"article:modified_time\" content=\"2026-03-31T16:55:33+00:00\" \/>\n<meta property=\"og:image\" content=\"https:\/\/www.sestogrado.it\/wp-content\/uploads\/2019\/03\/solution-guide.jpg\" \/>\n\t<meta property=\"og:image:width\" content=\"1200\" \/>\n\t<meta property=\"og:image:height\" content=\"1200\" \/>\n\t<meta property=\"og:image:type\" content=\"image\/jpeg\" \/>\n<meta name=\"twitter:label1\" content=\"Disponibilit\u00e0\" \/>\n\t<meta name=\"twitter:data1\" content=\"In stock\" \/>\n<script type=\"application\/ld+json\" class=\"yoast-schema-graph\">{\"@context\":\"https:\/\/schema.org\",\"@graph\":[{\"@type\":\"WebPage\",\"@id\":\"https:\/\/www.sestogrado.it\/it\/prodotto\/black-diamond-solution-guide-imbrago-arrampicata-alpinismo\/\",\"url\":\"https:\/\/www.sestogrado.it\/it\/prodotto\/black-diamond-solution-guide-imbrago-arrampicata-alpinismo\/\",\"name\":\"Black Diamond Solution Guide imbrago arrampicata alpinismo - Sestogrado\",\"isPartOf\":{\"@id\":\"https:\/\/www.sestogrado.it\/it\/#website\"},\"primaryImageOfPage\":{\"@id\":\"https:\/\/www.sestogrado.it\/it\/prodotto\/black-diamond-solution-guide-imbrago-arrampicata-alpinismo\/#primaryimage\"},\"image\":{\"@id\":\"https:\/\/www.sestogrado.it\/prodotto\/black-diamond-solution-guide-imbrago-arrampicata-alpinismo\/#primaryimage\"},\"thumbnailUrl\":\"https:\/\/www.sestogrado.it\/wp-content\/uploads\/2019\/03\/solution-guide.jpg\",\"datePublished\":\"2025-11-18T10:00:48+00:00\",\"dateModified\":\"2026-03-31T16:55:33+00:00\",\"description\":\"Con anelli portamateriali abbastanza grandi da contenere 15 rinvii ciascuno, potrai concatenare tiri o scalare quel dislivello di 70 metri con attrezzatura di riserva. I cosciali regolabili e gli slot per i moschettoni da ghiaccio aggiungono versatilit\u00e0 per le attivit\u00e0 invernali. Per soste lunghe o giornate intere in parete, la Solution Guide offre comfort in sospensione grazie ai nostri innovativi cosciali e alla cintura Contour Edge, che mantengono la rigidit\u00e0 al centro ma si ammorbidiscono ai bordi, una caratteristica di design che riduce i punti di pressione e si adatta alla forma del corpo. Un anello Infinity in Dyneema senza cuciture per l'assicurazione e un quinto anello portamateriale posteriore, omologato e facile da trovare, completano il set di caratteristiche di questo capo essenziale per l'arrampicata polivalente.\",\"breadcrumb\":{\"@id\":\"https:\/\/www.sestogrado.it\/it\/prodotto\/black-diamond-solution-guide-imbrago-arrampicata-alpinismo\/#breadcrumb\"},\"inLanguage\":\"it-IT\",\"potentialAction\":[{\"@type\":\"ReadAction\",\"target\":[[\"https:\/\/www.sestogrado.it\/it\/prodotto\/black-diamond-solution-guide-imbrago-arrampicata-alpinismo\/\"]]}]},{\"@type\":\"ImageObject\",\"inLanguage\":\"it-IT\",\"@id\":\"https:\/\/www.sestogrado.it\/it\/prodotto\/black-diamond-solution-guide-imbrago-arrampicata-alpinismo\/#primaryimage\",\"url\":\"https:\/\/www.sestogrado.it\/wp-content\/uploads\/2019\/03\/solution-guide.jpg\",\"contentUrl\":\"https:\/\/www.sestogrado.it\/wp-content\/uploads\/2019\/03\/solution-guide.jpg\",\"width\":1200,\"height\":1200,\"caption\":\"solution-guide\"},{\"@type\":\"BreadcrumbList\",\"@id\":\"https:\/\/www.sestogrado.it\/it\/prodotto\/black-diamond-solution-guide-imbrago-arrampicata-alpinismo\/#breadcrumb\",\"itemListElement\":[{\"@type\":\"ListItem\",\"position\":1,\"name\":\"Home\",\"item\":\"https:\/\/www.sestogrado.it\/it\/\"},{\"@type\":\"ListItem\",\"position\":2,\"name\":\"Shop\",\"item\":\"https:\/\/www.sestogrado.it\/it\/shop\/\"},{\"@type\":\"ListItem\",\"position\":3,\"name\":\"Black Diamond Solution Guide imbrago arrampicata alpinismo\"}]},{\"@type\":\"WebSite\",\"@id\":\"https:\/\/www.sestogrado.it\/it\/#website\",\"url\":\"https:\/\/www.sestogrado.it\/it\/\",\"name\":\"Sestogrado\",\"description\":\"yes we climb\",\"publisher\":{\"@id\":\"https:\/\/www.sestogrado.it\/it\/#organization\"},\"potentialAction\":[{\"@type\":\"SearchAction\",\"target\":{\"@type\":\"EntryPoint\",\"urlTemplate\":\"https:\/\/www.sestogrado.it\/it\/?s={search_term_string}\"},\"query-input\":{\"@type\":\"PropertyValueSpecification\",\"valueRequired\":true,\"valueName\":\"search_term_string\"}}],\"inLanguage\":\"it-IT\"},{\"@type\":\"Organization\",\"@id\":\"https:\/\/www.sestogrado.it\/it\/#organization\",\"name\":\"Sestogrado\",\"url\":\"https:\/\/www.sestogrado.it\/it\/\",\"logo\":{\"@type\":\"ImageObject\",\"inLanguage\":\"it-IT\",\"@id\":\"https:\/\/www.sestogrado.it\/it\/#\/schema\/logo\/image\/\",\"url\":\"https:\/\/www.sestogrado.it\/wp-content\/uploads\/2015\/03\/sestogrado-favicon.png\",\"contentUrl\":\"https:\/\/www.sestogrado.it\/wp-content\/uploads\/2015\/03\/sestogrado-favicon.png\",\"width\":260,\"height\":260,\"caption\":\"Sestogrado\"},\"image\":{\"@id\":\"https:\/\/www.sestogrado.it\/it\/#\/schema\/logo\/image\/\"},\"sameAs\":[\"https:\/\/www.facebook.com\/pages\/Sestogrado\/1542635979353017?ref=bookmarks\",\"https:\/\/www.youtube.com\/channel\/UC847kAfTkaJsWpc1jtQwr3Q\"],\"hasMerchantReturnPolicy\":{\"@type\":\"MerchantReturnPolicy\",\"merchantReturnLink\":\"https:\/\/www.sestogrado.it\/it\/termini-e-condizioni\/\"}}]}<\/script>\n<meta property=\"product:brand\" content=\"Black Diamond\" \/>\n<meta property=\"og:availability\" content=\"instock\" \/>\n<meta property=\"product:availability\" content=\"instock\" \/>\n<meta property=\"product:condition\" content=\"new\" \/>\n<!-- \/ Yoast SEO plugin. -->","yoast_head_json":{"title":"Black Diamond Solution Guide imbrago arrampicata alpinismo - Sestogrado","description":"Con anelli portamateriali abbastanza grandi da contenere 15 rinvii ciascuno, potrai concatenare tiri o scalare quel dislivello di 70 metri con attrezzatura di riserva. I cosciali regolabili e gli slot per i moschettoni da ghiaccio aggiungono versatilit\u00e0 per le attivit\u00e0 invernali. Per soste lunghe o giornate intere in parete, la Solution Guide offre comfort in sospensione grazie ai nostri innovativi cosciali e alla cintura Contour Edge, che mantengono la rigidit\u00e0 al centro ma si ammorbidiscono ai bordi, una caratteristica di design che riduce i punti di pressione e si adatta alla forma del corpo. Un anello Infinity in Dyneema senza cuciture per l'assicurazione e un quinto anello portamateriale posteriore, omologato e facile da trovare, completano il set di caratteristiche di questo capo essenziale per l'arrampicata polivalente.","robots":{"index":"index","follow":"follow","max-snippet":"max-snippet:-1","max-image-preview":"max-image-preview:large","max-video-preview":"max-video-preview:-1"},"canonical":"https:\/\/www.sestogrado.it\/it\/prodotto\/black-diamond-solution-guide-imbrago-arrampicata-alpinismo\/","og_locale":"it_IT","og_type":"article","og_title":"Black Diamond Solution Guide imbrago arrampicata alpinismo - Sestogrado","og_description":"Con anelli portamateriali abbastanza grandi da contenere 15 rinvii ciascuno, potrai concatenare tiri o scalare quel dislivello di 70 metri con attrezzatura di riserva. I cosciali regolabili e gli slot per i moschettoni da ghiaccio aggiungono versatilit\u00e0 per le attivit\u00e0 invernali. Per soste lunghe o giornate intere in parete, la Solution Guide offre comfort in sospensione grazie ai nostri innovativi cosciali e alla cintura Contour Edge, che mantengono la rigidit\u00e0 al centro ma si ammorbidiscono ai bordi, una caratteristica di design che riduce i punti di pressione e si adatta alla forma del corpo. Un anello Infinity in Dyneema senza cuciture per l'assicurazione e un quinto anello portamateriale posteriore, omologato e facile da trovare, completano il set di caratteristiche di questo capo essenziale per l'arrampicata polivalente.","og_url":"https:\/\/www.sestogrado.it\/it\/prodotto\/black-diamond-solution-guide-imbrago-arrampicata-alpinismo\/","og_site_name":"Sestogrado","article_publisher":"https:\/\/www.facebook.com\/pages\/Sestogrado\/1542635979353017?ref=bookmarks","article_modified_time":"2026-03-31T16:55:33+00:00","og_image":[{"width":1200,"height":1200,"url":"https:\/\/www.sestogrado.it\/wp-content\/uploads\/2019\/03\/solution-guide.jpg","type":"image\/jpeg"}],"twitter_misc":{"Disponibilit\u00e0":"In stock"},"schema":{"@context":"https:\/\/schema.org","@graph":[{"@type":"WebPage","@id":"https:\/\/www.sestogrado.it\/it\/prodotto\/black-diamond-solution-guide-imbrago-arrampicata-alpinismo\/","url":"https:\/\/www.sestogrado.it\/it\/prodotto\/black-diamond-solution-guide-imbrago-arrampicata-alpinismo\/","name":"Black Diamond Solution Guide imbrago arrampicata alpinismo - Sestogrado","isPartOf":{"@id":"https:\/\/www.sestogrado.it\/it\/#website"},"primaryImageOfPage":{"@id":"https:\/\/www.sestogrado.it\/it\/prodotto\/black-diamond-solution-guide-imbrago-arrampicata-alpinismo\/#primaryimage"},"image":{"@id":"https:\/\/www.sestogrado.it\/prodotto\/black-diamond-solution-guide-imbrago-arrampicata-alpinismo\/#primaryimage"},"thumbnailUrl":"https:\/\/www.sestogrado.it\/wp-content\/uploads\/2019\/03\/solution-guide.jpg","datePublished":"2025-11-18T10:00:48+00:00","dateModified":"2026-03-31T16:55:33+00:00","description":"Con anelli portamateriali abbastanza grandi da contenere 15 rinvii ciascuno, potrai concatenare tiri o scalare quel dislivello di 70 metri con attrezzatura di riserva. I cosciali regolabili e gli slot per i moschettoni da ghiaccio aggiungono versatilit\u00e0 per le attivit\u00e0 invernali. Per soste lunghe o giornate intere in parete, la Solution Guide offre comfort in sospensione grazie ai nostri innovativi cosciali e alla cintura Contour Edge, che mantengono la rigidit\u00e0 al centro ma si ammorbidiscono ai bordi, una caratteristica di design che riduce i punti di pressione e si adatta alla forma del corpo. Un anello Infinity in Dyneema senza cuciture per l'assicurazione e un quinto anello portamateriale posteriore, omologato e facile da trovare, completano il set di caratteristiche di questo capo essenziale per l'arrampicata polivalente.","breadcrumb":{"@id":"https:\/\/www.sestogrado.it\/it\/prodotto\/black-diamond-solution-guide-imbrago-arrampicata-alpinismo\/#breadcrumb"},"inLanguage":"it-IT","potentialAction":[{"@type":"ReadAction","target":[["https:\/\/www.sestogrado.it\/it\/prodotto\/black-diamond-solution-guide-imbrago-arrampicata-alpinismo\/"]]}]},{"@type":"ImageObject","inLanguage":"it-IT","@id":"https:\/\/www.sestogrado.it\/it\/prodotto\/black-diamond-solution-guide-imbrago-arrampicata-alpinismo\/#primaryimage","url":"https:\/\/www.sestogrado.it\/wp-content\/uploads\/2019\/03\/solution-guide.jpg","contentUrl":"https:\/\/www.sestogrado.it\/wp-content\/uploads\/2019\/03\/solution-guide.jpg","width":1200,"height":1200,"caption":"solution-guide"},{"@type":"BreadcrumbList","@id":"https:\/\/www.sestogrado.it\/it\/prodotto\/black-diamond-solution-guide-imbrago-arrampicata-alpinismo\/#breadcrumb","itemListElement":[{"@type":"ListItem","position":1,"name":"Home","item":"https:\/\/www.sestogrado.it\/it\/"},{"@type":"ListItem","position":2,"name":"Shop","item":"https:\/\/www.sestogrado.it\/it\/shop\/"},{"@type":"ListItem","position":3,"name":"Black Diamond Solution Guide imbrago arrampicata alpinismo"}]},{"@type":"WebSite","@id":"https:\/\/www.sestogrado.it\/it\/#website","url":"https:\/\/www.sestogrado.it\/it\/","name":"Sestogrado","description":"yes we climb","publisher":{"@id":"https:\/\/www.sestogrado.it\/it\/#organization"},"potentialAction":[{"@type":"SearchAction","target":{"@type":"EntryPoint","urlTemplate":"https:\/\/www.sestogrado.it\/it\/?s={search_term_string}"},"query-input":{"@type":"PropertyValueSpecification","valueRequired":true,"valueName":"search_term_string"}}],"inLanguage":"it-IT"},{"@type":"Organization","@id":"https:\/\/www.sestogrado.it\/it\/#organization","name":"Sestogrado","url":"https:\/\/www.sestogrado.it\/it\/","logo":{"@type":"ImageObject","inLanguage":"it-IT","@id":"https:\/\/www.sestogrado.it\/it\/#\/schema\/logo\/image\/","url":"https:\/\/www.sestogrado.it\/wp-content\/uploads\/2015\/03\/sestogrado-favicon.png","contentUrl":"https:\/\/www.sestogrado.it\/wp-content\/uploads\/2015\/03\/sestogrado-favicon.png","width":260,"height":260,"caption":"Sestogrado"},"image":{"@id":"https:\/\/www.sestogrado.it\/it\/#\/schema\/logo\/image\/"},"sameAs":["https:\/\/www.facebook.com\/pages\/Sestogrado\/1542635979353017?ref=bookmarks","https:\/\/www.youtube.com\/channel\/UC847kAfTkaJsWpc1jtQwr3Q"],"hasMerchantReturnPolicy":{"@type":"MerchantReturnPolicy","merchantReturnLink":"https:\/\/www.sestogrado.it\/it\/termini-e-condizioni\/"}}]},"product_brand":"Black Diamond","og_availability":"instock","product_availability":"instock","product_condition":"new"},"_links":{"self":[{"href":"https:\/\/www.sestogrado.it\/it\/wp-json\/wp\/v2\/product\/20192","targetHints":{"allow":["GET"]}}],"collection":[{"href":"https:\/\/www.sestogrado.it\/it\/wp-json\/wp\/v2\/product"}],"about":[{"href":"https:\/\/www.sestogrado.it\/it\/wp-json\/wp\/v2\/types\/product"}],"replies":[{"embeddable":true,"href":"https:\/\/www.sestogrado.it\/it\/wp-json\/wp\/v2\/comments?post=20192"}],"wp:featuredmedia":[{"embeddable":true,"href":"https:\/\/www.sestogrado.it\/it\/wp-json\/wp\/v2\/media\/203481"}],"wp:attachment":[{"href":"https:\/\/www.sestogrado.it\/it\/wp-json\/wp\/v2\/media?parent=20192"}],"wp:term":[{"taxonomy":"product_brand","embeddable":true,"href":"https:\/\/www.sestogrado.it\/it\/wp-json\/wp\/v2\/product_brand?post=20192"},{"taxonomy":"product_cat","embeddable":true,"href":"https:\/\/www.sestogrado.it\/it\/wp-json\/wp\/v2\/product_cat?post=20192"},{"taxonomy":"product_tag","embeddable":true,"href":"https:\/\/www.sestogrado.it\/it\/wp-json\/wp\/v2\/product_tag?post=20192"}],"curies":[{"name":"wp","href":"https:\/\/api.w.org\/{rel}","templated":true}]}}