{"id":201917,"date":"2025-10-08T13:08:05","date_gmt":"2025-10-08T11:08:05","guid":{"rendered":"https:\/\/www.sestogrado.it\/?post_type=product&#038;p=201917"},"modified":"2026-04-08T08:53:43","modified_gmt":"2026-04-08T06:53:43","slug":"blue-ice-vista-imbrago-arrampicata","status":"publish","type":"product","link":"https:\/\/www.sestogrado.it\/it\/prodotto\/blue-ice-vista-imbrago-arrampicata\/","title":{"rendered":"Blue Ice Vista imbrago arrampicata"},"content":{"rendered":"<p>Il Blue Ice Vista \u00e8 un imbrago monofibbia progettato per l&#8217;arrampicata sportiva. Pensata per chi vuole spingersi sempre pi\u00f9 in alto, questa imbracatura \u00e8 l\u2019alleata ideale sia per chi cresce di grado, sia per chi vive intense giornate in falesia o in palestra. La sua robustezza la rende affidabile anche sotto l\u2019uso pi\u00f9 intenso, accompagnandoti in ogni avventura.<\/p>\n<p>Comoda, resistente e conveniente: un vero punto di riferimento per gli arrampicatori che cercano prestazioni costanti e sicurezza in ogni condizione.<\/p>\n<ul>\n<li>Due portamateriali posteriori flessibili e a basso profilo<\/li>\n<li>Cosce laminati<\/li>\n<li>Cintura ergonomica ampia per una migliore distribuzione del carico<\/li>\n<li>Quinto portamateriale posteriore<\/li>\n<li>Due portamateriali frontali 3D<\/li>\n<li>Fettucce e rinforzi in HTPE<\/li>\n<li>Elastico posteriore per cosciali apribile e regolabile con semplici nodi scorrevoli<\/li>\n<li>Fibbia rapida in alluminio forgiato, punto di legatura e anello di servizio rinforzati in HTPE<\/li>\n<li>Materiali: Poliestere Twill riciclato 300d, mesh strutturale ingegnerizzata, mesh 3D in poliestere, fettucce e rinforzi in HTPE, fibbia rapida in alluminio forgiato, schiuma EVA. Tutti i tessuti sono privi di PFC.<\/li>\n<li>Peso: 294 g (S), 319 g (M), 335 g (L), 367 g (XL)<\/li>\n<\/ul>\n<p><img decoding=\"async\" class=\"img-fluid alignnone wp-image-201918 \" src=\"https:\/\/www.sestogrado.it\/wp-content\/uploads\/2025\/10\/vista-size.jpg\" alt=\"vista taglie\" width=\"876\" height=\"526\" srcset=\"https:\/\/www.sestogrado.it\/wp-content\/uploads\/2025\/10\/vista-size.jpg 1200w, https:\/\/www.sestogrado.it\/wp-content\/uploads\/2025\/10\/vista-size-300x180.jpg 300w, https:\/\/www.sestogrado.it\/wp-content\/uploads\/2025\/10\/vista-size-1024x614.jpg 1024w, https:\/\/www.sestogrado.it\/wp-content\/uploads\/2025\/10\/vista-size-768x461.jpg 768w, https:\/\/www.sestogrado.it\/wp-content\/uploads\/2025\/10\/vista-size-133x80.jpg 133w, https:\/\/www.sestogrado.it\/wp-content\/uploads\/2025\/10\/vista-size-750x450.jpg 750w, https:\/\/www.sestogrado.it\/wp-content\/uploads\/2025\/10\/vista-size-100x60.jpg 100w, https:\/\/www.sestogrado.it\/wp-content\/uploads\/2025\/10\/vista-size-150x90.jpg 150w\" sizes=\"(max-width: 876px) 100vw, 876px\" \/><\/p>\n<p>Blue Ice \u00e8 un\u2019azienda con sede a Chamonix che produce solo articoli da alpinismo di alta qualit\u00e0. Gli zaini Blue Ice sono dedicati ad un alpinismo tecnico e di alto livello. Inizialmente era semplicemente una questione di vivere la nostra passione al massimo: arrampicare, sciare, esplorare o semplicemente entrare in contatto con noi stessi e le montagne \u2026 prima di estendere questo progetto a tutti gli amanti delle vette l\u00e0 fuori.<\/p>","protected":false},"excerpt":{"rendered":"<p>Il Blue Ice Vista \u00e8 un imbrago monofibbia progettato per l&#8217;arrampicata sportiva. Pensata per chi vuole spingersi sempre pi\u00f9 in [&hellip;]<\/p>\n","protected":false},"featured_media":201923,"comment_status":"open","ping_status":"closed","template":"","meta":{"_acf_changed":false},"product_brand":[641],"product_cat":[182],"product_tag":[],"class_list":{"0":"post-201917","1":"product","2":"type-product","3":"status-publish","4":"has-post-thumbnail","6":"product_brand-blue-ice","7":"product_cat-sportivi","9":"first","10":"instock","11":"sale","12":"taxable","13":"shipping-taxable","14":"purchasable","15":"product-type-variable"},"acf":[],"yoast_head":"<!-- This site is optimized with the Yoast SEO plugin v26.4 - https:\/\/yoast.com\/wordpress\/plugins\/seo\/ -->\n<title>Blue Ice Vista imbrago arrampicata - Sestogrado<\/title>\n<meta name=\"description\" content=\"Il Blue Ice Vista \u00e8 un imbrago monofibbia progettato per l&#039;arrampicata sportiva. Pensata per chi vuole spingersi sempre pi\u00f9 in alto, questa imbracatura \u00e8 l\u2019alleata ideale sia per chi cresce di grado, sia per chi vive intense giornate in falesia o in palestra. La sua robustezza la rende affidabile anche sotto l\u2019uso pi\u00f9 intenso, accompagnandoti in ogni avventura.Comoda, resistente e conveniente: un vero punto di riferimento per gli arrampicatori che cercano prestazioni costanti e sicurezza in ogni condizione.\" \/>\n<meta name=\"robots\" content=\"index, follow, max-snippet:-1, max-image-preview:large, max-video-preview:-1\" \/>\n<link rel=\"canonical\" href=\"https:\/\/www.sestogrado.it\/it\/prodotto\/blue-ice-vista-imbrago-arrampicata\/\" \/>\n<meta property=\"og:locale\" content=\"it_IT\" \/>\n<meta property=\"og:type\" content=\"article\" \/>\n<meta property=\"og:title\" content=\"Blue Ice Vista imbrago arrampicata - Sestogrado\" \/>\n<meta property=\"og:description\" content=\"Il Blue Ice Vista \u00e8 un imbrago monofibbia progettato per l&#039;arrampicata sportiva. Pensata per chi vuole spingersi sempre pi\u00f9 in alto, questa imbracatura \u00e8 l\u2019alleata ideale sia per chi cresce di grado, sia per chi vive intense giornate in falesia o in palestra. La sua robustezza la rende affidabile anche sotto l\u2019uso pi\u00f9 intenso, accompagnandoti in ogni avventura.Comoda, resistente e conveniente: un vero punto di riferimento per gli arrampicatori che cercano prestazioni costanti e sicurezza in ogni condizione.\" \/>\n<meta property=\"og:url\" content=\"https:\/\/www.sestogrado.it\/it\/prodotto\/blue-ice-vista-imbrago-arrampicata\/\" \/>\n<meta property=\"og:site_name\" content=\"Sestogrado\" \/>\n<meta property=\"article:publisher\" content=\"https:\/\/www.facebook.com\/pages\/Sestogrado\/1542635979353017?ref=bookmarks\" \/>\n<meta property=\"article:modified_time\" content=\"2026-04-08T06:53:43+00:00\" \/>\n<meta property=\"og:image\" content=\"https:\/\/www.sestogrado.it\/wp-content\/uploads\/2025\/10\/01-4.jpg\" \/>\n\t<meta property=\"og:image:width\" content=\"1200\" \/>\n\t<meta property=\"og:image:height\" content=\"1200\" \/>\n\t<meta property=\"og:image:type\" content=\"image\/jpeg\" \/>\n<meta name=\"twitter:label1\" content=\"Disponibilit\u00e0\" \/>\n\t<meta name=\"twitter:data1\" content=\"In stock\" \/>\n<script type=\"application\/ld+json\" class=\"yoast-schema-graph\">{\"@context\":\"https:\/\/schema.org\",\"@graph\":[{\"@type\":\"WebPage\",\"@id\":\"https:\/\/www.sestogrado.it\/it\/prodotto\/blue-ice-vista-imbrago-arrampicata\/\",\"url\":\"https:\/\/www.sestogrado.it\/it\/prodotto\/blue-ice-vista-imbrago-arrampicata\/\",\"name\":\"Blue Ice Vista imbrago arrampicata - Sestogrado\",\"isPartOf\":{\"@id\":\"https:\/\/www.sestogrado.it\/it\/#website\"},\"primaryImageOfPage\":{\"@id\":\"https:\/\/www.sestogrado.it\/it\/prodotto\/blue-ice-vista-imbrago-arrampicata\/#primaryimage\"},\"image\":{\"@id\":\"https:\/\/www.sestogrado.it\/prodotto\/blue-ice-vista-imbrago-arrampicata\/#primaryimage\"},\"thumbnailUrl\":\"https:\/\/www.sestogrado.it\/wp-content\/uploads\/2025\/10\/01-4.jpg\",\"datePublished\":\"2025-10-08T11:08:05+00:00\",\"dateModified\":\"2026-04-08T06:53:43+00:00\",\"description\":\"Il Blue Ice Vista \u00e8 un imbrago monofibbia progettato per l'arrampicata sportiva. Pensata per chi vuole spingersi sempre pi\u00f9 in alto, questa imbracatura \u00e8 l\u2019alleata ideale sia per chi cresce di grado, sia per chi vive intense giornate in falesia o in palestra. La sua robustezza la rende affidabile anche sotto l\u2019uso pi\u00f9 intenso, accompagnandoti in ogni avventura.Comoda, resistente e conveniente: un vero punto di riferimento per gli arrampicatori che cercano prestazioni costanti e sicurezza in ogni condizione.\",\"breadcrumb\":{\"@id\":\"https:\/\/www.sestogrado.it\/it\/prodotto\/blue-ice-vista-imbrago-arrampicata\/#breadcrumb\"},\"inLanguage\":\"it-IT\",\"potentialAction\":[{\"@type\":\"ReadAction\",\"target\":[[\"https:\/\/www.sestogrado.it\/it\/prodotto\/blue-ice-vista-imbrago-arrampicata\/\"]]}]},{\"@type\":\"ImageObject\",\"inLanguage\":\"it-IT\",\"@id\":\"https:\/\/www.sestogrado.it\/it\/prodotto\/blue-ice-vista-imbrago-arrampicata\/#primaryimage\",\"url\":\"https:\/\/www.sestogrado.it\/wp-content\/uploads\/2025\/10\/01-4.jpg\",\"contentUrl\":\"https:\/\/www.sestogrado.it\/wp-content\/uploads\/2025\/10\/01-4.jpg\",\"width\":1200,\"height\":1200,\"caption\":\"blue ice vista\"},{\"@type\":\"BreadcrumbList\",\"@id\":\"https:\/\/www.sestogrado.it\/it\/prodotto\/blue-ice-vista-imbrago-arrampicata\/#breadcrumb\",\"itemListElement\":[{\"@type\":\"ListItem\",\"position\":1,\"name\":\"Home\",\"item\":\"https:\/\/www.sestogrado.it\/it\/\"},{\"@type\":\"ListItem\",\"position\":2,\"name\":\"Shop\",\"item\":\"https:\/\/www.sestogrado.it\/it\/shop\/\"},{\"@type\":\"ListItem\",\"position\":3,\"name\":\"Blue Ice Vista imbrago arrampicata\"}]},{\"@type\":\"WebSite\",\"@id\":\"https:\/\/www.sestogrado.it\/it\/#website\",\"url\":\"https:\/\/www.sestogrado.it\/it\/\",\"name\":\"Sestogrado\",\"description\":\"yes we climb\",\"publisher\":{\"@id\":\"https:\/\/www.sestogrado.it\/it\/#organization\"},\"potentialAction\":[{\"@type\":\"SearchAction\",\"target\":{\"@type\":\"EntryPoint\",\"urlTemplate\":\"https:\/\/www.sestogrado.it\/it\/?s={search_term_string}\"},\"query-input\":{\"@type\":\"PropertyValueSpecification\",\"valueRequired\":true,\"valueName\":\"search_term_string\"}}],\"inLanguage\":\"it-IT\"},{\"@type\":\"Organization\",\"@id\":\"https:\/\/www.sestogrado.it\/it\/#organization\",\"name\":\"Sestogrado\",\"url\":\"https:\/\/www.sestogrado.it\/it\/\",\"logo\":{\"@type\":\"ImageObject\",\"inLanguage\":\"it-IT\",\"@id\":\"https:\/\/www.sestogrado.it\/it\/#\/schema\/logo\/image\/\",\"url\":\"https:\/\/www.sestogrado.it\/wp-content\/uploads\/2015\/03\/sestogrado-favicon.png\",\"contentUrl\":\"https:\/\/www.sestogrado.it\/wp-content\/uploads\/2015\/03\/sestogrado-favicon.png\",\"width\":260,\"height\":260,\"caption\":\"Sestogrado\"},\"image\":{\"@id\":\"https:\/\/www.sestogrado.it\/it\/#\/schema\/logo\/image\/\"},\"sameAs\":[\"https:\/\/www.facebook.com\/pages\/Sestogrado\/1542635979353017?ref=bookmarks\",\"https:\/\/www.youtube.com\/channel\/UC847kAfTkaJsWpc1jtQwr3Q\"],\"hasMerchantReturnPolicy\":{\"@type\":\"MerchantReturnPolicy\",\"merchantReturnLink\":\"https:\/\/www.sestogrado.it\/it\/termini-e-condizioni\/\"}}]}<\/script>\n<meta property=\"product:brand\" content=\"Blue Ice\" \/>\n<meta property=\"og:availability\" content=\"instock\" \/>\n<meta property=\"product:availability\" content=\"instock\" \/>\n<meta property=\"product:condition\" content=\"new\" \/>\n<!-- \/ Yoast SEO plugin. -->","yoast_head_json":{"title":"Blue Ice Vista imbrago arrampicata - Sestogrado","description":"Il Blue Ice Vista \u00e8 un imbrago monofibbia progettato per l'arrampicata sportiva. Pensata per chi vuole spingersi sempre pi\u00f9 in alto, questa imbracatura \u00e8 l\u2019alleata ideale sia per chi cresce di grado, sia per chi vive intense giornate in falesia o in palestra. La sua robustezza la rende affidabile anche sotto l\u2019uso pi\u00f9 intenso, accompagnandoti in ogni avventura.Comoda, resistente e conveniente: un vero punto di riferimento per gli arrampicatori che cercano prestazioni costanti e sicurezza in ogni condizione.","robots":{"index":"index","follow":"follow","max-snippet":"max-snippet:-1","max-image-preview":"max-image-preview:large","max-video-preview":"max-video-preview:-1"},"canonical":"https:\/\/www.sestogrado.it\/it\/prodotto\/blue-ice-vista-imbrago-arrampicata\/","og_locale":"it_IT","og_type":"article","og_title":"Blue Ice Vista imbrago arrampicata - Sestogrado","og_description":"Il Blue Ice Vista \u00e8 un imbrago monofibbia progettato per l'arrampicata sportiva. Pensata per chi vuole spingersi sempre pi\u00f9 in alto, questa imbracatura \u00e8 l\u2019alleata ideale sia per chi cresce di grado, sia per chi vive intense giornate in falesia o in palestra. La sua robustezza la rende affidabile anche sotto l\u2019uso pi\u00f9 intenso, accompagnandoti in ogni avventura.Comoda, resistente e conveniente: un vero punto di riferimento per gli arrampicatori che cercano prestazioni costanti e sicurezza in ogni condizione.","og_url":"https:\/\/www.sestogrado.it\/it\/prodotto\/blue-ice-vista-imbrago-arrampicata\/","og_site_name":"Sestogrado","article_publisher":"https:\/\/www.facebook.com\/pages\/Sestogrado\/1542635979353017?ref=bookmarks","article_modified_time":"2026-04-08T06:53:43+00:00","og_image":[{"width":1200,"height":1200,"url":"https:\/\/www.sestogrado.it\/wp-content\/uploads\/2025\/10\/01-4.jpg","type":"image\/jpeg"}],"twitter_misc":{"Disponibilit\u00e0":"In stock"},"schema":{"@context":"https:\/\/schema.org","@graph":[{"@type":"WebPage","@id":"https:\/\/www.sestogrado.it\/it\/prodotto\/blue-ice-vista-imbrago-arrampicata\/","url":"https:\/\/www.sestogrado.it\/it\/prodotto\/blue-ice-vista-imbrago-arrampicata\/","name":"Blue Ice Vista imbrago arrampicata - Sestogrado","isPartOf":{"@id":"https:\/\/www.sestogrado.it\/it\/#website"},"primaryImageOfPage":{"@id":"https:\/\/www.sestogrado.it\/it\/prodotto\/blue-ice-vista-imbrago-arrampicata\/#primaryimage"},"image":{"@id":"https:\/\/www.sestogrado.it\/prodotto\/blue-ice-vista-imbrago-arrampicata\/#primaryimage"},"thumbnailUrl":"https:\/\/www.sestogrado.it\/wp-content\/uploads\/2025\/10\/01-4.jpg","datePublished":"2025-10-08T11:08:05+00:00","dateModified":"2026-04-08T06:53:43+00:00","description":"Il Blue Ice Vista \u00e8 un imbrago monofibbia progettato per l'arrampicata sportiva. Pensata per chi vuole spingersi sempre pi\u00f9 in alto, questa imbracatura \u00e8 l\u2019alleata ideale sia per chi cresce di grado, sia per chi vive intense giornate in falesia o in palestra. La sua robustezza la rende affidabile anche sotto l\u2019uso pi\u00f9 intenso, accompagnandoti in ogni avventura.Comoda, resistente e conveniente: un vero punto di riferimento per gli arrampicatori che cercano prestazioni costanti e sicurezza in ogni condizione.","breadcrumb":{"@id":"https:\/\/www.sestogrado.it\/it\/prodotto\/blue-ice-vista-imbrago-arrampicata\/#breadcrumb"},"inLanguage":"it-IT","potentialAction":[{"@type":"ReadAction","target":[["https:\/\/www.sestogrado.it\/it\/prodotto\/blue-ice-vista-imbrago-arrampicata\/"]]}]},{"@type":"ImageObject","inLanguage":"it-IT","@id":"https:\/\/www.sestogrado.it\/it\/prodotto\/blue-ice-vista-imbrago-arrampicata\/#primaryimage","url":"https:\/\/www.sestogrado.it\/wp-content\/uploads\/2025\/10\/01-4.jpg","contentUrl":"https:\/\/www.sestogrado.it\/wp-content\/uploads\/2025\/10\/01-4.jpg","width":1200,"height":1200,"caption":"blue ice vista"},{"@type":"BreadcrumbList","@id":"https:\/\/www.sestogrado.it\/it\/prodotto\/blue-ice-vista-imbrago-arrampicata\/#breadcrumb","itemListElement":[{"@type":"ListItem","position":1,"name":"Home","item":"https:\/\/www.sestogrado.it\/it\/"},{"@type":"ListItem","position":2,"name":"Shop","item":"https:\/\/www.sestogrado.it\/it\/shop\/"},{"@type":"ListItem","position":3,"name":"Blue Ice Vista imbrago arrampicata"}]},{"@type":"WebSite","@id":"https:\/\/www.sestogrado.it\/it\/#website","url":"https:\/\/www.sestogrado.it\/it\/","name":"Sestogrado","description":"yes we climb","publisher":{"@id":"https:\/\/www.sestogrado.it\/it\/#organization"},"potentialAction":[{"@type":"SearchAction","target":{"@type":"EntryPoint","urlTemplate":"https:\/\/www.sestogrado.it\/it\/?s={search_term_string}"},"query-input":{"@type":"PropertyValueSpecification","valueRequired":true,"valueName":"search_term_string"}}],"inLanguage":"it-IT"},{"@type":"Organization","@id":"https:\/\/www.sestogrado.it\/it\/#organization","name":"Sestogrado","url":"https:\/\/www.sestogrado.it\/it\/","logo":{"@type":"ImageObject","inLanguage":"it-IT","@id":"https:\/\/www.sestogrado.it\/it\/#\/schema\/logo\/image\/","url":"https:\/\/www.sestogrado.it\/wp-content\/uploads\/2015\/03\/sestogrado-favicon.png","contentUrl":"https:\/\/www.sestogrado.it\/wp-content\/uploads\/2015\/03\/sestogrado-favicon.png","width":260,"height":260,"caption":"Sestogrado"},"image":{"@id":"https:\/\/www.sestogrado.it\/it\/#\/schema\/logo\/image\/"},"sameAs":["https:\/\/www.facebook.com\/pages\/Sestogrado\/1542635979353017?ref=bookmarks","https:\/\/www.youtube.com\/channel\/UC847kAfTkaJsWpc1jtQwr3Q"],"hasMerchantReturnPolicy":{"@type":"MerchantReturnPolicy","merchantReturnLink":"https:\/\/www.sestogrado.it\/it\/termini-e-condizioni\/"}}]},"product_brand":"Blue Ice","og_availability":"instock","product_availability":"instock","product_condition":"new"},"_links":{"self":[{"href":"https:\/\/www.sestogrado.it\/it\/wp-json\/wp\/v2\/product\/201917","targetHints":{"allow":["GET"]}}],"collection":[{"href":"https:\/\/www.sestogrado.it\/it\/wp-json\/wp\/v2\/product"}],"about":[{"href":"https:\/\/www.sestogrado.it\/it\/wp-json\/wp\/v2\/types\/product"}],"replies":[{"embeddable":true,"href":"https:\/\/www.sestogrado.it\/it\/wp-json\/wp\/v2\/comments?post=201917"}],"wp:featuredmedia":[{"embeddable":true,"href":"https:\/\/www.sestogrado.it\/it\/wp-json\/wp\/v2\/media\/201923"}],"wp:attachment":[{"href":"https:\/\/www.sestogrado.it\/it\/wp-json\/wp\/v2\/media?parent=201917"}],"wp:term":[{"taxonomy":"product_brand","embeddable":true,"href":"https:\/\/www.sestogrado.it\/it\/wp-json\/wp\/v2\/product_brand?post=201917"},{"taxonomy":"product_cat","embeddable":true,"href":"https:\/\/www.sestogrado.it\/it\/wp-json\/wp\/v2\/product_cat?post=201917"},{"taxonomy":"product_tag","embeddable":true,"href":"https:\/\/www.sestogrado.it\/it\/wp-json\/wp\/v2\/product_tag?post=201917"}],"curies":[{"name":"wp","href":"https:\/\/api.w.org\/{rel}","templated":true}]}}