{"id":20181,"date":"2022-04-14T10:27:08","date_gmt":"2022-04-14T08:27:08","guid":{"rendered":"https:\/\/www.sestogrado.it\/?post_type=product&#038;p=20181"},"modified":"2026-03-04T14:36:01","modified_gmt":"2026-03-04T13:36:01","slug":"camp-swing-longe-dinamica-con-bloccante-di-regolazione","status":"publish","type":"product","link":"https:\/\/www.sestogrado.it\/it\/prodotto\/camp-swing-longe-dinamica-con-bloccante-di-regolazione\/","title":{"rendered":"Camp Swing Longe dinamica con bloccante di regolazione"},"content":{"rendered":"<p>Il Camp Swing \u00e8 una longe dinamica con bloccante per regolare comodamente e rapidamente la propria distanza dal punto di ancoraggio.<\/p>\n<p>La dinamicit\u00e0 \u00e8 fornita da un cordoncino dinamico di 9.7mm di spessore. La particolarit\u00e0 del Camp Swing \u00e8 quella di poter regolare la propria distanza, sia allungando sia accorciando la longe, anche quando il bloccante \u00e8 sotto carico. Una volta che lo Swing \u00e8 collegato all&#8217;imbragatura e alla sosta, basta ruotare il bloccante in alluminio per allontanarsi dall&#8217;ancoraggio, mentre \u00e8 sufficiente tirare il capocorda libero per avvicinarsi alla sosta.<\/p>\n<p>\u2022 Cordino singolo di posizionamento regolabile<br \/>\n\u2022 Bloccante ergonomico che garantisce una regolazione facile e precisa anche sotto carico<br \/>\n\u2022 Corda dinamica asolata da 9.9 mm di diametro<br \/>\n\u2022 Regolazione da 20 a 100 cm<br \/>\n\u2022 Utilizzabile con qualsiasi modello di moschettone a ghiera (non fornito) grazie all&#8217;ampio foro di attacco<br \/>\n\u2022 Si collega all&#8217;anello di servizio dell&#8217;imbracatura tramite nodo a bocca di lupo<br \/>\n\u2022 Testato dinamicamente secondo la normativa UIAA 109: fattore di caduta 2, massa di 80 kg e il capo regolabile regolato all\u201980% della sua lunghezza massima. Forza di arresto &lt;10 kN<br \/>\n\u2022 Fornito con gommino anti rotazione per mantenere il moschettone nella posizione corretta<\/p>\n<p>&nbsp;<\/p>\n<p>Il Camp Swing \u00e8 comodo e funzionale per tutte le situazioni riscontrate in arrampicata sportiva e in alpinismo.<\/p>","protected":false},"excerpt":{"rendered":"<p>Il Camp Swing \u00e8 una longe dinamica con bloccante per regolare comodamente e rapidamente la propria distanza dal punto di [&hellip;]<\/p>\n","protected":false},"featured_media":20183,"comment_status":"open","ping_status":"closed","template":"","meta":{"_acf_changed":false},"product_brand":[31],"product_cat":[137],"product_tag":[],"class_list":{"0":"post-20181","1":"product","2":"type-product","3":"status-publish","4":"has-post-thumbnail","6":"product_brand-camp","7":"product_cat-fettucce-e-cordini","9":"first","10":"instock","11":"sale","12":"taxable","13":"shipping-taxable","14":"purchasable","15":"product-type-simple"},"acf":[],"yoast_head":"<!-- This site is optimized with the Yoast SEO plugin v26.4 - https:\/\/yoast.com\/wordpress\/plugins\/seo\/ -->\n<title>Camp Swing Longe dinamica con bloccante di regolazione - Sestogrado<\/title>\n<meta name=\"description\" content=\"Il Camp Swing \u00e8 una longe dinamica con bloccante per regolare comodamente e rapidamente la propria distanza dal punto di ancoraggio. La dinamicit\u00e0 \u00e8 fornita da un cordoncino dinamico di 9.7mm di spessore. La particolarit\u00e0 del Camp Swing \u00e8 quella di poter regolare la propria distanza.\" \/>\n<meta name=\"robots\" content=\"index, follow, max-snippet:-1, max-image-preview:large, max-video-preview:-1\" \/>\n<link rel=\"canonical\" href=\"https:\/\/www.sestogrado.it\/it\/prodotto\/camp-swing-longe-dinamica-con-bloccante-di-regolazione\/\" \/>\n<meta property=\"og:locale\" content=\"it_IT\" \/>\n<meta property=\"og:type\" content=\"article\" \/>\n<meta property=\"og:title\" content=\"Camp Swing Longe dinamica con bloccante di regolazione - Sestogrado\" \/>\n<meta property=\"og:description\" content=\"Il Camp Swing \u00e8 una longe dinamica con bloccante per regolare comodamente e rapidamente la propria distanza dal punto di ancoraggio. La dinamicit\u00e0 \u00e8 fornita da un cordoncino dinamico di 9.7mm di spessore. La particolarit\u00e0 del Camp Swing \u00e8 quella di poter regolare la propria distanza.\" \/>\n<meta property=\"og:url\" content=\"https:\/\/www.sestogrado.it\/it\/prodotto\/camp-swing-longe-dinamica-con-bloccante-di-regolazione\/\" \/>\n<meta property=\"og:site_name\" content=\"Sestogrado\" \/>\n<meta property=\"article:publisher\" content=\"https:\/\/www.facebook.com\/pages\/Sestogrado\/1542635979353017?ref=bookmarks\" \/>\n<meta property=\"article:modified_time\" content=\"2026-03-04T13:36:01+00:00\" \/>\n<meta property=\"og:image\" content=\"https:\/\/www.sestogrado.it\/wp-content\/uploads\/2019\/03\/01-9.jpg\" \/>\n\t<meta property=\"og:image:width\" content=\"1200\" \/>\n\t<meta property=\"og:image:height\" content=\"1200\" \/>\n\t<meta property=\"og:image:type\" content=\"image\/jpeg\" \/>\n<meta name=\"twitter:label1\" content=\"Prezzo\" \/>\n\t<meta name=\"twitter:data1\" content=\"&euro;&nbsp;37,90\" \/>\n\t<meta name=\"twitter:label2\" content=\"Disponibilit\u00e0\" \/>\n\t<meta name=\"twitter:data2\" content=\"In stock\" \/>\n<script type=\"application\/ld+json\" class=\"yoast-schema-graph\">{\"@context\":\"https:\/\/schema.org\",\"@graph\":[{\"@type\":\"WebPage\",\"@id\":\"https:\/\/www.sestogrado.it\/it\/prodotto\/camp-swing-longe-dinamica-con-bloccante-di-regolazione\/\",\"url\":\"https:\/\/www.sestogrado.it\/it\/prodotto\/camp-swing-longe-dinamica-con-bloccante-di-regolazione\/\",\"name\":\"Camp Swing Longe dinamica con bloccante di regolazione - Sestogrado\",\"isPartOf\":{\"@id\":\"https:\/\/www.sestogrado.it\/it\/#website\"},\"primaryImageOfPage\":{\"@id\":\"https:\/\/www.sestogrado.it\/it\/prodotto\/camp-swing-longe-dinamica-con-bloccante-di-regolazione\/#primaryimage\"},\"image\":{\"@id\":\"https:\/\/www.sestogrado.it\/prodotto\/camp-swing-longe-dinamica-con-bloccante-di-regolazione\/#primaryimage\"},\"thumbnailUrl\":\"https:\/\/www.sestogrado.it\/wp-content\/uploads\/2019\/03\/01-9.jpg\",\"datePublished\":\"2022-04-14T08:27:08+00:00\",\"dateModified\":\"2026-03-04T13:36:01+00:00\",\"description\":\"Il Camp Swing \u00e8 una longe dinamica con bloccante per regolare comodamente e rapidamente la propria distanza dal punto di ancoraggio. La dinamicit\u00e0 \u00e8 fornita da un cordoncino dinamico di 9.7mm di spessore. La particolarit\u00e0 del Camp Swing \u00e8 quella di poter regolare la propria distanza.\",\"breadcrumb\":{\"@id\":\"https:\/\/www.sestogrado.it\/it\/prodotto\/camp-swing-longe-dinamica-con-bloccante-di-regolazione\/#breadcrumb\"},\"inLanguage\":\"it-IT\",\"potentialAction\":[{\"@type\":\"ReadAction\",\"target\":[[\"https:\/\/www.sestogrado.it\/it\/prodotto\/camp-swing-longe-dinamica-con-bloccante-di-regolazione\/\"]]}]},{\"@type\":\"ImageObject\",\"inLanguage\":\"it-IT\",\"@id\":\"https:\/\/www.sestogrado.it\/it\/prodotto\/camp-swing-longe-dinamica-con-bloccante-di-regolazione\/#primaryimage\",\"url\":\"https:\/\/www.sestogrado.it\/wp-content\/uploads\/2019\/03\/01-9.jpg\",\"contentUrl\":\"https:\/\/www.sestogrado.it\/wp-content\/uploads\/2019\/03\/01-9.jpg\",\"width\":1200,\"height\":1200,\"caption\":\"camp swing\"},{\"@type\":\"BreadcrumbList\",\"@id\":\"https:\/\/www.sestogrado.it\/it\/prodotto\/camp-swing-longe-dinamica-con-bloccante-di-regolazione\/#breadcrumb\",\"itemListElement\":[{\"@type\":\"ListItem\",\"position\":1,\"name\":\"Home\",\"item\":\"https:\/\/www.sestogrado.it\/it\/\"},{\"@type\":\"ListItem\",\"position\":2,\"name\":\"Shop\",\"item\":\"https:\/\/www.sestogrado.it\/it\/shop\/\"},{\"@type\":\"ListItem\",\"position\":3,\"name\":\"Camp Swing Longe dinamica con bloccante di regolazione\"}]},{\"@type\":\"WebSite\",\"@id\":\"https:\/\/www.sestogrado.it\/it\/#website\",\"url\":\"https:\/\/www.sestogrado.it\/it\/\",\"name\":\"Sestogrado\",\"description\":\"yes we climb\",\"publisher\":{\"@id\":\"https:\/\/www.sestogrado.it\/it\/#organization\"},\"potentialAction\":[{\"@type\":\"SearchAction\",\"target\":{\"@type\":\"EntryPoint\",\"urlTemplate\":\"https:\/\/www.sestogrado.it\/it\/?s={search_term_string}\"},\"query-input\":{\"@type\":\"PropertyValueSpecification\",\"valueRequired\":true,\"valueName\":\"search_term_string\"}}],\"inLanguage\":\"it-IT\"},{\"@type\":\"Organization\",\"@id\":\"https:\/\/www.sestogrado.it\/it\/#organization\",\"name\":\"Sestogrado\",\"url\":\"https:\/\/www.sestogrado.it\/it\/\",\"logo\":{\"@type\":\"ImageObject\",\"inLanguage\":\"it-IT\",\"@id\":\"https:\/\/www.sestogrado.it\/it\/#\/schema\/logo\/image\/\",\"url\":\"https:\/\/www.sestogrado.it\/wp-content\/uploads\/2015\/03\/sestogrado-favicon.png\",\"contentUrl\":\"https:\/\/www.sestogrado.it\/wp-content\/uploads\/2015\/03\/sestogrado-favicon.png\",\"width\":260,\"height\":260,\"caption\":\"Sestogrado\"},\"image\":{\"@id\":\"https:\/\/www.sestogrado.it\/it\/#\/schema\/logo\/image\/\"},\"sameAs\":[\"https:\/\/www.facebook.com\/pages\/Sestogrado\/1542635979353017?ref=bookmarks\",\"https:\/\/www.youtube.com\/channel\/UC847kAfTkaJsWpc1jtQwr3Q\"],\"hasMerchantReturnPolicy\":{\"@type\":\"MerchantReturnPolicy\",\"merchantReturnLink\":\"https:\/\/www.sestogrado.it\/it\/termini-e-condizioni\/\"}}]}<\/script>\n<meta property=\"product:brand\" content=\"Camp\" \/>\n<meta property=\"product:price:amount\" content=\"37.90\" \/>\n<meta property=\"product:price:currency\" content=\"EUR\" \/>\n<meta property=\"og:availability\" content=\"instock\" \/>\n<meta property=\"product:availability\" content=\"instock\" \/>\n<meta property=\"product:condition\" content=\"new\" \/>\n<!-- \/ Yoast SEO plugin. -->","yoast_head_json":{"title":"Camp Swing Longe dinamica con bloccante di regolazione - Sestogrado","description":"Il Camp Swing \u00e8 una longe dinamica con bloccante per regolare comodamente e rapidamente la propria distanza dal punto di ancoraggio. La dinamicit\u00e0 \u00e8 fornita da un cordoncino dinamico di 9.7mm di spessore. La particolarit\u00e0 del Camp Swing \u00e8 quella di poter regolare la propria distanza.","robots":{"index":"index","follow":"follow","max-snippet":"max-snippet:-1","max-image-preview":"max-image-preview:large","max-video-preview":"max-video-preview:-1"},"canonical":"https:\/\/www.sestogrado.it\/it\/prodotto\/camp-swing-longe-dinamica-con-bloccante-di-regolazione\/","og_locale":"it_IT","og_type":"article","og_title":"Camp Swing Longe dinamica con bloccante di regolazione - Sestogrado","og_description":"Il Camp Swing \u00e8 una longe dinamica con bloccante per regolare comodamente e rapidamente la propria distanza dal punto di ancoraggio. La dinamicit\u00e0 \u00e8 fornita da un cordoncino dinamico di 9.7mm di spessore. La particolarit\u00e0 del Camp Swing \u00e8 quella di poter regolare la propria distanza.","og_url":"https:\/\/www.sestogrado.it\/it\/prodotto\/camp-swing-longe-dinamica-con-bloccante-di-regolazione\/","og_site_name":"Sestogrado","article_publisher":"https:\/\/www.facebook.com\/pages\/Sestogrado\/1542635979353017?ref=bookmarks","article_modified_time":"2026-03-04T13:36:01+00:00","og_image":[{"width":1200,"height":1200,"url":"https:\/\/www.sestogrado.it\/wp-content\/uploads\/2019\/03\/01-9.jpg","type":"image\/jpeg"}],"twitter_misc":{"Prezzo":"&euro;&nbsp;37,90","Disponibilit\u00e0":"In stock"},"schema":{"@context":"https:\/\/schema.org","@graph":[{"@type":"WebPage","@id":"https:\/\/www.sestogrado.it\/it\/prodotto\/camp-swing-longe-dinamica-con-bloccante-di-regolazione\/","url":"https:\/\/www.sestogrado.it\/it\/prodotto\/camp-swing-longe-dinamica-con-bloccante-di-regolazione\/","name":"Camp Swing Longe dinamica con bloccante di regolazione - Sestogrado","isPartOf":{"@id":"https:\/\/www.sestogrado.it\/it\/#website"},"primaryImageOfPage":{"@id":"https:\/\/www.sestogrado.it\/it\/prodotto\/camp-swing-longe-dinamica-con-bloccante-di-regolazione\/#primaryimage"},"image":{"@id":"https:\/\/www.sestogrado.it\/prodotto\/camp-swing-longe-dinamica-con-bloccante-di-regolazione\/#primaryimage"},"thumbnailUrl":"https:\/\/www.sestogrado.it\/wp-content\/uploads\/2019\/03\/01-9.jpg","datePublished":"2022-04-14T08:27:08+00:00","dateModified":"2026-03-04T13:36:01+00:00","description":"Il Camp Swing \u00e8 una longe dinamica con bloccante per regolare comodamente e rapidamente la propria distanza dal punto di ancoraggio. La dinamicit\u00e0 \u00e8 fornita da un cordoncino dinamico di 9.7mm di spessore. La particolarit\u00e0 del Camp Swing \u00e8 quella di poter regolare la propria distanza.","breadcrumb":{"@id":"https:\/\/www.sestogrado.it\/it\/prodotto\/camp-swing-longe-dinamica-con-bloccante-di-regolazione\/#breadcrumb"},"inLanguage":"it-IT","potentialAction":[{"@type":"ReadAction","target":[["https:\/\/www.sestogrado.it\/it\/prodotto\/camp-swing-longe-dinamica-con-bloccante-di-regolazione\/"]]}]},{"@type":"ImageObject","inLanguage":"it-IT","@id":"https:\/\/www.sestogrado.it\/it\/prodotto\/camp-swing-longe-dinamica-con-bloccante-di-regolazione\/#primaryimage","url":"https:\/\/www.sestogrado.it\/wp-content\/uploads\/2019\/03\/01-9.jpg","contentUrl":"https:\/\/www.sestogrado.it\/wp-content\/uploads\/2019\/03\/01-9.jpg","width":1200,"height":1200,"caption":"camp swing"},{"@type":"BreadcrumbList","@id":"https:\/\/www.sestogrado.it\/it\/prodotto\/camp-swing-longe-dinamica-con-bloccante-di-regolazione\/#breadcrumb","itemListElement":[{"@type":"ListItem","position":1,"name":"Home","item":"https:\/\/www.sestogrado.it\/it\/"},{"@type":"ListItem","position":2,"name":"Shop","item":"https:\/\/www.sestogrado.it\/it\/shop\/"},{"@type":"ListItem","position":3,"name":"Camp Swing Longe dinamica con bloccante di regolazione"}]},{"@type":"WebSite","@id":"https:\/\/www.sestogrado.it\/it\/#website","url":"https:\/\/www.sestogrado.it\/it\/","name":"Sestogrado","description":"yes we climb","publisher":{"@id":"https:\/\/www.sestogrado.it\/it\/#organization"},"potentialAction":[{"@type":"SearchAction","target":{"@type":"EntryPoint","urlTemplate":"https:\/\/www.sestogrado.it\/it\/?s={search_term_string}"},"query-input":{"@type":"PropertyValueSpecification","valueRequired":true,"valueName":"search_term_string"}}],"inLanguage":"it-IT"},{"@type":"Organization","@id":"https:\/\/www.sestogrado.it\/it\/#organization","name":"Sestogrado","url":"https:\/\/www.sestogrado.it\/it\/","logo":{"@type":"ImageObject","inLanguage":"it-IT","@id":"https:\/\/www.sestogrado.it\/it\/#\/schema\/logo\/image\/","url":"https:\/\/www.sestogrado.it\/wp-content\/uploads\/2015\/03\/sestogrado-favicon.png","contentUrl":"https:\/\/www.sestogrado.it\/wp-content\/uploads\/2015\/03\/sestogrado-favicon.png","width":260,"height":260,"caption":"Sestogrado"},"image":{"@id":"https:\/\/www.sestogrado.it\/it\/#\/schema\/logo\/image\/"},"sameAs":["https:\/\/www.facebook.com\/pages\/Sestogrado\/1542635979353017?ref=bookmarks","https:\/\/www.youtube.com\/channel\/UC847kAfTkaJsWpc1jtQwr3Q"],"hasMerchantReturnPolicy":{"@type":"MerchantReturnPolicy","merchantReturnLink":"https:\/\/www.sestogrado.it\/it\/termini-e-condizioni\/"}}]},"product_brand":"Camp","product_price_amount":"37.90","product_price_currency":"EUR","og_availability":"instock","product_availability":"instock","product_condition":"new"},"_links":{"self":[{"href":"https:\/\/www.sestogrado.it\/it\/wp-json\/wp\/v2\/product\/20181","targetHints":{"allow":["GET"]}}],"collection":[{"href":"https:\/\/www.sestogrado.it\/it\/wp-json\/wp\/v2\/product"}],"about":[{"href":"https:\/\/www.sestogrado.it\/it\/wp-json\/wp\/v2\/types\/product"}],"replies":[{"embeddable":true,"href":"https:\/\/www.sestogrado.it\/it\/wp-json\/wp\/v2\/comments?post=20181"}],"wp:featuredmedia":[{"embeddable":true,"href":"https:\/\/www.sestogrado.it\/it\/wp-json\/wp\/v2\/media\/20183"}],"wp:attachment":[{"href":"https:\/\/www.sestogrado.it\/it\/wp-json\/wp\/v2\/media?parent=20181"}],"wp:term":[{"taxonomy":"product_brand","embeddable":true,"href":"https:\/\/www.sestogrado.it\/it\/wp-json\/wp\/v2\/product_brand?post=20181"},{"taxonomy":"product_cat","embeddable":true,"href":"https:\/\/www.sestogrado.it\/it\/wp-json\/wp\/v2\/product_cat?post=20181"},{"taxonomy":"product_tag","embeddable":true,"href":"https:\/\/www.sestogrado.it\/it\/wp-json\/wp\/v2\/product_tag?post=20181"}],"curies":[{"name":"wp","href":"https:\/\/api.w.org\/{rel}","templated":true}]}}