{"id":201734,"date":"2025-10-15T15:57:19","date_gmt":"2025-10-15T13:57:19","guid":{"rendered":"https:\/\/www.sestogrado.it\/?post_type=product&#038;p=201734"},"modified":"2025-12-22T15:06:59","modified_gmt":"2025-12-22T14:06:59","slug":"camp-k-guide-guanti-da-alpinismo","status":"publish","type":"product","link":"https:\/\/www.sestogrado.it\/it\/prodotto\/camp-k-guide-guanti-da-alpinismo\/","title":{"rendered":"Camp K Guide guanti da alpinismo"},"content":{"rendered":"<p>Il Camp K Guide \u00e8 un guanto polivalente da alpinismo e scialpinismo, caratterizzato da una costruzione ergonomica che combina pelle di capra sul palmo e sulle dita e 3-D Knitting Technology sul dorso. Ci\u00f2 si traduce in una calzata precisa e in una notevole morbidezza, che assicurano libert\u00e0 di movimento e sensibilit\u00e0. La mobilit\u00e0 delle dita, la cui costruzione \u201cDart Finger\u201d riduce al minimo il numero delle cuciture, \u00e8 accresciuta dagli inserti in Cordura\u00ae sulle nocche. La tecnologia \u201cNo Slip\u201d (antiscivolo) assicura un\u2019ottima presa su piccozze e bastoncini mentre l\u2019imbottitura PrimaLoft\u00ae Gold 100 g\/m2 sul dorso e PrimaLoft\u00ae Gold Eco Grip Control 60 g\/m2 sul palmo garantisce una buona resa termica, calibrata per l\u2019azione.<\/p>\n<ul>\n<li>Guanto imbottito dal design ergonomico che assicura libert\u00e0 di movimento e precisione<\/li>\n<li>Palmo con tecnologia \u201cNo Slip\u201d (antiscivolo) per garantire la miglior presa sugli attrezzi<\/li>\n<li>Membrana DRYZONE\u00ae impermeabile e traspirante<\/li>\n<li>Imbottitura in PrimaLoft\u00ae Gold 100 g\/m2 sul dorso e in PrimaLoft\u00ae Gold Eco Grip Control 60 g\/m2 sul palmo<\/li>\n<li>Palmo e dita in morbida e resistente pelle di capra, idrorepellente e traspirante<\/li>\n<li>Dorso con innovativa costruzione 3-D Knitting Technology<\/li>\n<li>Morbida fodera interna che aumenta la sensazione di calore<\/li>\n<li>Dita preformate con costruzione \u201cDart Finger\u201d priva di fourchette che riduce al minimo il numero di punti di cucitura offrendo un eccellente comfort<\/li>\n<li>Inserti in Cordura\u00ae sulle nocche per favorire il movimento<\/li>\n<li>Pollice e indice touch screen<\/li>\n<li>Polso con lacciolo elastico per evitare di perdere il guanto quando non indossato<\/li>\n<li>Tiretto sul polso per calzare il guanto<\/li>\n<li>Asola sul dito medio per appendere il guanto quando non in uso<\/li>\n<li>Fibbie per accoppiare i guanti<\/li>\n<\/ul>\n<p>Come scegliere la taglia:<\/p>\n<p><img decoding=\"async\" class=\"size-full wp-image-23609 img-fluid alignnone\" src=\"https:\/\/www.sestogrado.it\/wp-content\/uploads\/2019\/10\/mano.png\" alt=\"mano\" width=\"300\" height=\"300\" srcset=\"https:\/\/www.sestogrado.it\/wp-content\/uploads\/2019\/10\/mano.png 300w, https:\/\/www.sestogrado.it\/wp-content\/uploads\/2019\/10\/mano-100x100.png 100w, https:\/\/www.sestogrado.it\/wp-content\/uploads\/2019\/10\/mano-220x220.png 220w, https:\/\/www.sestogrado.it\/wp-content\/uploads\/2019\/10\/mano-150x150.png 150w, https:\/\/www.sestogrado.it\/wp-content\/uploads\/2019\/10\/mano-45x45.png 45w, https:\/\/www.sestogrado.it\/wp-content\/uploads\/2019\/10\/mano-64x64.png 64w, https:\/\/www.sestogrado.it\/wp-content\/uploads\/2019\/10\/mano-80x80.png 80w\" sizes=\"(max-width: 300px) 100vw, 300px\" \/><\/p>\n<p>&nbsp;<\/p>\n<p>XS 12.7cm<\/p>\n<p>S 15.24cm<\/p>\n<p>M 17.78cm<\/p>\n<p>L 20.32cm<\/p>\n<p>XL 22.86cm<\/p>\n<p>XXL 25.40cm<\/p>\n<p>XXXL 27.94cm<\/p>\n<p>&nbsp;<\/p>\n<p>&nbsp;<\/p>\n<p>Passione, lavoro e semplicit\u00e0 sono alcune delle parole chiave che da sempre hanno contraddistinto il modo di essere di C.A.M.P. Fondata nel 1889 a Premana, paese dell\u2019alta Valsassina dove tutt\u2019oggi ha la sua sede, C.A.M.P. realizza prodotti che aiutano a realizzare i sogni ed i progetti di tutti coloro che frequentano la montagna.<\/p>","protected":false},"excerpt":{"rendered":"<p>Il Camp K Guide \u00e8 un guanto polivalente da alpinismo e scialpinismo, caratterizzato da una costruzione ergonomica che combina pelle [&hellip;]<\/p>\n","protected":false},"featured_media":201742,"comment_status":"open","ping_status":"closed","template":"","meta":{"_acf_changed":false},"product_brand":[31],"product_cat":[1428],"product_tag":[],"class_list":{"0":"post-201734","1":"product","2":"type-product","3":"status-publish","4":"has-post-thumbnail","6":"product_brand-camp","7":"product_cat-guanti-da-alpinismo","9":"first","10":"instock","11":"sale","12":"taxable","13":"shipping-taxable","14":"purchasable","15":"product-type-variable"},"acf":[],"yoast_head":"<!-- This site is optimized with the Yoast SEO plugin v26.4 - https:\/\/yoast.com\/wordpress\/plugins\/seo\/ -->\n<title>Camp K Guide guanti da alpinismo - Sestogrado<\/title>\n<meta name=\"description\" content=\"Il Camp K Guide \u00e8 un guanto polivalente da alpinismo e scialpinismo, caratterizzato da una costruzione ergonomica che combina pelle di capra sul palmo e sulle dita e 3-D Knitting Technology sul dorso. Ci\u00f2 si traduce in una calzata precisa e in una notevole morbidezza, che assicurano libert\u00e0 di movimento e sensibilit\u00e0. La mobilit\u00e0 delle dita, la cui costruzione \u201cDart Finger\u201d riduce al minimo il numero delle cuciture, \u00e8 accresciuta dagli inserti in Cordura\u00ae sulle nocche. La tecnologia \u201cNo Slip\u201d (antiscivolo) assicura un\u2019ottima presa su piccozze e bastoncini mentre l\u2019imbottitura PrimaLoft\u00ae Gold 100 g\/m2 sul dorso e PrimaLoft\u00ae Gold Eco Grip Control 60 g\/m2 sul palmo garantisce una buona resa termica, calibrata per l\u2019azione.\" \/>\n<meta name=\"robots\" content=\"index, follow, max-snippet:-1, max-image-preview:large, max-video-preview:-1\" \/>\n<link rel=\"canonical\" href=\"https:\/\/www.sestogrado.it\/it\/prodotto\/camp-k-guide-guanti-da-alpinismo\/\" \/>\n<meta property=\"og:locale\" content=\"it_IT\" \/>\n<meta property=\"og:type\" content=\"article\" \/>\n<meta property=\"og:title\" content=\"Camp K Guide guanti da alpinismo - Sestogrado\" \/>\n<meta property=\"og:description\" content=\"Il Camp K Guide \u00e8 un guanto polivalente da alpinismo e scialpinismo, caratterizzato da una costruzione ergonomica che combina pelle di capra sul palmo e sulle dita e 3-D Knitting Technology sul dorso. Ci\u00f2 si traduce in una calzata precisa e in una notevole morbidezza, che assicurano libert\u00e0 di movimento e sensibilit\u00e0. La mobilit\u00e0 delle dita, la cui costruzione \u201cDart Finger\u201d riduce al minimo il numero delle cuciture, \u00e8 accresciuta dagli inserti in Cordura\u00ae sulle nocche. La tecnologia \u201cNo Slip\u201d (antiscivolo) assicura un\u2019ottima presa su piccozze e bastoncini mentre l\u2019imbottitura PrimaLoft\u00ae Gold 100 g\/m2 sul dorso e PrimaLoft\u00ae Gold Eco Grip Control 60 g\/m2 sul palmo garantisce una buona resa termica, calibrata per l\u2019azione.\" \/>\n<meta property=\"og:url\" content=\"https:\/\/www.sestogrado.it\/it\/prodotto\/camp-k-guide-guanti-da-alpinismo\/\" \/>\n<meta property=\"og:site_name\" content=\"Sestogrado\" \/>\n<meta property=\"article:publisher\" content=\"https:\/\/www.facebook.com\/pages\/Sestogrado\/1542635979353017?ref=bookmarks\" \/>\n<meta property=\"article:modified_time\" content=\"2025-12-22T14:06:59+00:00\" \/>\n<meta property=\"og:image\" content=\"https:\/\/www.sestogrado.it\/wp-content\/uploads\/2025\/10\/01-3.jpg\" \/>\n\t<meta property=\"og:image:width\" content=\"1000\" \/>\n\t<meta property=\"og:image:height\" content=\"1000\" \/>\n\t<meta property=\"og:image:type\" content=\"image\/jpeg\" \/>\n<meta name=\"twitter:label1\" content=\"Disponibilit\u00e0\" \/>\n\t<meta name=\"twitter:data1\" content=\"In stock\" \/>\n<script type=\"application\/ld+json\" class=\"yoast-schema-graph\">{\"@context\":\"https:\/\/schema.org\",\"@graph\":[{\"@type\":\"WebPage\",\"@id\":\"https:\/\/www.sestogrado.it\/it\/prodotto\/camp-k-guide-guanti-da-alpinismo\/\",\"url\":\"https:\/\/www.sestogrado.it\/it\/prodotto\/camp-k-guide-guanti-da-alpinismo\/\",\"name\":\"Camp K Guide guanti da alpinismo - Sestogrado\",\"isPartOf\":{\"@id\":\"https:\/\/www.sestogrado.it\/it\/#website\"},\"primaryImageOfPage\":{\"@id\":\"https:\/\/www.sestogrado.it\/it\/prodotto\/camp-k-guide-guanti-da-alpinismo\/#primaryimage\"},\"image\":{\"@id\":\"https:\/\/www.sestogrado.it\/prodotto\/camp-k-guide-guanti-da-alpinismo\/#primaryimage\"},\"thumbnailUrl\":\"https:\/\/www.sestogrado.it\/wp-content\/uploads\/2025\/10\/01-3.jpg\",\"datePublished\":\"2025-10-15T13:57:19+00:00\",\"dateModified\":\"2025-12-22T14:06:59+00:00\",\"description\":\"Il Camp K Guide \u00e8 un guanto polivalente da alpinismo e scialpinismo, caratterizzato da una costruzione ergonomica che combina pelle di capra sul palmo e sulle dita e 3-D Knitting Technology sul dorso. Ci\u00f2 si traduce in una calzata precisa e in una notevole morbidezza, che assicurano libert\u00e0 di movimento e sensibilit\u00e0. La mobilit\u00e0 delle dita, la cui costruzione \u201cDart Finger\u201d riduce al minimo il numero delle cuciture, \u00e8 accresciuta dagli inserti in Cordura\u00ae sulle nocche. La tecnologia \u201cNo Slip\u201d (antiscivolo) assicura un\u2019ottima presa su piccozze e bastoncini mentre l\u2019imbottitura PrimaLoft\u00ae Gold 100 g\/m2 sul dorso e PrimaLoft\u00ae Gold Eco Grip Control 60 g\/m2 sul palmo garantisce una buona resa termica, calibrata per l\u2019azione.\",\"breadcrumb\":{\"@id\":\"https:\/\/www.sestogrado.it\/it\/prodotto\/camp-k-guide-guanti-da-alpinismo\/#breadcrumb\"},\"inLanguage\":\"it-IT\",\"potentialAction\":[{\"@type\":\"ReadAction\",\"target\":[[\"https:\/\/www.sestogrado.it\/it\/prodotto\/camp-k-guide-guanti-da-alpinismo\/\"]]}]},{\"@type\":\"ImageObject\",\"inLanguage\":\"it-IT\",\"@id\":\"https:\/\/www.sestogrado.it\/it\/prodotto\/camp-k-guide-guanti-da-alpinismo\/#primaryimage\",\"url\":\"https:\/\/www.sestogrado.it\/wp-content\/uploads\/2025\/10\/01-3.jpg\",\"contentUrl\":\"https:\/\/www.sestogrado.it\/wp-content\/uploads\/2025\/10\/01-3.jpg\",\"width\":1000,\"height\":1000,\"caption\":\"k guide\"},{\"@type\":\"BreadcrumbList\",\"@id\":\"https:\/\/www.sestogrado.it\/it\/prodotto\/camp-k-guide-guanti-da-alpinismo\/#breadcrumb\",\"itemListElement\":[{\"@type\":\"ListItem\",\"position\":1,\"name\":\"Home\",\"item\":\"https:\/\/www.sestogrado.it\/it\/\"},{\"@type\":\"ListItem\",\"position\":2,\"name\":\"Shop\",\"item\":\"https:\/\/www.sestogrado.it\/it\/shop\/\"},{\"@type\":\"ListItem\",\"position\":3,\"name\":\"Camp K Guide guanti da alpinismo\"}]},{\"@type\":\"WebSite\",\"@id\":\"https:\/\/www.sestogrado.it\/it\/#website\",\"url\":\"https:\/\/www.sestogrado.it\/it\/\",\"name\":\"Sestogrado\",\"description\":\"yes we climb\",\"publisher\":{\"@id\":\"https:\/\/www.sestogrado.it\/it\/#organization\"},\"potentialAction\":[{\"@type\":\"SearchAction\",\"target\":{\"@type\":\"EntryPoint\",\"urlTemplate\":\"https:\/\/www.sestogrado.it\/it\/?s={search_term_string}\"},\"query-input\":{\"@type\":\"PropertyValueSpecification\",\"valueRequired\":true,\"valueName\":\"search_term_string\"}}],\"inLanguage\":\"it-IT\"},{\"@type\":\"Organization\",\"@id\":\"https:\/\/www.sestogrado.it\/it\/#organization\",\"name\":\"Sestogrado\",\"url\":\"https:\/\/www.sestogrado.it\/it\/\",\"logo\":{\"@type\":\"ImageObject\",\"inLanguage\":\"it-IT\",\"@id\":\"https:\/\/www.sestogrado.it\/it\/#\/schema\/logo\/image\/\",\"url\":\"https:\/\/www.sestogrado.it\/wp-content\/uploads\/2015\/03\/sestogrado-favicon.png\",\"contentUrl\":\"https:\/\/www.sestogrado.it\/wp-content\/uploads\/2015\/03\/sestogrado-favicon.png\",\"width\":260,\"height\":260,\"caption\":\"Sestogrado\"},\"image\":{\"@id\":\"https:\/\/www.sestogrado.it\/it\/#\/schema\/logo\/image\/\"},\"sameAs\":[\"https:\/\/www.facebook.com\/pages\/Sestogrado\/1542635979353017?ref=bookmarks\",\"https:\/\/www.youtube.com\/channel\/UC847kAfTkaJsWpc1jtQwr3Q\"],\"hasMerchantReturnPolicy\":{\"@type\":\"MerchantReturnPolicy\",\"merchantReturnLink\":\"https:\/\/www.sestogrado.it\/it\/termini-e-condizioni\/\"}}]}<\/script>\n<meta property=\"product:brand\" content=\"Camp\" \/>\n<meta property=\"og:availability\" content=\"instock\" \/>\n<meta property=\"product:availability\" content=\"instock\" \/>\n<meta property=\"product:condition\" content=\"new\" \/>\n<!-- \/ Yoast SEO plugin. -->","yoast_head_json":{"title":"Camp K Guide guanti da alpinismo - Sestogrado","description":"Il Camp K Guide \u00e8 un guanto polivalente da alpinismo e scialpinismo, caratterizzato da una costruzione ergonomica che combina pelle di capra sul palmo e sulle dita e 3-D Knitting Technology sul dorso. Ci\u00f2 si traduce in una calzata precisa e in una notevole morbidezza, che assicurano libert\u00e0 di movimento e sensibilit\u00e0. La mobilit\u00e0 delle dita, la cui costruzione \u201cDart Finger\u201d riduce al minimo il numero delle cuciture, \u00e8 accresciuta dagli inserti in Cordura\u00ae sulle nocche. La tecnologia \u201cNo Slip\u201d (antiscivolo) assicura un\u2019ottima presa su piccozze e bastoncini mentre l\u2019imbottitura PrimaLoft\u00ae Gold 100 g\/m2 sul dorso e PrimaLoft\u00ae Gold Eco Grip Control 60 g\/m2 sul palmo garantisce una buona resa termica, calibrata per l\u2019azione.","robots":{"index":"index","follow":"follow","max-snippet":"max-snippet:-1","max-image-preview":"max-image-preview:large","max-video-preview":"max-video-preview:-1"},"canonical":"https:\/\/www.sestogrado.it\/it\/prodotto\/camp-k-guide-guanti-da-alpinismo\/","og_locale":"it_IT","og_type":"article","og_title":"Camp K Guide guanti da alpinismo - Sestogrado","og_description":"Il Camp K Guide \u00e8 un guanto polivalente da alpinismo e scialpinismo, caratterizzato da una costruzione ergonomica che combina pelle di capra sul palmo e sulle dita e 3-D Knitting Technology sul dorso. Ci\u00f2 si traduce in una calzata precisa e in una notevole morbidezza, che assicurano libert\u00e0 di movimento e sensibilit\u00e0. La mobilit\u00e0 delle dita, la cui costruzione \u201cDart Finger\u201d riduce al minimo il numero delle cuciture, \u00e8 accresciuta dagli inserti in Cordura\u00ae sulle nocche. La tecnologia \u201cNo Slip\u201d (antiscivolo) assicura un\u2019ottima presa su piccozze e bastoncini mentre l\u2019imbottitura PrimaLoft\u00ae Gold 100 g\/m2 sul dorso e PrimaLoft\u00ae Gold Eco Grip Control 60 g\/m2 sul palmo garantisce una buona resa termica, calibrata per l\u2019azione.","og_url":"https:\/\/www.sestogrado.it\/it\/prodotto\/camp-k-guide-guanti-da-alpinismo\/","og_site_name":"Sestogrado","article_publisher":"https:\/\/www.facebook.com\/pages\/Sestogrado\/1542635979353017?ref=bookmarks","article_modified_time":"2025-12-22T14:06:59+00:00","og_image":[{"width":1000,"height":1000,"url":"https:\/\/www.sestogrado.it\/wp-content\/uploads\/2025\/10\/01-3.jpg","type":"image\/jpeg"}],"twitter_misc":{"Disponibilit\u00e0":"In stock"},"schema":{"@context":"https:\/\/schema.org","@graph":[{"@type":"WebPage","@id":"https:\/\/www.sestogrado.it\/it\/prodotto\/camp-k-guide-guanti-da-alpinismo\/","url":"https:\/\/www.sestogrado.it\/it\/prodotto\/camp-k-guide-guanti-da-alpinismo\/","name":"Camp K Guide guanti da alpinismo - Sestogrado","isPartOf":{"@id":"https:\/\/www.sestogrado.it\/it\/#website"},"primaryImageOfPage":{"@id":"https:\/\/www.sestogrado.it\/it\/prodotto\/camp-k-guide-guanti-da-alpinismo\/#primaryimage"},"image":{"@id":"https:\/\/www.sestogrado.it\/prodotto\/camp-k-guide-guanti-da-alpinismo\/#primaryimage"},"thumbnailUrl":"https:\/\/www.sestogrado.it\/wp-content\/uploads\/2025\/10\/01-3.jpg","datePublished":"2025-10-15T13:57:19+00:00","dateModified":"2025-12-22T14:06:59+00:00","description":"Il Camp K Guide \u00e8 un guanto polivalente da alpinismo e scialpinismo, caratterizzato da una costruzione ergonomica che combina pelle di capra sul palmo e sulle dita e 3-D Knitting Technology sul dorso. Ci\u00f2 si traduce in una calzata precisa e in una notevole morbidezza, che assicurano libert\u00e0 di movimento e sensibilit\u00e0. La mobilit\u00e0 delle dita, la cui costruzione \u201cDart Finger\u201d riduce al minimo il numero delle cuciture, \u00e8 accresciuta dagli inserti in Cordura\u00ae sulle nocche. La tecnologia \u201cNo Slip\u201d (antiscivolo) assicura un\u2019ottima presa su piccozze e bastoncini mentre l\u2019imbottitura PrimaLoft\u00ae Gold 100 g\/m2 sul dorso e PrimaLoft\u00ae Gold Eco Grip Control 60 g\/m2 sul palmo garantisce una buona resa termica, calibrata per l\u2019azione.","breadcrumb":{"@id":"https:\/\/www.sestogrado.it\/it\/prodotto\/camp-k-guide-guanti-da-alpinismo\/#breadcrumb"},"inLanguage":"it-IT","potentialAction":[{"@type":"ReadAction","target":[["https:\/\/www.sestogrado.it\/it\/prodotto\/camp-k-guide-guanti-da-alpinismo\/"]]}]},{"@type":"ImageObject","inLanguage":"it-IT","@id":"https:\/\/www.sestogrado.it\/it\/prodotto\/camp-k-guide-guanti-da-alpinismo\/#primaryimage","url":"https:\/\/www.sestogrado.it\/wp-content\/uploads\/2025\/10\/01-3.jpg","contentUrl":"https:\/\/www.sestogrado.it\/wp-content\/uploads\/2025\/10\/01-3.jpg","width":1000,"height":1000,"caption":"k guide"},{"@type":"BreadcrumbList","@id":"https:\/\/www.sestogrado.it\/it\/prodotto\/camp-k-guide-guanti-da-alpinismo\/#breadcrumb","itemListElement":[{"@type":"ListItem","position":1,"name":"Home","item":"https:\/\/www.sestogrado.it\/it\/"},{"@type":"ListItem","position":2,"name":"Shop","item":"https:\/\/www.sestogrado.it\/it\/shop\/"},{"@type":"ListItem","position":3,"name":"Camp K Guide guanti da alpinismo"}]},{"@type":"WebSite","@id":"https:\/\/www.sestogrado.it\/it\/#website","url":"https:\/\/www.sestogrado.it\/it\/","name":"Sestogrado","description":"yes we climb","publisher":{"@id":"https:\/\/www.sestogrado.it\/it\/#organization"},"potentialAction":[{"@type":"SearchAction","target":{"@type":"EntryPoint","urlTemplate":"https:\/\/www.sestogrado.it\/it\/?s={search_term_string}"},"query-input":{"@type":"PropertyValueSpecification","valueRequired":true,"valueName":"search_term_string"}}],"inLanguage":"it-IT"},{"@type":"Organization","@id":"https:\/\/www.sestogrado.it\/it\/#organization","name":"Sestogrado","url":"https:\/\/www.sestogrado.it\/it\/","logo":{"@type":"ImageObject","inLanguage":"it-IT","@id":"https:\/\/www.sestogrado.it\/it\/#\/schema\/logo\/image\/","url":"https:\/\/www.sestogrado.it\/wp-content\/uploads\/2015\/03\/sestogrado-favicon.png","contentUrl":"https:\/\/www.sestogrado.it\/wp-content\/uploads\/2015\/03\/sestogrado-favicon.png","width":260,"height":260,"caption":"Sestogrado"},"image":{"@id":"https:\/\/www.sestogrado.it\/it\/#\/schema\/logo\/image\/"},"sameAs":["https:\/\/www.facebook.com\/pages\/Sestogrado\/1542635979353017?ref=bookmarks","https:\/\/www.youtube.com\/channel\/UC847kAfTkaJsWpc1jtQwr3Q"],"hasMerchantReturnPolicy":{"@type":"MerchantReturnPolicy","merchantReturnLink":"https:\/\/www.sestogrado.it\/it\/termini-e-condizioni\/"}}]},"product_brand":"Camp","og_availability":"instock","product_availability":"instock","product_condition":"new"},"_links":{"self":[{"href":"https:\/\/www.sestogrado.it\/it\/wp-json\/wp\/v2\/product\/201734","targetHints":{"allow":["GET"]}}],"collection":[{"href":"https:\/\/www.sestogrado.it\/it\/wp-json\/wp\/v2\/product"}],"about":[{"href":"https:\/\/www.sestogrado.it\/it\/wp-json\/wp\/v2\/types\/product"}],"replies":[{"embeddable":true,"href":"https:\/\/www.sestogrado.it\/it\/wp-json\/wp\/v2\/comments?post=201734"}],"wp:featuredmedia":[{"embeddable":true,"href":"https:\/\/www.sestogrado.it\/it\/wp-json\/wp\/v2\/media\/201742"}],"wp:attachment":[{"href":"https:\/\/www.sestogrado.it\/it\/wp-json\/wp\/v2\/media?parent=201734"}],"wp:term":[{"taxonomy":"product_brand","embeddable":true,"href":"https:\/\/www.sestogrado.it\/it\/wp-json\/wp\/v2\/product_brand?post=201734"},{"taxonomy":"product_cat","embeddable":true,"href":"https:\/\/www.sestogrado.it\/it\/wp-json\/wp\/v2\/product_cat?post=201734"},{"taxonomy":"product_tag","embeddable":true,"href":"https:\/\/www.sestogrado.it\/it\/wp-json\/wp\/v2\/product_tag?post=201734"}],"curies":[{"name":"wp","href":"https:\/\/api.w.org\/{rel}","templated":true}]}}