{"id":201720,"date":"2025-10-22T08:45:54","date_gmt":"2025-10-22T06:45:54","guid":{"rendered":"https:\/\/www.sestogrado.it\/?post_type=product&#038;p=201720"},"modified":"2026-02-04T10:30:40","modified_gmt":"2026-02-04T09:30:40","slug":"camp-g-air-down-guanti-da-alpinismo","status":"publish","type":"product","link":"https:\/\/www.sestogrado.it\/it\/prodotto\/camp-g-air-down-guanti-da-alpinismo\/","title":{"rendered":"Camp G Air Down guanti da alpinismo"},"content":{"rendered":"<p>Il Camp G Air Down \u00e8 il guanto studiato per le giornate pi\u00f9 fredde, quando le mani hanno bisogno di grande protezione e allo stesso tempo devono poter compiere operazioni che sarebbero impossibili con una moffola imbottita. Il prodotto si distingue per il doppio strato di imbottitura sul dorso, dove oltre all\u2019Hyperloft 240 g\/m2 (strato interno) \u00e8 presente la piuma d\u2019anatra (strato esterno). La piuma, a parit\u00e0 di peso e di volume, \u00e8 il miglior termoisolante disponibile e garantisce al G Air Down prestazioni eccezionali insieme a leggerezza e compattezza. La membrana DRYZONE\u00ae garantisce invece mani asciutte e traspirabilit\u00e0. La sensibilit\u00e0 \u00e8 assicurata dalla costruzione aderente con dita \u201cRound Finger\u201d e dai tessuti particolarmente leggeri, peculiarit\u00e0 della linea Air. Le stampe Grip\u2019R in silicone sul palmo e sulle dita garantiscono una presa saldissima su bastoncini e piccozze, rendendo il prodotto polivalente e ideale per diverse attivit\u00e0.<\/p>\n<ul>\n<li>Il guanto per le situazioni di grande freddo, il pi\u00f9 caldo della linea Air e tra i pi\u00f9 caldi della collezione<\/li>\n<li>Membrana DRYZONE\u00ae impermeabile e traspirante<\/li>\n<li>Dorso con doppia imbottitura in Hyperloft 240 g\/m2 (strato interno) e piuma d\u2019anatra (strato esterno)<\/li>\n<li>Palmo e fourchette con imbottitura in Hyperloft 120 g\/m2<\/li>\n<li>Palmo e dita con stampe Grip\u2019R in silicone per un grip eccezionale<\/li>\n<li>Dita con costruzione \u201cRound Finger\u201d senza cuciture sulla punta, con fourchette per una vestibilit\u00e0 performante e una presa solida e precisa sugli attrezzi<\/li>\n<li>Pollice e indice touch screen<\/li>\n<li>Polso con lacciolo elastico per evitare di perdere il guanto quando non indossato<\/li>\n<li>Tiretto sul polso per calzare il guanto<\/li>\n<li>Asola sul dito medio per appendere il guanto quando non in uso<\/li>\n<li>Fibbie per accoppiare i guanti<\/li>\n<\/ul>\n<p>Come scegliere la taglia:<\/p>\n<p><img decoding=\"async\" class=\"size-full wp-image-23609 img-fluid alignnone\" src=\"https:\/\/www.sestogrado.it\/wp-content\/uploads\/2019\/10\/mano.png\" alt=\"mano\" width=\"300\" height=\"300\" srcset=\"https:\/\/www.sestogrado.it\/wp-content\/uploads\/2019\/10\/mano.png 300w, https:\/\/www.sestogrado.it\/wp-content\/uploads\/2019\/10\/mano-100x100.png 100w, https:\/\/www.sestogrado.it\/wp-content\/uploads\/2019\/10\/mano-220x220.png 220w, https:\/\/www.sestogrado.it\/wp-content\/uploads\/2019\/10\/mano-150x150.png 150w, https:\/\/www.sestogrado.it\/wp-content\/uploads\/2019\/10\/mano-45x45.png 45w, https:\/\/www.sestogrado.it\/wp-content\/uploads\/2019\/10\/mano-64x64.png 64w, https:\/\/www.sestogrado.it\/wp-content\/uploads\/2019\/10\/mano-80x80.png 80w\" sizes=\"(max-width: 300px) 100vw, 300px\" \/><\/p>\n<p>&nbsp;<\/p>\n<p>XS 12.7cm<\/p>\n<p>S 15.24cm<\/p>\n<p>M 17.78cm<\/p>\n<p>L 20.32cm<\/p>\n<p>XL 22.86cm<\/p>\n<p>XXL 25.40cm<\/p>\n<p>XXXL 27.94cm<\/p>\n<p>&nbsp;<\/p>\n<p>&nbsp;<\/p>\n<p>Passione, lavoro e semplicit\u00e0 sono alcune delle parole chiave che da sempre hanno contraddistinto il modo di essere di C.A.M.P. Fondata nel 1889 a Premana, paese dell\u2019alta Valsassina dove tutt\u2019oggi ha la sua sede, C.A.M.P. realizza prodotti che aiutano a realizzare i sogni ed i progetti di tutti coloro che frequentano la montagna.<\/p>","protected":false},"excerpt":{"rendered":"<p>Il Camp G Air Down \u00e8 il guanto studiato per le giornate pi\u00f9 fredde, quando le mani hanno bisogno di [&hellip;]<\/p>\n","protected":false},"featured_media":201728,"comment_status":"open","ping_status":"closed","template":"","meta":{"_acf_changed":false},"product_brand":[31],"product_cat":[1428,1429],"product_tag":[],"class_list":{"0":"post-201720","1":"product","2":"type-product","3":"status-publish","4":"has-post-thumbnail","6":"product_brand-camp","7":"product_cat-guanti-da-alpinismo","8":"product_cat-hot","10":"first","11":"instock","12":"sale","13":"taxable","14":"shipping-taxable","15":"purchasable","16":"product-type-variable"},"acf":[],"yoast_head":"<!-- This site is optimized with the Yoast SEO plugin v26.4 - https:\/\/yoast.com\/wordpress\/plugins\/seo\/ -->\n<title>Camp G Air Down guanti da alpinismo - Sestogrado<\/title>\n<meta name=\"description\" content=\"Il Camp G Air Down \u00e8 il guanto studiato per le giornate pi\u00f9 fredde, quando le mani hanno bisogno di grande protezione e allo stesso tempo devono poter compiere operazioni che sarebbero impossibili con una moffola imbottita. Il prodotto si distingue per il doppio strato di imbottitura sul dorso, dove oltre all\u2019Hyperloft 240 g\/m2 (strato interno) \u00e8 presente la piuma d\u2019anatra (strato esterno). La piuma, a parit\u00e0 di peso e di volume, \u00e8 il miglior termoisolante disponibile e garantisce al G Air Down prestazioni eccezionali insieme a leggerezza e compattezza. La membrana DRYZONE\u00ae garantisce invece mani asciutte e traspirabilit\u00e0. La sensibilit\u00e0 \u00e8 assicurata dalla costruzione aderente con dita \u201cRound Finger\u201d e dai tessuti particolarmente leggeri, peculiarit\u00e0 della linea Air. Le stampe Grip\u2019R in silicone sul palmo e sulle dita garantiscono una presa saldissima su bastoncini e piccozze, rendendo il prodotto polivalente e ideale per diverse attivit\u00e0.\" \/>\n<meta name=\"robots\" content=\"index, follow, max-snippet:-1, max-image-preview:large, max-video-preview:-1\" \/>\n<link rel=\"canonical\" href=\"https:\/\/www.sestogrado.it\/it\/prodotto\/camp-g-air-down-guanti-da-alpinismo\/\" \/>\n<meta property=\"og:locale\" content=\"it_IT\" \/>\n<meta property=\"og:type\" content=\"article\" \/>\n<meta property=\"og:title\" content=\"Camp G Air Down guanti da alpinismo - Sestogrado\" \/>\n<meta property=\"og:description\" content=\"Il Camp G Air Down \u00e8 il guanto studiato per le giornate pi\u00f9 fredde, quando le mani hanno bisogno di grande protezione e allo stesso tempo devono poter compiere operazioni che sarebbero impossibili con una moffola imbottita. Il prodotto si distingue per il doppio strato di imbottitura sul dorso, dove oltre all\u2019Hyperloft 240 g\/m2 (strato interno) \u00e8 presente la piuma d\u2019anatra (strato esterno). La piuma, a parit\u00e0 di peso e di volume, \u00e8 il miglior termoisolante disponibile e garantisce al G Air Down prestazioni eccezionali insieme a leggerezza e compattezza. La membrana DRYZONE\u00ae garantisce invece mani asciutte e traspirabilit\u00e0. La sensibilit\u00e0 \u00e8 assicurata dalla costruzione aderente con dita \u201cRound Finger\u201d e dai tessuti particolarmente leggeri, peculiarit\u00e0 della linea Air. Le stampe Grip\u2019R in silicone sul palmo e sulle dita garantiscono una presa saldissima su bastoncini e piccozze, rendendo il prodotto polivalente e ideale per diverse attivit\u00e0.\" \/>\n<meta property=\"og:url\" content=\"https:\/\/www.sestogrado.it\/it\/prodotto\/camp-g-air-down-guanti-da-alpinismo\/\" \/>\n<meta property=\"og:site_name\" content=\"Sestogrado\" \/>\n<meta property=\"article:publisher\" content=\"https:\/\/www.facebook.com\/pages\/Sestogrado\/1542635979353017?ref=bookmarks\" \/>\n<meta property=\"article:modified_time\" content=\"2026-02-04T09:30:40+00:00\" \/>\n<meta property=\"og:image\" content=\"https:\/\/www.sestogrado.it\/wp-content\/uploads\/2025\/10\/01-2.jpg\" \/>\n\t<meta property=\"og:image:width\" content=\"1000\" \/>\n\t<meta property=\"og:image:height\" content=\"1000\" \/>\n\t<meta property=\"og:image:type\" content=\"image\/jpeg\" \/>\n<meta name=\"twitter:label1\" content=\"Disponibilit\u00e0\" \/>\n\t<meta name=\"twitter:data1\" content=\"In stock\" \/>\n<script type=\"application\/ld+json\" class=\"yoast-schema-graph\">{\"@context\":\"https:\/\/schema.org\",\"@graph\":[{\"@type\":\"WebPage\",\"@id\":\"https:\/\/www.sestogrado.it\/it\/prodotto\/camp-g-air-down-guanti-da-alpinismo\/\",\"url\":\"https:\/\/www.sestogrado.it\/it\/prodotto\/camp-g-air-down-guanti-da-alpinismo\/\",\"name\":\"Camp G Air Down guanti da alpinismo - Sestogrado\",\"isPartOf\":{\"@id\":\"https:\/\/www.sestogrado.it\/it\/#website\"},\"primaryImageOfPage\":{\"@id\":\"https:\/\/www.sestogrado.it\/it\/prodotto\/camp-g-air-down-guanti-da-alpinismo\/#primaryimage\"},\"image\":{\"@id\":\"https:\/\/www.sestogrado.it\/prodotto\/camp-g-air-down-guanti-da-alpinismo\/#primaryimage\"},\"thumbnailUrl\":\"https:\/\/www.sestogrado.it\/wp-content\/uploads\/2025\/10\/01-2.jpg\",\"datePublished\":\"2025-10-22T06:45:54+00:00\",\"dateModified\":\"2026-02-04T09:30:40+00:00\",\"description\":\"Il Camp G Air Down \u00e8 il guanto studiato per le giornate pi\u00f9 fredde, quando le mani hanno bisogno di grande protezione e allo stesso tempo devono poter compiere operazioni che sarebbero impossibili con una moffola imbottita. Il prodotto si distingue per il doppio strato di imbottitura sul dorso, dove oltre all\u2019Hyperloft 240 g\/m2 (strato interno) \u00e8 presente la piuma d\u2019anatra (strato esterno). La piuma, a parit\u00e0 di peso e di volume, \u00e8 il miglior termoisolante disponibile e garantisce al G Air Down prestazioni eccezionali insieme a leggerezza e compattezza. La membrana DRYZONE\u00ae garantisce invece mani asciutte e traspirabilit\u00e0. La sensibilit\u00e0 \u00e8 assicurata dalla costruzione aderente con dita \u201cRound Finger\u201d e dai tessuti particolarmente leggeri, peculiarit\u00e0 della linea Air. Le stampe Grip\u2019R in silicone sul palmo e sulle dita garantiscono una presa saldissima su bastoncini e piccozze, rendendo il prodotto polivalente e ideale per diverse attivit\u00e0.\",\"breadcrumb\":{\"@id\":\"https:\/\/www.sestogrado.it\/it\/prodotto\/camp-g-air-down-guanti-da-alpinismo\/#breadcrumb\"},\"inLanguage\":\"it-IT\",\"potentialAction\":[{\"@type\":\"ReadAction\",\"target\":[[\"https:\/\/www.sestogrado.it\/it\/prodotto\/camp-g-air-down-guanti-da-alpinismo\/\"]]}]},{\"@type\":\"ImageObject\",\"inLanguage\":\"it-IT\",\"@id\":\"https:\/\/www.sestogrado.it\/it\/prodotto\/camp-g-air-down-guanti-da-alpinismo\/#primaryimage\",\"url\":\"https:\/\/www.sestogrado.it\/wp-content\/uploads\/2025\/10\/01-2.jpg\",\"contentUrl\":\"https:\/\/www.sestogrado.it\/wp-content\/uploads\/2025\/10\/01-2.jpg\",\"width\":1000,\"height\":1000,\"caption\":\"g air down\"},{\"@type\":\"BreadcrumbList\",\"@id\":\"https:\/\/www.sestogrado.it\/it\/prodotto\/camp-g-air-down-guanti-da-alpinismo\/#breadcrumb\",\"itemListElement\":[{\"@type\":\"ListItem\",\"position\":1,\"name\":\"Home\",\"item\":\"https:\/\/www.sestogrado.it\/it\/\"},{\"@type\":\"ListItem\",\"position\":2,\"name\":\"Shop\",\"item\":\"https:\/\/www.sestogrado.it\/it\/shop\/\"},{\"@type\":\"ListItem\",\"position\":3,\"name\":\"Camp G Air Down guanti da alpinismo\"}]},{\"@type\":\"WebSite\",\"@id\":\"https:\/\/www.sestogrado.it\/it\/#website\",\"url\":\"https:\/\/www.sestogrado.it\/it\/\",\"name\":\"Sestogrado\",\"description\":\"yes we climb\",\"publisher\":{\"@id\":\"https:\/\/www.sestogrado.it\/it\/#organization\"},\"potentialAction\":[{\"@type\":\"SearchAction\",\"target\":{\"@type\":\"EntryPoint\",\"urlTemplate\":\"https:\/\/www.sestogrado.it\/it\/?s={search_term_string}\"},\"query-input\":{\"@type\":\"PropertyValueSpecification\",\"valueRequired\":true,\"valueName\":\"search_term_string\"}}],\"inLanguage\":\"it-IT\"},{\"@type\":\"Organization\",\"@id\":\"https:\/\/www.sestogrado.it\/it\/#organization\",\"name\":\"Sestogrado\",\"url\":\"https:\/\/www.sestogrado.it\/it\/\",\"logo\":{\"@type\":\"ImageObject\",\"inLanguage\":\"it-IT\",\"@id\":\"https:\/\/www.sestogrado.it\/it\/#\/schema\/logo\/image\/\",\"url\":\"https:\/\/www.sestogrado.it\/wp-content\/uploads\/2015\/03\/sestogrado-favicon.png\",\"contentUrl\":\"https:\/\/www.sestogrado.it\/wp-content\/uploads\/2015\/03\/sestogrado-favicon.png\",\"width\":260,\"height\":260,\"caption\":\"Sestogrado\"},\"image\":{\"@id\":\"https:\/\/www.sestogrado.it\/it\/#\/schema\/logo\/image\/\"},\"sameAs\":[\"https:\/\/www.facebook.com\/pages\/Sestogrado\/1542635979353017?ref=bookmarks\",\"https:\/\/www.youtube.com\/channel\/UC847kAfTkaJsWpc1jtQwr3Q\"],\"hasMerchantReturnPolicy\":{\"@type\":\"MerchantReturnPolicy\",\"merchantReturnLink\":\"https:\/\/www.sestogrado.it\/it\/termini-e-condizioni\/\"}}]}<\/script>\n<meta property=\"product:brand\" content=\"Camp\" \/>\n<meta property=\"og:availability\" content=\"instock\" \/>\n<meta property=\"product:availability\" content=\"instock\" \/>\n<meta property=\"product:condition\" content=\"new\" \/>\n<!-- \/ Yoast SEO plugin. -->","yoast_head_json":{"title":"Camp G Air Down guanti da alpinismo - Sestogrado","description":"Il Camp G Air Down \u00e8 il guanto studiato per le giornate pi\u00f9 fredde, quando le mani hanno bisogno di grande protezione e allo stesso tempo devono poter compiere operazioni che sarebbero impossibili con una moffola imbottita. Il prodotto si distingue per il doppio strato di imbottitura sul dorso, dove oltre all\u2019Hyperloft 240 g\/m2 (strato interno) \u00e8 presente la piuma d\u2019anatra (strato esterno). La piuma, a parit\u00e0 di peso e di volume, \u00e8 il miglior termoisolante disponibile e garantisce al G Air Down prestazioni eccezionali insieme a leggerezza e compattezza. La membrana DRYZONE\u00ae garantisce invece mani asciutte e traspirabilit\u00e0. La sensibilit\u00e0 \u00e8 assicurata dalla costruzione aderente con dita \u201cRound Finger\u201d e dai tessuti particolarmente leggeri, peculiarit\u00e0 della linea Air. Le stampe Grip\u2019R in silicone sul palmo e sulle dita garantiscono una presa saldissima su bastoncini e piccozze, rendendo il prodotto polivalente e ideale per diverse attivit\u00e0.","robots":{"index":"index","follow":"follow","max-snippet":"max-snippet:-1","max-image-preview":"max-image-preview:large","max-video-preview":"max-video-preview:-1"},"canonical":"https:\/\/www.sestogrado.it\/it\/prodotto\/camp-g-air-down-guanti-da-alpinismo\/","og_locale":"it_IT","og_type":"article","og_title":"Camp G Air Down guanti da alpinismo - Sestogrado","og_description":"Il Camp G Air Down \u00e8 il guanto studiato per le giornate pi\u00f9 fredde, quando le mani hanno bisogno di grande protezione e allo stesso tempo devono poter compiere operazioni che sarebbero impossibili con una moffola imbottita. Il prodotto si distingue per il doppio strato di imbottitura sul dorso, dove oltre all\u2019Hyperloft 240 g\/m2 (strato interno) \u00e8 presente la piuma d\u2019anatra (strato esterno). La piuma, a parit\u00e0 di peso e di volume, \u00e8 il miglior termoisolante disponibile e garantisce al G Air Down prestazioni eccezionali insieme a leggerezza e compattezza. La membrana DRYZONE\u00ae garantisce invece mani asciutte e traspirabilit\u00e0. La sensibilit\u00e0 \u00e8 assicurata dalla costruzione aderente con dita \u201cRound Finger\u201d e dai tessuti particolarmente leggeri, peculiarit\u00e0 della linea Air. Le stampe Grip\u2019R in silicone sul palmo e sulle dita garantiscono una presa saldissima su bastoncini e piccozze, rendendo il prodotto polivalente e ideale per diverse attivit\u00e0.","og_url":"https:\/\/www.sestogrado.it\/it\/prodotto\/camp-g-air-down-guanti-da-alpinismo\/","og_site_name":"Sestogrado","article_publisher":"https:\/\/www.facebook.com\/pages\/Sestogrado\/1542635979353017?ref=bookmarks","article_modified_time":"2026-02-04T09:30:40+00:00","og_image":[{"width":1000,"height":1000,"url":"https:\/\/www.sestogrado.it\/wp-content\/uploads\/2025\/10\/01-2.jpg","type":"image\/jpeg"}],"twitter_misc":{"Disponibilit\u00e0":"In stock"},"schema":{"@context":"https:\/\/schema.org","@graph":[{"@type":"WebPage","@id":"https:\/\/www.sestogrado.it\/it\/prodotto\/camp-g-air-down-guanti-da-alpinismo\/","url":"https:\/\/www.sestogrado.it\/it\/prodotto\/camp-g-air-down-guanti-da-alpinismo\/","name":"Camp G Air Down guanti da alpinismo - Sestogrado","isPartOf":{"@id":"https:\/\/www.sestogrado.it\/it\/#website"},"primaryImageOfPage":{"@id":"https:\/\/www.sestogrado.it\/it\/prodotto\/camp-g-air-down-guanti-da-alpinismo\/#primaryimage"},"image":{"@id":"https:\/\/www.sestogrado.it\/prodotto\/camp-g-air-down-guanti-da-alpinismo\/#primaryimage"},"thumbnailUrl":"https:\/\/www.sestogrado.it\/wp-content\/uploads\/2025\/10\/01-2.jpg","datePublished":"2025-10-22T06:45:54+00:00","dateModified":"2026-02-04T09:30:40+00:00","description":"Il Camp G Air Down \u00e8 il guanto studiato per le giornate pi\u00f9 fredde, quando le mani hanno bisogno di grande protezione e allo stesso tempo devono poter compiere operazioni che sarebbero impossibili con una moffola imbottita. Il prodotto si distingue per il doppio strato di imbottitura sul dorso, dove oltre all\u2019Hyperloft 240 g\/m2 (strato interno) \u00e8 presente la piuma d\u2019anatra (strato esterno). La piuma, a parit\u00e0 di peso e di volume, \u00e8 il miglior termoisolante disponibile e garantisce al G Air Down prestazioni eccezionali insieme a leggerezza e compattezza. La membrana DRYZONE\u00ae garantisce invece mani asciutte e traspirabilit\u00e0. La sensibilit\u00e0 \u00e8 assicurata dalla costruzione aderente con dita \u201cRound Finger\u201d e dai tessuti particolarmente leggeri, peculiarit\u00e0 della linea Air. Le stampe Grip\u2019R in silicone sul palmo e sulle dita garantiscono una presa saldissima su bastoncini e piccozze, rendendo il prodotto polivalente e ideale per diverse attivit\u00e0.","breadcrumb":{"@id":"https:\/\/www.sestogrado.it\/it\/prodotto\/camp-g-air-down-guanti-da-alpinismo\/#breadcrumb"},"inLanguage":"it-IT","potentialAction":[{"@type":"ReadAction","target":[["https:\/\/www.sestogrado.it\/it\/prodotto\/camp-g-air-down-guanti-da-alpinismo\/"]]}]},{"@type":"ImageObject","inLanguage":"it-IT","@id":"https:\/\/www.sestogrado.it\/it\/prodotto\/camp-g-air-down-guanti-da-alpinismo\/#primaryimage","url":"https:\/\/www.sestogrado.it\/wp-content\/uploads\/2025\/10\/01-2.jpg","contentUrl":"https:\/\/www.sestogrado.it\/wp-content\/uploads\/2025\/10\/01-2.jpg","width":1000,"height":1000,"caption":"g air down"},{"@type":"BreadcrumbList","@id":"https:\/\/www.sestogrado.it\/it\/prodotto\/camp-g-air-down-guanti-da-alpinismo\/#breadcrumb","itemListElement":[{"@type":"ListItem","position":1,"name":"Home","item":"https:\/\/www.sestogrado.it\/it\/"},{"@type":"ListItem","position":2,"name":"Shop","item":"https:\/\/www.sestogrado.it\/it\/shop\/"},{"@type":"ListItem","position":3,"name":"Camp G Air Down guanti da alpinismo"}]},{"@type":"WebSite","@id":"https:\/\/www.sestogrado.it\/it\/#website","url":"https:\/\/www.sestogrado.it\/it\/","name":"Sestogrado","description":"yes we climb","publisher":{"@id":"https:\/\/www.sestogrado.it\/it\/#organization"},"potentialAction":[{"@type":"SearchAction","target":{"@type":"EntryPoint","urlTemplate":"https:\/\/www.sestogrado.it\/it\/?s={search_term_string}"},"query-input":{"@type":"PropertyValueSpecification","valueRequired":true,"valueName":"search_term_string"}}],"inLanguage":"it-IT"},{"@type":"Organization","@id":"https:\/\/www.sestogrado.it\/it\/#organization","name":"Sestogrado","url":"https:\/\/www.sestogrado.it\/it\/","logo":{"@type":"ImageObject","inLanguage":"it-IT","@id":"https:\/\/www.sestogrado.it\/it\/#\/schema\/logo\/image\/","url":"https:\/\/www.sestogrado.it\/wp-content\/uploads\/2015\/03\/sestogrado-favicon.png","contentUrl":"https:\/\/www.sestogrado.it\/wp-content\/uploads\/2015\/03\/sestogrado-favicon.png","width":260,"height":260,"caption":"Sestogrado"},"image":{"@id":"https:\/\/www.sestogrado.it\/it\/#\/schema\/logo\/image\/"},"sameAs":["https:\/\/www.facebook.com\/pages\/Sestogrado\/1542635979353017?ref=bookmarks","https:\/\/www.youtube.com\/channel\/UC847kAfTkaJsWpc1jtQwr3Q"],"hasMerchantReturnPolicy":{"@type":"MerchantReturnPolicy","merchantReturnLink":"https:\/\/www.sestogrado.it\/it\/termini-e-condizioni\/"}}]},"product_brand":"Camp","og_availability":"instock","product_availability":"instock","product_condition":"new"},"_links":{"self":[{"href":"https:\/\/www.sestogrado.it\/it\/wp-json\/wp\/v2\/product\/201720","targetHints":{"allow":["GET"]}}],"collection":[{"href":"https:\/\/www.sestogrado.it\/it\/wp-json\/wp\/v2\/product"}],"about":[{"href":"https:\/\/www.sestogrado.it\/it\/wp-json\/wp\/v2\/types\/product"}],"replies":[{"embeddable":true,"href":"https:\/\/www.sestogrado.it\/it\/wp-json\/wp\/v2\/comments?post=201720"}],"wp:featuredmedia":[{"embeddable":true,"href":"https:\/\/www.sestogrado.it\/it\/wp-json\/wp\/v2\/media\/201728"}],"wp:attachment":[{"href":"https:\/\/www.sestogrado.it\/it\/wp-json\/wp\/v2\/media?parent=201720"}],"wp:term":[{"taxonomy":"product_brand","embeddable":true,"href":"https:\/\/www.sestogrado.it\/it\/wp-json\/wp\/v2\/product_brand?post=201720"},{"taxonomy":"product_cat","embeddable":true,"href":"https:\/\/www.sestogrado.it\/it\/wp-json\/wp\/v2\/product_cat?post=201720"},{"taxonomy":"product_tag","embeddable":true,"href":"https:\/\/www.sestogrado.it\/it\/wp-json\/wp\/v2\/product_tag?post=201720"}],"curies":[{"name":"wp","href":"https:\/\/api.w.org\/{rel}","templated":true}]}}