{"id":201708,"date":"2025-10-15T15:49:17","date_gmt":"2025-10-15T13:49:17","guid":{"rendered":"https:\/\/www.sestogrado.it\/?post_type=product&#038;p=201708"},"modified":"2025-10-15T15:52:44","modified_gmt":"2025-10-15T13:52:44","slug":"g-pure-guanti-isolanti-antivento","status":"publish","type":"product","link":"https:\/\/www.sestogrado.it\/it\/prodotto\/g-pure-guanti-isolanti-antivento\/","title":{"rendered":"G Pure guanti isolanti antivento"},"content":{"rendered":"<p>Il Camp G Pure \u00e8 un guanto essenziale, uniforme, sobrio e compatto. Essenzialit\u00e0 che si vede a colpo d\u2019occhio e che si sente quando lo si indossa: il G Pure \u00e8 un guanto diverso, puro in ogni dettaglio. Cominciamo dall\u2019aspetto: colore nero, uniforme, e sobriet\u00e0 nelle marcature. E poi l\u2019assenza di cuciture sul dorso, che contribuisce all\u2019estetica ma anche alla vestibilit\u00e0. Cos\u00ec come il polso: elastico e privo di strap per adattarsi perfettamente all\u2019utilizzatore. Il G Pure \u00e8 quindi molto aderente, studiato per diventare un tutt\u2019uno con la mano. Tutto questo senza trascurare l\u2019impermeabilit\u00e0, assicurata dalla membrana DRYZONE\u00ae, e un\u2019ottima resa termica, garantita dall\u2019imbottitura in Hyperloft 100 g\/m2 sul dorso. Il palmo in pelle di pecora con rinforzi in pelle di capra nei punti di maggiore usura \u00e8 sinonimo di resistenza e durata, facendo del G Pure un prodotto estremamente versatile, ideale per tutte le attivit\u00e0 in montagna: un guanto \u201ccompleto\u201d, a 360 gradi, che realizza la nostra filosofia della leggerezza e dell\u2019essenzialit\u00e0 per assicurare alle vostre mani un comfort senza precedenti.<\/p>\n<ul>\n<li>Purezza e semplicit\u00e0 nella costruzione e nell\u2019estetica<\/li>\n<li>Palmo con tecnologia &#8220;No Slip&#8221; (antiscivolo) per garantire la miglior presa sugli attrezzi<\/li>\n<li>Membrana DRYZONE\u00ae impermeabile e traspirante<\/li>\n<li>Dorso con imbottitura in Hyperloft 100 g\/m2<\/li>\n<li>Palmo in pelle di pecora con rinforzi in pelle di capra<\/li>\n<li>Dita con costruzione \u201cRoll Finger\u201d, con fourchette\u00a0che avvolge la punta delle\u00a0dita per aumentare la flessibilit\u00e0 e la vestibilit\u00e0, consentendo quindi la massima libert\u00e0 di movimento<\/li>\n<li>Pollice e indice touch screen<\/li>\n<li>Polso con lacciolo\u00a0elastico per evitare di perdere il guanto quando non indossato<\/li>\n<li>Fibbie per accoppiare\u00a0i guanti<\/li>\n<\/ul>\n<p>Come scegliere la taglia:<\/p>\n<p><img decoding=\"async\" class=\"size-full wp-image-23609 img-fluid alignnone\" src=\"https:\/\/www.sestogrado.it\/wp-content\/uploads\/2019\/10\/mano.png\" alt=\"mano\" width=\"300\" height=\"300\" srcset=\"https:\/\/www.sestogrado.it\/wp-content\/uploads\/2019\/10\/mano.png 300w, https:\/\/www.sestogrado.it\/wp-content\/uploads\/2019\/10\/mano-100x100.png 100w, https:\/\/www.sestogrado.it\/wp-content\/uploads\/2019\/10\/mano-220x220.png 220w, https:\/\/www.sestogrado.it\/wp-content\/uploads\/2019\/10\/mano-150x150.png 150w, https:\/\/www.sestogrado.it\/wp-content\/uploads\/2019\/10\/mano-45x45.png 45w, https:\/\/www.sestogrado.it\/wp-content\/uploads\/2019\/10\/mano-64x64.png 64w, https:\/\/www.sestogrado.it\/wp-content\/uploads\/2019\/10\/mano-80x80.png 80w\" sizes=\"(max-width: 300px) 100vw, 300px\" \/><\/p>\n<p>&nbsp;<\/p>\n<p>XS 12.7cm<\/p>\n<p>S 15.24cm<\/p>\n<p>M 17.78cm<\/p>\n<p>L 20.32cm<\/p>\n<p>XL 22.86cm<\/p>\n<p>XXL 25.40cm<\/p>\n<p>XXXL 27.94cm<\/p>\n<p>&nbsp;<\/p>\n<p>&nbsp;<\/p>\n<p>Passione, lavoro e semplicit\u00e0 sono alcune delle parole chiave che da sempre hanno contraddistinto il modo di essere di C.A.M.P. Fondata nel 1889 a Premana, paese dell\u2019alta Valsassina dove tutt\u2019oggi ha la sua sede, C.A.M.P. realizza prodotti che aiutano a realizzare i sogni ed i progetti di tutti coloro che frequentano la montagna.<\/p>","protected":false},"excerpt":{"rendered":"<p>Il Camp G Pure \u00e8 un guanto essenziale, uniforme, sobrio e compatto. Essenzialit\u00e0 che si vede a colpo d\u2019occhio e [&hellip;]<\/p>\n","protected":false},"featured_media":201716,"comment_status":"open","ping_status":"closed","template":"","meta":{"_acf_changed":false},"product_brand":[31],"product_cat":[1427],"product_tag":[],"class_list":{"0":"post-201708","1":"product","2":"type-product","3":"status-publish","4":"has-post-thumbnail","6":"product_brand-camp","7":"product_cat-outdoor","9":"first","10":"instock","11":"sale","12":"taxable","13":"shipping-taxable","14":"purchasable","15":"product-type-variable"},"acf":[],"yoast_head":"<!-- This site is optimized with the Yoast SEO plugin v26.4 - https:\/\/yoast.com\/wordpress\/plugins\/seo\/ -->\n<title>G Pure guanti isolanti antivento - Sestogrado<\/title>\n<meta name=\"description\" content=\"Il Camp G Pure \u00e8 un guanto essenziale, uniforme, sobrio e compatto. Essenzialit\u00e0 che si vede a colpo d\u2019occhio e che si sente quando lo si indossa: il G Pure \u00e8 un guanto diverso, puro in ogni dettaglio. Cominciamo dall\u2019aspetto: colore nero, uniforme, e sobriet\u00e0 nelle marcature. E poi l\u2019assenza di cuciture sul dorso, che contribuisce all\u2019estetica ma anche alla vestibilit\u00e0. Cos\u00ec come il polso: elastico e privo di strap per adattarsi perfettamente all\u2019utilizzatore. Il G Pure \u00e8 quindi molto aderente, studiato per diventare un tutt\u2019uno con la mano. Tutto questo senza trascurare l\u2019impermeabilit\u00e0, assicurata dalla membrana DRYZONE\u00ae, e un\u2019ottima resa termica, garantita dall\u2019imbottitura in Hyperloft 100 g\/m2 sul dorso. Il palmo in pelle di pecora con rinforzi in pelle di capra nei punti di maggiore usura \u00e8 sinonimo di resistenza e durata, facendo del G Pure un prodotto estremamente versatile, ideale per tutte le attivit\u00e0 in montagna: un guanto \u201ccompleto\u201d, a 360 gradi, che realizza la nostra filosofia della leggerezza e dell\u2019essenzialit\u00e0 per assicurare alle vostre mani un comfort senza precedenti.\" \/>\n<meta name=\"robots\" content=\"index, follow, max-snippet:-1, max-image-preview:large, max-video-preview:-1\" \/>\n<link rel=\"canonical\" href=\"https:\/\/www.sestogrado.it\/it\/prodotto\/g-pure-guanti-isolanti-antivento\/\" \/>\n<meta property=\"og:locale\" content=\"it_IT\" \/>\n<meta property=\"og:type\" content=\"article\" \/>\n<meta property=\"og:title\" content=\"G Pure guanti isolanti antivento - Sestogrado\" \/>\n<meta property=\"og:description\" content=\"Il Camp G Pure \u00e8 un guanto essenziale, uniforme, sobrio e compatto. Essenzialit\u00e0 che si vede a colpo d\u2019occhio e che si sente quando lo si indossa: il G Pure \u00e8 un guanto diverso, puro in ogni dettaglio. Cominciamo dall\u2019aspetto: colore nero, uniforme, e sobriet\u00e0 nelle marcature. E poi l\u2019assenza di cuciture sul dorso, che contribuisce all\u2019estetica ma anche alla vestibilit\u00e0. Cos\u00ec come il polso: elastico e privo di strap per adattarsi perfettamente all\u2019utilizzatore. Il G Pure \u00e8 quindi molto aderente, studiato per diventare un tutt\u2019uno con la mano. Tutto questo senza trascurare l\u2019impermeabilit\u00e0, assicurata dalla membrana DRYZONE\u00ae, e un\u2019ottima resa termica, garantita dall\u2019imbottitura in Hyperloft 100 g\/m2 sul dorso. Il palmo in pelle di pecora con rinforzi in pelle di capra nei punti di maggiore usura \u00e8 sinonimo di resistenza e durata, facendo del G Pure un prodotto estremamente versatile, ideale per tutte le attivit\u00e0 in montagna: un guanto \u201ccompleto\u201d, a 360 gradi, che realizza la nostra filosofia della leggerezza e dell\u2019essenzialit\u00e0 per assicurare alle vostre mani un comfort senza precedenti.\" \/>\n<meta property=\"og:url\" content=\"https:\/\/www.sestogrado.it\/it\/prodotto\/g-pure-guanti-isolanti-antivento\/\" \/>\n<meta property=\"og:site_name\" content=\"Sestogrado\" \/>\n<meta property=\"article:publisher\" content=\"https:\/\/www.facebook.com\/pages\/Sestogrado\/1542635979353017?ref=bookmarks\" \/>\n<meta property=\"article:modified_time\" content=\"2025-10-15T13:52:44+00:00\" \/>\n<meta property=\"og:image\" content=\"https:\/\/www.sestogrado.it\/wp-content\/uploads\/2025\/10\/01-1.jpg\" \/>\n\t<meta property=\"og:image:width\" content=\"1000\" \/>\n\t<meta property=\"og:image:height\" content=\"1000\" \/>\n\t<meta property=\"og:image:type\" content=\"image\/jpeg\" \/>\n<meta name=\"twitter:label1\" content=\"Disponibilit\u00e0\" \/>\n\t<meta name=\"twitter:data1\" content=\"In stock\" \/>\n<script type=\"application\/ld+json\" class=\"yoast-schema-graph\">{\"@context\":\"https:\/\/schema.org\",\"@graph\":[{\"@type\":\"WebPage\",\"@id\":\"https:\/\/www.sestogrado.it\/it\/prodotto\/g-pure-guanti-isolanti-antivento\/\",\"url\":\"https:\/\/www.sestogrado.it\/it\/prodotto\/g-pure-guanti-isolanti-antivento\/\",\"name\":\"G Pure guanti isolanti antivento - Sestogrado\",\"isPartOf\":{\"@id\":\"https:\/\/www.sestogrado.it\/it\/#website\"},\"primaryImageOfPage\":{\"@id\":\"https:\/\/www.sestogrado.it\/it\/prodotto\/g-pure-guanti-isolanti-antivento\/#primaryimage\"},\"image\":{\"@id\":\"https:\/\/www.sestogrado.it\/prodotto\/g-pure-guanti-isolanti-antivento\/#primaryimage\"},\"thumbnailUrl\":\"https:\/\/www.sestogrado.it\/wp-content\/uploads\/2025\/10\/01-1.jpg\",\"datePublished\":\"2025-10-15T13:49:17+00:00\",\"dateModified\":\"2025-10-15T13:52:44+00:00\",\"description\":\"Il Camp G Pure \u00e8 un guanto essenziale, uniforme, sobrio e compatto. Essenzialit\u00e0 che si vede a colpo d\u2019occhio e che si sente quando lo si indossa: il G Pure \u00e8 un guanto diverso, puro in ogni dettaglio. Cominciamo dall\u2019aspetto: colore nero, uniforme, e sobriet\u00e0 nelle marcature. E poi l\u2019assenza di cuciture sul dorso, che contribuisce all\u2019estetica ma anche alla vestibilit\u00e0. Cos\u00ec come il polso: elastico e privo di strap per adattarsi perfettamente all\u2019utilizzatore. Il G Pure \u00e8 quindi molto aderente, studiato per diventare un tutt\u2019uno con la mano. Tutto questo senza trascurare l\u2019impermeabilit\u00e0, assicurata dalla membrana DRYZONE\u00ae, e un\u2019ottima resa termica, garantita dall\u2019imbottitura in Hyperloft 100 g\/m2 sul dorso. Il palmo in pelle di pecora con rinforzi in pelle di capra nei punti di maggiore usura \u00e8 sinonimo di resistenza e durata, facendo del G Pure un prodotto estremamente versatile, ideale per tutte le attivit\u00e0 in montagna: un guanto \u201ccompleto\u201d, a 360 gradi, che realizza la nostra filosofia della leggerezza e dell\u2019essenzialit\u00e0 per assicurare alle vostre mani un comfort senza precedenti.\",\"breadcrumb\":{\"@id\":\"https:\/\/www.sestogrado.it\/it\/prodotto\/g-pure-guanti-isolanti-antivento\/#breadcrumb\"},\"inLanguage\":\"it-IT\",\"potentialAction\":[{\"@type\":\"ReadAction\",\"target\":[[\"https:\/\/www.sestogrado.it\/it\/prodotto\/g-pure-guanti-isolanti-antivento\/\"]]}]},{\"@type\":\"ImageObject\",\"inLanguage\":\"it-IT\",\"@id\":\"https:\/\/www.sestogrado.it\/it\/prodotto\/g-pure-guanti-isolanti-antivento\/#primaryimage\",\"url\":\"https:\/\/www.sestogrado.it\/wp-content\/uploads\/2025\/10\/01-1.jpg\",\"contentUrl\":\"https:\/\/www.sestogrado.it\/wp-content\/uploads\/2025\/10\/01-1.jpg\",\"width\":1000,\"height\":1000,\"caption\":\"camp g pure\"},{\"@type\":\"BreadcrumbList\",\"@id\":\"https:\/\/www.sestogrado.it\/it\/prodotto\/g-pure-guanti-isolanti-antivento\/#breadcrumb\",\"itemListElement\":[{\"@type\":\"ListItem\",\"position\":1,\"name\":\"Home\",\"item\":\"https:\/\/www.sestogrado.it\/it\/\"},{\"@type\":\"ListItem\",\"position\":2,\"name\":\"Shop\",\"item\":\"https:\/\/www.sestogrado.it\/it\/shop\/\"},{\"@type\":\"ListItem\",\"position\":3,\"name\":\"G Pure guanti isolanti antivento\"}]},{\"@type\":\"WebSite\",\"@id\":\"https:\/\/www.sestogrado.it\/it\/#website\",\"url\":\"https:\/\/www.sestogrado.it\/it\/\",\"name\":\"Sestogrado\",\"description\":\"yes we climb\",\"publisher\":{\"@id\":\"https:\/\/www.sestogrado.it\/it\/#organization\"},\"potentialAction\":[{\"@type\":\"SearchAction\",\"target\":{\"@type\":\"EntryPoint\",\"urlTemplate\":\"https:\/\/www.sestogrado.it\/it\/?s={search_term_string}\"},\"query-input\":{\"@type\":\"PropertyValueSpecification\",\"valueRequired\":true,\"valueName\":\"search_term_string\"}}],\"inLanguage\":\"it-IT\"},{\"@type\":\"Organization\",\"@id\":\"https:\/\/www.sestogrado.it\/it\/#organization\",\"name\":\"Sestogrado\",\"url\":\"https:\/\/www.sestogrado.it\/it\/\",\"logo\":{\"@type\":\"ImageObject\",\"inLanguage\":\"it-IT\",\"@id\":\"https:\/\/www.sestogrado.it\/it\/#\/schema\/logo\/image\/\",\"url\":\"https:\/\/www.sestogrado.it\/wp-content\/uploads\/2015\/03\/sestogrado-favicon.png\",\"contentUrl\":\"https:\/\/www.sestogrado.it\/wp-content\/uploads\/2015\/03\/sestogrado-favicon.png\",\"width\":260,\"height\":260,\"caption\":\"Sestogrado\"},\"image\":{\"@id\":\"https:\/\/www.sestogrado.it\/it\/#\/schema\/logo\/image\/\"},\"sameAs\":[\"https:\/\/www.facebook.com\/pages\/Sestogrado\/1542635979353017?ref=bookmarks\",\"https:\/\/www.youtube.com\/channel\/UC847kAfTkaJsWpc1jtQwr3Q\"],\"hasMerchantReturnPolicy\":{\"@type\":\"MerchantReturnPolicy\",\"merchantReturnLink\":\"https:\/\/www.sestogrado.it\/it\/termini-e-condizioni\/\"}}]}<\/script>\n<meta property=\"product:brand\" content=\"Camp\" \/>\n<meta property=\"og:availability\" content=\"instock\" \/>\n<meta property=\"product:availability\" content=\"instock\" \/>\n<meta property=\"product:condition\" content=\"new\" \/>\n<!-- \/ Yoast SEO plugin. -->","yoast_head_json":{"title":"G Pure guanti isolanti antivento - Sestogrado","description":"Il Camp G Pure \u00e8 un guanto essenziale, uniforme, sobrio e compatto. Essenzialit\u00e0 che si vede a colpo d\u2019occhio e che si sente quando lo si indossa: il G Pure \u00e8 un guanto diverso, puro in ogni dettaglio. Cominciamo dall\u2019aspetto: colore nero, uniforme, e sobriet\u00e0 nelle marcature. E poi l\u2019assenza di cuciture sul dorso, che contribuisce all\u2019estetica ma anche alla vestibilit\u00e0. Cos\u00ec come il polso: elastico e privo di strap per adattarsi perfettamente all\u2019utilizzatore. Il G Pure \u00e8 quindi molto aderente, studiato per diventare un tutt\u2019uno con la mano. Tutto questo senza trascurare l\u2019impermeabilit\u00e0, assicurata dalla membrana DRYZONE\u00ae, e un\u2019ottima resa termica, garantita dall\u2019imbottitura in Hyperloft 100 g\/m2 sul dorso. Il palmo in pelle di pecora con rinforzi in pelle di capra nei punti di maggiore usura \u00e8 sinonimo di resistenza e durata, facendo del G Pure un prodotto estremamente versatile, ideale per tutte le attivit\u00e0 in montagna: un guanto \u201ccompleto\u201d, a 360 gradi, che realizza la nostra filosofia della leggerezza e dell\u2019essenzialit\u00e0 per assicurare alle vostre mani un comfort senza precedenti.","robots":{"index":"index","follow":"follow","max-snippet":"max-snippet:-1","max-image-preview":"max-image-preview:large","max-video-preview":"max-video-preview:-1"},"canonical":"https:\/\/www.sestogrado.it\/it\/prodotto\/g-pure-guanti-isolanti-antivento\/","og_locale":"it_IT","og_type":"article","og_title":"G Pure guanti isolanti antivento - Sestogrado","og_description":"Il Camp G Pure \u00e8 un guanto essenziale, uniforme, sobrio e compatto. Essenzialit\u00e0 che si vede a colpo d\u2019occhio e che si sente quando lo si indossa: il G Pure \u00e8 un guanto diverso, puro in ogni dettaglio. Cominciamo dall\u2019aspetto: colore nero, uniforme, e sobriet\u00e0 nelle marcature. E poi l\u2019assenza di cuciture sul dorso, che contribuisce all\u2019estetica ma anche alla vestibilit\u00e0. Cos\u00ec come il polso: elastico e privo di strap per adattarsi perfettamente all\u2019utilizzatore. Il G Pure \u00e8 quindi molto aderente, studiato per diventare un tutt\u2019uno con la mano. Tutto questo senza trascurare l\u2019impermeabilit\u00e0, assicurata dalla membrana DRYZONE\u00ae, e un\u2019ottima resa termica, garantita dall\u2019imbottitura in Hyperloft 100 g\/m2 sul dorso. Il palmo in pelle di pecora con rinforzi in pelle di capra nei punti di maggiore usura \u00e8 sinonimo di resistenza e durata, facendo del G Pure un prodotto estremamente versatile, ideale per tutte le attivit\u00e0 in montagna: un guanto \u201ccompleto\u201d, a 360 gradi, che realizza la nostra filosofia della leggerezza e dell\u2019essenzialit\u00e0 per assicurare alle vostre mani un comfort senza precedenti.","og_url":"https:\/\/www.sestogrado.it\/it\/prodotto\/g-pure-guanti-isolanti-antivento\/","og_site_name":"Sestogrado","article_publisher":"https:\/\/www.facebook.com\/pages\/Sestogrado\/1542635979353017?ref=bookmarks","article_modified_time":"2025-10-15T13:52:44+00:00","og_image":[{"width":1000,"height":1000,"url":"https:\/\/www.sestogrado.it\/wp-content\/uploads\/2025\/10\/01-1.jpg","type":"image\/jpeg"}],"twitter_misc":{"Disponibilit\u00e0":"In stock"},"schema":{"@context":"https:\/\/schema.org","@graph":[{"@type":"WebPage","@id":"https:\/\/www.sestogrado.it\/it\/prodotto\/g-pure-guanti-isolanti-antivento\/","url":"https:\/\/www.sestogrado.it\/it\/prodotto\/g-pure-guanti-isolanti-antivento\/","name":"G Pure guanti isolanti antivento - Sestogrado","isPartOf":{"@id":"https:\/\/www.sestogrado.it\/it\/#website"},"primaryImageOfPage":{"@id":"https:\/\/www.sestogrado.it\/it\/prodotto\/g-pure-guanti-isolanti-antivento\/#primaryimage"},"image":{"@id":"https:\/\/www.sestogrado.it\/prodotto\/g-pure-guanti-isolanti-antivento\/#primaryimage"},"thumbnailUrl":"https:\/\/www.sestogrado.it\/wp-content\/uploads\/2025\/10\/01-1.jpg","datePublished":"2025-10-15T13:49:17+00:00","dateModified":"2025-10-15T13:52:44+00:00","description":"Il Camp G Pure \u00e8 un guanto essenziale, uniforme, sobrio e compatto. Essenzialit\u00e0 che si vede a colpo d\u2019occhio e che si sente quando lo si indossa: il G Pure \u00e8 un guanto diverso, puro in ogni dettaglio. Cominciamo dall\u2019aspetto: colore nero, uniforme, e sobriet\u00e0 nelle marcature. E poi l\u2019assenza di cuciture sul dorso, che contribuisce all\u2019estetica ma anche alla vestibilit\u00e0. Cos\u00ec come il polso: elastico e privo di strap per adattarsi perfettamente all\u2019utilizzatore. Il G Pure \u00e8 quindi molto aderente, studiato per diventare un tutt\u2019uno con la mano. Tutto questo senza trascurare l\u2019impermeabilit\u00e0, assicurata dalla membrana DRYZONE\u00ae, e un\u2019ottima resa termica, garantita dall\u2019imbottitura in Hyperloft 100 g\/m2 sul dorso. Il palmo in pelle di pecora con rinforzi in pelle di capra nei punti di maggiore usura \u00e8 sinonimo di resistenza e durata, facendo del G Pure un prodotto estremamente versatile, ideale per tutte le attivit\u00e0 in montagna: un guanto \u201ccompleto\u201d, a 360 gradi, che realizza la nostra filosofia della leggerezza e dell\u2019essenzialit\u00e0 per assicurare alle vostre mani un comfort senza precedenti.","breadcrumb":{"@id":"https:\/\/www.sestogrado.it\/it\/prodotto\/g-pure-guanti-isolanti-antivento\/#breadcrumb"},"inLanguage":"it-IT","potentialAction":[{"@type":"ReadAction","target":[["https:\/\/www.sestogrado.it\/it\/prodotto\/g-pure-guanti-isolanti-antivento\/"]]}]},{"@type":"ImageObject","inLanguage":"it-IT","@id":"https:\/\/www.sestogrado.it\/it\/prodotto\/g-pure-guanti-isolanti-antivento\/#primaryimage","url":"https:\/\/www.sestogrado.it\/wp-content\/uploads\/2025\/10\/01-1.jpg","contentUrl":"https:\/\/www.sestogrado.it\/wp-content\/uploads\/2025\/10\/01-1.jpg","width":1000,"height":1000,"caption":"camp g pure"},{"@type":"BreadcrumbList","@id":"https:\/\/www.sestogrado.it\/it\/prodotto\/g-pure-guanti-isolanti-antivento\/#breadcrumb","itemListElement":[{"@type":"ListItem","position":1,"name":"Home","item":"https:\/\/www.sestogrado.it\/it\/"},{"@type":"ListItem","position":2,"name":"Shop","item":"https:\/\/www.sestogrado.it\/it\/shop\/"},{"@type":"ListItem","position":3,"name":"G Pure guanti isolanti antivento"}]},{"@type":"WebSite","@id":"https:\/\/www.sestogrado.it\/it\/#website","url":"https:\/\/www.sestogrado.it\/it\/","name":"Sestogrado","description":"yes we climb","publisher":{"@id":"https:\/\/www.sestogrado.it\/it\/#organization"},"potentialAction":[{"@type":"SearchAction","target":{"@type":"EntryPoint","urlTemplate":"https:\/\/www.sestogrado.it\/it\/?s={search_term_string}"},"query-input":{"@type":"PropertyValueSpecification","valueRequired":true,"valueName":"search_term_string"}}],"inLanguage":"it-IT"},{"@type":"Organization","@id":"https:\/\/www.sestogrado.it\/it\/#organization","name":"Sestogrado","url":"https:\/\/www.sestogrado.it\/it\/","logo":{"@type":"ImageObject","inLanguage":"it-IT","@id":"https:\/\/www.sestogrado.it\/it\/#\/schema\/logo\/image\/","url":"https:\/\/www.sestogrado.it\/wp-content\/uploads\/2015\/03\/sestogrado-favicon.png","contentUrl":"https:\/\/www.sestogrado.it\/wp-content\/uploads\/2015\/03\/sestogrado-favicon.png","width":260,"height":260,"caption":"Sestogrado"},"image":{"@id":"https:\/\/www.sestogrado.it\/it\/#\/schema\/logo\/image\/"},"sameAs":["https:\/\/www.facebook.com\/pages\/Sestogrado\/1542635979353017?ref=bookmarks","https:\/\/www.youtube.com\/channel\/UC847kAfTkaJsWpc1jtQwr3Q"],"hasMerchantReturnPolicy":{"@type":"MerchantReturnPolicy","merchantReturnLink":"https:\/\/www.sestogrado.it\/it\/termini-e-condizioni\/"}}]},"product_brand":"Camp","og_availability":"instock","product_availability":"instock","product_condition":"new"},"_links":{"self":[{"href":"https:\/\/www.sestogrado.it\/it\/wp-json\/wp\/v2\/product\/201708","targetHints":{"allow":["GET"]}}],"collection":[{"href":"https:\/\/www.sestogrado.it\/it\/wp-json\/wp\/v2\/product"}],"about":[{"href":"https:\/\/www.sestogrado.it\/it\/wp-json\/wp\/v2\/types\/product"}],"replies":[{"embeddable":true,"href":"https:\/\/www.sestogrado.it\/it\/wp-json\/wp\/v2\/comments?post=201708"}],"wp:featuredmedia":[{"embeddable":true,"href":"https:\/\/www.sestogrado.it\/it\/wp-json\/wp\/v2\/media\/201716"}],"wp:attachment":[{"href":"https:\/\/www.sestogrado.it\/it\/wp-json\/wp\/v2\/media?parent=201708"}],"wp:term":[{"taxonomy":"product_brand","embeddable":true,"href":"https:\/\/www.sestogrado.it\/it\/wp-json\/wp\/v2\/product_brand?post=201708"},{"taxonomy":"product_cat","embeddable":true,"href":"https:\/\/www.sestogrado.it\/it\/wp-json\/wp\/v2\/product_cat?post=201708"},{"taxonomy":"product_tag","embeddable":true,"href":"https:\/\/www.sestogrado.it\/it\/wp-json\/wp\/v2\/product_tag?post=201708"}],"curies":[{"name":"wp","href":"https:\/\/api.w.org\/{rel}","templated":true}]}}